{"id":4448,"date":"2024-12-05T12:23:00","date_gmt":"2024-12-05T12:23:00","guid":{"rendered":"https:\/\/dosingpump.shop\/?post_type=product&#038;p=4448"},"modified":"2026-02-27T14:49:31","modified_gmt":"2026-02-27T12:49:31","slug":"lasp4-d-4x6-50cm-2-lev-10cm-1bnc-22-hilos-2","status":"publish","type":"product","link":"https:\/\/dosingpump.shop\/es\/product\/lasp4-d-4x6-50cm-2-lev-10cm-1bnc-22-wires-2\/","title":{"rendered":"LASP4\/D 4X6 50CM 2 LEV. 10CM 1\u00b0=BNC-2\u00b0=2 HILOS"},"content":{"rendered":"<h2><strong>Emec LASP4\/D Lanza de aspiraci\u00f3n 50 cm<\/strong><\/h2>\n<p>La mayor\u00eda de las bombas dosificadoras Emec se suministran con v\u00e1lvula de pie con filtro de aspiraci\u00f3n. Esto funciona bien, pero hay casos en los que una lanza de succi\u00f3n funciona mejor o es m\u00e1s segura, como cuando hay un agitador o con un bid\u00f3n. Una lanza de succi\u00f3n es una lanza de pl\u00e1stico de PVC o PVDF con filtro e interruptor de nivel. Seleccionando la longitud adecuada, la lanza de succi\u00f3n llega al fondo del bid\u00f3n o IBC y la succi\u00f3n de la bomba se conecta a la parte superior. Cuando la bomba es compatible, se puede conectar el interruptor de nivel. \u00c9ste desconecta la bomba cuando el recipiente est\u00e1 vac\u00edo. \u00bfBusca una versi\u00f3n diferente? P\u00f3ngase en contacto con nosotros y solicite un presupuesto. Consulte la pesta\u00f1a de informaci\u00f3n t\u00e9cnica.<\/p>","protected":false},"excerpt":{"rendered":"<p>Emec Lanza de aspiraci\u00f3n para bomba dosificadora 50 cm. Material PVC, junta t\u00f3rica EPDM<\/p>","protected":false},"featured_media":0,"template":"","meta":[],"product_brand":[],"product_cat":[87],"product_tag":[],"class_list":{"0":"post-4448","1":"product","2":"type-product","3":"status-publish","5":"product_cat-aanzuiglans-lasp4","7":"first","8":"instock","9":"taxable","10":"shipping-taxable","11":"purchasable","12":"product-type-simple"},"yoast_head":"<!-- This site is optimized with the Yoast SEO plugin v27.2 - https:\/\/yoast.com\/product\/yoast-seo-wordpress\/ -->\n<title>LASP4\/D 4X6 50CM 2 LEV. 10CM 1\u00b0=BNC-2\u00b0=2 WIRES | Dosing Pump Shop B.V.<\/title>\n<meta name=\"robots\" content=\"index, follow, max-snippet:-1, max-image-preview:large, max-video-preview:-1\" \/>\n<link rel=\"canonical\" href=\"https:\/\/dosingpump.shop\/es\/producto\/lasp4-d-4x6-50cm-2-lev-10cm-1bnc-22-hilos-2\/\" \/>\n<meta property=\"og:locale\" content=\"es_ES\" \/>\n<meta property=\"og:type\" content=\"article\" \/>\n<meta property=\"og:title\" content=\"LASP4\/D 4X6 50CM 2 LEV. 10CM 1\u00b0=BNC-2\u00b0=2 WIRES | Dosing Pump Shop B.V.\" \/>\n<meta property=\"og:description\" content=\"Emec Aanzuiglans voor doseerpomp 50 cm. Materiaal PVC, O-ring EPDM\" \/>\n<meta property=\"og:url\" content=\"https:\/\/dosingpump.shop\/es\/producto\/lasp4-d-4x6-50cm-2-lev-10cm-1bnc-22-hilos-2\/\" \/>\n<meta property=\"og:site_name\" content=\"Dosing Pump Shop B.V.\" \/>\n<meta property=\"article:modified_time\" content=\"2026-02-27T12:49:31+00:00\" \/>\n<meta name=\"twitter:card\" content=\"summary_large_image\" \/>\n<meta name=\"twitter:label1\" content=\"Precio\" \/>\n\t<meta name=\"twitter:data1\" content=\"&euro;151,00\" \/>\n\t<meta name=\"twitter:label2\" content=\"Disponibilidad\" \/>\n\t<meta name=\"twitter:data2\" content=\"Disponible\" \/>\n<script type=\"application\/ld+json\" class=\"yoast-schema-graph\">{\"@context\":\"https:\/\/schema.org\",\"@graph\":[{\"@type\":\"WebPage\",\"@id\":\"https:\/\/dosingpump.shop\/es\/producto\/lasp4-d-4x6-50cm-2-lev-10cm-1bnc-22-hilos-2\/\",\"url\":\"https:\/\/dosingpump.shop\/es\/producto\/lasp4-d-4x6-50cm-2-lev-10cm-1bnc-22-hilos-2\/\",\"name\":\"LASP4\/D 4X6 50CM 2 LEV. 10CM 1\u00b0=BNC-2\u00b0=2 WIRES | Dosing Pump Shop B.V.\",\"isPartOf\":{\"@id\":\"https:\/\/dosingpump.shop\/de\/#website\"},\"datePublished\":\"2024-12-05T12:23:00+00:00\",\"dateModified\":\"2026-02-27T12:49:31+00:00\",\"breadcrumb\":{\"@id\":\"https:\/\/dosingpump.shop\/es\/producto\/lasp4-d-4x6-50cm-2-lev-10cm-1bnc-22-hilos-2\/#breadcrumb\"},\"inLanguage\":\"es\",\"potentialAction\":[{\"@type\":\"ReadAction\",\"target\":[\"https:\/\/dosingpump.shop\/es\/producto\/lasp4-d-4x6-50cm-2-lev-10cm-1bnc-22-hilos-2\/\"]}]},{\"@type\":\"BreadcrumbList\",\"@id\":\"https:\/\/dosingpump.shop\/es\/producto\/lasp4-d-4x6-50cm-2-lev-10cm-1bnc-22-hilos-2\/#breadcrumb\",\"itemListElement\":[{\"@type\":\"ListItem\",\"position\":1,\"name\":\"Home\",\"item\":\"https:\/\/dosingpump.shop\/\"},{\"@type\":\"ListItem\",\"position\":2,\"name\":\"Shop\",\"item\":\"https:\/\/dosingpump.shop\/de\/shop\/\"},{\"@type\":\"ListItem\",\"position\":3,\"name\":\"LASP4\/D 4X6 50CM 2 LEV. 10CM 1\u00b0=BNC-2\u00b0=2 WIRES\"}]},{\"@type\":\"WebSite\",\"@id\":\"https:\/\/dosingpump.shop\/de\/#website\",\"url\":\"https:\/\/dosingpump.shop\/de\/\",\"name\":\"Dosing Pump Shop B.V.\",\"description\":\"\",\"publisher\":{\"@id\":\"https:\/\/dosingpump.shop\/de\/#organization\"},\"potentialAction\":[{\"@type\":\"SearchAction\",\"target\":{\"@type\":\"EntryPoint\",\"urlTemplate\":\"https:\/\/dosingpump.shop\/de\/?s={search_term_string}\"},\"query-input\":{\"@type\":\"PropertyValueSpecification\",\"valueRequired\":true,\"valueName\":\"search_term_string\"}}],\"inLanguage\":\"es\"},{\"@type\":\"Organization\",\"@id\":\"https:\/\/dosingpump.shop\/de\/#organization\",\"name\":\"Dosing Pump Shop B.V.\",\"url\":\"https:\/\/dosingpump.shop\/de\/\",\"logo\":{\"@type\":\"ImageObject\",\"inLanguage\":\"es\",\"@id\":\"https:\/\/dosingpump.shop\/de\/#\/schema\/logo\/image\/\",\"url\":\"https:\/\/dosingpump.shop\/wp-content\/uploads\/2024\/10\/Dosing-Pump-Shop-logo.png\",\"contentUrl\":\"https:\/\/dosingpump.shop\/wp-content\/uploads\/2024\/10\/Dosing-Pump-Shop-logo.png\",\"width\":350,\"height\":45,\"caption\":\"Dosing Pump Shop B.V.\"},\"image\":{\"@id\":\"https:\/\/dosingpump.shop\/de\/#\/schema\/logo\/image\/\"},\"sameAs\":[\"https:\/\/linkedin.com\/company\/dosing-pump-shop\"]}]}<\/script>\n<meta property=\"product:price:amount\" content=\"151.00\" \/>\n<meta property=\"product:price:currency\" content=\"EUR\" \/>\n<meta property=\"og:availability\" content=\"instock\" \/>\n<meta property=\"product:availability\" content=\"instock\" \/>\n<meta property=\"product:retailer_item_id\" content=\"LASP4D050315Y35000\" \/>\n<meta property=\"product:condition\" content=\"new\" \/>\n<!-- \/ Yoast SEO plugin. -->","yoast_head_json":{"title":"LASP4\/D 4X6 50CM 2 LEV. 10CM 1\u00b0=BNC-2\u00b0=2 HILOS | Dosing Pump Shop EG.","robots":{"index":"index","follow":"follow","max-snippet":"max-snippet:-1","max-image-preview":"max-image-preview:large","max-video-preview":"max-video-preview:-1"},"canonical":"https:\/\/dosingpump.shop\/es\/producto\/lasp4-d-4x6-50cm-2-lev-10cm-1bnc-22-hilos-2\/","og_locale":"es_ES","og_type":"article","og_title":"LASP4\/D 4X6 50CM 2 LEV. 10CM 1\u00b0=BNC-2\u00b0=2 WIRES | Dosing Pump Shop B.V.","og_description":"Emec Aanzuiglans voor doseerpomp 50 cm. Materiaal PVC, O-ring EPDM","og_url":"https:\/\/dosingpump.shop\/es\/producto\/lasp4-d-4x6-50cm-2-lev-10cm-1bnc-22-hilos-2\/","og_site_name":"Dosing Pump Shop B.V.","article_modified_time":"2026-02-27T12:49:31+00:00","twitter_card":"summary_large_image","twitter_misc":{"Precio":"&euro;151,00","Disponibilidad":"Disponible"},"schema":{"@context":"https:\/\/schema.org","@graph":[{"@type":"WebPage","@id":"https:\/\/dosingpump.shop\/es\/producto\/lasp4-d-4x6-50cm-2-lev-10cm-1bnc-22-hilos-2\/","url":"https:\/\/dosingpump.shop\/es\/producto\/lasp4-d-4x6-50cm-2-lev-10cm-1bnc-22-hilos-2\/","name":"LASP4\/D 4X6 50CM 2 LEV. 10CM 1\u00b0=BNC-2\u00b0=2 HILOS | Dosing Pump Shop EG.","isPartOf":{"@id":"https:\/\/dosingpump.shop\/de\/#website"},"datePublished":"2024-12-05T12:23:00+00:00","dateModified":"2026-02-27T12:49:31+00:00","breadcrumb":{"@id":"https:\/\/dosingpump.shop\/es\/producto\/lasp4-d-4x6-50cm-2-lev-10cm-1bnc-22-hilos-2\/#breadcrumb"},"inLanguage":"es","potentialAction":[{"@type":"ReadAction","target":["https:\/\/dosingpump.shop\/es\/producto\/lasp4-d-4x6-50cm-2-lev-10cm-1bnc-22-hilos-2\/"]}]},{"@type":"BreadcrumbList","@id":"https:\/\/dosingpump.shop\/es\/producto\/lasp4-d-4x6-50cm-2-lev-10cm-1bnc-22-hilos-2\/#breadcrumb","itemListElement":[{"@type":"ListItem","position":1,"name":"Home","item":"https:\/\/dosingpump.shop\/"},{"@type":"ListItem","position":2,"name":"Shop","item":"https:\/\/dosingpump.shop\/de\/shop\/"},{"@type":"ListItem","position":3,"name":"LASP4\/D 4X6 50CM 2 LEV. 10CM 1\u00b0=BNC-2\u00b0=2 WIRES"}]},{"@type":"WebSite","@id":"https:\/\/dosingpump.shop\/de\/#website","url":"https:\/\/dosingpump.shop\/de\/","name":"Dosing Pump Shop B.V.","description":"","publisher":{"@id":"https:\/\/dosingpump.shop\/de\/#organization"},"potentialAction":[{"@type":"SearchAction","target":{"@type":"EntryPoint","urlTemplate":"https:\/\/dosingpump.shop\/de\/?s={search_term_string}"},"query-input":{"@type":"PropertyValueSpecification","valueRequired":true,"valueName":"search_term_string"}}],"inLanguage":"es"},{"@type":"Organization","@id":"https:\/\/dosingpump.shop\/de\/#organization","name":"Dosing Pump Shop B.V.","url":"https:\/\/dosingpump.shop\/de\/","logo":{"@type":"ImageObject","inLanguage":"es","@id":"https:\/\/dosingpump.shop\/de\/#\/schema\/logo\/image\/","url":"https:\/\/dosingpump.shop\/wp-content\/uploads\/2024\/10\/Dosing-Pump-Shop-logo.png","contentUrl":"https:\/\/dosingpump.shop\/wp-content\/uploads\/2024\/10\/Dosing-Pump-Shop-logo.png","width":350,"height":45,"caption":"Dosing Pump Shop B.V."},"image":{"@id":"https:\/\/dosingpump.shop\/de\/#\/schema\/logo\/image\/"},"sameAs":["https:\/\/linkedin.com\/company\/dosing-pump-shop"]}]},"product_price_amount":"151.00","product_price_currency":"EUR","og_availability":"instock","product_availability":"instock","product_retailer_item_id":"LASP4D050315Y35000","product_condition":"new"},"_links":{"self":[{"href":"https:\/\/dosingpump.shop\/es\/wp-json\/wp\/v2\/product\/4448","targetHints":{"allow":["GET"]}}],"collection":[{"href":"https:\/\/dosingpump.shop\/es\/wp-json\/wp\/v2\/product"}],"about":[{"href":"https:\/\/dosingpump.shop\/es\/wp-json\/wp\/v2\/types\/product"}],"wp:attachment":[{"href":"https:\/\/dosingpump.shop\/es\/wp-json\/wp\/v2\/media?parent=4448"}],"wp:term":[{"taxonomy":"product_brand","embeddable":true,"href":"https:\/\/dosingpump.shop\/es\/wp-json\/wp\/v2\/product_brand?post=4448"},{"taxonomy":"product_cat","embeddable":true,"href":"https:\/\/dosingpump.shop\/es\/wp-json\/wp\/v2\/product_cat?post=4448"},{"taxonomy":"product_tag","embeddable":true,"href":"https:\/\/dosingpump.shop\/es\/wp-json\/wp\/v2\/product_tag?post=4448"}],"curies":[{"name":"wp","href":"https:\/\/api.w.org\/{rel}","templated":true}]}}