{"id":4867,"date":"2024-12-05T12:23:53","date_gmt":"2024-12-05T12:23:53","guid":{"rendered":"https:\/\/dosingpump.shop\/product\/doseerpomp-voor-zilvernitraat-maanbijtende-stof\/"},"modified":"2026-02-27T14:49:50","modified_gmt":"2026-02-27T12:49:50","slug":"bomba-dosificadora-de-nitrato-de-plata-caustica-lunar","status":"publish","type":"product","link":"https:\/\/dosingpump.shop\/es\/product\/doseerpomp-voor-zilvernitraat-maanbijtende-stof\/","title":{"rendered":"Bomba dosificadora de nitrato de plata (sosa c\u00e1ustica lunar)"},"content":{"rendered":"<h2>Bomba dosificadora de nitrato de plata (sosa c\u00e1ustica lunar)<\/h2>\n<p>Esta bomba dosificadora Emec de alta calidad es adecuada para dosificar Nitrato de Plata (c\u00e1ustico lunar). Hemos seleccionado esta bomba por la buena resistencia de los materiales utilizados para este producto. Esto garantiza una <b>larga vida<\/b> y un entorno de trabajo seguro.<\/p>\n<p>La bomba dosificadora KCL plus 08-08 tiene un <b>volumen de carrera ajustable y frecuencia de carrera ajustable<\/b>. Esta bomba qu\u00edmica es as\u00ed <b>ajuste muy preciso<\/b>.<\/p>\n<p>La bomba viene muy completa. As\u00ed, se incluye un filtro de aspiraci\u00f3n y una v\u00e1lvula de inyecci\u00f3n.<\/p>\n<p>La KCL plus 08-08 puede dosificar hasta 8 litros por hora a una presi\u00f3n de 8 bares. La bomba se ajusta manualmente y puede controlarse opcionalmente a trav\u00e9s de la tensi\u00f3n de alimentaci\u00f3n de 230 V. Naturalmente, tambi\u00e9n hay disponibles otros modelos de bombas dosificadoras.<\/p>\n<h3>Otras versiones Bomba dosificadora para nitrato de plata (c\u00e1ustico lunar)<\/h3>\n<p>Esta bomba dosificadora est\u00e1 disponible en varias versiones. Por ejemplo, es posible suministrar una versi\u00f3n MF que puede controlarse mediante 4-20 mA, impulsos o 0-10 V. Un mayor caudal tampoco es problema. Es posible suministrar una bomba que puede controlar hasta <b>1.000 litros por hora<\/b> puede dosificar. En cuanto a la presi\u00f3n o la tensi\u00f3n de alimentaci\u00f3n, tambi\u00e9n hay m\u00e1s opciones, por supuesto.<\/p>\n<h3>\u00bfQu\u00e9 materiales recomendamos para dosificar el nitrato de plata (c\u00e1ustico lunar)?<\/h3>\n<p>En Dosing Pump Shop, disponemos de una amplia gama de piezas de bombas dosificadoras en diversos materiales, por lo que podemos personalizar cualquier bomba dosificadora a la resistencia adecuada. Para dosificar Aceetaldeh\u00eddo, recomendamos las siguientes piezas y materiales:<\/p>\n<p><b>Altura de bombeo<\/b><\/p>\n<ul>\n<li>PVDF<\/li>\n<li>PP<\/li>\n<li>Acero inoxidable (SS 316)<\/li>\n<li>PMMA<\/li>\n<\/ul>\n<p><b>Junta t\u00f3rica<\/b><\/p>\n<ul>\n<li>FPM (Viton)<\/li>\n<li>EPDM<\/li>\n<\/ul>\n<p><b>Membrana<\/b><\/p>\n<ul>\n<li>PFTE (tefl\u00f3n)<\/li>\n<\/ul>\n<p><b>Manguera dosificadora<\/b><\/p>\n<ul>\n<li>PE<\/li>\n<li>PVC<\/li>\n<li>PVDF<\/li>\n<\/ul>\n<p><em>Las piezas con resistencia limitada al aceetaldeh\u00eddo son resistentes, pero tenga en cuenta que entonces tendr\u00e1 que sustituir esta pieza con m\u00e1s regularidad.<\/em><\/p>\n<h3>\u00bfLe interesan las posibilidades?<\/h3>\n<p>Lo m\u00e1s c\u00f3modo es ponerse en contacto con nosotros. Podemos traducir sus requisitos en la bomba dosificadora adecuada para nitrato de plata (sosa c\u00e1ustica lunar).<\/p>","protected":false},"excerpt":{"rendered":"<p>Para la dosificaci\u00f3n segura y precisa de nitrato de plata (corrosivo para la luna) (AgNO3).Desde aplicaciones de dosificaci\u00f3n precisa (10 ml\/hora) hasta grandes aplicaciones de hasta 1.000 litros por hora (dependiendo de la versi\u00f3n).<\/p>\n<p>Versi\u00f3n: K CL PLUS 08-08 o similar.<br \/>\u00bfNecesita otra versi\u00f3n? P\u00eddanos presupuesto<\/p>","protected":false},"featured_media":4072,"template":"","meta":[],"product_brand":[],"product_cat":[94],"product_tag":[],"class_list":{"0":"post-4867","1":"product","2":"type-product","3":"status-publish","4":"has-post-thumbnail","6":"product_cat-chemical-compatibility","8":"first","9":"instock","10":"taxable","11":"shipping-taxable","12":"purchasable","13":"product-type-simple"},"yoast_head":"<!-- This site is optimized with the Yoast SEO plugin v27.2 - https:\/\/yoast.com\/product\/yoast-seo-wordpress\/ -->\n<title>Doseerpomp voor Zilvernitraat (maanbijtende stof) | Dosing Pump Shop B.V.<\/title>\n<meta name=\"description\" content=\"Nauwkeurige en betrouwbare Doseerpomp voor Zilvernitraat (maanbijtende stof) voor diverse industri\u00eble toepassingen. Eenvoudige installatie en onderhoud.\" \/>\n<meta name=\"robots\" content=\"index, follow, max-snippet:-1, max-image-preview:large, max-video-preview:-1\" \/>\n<link rel=\"canonical\" href=\"https:\/\/dosingpump.shop\/es\/producto\/bomba-dosificadora-de-nitrato-de-plata-caustica-lunar\/\" \/>\n<meta property=\"og:locale\" content=\"es_ES\" \/>\n<meta property=\"og:type\" content=\"article\" \/>\n<meta property=\"og:title\" content=\"Doseerpomp voor Zilvernitraat (maanbijtende stof) | Dosing Pump Shop B.V.\" \/>\n<meta property=\"og:description\" content=\"Nauwkeurige en betrouwbare Doseerpomp voor Zilvernitraat (maanbijtende stof) voor diverse industri\u00eble toepassingen. Eenvoudige installatie en onderhoud.\" \/>\n<meta property=\"og:url\" content=\"https:\/\/dosingpump.shop\/es\/producto\/bomba-dosificadora-de-nitrato-de-plata-caustica-lunar\/\" \/>\n<meta property=\"og:site_name\" content=\"Dosing Pump Shop B.V.\" \/>\n<meta property=\"article:modified_time\" content=\"2026-02-27T12:49:50+00:00\" \/>\n<meta property=\"og:image\" content=\"https:\/\/dosingpump.shop\/wp-content\/uploads\/2024\/12\/EMEC-K-SERIE-ANALOG-dosing-pump.webp\" \/>\n\t<meta property=\"og:image:width\" content=\"498\" \/>\n\t<meta property=\"og:image:height\" content=\"501\" \/>\n\t<meta property=\"og:image:type\" content=\"image\/webp\" \/>\n<meta name=\"twitter:card\" content=\"summary_large_image\" \/>\n<meta name=\"twitter:label1\" content=\"Precio\" \/>\n\t<meta name=\"twitter:data1\" content=\"&euro;459,00\" \/>\n\t<meta name=\"twitter:label2\" content=\"Disponibilidad\" \/>\n\t<meta name=\"twitter:data2\" content=\"Disponible\" \/>\n<script type=\"application\/ld+json\" class=\"yoast-schema-graph\">{\"@context\":\"https:\/\/schema.org\",\"@graph\":[{\"@type\":\"WebPage\",\"@id\":\"https:\/\/dosingpump.shop\/pl\/produkt-2\/pompa-dozujaca-do-azotanu-srebra-ksiezycowego-srodka-zracego\/\",\"url\":\"https:\/\/dosingpump.shop\/pl\/produkt-2\/pompa-dozujaca-do-azotanu-srebra-ksiezycowego-srodka-zracego\/\",\"name\":\"Doseerpomp voor Zilvernitraat (maanbijtende stof) | Dosing Pump Shop B.V.\",\"isPartOf\":{\"@id\":\"https:\/\/dosingpump.shop\/de\/#website\"},\"primaryImageOfPage\":{\"@id\":\"https:\/\/dosingpump.shop\/pl\/produkt-2\/pompa-dozujaca-do-azotanu-srebra-ksiezycowego-srodka-zracego\/#primaryimage\"},\"image\":{\"@id\":\"https:\/\/dosingpump.shop\/pl\/produkt-2\/pompa-dozujaca-do-azotanu-srebra-ksiezycowego-srodka-zracego\/#primaryimage\"},\"thumbnailUrl\":\"https:\/\/dosingpump.shop\/wp-content\/uploads\/2024\/12\/EMEC-K-SERIE-ANALOG-dosing-pump.webp\",\"datePublished\":\"2024-12-05T12:23:53+00:00\",\"dateModified\":\"2026-02-27T12:49:50+00:00\",\"description\":\"Nauwkeurige en betrouwbare Doseerpomp voor Zilvernitraat (maanbijtende stof) voor diverse industri\u00eble toepassingen. Eenvoudige installatie en onderhoud.\",\"breadcrumb\":{\"@id\":\"https:\/\/dosingpump.shop\/pl\/produkt-2\/pompa-dozujaca-do-azotanu-srebra-ksiezycowego-srodka-zracego\/#breadcrumb\"},\"inLanguage\":\"es\",\"potentialAction\":[{\"@type\":\"ReadAction\",\"target\":[\"https:\/\/dosingpump.shop\/pl\/produkt-2\/pompa-dozujaca-do-azotanu-srebra-ksiezycowego-srodka-zracego\/\"]}]},{\"@type\":\"ImageObject\",\"inLanguage\":\"es\",\"@id\":\"https:\/\/dosingpump.shop\/pl\/produkt-2\/pompa-dozujaca-do-azotanu-srebra-ksiezycowego-srodka-zracego\/#primaryimage\",\"url\":\"https:\/\/dosingpump.shop\/wp-content\/uploads\/2024\/12\/EMEC-K-SERIE-ANALOG-dosing-pump.webp\",\"contentUrl\":\"https:\/\/dosingpump.shop\/wp-content\/uploads\/2024\/12\/EMEC-K-SERIE-ANALOG-dosing-pump.webp\",\"width\":498,\"height\":501},{\"@type\":\"BreadcrumbList\",\"@id\":\"https:\/\/dosingpump.shop\/pl\/produkt-2\/pompa-dozujaca-do-azotanu-srebra-ksiezycowego-srodka-zracego\/#breadcrumb\",\"itemListElement\":[{\"@type\":\"ListItem\",\"position\":1,\"name\":\"Home\",\"item\":\"https:\/\/dosingpump.shop\/\"},{\"@type\":\"ListItem\",\"position\":2,\"name\":\"Shop\",\"item\":\"https:\/\/dosingpump.shop\/de\/shop\/\"},{\"@type\":\"ListItem\",\"position\":3,\"name\":\"Doseerpomp voor Zilvernitraat (maanbijtende stof)\"}]},{\"@type\":\"WebSite\",\"@id\":\"https:\/\/dosingpump.shop\/de\/#website\",\"url\":\"https:\/\/dosingpump.shop\/de\/\",\"name\":\"Dosing Pump Shop B.V.\",\"description\":\"\",\"publisher\":{\"@id\":\"https:\/\/dosingpump.shop\/de\/#organization\"},\"potentialAction\":[{\"@type\":\"SearchAction\",\"target\":{\"@type\":\"EntryPoint\",\"urlTemplate\":\"https:\/\/dosingpump.shop\/de\/?s={search_term_string}\"},\"query-input\":{\"@type\":\"PropertyValueSpecification\",\"valueRequired\":true,\"valueName\":\"search_term_string\"}}],\"inLanguage\":\"es\"},{\"@type\":\"Organization\",\"@id\":\"https:\/\/dosingpump.shop\/de\/#organization\",\"name\":\"Dosing Pump Shop B.V.\",\"url\":\"https:\/\/dosingpump.shop\/de\/\",\"logo\":{\"@type\":\"ImageObject\",\"inLanguage\":\"es\",\"@id\":\"https:\/\/dosingpump.shop\/de\/#\/schema\/logo\/image\/\",\"url\":\"https:\/\/dosingpump.shop\/wp-content\/uploads\/2024\/10\/Dosing-Pump-Shop-logo.png\",\"contentUrl\":\"https:\/\/dosingpump.shop\/wp-content\/uploads\/2024\/10\/Dosing-Pump-Shop-logo.png\",\"width\":350,\"height\":45,\"caption\":\"Dosing Pump Shop B.V.\"},\"image\":{\"@id\":\"https:\/\/dosingpump.shop\/de\/#\/schema\/logo\/image\/\"},\"sameAs\":[\"https:\/\/linkedin.com\/company\/dosing-pump-shop\"]}]}<\/script>\n<meta property=\"product:price:amount\" content=\"459.00\" \/>\n<meta property=\"product:price:currency\" content=\"EUR\" \/>\n<meta property=\"og:availability\" content=\"instock\" \/>\n<meta property=\"product:availability\" content=\"instock\" \/>\n<meta property=\"product:retailer_item_id\" content=\"Zilvernitraat (maanbijtende stof)\" \/>\n<meta property=\"product:condition\" content=\"new\" \/>\n<!-- \/ Yoast SEO plugin. -->","yoast_head_json":{"title":"Bomba dosificadora para nitrato de plata (sosa c\u00e1ustica lunar) | Dosing Pump Shop B.V.","description":"Bomba dosificadora precisa y fiable de nitrato de plata (corrosivo para la luna) para diversas aplicaciones industriales. F\u00e1cil instalaci\u00f3n y mantenimiento.","robots":{"index":"index","follow":"follow","max-snippet":"max-snippet:-1","max-image-preview":"max-image-preview:large","max-video-preview":"max-video-preview:-1"},"canonical":"https:\/\/dosingpump.shop\/es\/producto\/bomba-dosificadora-de-nitrato-de-plata-caustica-lunar\/","og_locale":"es_ES","og_type":"article","og_title":"Doseerpomp voor Zilvernitraat (maanbijtende stof) | Dosing Pump Shop B.V.","og_description":"Nauwkeurige en betrouwbare Doseerpomp voor Zilvernitraat (maanbijtende stof) voor diverse industri\u00eble toepassingen. Eenvoudige installatie en onderhoud.","og_url":"https:\/\/dosingpump.shop\/es\/producto\/bomba-dosificadora-de-nitrato-de-plata-caustica-lunar\/","og_site_name":"Dosing Pump Shop B.V.","article_modified_time":"2026-02-27T12:49:50+00:00","og_image":[{"width":498,"height":501,"url":"https:\/\/dosingpump.shop\/wp-content\/uploads\/2024\/12\/EMEC-K-SERIE-ANALOG-dosing-pump.webp","type":"image\/webp"}],"twitter_card":"summary_large_image","twitter_misc":{"Precio":"&euro;459,00","Disponibilidad":"Disponible"},"schema":{"@context":"https:\/\/schema.org","@graph":[{"@type":"WebPage","@id":"https:\/\/dosingpump.shop\/pl\/produkt-2\/pompa-dozujaca-do-azotanu-srebra-ksiezycowego-srodka-zracego\/","url":"https:\/\/dosingpump.shop\/pl\/produkt-2\/pompa-dozujaca-do-azotanu-srebra-ksiezycowego-srodka-zracego\/","name":"Bomba dosificadora para nitrato de plata (sosa c\u00e1ustica lunar) | Dosing Pump Shop B.V.","isPartOf":{"@id":"https:\/\/dosingpump.shop\/de\/#website"},"primaryImageOfPage":{"@id":"https:\/\/dosingpump.shop\/pl\/produkt-2\/pompa-dozujaca-do-azotanu-srebra-ksiezycowego-srodka-zracego\/#primaryimage"},"image":{"@id":"https:\/\/dosingpump.shop\/pl\/produkt-2\/pompa-dozujaca-do-azotanu-srebra-ksiezycowego-srodka-zracego\/#primaryimage"},"thumbnailUrl":"https:\/\/dosingpump.shop\/wp-content\/uploads\/2024\/12\/EMEC-K-SERIE-ANALOG-dosing-pump.webp","datePublished":"2024-12-05T12:23:53+00:00","dateModified":"2026-02-27T12:49:50+00:00","description":"Bomba dosificadora precisa y fiable de nitrato de plata (corrosivo para la luna) para diversas aplicaciones industriales. F\u00e1cil instalaci\u00f3n y mantenimiento.","breadcrumb":{"@id":"https:\/\/dosingpump.shop\/pl\/produkt-2\/pompa-dozujaca-do-azotanu-srebra-ksiezycowego-srodka-zracego\/#breadcrumb"},"inLanguage":"es","potentialAction":[{"@type":"ReadAction","target":["https:\/\/dosingpump.shop\/pl\/produkt-2\/pompa-dozujaca-do-azotanu-srebra-ksiezycowego-srodka-zracego\/"]}]},{"@type":"ImageObject","inLanguage":"es","@id":"https:\/\/dosingpump.shop\/pl\/produkt-2\/pompa-dozujaca-do-azotanu-srebra-ksiezycowego-srodka-zracego\/#primaryimage","url":"https:\/\/dosingpump.shop\/wp-content\/uploads\/2024\/12\/EMEC-K-SERIE-ANALOG-dosing-pump.webp","contentUrl":"https:\/\/dosingpump.shop\/wp-content\/uploads\/2024\/12\/EMEC-K-SERIE-ANALOG-dosing-pump.webp","width":498,"height":501},{"@type":"BreadcrumbList","@id":"https:\/\/dosingpump.shop\/pl\/produkt-2\/pompa-dozujaca-do-azotanu-srebra-ksiezycowego-srodka-zracego\/#breadcrumb","itemListElement":[{"@type":"ListItem","position":1,"name":"Home","item":"https:\/\/dosingpump.shop\/"},{"@type":"ListItem","position":2,"name":"Shop","item":"https:\/\/dosingpump.shop\/de\/shop\/"},{"@type":"ListItem","position":3,"name":"Doseerpomp voor Zilvernitraat (maanbijtende stof)"}]},{"@type":"WebSite","@id":"https:\/\/dosingpump.shop\/de\/#website","url":"https:\/\/dosingpump.shop\/de\/","name":"Dosing Pump Shop B.V.","description":"","publisher":{"@id":"https:\/\/dosingpump.shop\/de\/#organization"},"potentialAction":[{"@type":"SearchAction","target":{"@type":"EntryPoint","urlTemplate":"https:\/\/dosingpump.shop\/de\/?s={search_term_string}"},"query-input":{"@type":"PropertyValueSpecification","valueRequired":true,"valueName":"search_term_string"}}],"inLanguage":"es"},{"@type":"Organization","@id":"https:\/\/dosingpump.shop\/de\/#organization","name":"Dosing Pump Shop B.V.","url":"https:\/\/dosingpump.shop\/de\/","logo":{"@type":"ImageObject","inLanguage":"es","@id":"https:\/\/dosingpump.shop\/de\/#\/schema\/logo\/image\/","url":"https:\/\/dosingpump.shop\/wp-content\/uploads\/2024\/10\/Dosing-Pump-Shop-logo.png","contentUrl":"https:\/\/dosingpump.shop\/wp-content\/uploads\/2024\/10\/Dosing-Pump-Shop-logo.png","width":350,"height":45,"caption":"Dosing Pump Shop B.V."},"image":{"@id":"https:\/\/dosingpump.shop\/de\/#\/schema\/logo\/image\/"},"sameAs":["https:\/\/linkedin.com\/company\/dosing-pump-shop"]}]},"product_price_amount":"459.00","product_price_currency":"EUR","og_availability":"instock","product_availability":"instock","product_retailer_item_id":"Zilvernitraat (maanbijtende stof)","product_condition":"new"},"_links":{"self":[{"href":"https:\/\/dosingpump.shop\/es\/wp-json\/wp\/v2\/product\/4867","targetHints":{"allow":["GET"]}}],"collection":[{"href":"https:\/\/dosingpump.shop\/es\/wp-json\/wp\/v2\/product"}],"about":[{"href":"https:\/\/dosingpump.shop\/es\/wp-json\/wp\/v2\/types\/product"}],"wp:featuredmedia":[{"embeddable":true,"href":"https:\/\/dosingpump.shop\/es\/wp-json\/wp\/v2\/media\/4072"}],"wp:attachment":[{"href":"https:\/\/dosingpump.shop\/es\/wp-json\/wp\/v2\/media?parent=4867"}],"wp:term":[{"taxonomy":"product_brand","embeddable":true,"href":"https:\/\/dosingpump.shop\/es\/wp-json\/wp\/v2\/product_brand?post=4867"},{"taxonomy":"product_cat","embeddable":true,"href":"https:\/\/dosingpump.shop\/es\/wp-json\/wp\/v2\/product_cat?post=4867"},{"taxonomy":"product_tag","embeddable":true,"href":"https:\/\/dosingpump.shop\/es\/wp-json\/wp\/v2\/product_tag?post=4867"}],"curies":[{"name":"wp","href":"https:\/\/api.w.org\/{rel}","templated":true}]}}