{"id":5613,"date":"2024-12-24T09:28:19","date_gmt":"2024-12-24T09:28:19","guid":{"rendered":"https:\/\/dosingpump.shop\/?post_type=product&#038;p=5613"},"modified":"2026-03-10T23:17:37","modified_gmt":"2026-03-10T22:17:37","slug":"sensor-emec-ecdind","status":"publish","type":"product","link":"https:\/\/dosingpump.shop\/es\/product\/emec-ecdind-sensor\/","title":{"rendered":"Sensor Emec ECDIND"},"content":{"rendered":"<p>El sensor ECDIND de Emec es una soluci\u00f3n avanzada para medir la conductividad en l\u00edquidos. Su tecnolog\u00eda de medici\u00f3n inductiva elimina problemas como la polarizaci\u00f3n y el deslustre, lo que se traduce en un funcionamiento fiable y de bajo mantenimiento. Este sensor es ideal para aplicaciones de tratamiento de aguas, procesos qu\u00edmicos e industria alimentaria.<\/p>\n<p>El sensor se instala simplemente en un soporte como el PEL-IND o el NPED-IND y requiere un fluido de proceso que rodee completamente el sensor. Para un funcionamiento preciso, deben evitarse las burbujas de aire. El dise\u00f1o compacto hace que el sensor sea adecuado para diversas aplicaciones industriales.<\/p>\n<p>Para un rendimiento \u00f3ptimo, se recomienda una calibraci\u00f3n mensual. Esto implica una calibraci\u00f3n de dos puntos: una calibraci\u00f3n de punto 0 en aire y una calibraci\u00f3n con una soluci\u00f3n tamp\u00f3n cercana al rango de trabajo. La construcci\u00f3n robusta y el uso de materiales de alta calidad, como el PEEK, garantizan una larga vida \u00fatil, incluso en condiciones adversas.<\/p>\n<p>El sensor ECDIND de Emec es la elecci\u00f3n ideal para quienes buscan precisi\u00f3n y durabilidad en las mediciones de conductividad. Para obtener m\u00e1s informaci\u00f3n o asistencia, p\u00f3ngase en contacto con su distribuidor o con el fabricante.<\/p>","protected":false},"excerpt":{"rendered":"<p>El sensor ECDIND de Emec es una soluci\u00f3n avanzada para medir la conductividad en l\u00edquidos.<\/p>\n<ul>\n<li>Inducci\u00f3n precisa<\/li>\n<li>F\u00e1cil montaje<\/li>\n<li>Calibrado sencillo<\/li>\n<li>Larga vida \u00fatil.<\/li>\n<li>Dise\u00f1o compacto<\/li>\n<\/ul>","protected":false},"featured_media":5630,"template":"","meta":[],"product_brand":[],"product_cat":[317,29],"product_tag":[],"class_list":{"0":"post-5613","1":"product","2":"type-product","3":"status-publish","4":"has-post-thumbnail","6":"product_cat-geleidbaarheids-sensor","7":"product_cat-sensoren","9":"first","10":"instock","11":"taxable","12":"shipping-taxable","13":"product-type-simple"},"yoast_head":"<!-- This site is optimized with the Yoast SEO plugin v27.2 - https:\/\/yoast.com\/product\/yoast-seo-wordpress\/ -->\n<title>Emec ECDIND Sensor | Dosing Pump Shop B.V.<\/title>\n<meta name=\"description\" content=\"Betrouwbare inductieve geleidbaarheidssensor voor nauwkeurige metingen in industri\u00eble toepassingen. Onderhoudsvriendelijk en duurzaam ontwerp.\" \/>\n<meta name=\"robots\" content=\"index, follow, max-snippet:-1, max-image-preview:large, max-video-preview:-1\" \/>\n<link rel=\"canonical\" href=\"https:\/\/dosingpump.shop\/es\/producto\/sensor-emec-ecdind\/\" \/>\n<meta property=\"og:locale\" content=\"es_ES\" \/>\n<meta property=\"og:type\" content=\"article\" \/>\n<meta property=\"og:title\" content=\"Emec ECDIND Sensor | Dosing Pump Shop B.V.\" \/>\n<meta property=\"og:description\" content=\"Betrouwbare inductieve geleidbaarheidssensor voor nauwkeurige metingen in industri\u00eble toepassingen. Onderhoudsvriendelijk en duurzaam ontwerp.\" \/>\n<meta property=\"og:url\" content=\"https:\/\/dosingpump.shop\/es\/producto\/sensor-emec-ecdind\/\" \/>\n<meta property=\"og:site_name\" content=\"Dosing Pump Shop B.V.\" \/>\n<meta property=\"article:modified_time\" content=\"2026-03-10T22:17:37+00:00\" \/>\n<meta property=\"og:image\" content=\"https:\/\/dosingpump.shop\/wp-content\/uploads\/2024\/12\/Emec-ECDIND-Sensor.webp\" \/>\n\t<meta property=\"og:image:width\" content=\"500\" \/>\n\t<meta property=\"og:image:height\" content=\"500\" \/>\n\t<meta property=\"og:image:type\" content=\"image\/webp\" \/>\n<meta name=\"twitter:card\" content=\"summary_large_image\" \/>\n<meta name=\"twitter:label1\" content=\"Precio\" \/>\n\t<meta name=\"twitter:data1\" content=\"\" \/>\n\t<meta name=\"twitter:label2\" content=\"Disponibilidad\" \/>\n\t<meta name=\"twitter:data2\" content=\"Disponible\" \/>\n<script type=\"application\/ld+json\" class=\"yoast-schema-graph\">{\"@context\":\"https:\/\/schema.org\",\"@graph\":[{\"@type\":\"WebPage\",\"@id\":\"https:\/\/dosingpump.shop\/product\/emec-ecdind-sensor\/\",\"url\":\"https:\/\/dosingpump.shop\/product\/emec-ecdind-sensor\/\",\"name\":\"Emec ECDIND Sensor | Dosing Pump Shop B.V.\",\"isPartOf\":{\"@id\":\"https:\/\/dosingpump.shop\/de\/#website\"},\"primaryImageOfPage\":{\"@id\":\"https:\/\/dosingpump.shop\/product\/emec-ecdind-sensor\/#primaryimage\"},\"image\":{\"@id\":\"https:\/\/dosingpump.shop\/product\/emec-ecdind-sensor\/#primaryimage\"},\"thumbnailUrl\":\"https:\/\/dosingpump.shop\/wp-content\/uploads\/2024\/12\/Emec-ECDIND-Sensor.webp\",\"datePublished\":\"2024-12-24T09:28:19+00:00\",\"dateModified\":\"2026-03-10T22:17:37+00:00\",\"description\":\"Betrouwbare inductieve geleidbaarheidssensor voor nauwkeurige metingen in industri\u00eble toepassingen. Onderhoudsvriendelijk en duurzaam ontwerp.\",\"breadcrumb\":{\"@id\":\"https:\/\/dosingpump.shop\/product\/emec-ecdind-sensor\/#breadcrumb\"},\"inLanguage\":\"es\",\"potentialAction\":[{\"@type\":\"ReadAction\",\"target\":[\"https:\/\/dosingpump.shop\/product\/emec-ecdind-sensor\/\"]}]},{\"@type\":\"ImageObject\",\"inLanguage\":\"es\",\"@id\":\"https:\/\/dosingpump.shop\/product\/emec-ecdind-sensor\/#primaryimage\",\"url\":\"https:\/\/dosingpump.shop\/wp-content\/uploads\/2024\/12\/Emec-ECDIND-Sensor.webp\",\"contentUrl\":\"https:\/\/dosingpump.shop\/wp-content\/uploads\/2024\/12\/Emec-ECDIND-Sensor.webp\",\"width\":500,\"height\":500},{\"@type\":\"BreadcrumbList\",\"@id\":\"https:\/\/dosingpump.shop\/product\/emec-ecdind-sensor\/#breadcrumb\",\"itemListElement\":[{\"@type\":\"ListItem\",\"position\":1,\"name\":\"Home\",\"item\":\"https:\/\/dosingpump.shop\/\"},{\"@type\":\"ListItem\",\"position\":2,\"name\":\"Shop\",\"item\":\"https:\/\/dosingpump.shop\/de\/shop\/\"},{\"@type\":\"ListItem\",\"position\":3,\"name\":\"Emec ECDIND Sensor\"}]},{\"@type\":\"WebSite\",\"@id\":\"https:\/\/dosingpump.shop\/de\/#website\",\"url\":\"https:\/\/dosingpump.shop\/de\/\",\"name\":\"Dosing Pump Shop B.V.\",\"description\":\"\",\"publisher\":{\"@id\":\"https:\/\/dosingpump.shop\/de\/#organization\"},\"potentialAction\":[{\"@type\":\"SearchAction\",\"target\":{\"@type\":\"EntryPoint\",\"urlTemplate\":\"https:\/\/dosingpump.shop\/de\/?s={search_term_string}\"},\"query-input\":{\"@type\":\"PropertyValueSpecification\",\"valueRequired\":true,\"valueName\":\"search_term_string\"}}],\"inLanguage\":\"es\"},{\"@type\":\"Organization\",\"@id\":\"https:\/\/dosingpump.shop\/de\/#organization\",\"name\":\"Dosing Pump Shop B.V.\",\"url\":\"https:\/\/dosingpump.shop\/de\/\",\"logo\":{\"@type\":\"ImageObject\",\"inLanguage\":\"es\",\"@id\":\"https:\/\/dosingpump.shop\/de\/#\/schema\/logo\/image\/\",\"url\":\"https:\/\/dosingpump.shop\/wp-content\/uploads\/2024\/10\/Dosing-Pump-Shop-logo.png\",\"contentUrl\":\"https:\/\/dosingpump.shop\/wp-content\/uploads\/2024\/10\/Dosing-Pump-Shop-logo.png\",\"width\":350,\"height\":45,\"caption\":\"Dosing Pump Shop B.V.\"},\"image\":{\"@id\":\"https:\/\/dosingpump.shop\/de\/#\/schema\/logo\/image\/\"},\"sameAs\":[\"https:\/\/linkedin.com\/company\/dosing-pump-shop\"]}]}<\/script>\n<meta property=\"product:price:currency\" content=\"EUR\" \/>\n<meta property=\"og:availability\" content=\"instock\" \/>\n<meta property=\"product:availability\" content=\"instock\" \/>\n<meta property=\"product:condition\" content=\"new\" \/>\n<!-- \/ Yoast SEO plugin. -->","yoast_head_json":{"title":"Sensor Emec ECDIND | Dosing Pump Shop B.V.","description":"Sensor inductivo de conductividad fiable para mediciones precisas en aplicaciones industriales. Dise\u00f1o duradero y de f\u00e1cil mantenimiento.","robots":{"index":"index","follow":"follow","max-snippet":"max-snippet:-1","max-image-preview":"max-image-preview:large","max-video-preview":"max-video-preview:-1"},"canonical":"https:\/\/dosingpump.shop\/es\/producto\/sensor-emec-ecdind\/","og_locale":"es_ES","og_type":"article","og_title":"Emec ECDIND Sensor | Dosing Pump Shop B.V.","og_description":"Betrouwbare inductieve geleidbaarheidssensor voor nauwkeurige metingen in industri\u00eble toepassingen. Onderhoudsvriendelijk en duurzaam ontwerp.","og_url":"https:\/\/dosingpump.shop\/es\/producto\/sensor-emec-ecdind\/","og_site_name":"Dosing Pump Shop B.V.","article_modified_time":"2026-03-10T22:17:37+00:00","og_image":[{"width":500,"height":500,"url":"https:\/\/dosingpump.shop\/wp-content\/uploads\/2024\/12\/Emec-ECDIND-Sensor.webp","type":"image\/webp"}],"twitter_card":"summary_large_image","twitter_misc":{"Precio":"","Disponibilidad":"Disponible"},"schema":{"@context":"https:\/\/schema.org","@graph":[{"@type":"WebPage","@id":"https:\/\/dosingpump.shop\/product\/emec-ecdind-sensor\/","url":"https:\/\/dosingpump.shop\/product\/emec-ecdind-sensor\/","name":"Sensor Emec ECDIND | Dosing Pump Shop B.V.","isPartOf":{"@id":"https:\/\/dosingpump.shop\/de\/#website"},"primaryImageOfPage":{"@id":"https:\/\/dosingpump.shop\/product\/emec-ecdind-sensor\/#primaryimage"},"image":{"@id":"https:\/\/dosingpump.shop\/product\/emec-ecdind-sensor\/#primaryimage"},"thumbnailUrl":"https:\/\/dosingpump.shop\/wp-content\/uploads\/2024\/12\/Emec-ECDIND-Sensor.webp","datePublished":"2024-12-24T09:28:19+00:00","dateModified":"2026-03-10T22:17:37+00:00","description":"Sensor inductivo de conductividad fiable para mediciones precisas en aplicaciones industriales. Dise\u00f1o duradero y de f\u00e1cil mantenimiento.","breadcrumb":{"@id":"https:\/\/dosingpump.shop\/product\/emec-ecdind-sensor\/#breadcrumb"},"inLanguage":"es","potentialAction":[{"@type":"ReadAction","target":["https:\/\/dosingpump.shop\/product\/emec-ecdind-sensor\/"]}]},{"@type":"ImageObject","inLanguage":"es","@id":"https:\/\/dosingpump.shop\/product\/emec-ecdind-sensor\/#primaryimage","url":"https:\/\/dosingpump.shop\/wp-content\/uploads\/2024\/12\/Emec-ECDIND-Sensor.webp","contentUrl":"https:\/\/dosingpump.shop\/wp-content\/uploads\/2024\/12\/Emec-ECDIND-Sensor.webp","width":500,"height":500},{"@type":"BreadcrumbList","@id":"https:\/\/dosingpump.shop\/product\/emec-ecdind-sensor\/#breadcrumb","itemListElement":[{"@type":"ListItem","position":1,"name":"Home","item":"https:\/\/dosingpump.shop\/"},{"@type":"ListItem","position":2,"name":"Shop","item":"https:\/\/dosingpump.shop\/de\/shop\/"},{"@type":"ListItem","position":3,"name":"Emec ECDIND Sensor"}]},{"@type":"WebSite","@id":"https:\/\/dosingpump.shop\/de\/#website","url":"https:\/\/dosingpump.shop\/de\/","name":"Dosing Pump Shop B.V.","description":"","publisher":{"@id":"https:\/\/dosingpump.shop\/de\/#organization"},"potentialAction":[{"@type":"SearchAction","target":{"@type":"EntryPoint","urlTemplate":"https:\/\/dosingpump.shop\/de\/?s={search_term_string}"},"query-input":{"@type":"PropertyValueSpecification","valueRequired":true,"valueName":"search_term_string"}}],"inLanguage":"es"},{"@type":"Organization","@id":"https:\/\/dosingpump.shop\/de\/#organization","name":"Dosing Pump Shop B.V.","url":"https:\/\/dosingpump.shop\/de\/","logo":{"@type":"ImageObject","inLanguage":"es","@id":"https:\/\/dosingpump.shop\/de\/#\/schema\/logo\/image\/","url":"https:\/\/dosingpump.shop\/wp-content\/uploads\/2024\/10\/Dosing-Pump-Shop-logo.png","contentUrl":"https:\/\/dosingpump.shop\/wp-content\/uploads\/2024\/10\/Dosing-Pump-Shop-logo.png","width":350,"height":45,"caption":"Dosing Pump Shop B.V."},"image":{"@id":"https:\/\/dosingpump.shop\/de\/#\/schema\/logo\/image\/"},"sameAs":["https:\/\/linkedin.com\/company\/dosing-pump-shop"]}]},"product_price_currency":"EUR","og_availability":"instock","product_availability":"instock","product_condition":"new"},"_links":{"self":[{"href":"https:\/\/dosingpump.shop\/es\/wp-json\/wp\/v2\/product\/5613","targetHints":{"allow":["GET"]}}],"collection":[{"href":"https:\/\/dosingpump.shop\/es\/wp-json\/wp\/v2\/product"}],"about":[{"href":"https:\/\/dosingpump.shop\/es\/wp-json\/wp\/v2\/types\/product"}],"wp:featuredmedia":[{"embeddable":true,"href":"https:\/\/dosingpump.shop\/es\/wp-json\/wp\/v2\/media\/5630"}],"wp:attachment":[{"href":"https:\/\/dosingpump.shop\/es\/wp-json\/wp\/v2\/media?parent=5613"}],"wp:term":[{"taxonomy":"product_brand","embeddable":true,"href":"https:\/\/dosingpump.shop\/es\/wp-json\/wp\/v2\/product_brand?post=5613"},{"taxonomy":"product_cat","embeddable":true,"href":"https:\/\/dosingpump.shop\/es\/wp-json\/wp\/v2\/product_cat?post=5613"},{"taxonomy":"product_tag","embeddable":true,"href":"https:\/\/dosingpump.shop\/es\/wp-json\/wp\/v2\/product_tag?post=5613"}],"curies":[{"name":"wp","href":"https:\/\/api.w.org\/{rel}","templated":true}]}}