{"id":6065,"date":"2025-01-22T10:34:54","date_gmt":"2025-01-22T10:34:54","guid":{"rendered":"https:\/\/dosingpump.shop\/product\/doseerinstallatie-voor-koper-ii-cyanide\/"},"modified":"2026-02-27T14:50:02","modified_gmt":"2026-02-27T12:50:02","slug":"equipo-de-dosificacion-de-cianuro-de-cobre-ii","status":"publish","type":"product","link":"https:\/\/dosingpump.shop\/es\/product\/doseerinstallatie-voor-koper-ii-cyanide\/","title":{"rendered":"Planta dosificadora de cobre-II-cianuro"},"content":{"rendered":"<h3>Planta dosificadora de cobre-II-cianuro - 50 litros<\/h3>\n<p>Con este sistema de dosificaci\u00f3n para cianuro de cobre ii (Cu(CN)2), dispondr\u00e1 de todo lo necesario para dosificar cianuro de cobre ii de forma segura y eficaz. Por supuesto, hemos pensado en la resistencia qu\u00edmica para que los distintos componentes duren mucho tiempo.<\/p>\n<p>La capacidad est\u00e1ndar del dep\u00f3sito es de 50 litros. El dep\u00f3sito est\u00e1 equipado con una lanza de aspiraci\u00f3n que se conecta a la bomba dosificadora. La lanza de succi\u00f3n tiene un contacto de nivel que desconecta la bomba cuando el dep\u00f3sito est\u00e1 vac\u00edo. Esto es conveniente porque evita que entre aire en las tuber\u00edas. La bomba dosificadora puede montarse en el dep\u00f3sito. Los componentes de este sistema se suministran por separado. El montaje es sencillo y, por supuesto, podemos ayudarle a realizarlo.<\/p>\n<h3>Contenido Unidad de dosificaci\u00f3n de cobre-II-cianuro<\/h3>\n<ul>\n<li>Tanque de 50 litros, apto para Cobre-II-Cianuro.<\/li>\n<li>Bomba dosificadora Emec K CL PLUS 08-08 (8 L\/hora - 8 Bar) con longitud de carrera y frecuencia ajustables.<\/li>\n<li>lanza de aspiraci\u00f3n con control de nivel<\/li>\n<li>V\u00e1lvula de inyecci\u00f3n y manguera de dosificaci\u00f3n<\/li>\n<\/ul>\n<p>Para este sistema de dosificaci\u00f3n de cloro <b>opcional<\/b> disponible:<\/p>\n<ul>\n<li>Dep\u00f3sito m\u00e1s grande disponible a partir de: 100, 200, 500 o 1.000 litros<\/li>\n<li>Capacidad de hasta 80 litros por hora, para bombas colocadas directamente en el dep\u00f3sito<\/li>\n<li>Capacidad de hasta 1.000 litros por hora, para bombas colocadas contra una pared por encima del dep\u00f3sito<\/li>\n<li>Control 4-20 mA<\/li>\n<li>Bomba de llenado del dep\u00f3sito<\/li>\n<li>Agitador (manual o autom\u00e1tico)<\/li>\n<li>Bandeja de goteo adecuada<\/li>\n<li>Entrega completamente montada<\/li>\n<\/ul>","protected":false},"excerpt":{"rendered":"<p>Sistema de dosificaci\u00f3n completo para cianuro de cobre ii que incluye dep\u00f3sito, lanza de aspiraci\u00f3n y bomba dosificadora. Capacidad 50 litros.<\/p>","protected":false},"featured_media":4432,"template":"","meta":[],"product_brand":[],"product_cat":[123],"product_tag":[],"class_list":{"0":"post-6065","1":"product","2":"type-product","3":"status-publish","4":"has-post-thumbnail","6":"product_cat-doseerinstallaties-voor-chemicalien","8":"first","9":"instock","10":"taxable","11":"shipping-taxable","12":"purchasable","13":"product-type-simple"},"yoast_head":"<!-- This site is optimized with the Yoast SEO plugin v27.2 - https:\/\/yoast.com\/product\/yoast-seo-wordpress\/ -->\n<title>Doseerinstallatie voor Koper-II-Cyanide | Dosing Pump Shop B.V.<\/title>\n<meta name=\"description\" content=\"Complete Doseerinstallatie voor Koper-II-Cyanide incl. tank, aanzuiglans en doseerpomp. Inhoud: 50 liter.\" \/>\n<meta name=\"robots\" content=\"index, follow, max-snippet:-1, max-image-preview:large, max-video-preview:-1\" \/>\n<link rel=\"canonical\" href=\"https:\/\/dosingpump.shop\/es\/producto\/equipo-de-dosificacion-de-cianuro-de-cobre-ii\/\" \/>\n<meta property=\"og:locale\" content=\"es_ES\" \/>\n<meta property=\"og:type\" content=\"article\" \/>\n<meta property=\"og:title\" content=\"Doseerinstallatie voor Koper-II-Cyanide | Dosing Pump Shop B.V.\" \/>\n<meta property=\"og:description\" content=\"Complete Doseerinstallatie voor Koper-II-Cyanide incl. tank, aanzuiglans en doseerpomp. Inhoud: 50 liter.\" \/>\n<meta property=\"og:url\" content=\"https:\/\/dosingpump.shop\/es\/producto\/equipo-de-dosificacion-de-cianuro-de-cobre-ii\/\" \/>\n<meta property=\"og:site_name\" content=\"Dosing Pump Shop B.V.\" \/>\n<meta property=\"article:modified_time\" content=\"2026-02-27T12:50:02+00:00\" \/>\n<meta property=\"og:image\" content=\"https:\/\/dosingpump.shop\/wp-content\/uploads\/2024\/12\/waterstofperoxide-doseerinstallatie.webp\" \/>\n\t<meta property=\"og:image:width\" content=\"500\" \/>\n\t<meta property=\"og:image:height\" content=\"500\" \/>\n\t<meta property=\"og:image:type\" content=\"image\/webp\" \/>\n<meta name=\"twitter:card\" content=\"summary_large_image\" \/>\n<meta name=\"twitter:label1\" content=\"Precio\" \/>\n\t<meta name=\"twitter:data1\" content=\"&euro;757,00\" \/>\n\t<meta name=\"twitter:label2\" content=\"Disponibilidad\" \/>\n\t<meta name=\"twitter:data2\" content=\"Disponible\" \/>\n<script type=\"application\/ld+json\" class=\"yoast-schema-graph\">{\"@context\":\"https:\/\/schema.org\",\"@graph\":[{\"@type\":\"WebPage\",\"@id\":\"https:\/\/dosingpump.shop\/fi\/tuote\/kuparin-ii-syanidin-annostelulaitteet\/\",\"url\":\"https:\/\/dosingpump.shop\/fi\/tuote\/kuparin-ii-syanidin-annostelulaitteet\/\",\"name\":\"Doseerinstallatie voor Koper-II-Cyanide | Dosing Pump Shop B.V.\",\"isPartOf\":{\"@id\":\"https:\/\/dosingpump.shop\/de\/#website\"},\"primaryImageOfPage\":{\"@id\":\"https:\/\/dosingpump.shop\/fi\/tuote\/kuparin-ii-syanidin-annostelulaitteet\/#primaryimage\"},\"image\":{\"@id\":\"https:\/\/dosingpump.shop\/fi\/tuote\/kuparin-ii-syanidin-annostelulaitteet\/#primaryimage\"},\"thumbnailUrl\":\"https:\/\/dosingpump.shop\/wp-content\/uploads\/2024\/12\/waterstofperoxide-doseerinstallatie.webp\",\"datePublished\":\"2025-01-22T10:34:54+00:00\",\"dateModified\":\"2026-02-27T12:50:02+00:00\",\"description\":\"Complete Doseerinstallatie voor Koper-II-Cyanide incl. tank, aanzuiglans en doseerpomp. Inhoud: 50 liter.\",\"breadcrumb\":{\"@id\":\"https:\/\/dosingpump.shop\/fi\/tuote\/kuparin-ii-syanidin-annostelulaitteet\/#breadcrumb\"},\"inLanguage\":\"es\",\"potentialAction\":[{\"@type\":\"ReadAction\",\"target\":[\"https:\/\/dosingpump.shop\/fi\/tuote\/kuparin-ii-syanidin-annostelulaitteet\/\"]}]},{\"@type\":\"ImageObject\",\"inLanguage\":\"es\",\"@id\":\"https:\/\/dosingpump.shop\/fi\/tuote\/kuparin-ii-syanidin-annostelulaitteet\/#primaryimage\",\"url\":\"https:\/\/dosingpump.shop\/wp-content\/uploads\/2024\/12\/waterstofperoxide-doseerinstallatie.webp\",\"contentUrl\":\"https:\/\/dosingpump.shop\/wp-content\/uploads\/2024\/12\/waterstofperoxide-doseerinstallatie.webp\",\"width\":500,\"height\":500},{\"@type\":\"BreadcrumbList\",\"@id\":\"https:\/\/dosingpump.shop\/fi\/tuote\/kuparin-ii-syanidin-annostelulaitteet\/#breadcrumb\",\"itemListElement\":[{\"@type\":\"ListItem\",\"position\":1,\"name\":\"Home\",\"item\":\"https:\/\/dosingpump.shop\/\"},{\"@type\":\"ListItem\",\"position\":2,\"name\":\"Shop\",\"item\":\"https:\/\/dosingpump.shop\/de\/shop\/\"},{\"@type\":\"ListItem\",\"position\":3,\"name\":\"Doseerinstallatie voor Koper-II-Cyanide\"}]},{\"@type\":\"WebSite\",\"@id\":\"https:\/\/dosingpump.shop\/de\/#website\",\"url\":\"https:\/\/dosingpump.shop\/de\/\",\"name\":\"Dosing Pump Shop B.V.\",\"description\":\"\",\"publisher\":{\"@id\":\"https:\/\/dosingpump.shop\/de\/#organization\"},\"potentialAction\":[{\"@type\":\"SearchAction\",\"target\":{\"@type\":\"EntryPoint\",\"urlTemplate\":\"https:\/\/dosingpump.shop\/de\/?s={search_term_string}\"},\"query-input\":{\"@type\":\"PropertyValueSpecification\",\"valueRequired\":true,\"valueName\":\"search_term_string\"}}],\"inLanguage\":\"es\"},{\"@type\":\"Organization\",\"@id\":\"https:\/\/dosingpump.shop\/de\/#organization\",\"name\":\"Dosing Pump Shop B.V.\",\"url\":\"https:\/\/dosingpump.shop\/de\/\",\"logo\":{\"@type\":\"ImageObject\",\"inLanguage\":\"es\",\"@id\":\"https:\/\/dosingpump.shop\/de\/#\/schema\/logo\/image\/\",\"url\":\"https:\/\/dosingpump.shop\/wp-content\/uploads\/2024\/10\/Dosing-Pump-Shop-logo.png\",\"contentUrl\":\"https:\/\/dosingpump.shop\/wp-content\/uploads\/2024\/10\/Dosing-Pump-Shop-logo.png\",\"width\":350,\"height\":45,\"caption\":\"Dosing Pump Shop B.V.\"},\"image\":{\"@id\":\"https:\/\/dosingpump.shop\/de\/#\/schema\/logo\/image\/\"},\"sameAs\":[\"https:\/\/linkedin.com\/company\/dosing-pump-shop\"]}]}<\/script>\n<meta property=\"product:price:amount\" content=\"757.00\" \/>\n<meta property=\"product:price:currency\" content=\"EUR\" \/>\n<meta property=\"og:availability\" content=\"instock\" \/>\n<meta property=\"product:availability\" content=\"instock\" \/>\n<meta property=\"product:retailer_item_id\" content=\"doseerinstalatie-Koper-II-Cyanide\" \/>\n<meta property=\"product:condition\" content=\"new\" \/>\n<!-- \/ Yoast SEO plugin. -->","yoast_head_json":{"title":"Instalaci\u00f3n dosificadora de cobre-II-cianuro | Dosing Pump Shop B.V.","description":"Planta dosificadora completa para Cobre-II-Cianuro incl. dep\u00f3sito, lanza de aspiraci\u00f3n y bomba dosificadora. Capacidad: 50 litros.","robots":{"index":"index","follow":"follow","max-snippet":"max-snippet:-1","max-image-preview":"max-image-preview:large","max-video-preview":"max-video-preview:-1"},"canonical":"https:\/\/dosingpump.shop\/es\/producto\/equipo-de-dosificacion-de-cianuro-de-cobre-ii\/","og_locale":"es_ES","og_type":"article","og_title":"Doseerinstallatie voor Koper-II-Cyanide | Dosing Pump Shop B.V.","og_description":"Complete Doseerinstallatie voor Koper-II-Cyanide incl. tank, aanzuiglans en doseerpomp. Inhoud: 50 liter.","og_url":"https:\/\/dosingpump.shop\/es\/producto\/equipo-de-dosificacion-de-cianuro-de-cobre-ii\/","og_site_name":"Dosing Pump Shop B.V.","article_modified_time":"2026-02-27T12:50:02+00:00","og_image":[{"width":500,"height":500,"url":"https:\/\/dosingpump.shop\/wp-content\/uploads\/2024\/12\/waterstofperoxide-doseerinstallatie.webp","type":"image\/webp"}],"twitter_card":"summary_large_image","twitter_misc":{"Precio":"&euro;757,00","Disponibilidad":"Disponible"},"schema":{"@context":"https:\/\/schema.org","@graph":[{"@type":"WebPage","@id":"https:\/\/dosingpump.shop\/fi\/tuote\/kuparin-ii-syanidin-annostelulaitteet\/","url":"https:\/\/dosingpump.shop\/fi\/tuote\/kuparin-ii-syanidin-annostelulaitteet\/","name":"Instalaci\u00f3n dosificadora de cobre-II-cianuro | Dosing Pump Shop B.V.","isPartOf":{"@id":"https:\/\/dosingpump.shop\/de\/#website"},"primaryImageOfPage":{"@id":"https:\/\/dosingpump.shop\/fi\/tuote\/kuparin-ii-syanidin-annostelulaitteet\/#primaryimage"},"image":{"@id":"https:\/\/dosingpump.shop\/fi\/tuote\/kuparin-ii-syanidin-annostelulaitteet\/#primaryimage"},"thumbnailUrl":"https:\/\/dosingpump.shop\/wp-content\/uploads\/2024\/12\/waterstofperoxide-doseerinstallatie.webp","datePublished":"2025-01-22T10:34:54+00:00","dateModified":"2026-02-27T12:50:02+00:00","description":"Planta dosificadora completa para Cobre-II-Cianuro incl. dep\u00f3sito, lanza de aspiraci\u00f3n y bomba dosificadora. Capacidad: 50 litros.","breadcrumb":{"@id":"https:\/\/dosingpump.shop\/fi\/tuote\/kuparin-ii-syanidin-annostelulaitteet\/#breadcrumb"},"inLanguage":"es","potentialAction":[{"@type":"ReadAction","target":["https:\/\/dosingpump.shop\/fi\/tuote\/kuparin-ii-syanidin-annostelulaitteet\/"]}]},{"@type":"ImageObject","inLanguage":"es","@id":"https:\/\/dosingpump.shop\/fi\/tuote\/kuparin-ii-syanidin-annostelulaitteet\/#primaryimage","url":"https:\/\/dosingpump.shop\/wp-content\/uploads\/2024\/12\/waterstofperoxide-doseerinstallatie.webp","contentUrl":"https:\/\/dosingpump.shop\/wp-content\/uploads\/2024\/12\/waterstofperoxide-doseerinstallatie.webp","width":500,"height":500},{"@type":"BreadcrumbList","@id":"https:\/\/dosingpump.shop\/fi\/tuote\/kuparin-ii-syanidin-annostelulaitteet\/#breadcrumb","itemListElement":[{"@type":"ListItem","position":1,"name":"Home","item":"https:\/\/dosingpump.shop\/"},{"@type":"ListItem","position":2,"name":"Shop","item":"https:\/\/dosingpump.shop\/de\/shop\/"},{"@type":"ListItem","position":3,"name":"Doseerinstallatie voor Koper-II-Cyanide"}]},{"@type":"WebSite","@id":"https:\/\/dosingpump.shop\/de\/#website","url":"https:\/\/dosingpump.shop\/de\/","name":"Dosing Pump Shop B.V.","description":"","publisher":{"@id":"https:\/\/dosingpump.shop\/de\/#organization"},"potentialAction":[{"@type":"SearchAction","target":{"@type":"EntryPoint","urlTemplate":"https:\/\/dosingpump.shop\/de\/?s={search_term_string}"},"query-input":{"@type":"PropertyValueSpecification","valueRequired":true,"valueName":"search_term_string"}}],"inLanguage":"es"},{"@type":"Organization","@id":"https:\/\/dosingpump.shop\/de\/#organization","name":"Dosing Pump Shop B.V.","url":"https:\/\/dosingpump.shop\/de\/","logo":{"@type":"ImageObject","inLanguage":"es","@id":"https:\/\/dosingpump.shop\/de\/#\/schema\/logo\/image\/","url":"https:\/\/dosingpump.shop\/wp-content\/uploads\/2024\/10\/Dosing-Pump-Shop-logo.png","contentUrl":"https:\/\/dosingpump.shop\/wp-content\/uploads\/2024\/10\/Dosing-Pump-Shop-logo.png","width":350,"height":45,"caption":"Dosing Pump Shop B.V."},"image":{"@id":"https:\/\/dosingpump.shop\/de\/#\/schema\/logo\/image\/"},"sameAs":["https:\/\/linkedin.com\/company\/dosing-pump-shop"]}]},"product_price_amount":"757.00","product_price_currency":"EUR","og_availability":"instock","product_availability":"instock","product_retailer_item_id":"doseerinstalatie-Koper-II-Cyanide","product_condition":"new"},"_links":{"self":[{"href":"https:\/\/dosingpump.shop\/es\/wp-json\/wp\/v2\/product\/6065","targetHints":{"allow":["GET"]}}],"collection":[{"href":"https:\/\/dosingpump.shop\/es\/wp-json\/wp\/v2\/product"}],"about":[{"href":"https:\/\/dosingpump.shop\/es\/wp-json\/wp\/v2\/types\/product"}],"wp:featuredmedia":[{"embeddable":true,"href":"https:\/\/dosingpump.shop\/es\/wp-json\/wp\/v2\/media\/4432"}],"wp:attachment":[{"href":"https:\/\/dosingpump.shop\/es\/wp-json\/wp\/v2\/media?parent=6065"}],"wp:term":[{"taxonomy":"product_brand","embeddable":true,"href":"https:\/\/dosingpump.shop\/es\/wp-json\/wp\/v2\/product_brand?post=6065"},{"taxonomy":"product_cat","embeddable":true,"href":"https:\/\/dosingpump.shop\/es\/wp-json\/wp\/v2\/product_cat?post=6065"},{"taxonomy":"product_tag","embeddable":true,"href":"https:\/\/dosingpump.shop\/es\/wp-json\/wp\/v2\/product_tag?post=6065"}],"curies":[{"name":"wp","href":"https:\/\/api.w.org\/{rel}","templated":true}]}}