{"id":6353,"date":"2025-01-22T14:19:38","date_gmt":"2025-01-22T14:19:38","guid":{"rendered":"https:\/\/dosingpump.shop\/product\/watermeter-catcit-20-3-4-1i-10l\/"},"modified":"2026-02-27T14:50:17","modified_gmt":"2026-02-27T12:50:17","slug":"contador-agua-catcit-20-3-4-1i-10l","status":"publish","type":"product","link":"https:\/\/dosingpump.shop\/es\/product\/watermeter-catcit-20-3-4-1i-10l\/","title":{"rendered":"Contador de agua CATCIT-20 3\/4\u2033 1i\/10L"},"content":{"rendered":"<h3>Emec CATCIT | Contador de Agua por Pulsos para L\u00edquidos Corrosivos a Alta Temperatura<\/h3>\n<p>El Emec CATCIT es un contador de agua preciso con generador de impulsos, dise\u00f1ado para l\u00edquidos corrosivos a altas temperaturas. El contador genera pulsos por litro, lo que permite a las bombas dosificadoras dosificar con precisi\u00f3n. Esto permite crear una soluci\u00f3n 1% o establecer dosis a nivel de ppm. Adem\u00e1s, la bomba dosificadora se regula autom\u00e1ticamente en caso de cambios en el caudal de agua, por lo que la dosificaci\u00f3n se mantiene siempre constante.<\/p>\n<p>El contador de agua tiene un dial seco, ideal para l\u00edquidos con part\u00edculas de suciedad. Para agua potable limpia, la esfera h\u00fameda es una buena elecci\u00f3n. Gracias a su revestimiento interno y externo de PTFE, el Emec CATCIT ofrece una excelente resistencia a la corrosi\u00f3n.<\/p>\n<h4>\u00bfQu\u00e9 versiones hay disponibles?<\/h4>\n<p>El Emec CATCIT est\u00e1 disponible en diferentes versiones y conectores. Esto facilita la selecci\u00f3n de un modelo que se adapte a su sistema espec\u00edfico.<\/p>\n<ul>\n<li><strong>CATCIT 15<\/strong>Conexi\u00f3n de 15 mm (1\/2 pulgada)<\/li>\n<li><strong>CATCIT 20<\/strong>Conexi\u00f3n de 20 mm (3\/4 de pulgada)<\/li>\n<li><strong>CATCIT 25<\/strong>Conexi\u00f3n de 25 mm (1 pulgada)<\/li>\n<li><strong>CATCIT 30<\/strong>Conexi\u00f3n de 30 mm (1,1\/4 pulgadas)<\/li>\n<li><strong>CATCIT 40<\/strong>Conexi\u00f3n de 40 mm (1,1\/2 pulgadas)<\/li>\n<li><strong>CATCIT 50<\/strong>Conexi\u00f3n de 50 mm (2 pulgadas)<\/li>\n<\/ul>\n<h4>Importante saber<\/h4>\n<p>Para un funcionamiento correcto, utilice una bomba dosificadora con configuraci\u00f3n MF (multifunci\u00f3n). \u00bfTiene dudas sobre la configuraci\u00f3n correcta? Si es as\u00ed, no dude en ponerse en contacto con nosotros. Nuestro equipo est\u00e1 a su disposici\u00f3n para asesorarle.<\/p>","protected":false},"excerpt":{"rendered":"<ul>\n<li>Especialmente para su uso con agua caliente\/caliente.<\/li>\n<li>Revestimiento PFTE para uso con l\u00edquidos corrosivos.<\/li>\n<li>Generador de impulsos con dial seco.<\/li>\n<li>Se suministra con cable de 2,5 metros.<\/li>\n<\/ul>\n<p><em>El precio se aplica al siguiente modelo: CATCIT 15. Otros modelos est\u00e1n sujetos a un cargo adicional, solicite presupuesto.<\/em><\/p>","protected":false},"featured_media":5885,"template":"","meta":[],"product_brand":[],"product_cat":[34,40],"product_tag":[],"class_list":{"0":"post-6353","1":"product","2":"type-product","3":"status-publish","4":"has-post-thumbnail","6":"product_cat-accessoires","7":"product_cat-watermeter-met-pulsgever","9":"first","10":"instock","11":"taxable","12":"shipping-taxable","13":"purchasable","14":"product-type-simple"},"yoast_head":"<!-- This site is optimized with the Yoast SEO plugin v27.2 - https:\/\/yoast.com\/product\/yoast-seo-wordpress\/ -->\n<title>Watermeter CATCIT-20 3\/4&quot; 1i\/10L | Dosing Pump Shop B.V.<\/title>\n<meta name=\"robots\" content=\"index, follow, max-snippet:-1, max-image-preview:large, max-video-preview:-1\" \/>\n<link rel=\"canonical\" href=\"https:\/\/dosingpump.shop\/es\/producto\/contador-agua-catcit-20-3-4-1i-10l\/\" \/>\n<meta property=\"og:locale\" content=\"es_ES\" \/>\n<meta property=\"og:type\" content=\"article\" \/>\n<meta property=\"og:title\" content=\"Watermeter CATCIT-20 3\/4&quot; 1i\/10L | Dosing Pump Shop B.V.\" \/>\n<meta property=\"og:description\" content=\"Speciaal voor gebruik met warm\/heet water.  PFTE coating voor gebruik met corrosieve vloeistoffen.  Pulsgever met droge wijzerplaat.  Geleverd met 2,5 meter kabel.  Prijs geldt voor het volgende model: CATCIT 15. Voor andere modellen geldt een meerprijs, vraag daarvoor een offerte op.\" \/>\n<meta property=\"og:url\" content=\"https:\/\/dosingpump.shop\/es\/producto\/contador-agua-catcit-20-3-4-1i-10l\/\" \/>\n<meta property=\"og:site_name\" content=\"Dosing Pump Shop B.V.\" \/>\n<meta property=\"article:modified_time\" content=\"2026-02-27T12:50:17+00:00\" \/>\n<meta property=\"og:image\" content=\"https:\/\/dosingpump.shop\/wp-content\/uploads\/2024\/12\/Emec-CatCit.png\" \/>\n\t<meta property=\"og:image:width\" content=\"500\" \/>\n\t<meta property=\"og:image:height\" content=\"500\" \/>\n\t<meta property=\"og:image:type\" content=\"image\/png\" \/>\n<meta name=\"twitter:card\" content=\"summary_large_image\" \/>\n<meta name=\"twitter:label1\" content=\"Precio\" \/>\n\t<meta name=\"twitter:data1\" content=\"&euro;310,00\" \/>\n\t<meta name=\"twitter:label2\" content=\"Disponibilidad\" \/>\n\t<meta name=\"twitter:data2\" content=\"Disponible\" \/>\n<script type=\"application\/ld+json\" class=\"yoast-schema-graph\">{\"@context\":\"https:\/\/schema.org\",\"@graph\":[{\"@type\":\"WebPage\",\"@id\":\"https:\/\/dosingpump.shop\/no\/produkt\/vannmaler-catcit-20-3-4-1i-10l\/\",\"url\":\"https:\/\/dosingpump.shop\/no\/produkt\/vannmaler-catcit-20-3-4-1i-10l\/\",\"name\":\"Watermeter CATCIT-20 3\/4\\\" 1i\/10L | Dosing Pump Shop B.V.\",\"isPartOf\":{\"@id\":\"https:\/\/dosingpump.shop\/de\/#website\"},\"primaryImageOfPage\":{\"@id\":\"https:\/\/dosingpump.shop\/no\/produkt\/vannmaler-catcit-20-3-4-1i-10l\/#primaryimage\"},\"image\":{\"@id\":\"https:\/\/dosingpump.shop\/no\/produkt\/vannmaler-catcit-20-3-4-1i-10l\/#primaryimage\"},\"thumbnailUrl\":\"https:\/\/dosingpump.shop\/wp-content\/uploads\/2024\/12\/Emec-CatCit.png\",\"datePublished\":\"2025-01-22T14:19:38+00:00\",\"dateModified\":\"2026-02-27T12:50:17+00:00\",\"breadcrumb\":{\"@id\":\"https:\/\/dosingpump.shop\/no\/produkt\/vannmaler-catcit-20-3-4-1i-10l\/#breadcrumb\"},\"inLanguage\":\"es\",\"potentialAction\":[{\"@type\":\"ReadAction\",\"target\":[\"https:\/\/dosingpump.shop\/no\/produkt\/vannmaler-catcit-20-3-4-1i-10l\/\"]}]},{\"@type\":\"ImageObject\",\"inLanguage\":\"es\",\"@id\":\"https:\/\/dosingpump.shop\/no\/produkt\/vannmaler-catcit-20-3-4-1i-10l\/#primaryimage\",\"url\":\"https:\/\/dosingpump.shop\/wp-content\/uploads\/2024\/12\/Emec-CatCit.png\",\"contentUrl\":\"https:\/\/dosingpump.shop\/wp-content\/uploads\/2024\/12\/Emec-CatCit.png\",\"width\":500,\"height\":500,\"caption\":\"Emec CatCit\"},{\"@type\":\"BreadcrumbList\",\"@id\":\"https:\/\/dosingpump.shop\/no\/produkt\/vannmaler-catcit-20-3-4-1i-10l\/#breadcrumb\",\"itemListElement\":[{\"@type\":\"ListItem\",\"position\":1,\"name\":\"Home\",\"item\":\"https:\/\/dosingpump.shop\/\"},{\"@type\":\"ListItem\",\"position\":2,\"name\":\"Shop\",\"item\":\"https:\/\/dosingpump.shop\/de\/shop\/\"},{\"@type\":\"ListItem\",\"position\":3,\"name\":\"Watermeter CATCIT-20 3\/4&#8243; 1i\/10L\"}]},{\"@type\":\"WebSite\",\"@id\":\"https:\/\/dosingpump.shop\/de\/#website\",\"url\":\"https:\/\/dosingpump.shop\/de\/\",\"name\":\"Dosing Pump Shop B.V.\",\"description\":\"\",\"publisher\":{\"@id\":\"https:\/\/dosingpump.shop\/de\/#organization\"},\"potentialAction\":[{\"@type\":\"SearchAction\",\"target\":{\"@type\":\"EntryPoint\",\"urlTemplate\":\"https:\/\/dosingpump.shop\/de\/?s={search_term_string}\"},\"query-input\":{\"@type\":\"PropertyValueSpecification\",\"valueRequired\":true,\"valueName\":\"search_term_string\"}}],\"inLanguage\":\"es\"},{\"@type\":\"Organization\",\"@id\":\"https:\/\/dosingpump.shop\/de\/#organization\",\"name\":\"Dosing Pump Shop B.V.\",\"url\":\"https:\/\/dosingpump.shop\/de\/\",\"logo\":{\"@type\":\"ImageObject\",\"inLanguage\":\"es\",\"@id\":\"https:\/\/dosingpump.shop\/de\/#\/schema\/logo\/image\/\",\"url\":\"https:\/\/dosingpump.shop\/wp-content\/uploads\/2024\/10\/Dosing-Pump-Shop-logo.png\",\"contentUrl\":\"https:\/\/dosingpump.shop\/wp-content\/uploads\/2024\/10\/Dosing-Pump-Shop-logo.png\",\"width\":350,\"height\":45,\"caption\":\"Dosing Pump Shop B.V.\"},\"image\":{\"@id\":\"https:\/\/dosingpump.shop\/de\/#\/schema\/logo\/image\/\"},\"sameAs\":[\"https:\/\/linkedin.com\/company\/dosing-pump-shop\"]}]}<\/script>\n<meta property=\"product:price:amount\" content=\"310.00\" \/>\n<meta property=\"product:price:currency\" content=\"EUR\" \/>\n<meta property=\"og:availability\" content=\"instock\" \/>\n<meta property=\"product:availability\" content=\"instock\" \/>\n<meta property=\"product:retailer_item_id\" content=\"CATCT020001D02,5000X\" \/>\n<meta property=\"product:condition\" content=\"new\" \/>\n<!-- \/ Yoast SEO plugin. -->","yoast_head_json":{"title":"Contador de agua CATCIT-20 3\/4\" 1i\/10L | Dosing Pump Shop B.V.","robots":{"index":"index","follow":"follow","max-snippet":"max-snippet:-1","max-image-preview":"max-image-preview:large","max-video-preview":"max-video-preview:-1"},"canonical":"https:\/\/dosingpump.shop\/es\/producto\/contador-agua-catcit-20-3-4-1i-10l\/","og_locale":"es_ES","og_type":"article","og_title":"Watermeter CATCIT-20 3\/4\" 1i\/10L | Dosing Pump Shop B.V.","og_description":"Speciaal voor gebruik met warm\/heet water.  PFTE coating voor gebruik met corrosieve vloeistoffen.  Pulsgever met droge wijzerplaat.  Geleverd met 2,5 meter kabel.  Prijs geldt voor het volgende model: CATCIT 15. Voor andere modellen geldt een meerprijs, vraag daarvoor een offerte op.","og_url":"https:\/\/dosingpump.shop\/es\/producto\/contador-agua-catcit-20-3-4-1i-10l\/","og_site_name":"Dosing Pump Shop B.V.","article_modified_time":"2026-02-27T12:50:17+00:00","og_image":[{"width":500,"height":500,"url":"https:\/\/dosingpump.shop\/wp-content\/uploads\/2024\/12\/Emec-CatCit.png","type":"image\/png"}],"twitter_card":"summary_large_image","twitter_misc":{"Precio":"&euro;310,00","Disponibilidad":"Disponible"},"schema":{"@context":"https:\/\/schema.org","@graph":[{"@type":"WebPage","@id":"https:\/\/dosingpump.shop\/no\/produkt\/vannmaler-catcit-20-3-4-1i-10l\/","url":"https:\/\/dosingpump.shop\/no\/produkt\/vannmaler-catcit-20-3-4-1i-10l\/","name":"Contador de agua CATCIT-20 3\/4\" 1i\/10L | Dosing Pump Shop B.V.","isPartOf":{"@id":"https:\/\/dosingpump.shop\/de\/#website"},"primaryImageOfPage":{"@id":"https:\/\/dosingpump.shop\/no\/produkt\/vannmaler-catcit-20-3-4-1i-10l\/#primaryimage"},"image":{"@id":"https:\/\/dosingpump.shop\/no\/produkt\/vannmaler-catcit-20-3-4-1i-10l\/#primaryimage"},"thumbnailUrl":"https:\/\/dosingpump.shop\/wp-content\/uploads\/2024\/12\/Emec-CatCit.png","datePublished":"2025-01-22T14:19:38+00:00","dateModified":"2026-02-27T12:50:17+00:00","breadcrumb":{"@id":"https:\/\/dosingpump.shop\/no\/produkt\/vannmaler-catcit-20-3-4-1i-10l\/#breadcrumb"},"inLanguage":"es","potentialAction":[{"@type":"ReadAction","target":["https:\/\/dosingpump.shop\/no\/produkt\/vannmaler-catcit-20-3-4-1i-10l\/"]}]},{"@type":"ImageObject","inLanguage":"es","@id":"https:\/\/dosingpump.shop\/no\/produkt\/vannmaler-catcit-20-3-4-1i-10l\/#primaryimage","url":"https:\/\/dosingpump.shop\/wp-content\/uploads\/2024\/12\/Emec-CatCit.png","contentUrl":"https:\/\/dosingpump.shop\/wp-content\/uploads\/2024\/12\/Emec-CatCit.png","width":500,"height":500,"caption":"Emec CatCit"},{"@type":"BreadcrumbList","@id":"https:\/\/dosingpump.shop\/no\/produkt\/vannmaler-catcit-20-3-4-1i-10l\/#breadcrumb","itemListElement":[{"@type":"ListItem","position":1,"name":"Home","item":"https:\/\/dosingpump.shop\/"},{"@type":"ListItem","position":2,"name":"Shop","item":"https:\/\/dosingpump.shop\/de\/shop\/"},{"@type":"ListItem","position":3,"name":"Watermeter CATCIT-20 3\/4&#8243; 1i\/10L"}]},{"@type":"WebSite","@id":"https:\/\/dosingpump.shop\/de\/#website","url":"https:\/\/dosingpump.shop\/de\/","name":"Dosing Pump Shop B.V.","description":"","publisher":{"@id":"https:\/\/dosingpump.shop\/de\/#organization"},"potentialAction":[{"@type":"SearchAction","target":{"@type":"EntryPoint","urlTemplate":"https:\/\/dosingpump.shop\/de\/?s={search_term_string}"},"query-input":{"@type":"PropertyValueSpecification","valueRequired":true,"valueName":"search_term_string"}}],"inLanguage":"es"},{"@type":"Organization","@id":"https:\/\/dosingpump.shop\/de\/#organization","name":"Dosing Pump Shop B.V.","url":"https:\/\/dosingpump.shop\/de\/","logo":{"@type":"ImageObject","inLanguage":"es","@id":"https:\/\/dosingpump.shop\/de\/#\/schema\/logo\/image\/","url":"https:\/\/dosingpump.shop\/wp-content\/uploads\/2024\/10\/Dosing-Pump-Shop-logo.png","contentUrl":"https:\/\/dosingpump.shop\/wp-content\/uploads\/2024\/10\/Dosing-Pump-Shop-logo.png","width":350,"height":45,"caption":"Dosing Pump Shop B.V."},"image":{"@id":"https:\/\/dosingpump.shop\/de\/#\/schema\/logo\/image\/"},"sameAs":["https:\/\/linkedin.com\/company\/dosing-pump-shop"]}]},"product_price_amount":"310.00","product_price_currency":"EUR","og_availability":"instock","product_availability":"instock","product_retailer_item_id":"CATCT020001D02,5000X","product_condition":"new"},"_links":{"self":[{"href":"https:\/\/dosingpump.shop\/es\/wp-json\/wp\/v2\/product\/6353","targetHints":{"allow":["GET"]}}],"collection":[{"href":"https:\/\/dosingpump.shop\/es\/wp-json\/wp\/v2\/product"}],"about":[{"href":"https:\/\/dosingpump.shop\/es\/wp-json\/wp\/v2\/types\/product"}],"wp:featuredmedia":[{"embeddable":true,"href":"https:\/\/dosingpump.shop\/es\/wp-json\/wp\/v2\/media\/5885"}],"wp:attachment":[{"href":"https:\/\/dosingpump.shop\/es\/wp-json\/wp\/v2\/media?parent=6353"}],"wp:term":[{"taxonomy":"product_brand","embeddable":true,"href":"https:\/\/dosingpump.shop\/es\/wp-json\/wp\/v2\/product_brand?post=6353"},{"taxonomy":"product_cat","embeddable":true,"href":"https:\/\/dosingpump.shop\/es\/wp-json\/wp\/v2\/product_cat?post=6353"},{"taxonomy":"product_tag","embeddable":true,"href":"https:\/\/dosingpump.shop\/es\/wp-json\/wp\/v2\/product_tag?post=6353"}],"curies":[{"name":"wp","href":"https:\/\/api.w.org\/{rel}","templated":true}]}}