{"id":3646,"date":"2024-11-14T11:55:13","date_gmt":"2024-11-14T11:55:13","guid":{"rendered":"https:\/\/dosingpump.shop\/?page_id=3646"},"modified":"2025-01-28T13:37:46","modified_gmt":"2025-01-28T13:37:46","slug":"pyyda-tarjous","status":"publish","type":"page","link":"https:\/\/dosingpump.shop\/fi\/offerte-aanvragen\/","title":{"rendered":"Pyyd\u00e4 tarjous"},"content":{"rendered":"\t\t<div data-elementor-type=\"wp-page\" data-elementor-id=\"3646\" class=\"elementor elementor-3646\" data-elementor-post-type=\"page\">\n\t\t\t\t<div class=\"elementor-element elementor-element-6e9f517 e-flex e-con-boxed e-con e-parent\" data-id=\"6e9f517\" data-element_type=\"container\" data-e-type=\"container\">\n\t\t\t\t\t<div class=\"e-con-inner\">\n\t\t\t\t<div class=\"elementor-element elementor-element-2b8bae6 header-alt elementor-widget elementor-widget-heading\" data-id=\"2b8bae6\" data-element_type=\"widget\" data-e-type=\"widget\" data-widget_type=\"heading.default\">\n\t\t\t\t<div class=\"elementor-widget-container\">\n\t\t\t\t\t<span class=\"elementor-heading-title elementor-size-default\">Offerte<\/span>\t\t\t\t<\/div>\n\t\t\t\t<\/div>\n\t\t\t\t<div class=\"elementor-element elementor-element-270ec9e elementor-widget__width-inherit elementor-widget elementor-widget-heading\" data-id=\"270ec9e\" data-element_type=\"widget\" data-e-type=\"widget\" data-widget_type=\"heading.default\">\n\t\t\t\t<div class=\"elementor-widget-container\">\n\t\t\t\t\t<h1 class=\"elementor-heading-title elementor-size-default\">Offerte aanvragen<\/h1>\t\t\t\t<\/div>\n\t\t\t\t<\/div>\n\t\t\t\t<div class=\"elementor-element elementor-element-edb5952 elementor-widget__width-initial elementor-widget-tablet__width-inherit offerte elementor-widget elementor-widget-jet-form-builder-form\" data-id=\"edb5952\" data-element_type=\"widget\" data-e-type=\"widget\" data-widget_type=\"jet-form-builder-form.default\">\n\t\t\t\t<div class=\"elementor-widget-container\">\n\t\t\t\t\t<link rel='stylesheet' id='wp-block-library-css' href='https:\/\/dosingpump.shop\/wp-includes\/css\/dist\/block-library\/style.min.css?ver=6.9.4' media='all' \/>\n<style id=\"jet-form-builder-5686-inline-css\"><\/style><form  class=\"jet-form-builder layout-column submit-type-ajax\" action=\"https:\/\/dosingpump.shop\/fi\/wp-json\/wp\/v2\/pages\/3646\/?BNsYHs=J02VagE6fp&amp;method=reload\" method=\"POST\" data-form-id=\"5686\" data-layout=\"column\" enctype=\"multipart\/form-data\" data-clear=\"1\" novalidate=\"null\" ssr_validation_method=\"rest\"><input type=\"hidden\" id=\"_wpnonce\" name=\"_wpnonce\" value=\"313224fbbb\" \/><input type=\"hidden\" name=\"_wp_http_referer\" value=\"\/fi\/wp-json\/wp\/v2\/pages\/3646\" \/>\r\n<input type=\"hidden\" name=\"_jfb_current_render_states[]\" value=\"DEFAULT.STATE\" data-jfb-sync \/><input type=\"hidden\" class=\"jet-form-builder__field hidden-field\" name=\"_jet_engine_booking_form_id\" data-field-name=\"_jet_engine_booking_form_id\" value=\"5686\">\n<input type=\"hidden\" class=\"jet-form-builder__field hidden-field\" name=\"_jet_engine_refer\" data-field-name=\"_jet_engine_refer\" value=\"https:\/\/dosingpump.shop\/fi\/wp-json\/wp\/v2\/pages\/3646\/\">\n<input type=\"hidden\" class=\"jet-form-builder__field hidden-field\" name=\"__queried_post_id\" data-field-name=\"__queried_post_id\" value=\"3646\">\n\n<input type=\"hidden\" class=\"jet-form-builder__field hidden-field\" name=\"post_id\" data-field-name=\"post_id\" data-jfb-sync=\"null\" value=\"3646\">\n\n\n\n\n<input type=\"hidden\" class=\"jet-form-builder__field hidden-field\" name=\"query_var\" data-field-name=\"query_var\" data-jfb-sync=\"null\">\n\n\n\n\n<input type=\"hidden\" class=\"jet-form-builder__field hidden-field\" name=\"post_title\" data-field-name=\"post_title\" data-jfb-sync=\"null\">\n\n\n\n<div class=\"jet-form-builder__conditional \" data-jfb-conditional=\"[{&quot;operator&quot;:&quot;not_empty&quot;,&quot;value&quot;:&quot;&quot;,&quot;field&quot;:&quot;query_var&quot;,&quot;use_preset&quot;:false}]\" data-jfb-func=\"show\">\n<div  class=\"jet-form-builder-row field-type-choices-field\" >\n<ul class=\"jet-form-builder-choice wp-block-jet-forms-choices-field is-layout-flex wp-block-jet-forms-choices-field-is-layout-flex\" data-jfb-sync=\"1\" role=\"radiogroup\" aria-required=\"true\">\n<li class=\"jet-form-builder-choice--item is-checked wp-block-jet-forms-choice has-background has-f-0-f-4-f-9-background-color is-layout-flex wp-container-jet-forms-choice-is-layout-fe9cc265 wp-block-jet-forms-choice-is-layout-flex\" aria-checked=\"true\" role=\"radio\" tabindex=\"0\">\n<div class=\"jet-listing-dynamic-field-block cb-kfr10vyb\"data-is-block=\"jet-engine\/dynamic-field\"><div class=\"jet-listing jet-listing-dynamic-field display-inline\"><div class=\"jet-listing-dynamic-field__inline-wrap\"><div class=\"jet-listing-dynamic-field__content\" >Offerte aanvragen<\/div><\/div><\/div><\/div>\n\n<div class=\"jet-listing-dynamic-field-block cb-pk3yzp2w\"data-is-block=\"jet-engine\/dynamic-field\"><div class=\"jet-listing jet-listing-dynamic-field display-inline\"><div class=\"jet-listing-dynamic-field__inline-wrap\"><div class=\"jet-listing-dynamic-field__content\" ><\/div><\/div><\/div><\/div>\n\n\n<span style=\"--jfb-choice-control-width:24px;\" class=\"jet-form-builder-choice--item-control  wp-block-jet-forms-choice-control \"><input type=\"radio\" name=\"type-aanvraag\" id=\"type-aanvraag\" value=\"specifiek\" required=\"1\" checked=\"checked\" class=\"jet-form-builder-choice--item-control-input\"\/><\/span>\n\n<\/li>\n\n<li class=\"jet-form-builder-choice--item wp-block-jet-forms-choice has-background has-f-0-f-4-f-9-background-color is-layout-flex wp-container-jet-forms-choice-is-layout-fe9cc265 wp-block-jet-forms-choice-is-layout-flex\" aria-checked=\"false\" role=\"radio\" tabindex=\"0\">\n\n<p>Algemene offerte(aan)vraag<\/p>\n\n\n\n<figure class=\"wp-block-image size-full is-resized\"><img fetchpriority=\"high\" decoding=\"async\" width=\"600\" height=\"400\" src=\"https:\/\/dosingpump.shop\/wp-content\/uploads\/2024\/12\/Dosingpump-Placeholder_Tekengebied-1.webp\" alt=\"\" class=\"wp-image-5530\" style=\"object-fit:cover;width:150px;height:150px\" srcset=\"https:\/\/dosingpump.shop\/wp-content\/uploads\/2024\/12\/Dosingpump-Placeholder_Tekengebied-1.webp 600w, https:\/\/dosingpump.shop\/wp-content\/uploads\/2024\/12\/Dosingpump-Placeholder_Tekengebied-1-300x200.jpg 300w, https:\/\/dosingpump.shop\/wp-content\/uploads\/2024\/12\/Dosingpump-Placeholder_Tekengebied-1-18x12.jpg 18w\" sizes=\"(max-width: 600px) 100vw, 600px\" \/><\/figure>\n\n\n\n<span style=\"--jfb-choice-control-width:24px;\" class=\"jet-form-builder-choice--item-control  wp-block-jet-forms-choice-control \"><input type=\"radio\" name=\"type-aanvraag\" id=\"type-aanvraag_1\" value=\"algemeen\" required=\"1\" class=\"jet-form-builder-choice--item-control-input\"\/><\/span>\n\n<\/li>\n<\/ul>\n<\/div>\n<\/div>\n\n<div  class=\"jet-form-builder-row field-type-text-field\" >\n<div class=\"jet-form-builder__field-wrap\">\n\t\t\t\t<input placeholder=\"Voor- en achternaam\" required=\"required\" name=\"naam\" id=\"naam\" type=\"text\" data-field-name=\"naam\" class=\"jet-form-builder__field text-field\" data-jfb-sync=\"null\" autocomplete=\"off_XwlFL9su\">\n\t\t\t\t\t<\/div>\n<\/div>\n\n<div  class=\"jet-form-builder-row field-type-text-field\" >\n<div class=\"jet-form-builder__field-wrap\">\n\t\t\t\t<input placeholder=\"Emailadres\" required=\"required\" name=\"email\" id=\"email\" type=\"text\" data-field-name=\"email\" class=\"jet-form-builder__field text-field\" data-jfb-sync=\"null\" autocomplete=\"off_ElfCghy1\">\n\t\t\t\t\t<\/div>\n<\/div>\n\n<div  class=\"jet-form-builder-row field-type-text-field\" >\n<div class=\"jet-form-builder__field-wrap\">\n\t\t\t\t<input placeholder=\"Telefoonnummer (optioneel)\" name=\"telefoonnummer\" id=\"telefoonnummer\" type=\"text\" data-field-name=\"telefoonnummer\" class=\"jet-form-builder__field text-field\" data-jfb-sync=\"null\" autocomplete=\"off_9Bt2vEFP\">\n\t\t\t\t\t<\/div>\n<\/div>\n\n<div class=\"jet-form-builder__conditional \" data-jfb-conditional=\"[{&quot;operator&quot;:&quot;empty&quot;,&quot;value&quot;:&quot;&quot;,&quot;field&quot;:&quot;post_id&quot;,&quot;use_preset&quot;:false},{&quot;__visible&quot;:false,&quot;or_operator&quot;:true},{&quot;operator&quot;:&quot;equal&quot;,&quot;value&quot;:&quot;algemeen&quot;,&quot;field&quot;:&quot;type-aanvraag&quot;,&quot;use_preset&quot;:false}]\" data-jfb-func=\"show\">\n<div  class=\"jet-form-builder-row field-type-textarea-field\" >\n<div class=\"jet-form-builder__field-wrap\">\n\t\t<textarea class=\"jet-form-builder__field textarea-field\" placeholder=\"Geef aan in welk product u ge\u00efnteresseerd bent. Naast het merk en het type kunt u - waar nodig - ook aangeven welke capaciteit en druk de doseerpomp moet kunnen leveren.\" required=\"required\" name=\"omschrijving\" data-field-name=\"omschrijving\" id=\"omschrijving\" data-jfb-sync=\"null\"><\/textarea>\n\t<\/div>\n<\/div>\n<\/div>\n\n<div class=\"jet-form-builder__conditional \" data-jfb-conditional=\"[{&quot;operator&quot;:&quot;not_empty&quot;,&quot;value&quot;:&quot;&quot;,&quot;field&quot;:&quot;post_id&quot;,&quot;use_preset&quot;:false},{&quot;operator&quot;:&quot;equal&quot;,&quot;value&quot;:&quot;specifiek&quot;,&quot;field&quot;:&quot;type-aanvraag&quot;,&quot;use_preset&quot;:false}]\" data-jfb-func=\"show\">\n<div  class=\"jet-form-builder-row field-type-textarea-field\" >\n<div class=\"jet-form-builder__field-wrap\">\n\t\t<textarea class=\"jet-form-builder__field textarea-field\" placeholder=\"Geef hier een korte beschrijving over uw wensen en indien mogelijk, kunt u ook aangeven welke druk en bar u nodig heeft. \" required=\"required\" name=\"omschrijving-alt\" data-field-name=\"omschrijving-alt\" id=\"omschrijving-alt\" data-jfb-sync=\"null\"><\/textarea>\n\t<\/div>\n<\/div>\n<\/div>\n\n<input type=\"hidden\" class=\"captcha-token\" name=\"_captcha_token\" value=\"\"\/><div  class=\"jet-form-builder-row field-type-submit-field\" >\n\t<div data-type=\"submit\" class=\"jet-form-builder__action-button-wrapper jet-form-builder__submit-wrap\">\n\t<button class=\"jet-form-builder__action-button jet-form-builder__submit submit-type-ajax\" type=\"submit\">Versturen<\/button>\n\t<\/div>\n\t\n<\/div>\t<div class=\"jet-form-builder-messages-wrap\" data-form-id=\"5686\"><\/div>\n<\/form>\n\t\t\t\t<\/div>\n\t\t\t\t<\/div>\n\t\t<div class=\"elementor-element elementor-element-45c8117 e-con-full e-flex e-con e-child\" data-id=\"45c8117\" data-element_type=\"container\" data-e-type=\"container\">\n\t\t\t\t<div class=\"elementor-element elementor-element-3a1aa61 elementor-widget elementor-widget-text-editor\" data-id=\"3a1aa61\" data-element_type=\"widget\" data-e-type=\"widget\" data-widget_type=\"text-editor.default\">\n\t\t\t\t<div class=\"elementor-widget-container\">\n\t\t\t\t\t\t\t\t\t<p>Weet u niet welke doseerpomp u moet hebben? Wij helpen u graag met het kiezen van de juiste doseerpomp. Onze experts staan voor u klaar.<\/p>\t\t\t\t\t\t\t\t<\/div>\n\t\t\t\t<\/div>\n\t\t\t\t<div class=\"elementor-element elementor-element-205f94b elementor-icon-list--layout-traditional elementor-list-item-link-full_width elementor-widget elementor-widget-icon-list\" data-id=\"205f94b\" data-element_type=\"widget\" data-e-type=\"widget\" data-widget_type=\"icon-list.default\">\n\t\t\t\t<div class=\"elementor-widget-container\">\n\t\t\t\t\t\t\t<ul class=\"elementor-icon-list-items\">\n\t\t\t\t\t\t\t<li class=\"elementor-icon-list-item\">\n\t\t\t\t\t\t\t\t\t\t\t<a href=\"mailto:info@dosingpump.shop\">\n\n\t\t\t\t\t\t\t\t\t\t\t\t<span class=\"elementor-icon-list-icon\">\n\t\t\t\t\t\t\t<i aria-hidden=\"true\" class=\"custom custom-mail\"><\/i>\t\t\t\t\t\t<\/span>\n\t\t\t\t\t\t\t\t\t\t<span class=\"elementor-icon-list-text\">info@dosingpump.shop<\/span>\n\t\t\t\t\t\t\t\t\t\t\t<\/a>\n\t\t\t\t\t\t\t\t\t<\/li>\n\t\t\t\t\t\t\t\t<li class=\"elementor-icon-list-item\">\n\t\t\t\t\t\t\t\t\t\t\t<a href=\"tel:+31%20164%20321%20029\">\n\n\t\t\t\t\t\t\t\t\t\t\t\t<span class=\"elementor-icon-list-icon\">\n\t\t\t\t\t\t\t<i aria-hidden=\"true\" class=\"custom custom-telefoon\"><\/i>\t\t\t\t\t\t<\/span>\n\t\t\t\t\t\t\t\t\t\t<span class=\"elementor-icon-list-text\">+31 (0) 164 - 321 029<\/span>\n\t\t\t\t\t\t\t\t\t\t\t<\/a>\n\t\t\t\t\t\t\t\t\t<\/li>\n\t\t\t\t\t\t\t\t<li class=\"elementor-icon-list-item\">\n\t\t\t\t\t\t\t\t\t\t\t<a href=\"https:\/\/wa.me\/31164321029\">\n\n\t\t\t\t\t\t\t\t\t\t\t\t<span class=\"elementor-icon-list-icon\">\n\t\t\t\t\t\t\t<i aria-hidden=\"true\" class=\"custom custom-tekstwolk\"><\/i>\t\t\t\t\t\t<\/span>\n\t\t\t\t\t\t\t\t\t\t<span class=\"elementor-icon-list-text\">Whatsapp<\/span>\n\t\t\t\t\t\t\t\t\t\t\t<\/a>\n\t\t\t\t\t\t\t\t\t<\/li>\n\t\t\t\t\t\t<\/ul>\n\t\t\t\t\t\t<\/div>\n\t\t\t\t<\/div>\n\t\t\t\t<\/div>\n\t\t\t\t\t<\/div>\n\t\t\t\t<\/div>\n\t\t\t\t<\/div>\n\t\t","protected":false},"excerpt":{"rendered":"<p>Pyyd\u00e4 tarjous Pyyd\u00e4 tarjous Yleinen tarjous\/tiedustelu L\u00e4het\u00e4 Etk\u00f6 ole varma, mik\u00e4 annostelupumppu sinun pit\u00e4isi hankkia? Autamme mielell\u00e4mme oikean annostelupumpun valinnassa. Asiantuntijamme ovat valmiina sinua varten. info@dosingpump.shop +31 (0) 164 - 321 029 Whatsapp Whatsapp<\/p>","protected":false},"author":2,"featured_media":0,"parent":0,"menu_order":0,"comment_status":"closed","ping_status":"closed","template":"","meta":{"footnotes":""},"class_list":["post-3646","page","type-page","status-publish","hentry"],"yoast_head":"<!-- This site is optimized with the Yoast SEO plugin v27.2 - https:\/\/yoast.com\/product\/yoast-seo-wordpress\/ -->\n<title>Offerte aanvragen - Dosing Pump Shop B.V.<\/title>\n<meta name=\"robots\" content=\"index, follow, max-snippet:-1, max-image-preview:large, max-video-preview:-1\" \/>\n<link rel=\"canonical\" href=\"https:\/\/dosingpump.shop\/fi\/pyyda-tarjous\/\" \/>\n<meta property=\"og:locale\" content=\"fi_FI\" \/>\n<meta property=\"og:type\" content=\"article\" \/>\n<meta property=\"og:title\" content=\"Offerte aanvragen - Dosing Pump Shop B.V.\" \/>\n<meta property=\"og:description\" content=\"Offerte Offerte aanvragen Offerte aanvragen Algemene offerte(aan)vraag Versturen Weet u niet welke doseerpomp u moet hebben? Wij helpen u graag met het kiezen van de juiste doseerpomp. Onze experts staan voor u klaar. info@dosingpump.shop +31 (0) 164 &#8211; 321 029 Whatsapp\" \/>\n<meta property=\"og:url\" content=\"https:\/\/dosingpump.shop\/fi\/pyyda-tarjous\/\" \/>\n<meta property=\"og:site_name\" content=\"Dosing Pump Shop B.V.\" \/>\n<meta property=\"article:modified_time\" content=\"2025-01-28T13:37:46+00:00\" \/>\n<meta property=\"og:image\" content=\"https:\/\/dosingpump.shop\/wp-content\/uploads\/2024\/12\/Dosingpump-Placeholder_Tekengebied-1.webp\" \/>\n<meta name=\"twitter:card\" content=\"summary_large_image\" \/>\n<meta name=\"twitter:label1\" content=\"Arvioitu lukuaika\" \/>\n\t<meta name=\"twitter:data1\" content=\"1 minuutti\" \/>\n<script type=\"application\/ld+json\" class=\"yoast-schema-graph\">{\"@context\":\"https:\/\/schema.org\",\"@graph\":[{\"@type\":\"WebPage\",\"@id\":\"https:\/\/dosingpump.shop\/ee\/kusige-hinnapakkumist\/\",\"url\":\"https:\/\/dosingpump.shop\/ee\/kusige-hinnapakkumist\/\",\"name\":\"Offerte aanvragen - Dosing Pump Shop B.V.\",\"isPartOf\":{\"@id\":\"https:\/\/dosingpump.shop\/de\/#website\"},\"primaryImageOfPage\":{\"@id\":\"https:\/\/dosingpump.shop\/ee\/kusige-hinnapakkumist\/#primaryimage\"},\"image\":{\"@id\":\"https:\/\/dosingpump.shop\/ee\/kusige-hinnapakkumist\/#primaryimage\"},\"thumbnailUrl\":\"https:\/\/dosingpump.shop\/wp-content\/uploads\/2024\/12\/Dosingpump-Placeholder_Tekengebied-1.webp\",\"datePublished\":\"2024-11-14T11:55:13+00:00\",\"dateModified\":\"2025-01-28T13:37:46+00:00\",\"breadcrumb\":{\"@id\":\"https:\/\/dosingpump.shop\/ee\/kusige-hinnapakkumist\/#breadcrumb\"},\"inLanguage\":\"fi\",\"potentialAction\":[{\"@type\":\"ReadAction\",\"target\":[\"https:\/\/dosingpump.shop\/ee\/kusige-hinnapakkumist\/\"]}]},{\"@type\":\"ImageObject\",\"inLanguage\":\"fi\",\"@id\":\"https:\/\/dosingpump.shop\/ee\/kusige-hinnapakkumist\/#primaryimage\",\"url\":\"https:\/\/dosingpump.shop\/wp-content\/uploads\/2024\/12\/Dosingpump-Placeholder_Tekengebied-1.webp\",\"contentUrl\":\"https:\/\/dosingpump.shop\/wp-content\/uploads\/2024\/12\/Dosingpump-Placeholder_Tekengebied-1.webp\"},{\"@type\":\"BreadcrumbList\",\"@id\":\"https:\/\/dosingpump.shop\/ee\/kusige-hinnapakkumist\/#breadcrumb\",\"itemListElement\":[{\"@type\":\"ListItem\",\"position\":1,\"name\":\"Home\",\"item\":\"https:\/\/dosingpump.shop\/\"},{\"@type\":\"ListItem\",\"position\":2,\"name\":\"Offerte aanvragen\"}]},{\"@type\":\"WebSite\",\"@id\":\"https:\/\/dosingpump.shop\/de\/#website\",\"url\":\"https:\/\/dosingpump.shop\/de\/\",\"name\":\"Dosing Pump Shop B.V.\",\"description\":\"\",\"publisher\":{\"@id\":\"https:\/\/dosingpump.shop\/de\/#organization\"},\"potentialAction\":[{\"@type\":\"SearchAction\",\"target\":{\"@type\":\"EntryPoint\",\"urlTemplate\":\"https:\/\/dosingpump.shop\/de\/?s={search_term_string}\"},\"query-input\":{\"@type\":\"PropertyValueSpecification\",\"valueRequired\":true,\"valueName\":\"search_term_string\"}}],\"inLanguage\":\"fi\"},{\"@type\":\"Organization\",\"@id\":\"https:\/\/dosingpump.shop\/de\/#organization\",\"name\":\"Dosing Pump Shop B.V.\",\"url\":\"https:\/\/dosingpump.shop\/de\/\",\"logo\":{\"@type\":\"ImageObject\",\"inLanguage\":\"fi\",\"@id\":\"https:\/\/dosingpump.shop\/de\/#\/schema\/logo\/image\/\",\"url\":\"https:\/\/dosingpump.shop\/wp-content\/uploads\/2024\/10\/Dosing-Pump-Shop-logo.png\",\"contentUrl\":\"https:\/\/dosingpump.shop\/wp-content\/uploads\/2024\/10\/Dosing-Pump-Shop-logo.png\",\"width\":350,\"height\":45,\"caption\":\"Dosing Pump Shop B.V.\"},\"image\":{\"@id\":\"https:\/\/dosingpump.shop\/de\/#\/schema\/logo\/image\/\"},\"sameAs\":[\"https:\/\/linkedin.com\/company\/dosing-pump-shop\"]}]}<\/script>\n<!-- \/ Yoast SEO plugin. -->","yoast_head_json":{"title":"Pyyd\u00e4 tarjous - Dosing Pump Shop B.V.","robots":{"index":"index","follow":"follow","max-snippet":"max-snippet:-1","max-image-preview":"max-image-preview:large","max-video-preview":"max-video-preview:-1"},"canonical":"https:\/\/dosingpump.shop\/fi\/pyyda-tarjous\/","og_locale":"fi_FI","og_type":"article","og_title":"Offerte aanvragen - Dosing Pump Shop B.V.","og_description":"Offerte Offerte aanvragen Offerte aanvragen Algemene offerte(aan)vraag Versturen Weet u niet welke doseerpomp u moet hebben? Wij helpen u graag met het kiezen van de juiste doseerpomp. Onze experts staan voor u klaar. info@dosingpump.shop +31 (0) 164 &#8211; 321 029 Whatsapp","og_url":"https:\/\/dosingpump.shop\/fi\/pyyda-tarjous\/","og_site_name":"Dosing Pump Shop B.V.","article_modified_time":"2025-01-28T13:37:46+00:00","og_image":[{"url":"https:\/\/dosingpump.shop\/wp-content\/uploads\/2024\/12\/Dosingpump-Placeholder_Tekengebied-1.webp","type":"","width":"","height":""}],"twitter_card":"summary_large_image","twitter_misc":{"Arvioitu lukuaika":"1 minuutti"},"schema":{"@context":"https:\/\/schema.org","@graph":[{"@type":"WebPage","@id":"https:\/\/dosingpump.shop\/ee\/kusige-hinnapakkumist\/","url":"https:\/\/dosingpump.shop\/ee\/kusige-hinnapakkumist\/","name":"Pyyd\u00e4 tarjous - Dosing Pump Shop B.V.","isPartOf":{"@id":"https:\/\/dosingpump.shop\/de\/#website"},"primaryImageOfPage":{"@id":"https:\/\/dosingpump.shop\/ee\/kusige-hinnapakkumist\/#primaryimage"},"image":{"@id":"https:\/\/dosingpump.shop\/ee\/kusige-hinnapakkumist\/#primaryimage"},"thumbnailUrl":"https:\/\/dosingpump.shop\/wp-content\/uploads\/2024\/12\/Dosingpump-Placeholder_Tekengebied-1.webp","datePublished":"2024-11-14T11:55:13+00:00","dateModified":"2025-01-28T13:37:46+00:00","breadcrumb":{"@id":"https:\/\/dosingpump.shop\/ee\/kusige-hinnapakkumist\/#breadcrumb"},"inLanguage":"fi","potentialAction":[{"@type":"ReadAction","target":["https:\/\/dosingpump.shop\/ee\/kusige-hinnapakkumist\/"]}]},{"@type":"ImageObject","inLanguage":"fi","@id":"https:\/\/dosingpump.shop\/ee\/kusige-hinnapakkumist\/#primaryimage","url":"https:\/\/dosingpump.shop\/wp-content\/uploads\/2024\/12\/Dosingpump-Placeholder_Tekengebied-1.webp","contentUrl":"https:\/\/dosingpump.shop\/wp-content\/uploads\/2024\/12\/Dosingpump-Placeholder_Tekengebied-1.webp"},{"@type":"BreadcrumbList","@id":"https:\/\/dosingpump.shop\/ee\/kusige-hinnapakkumist\/#breadcrumb","itemListElement":[{"@type":"ListItem","position":1,"name":"Home","item":"https:\/\/dosingpump.shop\/"},{"@type":"ListItem","position":2,"name":"Offerte aanvragen"}]},{"@type":"WebSite","@id":"https:\/\/dosingpump.shop\/de\/#website","url":"https:\/\/dosingpump.shop\/de\/","name":"Dosing Pump Shop B.V.","description":"","publisher":{"@id":"https:\/\/dosingpump.shop\/de\/#organization"},"potentialAction":[{"@type":"SearchAction","target":{"@type":"EntryPoint","urlTemplate":"https:\/\/dosingpump.shop\/de\/?s={search_term_string}"},"query-input":{"@type":"PropertyValueSpecification","valueRequired":true,"valueName":"search_term_string"}}],"inLanguage":"fi"},{"@type":"Organization","@id":"https:\/\/dosingpump.shop\/de\/#organization","name":"Dosing Pump Shop B.V.","url":"https:\/\/dosingpump.shop\/de\/","logo":{"@type":"ImageObject","inLanguage":"fi","@id":"https:\/\/dosingpump.shop\/de\/#\/schema\/logo\/image\/","url":"https:\/\/dosingpump.shop\/wp-content\/uploads\/2024\/10\/Dosing-Pump-Shop-logo.png","contentUrl":"https:\/\/dosingpump.shop\/wp-content\/uploads\/2024\/10\/Dosing-Pump-Shop-logo.png","width":350,"height":45,"caption":"Dosing Pump Shop B.V."},"image":{"@id":"https:\/\/dosingpump.shop\/de\/#\/schema\/logo\/image\/"},"sameAs":["https:\/\/linkedin.com\/company\/dosing-pump-shop"]}]}},"_links":{"self":[{"href":"https:\/\/dosingpump.shop\/fi\/wp-json\/wp\/v2\/pages\/3646","targetHints":{"allow":["GET"]}}],"collection":[{"href":"https:\/\/dosingpump.shop\/fi\/wp-json\/wp\/v2\/pages"}],"about":[{"href":"https:\/\/dosingpump.shop\/fi\/wp-json\/wp\/v2\/types\/page"}],"author":[{"embeddable":true,"href":"https:\/\/dosingpump.shop\/fi\/wp-json\/wp\/v2\/users\/2"}],"replies":[{"embeddable":true,"href":"https:\/\/dosingpump.shop\/fi\/wp-json\/wp\/v2\/comments?post=3646"}],"version-history":[{"count":49,"href":"https:\/\/dosingpump.shop\/fi\/wp-json\/wp\/v2\/pages\/3646\/revisions"}],"predecessor-version":[{"id":6488,"href":"https:\/\/dosingpump.shop\/fi\/wp-json\/wp\/v2\/pages\/3646\/revisions\/6488"}],"wp:attachment":[{"href":"https:\/\/dosingpump.shop\/fi\/wp-json\/wp\/v2\/media?parent=3646"}],"curies":[{"name":"wp","href":"https:\/\/api.w.org\/{rel}","templated":true}]}}