{"id":3905,"date":"2024-12-05T12:21:29","date_gmt":"2024-12-05T12:21:29","guid":{"rendered":"https:\/\/dosingpump.shop\/?post_type=product&#038;p=3905"},"modified":"2026-02-27T14:49:13","modified_gmt":"2026-02-27T12:49:13","slug":"vesimittari-catci-20-3-4-225i-l","status":"publish","type":"product","link":"https:\/\/dosingpump.shop\/fi\/product\/watermeter-catci-20-3-4-225i-l\/","title":{"rendered":"Vesimittari CATCI-20 3\/4\" 22.5i\/L"},"content":{"rendered":"<h3>Emec CatCi | Vesimittari, jossa on pulssi kuumalle vedelle<\/h3>\n<p>The <strong>Emec CatCi<\/strong> on pulssigeneraattorilla varustettu vesimittari, joka on suunniteltu tarkkoihin vesivirtojen mittauksiin. T\u00e4t\u00e4 tuotetta k\u00e4ytet\u00e4\u00e4n mittauspumppujen tai s\u00e4\u00e4timien ohjaamiseen. Se tuottaa useita pulsseja vesilitraa kohden. N\u00e4iden pulssien avulla annostelupumppu voi annostella tietyn nestem\u00e4\u00e4r\u00e4n. T\u00e4m\u00e4n vuoksi Emec CatCi sopii erinomaisesti esimerkiksi legionellan torjuntaan tai vetyperoksidin tai kloorin kaltaisten liuosten sekoittamiseen.<\/p>\n<p>Kuivan asteikon ansiosta t\u00e4m\u00e4 vesimittari soveltuu nesteille, joissa on pieni\u00e4 likahiukkasia. Lis\u00e4ksi mittari on suunniteltu toimimaan jopa 90 \u00b0C:n l\u00e4mp\u00f6tiloissa. Huomaa, ett\u00e4 oikeanlainen kommunikointi annostelupumpun kanssa edellytt\u00e4\u00e4 MF (Multifunction) -kokoonpanolla varustettua pumppua.<\/p>\n<h4>Mit\u00e4 versioita ja yhteyksi\u00e4 on saatavilla?<\/h4>\n<p>Alla olevasta taulukosta n\u00e4et, mitk\u00e4 versiot ja niit\u00e4 vastaavat yhteydet ovat saatavilla. Etk\u00f6 ole aivan varma, mink\u00e4 vesimittarin tarvitset? Ota sitten yhteytt\u00e4 meihin.<\/p>\n<ul>\n<li><strong>CATCI 15<\/strong>: 15 mm liit\u00e4nt\u00e4 (1\/2 tuumaa)<\/li>\n<li><strong>CATCI 20<\/strong>: 20 mm liit\u00e4nt\u00e4 (3\/4 tuumaa)<\/li>\n<li><strong>CATCI 25<\/strong>: 25 mm liit\u00e4nt\u00e4 (1 tuuma)<\/li>\n<li><strong>CATCI 30<\/strong>: 30 mm liit\u00e4nt\u00e4 (1,1\/4 tuumaa)<\/li>\n<li><strong>CATCI 40<\/strong>: 40 mm liit\u00e4nt\u00e4 (1,1\/2 tuumaa)<\/li>\n<li><strong>CATCI 50<\/strong>: 50 mm liit\u00e4nt\u00e4 (2 tuumaa)<\/li>\n<\/ul>\n<p><strong>Huom:<\/strong> oikean kokoonpanon valinta on ratkaisevan t\u00e4rke\u00e4\u00e4. Oletko ep\u00e4varma? Ota yhteytt\u00e4 meihin. Neuvomme mielell\u00e4mme, mik\u00e4 on oikea vesimittari sovellukseesi.<\/p>","protected":false},"excerpt":{"rendered":"<p>Erityisesti k\u00e4ytett\u00e4v\u00e4ksi kuuman\/kuuman veden kanssa.Pulssis\u00e4\u00e4din, jossa on kuiva s\u00e4\u00e4t\u00f6py\u00f6r\u00e4.Annostuksen s\u00e4\u00e4t\u00e4miseen ppm:n tai prosenttiosuuden mukaan.<\/p>\n<ul>\n<li>Soveltuu kuumalle vedelle, my\u00f6s likapartikkelien kanssa.<\/li>\n<li>Soveltuu veden l\u00e4mp\u00f6tilaan 90 \u00b0C asti<\/li>\n<li>Suurin vedenpaine 16 bar<\/li>\n<li>Toimitetaan 2,5 metrin kaapelilla<\/li>\n<\/ul>","protected":false},"featured_media":5880,"template":"","meta":[],"product_brand":[],"product_cat":[34,40],"product_tag":[],"class_list":{"0":"post-3905","1":"product","2":"type-product","3":"status-publish","4":"has-post-thumbnail","6":"product_cat-accessoires","7":"product_cat-watermeter-met-pulsgever","9":"first","10":"instock","11":"taxable","12":"shipping-taxable","13":"purchasable","14":"product-type-simple"},"yoast_head":"<!-- This site is optimized with the Yoast SEO plugin v27.2 - https:\/\/yoast.com\/product\/yoast-seo-wordpress\/ -->\n<title>Watermeter CATCI-20 3\/4&#039;&#039; 22,5i\/L | Dosing Pump Shop B.V.<\/title>\n<meta name=\"robots\" content=\"index, follow, max-snippet:-1, max-image-preview:large, max-video-preview:-1\" \/>\n<link rel=\"canonical\" href=\"https:\/\/dosingpump.shop\/fi\/tuote\/vesimittari-catci-20-3-4-225i-l\/\" \/>\n<meta property=\"og:locale\" content=\"fi_FI\" \/>\n<meta property=\"og:type\" content=\"article\" \/>\n<meta property=\"og:title\" content=\"Watermeter CATCI-20 3\/4&#039;&#039; 22,5i\/L | Dosing Pump Shop B.V.\" \/>\n<meta property=\"og:description\" content=\"Speciaal voor gebruik met warm\/heet water.Pulsgever met droge wijzerplaat.Voor het regelen van een dosering op ppm of percentage.   Geschikt voor Heet water, ook met vuildeeltjes  Geschikt voor Watertempratuur tot 90\u00b0C  Maximale waterdruk van 16 bar  Geleverd met 2,5 meter kabel\" \/>\n<meta property=\"og:url\" content=\"https:\/\/dosingpump.shop\/fi\/tuote\/vesimittari-catci-20-3-4-225i-l\/\" \/>\n<meta property=\"og:site_name\" content=\"Dosing Pump Shop B.V.\" \/>\n<meta property=\"article:modified_time\" content=\"2026-02-27T12:49:13+00:00\" \/>\n<meta property=\"og:image\" content=\"https:\/\/dosingpump.shop\/wp-content\/uploads\/2024\/12\/Emec-CatCi.png\" \/>\n\t<meta property=\"og:image:width\" content=\"500\" \/>\n\t<meta property=\"og:image:height\" content=\"500\" \/>\n\t<meta property=\"og:image:type\" content=\"image\/png\" \/>\n<meta name=\"twitter:card\" content=\"summary_large_image\" \/>\n<meta name=\"twitter:label1\" content=\"Hinta\" \/>\n\t<meta name=\"twitter:data1\" content=\"&euro;200,00\" \/>\n\t<meta name=\"twitter:label2\" content=\"Saatavuus\" \/>\n\t<meta name=\"twitter:data2\" content=\"Varastossa\" \/>\n<script type=\"application\/ld+json\" class=\"yoast-schema-graph\">{\"@context\":\"https:\/\/schema.org\",\"@graph\":[{\"@type\":\"WebPage\",\"@id\":\"https:\/\/dosingpump.shop\/fi\/tuote\/vesimittari-catci-20-3-4-225i-l\/\",\"url\":\"https:\/\/dosingpump.shop\/fi\/tuote\/vesimittari-catci-20-3-4-225i-l\/\",\"name\":\"Watermeter CATCI-20 3\/4'' 22,5i\/L | Dosing Pump Shop B.V.\",\"isPartOf\":{\"@id\":\"https:\/\/dosingpump.shop\/de\/#website\"},\"primaryImageOfPage\":{\"@id\":\"https:\/\/dosingpump.shop\/fi\/tuote\/vesimittari-catci-20-3-4-225i-l\/#primaryimage\"},\"image\":{\"@id\":\"https:\/\/dosingpump.shop\/fi\/tuote\/vesimittari-catci-20-3-4-225i-l\/#primaryimage\"},\"thumbnailUrl\":\"https:\/\/dosingpump.shop\/wp-content\/uploads\/2024\/12\/Emec-CatCi.png\",\"datePublished\":\"2024-12-05T12:21:29+00:00\",\"dateModified\":\"2026-02-27T12:49:13+00:00\",\"breadcrumb\":{\"@id\":\"https:\/\/dosingpump.shop\/fi\/tuote\/vesimittari-catci-20-3-4-225i-l\/#breadcrumb\"},\"inLanguage\":\"fi\",\"potentialAction\":[{\"@type\":\"ReadAction\",\"target\":[\"https:\/\/dosingpump.shop\/fi\/tuote\/vesimittari-catci-20-3-4-225i-l\/\"]}]},{\"@type\":\"ImageObject\",\"inLanguage\":\"fi\",\"@id\":\"https:\/\/dosingpump.shop\/fi\/tuote\/vesimittari-catci-20-3-4-225i-l\/#primaryimage\",\"url\":\"https:\/\/dosingpump.shop\/wp-content\/uploads\/2024\/12\/Emec-CatCi.png\",\"contentUrl\":\"https:\/\/dosingpump.shop\/wp-content\/uploads\/2024\/12\/Emec-CatCi.png\",\"width\":500,\"height\":500},{\"@type\":\"BreadcrumbList\",\"@id\":\"https:\/\/dosingpump.shop\/fi\/tuote\/vesimittari-catci-20-3-4-225i-l\/#breadcrumb\",\"itemListElement\":[{\"@type\":\"ListItem\",\"position\":1,\"name\":\"Home\",\"item\":\"https:\/\/dosingpump.shop\/\"},{\"@type\":\"ListItem\",\"position\":2,\"name\":\"Shop\",\"item\":\"https:\/\/dosingpump.shop\/de\/shop\/\"},{\"@type\":\"ListItem\",\"position\":3,\"name\":\"Watermeter CATCI-20 3\/4&#8221; 22,5i\/L\"}]},{\"@type\":\"WebSite\",\"@id\":\"https:\/\/dosingpump.shop\/de\/#website\",\"url\":\"https:\/\/dosingpump.shop\/de\/\",\"name\":\"Dosing Pump Shop B.V.\",\"description\":\"\",\"publisher\":{\"@id\":\"https:\/\/dosingpump.shop\/de\/#organization\"},\"potentialAction\":[{\"@type\":\"SearchAction\",\"target\":{\"@type\":\"EntryPoint\",\"urlTemplate\":\"https:\/\/dosingpump.shop\/de\/?s={search_term_string}\"},\"query-input\":{\"@type\":\"PropertyValueSpecification\",\"valueRequired\":true,\"valueName\":\"search_term_string\"}}],\"inLanguage\":\"fi\"},{\"@type\":\"Organization\",\"@id\":\"https:\/\/dosingpump.shop\/de\/#organization\",\"name\":\"Dosing Pump Shop B.V.\",\"url\":\"https:\/\/dosingpump.shop\/de\/\",\"logo\":{\"@type\":\"ImageObject\",\"inLanguage\":\"fi\",\"@id\":\"https:\/\/dosingpump.shop\/de\/#\/schema\/logo\/image\/\",\"url\":\"https:\/\/dosingpump.shop\/wp-content\/uploads\/2024\/10\/Dosing-Pump-Shop-logo.png\",\"contentUrl\":\"https:\/\/dosingpump.shop\/wp-content\/uploads\/2024\/10\/Dosing-Pump-Shop-logo.png\",\"width\":350,\"height\":45,\"caption\":\"Dosing Pump Shop B.V.\"},\"image\":{\"@id\":\"https:\/\/dosingpump.shop\/de\/#\/schema\/logo\/image\/\"},\"sameAs\":[\"https:\/\/linkedin.com\/company\/dosing-pump-shop\"]}]}<\/script>\n<meta property=\"product:price:amount\" content=\"200.00\" \/>\n<meta property=\"product:price:currency\" content=\"EUR\" \/>\n<meta property=\"og:availability\" content=\"instock\" \/>\n<meta property=\"product:availability\" content=\"instock\" \/>\n<meta property=\"product:retailer_item_id\" content=\"CATCI020002L02,5000X\" \/>\n<meta property=\"product:condition\" content=\"new\" \/>\n<!-- \/ Yoast SEO plugin. -->","yoast_head_json":{"title":"Vesimittari CATCI-20 3\/4'' 22.5i\/L | Dosing Pump Shop B.V.","robots":{"index":"index","follow":"follow","max-snippet":"max-snippet:-1","max-image-preview":"max-image-preview:large","max-video-preview":"max-video-preview:-1"},"canonical":"https:\/\/dosingpump.shop\/fi\/tuote\/vesimittari-catci-20-3-4-225i-l\/","og_locale":"fi_FI","og_type":"article","og_title":"Watermeter CATCI-20 3\/4'' 22,5i\/L | Dosing Pump Shop B.V.","og_description":"Speciaal voor gebruik met warm\/heet water.Pulsgever met droge wijzerplaat.Voor het regelen van een dosering op ppm of percentage.   Geschikt voor Heet water, ook met vuildeeltjes  Geschikt voor Watertempratuur tot 90\u00b0C  Maximale waterdruk van 16 bar  Geleverd met 2,5 meter kabel","og_url":"https:\/\/dosingpump.shop\/fi\/tuote\/vesimittari-catci-20-3-4-225i-l\/","og_site_name":"Dosing Pump Shop B.V.","article_modified_time":"2026-02-27T12:49:13+00:00","og_image":[{"width":500,"height":500,"url":"https:\/\/dosingpump.shop\/wp-content\/uploads\/2024\/12\/Emec-CatCi.png","type":"image\/png"}],"twitter_card":"summary_large_image","twitter_misc":{"Hinta":"&euro;200,00","Saatavuus":"Varastossa"},"schema":{"@context":"https:\/\/schema.org","@graph":[{"@type":"WebPage","@id":"https:\/\/dosingpump.shop\/fi\/tuote\/vesimittari-catci-20-3-4-225i-l\/","url":"https:\/\/dosingpump.shop\/fi\/tuote\/vesimittari-catci-20-3-4-225i-l\/","name":"Vesimittari CATCI-20 3\/4'' 22.5i\/L | Dosing Pump Shop B.V.","isPartOf":{"@id":"https:\/\/dosingpump.shop\/de\/#website"},"primaryImageOfPage":{"@id":"https:\/\/dosingpump.shop\/fi\/tuote\/vesimittari-catci-20-3-4-225i-l\/#primaryimage"},"image":{"@id":"https:\/\/dosingpump.shop\/fi\/tuote\/vesimittari-catci-20-3-4-225i-l\/#primaryimage"},"thumbnailUrl":"https:\/\/dosingpump.shop\/wp-content\/uploads\/2024\/12\/Emec-CatCi.png","datePublished":"2024-12-05T12:21:29+00:00","dateModified":"2026-02-27T12:49:13+00:00","breadcrumb":{"@id":"https:\/\/dosingpump.shop\/fi\/tuote\/vesimittari-catci-20-3-4-225i-l\/#breadcrumb"},"inLanguage":"fi","potentialAction":[{"@type":"ReadAction","target":["https:\/\/dosingpump.shop\/fi\/tuote\/vesimittari-catci-20-3-4-225i-l\/"]}]},{"@type":"ImageObject","inLanguage":"fi","@id":"https:\/\/dosingpump.shop\/fi\/tuote\/vesimittari-catci-20-3-4-225i-l\/#primaryimage","url":"https:\/\/dosingpump.shop\/wp-content\/uploads\/2024\/12\/Emec-CatCi.png","contentUrl":"https:\/\/dosingpump.shop\/wp-content\/uploads\/2024\/12\/Emec-CatCi.png","width":500,"height":500},{"@type":"BreadcrumbList","@id":"https:\/\/dosingpump.shop\/fi\/tuote\/vesimittari-catci-20-3-4-225i-l\/#breadcrumb","itemListElement":[{"@type":"ListItem","position":1,"name":"Home","item":"https:\/\/dosingpump.shop\/"},{"@type":"ListItem","position":2,"name":"Shop","item":"https:\/\/dosingpump.shop\/de\/shop\/"},{"@type":"ListItem","position":3,"name":"Watermeter CATCI-20 3\/4&#8221; 22,5i\/L"}]},{"@type":"WebSite","@id":"https:\/\/dosingpump.shop\/de\/#website","url":"https:\/\/dosingpump.shop\/de\/","name":"Dosing Pump Shop B.V.","description":"","publisher":{"@id":"https:\/\/dosingpump.shop\/de\/#organization"},"potentialAction":[{"@type":"SearchAction","target":{"@type":"EntryPoint","urlTemplate":"https:\/\/dosingpump.shop\/de\/?s={search_term_string}"},"query-input":{"@type":"PropertyValueSpecification","valueRequired":true,"valueName":"search_term_string"}}],"inLanguage":"fi"},{"@type":"Organization","@id":"https:\/\/dosingpump.shop\/de\/#organization","name":"Dosing Pump Shop B.V.","url":"https:\/\/dosingpump.shop\/de\/","logo":{"@type":"ImageObject","inLanguage":"fi","@id":"https:\/\/dosingpump.shop\/de\/#\/schema\/logo\/image\/","url":"https:\/\/dosingpump.shop\/wp-content\/uploads\/2024\/10\/Dosing-Pump-Shop-logo.png","contentUrl":"https:\/\/dosingpump.shop\/wp-content\/uploads\/2024\/10\/Dosing-Pump-Shop-logo.png","width":350,"height":45,"caption":"Dosing Pump Shop B.V."},"image":{"@id":"https:\/\/dosingpump.shop\/de\/#\/schema\/logo\/image\/"},"sameAs":["https:\/\/linkedin.com\/company\/dosing-pump-shop"]}]},"product_price_amount":"200.00","product_price_currency":"EUR","og_availability":"instock","product_availability":"instock","product_retailer_item_id":"CATCI020002L02,5000X","product_condition":"new"},"_links":{"self":[{"href":"https:\/\/dosingpump.shop\/fi\/wp-json\/wp\/v2\/product\/3905","targetHints":{"allow":["GET"]}}],"collection":[{"href":"https:\/\/dosingpump.shop\/fi\/wp-json\/wp\/v2\/product"}],"about":[{"href":"https:\/\/dosingpump.shop\/fi\/wp-json\/wp\/v2\/types\/product"}],"wp:featuredmedia":[{"embeddable":true,"href":"https:\/\/dosingpump.shop\/fi\/wp-json\/wp\/v2\/media\/5880"}],"wp:attachment":[{"href":"https:\/\/dosingpump.shop\/fi\/wp-json\/wp\/v2\/media?parent=3905"}],"wp:term":[{"taxonomy":"product_brand","embeddable":true,"href":"https:\/\/dosingpump.shop\/fi\/wp-json\/wp\/v2\/product_brand?post=3905"},{"taxonomy":"product_cat","embeddable":true,"href":"https:\/\/dosingpump.shop\/fi\/wp-json\/wp\/v2\/product_cat?post=3905"},{"taxonomy":"product_tag","embeddable":true,"href":"https:\/\/dosingpump.shop\/fi\/wp-json\/wp\/v2\/product_tag?post=3905"}],"curies":[{"name":"wp","href":"https:\/\/api.w.org\/{rel}","templated":true}]}}