{"id":3934,"date":"2024-12-05T12:21:33","date_gmt":"2024-12-05T12:21:33","guid":{"rendered":"https:\/\/dosingpump.shop\/product\/emec-sefl-flow-sensor\/"},"modified":"2026-02-27T14:49:14","modified_gmt":"2026-02-27T12:49:14","slug":"emec-sefl-virtausanturi","status":"publish","type":"product","link":"https:\/\/dosingpump.shop\/fi\/product\/emec-sefl-flow-sensor\/","title":{"rendered":"Emec SEFL -virtausanturi"},"content":{"rendered":"<p>Emec SEFL -virtausanturi on fyysinen valvontalaite annostelupumpun annosteluun. Se n\u00e4ytt\u00e4\u00e4, annosteleeko annostelupumppu vai ei. T\u00e4m\u00e4 sopii erinomaisesti esimerkiksi teollisuussovelluksiin, uima-altaisiin tai puutarhaviljelyyn. N\u00e4in olet aina varma oikeasta annostelusta ja ongelmat voidaan est\u00e4\u00e4.<\/p>\n<p>SEFL liitet\u00e4\u00e4n annostelupumpun poistopuolelle. Kun pumppu ei annostele nestett\u00e4, kosketin l\u00e4hett\u00e4\u00e4 signaalin. T\u00e4ll\u00f6in my\u00f6s LED palaa punaisena. Anturin herkkyys on s\u00e4\u00e4dett\u00e4viss\u00e4.<\/p>\n<p>T\u00e4m\u00e4 virtausanturi on saatavana kiinnikkeell\u00e4 ja ilman kiinnikett\u00e4. Kannattimen kanssa SEFL voidaan asentaa sein\u00e4\u00e4 vasten. Saatavana on my\u00f6s erityinen kiinnike annostelupumppuun kiinnitt\u00e4mist\u00e4 varten.<\/p>","protected":false},"excerpt":{"rendered":"<p>Annostelupumpun virtauksen s\u00e4\u00e4t\u00f6 LEDill\u00e4.<\/p>\n<ul>\n<li>N.C. Yhteystiedot<\/li>\n<li>S\u00e4\u00e4dett\u00e4v\u00e4 herkkyys<\/li>\n<li>Viton\u00ae tai EPDM O-rengas.<\/li>\n<li>Max 45\u00b0C.<\/li>\n<\/ul>","protected":false},"featured_media":8302,"template":"","meta":[],"product_brand":[],"product_cat":[34],"product_tag":[],"class_list":{"0":"post-3934","1":"product","2":"type-product","3":"status-publish","4":"has-post-thumbnail","6":"product_cat-accessoires","8":"first","9":"instock","10":"taxable","11":"shipping-taxable","12":"purchasable","13":"product-type-simple"},"yoast_head":"<!-- This site is optimized with the Yoast SEO plugin v27.2 - https:\/\/yoast.com\/product\/yoast-seo-wordpress\/ -->\n<title>Emec SEFL flow sensor | Dosing Pump Shop B.V.<\/title>\n<meta name=\"description\" content=\"Emec SEFL flowsensor checkt of de doseerpomp goed werkt door fysiek te controleren of er daadwerkelijk gedoseerd wordt. Diverse typen beschikbaar.\" \/>\n<meta name=\"robots\" content=\"index, follow, max-snippet:-1, max-image-preview:large, max-video-preview:-1\" \/>\n<link rel=\"canonical\" href=\"https:\/\/dosingpump.shop\/fi\/tuote\/emec-sefl-virtausanturi\/\" \/>\n<meta property=\"og:locale\" content=\"fi_FI\" \/>\n<meta property=\"og:type\" content=\"article\" \/>\n<meta property=\"og:title\" content=\"Emec SEFL flow sensor | Dosing Pump Shop B.V.\" \/>\n<meta property=\"og:description\" content=\"Emec SEFL flowsensor checkt of de doseerpomp goed werkt door fysiek te controleren of er daadwerkelijk gedoseerd wordt. Diverse typen beschikbaar.\" \/>\n<meta property=\"og:url\" content=\"https:\/\/dosingpump.shop\/fi\/tuote\/emec-sefl-virtausanturi\/\" \/>\n<meta property=\"og:site_name\" content=\"Dosing Pump Shop B.V.\" \/>\n<meta property=\"article:modified_time\" content=\"2026-02-27T12:49:14+00:00\" \/>\n<meta property=\"og:image\" content=\"https:\/\/dosingpump.shop\/wp-content\/uploads\/2024\/12\/EMEC_SEFL-V_Dosing_pump_shop.png\" \/>\n\t<meta property=\"og:image:width\" content=\"500\" \/>\n\t<meta property=\"og:image:height\" content=\"500\" \/>\n\t<meta property=\"og:image:type\" content=\"image\/png\" \/>\n<meta name=\"twitter:card\" content=\"summary_large_image\" \/>\n<meta name=\"twitter:label1\" content=\"Hinta\" \/>\n\t<meta name=\"twitter:data1\" content=\"&euro;178,00\" \/>\n\t<meta name=\"twitter:label2\" content=\"Saatavuus\" \/>\n\t<meta name=\"twitter:data2\" content=\"Varastossa\" \/>\n<script type=\"application\/ld+json\" class=\"yoast-schema-graph\">{\"@context\":\"https:\/\/schema.org\",\"@graph\":[{\"@type\":\"WebPage\",\"@id\":\"https:\/\/dosingpump.shop\/dk\/produkt\/emec-sefl-flow-sensor\/\",\"url\":\"https:\/\/dosingpump.shop\/dk\/produkt\/emec-sefl-flow-sensor\/\",\"name\":\"Emec SEFL flow sensor | Dosing Pump Shop B.V.\",\"isPartOf\":{\"@id\":\"https:\/\/dosingpump.shop\/de\/#website\"},\"primaryImageOfPage\":{\"@id\":\"https:\/\/dosingpump.shop\/dk\/produkt\/emec-sefl-flow-sensor\/#primaryimage\"},\"image\":{\"@id\":\"https:\/\/dosingpump.shop\/dk\/produkt\/emec-sefl-flow-sensor\/#primaryimage\"},\"thumbnailUrl\":\"https:\/\/dosingpump.shop\/wp-content\/uploads\/2024\/12\/EMEC_SEFL-V_Dosing_pump_shop.png\",\"datePublished\":\"2024-12-05T12:21:33+00:00\",\"dateModified\":\"2026-02-27T12:49:14+00:00\",\"description\":\"Emec SEFL flowsensor checkt of de doseerpomp goed werkt door fysiek te controleren of er daadwerkelijk gedoseerd wordt. Diverse typen beschikbaar.\",\"breadcrumb\":{\"@id\":\"https:\/\/dosingpump.shop\/dk\/produkt\/emec-sefl-flow-sensor\/#breadcrumb\"},\"inLanguage\":\"fi\",\"potentialAction\":[{\"@type\":\"ReadAction\",\"target\":[\"https:\/\/dosingpump.shop\/dk\/produkt\/emec-sefl-flow-sensor\/\"]}]},{\"@type\":\"ImageObject\",\"inLanguage\":\"fi\",\"@id\":\"https:\/\/dosingpump.shop\/dk\/produkt\/emec-sefl-flow-sensor\/#primaryimage\",\"url\":\"https:\/\/dosingpump.shop\/wp-content\/uploads\/2024\/12\/EMEC_SEFL-V_Dosing_pump_shop.png\",\"contentUrl\":\"https:\/\/dosingpump.shop\/wp-content\/uploads\/2024\/12\/EMEC_SEFL-V_Dosing_pump_shop.png\",\"width\":500,\"height\":500,\"caption\":\"Emec Sefl-V flow sensor\"},{\"@type\":\"BreadcrumbList\",\"@id\":\"https:\/\/dosingpump.shop\/dk\/produkt\/emec-sefl-flow-sensor\/#breadcrumb\",\"itemListElement\":[{\"@type\":\"ListItem\",\"position\":1,\"name\":\"Home\",\"item\":\"https:\/\/dosingpump.shop\/\"},{\"@type\":\"ListItem\",\"position\":2,\"name\":\"Shop\",\"item\":\"https:\/\/dosingpump.shop\/de\/shop\/\"},{\"@type\":\"ListItem\",\"position\":3,\"name\":\"Emec SEFL flow sensor\"}]},{\"@type\":\"WebSite\",\"@id\":\"https:\/\/dosingpump.shop\/de\/#website\",\"url\":\"https:\/\/dosingpump.shop\/de\/\",\"name\":\"Dosing Pump Shop B.V.\",\"description\":\"\",\"publisher\":{\"@id\":\"https:\/\/dosingpump.shop\/de\/#organization\"},\"potentialAction\":[{\"@type\":\"SearchAction\",\"target\":{\"@type\":\"EntryPoint\",\"urlTemplate\":\"https:\/\/dosingpump.shop\/de\/?s={search_term_string}\"},\"query-input\":{\"@type\":\"PropertyValueSpecification\",\"valueRequired\":true,\"valueName\":\"search_term_string\"}}],\"inLanguage\":\"fi\"},{\"@type\":\"Organization\",\"@id\":\"https:\/\/dosingpump.shop\/de\/#organization\",\"name\":\"Dosing Pump Shop B.V.\",\"url\":\"https:\/\/dosingpump.shop\/de\/\",\"logo\":{\"@type\":\"ImageObject\",\"inLanguage\":\"fi\",\"@id\":\"https:\/\/dosingpump.shop\/de\/#\/schema\/logo\/image\/\",\"url\":\"https:\/\/dosingpump.shop\/wp-content\/uploads\/2024\/10\/Dosing-Pump-Shop-logo.png\",\"contentUrl\":\"https:\/\/dosingpump.shop\/wp-content\/uploads\/2024\/10\/Dosing-Pump-Shop-logo.png\",\"width\":350,\"height\":45,\"caption\":\"Dosing Pump Shop B.V.\"},\"image\":{\"@id\":\"https:\/\/dosingpump.shop\/de\/#\/schema\/logo\/image\/\"},\"sameAs\":[\"https:\/\/linkedin.com\/company\/dosing-pump-shop\"]}]}<\/script>\n<meta property=\"product:price:amount\" content=\"178.00\" \/>\n<meta property=\"product:price:currency\" content=\"EUR\" \/>\n<meta property=\"og:availability\" content=\"instock\" \/>\n<meta property=\"product:availability\" content=\"instock\" \/>\n<meta property=\"product:retailer_item_id\" content=\"Emec-SEFL-NL-SEFL\/V\" \/>\n<meta property=\"product:condition\" content=\"new\" \/>\n<!-- \/ Yoast SEO plugin. -->","yoast_head_json":{"title":"Emec SEFL -virtausanturi | Dosing Pump Shop B.V.","description":"Emec SEFL -virtausanturi tarkistaa, ett\u00e4 annostelupumppu toimii oikein, varmistamalla fyysisesti, ett\u00e4 annostelu todella tapahtuu. Saatavana on useita eri tyyppej\u00e4.","robots":{"index":"index","follow":"follow","max-snippet":"max-snippet:-1","max-image-preview":"max-image-preview:large","max-video-preview":"max-video-preview:-1"},"canonical":"https:\/\/dosingpump.shop\/fi\/tuote\/emec-sefl-virtausanturi\/","og_locale":"fi_FI","og_type":"article","og_title":"Emec SEFL flow sensor | Dosing Pump Shop B.V.","og_description":"Emec SEFL flowsensor checkt of de doseerpomp goed werkt door fysiek te controleren of er daadwerkelijk gedoseerd wordt. Diverse typen beschikbaar.","og_url":"https:\/\/dosingpump.shop\/fi\/tuote\/emec-sefl-virtausanturi\/","og_site_name":"Dosing Pump Shop B.V.","article_modified_time":"2026-02-27T12:49:14+00:00","og_image":[{"width":500,"height":500,"url":"https:\/\/dosingpump.shop\/wp-content\/uploads\/2024\/12\/EMEC_SEFL-V_Dosing_pump_shop.png","type":"image\/png"}],"twitter_card":"summary_large_image","twitter_misc":{"Hinta":"&euro;178,00","Saatavuus":"Varastossa"},"schema":{"@context":"https:\/\/schema.org","@graph":[{"@type":"WebPage","@id":"https:\/\/dosingpump.shop\/dk\/produkt\/emec-sefl-flow-sensor\/","url":"https:\/\/dosingpump.shop\/dk\/produkt\/emec-sefl-flow-sensor\/","name":"Emec SEFL -virtausanturi | Dosing Pump Shop B.V.","isPartOf":{"@id":"https:\/\/dosingpump.shop\/de\/#website"},"primaryImageOfPage":{"@id":"https:\/\/dosingpump.shop\/dk\/produkt\/emec-sefl-flow-sensor\/#primaryimage"},"image":{"@id":"https:\/\/dosingpump.shop\/dk\/produkt\/emec-sefl-flow-sensor\/#primaryimage"},"thumbnailUrl":"https:\/\/dosingpump.shop\/wp-content\/uploads\/2024\/12\/EMEC_SEFL-V_Dosing_pump_shop.png","datePublished":"2024-12-05T12:21:33+00:00","dateModified":"2026-02-27T12:49:14+00:00","description":"Emec SEFL -virtausanturi tarkistaa, ett\u00e4 annostelupumppu toimii oikein, varmistamalla fyysisesti, ett\u00e4 annostelu todella tapahtuu. Saatavana on useita eri tyyppej\u00e4.","breadcrumb":{"@id":"https:\/\/dosingpump.shop\/dk\/produkt\/emec-sefl-flow-sensor\/#breadcrumb"},"inLanguage":"fi","potentialAction":[{"@type":"ReadAction","target":["https:\/\/dosingpump.shop\/dk\/produkt\/emec-sefl-flow-sensor\/"]}]},{"@type":"ImageObject","inLanguage":"fi","@id":"https:\/\/dosingpump.shop\/dk\/produkt\/emec-sefl-flow-sensor\/#primaryimage","url":"https:\/\/dosingpump.shop\/wp-content\/uploads\/2024\/12\/EMEC_SEFL-V_Dosing_pump_shop.png","contentUrl":"https:\/\/dosingpump.shop\/wp-content\/uploads\/2024\/12\/EMEC_SEFL-V_Dosing_pump_shop.png","width":500,"height":500,"caption":"Emec Sefl-V flow sensor"},{"@type":"BreadcrumbList","@id":"https:\/\/dosingpump.shop\/dk\/produkt\/emec-sefl-flow-sensor\/#breadcrumb","itemListElement":[{"@type":"ListItem","position":1,"name":"Home","item":"https:\/\/dosingpump.shop\/"},{"@type":"ListItem","position":2,"name":"Shop","item":"https:\/\/dosingpump.shop\/de\/shop\/"},{"@type":"ListItem","position":3,"name":"Emec SEFL flow sensor"}]},{"@type":"WebSite","@id":"https:\/\/dosingpump.shop\/de\/#website","url":"https:\/\/dosingpump.shop\/de\/","name":"Dosing Pump Shop B.V.","description":"","publisher":{"@id":"https:\/\/dosingpump.shop\/de\/#organization"},"potentialAction":[{"@type":"SearchAction","target":{"@type":"EntryPoint","urlTemplate":"https:\/\/dosingpump.shop\/de\/?s={search_term_string}"},"query-input":{"@type":"PropertyValueSpecification","valueRequired":true,"valueName":"search_term_string"}}],"inLanguage":"fi"},{"@type":"Organization","@id":"https:\/\/dosingpump.shop\/de\/#organization","name":"Dosing Pump Shop B.V.","url":"https:\/\/dosingpump.shop\/de\/","logo":{"@type":"ImageObject","inLanguage":"fi","@id":"https:\/\/dosingpump.shop\/de\/#\/schema\/logo\/image\/","url":"https:\/\/dosingpump.shop\/wp-content\/uploads\/2024\/10\/Dosing-Pump-Shop-logo.png","contentUrl":"https:\/\/dosingpump.shop\/wp-content\/uploads\/2024\/10\/Dosing-Pump-Shop-logo.png","width":350,"height":45,"caption":"Dosing Pump Shop B.V."},"image":{"@id":"https:\/\/dosingpump.shop\/de\/#\/schema\/logo\/image\/"},"sameAs":["https:\/\/linkedin.com\/company\/dosing-pump-shop"]}]},"product_price_amount":"178.00","product_price_currency":"EUR","og_availability":"instock","product_availability":"instock","product_retailer_item_id":"Emec-SEFL-NL-SEFL\/V","product_condition":"new"},"_links":{"self":[{"href":"https:\/\/dosingpump.shop\/fi\/wp-json\/wp\/v2\/product\/3934","targetHints":{"allow":["GET"]}}],"collection":[{"href":"https:\/\/dosingpump.shop\/fi\/wp-json\/wp\/v2\/product"}],"about":[{"href":"https:\/\/dosingpump.shop\/fi\/wp-json\/wp\/v2\/types\/product"}],"wp:featuredmedia":[{"embeddable":true,"href":"https:\/\/dosingpump.shop\/fi\/wp-json\/wp\/v2\/media\/8302"}],"wp:attachment":[{"href":"https:\/\/dosingpump.shop\/fi\/wp-json\/wp\/v2\/media?parent=3934"}],"wp:term":[{"taxonomy":"product_brand","embeddable":true,"href":"https:\/\/dosingpump.shop\/fi\/wp-json\/wp\/v2\/product_brand?post=3934"},{"taxonomy":"product_cat","embeddable":true,"href":"https:\/\/dosingpump.shop\/fi\/wp-json\/wp\/v2\/product_cat?post=3934"},{"taxonomy":"product_tag","embeddable":true,"href":"https:\/\/dosingpump.shop\/fi\/wp-json\/wp\/v2\/product_tag?post=3934"}],"curies":[{"name":"wp","href":"https:\/\/api.w.org\/{rel}","templated":true}]}}