{"id":3958,"date":"2024-12-05T14:21:36","date_gmt":"2024-12-05T12:21:36","guid":{"rendered":"https:\/\/dosingpump.shop\/product\/emec-lini-chemische-injectielans\/"},"modified":"2026-03-31T15:13:07","modified_gmt":"2026-03-31T13:13:07","slug":"emec-lini-kemiallinen-injektioputki","status":"publish","type":"product","link":"https:\/\/dosingpump.shop\/fi\/product\/emec-lini-chemische-injectielans\/","title":{"rendered":"Emec LINI Kemiallinen ruiskutuspistooli Lansi"},"content":{"rendered":"<p>Emec LINI Chemical Injection -annosteluputki on t\u00e4rke\u00e4 osa j\u00e4rjestelmi\u00e4, jotka edellytt\u00e4v\u00e4t tarkkaa kemikaalien annostelua, erityisesti silloin, kun annostelupumppu sijaitsee nestepinnan alapuolella. Kun tavalliset ruiskutusventtiilit aiheuttavat usein ongelmia, kuten kiteytymist\u00e4 ja kemikaalikerrostumien muodostumista, Emec LINI Injection -ruiskutuspistooli ratkaisee n\u00e4m\u00e4 haasteet tehokkaasti.<\/p>\n<p>T\u00e4m\u00e4n ruiskutuspistoolin \u00e4lykk\u00e4\u00e4n rakenteen ansiosta ruiskutuspiste on helppo poistaa jopa ylipainej\u00e4rjestelmiss\u00e4, kiitos pistoolin sis\u00e4\u00e4nrakennetun valinnaisen takaiskuventtiilin. T\u00e4m\u00e4 lis\u00e4\u00e4 k\u00e4ytt\u00f6mukavuuden lis\u00e4ksi my\u00f6s k\u00e4ytt\u00f6turvallisuutta.<\/p>\n<p>Emec LINI Injection Lance -ruiskutuspistoolia on saatavana useista korkealaatuisista materiaaleista, kuten PP, PVDF ja ruostumaton ter\u00e4s 316. T\u00e4m\u00e4 valikoima takaa, ett\u00e4 lanssi kest\u00e4\u00e4 jopa 200 \u00b0C:n l\u00e4mp\u00f6tiloja ja jopa 25 baarin paineita valitusta versiosta riippuen. T\u00e4m\u00e4 tekee Emec LINI Injection Lance -ruiskutuspanssarista monipuolisen ja kest\u00e4v\u00e4n ratkaisun monenlaisiin teollisiin sovelluksiin.<\/p>\n<p>T\u00e4ll\u00e4 hetkell\u00e4 tarjoamme erityisesti LINI-V 1\/2\u2033 (sopii 4x6mm - 8x12mm letkuille) sek\u00e4 PVDF- ett\u00e4 PP-materiaalina, Viton- tai EPDM-ulkorenkailla. Etsitk\u00f6 kuitenkin erilaista kokoonpanoa tai erityisi\u00e4 mittoja? Ota silloin rohkeasti yhteytt\u00e4 ja pyyd\u00e4 maksuton tarjous.<\/p>","protected":false},"excerpt":{"rendered":"<p>Emec-ruiskutuspistooli nesteiden ruiskuttamiseen nestepinnan alapuolelle tai ylipainej\u00e4rjestelmiin. Saatavana PP:st\u00e4, PVDF:st\u00e4 ja ruostumattomasta ter\u00e4ksest\u00e4 316.<\/p>\n<p>Suunnittelu: LINI-V 1\/2 (4X6mm - 8x12mm) PVDF:st\u00e4 tai PP:st\u00e4. O-renkaat: Viton tai EPDM.<\/p>\n<p>Tarvitsetko toisen version? Pyyd\u00e4 tarjous!<\/p>","protected":false},"featured_media":3957,"template":"","meta":[],"product_brand":[],"product_cat":[34],"product_tag":[],"class_list":{"0":"post-3958","1":"product","2":"type-product","3":"status-publish","4":"has-post-thumbnail","6":"product_cat-accessoires","8":"first","9":"instock","10":"taxable","11":"shipping-taxable","12":"purchasable","13":"product-type-simple"},"yoast_head":"<!-- This site is optimized with the Yoast SEO plugin v27.2 - https:\/\/yoast.com\/product\/yoast-seo-wordpress\/ -->\n<title>Emec LINI Chemische Injectielans | Dosing Pump Shop B.V.<\/title>\n<meta name=\"description\" content=\"Emec LINI injectielans voor het injecteren van chemische vloeistoffen. Diverse materialen en configuraties leverbaar. Kijk in onze webshop!\" \/>\n<meta name=\"robots\" content=\"index, follow, max-snippet:-1, max-image-preview:large, max-video-preview:-1\" \/>\n<link rel=\"canonical\" href=\"https:\/\/dosingpump.shop\/fi\/tuote\/emec-lini-kemiallinen-injektioputki\/\" \/>\n<meta property=\"og:locale\" content=\"fi_FI\" \/>\n<meta property=\"og:type\" content=\"article\" \/>\n<meta property=\"og:title\" content=\"Emec LINI Chemische Injectielans | Dosing Pump Shop B.V.\" \/>\n<meta property=\"og:description\" content=\"Emec LINI injectielans voor het injecteren van chemische vloeistoffen. Diverse materialen en configuraties leverbaar. Kijk in onze webshop!\" \/>\n<meta property=\"og:url\" content=\"https:\/\/dosingpump.shop\/fi\/tuote\/emec-lini-kemiallinen-injektioputki\/\" \/>\n<meta property=\"og:site_name\" content=\"Dosing Pump Shop B.V.\" \/>\n<meta property=\"article:modified_time\" content=\"2026-03-31T13:13:07+00:00\" \/>\n<meta property=\"og:image\" content=\"https:\/\/dosingpump.shop\/wp-content\/uploads\/2024\/12\/Emec-LINI-Chemische-Injectielans.webp\" \/>\n\t<meta property=\"og:image:width\" content=\"500\" \/>\n\t<meta property=\"og:image:height\" content=\"500\" \/>\n\t<meta property=\"og:image:type\" content=\"image\/webp\" \/>\n<meta name=\"twitter:card\" content=\"summary_large_image\" \/>\n<meta name=\"twitter:label1\" content=\"Hinta\" \/>\n\t<meta name=\"twitter:data1\" content=\"&euro;107,00\" \/>\n\t<meta name=\"twitter:label2\" content=\"Saatavuus\" \/>\n\t<meta name=\"twitter:data2\" content=\"Varastossa\" \/>\n<script type=\"application\/ld+json\" class=\"yoast-schema-graph\">{\"@context\":\"https:\/\/schema.org\",\"@graph\":[{\"@type\":\"WebPage\",\"@id\":\"https:\/\/dosingpump.shop\/product\/emec-lini-chemische-injectielans\/\",\"url\":\"https:\/\/dosingpump.shop\/product\/emec-lini-chemische-injectielans\/\",\"name\":\"Emec LINI Chemische Injectielans | Dosing Pump Shop B.V.\",\"isPartOf\":{\"@id\":\"https:\/\/dosingpump.shop\/de\/#website\"},\"primaryImageOfPage\":{\"@id\":\"https:\/\/dosingpump.shop\/product\/emec-lini-chemische-injectielans\/#primaryimage\"},\"image\":{\"@id\":\"https:\/\/dosingpump.shop\/product\/emec-lini-chemische-injectielans\/#primaryimage\"},\"thumbnailUrl\":\"https:\/\/dosingpump.shop\/wp-content\/uploads\/2024\/12\/Emec-LINI-Chemische-Injectielans.webp\",\"datePublished\":\"2024-12-05T12:21:36+00:00\",\"dateModified\":\"2026-03-31T13:13:07+00:00\",\"description\":\"Emec LINI injectielans voor het injecteren van chemische vloeistoffen. Diverse materialen en configuraties leverbaar. Kijk in onze webshop!\",\"breadcrumb\":{\"@id\":\"https:\/\/dosingpump.shop\/product\/emec-lini-chemische-injectielans\/#breadcrumb\"},\"inLanguage\":\"fi\",\"potentialAction\":[{\"@type\":\"ReadAction\",\"target\":[\"https:\/\/dosingpump.shop\/product\/emec-lini-chemische-injectielans\/\"]}]},{\"@type\":\"ImageObject\",\"inLanguage\":\"fi\",\"@id\":\"https:\/\/dosingpump.shop\/product\/emec-lini-chemische-injectielans\/#primaryimage\",\"url\":\"https:\/\/dosingpump.shop\/wp-content\/uploads\/2024\/12\/Emec-LINI-Chemische-Injectielans.webp\",\"contentUrl\":\"https:\/\/dosingpump.shop\/wp-content\/uploads\/2024\/12\/Emec-LINI-Chemische-Injectielans.webp\",\"width\":500,\"height\":500},{\"@type\":\"BreadcrumbList\",\"@id\":\"https:\/\/dosingpump.shop\/product\/emec-lini-chemische-injectielans\/#breadcrumb\",\"itemListElement\":[{\"@type\":\"ListItem\",\"position\":1,\"name\":\"Home\",\"item\":\"https:\/\/dosingpump.shop\/\"},{\"@type\":\"ListItem\",\"position\":2,\"name\":\"Shop\",\"item\":\"https:\/\/dosingpump.shop\/de\/shop\/\"},{\"@type\":\"ListItem\",\"position\":3,\"name\":\"Emec LINI Chemische Injectielans\"}]},{\"@type\":\"WebSite\",\"@id\":\"https:\/\/dosingpump.shop\/de\/#website\",\"url\":\"https:\/\/dosingpump.shop\/de\/\",\"name\":\"Dosing Pump Shop B.V.\",\"description\":\"\",\"publisher\":{\"@id\":\"https:\/\/dosingpump.shop\/de\/#organization\"},\"potentialAction\":[{\"@type\":\"SearchAction\",\"target\":{\"@type\":\"EntryPoint\",\"urlTemplate\":\"https:\/\/dosingpump.shop\/de\/?s={search_term_string}\"},\"query-input\":{\"@type\":\"PropertyValueSpecification\",\"valueRequired\":true,\"valueName\":\"search_term_string\"}}],\"inLanguage\":\"fi\"},{\"@type\":\"Organization\",\"@id\":\"https:\/\/dosingpump.shop\/de\/#organization\",\"name\":\"Dosing Pump Shop B.V.\",\"url\":\"https:\/\/dosingpump.shop\/de\/\",\"logo\":{\"@type\":\"ImageObject\",\"inLanguage\":\"fi\",\"@id\":\"https:\/\/dosingpump.shop\/de\/#\/schema\/logo\/image\/\",\"url\":\"https:\/\/dosingpump.shop\/wp-content\/uploads\/2024\/10\/Dosing-Pump-Shop-logo.png\",\"contentUrl\":\"https:\/\/dosingpump.shop\/wp-content\/uploads\/2024\/10\/Dosing-Pump-Shop-logo.png\",\"width\":350,\"height\":45,\"caption\":\"Dosing Pump Shop B.V.\"},\"image\":{\"@id\":\"https:\/\/dosingpump.shop\/de\/#\/schema\/logo\/image\/\"},\"sameAs\":[\"https:\/\/linkedin.com\/company\/dosing-pump-shop\"]}]}<\/script>\n<meta property=\"product:price:amount\" content=\"107.00\" \/>\n<meta property=\"product:price:currency\" content=\"EUR\" \/>\n<meta property=\"og:availability\" content=\"instock\" \/>\n<meta property=\"product:availability\" content=\"instock\" \/>\n<meta property=\"product:retailer_item_id\" content=\"Emec-LINI-NL-LINI-D\" \/>\n<meta property=\"product:condition\" content=\"new\" \/>\n<!-- \/ Yoast SEO plugin. -->","yoast_head_json":{"title":"Emec LINI Kemiallinen ruiskuputki | Dosing Pump Shop B.V.","description":"Emec LINI -ruiskutuspistooli kemiallisten nesteiden ruiskuttamiseen. Saatavana erilaisia materiaaleja ja kokoonpanoja. Tutustu verkkokauppaan!","robots":{"index":"index","follow":"follow","max-snippet":"max-snippet:-1","max-image-preview":"max-image-preview:large","max-video-preview":"max-video-preview:-1"},"canonical":"https:\/\/dosingpump.shop\/fi\/tuote\/emec-lini-kemiallinen-injektioputki\/","og_locale":"fi_FI","og_type":"article","og_title":"Emec LINI Chemische Injectielans | Dosing Pump Shop B.V.","og_description":"Emec LINI injectielans voor het injecteren van chemische vloeistoffen. Diverse materialen en configuraties leverbaar. Kijk in onze webshop!","og_url":"https:\/\/dosingpump.shop\/fi\/tuote\/emec-lini-kemiallinen-injektioputki\/","og_site_name":"Dosing Pump Shop B.V.","article_modified_time":"2026-03-31T13:13:07+00:00","og_image":[{"width":500,"height":500,"url":"https:\/\/dosingpump.shop\/wp-content\/uploads\/2024\/12\/Emec-LINI-Chemische-Injectielans.webp","type":"image\/webp"}],"twitter_card":"summary_large_image","twitter_misc":{"Hinta":"&euro;107,00","Saatavuus":"Varastossa"},"schema":{"@context":"https:\/\/schema.org","@graph":[{"@type":"WebPage","@id":"https:\/\/dosingpump.shop\/product\/emec-lini-chemische-injectielans\/","url":"https:\/\/dosingpump.shop\/product\/emec-lini-chemische-injectielans\/","name":"Emec LINI Kemiallinen ruiskuputki | Dosing Pump Shop B.V.","isPartOf":{"@id":"https:\/\/dosingpump.shop\/de\/#website"},"primaryImageOfPage":{"@id":"https:\/\/dosingpump.shop\/product\/emec-lini-chemische-injectielans\/#primaryimage"},"image":{"@id":"https:\/\/dosingpump.shop\/product\/emec-lini-chemische-injectielans\/#primaryimage"},"thumbnailUrl":"https:\/\/dosingpump.shop\/wp-content\/uploads\/2024\/12\/Emec-LINI-Chemische-Injectielans.webp","datePublished":"2024-12-05T12:21:36+00:00","dateModified":"2026-03-31T13:13:07+00:00","description":"Emec LINI -ruiskutuspistooli kemiallisten nesteiden ruiskuttamiseen. Saatavana erilaisia materiaaleja ja kokoonpanoja. Tutustu verkkokauppaan!","breadcrumb":{"@id":"https:\/\/dosingpump.shop\/product\/emec-lini-chemische-injectielans\/#breadcrumb"},"inLanguage":"fi","potentialAction":[{"@type":"ReadAction","target":["https:\/\/dosingpump.shop\/product\/emec-lini-chemische-injectielans\/"]}]},{"@type":"ImageObject","inLanguage":"fi","@id":"https:\/\/dosingpump.shop\/product\/emec-lini-chemische-injectielans\/#primaryimage","url":"https:\/\/dosingpump.shop\/wp-content\/uploads\/2024\/12\/Emec-LINI-Chemische-Injectielans.webp","contentUrl":"https:\/\/dosingpump.shop\/wp-content\/uploads\/2024\/12\/Emec-LINI-Chemische-Injectielans.webp","width":500,"height":500},{"@type":"BreadcrumbList","@id":"https:\/\/dosingpump.shop\/product\/emec-lini-chemische-injectielans\/#breadcrumb","itemListElement":[{"@type":"ListItem","position":1,"name":"Home","item":"https:\/\/dosingpump.shop\/"},{"@type":"ListItem","position":2,"name":"Shop","item":"https:\/\/dosingpump.shop\/de\/shop\/"},{"@type":"ListItem","position":3,"name":"Emec LINI Chemische Injectielans"}]},{"@type":"WebSite","@id":"https:\/\/dosingpump.shop\/de\/#website","url":"https:\/\/dosingpump.shop\/de\/","name":"Dosing Pump Shop B.V.","description":"","publisher":{"@id":"https:\/\/dosingpump.shop\/de\/#organization"},"potentialAction":[{"@type":"SearchAction","target":{"@type":"EntryPoint","urlTemplate":"https:\/\/dosingpump.shop\/de\/?s={search_term_string}"},"query-input":{"@type":"PropertyValueSpecification","valueRequired":true,"valueName":"search_term_string"}}],"inLanguage":"fi"},{"@type":"Organization","@id":"https:\/\/dosingpump.shop\/de\/#organization","name":"Dosing Pump Shop B.V.","url":"https:\/\/dosingpump.shop\/de\/","logo":{"@type":"ImageObject","inLanguage":"fi","@id":"https:\/\/dosingpump.shop\/de\/#\/schema\/logo\/image\/","url":"https:\/\/dosingpump.shop\/wp-content\/uploads\/2024\/10\/Dosing-Pump-Shop-logo.png","contentUrl":"https:\/\/dosingpump.shop\/wp-content\/uploads\/2024\/10\/Dosing-Pump-Shop-logo.png","width":350,"height":45,"caption":"Dosing Pump Shop B.V."},"image":{"@id":"https:\/\/dosingpump.shop\/de\/#\/schema\/logo\/image\/"},"sameAs":["https:\/\/linkedin.com\/company\/dosing-pump-shop"]}]},"product_price_amount":"107.00","product_price_currency":"EUR","og_availability":"instock","product_availability":"instock","product_retailer_item_id":"Emec-LINI-NL-LINI-D","product_condition":"new"},"_links":{"self":[{"href":"https:\/\/dosingpump.shop\/fi\/wp-json\/wp\/v2\/product\/3958","targetHints":{"allow":["GET"]}}],"collection":[{"href":"https:\/\/dosingpump.shop\/fi\/wp-json\/wp\/v2\/product"}],"about":[{"href":"https:\/\/dosingpump.shop\/fi\/wp-json\/wp\/v2\/types\/product"}],"wp:featuredmedia":[{"embeddable":true,"href":"https:\/\/dosingpump.shop\/fi\/wp-json\/wp\/v2\/media\/3957"}],"wp:attachment":[{"href":"https:\/\/dosingpump.shop\/fi\/wp-json\/wp\/v2\/media?parent=3958"}],"wp:term":[{"taxonomy":"product_brand","embeddable":true,"href":"https:\/\/dosingpump.shop\/fi\/wp-json\/wp\/v2\/product_brand?post=3958"},{"taxonomy":"product_cat","embeddable":true,"href":"https:\/\/dosingpump.shop\/fi\/wp-json\/wp\/v2\/product_cat?post=3958"},{"taxonomy":"product_tag","embeddable":true,"href":"https:\/\/dosingpump.shop\/fi\/wp-json\/wp\/v2\/product_tag?post=3958"}],"curies":[{"name":"wp","href":"https:\/\/api.w.org\/{rel}","templated":true}]}}