{"id":4020,"date":"2024-12-05T12:21:45","date_gmt":"2024-12-05T12:21:45","guid":{"rendered":"https:\/\/dosingpump.shop\/product\/inductieve-geleidbaarheidssensor-ecdindpt\/"},"modified":"2026-02-27T14:49:15","modified_gmt":"2026-02-27T12:49:15","slug":"induktiivinen-johtavuusanturi-ecdindpt","status":"publish","type":"product","link":"https:\/\/dosingpump.shop\/fi\/product\/inductieve-geleidbaarheidssensor-ecdindpt\/","title":{"rendered":"Induktiivinen johtavuusanturi ECDINDPT"},"content":{"rendered":"<h2 style=\"margin-bottom: 20px;\">Induktiivinen johtavuusanturi ECDINDPT k\u00e4ytett\u00e4v\u00e4ksi (Emec) ohjaimen kanssa.<\/h2>\n<p>T\u00e4m\u00e4 induktiivinen johtavuusanturi mittaa liuoksen johtavuutta. Induktiivisen johtavuuden s\u00e4\u00e4t\u00f6 on vakaampi kuin johtavan johtavuuden. Erityisesti silloin, kun j\u00e4rjestelm\u00e4ss\u00e4 on raskaita moottoreita. J\u00e4\u00e4hdytysvesij\u00e4rjestelmiss\u00e4 k\u00e4ytet\u00e4\u00e4n siksi usein induktiivisen johtavuuden mittausta ja ohjausta.<\/p>\n<p>Kyseinen anturi on ECDINDPT-anturi.<\/p>\n<p>Toimitamme luonnollisesti my\u00f6s ohjaimet, jotka toimivat n\u00e4iden antureiden kanssa. Autamme mielell\u00e4mme my\u00f6s t\u00e4ydellisiss\u00e4 j\u00e4\u00e4hdytysveden ohjauksissa.  Ota yhteytt\u00e4!<\/p>\n<h3 style=\"font-size: 1.2em; font-style: normal; margin-bottom: 20px;\">Ominaisuudet Johtavuusanturi ECDINDPT<\/h3>\n<ul style=\"margin-left: 2rem;\">\n<li style=\"font-family: Roboto, sans-serif; font-size: 15px; font-style: normal;\">Materiaali: PEEK-kotelo<\/li>\n<li style=\"font-family: Roboto, sans-serif; font-size: 15px; font-style: normal;\">Pidempi kaapeli mahdollinen<\/li>\n<li>Alue: katso \"Versiot\"<\/li>\n<li style=\"font-family: Roboto, sans-serif; font-size: 15px; font-style: normal;\">Maksimipaine: katso \"Versiot\"<\/li>\n<li style=\"font-family: Roboto, sans-serif; font-size: 15px; font-style: normal;\">Maksimil\u00e4mp\u00f6tila: katso \"Versiot\"<\/li>\n<li style=\"font-style: normal; font-size: 15px; font-family: Roboto, sans-serif;\">V\u00e4himm\u00e4isjohtavuus: katso \"Versiot\".<\/li>\n<\/ul>\n<p>Versiot<\/p>\n<p>Alla olevasta taulukosta n\u00e4et, mitk\u00e4 versiot ovat saatavilla. Taulukosta voit valita joitakin niist\u00e4. Etk\u00f6 l\u00f6yd\u00e4 haluamaasi induktiivista johtavuusanturia? Ota sitten yhteytt\u00e4 meihin.<\/p>\n<table>\n<tbody>\n<tr>\n<td><b>Malli<\/b><\/td>\n<td><b>alue<\/b><\/td>\n<td><b>baari<\/b><\/td>\n<td><b>\u00a0<\/b><\/td>\n<td><b>\u00a0l\u00e4mp\u00f6tila (?C)<\/b><\/td>\n<td><b>l\u00e4mp\u00f6tila-anturi\u00a0<\/b><\/td>\n<td><b>\u00a0kaapeli (m)<\/b><\/td>\n<td><b>\u00a0keho<\/b><\/td>\n<td><b>\u00a0<\/b><\/td>\n<\/tr>\n<tr>\n<td>ECDINDPT<\/td>\n<td>0,1-3mS;0,3-30mS;0,3-300mS<\/td>\n<td>0-8<\/td>\n<td><\/td>\n<td>0-85<\/td>\n<td>PT100<\/td>\n<td>4<\/td>\n<td>PEEK<\/td>\n<td><\/td>\n<\/tr>\n<tr>\n<td>ECDSINDPT<\/td>\n<td>0,3-10 mS<\/td>\n<td>0-8<\/td>\n<td><\/td>\n<td>0-85<\/td>\n<td>PT100<\/td>\n<td>4<\/td>\n<td>PEEK<\/td>\n<td><\/td>\n<\/tr>\n<tr>\n<td><\/td>\n<td><\/td>\n<td><\/td>\n<td><\/td>\n<td><\/td>\n<td><\/td>\n<td><\/td>\n<td><\/td>\n<td><\/td>\n<\/tr>\n<tr>\n<td><\/td>\n<td><\/td>\n<td><\/td>\n<td><\/td>\n<td><\/td>\n<td><\/td>\n<td><\/td>\n<td><\/td>\n<td><\/td>\n<\/tr>\n<\/tbody>\n<\/table>","protected":false},"excerpt":{"rendered":"<p><span style=\"color: #000000;\">Induktiivinen johtavuusanturi k\u00e4ytett\u00e4v\u00e4ksi (Emec) ohjaimen kanssa. Toimitetaan vakiona 4 metrin kaapelilla.<\/span><\/p>\n<p>Kotelo: PEEK<\/p>\n<p>Range: 0,1-3mS;0,3-30mS;0,3-300mS<\/p>\n<p>L\u00e4mp\u00f6tila: 0-85 C.<\/p>\n<p>Saatavana on erilaisia versioita.<\/p>\n<p>Malli: ECDINDPT<\/p>","protected":false},"featured_media":4019,"template":"","meta":[],"product_brand":[],"product_cat":[85],"product_tag":[],"class_list":{"0":"post-4020","1":"product","2":"type-product","3":"status-publish","4":"has-post-thumbnail","6":"product_cat-assortiment","8":"first","9":"instock","10":"taxable","11":"shipping-taxable","12":"purchasable","13":"product-type-simple"},"yoast_head":"<!-- This site is optimized with the Yoast SEO plugin v27.2 - https:\/\/yoast.com\/product\/yoast-seo-wordpress\/ -->\n<title>Inductieve geleidbaarheidssensor ECDIND | Dosing Pump Shop B.V.<\/title>\n<meta name=\"description\" content=\"Inductieve geleidbaarheidssensor ECDINDPT voor o.a. koelwaterbehandeling. Deze inductieve geleidbaarheidssensor is verkrijgbaar in diverse uitvoeringen.\" \/>\n<meta name=\"robots\" content=\"index, follow, max-snippet:-1, max-image-preview:large, max-video-preview:-1\" \/>\n<link rel=\"canonical\" href=\"https:\/\/dosingpump.shop\/fi\/tuote\/induktiivinen-johtavuusanturi-ecdindpt\/\" \/>\n<meta property=\"og:locale\" content=\"fi_FI\" \/>\n<meta property=\"og:type\" content=\"article\" \/>\n<meta property=\"og:title\" content=\"Inductieve geleidbaarheidssensor ECDIND | Dosing Pump Shop B.V.\" \/>\n<meta property=\"og:description\" content=\"Inductieve geleidbaarheidssensor ECDINDPT voor o.a. koelwaterbehandeling. Deze inductieve geleidbaarheidssensor is verkrijgbaar in diverse uitvoeringen.\" \/>\n<meta property=\"og:url\" content=\"https:\/\/dosingpump.shop\/fi\/tuote\/induktiivinen-johtavuusanturi-ecdindpt\/\" \/>\n<meta property=\"og:site_name\" content=\"Dosing Pump Shop B.V.\" \/>\n<meta property=\"article:modified_time\" content=\"2026-02-27T12:49:15+00:00\" \/>\n<meta property=\"og:image\" content=\"https:\/\/dosingpump.shop\/wp-content\/uploads\/2024\/12\/Inductieve-geleidbaarheidssensor-ECDINDPT.webp\" \/>\n\t<meta property=\"og:image:width\" content=\"481\" \/>\n\t<meta property=\"og:image:height\" content=\"518\" \/>\n\t<meta property=\"og:image:type\" content=\"image\/webp\" \/>\n<meta name=\"twitter:card\" content=\"summary_large_image\" \/>\n<meta name=\"twitter:label1\" content=\"Hinta\" \/>\n\t<meta name=\"twitter:data1\" content=\"&euro;524,00\" \/>\n\t<meta name=\"twitter:label2\" content=\"Saatavuus\" \/>\n\t<meta name=\"twitter:data2\" content=\"Varastossa\" \/>\n<script type=\"application\/ld+json\" class=\"yoast-schema-graph\">{\"@context\":\"https:\/\/schema.org\",\"@graph\":[{\"@type\":\"WebPage\",\"@id\":\"https:\/\/dosingpump.shop\/product\/inductieve-geleidbaarheidssensor-ecdindpt\/\",\"url\":\"https:\/\/dosingpump.shop\/product\/inductieve-geleidbaarheidssensor-ecdindpt\/\",\"name\":\"Inductieve geleidbaarheidssensor ECDIND | Dosing Pump Shop B.V.\",\"isPartOf\":{\"@id\":\"https:\/\/dosingpump.shop\/de\/#website\"},\"primaryImageOfPage\":{\"@id\":\"https:\/\/dosingpump.shop\/product\/inductieve-geleidbaarheidssensor-ecdindpt\/#primaryimage\"},\"image\":{\"@id\":\"https:\/\/dosingpump.shop\/product\/inductieve-geleidbaarheidssensor-ecdindpt\/#primaryimage\"},\"thumbnailUrl\":\"https:\/\/dosingpump.shop\/wp-content\/uploads\/2024\/12\/Inductieve-geleidbaarheidssensor-ECDINDPT.webp\",\"datePublished\":\"2024-12-05T12:21:45+00:00\",\"dateModified\":\"2026-02-27T12:49:15+00:00\",\"description\":\"Inductieve geleidbaarheidssensor ECDINDPT voor o.a. koelwaterbehandeling. Deze inductieve geleidbaarheidssensor is verkrijgbaar in diverse uitvoeringen.\",\"breadcrumb\":{\"@id\":\"https:\/\/dosingpump.shop\/product\/inductieve-geleidbaarheidssensor-ecdindpt\/#breadcrumb\"},\"inLanguage\":\"fi\",\"potentialAction\":[{\"@type\":\"ReadAction\",\"target\":[\"https:\/\/dosingpump.shop\/product\/inductieve-geleidbaarheidssensor-ecdindpt\/\"]}]},{\"@type\":\"ImageObject\",\"inLanguage\":\"fi\",\"@id\":\"https:\/\/dosingpump.shop\/product\/inductieve-geleidbaarheidssensor-ecdindpt\/#primaryimage\",\"url\":\"https:\/\/dosingpump.shop\/wp-content\/uploads\/2024\/12\/Inductieve-geleidbaarheidssensor-ECDINDPT.webp\",\"contentUrl\":\"https:\/\/dosingpump.shop\/wp-content\/uploads\/2024\/12\/Inductieve-geleidbaarheidssensor-ECDINDPT.webp\",\"width\":481,\"height\":518},{\"@type\":\"BreadcrumbList\",\"@id\":\"https:\/\/dosingpump.shop\/product\/inductieve-geleidbaarheidssensor-ecdindpt\/#breadcrumb\",\"itemListElement\":[{\"@type\":\"ListItem\",\"position\":1,\"name\":\"Home\",\"item\":\"https:\/\/dosingpump.shop\/\"},{\"@type\":\"ListItem\",\"position\":2,\"name\":\"Shop\",\"item\":\"https:\/\/dosingpump.shop\/de\/shop\/\"},{\"@type\":\"ListItem\",\"position\":3,\"name\":\"Inductieve geleidbaarheidssensor ECDINDPT\"}]},{\"@type\":\"WebSite\",\"@id\":\"https:\/\/dosingpump.shop\/de\/#website\",\"url\":\"https:\/\/dosingpump.shop\/de\/\",\"name\":\"Dosing Pump Shop B.V.\",\"description\":\"\",\"publisher\":{\"@id\":\"https:\/\/dosingpump.shop\/de\/#organization\"},\"potentialAction\":[{\"@type\":\"SearchAction\",\"target\":{\"@type\":\"EntryPoint\",\"urlTemplate\":\"https:\/\/dosingpump.shop\/de\/?s={search_term_string}\"},\"query-input\":{\"@type\":\"PropertyValueSpecification\",\"valueRequired\":true,\"valueName\":\"search_term_string\"}}],\"inLanguage\":\"fi\"},{\"@type\":\"Organization\",\"@id\":\"https:\/\/dosingpump.shop\/de\/#organization\",\"name\":\"Dosing Pump Shop B.V.\",\"url\":\"https:\/\/dosingpump.shop\/de\/\",\"logo\":{\"@type\":\"ImageObject\",\"inLanguage\":\"fi\",\"@id\":\"https:\/\/dosingpump.shop\/de\/#\/schema\/logo\/image\/\",\"url\":\"https:\/\/dosingpump.shop\/wp-content\/uploads\/2024\/10\/Dosing-Pump-Shop-logo.png\",\"contentUrl\":\"https:\/\/dosingpump.shop\/wp-content\/uploads\/2024\/10\/Dosing-Pump-Shop-logo.png\",\"width\":350,\"height\":45,\"caption\":\"Dosing Pump Shop B.V.\"},\"image\":{\"@id\":\"https:\/\/dosingpump.shop\/de\/#\/schema\/logo\/image\/\"},\"sameAs\":[\"https:\/\/linkedin.com\/company\/dosing-pump-shop\"]}]}<\/script>\n<meta property=\"product:price:amount\" content=\"524.00\" \/>\n<meta property=\"product:price:currency\" content=\"EUR\" \/>\n<meta property=\"og:availability\" content=\"instock\" \/>\n<meta property=\"product:availability\" content=\"instock\" \/>\n<meta property=\"product:retailer_item_id\" content=\"15110303-4\" \/>\n<meta property=\"product:condition\" content=\"new\" \/>\n<!-- \/ Yoast SEO plugin. -->","yoast_head_json":{"title":"Induktiivinen johtavuusanturi ECDIND | Dosing Pump Shop B.V.","description":"Induktiivinen johtavuusanturi ECDINDPT muun muassa j\u00e4\u00e4hdytysveden k\u00e4sittelyyn. T\u00e4t\u00e4 induktiivista johtavuusanturia on saatavana eri versioina.","robots":{"index":"index","follow":"follow","max-snippet":"max-snippet:-1","max-image-preview":"max-image-preview:large","max-video-preview":"max-video-preview:-1"},"canonical":"https:\/\/dosingpump.shop\/fi\/tuote\/induktiivinen-johtavuusanturi-ecdindpt\/","og_locale":"fi_FI","og_type":"article","og_title":"Inductieve geleidbaarheidssensor ECDIND | Dosing Pump Shop B.V.","og_description":"Inductieve geleidbaarheidssensor ECDINDPT voor o.a. koelwaterbehandeling. Deze inductieve geleidbaarheidssensor is verkrijgbaar in diverse uitvoeringen.","og_url":"https:\/\/dosingpump.shop\/fi\/tuote\/induktiivinen-johtavuusanturi-ecdindpt\/","og_site_name":"Dosing Pump Shop B.V.","article_modified_time":"2026-02-27T12:49:15+00:00","og_image":[{"width":481,"height":518,"url":"https:\/\/dosingpump.shop\/wp-content\/uploads\/2024\/12\/Inductieve-geleidbaarheidssensor-ECDINDPT.webp","type":"image\/webp"}],"twitter_card":"summary_large_image","twitter_misc":{"Hinta":"&euro;524,00","Saatavuus":"Varastossa"},"schema":{"@context":"https:\/\/schema.org","@graph":[{"@type":"WebPage","@id":"https:\/\/dosingpump.shop\/product\/inductieve-geleidbaarheidssensor-ecdindpt\/","url":"https:\/\/dosingpump.shop\/product\/inductieve-geleidbaarheidssensor-ecdindpt\/","name":"Induktiivinen johtavuusanturi ECDIND | Dosing Pump Shop B.V.","isPartOf":{"@id":"https:\/\/dosingpump.shop\/de\/#website"},"primaryImageOfPage":{"@id":"https:\/\/dosingpump.shop\/product\/inductieve-geleidbaarheidssensor-ecdindpt\/#primaryimage"},"image":{"@id":"https:\/\/dosingpump.shop\/product\/inductieve-geleidbaarheidssensor-ecdindpt\/#primaryimage"},"thumbnailUrl":"https:\/\/dosingpump.shop\/wp-content\/uploads\/2024\/12\/Inductieve-geleidbaarheidssensor-ECDINDPT.webp","datePublished":"2024-12-05T12:21:45+00:00","dateModified":"2026-02-27T12:49:15+00:00","description":"Induktiivinen johtavuusanturi ECDINDPT muun muassa j\u00e4\u00e4hdytysveden k\u00e4sittelyyn. T\u00e4t\u00e4 induktiivista johtavuusanturia on saatavana eri versioina.","breadcrumb":{"@id":"https:\/\/dosingpump.shop\/product\/inductieve-geleidbaarheidssensor-ecdindpt\/#breadcrumb"},"inLanguage":"fi","potentialAction":[{"@type":"ReadAction","target":["https:\/\/dosingpump.shop\/product\/inductieve-geleidbaarheidssensor-ecdindpt\/"]}]},{"@type":"ImageObject","inLanguage":"fi","@id":"https:\/\/dosingpump.shop\/product\/inductieve-geleidbaarheidssensor-ecdindpt\/#primaryimage","url":"https:\/\/dosingpump.shop\/wp-content\/uploads\/2024\/12\/Inductieve-geleidbaarheidssensor-ECDINDPT.webp","contentUrl":"https:\/\/dosingpump.shop\/wp-content\/uploads\/2024\/12\/Inductieve-geleidbaarheidssensor-ECDINDPT.webp","width":481,"height":518},{"@type":"BreadcrumbList","@id":"https:\/\/dosingpump.shop\/product\/inductieve-geleidbaarheidssensor-ecdindpt\/#breadcrumb","itemListElement":[{"@type":"ListItem","position":1,"name":"Home","item":"https:\/\/dosingpump.shop\/"},{"@type":"ListItem","position":2,"name":"Shop","item":"https:\/\/dosingpump.shop\/de\/shop\/"},{"@type":"ListItem","position":3,"name":"Inductieve geleidbaarheidssensor ECDINDPT"}]},{"@type":"WebSite","@id":"https:\/\/dosingpump.shop\/de\/#website","url":"https:\/\/dosingpump.shop\/de\/","name":"Dosing Pump Shop B.V.","description":"","publisher":{"@id":"https:\/\/dosingpump.shop\/de\/#organization"},"potentialAction":[{"@type":"SearchAction","target":{"@type":"EntryPoint","urlTemplate":"https:\/\/dosingpump.shop\/de\/?s={search_term_string}"},"query-input":{"@type":"PropertyValueSpecification","valueRequired":true,"valueName":"search_term_string"}}],"inLanguage":"fi"},{"@type":"Organization","@id":"https:\/\/dosingpump.shop\/de\/#organization","name":"Dosing Pump Shop B.V.","url":"https:\/\/dosingpump.shop\/de\/","logo":{"@type":"ImageObject","inLanguage":"fi","@id":"https:\/\/dosingpump.shop\/de\/#\/schema\/logo\/image\/","url":"https:\/\/dosingpump.shop\/wp-content\/uploads\/2024\/10\/Dosing-Pump-Shop-logo.png","contentUrl":"https:\/\/dosingpump.shop\/wp-content\/uploads\/2024\/10\/Dosing-Pump-Shop-logo.png","width":350,"height":45,"caption":"Dosing Pump Shop B.V."},"image":{"@id":"https:\/\/dosingpump.shop\/de\/#\/schema\/logo\/image\/"},"sameAs":["https:\/\/linkedin.com\/company\/dosing-pump-shop"]}]},"product_price_amount":"524.00","product_price_currency":"EUR","og_availability":"instock","product_availability":"instock","product_retailer_item_id":"15110303-4","product_condition":"new"},"_links":{"self":[{"href":"https:\/\/dosingpump.shop\/fi\/wp-json\/wp\/v2\/product\/4020","targetHints":{"allow":["GET"]}}],"collection":[{"href":"https:\/\/dosingpump.shop\/fi\/wp-json\/wp\/v2\/product"}],"about":[{"href":"https:\/\/dosingpump.shop\/fi\/wp-json\/wp\/v2\/types\/product"}],"wp:featuredmedia":[{"embeddable":true,"href":"https:\/\/dosingpump.shop\/fi\/wp-json\/wp\/v2\/media\/4019"}],"wp:attachment":[{"href":"https:\/\/dosingpump.shop\/fi\/wp-json\/wp\/v2\/media?parent=4020"}],"wp:term":[{"taxonomy":"product_brand","embeddable":true,"href":"https:\/\/dosingpump.shop\/fi\/wp-json\/wp\/v2\/product_brand?post=4020"},{"taxonomy":"product_cat","embeddable":true,"href":"https:\/\/dosingpump.shop\/fi\/wp-json\/wp\/v2\/product_cat?post=4020"},{"taxonomy":"product_tag","embeddable":true,"href":"https:\/\/dosingpump.shop\/fi\/wp-json\/wp\/v2\/product_tag?post=4020"}],"curies":[{"name":"wp","href":"https:\/\/api.w.org\/{rel}","templated":true}]}}