{"id":4027,"date":"2024-12-05T12:21:45","date_gmt":"2024-12-05T12:21:45","guid":{"rendered":"https:\/\/dosingpump.shop\/product\/doseerpomp-met-watermeter-met-pulsgever\/"},"modified":"2026-02-27T14:49:16","modified_gmt":"2026-02-27T12:49:16","slug":"pulssimittarilla-varustettu-annostelupumppu","status":"publish","type":"product","link":"https:\/\/dosingpump.shop\/fi\/product\/doseerpomp-met-watermeter-met-pulsgever\/","title":{"rendered":"Annostelupumppu, jossa on pulssimittari"},"content":{"rendered":"<p>T\u00e4m\u00e4 mittapumpun ja vesimittarin, jossa on pulssigeneraattori, sarja on <b>t\u00e4ydellinen annosteluasennus<\/b> sin\u00e4ns\u00e4. . <b>asennus on helppoa<\/b>Vesimittari sijoitetaan vesijohtoon. Jokaisesta mitatusta litrasta t\u00e4m\u00e4 vesimittari l\u00e4hett\u00e4\u00e4 pumpulle pulssin. N\u00e4in pumppu tiet\u00e4\u00e4, mik\u00e4 tilavuusvirta kulkee vesijohdon l\u00e4pi. T\u00e4m\u00e4n j\u00e4lkeen pumppu voidaan asettaa <b>esim. 1%-lis\u00e4aine.<\/b>. Kun virtaus muuttuu, pumppu s\u00e4\u00e4tyy automaattisesti. Pys\u00e4htyyk\u00f6 veden virtaus? Silloin my\u00f6s pumppu pys\u00e4htyy.<\/p>\n<p>Prosenttiosuuden lis\u00e4ksi on olemassa <b>useita vaihtoehtoja, kuten ml\/litra, PPM, mutta my\u00f6s kerto- ja jakolaskua.<\/b> (perustuu pulssien m\u00e4\u00e4r\u00e4\u00e4n)<\/p>\n<p>T\u00e4h\u00e4n sarjaan kuuluu k\u00e4sik\u00e4ytt\u00f6inen ilmanpoistopumppu ja 1\/2 vesimittari. Luonnollisesti my\u00f6s muita vaihtoehtoja on saatavilla, usein varastosta.<\/p>\n<p>Tarvitaanko muuta vaihtoehtoa? Tai kysymyksi\u00e4? Ota yhteytt\u00e4 tai pyyd\u00e4 tarjous!<\/p>\n<h3>Ominaisuudet annostelupumppu, jossa on pulssimittari<\/h3>\n<ul>\n<li>Sein\u00e4kiinnitys<\/li>\n<li>Versio: VMS MF 10-04<\/li>\n<li>Sis\u00e4lt\u00e4\u00e4 imusuodattimen, 1\/2 ruiskutusventtiilin ja 4*6mm letkut.<\/li>\n<li>T\u00e4ysi PTFE-kalvo<\/li>\n<li>PVDF-pumppup\u00e4\u00e4<\/li>\n<li>Vesimittari: Catfi 1\/2 1 pulssi\/litra.<\/li>\n<\/ul>\n<h3>K\u00e4ytett\u00e4viss\u00e4 oleva virtaus ja paine<\/h3>\n<p><b>Emec VMS MF<\/b><\/p>\n<table>\n<tbody>\n<tr>\n<th>Paine (Bar)<\/th>\n<th>Virtaus (l\/tunti)<\/th>\n<\/tr>\n<tr>\n<td>20<\/td>\n<td>01<\/td>\n<\/tr>\n<tr>\n<td>15<\/td>\n<td>02<\/td>\n<\/tr>\n<tr>\n<td>10<\/td>\n<td>04<\/td>\n<\/tr>\n<tr>\n<td>07<\/td>\n<td>06<\/td>\n<\/tr>\n<tr>\n<td>05<\/td>\n<td>01<\/td>\n<\/tr>\n<tr>\n<td>01<\/td>\n<td>16<\/td>\n<\/tr>\n<\/tbody>\n<\/table>\n<p><b>Vesimittari, jossa on pulssigeneraattori<\/b><\/p>\n<table style=\"font-size: 15px; font-style: normal; font-weight: 400; width: 1057.6px;\">\n<tbody style=\"font-size: 15px;\">\n<tr style=\"font-size: 15px;\">\n<th style=\"font-size: 15px;\">Malli<\/th>\n<th style=\"font-size: 15px;\">Varusteet<\/th>\n<\/tr>\n<tr style=\"font-size: 15px;\">\n<td style=\"font-size: 15px;\">CATFI 15<\/td>\n<td style=\"font-size: 15px;\">1\/2<\/td>\n<\/tr>\n<tr style=\"font-size: 15px;\">\n<td style=\"font-size: 15px;\">CATFI 20<\/td>\n<td style=\"font-size: 15px;\">3\/4<\/td>\n<\/tr>\n<tr style=\"font-size: 15px;\">\n<td style=\"font-size: 15px;\">CATFI 25<\/td>\n<td style=\"font-size: 15px;\">1<\/td>\n<\/tr>\n<tr style=\"font-size: 15px;\">\n<td style=\"font-size: 15px;\">CATFI 30<\/td>\n<td style=\"font-size: 15px;\">1.1\/4<\/td>\n<\/tr>\n<tr style=\"font-size: 15px;\">\n<td style=\"font-size: 15px;\">CATFI 40<\/td>\n<td style=\"font-size: 15px;\">1.1\/2<\/td>\n<\/tr>\n<tr style=\"font-size: 15px;\">\n<td style=\"font-size: 15px;\">CATFI 50<\/td>\n<td style=\"font-size: 15px;\">2<\/td>\n<\/tr>\n<\/tbody>\n<\/table>\n<p>Versiot<\/p>\n<ul>\n<li>Alla olevasta taulukosta n\u00e4et, mitk\u00e4 versiot ovat saatavilla. Etk\u00f6 l\u00f6yd\u00e4 haluamaasi pumppua? Ota sitten yhteytt\u00e4 meihin.<\/li>\n<\/ul>\n<table>\n<tbody>\n<tr>\n<th><\/th>\n<th>VMS MF -annostelupumppu, jossa on pulssimittari<\/th>\n<th><\/th>\n<th><\/th>\n<\/tr>\n<tr>\n<th>Kuvaus<\/th>\n<td>Vakio-\/proportionaalinen annosteluj\u00e4rjestelm\u00e4, jossa on pulssimittari<\/td>\n<td><\/td>\n<td><\/td>\n<\/tr>\n<tr>\n<th>Ominaisuudet<\/th>\n<td>\n<ul>\n<li>Digitaalinen n\u00e4ytt\u00f6<\/li>\n<li>mA-signaalitulo<\/li>\n<li>Voltin signaalitulo<\/li>\n<li>Er\u00e4annostelu<\/li>\n<li>Ty\u00f6n taukotila<\/li>\n<li>1\/2_ vesimittari, jossa on kuivalaskentalaite<\/li>\n<\/ul>\n<\/td>\n<td><\/td>\n<td><\/td>\n<\/tr>\n<tr>\n<th>Ominaisuudet<\/th>\n<td>\n<ul style=\"font-size: 15px; font-style: normal; font-weight: 400;\">\n<li style=\"font-size: 15px;\">Jatkuva<\/li>\n<li style=\"font-size: 15px;\">Jaa<\/li>\n<li style=\"font-size: 15px;\">Kerrotaan<\/li>\n<li style=\"font-size: 15px;\">PPM<\/li>\n<li style=\"font-size: 15px;\">Er\u00e4<\/li>\n<li style=\"font-size: 15px;\">%<\/li>\n<li style=\"font-size: 15px;\">ml\/m\u00e4\u00e4r\u00e4<\/li>\n<\/ul>\n<\/td>\n<td><\/td>\n<td><\/td>\n<\/tr>\n<tr>\n<th>Tulo<\/th>\n<td>\n<ul>\n<li>Tasons\u00e4\u00e4din (mukana)<\/li>\n<li>Vesimittari<\/li>\n<\/ul>\n<\/td>\n<td><\/td>\n<td><\/td>\n<\/tr>\n<tr>\n<th>L\u00e4ht\u00f6<\/th>\n<td>\n<ul>\n<li>H\u00e4lytys (valinnainen)<\/li>\n<\/ul>\n<\/td>\n<td><\/td>\n<td><\/td>\n<\/tr>\n<\/tbody>\n<\/table>","protected":false},"excerpt":{"rendered":"<ul>\n<li>Mittauspumpun ja vesimittarin sarja, jossa on pulssigeneraattori.<\/li>\n<li>T\u00e4ydellinen esimerkiksi 1%-nesteen annosteluun vesiputkeen.<\/li>\n<li>Erilaiset annosteluohjelmat mahdollisia.<\/li>\n<li>Versio: VMS MF 1\/2\u2033 vesimittarilla, jossa on kuivalaskenta.<\/li>\n<\/ul>\n<p>Tarvitsetko toisen version? Pyyd\u00e4 tarjous!<\/p>","protected":false},"featured_media":4026,"template":"","meta":[],"product_brand":[],"product_cat":[17],"product_tag":[],"class_list":{"0":"post-4027","1":"product","2":"type-product","3":"status-publish","4":"has-post-thumbnail","6":"product_cat-doseerpompen","8":"first","9":"instock","10":"taxable","11":"shipping-taxable","12":"purchasable","13":"product-type-simple"},"yoast_head":"<!-- This site is optimized with the Yoast SEO plugin v27.2 - https:\/\/yoast.com\/product\/yoast-seo-wordpress\/ -->\n<title>Doseerpomp met Watermeter met Pulsgever | Dosing Pump Shop B.V.<\/title>\n<meta name=\"description\" content=\"Deze doseerpomp met watermeter met pulsgever is perfect voor het doseren van bijvoorbeeld 1% product aan een waterleiding. Bekijk product.\" \/>\n<meta name=\"robots\" content=\"index, follow, max-snippet:-1, max-image-preview:large, max-video-preview:-1\" \/>\n<link rel=\"canonical\" href=\"https:\/\/dosingpump.shop\/fi\/tuote\/pulssimittarilla-varustettu-annostelupumppu\/\" \/>\n<meta property=\"og:locale\" content=\"fi_FI\" \/>\n<meta property=\"og:type\" content=\"article\" \/>\n<meta property=\"og:title\" content=\"Doseerpomp met Watermeter met Pulsgever | Dosing Pump Shop B.V.\" \/>\n<meta property=\"og:description\" content=\"Deze doseerpomp met watermeter met pulsgever is perfect voor het doseren van bijvoorbeeld 1% product aan een waterleiding. Bekijk product.\" \/>\n<meta property=\"og:url\" content=\"https:\/\/dosingpump.shop\/fi\/tuote\/pulssimittarilla-varustettu-annostelupumppu\/\" \/>\n<meta property=\"og:site_name\" content=\"Dosing Pump Shop B.V.\" \/>\n<meta property=\"article:modified_time\" content=\"2026-02-27T12:49:16+00:00\" \/>\n<meta property=\"og:image\" content=\"https:\/\/dosingpump.shop\/wp-content\/uploads\/2024\/12\/Doseerpomp-met-watermeter-met-pulsgever.webp\" \/>\n\t<meta property=\"og:image:width\" content=\"473\" \/>\n\t<meta property=\"og:image:height\" content=\"528\" \/>\n\t<meta property=\"og:image:type\" content=\"image\/webp\" \/>\n<meta name=\"twitter:card\" content=\"summary_large_image\" \/>\n<meta name=\"twitter:label1\" content=\"Hinta\" \/>\n\t<meta name=\"twitter:data1\" content=\"&euro;568,00\" \/>\n\t<meta name=\"twitter:label2\" content=\"Saatavuus\" \/>\n\t<meta name=\"twitter:data2\" content=\"Varastossa\" \/>\n<script type=\"application\/ld+json\" class=\"yoast-schema-graph\">{\"@context\":\"https:\/\/schema.org\",\"@graph\":[{\"@type\":\"WebPage\",\"@id\":\"https:\/\/dosingpump.shop\/en\/product\/dosing-pump-with-pulse-meter\/\",\"url\":\"https:\/\/dosingpump.shop\/en\/product\/dosing-pump-with-pulse-meter\/\",\"name\":\"Doseerpomp met Watermeter met Pulsgever | Dosing Pump Shop B.V.\",\"isPartOf\":{\"@id\":\"https:\/\/dosingpump.shop\/de\/#website\"},\"primaryImageOfPage\":{\"@id\":\"https:\/\/dosingpump.shop\/en\/product\/dosing-pump-with-pulse-meter\/#primaryimage\"},\"image\":{\"@id\":\"https:\/\/dosingpump.shop\/en\/product\/dosing-pump-with-pulse-meter\/#primaryimage\"},\"thumbnailUrl\":\"https:\/\/dosingpump.shop\/wp-content\/uploads\/2024\/12\/Doseerpomp-met-watermeter-met-pulsgever.webp\",\"datePublished\":\"2024-12-05T12:21:45+00:00\",\"dateModified\":\"2026-02-27T12:49:16+00:00\",\"description\":\"Deze doseerpomp met watermeter met pulsgever is perfect voor het doseren van bijvoorbeeld 1% product aan een waterleiding. Bekijk product.\",\"breadcrumb\":{\"@id\":\"https:\/\/dosingpump.shop\/en\/product\/dosing-pump-with-pulse-meter\/#breadcrumb\"},\"inLanguage\":\"fi\",\"potentialAction\":[{\"@type\":\"ReadAction\",\"target\":[\"https:\/\/dosingpump.shop\/en\/product\/dosing-pump-with-pulse-meter\/\"]}]},{\"@type\":\"ImageObject\",\"inLanguage\":\"fi\",\"@id\":\"https:\/\/dosingpump.shop\/en\/product\/dosing-pump-with-pulse-meter\/#primaryimage\",\"url\":\"https:\/\/dosingpump.shop\/wp-content\/uploads\/2024\/12\/Doseerpomp-met-watermeter-met-pulsgever.webp\",\"contentUrl\":\"https:\/\/dosingpump.shop\/wp-content\/uploads\/2024\/12\/Doseerpomp-met-watermeter-met-pulsgever.webp\",\"width\":473,\"height\":528},{\"@type\":\"BreadcrumbList\",\"@id\":\"https:\/\/dosingpump.shop\/en\/product\/dosing-pump-with-pulse-meter\/#breadcrumb\",\"itemListElement\":[{\"@type\":\"ListItem\",\"position\":1,\"name\":\"Home\",\"item\":\"https:\/\/dosingpump.shop\/\"},{\"@type\":\"ListItem\",\"position\":2,\"name\":\"Shop\",\"item\":\"https:\/\/dosingpump.shop\/de\/shop\/\"},{\"@type\":\"ListItem\",\"position\":3,\"name\":\"Doseerpomp met watermeter met pulsgever\"}]},{\"@type\":\"WebSite\",\"@id\":\"https:\/\/dosingpump.shop\/de\/#website\",\"url\":\"https:\/\/dosingpump.shop\/de\/\",\"name\":\"Dosing Pump Shop B.V.\",\"description\":\"\",\"publisher\":{\"@id\":\"https:\/\/dosingpump.shop\/de\/#organization\"},\"potentialAction\":[{\"@type\":\"SearchAction\",\"target\":{\"@type\":\"EntryPoint\",\"urlTemplate\":\"https:\/\/dosingpump.shop\/de\/?s={search_term_string}\"},\"query-input\":{\"@type\":\"PropertyValueSpecification\",\"valueRequired\":true,\"valueName\":\"search_term_string\"}}],\"inLanguage\":\"fi\"},{\"@type\":\"Organization\",\"@id\":\"https:\/\/dosingpump.shop\/de\/#organization\",\"name\":\"Dosing Pump Shop B.V.\",\"url\":\"https:\/\/dosingpump.shop\/de\/\",\"logo\":{\"@type\":\"ImageObject\",\"inLanguage\":\"fi\",\"@id\":\"https:\/\/dosingpump.shop\/de\/#\/schema\/logo\/image\/\",\"url\":\"https:\/\/dosingpump.shop\/wp-content\/uploads\/2024\/10\/Dosing-Pump-Shop-logo.png\",\"contentUrl\":\"https:\/\/dosingpump.shop\/wp-content\/uploads\/2024\/10\/Dosing-Pump-Shop-logo.png\",\"width\":350,\"height\":45,\"caption\":\"Dosing Pump Shop B.V.\"},\"image\":{\"@id\":\"https:\/\/dosingpump.shop\/de\/#\/schema\/logo\/image\/\"},\"sameAs\":[\"https:\/\/linkedin.com\/company\/dosing-pump-shop\"]}]}<\/script>\n<meta property=\"product:price:amount\" content=\"568.00\" \/>\n<meta property=\"product:price:currency\" content=\"EUR\" \/>\n<meta property=\"og:availability\" content=\"instock\" \/>\n<meta property=\"product:availability\" content=\"instock\" \/>\n<meta property=\"product:condition\" content=\"new\" \/>\n<!-- \/ Yoast SEO plugin. -->","yoast_head_json":{"title":"Annostelupumppu, jossa on vesimittari ja pulssilaukaisin | Dosing Pump Shop B.V.","description":"T\u00e4m\u00e4 pulssigeneraattorilla varustettu vesimittarilla varustettu annostelupumppu sopii erinomaisesti esimerkiksi 1%-tuotteen annosteluun vesijohtoon. N\u00e4yt\u00e4 tuote.","robots":{"index":"index","follow":"follow","max-snippet":"max-snippet:-1","max-image-preview":"max-image-preview:large","max-video-preview":"max-video-preview:-1"},"canonical":"https:\/\/dosingpump.shop\/fi\/tuote\/pulssimittarilla-varustettu-annostelupumppu\/","og_locale":"fi_FI","og_type":"article","og_title":"Doseerpomp met Watermeter met Pulsgever | Dosing Pump Shop B.V.","og_description":"Deze doseerpomp met watermeter met pulsgever is perfect voor het doseren van bijvoorbeeld 1% product aan een waterleiding. Bekijk product.","og_url":"https:\/\/dosingpump.shop\/fi\/tuote\/pulssimittarilla-varustettu-annostelupumppu\/","og_site_name":"Dosing Pump Shop B.V.","article_modified_time":"2026-02-27T12:49:16+00:00","og_image":[{"width":473,"height":528,"url":"https:\/\/dosingpump.shop\/wp-content\/uploads\/2024\/12\/Doseerpomp-met-watermeter-met-pulsgever.webp","type":"image\/webp"}],"twitter_card":"summary_large_image","twitter_misc":{"Hinta":"&euro;568,00","Saatavuus":"Varastossa"},"schema":{"@context":"https:\/\/schema.org","@graph":[{"@type":"WebPage","@id":"https:\/\/dosingpump.shop\/en\/product\/dosing-pump-with-pulse-meter\/","url":"https:\/\/dosingpump.shop\/en\/product\/dosing-pump-with-pulse-meter\/","name":"Annostelupumppu, jossa on vesimittari ja pulssilaukaisin | Dosing Pump Shop B.V.","isPartOf":{"@id":"https:\/\/dosingpump.shop\/de\/#website"},"primaryImageOfPage":{"@id":"https:\/\/dosingpump.shop\/en\/product\/dosing-pump-with-pulse-meter\/#primaryimage"},"image":{"@id":"https:\/\/dosingpump.shop\/en\/product\/dosing-pump-with-pulse-meter\/#primaryimage"},"thumbnailUrl":"https:\/\/dosingpump.shop\/wp-content\/uploads\/2024\/12\/Doseerpomp-met-watermeter-met-pulsgever.webp","datePublished":"2024-12-05T12:21:45+00:00","dateModified":"2026-02-27T12:49:16+00:00","description":"T\u00e4m\u00e4 pulssigeneraattorilla varustettu vesimittarilla varustettu annostelupumppu sopii erinomaisesti esimerkiksi 1%-tuotteen annosteluun vesijohtoon. N\u00e4yt\u00e4 tuote.","breadcrumb":{"@id":"https:\/\/dosingpump.shop\/en\/product\/dosing-pump-with-pulse-meter\/#breadcrumb"},"inLanguage":"fi","potentialAction":[{"@type":"ReadAction","target":["https:\/\/dosingpump.shop\/en\/product\/dosing-pump-with-pulse-meter\/"]}]},{"@type":"ImageObject","inLanguage":"fi","@id":"https:\/\/dosingpump.shop\/en\/product\/dosing-pump-with-pulse-meter\/#primaryimage","url":"https:\/\/dosingpump.shop\/wp-content\/uploads\/2024\/12\/Doseerpomp-met-watermeter-met-pulsgever.webp","contentUrl":"https:\/\/dosingpump.shop\/wp-content\/uploads\/2024\/12\/Doseerpomp-met-watermeter-met-pulsgever.webp","width":473,"height":528},{"@type":"BreadcrumbList","@id":"https:\/\/dosingpump.shop\/en\/product\/dosing-pump-with-pulse-meter\/#breadcrumb","itemListElement":[{"@type":"ListItem","position":1,"name":"Home","item":"https:\/\/dosingpump.shop\/"},{"@type":"ListItem","position":2,"name":"Shop","item":"https:\/\/dosingpump.shop\/de\/shop\/"},{"@type":"ListItem","position":3,"name":"Doseerpomp met watermeter met pulsgever"}]},{"@type":"WebSite","@id":"https:\/\/dosingpump.shop\/de\/#website","url":"https:\/\/dosingpump.shop\/de\/","name":"Dosing Pump Shop B.V.","description":"","publisher":{"@id":"https:\/\/dosingpump.shop\/de\/#organization"},"potentialAction":[{"@type":"SearchAction","target":{"@type":"EntryPoint","urlTemplate":"https:\/\/dosingpump.shop\/de\/?s={search_term_string}"},"query-input":{"@type":"PropertyValueSpecification","valueRequired":true,"valueName":"search_term_string"}}],"inLanguage":"fi"},{"@type":"Organization","@id":"https:\/\/dosingpump.shop\/de\/#organization","name":"Dosing Pump Shop B.V.","url":"https:\/\/dosingpump.shop\/de\/","logo":{"@type":"ImageObject","inLanguage":"fi","@id":"https:\/\/dosingpump.shop\/de\/#\/schema\/logo\/image\/","url":"https:\/\/dosingpump.shop\/wp-content\/uploads\/2024\/10\/Dosing-Pump-Shop-logo.png","contentUrl":"https:\/\/dosingpump.shop\/wp-content\/uploads\/2024\/10\/Dosing-Pump-Shop-logo.png","width":350,"height":45,"caption":"Dosing Pump Shop B.V."},"image":{"@id":"https:\/\/dosingpump.shop\/de\/#\/schema\/logo\/image\/"},"sameAs":["https:\/\/linkedin.com\/company\/dosing-pump-shop"]}]},"product_price_amount":"568.00","product_price_currency":"EUR","og_availability":"instock","product_availability":"instock","product_condition":"new"},"_links":{"self":[{"href":"https:\/\/dosingpump.shop\/fi\/wp-json\/wp\/v2\/product\/4027","targetHints":{"allow":["GET"]}}],"collection":[{"href":"https:\/\/dosingpump.shop\/fi\/wp-json\/wp\/v2\/product"}],"about":[{"href":"https:\/\/dosingpump.shop\/fi\/wp-json\/wp\/v2\/types\/product"}],"wp:featuredmedia":[{"embeddable":true,"href":"https:\/\/dosingpump.shop\/fi\/wp-json\/wp\/v2\/media\/4026"}],"wp:attachment":[{"href":"https:\/\/dosingpump.shop\/fi\/wp-json\/wp\/v2\/media?parent=4027"}],"wp:term":[{"taxonomy":"product_brand","embeddable":true,"href":"https:\/\/dosingpump.shop\/fi\/wp-json\/wp\/v2\/product_brand?post=4027"},{"taxonomy":"product_cat","embeddable":true,"href":"https:\/\/dosingpump.shop\/fi\/wp-json\/wp\/v2\/product_cat?post=4027"},{"taxonomy":"product_tag","embeddable":true,"href":"https:\/\/dosingpump.shop\/fi\/wp-json\/wp\/v2\/product_tag?post=4027"}],"curies":[{"name":"wp","href":"https:\/\/api.w.org\/{rel}","templated":true}]}}