{"id":4047,"date":"2024-12-05T12:21:47","date_gmt":"2024-12-05T12:21:47","guid":{"rendered":"https:\/\/dosingpump.shop\/?post_type=product&#038;p=4047"},"modified":"2026-02-27T14:49:16","modified_gmt":"2026-02-27T12:49:16","slug":"emec-ams-mf-25-05-ep-annostelupumppu","status":"publish","type":"product","link":"https:\/\/dosingpump.shop\/fi\/product\/emec-ams-mf-25-05-ep-doseerpomp\/","title":{"rendered":"Emec AMS MF 25-05 EP annostelupumppu"},"content":{"rendered":"<p>Emec AMS-MF 25-05 EP on Emec AMS-MF 25-05 EP on <strong>korkealaatuinen annostelupumppu<\/strong> joka voi annostella 5 litraa tunnissa 25 baarin paineella. Kaikissa Emecin annostelupumpuissa on PTFE-kalvo ja ne ovat eritt\u00e4in kest\u00e4vi\u00e4. Ne annostelevat vuodesta toiseen ilman ongelmia ja <strong>jatkuva annostelu<\/strong> ei ole lainkaan vastalauseita.<\/p>\n<p><strong>Huom!<\/strong> ett\u00e4 valitset oikean kokoonpanon sovellukseesi ja annosteltavaan tuotteeseen! Autamme sinua mielell\u00e4mme tekem\u00e4\u00e4n oikean valinnan. Voit aina ottaa meihin yhteytt\u00e4 sit\u00e4 varten.<\/p>\n<p>Pumput ovat <strong>toimitetaan t\u00e4ydellisen\u00e4<\/strong> jossa on imusuodatin, ruiskutusventtiili ja letku. Voit siis aloittaa sen k\u00e4yt\u00f6n hetkess\u00e4. Osoitteessa <strong>MF<\/strong> versio tarkoittaa monik\u00e4ytt\u00f6inen. T\u00e4m\u00e4 tarkoittaa, ett\u00e4 t\u00e4t\u00e4 pumppua voidaan ohjata suhteellisesti ulkoisella signaalilla, esim. 4-20 mA, 0-10V tai pulssilla. Osoitteessa <strong>CL<\/strong> ja <strong>MF<\/strong> versioissa on imusuodattimen tason s\u00e4\u00e4t\u00f6. CO-versioissa t\u00e4t\u00e4 ei ole.<\/p>","protected":false},"excerpt":{"rendered":"<p>Emec AMS-MF 25-05 EP<\/p>\n<ul>\n<li>Kiinnitys alustaan<\/li>\n<li>LCD-n\u00e4ytt\u00f6<\/li>\n<li>Varustettu mikroprosessoritekniikalla<\/li>\n<li>K\u00e4sik\u00e4ytt\u00f6inen iskun pituus s\u00e4\u00e4dett\u00e4viss\u00e4<\/li>\n<li>Kaikki nesteen osat (pumpun p\u00e4\u00e4 - ruiskutusventtiili - jalkaventtiili - poistoletku) on valmistettu PVDF:st\u00e4.<\/li>\n<li>PVDF-pumppup\u00e4\u00e4<\/li>\n<\/ul>","protected":false},"featured_media":5190,"template":"","meta":[],"product_brand":[],"product_cat":[85],"product_tag":[],"class_list":{"0":"post-4047","1":"product","2":"type-product","3":"status-publish","4":"has-post-thumbnail","6":"product_cat-assortiment","8":"first","9":"onbackorder","10":"taxable","11":"shipping-taxable","12":"purchasable","13":"product-type-simple"},"yoast_head":"<!-- This site is optimized with the Yoast SEO plugin v27.2 - https:\/\/yoast.com\/product\/yoast-seo-wordpress\/ -->\n<title>Emec AMS MF 25-05 EP Doseerpomp | Dosing Pump Shop B.V.<\/title>\n<meta name=\"description\" content=\"De Emec AMS MF is een ouder model uit de Emec AMS serie. Capaciteit: 5 l\/uur. Druk: 25 bar. Laatste modellen. Aantrekkelijke korting.\" \/>\n<meta name=\"robots\" content=\"index, follow, max-snippet:-1, max-image-preview:large, max-video-preview:-1\" \/>\n<link rel=\"canonical\" href=\"https:\/\/dosingpump.shop\/fi\/tuote\/emec-ams-mf-25-05-ep-annostelupumppu\/\" \/>\n<meta property=\"og:locale\" content=\"fi_FI\" \/>\n<meta property=\"og:type\" content=\"article\" \/>\n<meta property=\"og:title\" content=\"Emec AMS MF 25-05 EP Doseerpomp | Dosing Pump Shop B.V.\" \/>\n<meta property=\"og:description\" content=\"De Emec AMS MF is een ouder model uit de Emec AMS serie. Capaciteit: 5 l\/uur. Druk: 25 bar. Laatste modellen. Aantrekkelijke korting.\" \/>\n<meta property=\"og:url\" content=\"https:\/\/dosingpump.shop\/fi\/tuote\/emec-ams-mf-25-05-ep-annostelupumppu\/\" \/>\n<meta property=\"og:site_name\" content=\"Dosing Pump Shop B.V.\" \/>\n<meta property=\"article:modified_time\" content=\"2026-02-27T12:49:16+00:00\" \/>\n<meta property=\"og:image\" content=\"https:\/\/dosingpump.shop\/wp-content\/uploads\/2024\/12\/Emec-AMS-Series.webp\" \/>\n\t<meta property=\"og:image:width\" content=\"600\" \/>\n\t<meta property=\"og:image:height\" content=\"600\" \/>\n\t<meta property=\"og:image:type\" content=\"image\/webp\" \/>\n<meta name=\"twitter:card\" content=\"summary_large_image\" \/>\n<meta name=\"twitter:label1\" content=\"Hinta\" \/>\n\t<meta name=\"twitter:data1\" content=\"&euro;968,00\" \/>\n\t<meta name=\"twitter:label2\" content=\"Saatavuus\" \/>\n\t<meta name=\"twitter:data2\" content=\"J\u00e4lkitoimituksessa\" \/>\n<script type=\"application\/ld+json\" class=\"yoast-schema-graph\">{\"@context\":\"https:\/\/schema.org\",\"@graph\":[{\"@type\":\"WebPage\",\"@id\":\"https:\/\/dosingpump.shop\/pt\/produto\/bomba-doseadora-emec-ams-mf-25-05-ep\/\",\"url\":\"https:\/\/dosingpump.shop\/pt\/produto\/bomba-doseadora-emec-ams-mf-25-05-ep\/\",\"name\":\"Emec AMS MF 25-05 EP Doseerpomp | Dosing Pump Shop B.V.\",\"isPartOf\":{\"@id\":\"https:\/\/dosingpump.shop\/de\/#website\"},\"primaryImageOfPage\":{\"@id\":\"https:\/\/dosingpump.shop\/pt\/produto\/bomba-doseadora-emec-ams-mf-25-05-ep\/#primaryimage\"},\"image\":{\"@id\":\"https:\/\/dosingpump.shop\/pt\/produto\/bomba-doseadora-emec-ams-mf-25-05-ep\/#primaryimage\"},\"thumbnailUrl\":\"https:\/\/dosingpump.shop\/wp-content\/uploads\/2024\/12\/Emec-AMS-Series.webp\",\"datePublished\":\"2024-12-05T12:21:47+00:00\",\"dateModified\":\"2026-02-27T12:49:16+00:00\",\"description\":\"De Emec AMS MF is een ouder model uit de Emec AMS serie. Capaciteit: 5 l\/uur. Druk: 25 bar. Laatste modellen. Aantrekkelijke korting.\",\"breadcrumb\":{\"@id\":\"https:\/\/dosingpump.shop\/pt\/produto\/bomba-doseadora-emec-ams-mf-25-05-ep\/#breadcrumb\"},\"inLanguage\":\"fi\",\"potentialAction\":[{\"@type\":\"ReadAction\",\"target\":[\"https:\/\/dosingpump.shop\/pt\/produto\/bomba-doseadora-emec-ams-mf-25-05-ep\/\"]}]},{\"@type\":\"ImageObject\",\"inLanguage\":\"fi\",\"@id\":\"https:\/\/dosingpump.shop\/pt\/produto\/bomba-doseadora-emec-ams-mf-25-05-ep\/#primaryimage\",\"url\":\"https:\/\/dosingpump.shop\/wp-content\/uploads\/2024\/12\/Emec-AMS-Series.webp\",\"contentUrl\":\"https:\/\/dosingpump.shop\/wp-content\/uploads\/2024\/12\/Emec-AMS-Series.webp\",\"width\":600,\"height\":600},{\"@type\":\"BreadcrumbList\",\"@id\":\"https:\/\/dosingpump.shop\/pt\/produto\/bomba-doseadora-emec-ams-mf-25-05-ep\/#breadcrumb\",\"itemListElement\":[{\"@type\":\"ListItem\",\"position\":1,\"name\":\"Home\",\"item\":\"https:\/\/dosingpump.shop\/\"},{\"@type\":\"ListItem\",\"position\":2,\"name\":\"Shop\",\"item\":\"https:\/\/dosingpump.shop\/de\/shop\/\"},{\"@type\":\"ListItem\",\"position\":3,\"name\":\"Emec AMS MF 25-05 EP Doseerpomp\"}]},{\"@type\":\"WebSite\",\"@id\":\"https:\/\/dosingpump.shop\/de\/#website\",\"url\":\"https:\/\/dosingpump.shop\/de\/\",\"name\":\"Dosing Pump Shop B.V.\",\"description\":\"\",\"publisher\":{\"@id\":\"https:\/\/dosingpump.shop\/de\/#organization\"},\"potentialAction\":[{\"@type\":\"SearchAction\",\"target\":{\"@type\":\"EntryPoint\",\"urlTemplate\":\"https:\/\/dosingpump.shop\/de\/?s={search_term_string}\"},\"query-input\":{\"@type\":\"PropertyValueSpecification\",\"valueRequired\":true,\"valueName\":\"search_term_string\"}}],\"inLanguage\":\"fi\"},{\"@type\":\"Organization\",\"@id\":\"https:\/\/dosingpump.shop\/de\/#organization\",\"name\":\"Dosing Pump Shop B.V.\",\"url\":\"https:\/\/dosingpump.shop\/de\/\",\"logo\":{\"@type\":\"ImageObject\",\"inLanguage\":\"fi\",\"@id\":\"https:\/\/dosingpump.shop\/de\/#\/schema\/logo\/image\/\",\"url\":\"https:\/\/dosingpump.shop\/wp-content\/uploads\/2024\/10\/Dosing-Pump-Shop-logo.png\",\"contentUrl\":\"https:\/\/dosingpump.shop\/wp-content\/uploads\/2024\/10\/Dosing-Pump-Shop-logo.png\",\"width\":350,\"height\":45,\"caption\":\"Dosing Pump Shop B.V.\"},\"image\":{\"@id\":\"https:\/\/dosingpump.shop\/de\/#\/schema\/logo\/image\/\"},\"sameAs\":[\"https:\/\/linkedin.com\/company\/dosing-pump-shop\"]}]}<\/script>\n<meta property=\"product:price:amount\" content=\"968.00\" \/>\n<meta property=\"product:price:currency\" content=\"EUR\" \/>\n<meta property=\"og:availability\" content=\"backorder\" \/>\n<meta property=\"product:availability\" content=\"available for order\" \/>\n<meta property=\"product:retailer_item_id\" content=\"AMF25005P0000G00A000\" \/>\n<meta property=\"product:condition\" content=\"new\" \/>\n<!-- \/ Yoast SEO plugin. -->","yoast_head_json":{"title":"Emec AMS MF 25-05 EP Annostelupumppu | Dosing Pump Shop B.V.","description":"Emec AMS MF on Emec AMS -sarjan vanhempi malli. Kapasiteetti: 5 l\/tunti. Paine: 25 bar. Uusimmat mallit. Houkutteleva alennus.","robots":{"index":"index","follow":"follow","max-snippet":"max-snippet:-1","max-image-preview":"max-image-preview:large","max-video-preview":"max-video-preview:-1"},"canonical":"https:\/\/dosingpump.shop\/fi\/tuote\/emec-ams-mf-25-05-ep-annostelupumppu\/","og_locale":"fi_FI","og_type":"article","og_title":"Emec AMS MF 25-05 EP Doseerpomp | Dosing Pump Shop B.V.","og_description":"De Emec AMS MF is een ouder model uit de Emec AMS serie. Capaciteit: 5 l\/uur. Druk: 25 bar. Laatste modellen. Aantrekkelijke korting.","og_url":"https:\/\/dosingpump.shop\/fi\/tuote\/emec-ams-mf-25-05-ep-annostelupumppu\/","og_site_name":"Dosing Pump Shop B.V.","article_modified_time":"2026-02-27T12:49:16+00:00","og_image":[{"width":600,"height":600,"url":"https:\/\/dosingpump.shop\/wp-content\/uploads\/2024\/12\/Emec-AMS-Series.webp","type":"image\/webp"}],"twitter_card":"summary_large_image","twitter_misc":{"Hinta":"&euro;968,00","Saatavuus":"J\u00e4lkitoimituksessa"},"schema":{"@context":"https:\/\/schema.org","@graph":[{"@type":"WebPage","@id":"https:\/\/dosingpump.shop\/pt\/produto\/bomba-doseadora-emec-ams-mf-25-05-ep\/","url":"https:\/\/dosingpump.shop\/pt\/produto\/bomba-doseadora-emec-ams-mf-25-05-ep\/","name":"Emec AMS MF 25-05 EP Annostelupumppu | Dosing Pump Shop B.V.","isPartOf":{"@id":"https:\/\/dosingpump.shop\/de\/#website"},"primaryImageOfPage":{"@id":"https:\/\/dosingpump.shop\/pt\/produto\/bomba-doseadora-emec-ams-mf-25-05-ep\/#primaryimage"},"image":{"@id":"https:\/\/dosingpump.shop\/pt\/produto\/bomba-doseadora-emec-ams-mf-25-05-ep\/#primaryimage"},"thumbnailUrl":"https:\/\/dosingpump.shop\/wp-content\/uploads\/2024\/12\/Emec-AMS-Series.webp","datePublished":"2024-12-05T12:21:47+00:00","dateModified":"2026-02-27T12:49:16+00:00","description":"Emec AMS MF on Emec AMS -sarjan vanhempi malli. Kapasiteetti: 5 l\/tunti. Paine: 25 bar. Uusimmat mallit. Houkutteleva alennus.","breadcrumb":{"@id":"https:\/\/dosingpump.shop\/pt\/produto\/bomba-doseadora-emec-ams-mf-25-05-ep\/#breadcrumb"},"inLanguage":"fi","potentialAction":[{"@type":"ReadAction","target":["https:\/\/dosingpump.shop\/pt\/produto\/bomba-doseadora-emec-ams-mf-25-05-ep\/"]}]},{"@type":"ImageObject","inLanguage":"fi","@id":"https:\/\/dosingpump.shop\/pt\/produto\/bomba-doseadora-emec-ams-mf-25-05-ep\/#primaryimage","url":"https:\/\/dosingpump.shop\/wp-content\/uploads\/2024\/12\/Emec-AMS-Series.webp","contentUrl":"https:\/\/dosingpump.shop\/wp-content\/uploads\/2024\/12\/Emec-AMS-Series.webp","width":600,"height":600},{"@type":"BreadcrumbList","@id":"https:\/\/dosingpump.shop\/pt\/produto\/bomba-doseadora-emec-ams-mf-25-05-ep\/#breadcrumb","itemListElement":[{"@type":"ListItem","position":1,"name":"Home","item":"https:\/\/dosingpump.shop\/"},{"@type":"ListItem","position":2,"name":"Shop","item":"https:\/\/dosingpump.shop\/de\/shop\/"},{"@type":"ListItem","position":3,"name":"Emec AMS MF 25-05 EP Doseerpomp"}]},{"@type":"WebSite","@id":"https:\/\/dosingpump.shop\/de\/#website","url":"https:\/\/dosingpump.shop\/de\/","name":"Dosing Pump Shop B.V.","description":"","publisher":{"@id":"https:\/\/dosingpump.shop\/de\/#organization"},"potentialAction":[{"@type":"SearchAction","target":{"@type":"EntryPoint","urlTemplate":"https:\/\/dosingpump.shop\/de\/?s={search_term_string}"},"query-input":{"@type":"PropertyValueSpecification","valueRequired":true,"valueName":"search_term_string"}}],"inLanguage":"fi"},{"@type":"Organization","@id":"https:\/\/dosingpump.shop\/de\/#organization","name":"Dosing Pump Shop B.V.","url":"https:\/\/dosingpump.shop\/de\/","logo":{"@type":"ImageObject","inLanguage":"fi","@id":"https:\/\/dosingpump.shop\/de\/#\/schema\/logo\/image\/","url":"https:\/\/dosingpump.shop\/wp-content\/uploads\/2024\/10\/Dosing-Pump-Shop-logo.png","contentUrl":"https:\/\/dosingpump.shop\/wp-content\/uploads\/2024\/10\/Dosing-Pump-Shop-logo.png","width":350,"height":45,"caption":"Dosing Pump Shop B.V."},"image":{"@id":"https:\/\/dosingpump.shop\/de\/#\/schema\/logo\/image\/"},"sameAs":["https:\/\/linkedin.com\/company\/dosing-pump-shop"]}]},"product_price_amount":"968.00","product_price_currency":"EUR","og_availability":"backorder","product_availability":"available for order","product_retailer_item_id":"AMF25005P0000G00A000","product_condition":"new"},"_links":{"self":[{"href":"https:\/\/dosingpump.shop\/fi\/wp-json\/wp\/v2\/product\/4047","targetHints":{"allow":["GET"]}}],"collection":[{"href":"https:\/\/dosingpump.shop\/fi\/wp-json\/wp\/v2\/product"}],"about":[{"href":"https:\/\/dosingpump.shop\/fi\/wp-json\/wp\/v2\/types\/product"}],"wp:featuredmedia":[{"embeddable":true,"href":"https:\/\/dosingpump.shop\/fi\/wp-json\/wp\/v2\/media\/5190"}],"wp:attachment":[{"href":"https:\/\/dosingpump.shop\/fi\/wp-json\/wp\/v2\/media?parent=4047"}],"wp:term":[{"taxonomy":"product_brand","embeddable":true,"href":"https:\/\/dosingpump.shop\/fi\/wp-json\/wp\/v2\/product_brand?post=4047"},{"taxonomy":"product_cat","embeddable":true,"href":"https:\/\/dosingpump.shop\/fi\/wp-json\/wp\/v2\/product_cat?post=4047"},{"taxonomy":"product_tag","embeddable":true,"href":"https:\/\/dosingpump.shop\/fi\/wp-json\/wp\/v2\/product_tag?post=4047"}],"curies":[{"name":"wp","href":"https:\/\/api.w.org\/{rel}","templated":true}]}}