{"id":4091,"date":"2024-12-05T12:21:53","date_gmt":"2024-12-05T12:21:53","guid":{"rendered":"https:\/\/dosingpump.shop\/?post_type=product&#038;p=4091"},"modified":"2026-02-27T14:49:18","modified_gmt":"2026-02-27T12:49:18","slug":"prisma-10-13-fp-modbus-annostelupumppu","status":"publish","type":"product","link":"https:\/\/dosingpump.shop\/fi\/product\/prisma-10-13-fp-modbus-doseerpomp\/","title":{"rendered":"PRISMA 10-13 FP MODBUS Annostelupumppu"},"content":{"rendered":"<h3>Emec Prisma 05-80 Annostelupumppu: T\u00e4ydellinen ja tarkka annostelun hallintaj\u00e4rjestelm\u00e4.<\/h3>\n<p>Emec Prisma 10-13 FP MODBUS on Emec Prisma 10-13 FP MODBUS on <strong>korkealaatuinen annostelupumppu<\/strong> joka voi annostella 13 litraa tunnissa 10 baarin paineella. Kaikissa Emecin annostelupumpuissa on PTFE-kalvo ja ne ovat eritt\u00e4in kest\u00e4vi\u00e4. Ne annostelevat vuodesta toiseen ilman ongelmia ja <strong>jatkuva annostelu<\/strong> ei ole lainkaan vastalauseita.<\/p>\n<p><strong>Huom!<\/strong> ett\u00e4 valitset oikean kokoonpanon sovellukseesi ja annosteltavaan tuotteeseen! Autamme sinua mielell\u00e4mme tekem\u00e4\u00e4n oikean valinnan. Voit aina ottaa meihin yhteytt\u00e4 sit\u00e4 varten. Pumput ovat <strong>toimitetaan t\u00e4ydellisen\u00e4<\/strong> jossa on imusuodatin, ruiskutusventtiili ja letku. Voit siis aloittaa sen k\u00e4yt\u00f6n hetkess\u00e4.<\/p>\n<h4>Ainutlaatuiset ominaisuudet:<\/h4>\n<ul>\n<li><strong>Liitett\u00e4vyys:<\/strong> Lis\u00e4varusteena Bluetooth ja kauko-ohjaus Emec Ermes -palvelimen kautta, jolloin voit lukea ja s\u00e4\u00e4t\u00e4\u00e4 pumppua mist\u00e4 p\u00e4in maailmaa tahansa matkapuhelimesi kautta.<\/li>\n<li><strong>Yhteensopivuus:<\/strong> Sek\u00e4 MODBUS- ett\u00e4 RS485-yhteydet ovat mahdollisia. RS485 on jopa vakiovaruste.<\/li>\n<li><strong>Sopeutumiskyky:<\/strong> Ohjelmiston ja askelmoottorin ansiosta Emec Prisma voidaan t\u00e4ysin mukauttaa annostelutarpeisiisi. Saatavilla on useita annosteluohjelmia!<\/li>\n<li><strong>Maksimaalinen valvonta:<\/strong> Vaikuttava k\u00e4\u00e4nt\u00f6suhde 1:4800 takaa tarkimman mahdollisen annosteluprosessin hallinnan.<\/li>\n<li><strong>Hidas tila:<\/strong> Ainutlaatuinen ominaisuus, joka mahdollistaa korkeaviskoosisten nesteiden tarkan annostelun v\u00e4hent\u00e4m\u00e4ll\u00e4 pumpun iskun 25, 50 tai 75% normaalikapasiteettiin.<\/li>\n<\/ul>\n<h4>Saatavilla olevat Emec Prisma-annostelupumppuversiot:<\/h4>\n<p>20 bar - 1 l\/h - 02 bar - 80 l\/h, aina l\u00f6ytyy Emec Prisma-mittauspumppu, joka sopii t\u00e4ydellisesti tarpeisiisi.Tarvitsetko apua oikean version valinnassa? Pyyd\u00e4 tarjous, niin olemme valmiita neuvomaan sinua!<\/p>","protected":false},"excerpt":{"rendered":"<p>Emec PRISMA -sarjan avulla saat talon parhaan annostelupumpun. T\u00e4m\u00e4 kalvopumppu on askelmoottorinsa ansiosta t\u00e4h\u00e4n menness\u00e4 innovatiivisin annostelupumppu. Pyyd\u00e4 t\u00e4t\u00e4 monitoimilaitetta heti, jos haluat tarkkuutta ja luotettavuutta.<\/p>\n<ul>\n<li>WIFI<\/li>\n<li>Bluetooth<\/li>\n<li>modbus<\/li>\n<li>RS485<\/li>\n<\/ul>","protected":false},"featured_media":4117,"template":"","meta":[],"product_brand":[],"product_cat":[78],"product_tag":[],"class_list":{"0":"post-4091","1":"product","2":"type-product","3":"status-publish","4":"has-post-thumbnail","6":"product_cat-emec-prisma","8":"first","9":"instock","10":"taxable","11":"shipping-taxable","12":"purchasable","13":"product-type-simple"},"yoast_head":"<!-- This site is optimized with the Yoast SEO plugin v27.2 - https:\/\/yoast.com\/product\/yoast-seo-wordpress\/ -->\n<title>Emec Prisma 10-13 FP MODBUS Doseerpomp | Dosing Pump Shop B.V.<\/title>\n<meta name=\"description\" content=\"De Emec Prisma is een ouder model stappenmotor doseerpomp. Capaciteit: 13 l\/uur. Druk: 10 bar. Laatste modellen. Aantrekkelijke korting.\" \/>\n<meta name=\"robots\" content=\"index, follow, max-snippet:-1, max-image-preview:large, max-video-preview:-1\" \/>\n<link rel=\"canonical\" href=\"https:\/\/dosingpump.shop\/fi\/tuote\/prisma-10-13-fp-modbus-annostelupumppu\/\" \/>\n<meta property=\"og:locale\" content=\"fi_FI\" \/>\n<meta property=\"og:type\" content=\"article\" \/>\n<meta property=\"og:title\" content=\"Emec Prisma 10-13 FP MODBUS Doseerpomp | Dosing Pump Shop B.V.\" \/>\n<meta property=\"og:description\" content=\"De Emec Prisma is een ouder model stappenmotor doseerpomp. Capaciteit: 13 l\/uur. Druk: 10 bar. Laatste modellen. Aantrekkelijke korting.\" \/>\n<meta property=\"og:url\" content=\"https:\/\/dosingpump.shop\/fi\/tuote\/prisma-10-13-fp-modbus-annostelupumppu\/\" \/>\n<meta property=\"og:site_name\" content=\"Dosing Pump Shop B.V.\" \/>\n<meta property=\"article:modified_time\" content=\"2026-02-27T12:49:18+00:00\" \/>\n<meta property=\"og:image\" content=\"https:\/\/dosingpump.shop\/wp-content\/uploads\/2024\/12\/Emec-Prisma-MODBUS-Doseerpomp.webp\" \/>\n\t<meta property=\"og:image:width\" content=\"500\" \/>\n\t<meta property=\"og:image:height\" content=\"500\" \/>\n\t<meta property=\"og:image:type\" content=\"image\/webp\" \/>\n<meta name=\"twitter:card\" content=\"summary_large_image\" \/>\n<meta name=\"twitter:label1\" content=\"Hinta\" \/>\n\t<meta name=\"twitter:data1\" content=\"&euro;1.508,00\" \/>\n\t<meta name=\"twitter:label2\" content=\"Saatavuus\" \/>\n\t<meta name=\"twitter:data2\" content=\"Varastossa\" \/>\n<script type=\"application\/ld+json\" class=\"yoast-schema-graph\">{\"@context\":\"https:\/\/schema.org\",\"@graph\":[{\"@type\":\"WebPage\",\"@id\":\"https:\/\/dosingpump.shop\/en\/product\/prism-10-13-fp-modbus-dosing-pump\/\",\"url\":\"https:\/\/dosingpump.shop\/en\/product\/prism-10-13-fp-modbus-dosing-pump\/\",\"name\":\"Emec Prisma 10-13 FP MODBUS Doseerpomp | Dosing Pump Shop B.V.\",\"isPartOf\":{\"@id\":\"https:\/\/dosingpump.shop\/de\/#website\"},\"primaryImageOfPage\":{\"@id\":\"https:\/\/dosingpump.shop\/en\/product\/prism-10-13-fp-modbus-dosing-pump\/#primaryimage\"},\"image\":{\"@id\":\"https:\/\/dosingpump.shop\/en\/product\/prism-10-13-fp-modbus-dosing-pump\/#primaryimage\"},\"thumbnailUrl\":\"https:\/\/dosingpump.shop\/wp-content\/uploads\/2024\/12\/Emec-Prisma-MODBUS-Doseerpomp.webp\",\"datePublished\":\"2024-12-05T12:21:53+00:00\",\"dateModified\":\"2026-02-27T12:49:18+00:00\",\"description\":\"De Emec Prisma is een ouder model stappenmotor doseerpomp. Capaciteit: 13 l\/uur. Druk: 10 bar. Laatste modellen. Aantrekkelijke korting.\",\"breadcrumb\":{\"@id\":\"https:\/\/dosingpump.shop\/en\/product\/prism-10-13-fp-modbus-dosing-pump\/#breadcrumb\"},\"inLanguage\":\"fi\",\"potentialAction\":[{\"@type\":\"ReadAction\",\"target\":[\"https:\/\/dosingpump.shop\/en\/product\/prism-10-13-fp-modbus-dosing-pump\/\"]}]},{\"@type\":\"ImageObject\",\"inLanguage\":\"fi\",\"@id\":\"https:\/\/dosingpump.shop\/en\/product\/prism-10-13-fp-modbus-dosing-pump\/#primaryimage\",\"url\":\"https:\/\/dosingpump.shop\/wp-content\/uploads\/2024\/12\/Emec-Prisma-MODBUS-Doseerpomp.webp\",\"contentUrl\":\"https:\/\/dosingpump.shop\/wp-content\/uploads\/2024\/12\/Emec-Prisma-MODBUS-Doseerpomp.webp\",\"width\":500,\"height\":500},{\"@type\":\"BreadcrumbList\",\"@id\":\"https:\/\/dosingpump.shop\/en\/product\/prism-10-13-fp-modbus-dosing-pump\/#breadcrumb\",\"itemListElement\":[{\"@type\":\"ListItem\",\"position\":1,\"name\":\"Home\",\"item\":\"https:\/\/dosingpump.shop\/\"},{\"@type\":\"ListItem\",\"position\":2,\"name\":\"Shop\",\"item\":\"https:\/\/dosingpump.shop\/de\/shop\/\"},{\"@type\":\"ListItem\",\"position\":3,\"name\":\"PRISMA 10-13 FP MODBUS Doseerpomp\"}]},{\"@type\":\"WebSite\",\"@id\":\"https:\/\/dosingpump.shop\/de\/#website\",\"url\":\"https:\/\/dosingpump.shop\/de\/\",\"name\":\"Dosing Pump Shop B.V.\",\"description\":\"\",\"publisher\":{\"@id\":\"https:\/\/dosingpump.shop\/de\/#organization\"},\"potentialAction\":[{\"@type\":\"SearchAction\",\"target\":{\"@type\":\"EntryPoint\",\"urlTemplate\":\"https:\/\/dosingpump.shop\/de\/?s={search_term_string}\"},\"query-input\":{\"@type\":\"PropertyValueSpecification\",\"valueRequired\":true,\"valueName\":\"search_term_string\"}}],\"inLanguage\":\"fi\"},{\"@type\":\"Organization\",\"@id\":\"https:\/\/dosingpump.shop\/de\/#organization\",\"name\":\"Dosing Pump Shop B.V.\",\"url\":\"https:\/\/dosingpump.shop\/de\/\",\"logo\":{\"@type\":\"ImageObject\",\"inLanguage\":\"fi\",\"@id\":\"https:\/\/dosingpump.shop\/de\/#\/schema\/logo\/image\/\",\"url\":\"https:\/\/dosingpump.shop\/wp-content\/uploads\/2024\/10\/Dosing-Pump-Shop-logo.png\",\"contentUrl\":\"https:\/\/dosingpump.shop\/wp-content\/uploads\/2024\/10\/Dosing-Pump-Shop-logo.png\",\"width\":350,\"height\":45,\"caption\":\"Dosing Pump Shop B.V.\"},\"image\":{\"@id\":\"https:\/\/dosingpump.shop\/de\/#\/schema\/logo\/image\/\"},\"sameAs\":[\"https:\/\/linkedin.com\/company\/dosing-pump-shop\"]}]}<\/script>\n<meta property=\"product:price:amount\" content=\"1508.00\" \/>\n<meta property=\"product:price:currency\" content=\"EUR\" \/>\n<meta property=\"og:availability\" content=\"instock\" \/>\n<meta property=\"product:availability\" content=\"instock\" \/>\n<meta property=\"product:retailer_item_id\" content=\"PRS10013K00KV00A000\" \/>\n<meta property=\"product:condition\" content=\"new\" \/>\n<!-- \/ Yoast SEO plugin. -->","yoast_head_json":{"title":"Emec Prisma 10-13 FP MODBUS Annostelupumppu | Dosing Pump Shop B.V.","description":"Emec Prisma on vanhemman mallinen askelmoottorinen annostelupumppu. Kapasiteetti: 13 l\/tunti. Paine: 10 bar. Uusimmat mallit. Houkutteleva alennus.","robots":{"index":"index","follow":"follow","max-snippet":"max-snippet:-1","max-image-preview":"max-image-preview:large","max-video-preview":"max-video-preview:-1"},"canonical":"https:\/\/dosingpump.shop\/fi\/tuote\/prisma-10-13-fp-modbus-annostelupumppu\/","og_locale":"fi_FI","og_type":"article","og_title":"Emec Prisma 10-13 FP MODBUS Doseerpomp | Dosing Pump Shop B.V.","og_description":"De Emec Prisma is een ouder model stappenmotor doseerpomp. Capaciteit: 13 l\/uur. Druk: 10 bar. Laatste modellen. Aantrekkelijke korting.","og_url":"https:\/\/dosingpump.shop\/fi\/tuote\/prisma-10-13-fp-modbus-annostelupumppu\/","og_site_name":"Dosing Pump Shop B.V.","article_modified_time":"2026-02-27T12:49:18+00:00","og_image":[{"width":500,"height":500,"url":"https:\/\/dosingpump.shop\/wp-content\/uploads\/2024\/12\/Emec-Prisma-MODBUS-Doseerpomp.webp","type":"image\/webp"}],"twitter_card":"summary_large_image","twitter_misc":{"Hinta":"&euro;1.508,00","Saatavuus":"Varastossa"},"schema":{"@context":"https:\/\/schema.org","@graph":[{"@type":"WebPage","@id":"https:\/\/dosingpump.shop\/en\/product\/prism-10-13-fp-modbus-dosing-pump\/","url":"https:\/\/dosingpump.shop\/en\/product\/prism-10-13-fp-modbus-dosing-pump\/","name":"Emec Prisma 10-13 FP MODBUS Annostelupumppu | Dosing Pump Shop B.V.","isPartOf":{"@id":"https:\/\/dosingpump.shop\/de\/#website"},"primaryImageOfPage":{"@id":"https:\/\/dosingpump.shop\/en\/product\/prism-10-13-fp-modbus-dosing-pump\/#primaryimage"},"image":{"@id":"https:\/\/dosingpump.shop\/en\/product\/prism-10-13-fp-modbus-dosing-pump\/#primaryimage"},"thumbnailUrl":"https:\/\/dosingpump.shop\/wp-content\/uploads\/2024\/12\/Emec-Prisma-MODBUS-Doseerpomp.webp","datePublished":"2024-12-05T12:21:53+00:00","dateModified":"2026-02-27T12:49:18+00:00","description":"Emec Prisma on vanhemman mallinen askelmoottorinen annostelupumppu. Kapasiteetti: 13 l\/tunti. Paine: 10 bar. Uusimmat mallit. Houkutteleva alennus.","breadcrumb":{"@id":"https:\/\/dosingpump.shop\/en\/product\/prism-10-13-fp-modbus-dosing-pump\/#breadcrumb"},"inLanguage":"fi","potentialAction":[{"@type":"ReadAction","target":["https:\/\/dosingpump.shop\/en\/product\/prism-10-13-fp-modbus-dosing-pump\/"]}]},{"@type":"ImageObject","inLanguage":"fi","@id":"https:\/\/dosingpump.shop\/en\/product\/prism-10-13-fp-modbus-dosing-pump\/#primaryimage","url":"https:\/\/dosingpump.shop\/wp-content\/uploads\/2024\/12\/Emec-Prisma-MODBUS-Doseerpomp.webp","contentUrl":"https:\/\/dosingpump.shop\/wp-content\/uploads\/2024\/12\/Emec-Prisma-MODBUS-Doseerpomp.webp","width":500,"height":500},{"@type":"BreadcrumbList","@id":"https:\/\/dosingpump.shop\/en\/product\/prism-10-13-fp-modbus-dosing-pump\/#breadcrumb","itemListElement":[{"@type":"ListItem","position":1,"name":"Home","item":"https:\/\/dosingpump.shop\/"},{"@type":"ListItem","position":2,"name":"Shop","item":"https:\/\/dosingpump.shop\/de\/shop\/"},{"@type":"ListItem","position":3,"name":"PRISMA 10-13 FP MODBUS Doseerpomp"}]},{"@type":"WebSite","@id":"https:\/\/dosingpump.shop\/de\/#website","url":"https:\/\/dosingpump.shop\/de\/","name":"Dosing Pump Shop B.V.","description":"","publisher":{"@id":"https:\/\/dosingpump.shop\/de\/#organization"},"potentialAction":[{"@type":"SearchAction","target":{"@type":"EntryPoint","urlTemplate":"https:\/\/dosingpump.shop\/de\/?s={search_term_string}"},"query-input":{"@type":"PropertyValueSpecification","valueRequired":true,"valueName":"search_term_string"}}],"inLanguage":"fi"},{"@type":"Organization","@id":"https:\/\/dosingpump.shop\/de\/#organization","name":"Dosing Pump Shop B.V.","url":"https:\/\/dosingpump.shop\/de\/","logo":{"@type":"ImageObject","inLanguage":"fi","@id":"https:\/\/dosingpump.shop\/de\/#\/schema\/logo\/image\/","url":"https:\/\/dosingpump.shop\/wp-content\/uploads\/2024\/10\/Dosing-Pump-Shop-logo.png","contentUrl":"https:\/\/dosingpump.shop\/wp-content\/uploads\/2024\/10\/Dosing-Pump-Shop-logo.png","width":350,"height":45,"caption":"Dosing Pump Shop B.V."},"image":{"@id":"https:\/\/dosingpump.shop\/de\/#\/schema\/logo\/image\/"},"sameAs":["https:\/\/linkedin.com\/company\/dosing-pump-shop"]}]},"product_price_amount":"1508.00","product_price_currency":"EUR","og_availability":"instock","product_availability":"instock","product_retailer_item_id":"PRS10013K00KV00A000","product_condition":"new"},"_links":{"self":[{"href":"https:\/\/dosingpump.shop\/fi\/wp-json\/wp\/v2\/product\/4091","targetHints":{"allow":["GET"]}}],"collection":[{"href":"https:\/\/dosingpump.shop\/fi\/wp-json\/wp\/v2\/product"}],"about":[{"href":"https:\/\/dosingpump.shop\/fi\/wp-json\/wp\/v2\/types\/product"}],"wp:featuredmedia":[{"embeddable":true,"href":"https:\/\/dosingpump.shop\/fi\/wp-json\/wp\/v2\/media\/4117"}],"wp:attachment":[{"href":"https:\/\/dosingpump.shop\/fi\/wp-json\/wp\/v2\/media?parent=4091"}],"wp:term":[{"taxonomy":"product_brand","embeddable":true,"href":"https:\/\/dosingpump.shop\/fi\/wp-json\/wp\/v2\/product_brand?post=4091"},{"taxonomy":"product_cat","embeddable":true,"href":"https:\/\/dosingpump.shop\/fi\/wp-json\/wp\/v2\/product_cat?post=4091"},{"taxonomy":"product_tag","embeddable":true,"href":"https:\/\/dosingpump.shop\/fi\/wp-json\/wp\/v2\/product_tag?post=4091"}],"curies":[{"name":"wp","href":"https:\/\/api.w.org\/{rel}","templated":true}]}}