{"id":4222,"date":"2024-12-05T12:22:10","date_gmt":"2024-12-05T12:22:10","guid":{"rendered":"https:\/\/dosingpump.shop\/product\/emec-prius-d-mf-doseerpomp\/"},"modified":"2026-03-24T12:52:31","modified_gmt":"2026-03-24T11:52:31","slug":"emec-prius-d-mf-mittaripumppu","status":"publish","type":"product","link":"https:\/\/dosingpump.shop\/fi\/product\/emec-prius-d-mf-doseerpomp\/","title":{"rendered":"Emec Prius D MF Annostelupumppu"},"content":{"rendered":"<h3>Moottorik\u00e4ytt\u00f6inen, suurivirtauksinen monik\u00e4ytt\u00f6inen annostelupumppu<\/h3>\n<p>Monia prosesseja ohjataan PLC:ll\u00e4 tai prosessitietokoneella. T\u00e4ll\u00f6in on k\u00e4tev\u00e4\u00e4, ett\u00e4 my\u00f6s annostelupumppua voidaan ohjata t\u00e4ll\u00e4. Moottorik\u00e4ytt\u00f6inen Prius D MF voi tuottaa suuren virtauksen. Jopa n. <b>1000 litraa tunnissa<\/b> Suhteellisen korkeassa paineessa <b>5 baaria<\/b>. T\u00e4m\u00e4 pumppu on saatavana my\u00f6s korkeapaineversiona, jolloin sen maksimipaine on 100 bar.<\/p>\n<p>Ilmoitettu hinta perustuu versioon Prius D MF 10-60.<\/p>\n<p>N\u00e4iden ominaisuuksien ansiosta Prius MF on laajalti k\u00e4ytetty annosteluratkaisu vedenpuhdistuslaitoksissa ja teollisuudessa. K\u00e4ytett\u00e4viss\u00e4 olevien materiaalien yhdistelm\u00e4ll\u00e4 voidaan annostella l\u00e4hes mit\u00e4 tahansa nestett\u00e4 turvallisesti ja tarkasti. T\u00e4ss\u00e4 annostelupumpussa on 10 k\u00e4ytett\u00e4viss\u00e4 olevaa toimintatilaa, mukaan lukien: viikoittainen ajastinannostelu, pulssi, mA, voltti ja er\u00e4, tason s\u00e4\u00e4t\u00f6, h\u00e4lytykset, valmiustila, ajastin.<\/p>\n<p>Monitoimisen toimintatilan lis\u00e4ksi kaikissa Prius MF -malleissa on kaksoisventtiilit, alumiinikotelo ja jousipalautusmekanismi.<\/p>\n<p>Prius MF -sarjassa voimme tarjota seuraavia annostelupumppuja, joilla kullakin on omat ainutlaatuiset ominaisuutensa:<\/p>\n<ul>\n<li><strong>Prius D MF<\/strong>: Vakiomalli, jossa on PTFE-kalvo ja jonka kapasiteetti voi toimittaa <b>jopa 1000 litraa tunnissa<\/b>.<\/li>\n<li><strong>Prius D MF AP<\/strong>: Se pystyy tuottamaan korkeaa painetta. Osittain ter\u00e4ksisen pumppup\u00e4\u00e4n (AISI316L) ansiosta t\u00e4m\u00e4 pumppu pystyy tuottamaan painetta <b>jopa 100 bar<\/b>.<\/li>\n<li><strong>Prius P MF<\/strong>: T\u00e4ss\u00e4 mallissa k\u00e4ytet\u00e4\u00e4n <b>Ruostumattomasta ter\u00e4ksest\u00e4 tai keraaminen m\u00e4nt\u00e4<\/b> ja siksi t\u00e4m\u00e4 annostelupumppu soveltuu hyvin korkeal\u00e4mp\u00f6isten nesteiden annosteluun.<\/li>\n<\/ul>\n<p>Oikean annostelupumpun valitseminen on usein hankalaa. Anna meid\u00e4n auttaa! Ota meihin yhteytt\u00e4, niin ryhdymme t\u00f6ihin puolestasi.<\/p>","protected":false},"excerpt":{"rendered":"<ul>\n<li>Monik\u00e4ytt\u00f6inen moottorik\u00e4ytt\u00f6inen annostelupumppu suurille virtauksille.<\/li>\n<li>Jopa 1000 litraa tunnissa 2 baarin paineella.<\/li>\n<li>T\u00e4ysi PTFE-kalvo.<\/li>\n<li>Soveltuu ohjaukseen 4-20mA:n, voltin tai pulssin kautta.<\/li>\n<li>230V virtal\u00e4hde.<\/li>\n<li>Rakenne: Prius D MF 10-60, jossa on PVDF-pumppup\u00e4\u00e4.<\/li>\n<\/ul>","protected":false},"featured_media":8787,"template":"","meta":[],"product_brand":[],"product_cat":[17,18],"product_tag":[],"class_list":{"0":"post-4222","1":"product","2":"type-product","3":"status-publish","4":"has-post-thumbnail","6":"product_cat-doseerpompen","7":"product_cat-motorgedreven","8":"product_shipping_class-priusmf","10":"first","11":"instock","12":"taxable","13":"shipping-taxable","14":"purchasable","15":"product-type-simple"},"yoast_head":"<!-- This site is optimized with the Yoast SEO plugin v27.2 - https:\/\/yoast.com\/product\/yoast-seo-wordpress\/ -->\n<title>Emec Prius D MF Doseerpomp | Dosing Pump Shop B.V.<\/title>\n<meta name=\"description\" content=\"De Emec Prius D MF serie is een multifunctionele doseerpomp voor dosering van vloeistoffen in grote volumes. Bezoek de webshop.\" \/>\n<meta name=\"robots\" content=\"index, follow, max-snippet:-1, max-image-preview:large, max-video-preview:-1\" \/>\n<link rel=\"canonical\" href=\"https:\/\/dosingpump.shop\/fi\/tuote\/emec-prius-d-mf-mittaripumppu\/\" \/>\n<meta property=\"og:locale\" content=\"fi_FI\" \/>\n<meta property=\"og:type\" content=\"article\" \/>\n<meta property=\"og:title\" content=\"Emec Prius D MF Doseerpomp | Dosing Pump Shop B.V.\" \/>\n<meta property=\"og:description\" content=\"De Emec Prius D MF serie is een multifunctionele doseerpomp voor dosering van vloeistoffen in grote volumes. Bezoek de webshop.\" \/>\n<meta property=\"og:url\" content=\"https:\/\/dosingpump.shop\/fi\/tuote\/emec-prius-d-mf-mittaripumppu\/\" \/>\n<meta property=\"og:site_name\" content=\"Dosing Pump Shop B.V.\" \/>\n<meta property=\"article:modified_time\" content=\"2026-03-24T11:52:31+00:00\" \/>\n<meta property=\"og:image\" content=\"https:\/\/dosingpump.shop\/wp-content\/uploads\/2024\/12\/Emec-Prius-D-MF-Motor-Gedreven-Doseerpomp.png\" \/>\n\t<meta property=\"og:image:width\" content=\"600\" \/>\n\t<meta property=\"og:image:height\" content=\"600\" \/>\n\t<meta property=\"og:image:type\" content=\"image\/png\" \/>\n<meta name=\"twitter:card\" content=\"summary_large_image\" \/>\n<meta name=\"twitter:label1\" content=\"Hinta\" \/>\n\t<meta name=\"twitter:data1\" content=\"&euro;2.374,00\" \/>\n\t<meta name=\"twitter:label2\" content=\"Saatavuus\" \/>\n\t<meta name=\"twitter:data2\" content=\"Varastossa\" \/>\n<script type=\"application\/ld+json\" class=\"yoast-schema-graph\">{\"@context\":\"https:\/\/schema.org\",\"@graph\":[{\"@type\":\"WebPage\",\"@id\":\"https:\/\/dosingpump.shop\/product\/emec-prius-d-mf-doseerpomp\/\",\"url\":\"https:\/\/dosingpump.shop\/product\/emec-prius-d-mf-doseerpomp\/\",\"name\":\"Emec Prius D MF Doseerpomp | Dosing Pump Shop B.V.\",\"isPartOf\":{\"@id\":\"https:\/\/dosingpump.shop\/de\/#website\"},\"primaryImageOfPage\":{\"@id\":\"https:\/\/dosingpump.shop\/product\/emec-prius-d-mf-doseerpomp\/#primaryimage\"},\"image\":{\"@id\":\"https:\/\/dosingpump.shop\/product\/emec-prius-d-mf-doseerpomp\/#primaryimage\"},\"thumbnailUrl\":\"https:\/\/dosingpump.shop\/wp-content\/uploads\/2024\/12\/Emec-Prius-D-MF-Motor-Gedreven-Doseerpomp.webp\",\"datePublished\":\"2024-12-05T12:22:10+00:00\",\"dateModified\":\"2026-03-24T11:52:31+00:00\",\"description\":\"De Emec Prius D MF serie is een multifunctionele doseerpomp voor dosering van vloeistoffen in grote volumes. Bezoek de webshop.\",\"breadcrumb\":{\"@id\":\"https:\/\/dosingpump.shop\/product\/emec-prius-d-mf-doseerpomp\/#breadcrumb\"},\"inLanguage\":\"fi\",\"potentialAction\":[{\"@type\":\"ReadAction\",\"target\":[\"https:\/\/dosingpump.shop\/product\/emec-prius-d-mf-doseerpomp\/\"]}]},{\"@type\":\"ImageObject\",\"inLanguage\":\"fi\",\"@id\":\"https:\/\/dosingpump.shop\/product\/emec-prius-d-mf-doseerpomp\/#primaryimage\",\"url\":\"https:\/\/dosingpump.shop\/wp-content\/uploads\/2024\/12\/Emec-Prius-D-MF-Motor-Gedreven-Doseerpomp.webp\",\"contentUrl\":\"https:\/\/dosingpump.shop\/wp-content\/uploads\/2024\/12\/Emec-Prius-D-MF-Motor-Gedreven-Doseerpomp.webp\",\"width\":600,\"height\":600},{\"@type\":\"BreadcrumbList\",\"@id\":\"https:\/\/dosingpump.shop\/product\/emec-prius-d-mf-doseerpomp\/#breadcrumb\",\"itemListElement\":[{\"@type\":\"ListItem\",\"position\":1,\"name\":\"Home\",\"item\":\"https:\/\/dosingpump.shop\/\"},{\"@type\":\"ListItem\",\"position\":2,\"name\":\"Shop\",\"item\":\"https:\/\/dosingpump.shop\/de\/shop\/\"},{\"@type\":\"ListItem\",\"position\":3,\"name\":\"Emec Prius D MF Doseerpomp\"}]},{\"@type\":\"WebSite\",\"@id\":\"https:\/\/dosingpump.shop\/de\/#website\",\"url\":\"https:\/\/dosingpump.shop\/de\/\",\"name\":\"Dosing Pump Shop B.V.\",\"description\":\"\",\"publisher\":{\"@id\":\"https:\/\/dosingpump.shop\/de\/#organization\"},\"potentialAction\":[{\"@type\":\"SearchAction\",\"target\":{\"@type\":\"EntryPoint\",\"urlTemplate\":\"https:\/\/dosingpump.shop\/de\/?s={search_term_string}\"},\"query-input\":{\"@type\":\"PropertyValueSpecification\",\"valueRequired\":true,\"valueName\":\"search_term_string\"}}],\"inLanguage\":\"fi\"},{\"@type\":\"Organization\",\"@id\":\"https:\/\/dosingpump.shop\/de\/#organization\",\"name\":\"Dosing Pump Shop B.V.\",\"url\":\"https:\/\/dosingpump.shop\/de\/\",\"logo\":{\"@type\":\"ImageObject\",\"inLanguage\":\"fi\",\"@id\":\"https:\/\/dosingpump.shop\/de\/#\/schema\/logo\/image\/\",\"url\":\"https:\/\/dosingpump.shop\/wp-content\/uploads\/2024\/10\/Dosing-Pump-Shop-logo.png\",\"contentUrl\":\"https:\/\/dosingpump.shop\/wp-content\/uploads\/2024\/10\/Dosing-Pump-Shop-logo.png\",\"width\":350,\"height\":45,\"caption\":\"Dosing Pump Shop B.V.\"},\"image\":{\"@id\":\"https:\/\/dosingpump.shop\/de\/#\/schema\/logo\/image\/\"},\"sameAs\":[\"https:\/\/linkedin.com\/company\/dosing-pump-shop\"]}]}<\/script>\n<meta property=\"product:price:amount\" content=\"2374.00\" \/>\n<meta property=\"product:price:currency\" content=\"EUR\" \/>\n<meta property=\"og:availability\" content=\"instock\" \/>\n<meta property=\"product:availability\" content=\"instock\" \/>\n<meta property=\"product:condition\" content=\"new\" \/>\n<!-- \/ Yoast SEO plugin. -->","yoast_head_json":{"title":"Emec Prius D MF Annostelupumppu | Dosing Pump Shop B.V.","description":"Emec Prius D MF -sarja on monik\u00e4ytt\u00f6inen annostelupumppu suurten nestem\u00e4\u00e4rien annosteluun. Vieraile verkkokaupassa.","robots":{"index":"index","follow":"follow","max-snippet":"max-snippet:-1","max-image-preview":"max-image-preview:large","max-video-preview":"max-video-preview:-1"},"canonical":"https:\/\/dosingpump.shop\/fi\/tuote\/emec-prius-d-mf-mittaripumppu\/","og_locale":"fi_FI","og_type":"article","og_title":"Emec Prius D MF Doseerpomp | Dosing Pump Shop B.V.","og_description":"De Emec Prius D MF serie is een multifunctionele doseerpomp voor dosering van vloeistoffen in grote volumes. Bezoek de webshop.","og_url":"https:\/\/dosingpump.shop\/fi\/tuote\/emec-prius-d-mf-mittaripumppu\/","og_site_name":"Dosing Pump Shop B.V.","article_modified_time":"2026-03-24T11:52:31+00:00","og_image":[{"width":600,"height":600,"url":"https:\/\/dosingpump.shop\/wp-content\/uploads\/2024\/12\/Emec-Prius-D-MF-Motor-Gedreven-Doseerpomp.png","type":"image\/png"}],"twitter_card":"summary_large_image","twitter_misc":{"Hinta":"&euro;2.374,00","Saatavuus":"Varastossa"},"schema":{"@context":"https:\/\/schema.org","@graph":[{"@type":"WebPage","@id":"https:\/\/dosingpump.shop\/product\/emec-prius-d-mf-doseerpomp\/","url":"https:\/\/dosingpump.shop\/product\/emec-prius-d-mf-doseerpomp\/","name":"Emec Prius D MF Annostelupumppu | Dosing Pump Shop B.V.","isPartOf":{"@id":"https:\/\/dosingpump.shop\/de\/#website"},"primaryImageOfPage":{"@id":"https:\/\/dosingpump.shop\/product\/emec-prius-d-mf-doseerpomp\/#primaryimage"},"image":{"@id":"https:\/\/dosingpump.shop\/product\/emec-prius-d-mf-doseerpomp\/#primaryimage"},"thumbnailUrl":"https:\/\/dosingpump.shop\/wp-content\/uploads\/2024\/12\/Emec-Prius-D-MF-Motor-Gedreven-Doseerpomp.webp","datePublished":"2024-12-05T12:22:10+00:00","dateModified":"2026-03-24T11:52:31+00:00","description":"Emec Prius D MF -sarja on monik\u00e4ytt\u00f6inen annostelupumppu suurten nestem\u00e4\u00e4rien annosteluun. Vieraile verkkokaupassa.","breadcrumb":{"@id":"https:\/\/dosingpump.shop\/product\/emec-prius-d-mf-doseerpomp\/#breadcrumb"},"inLanguage":"fi","potentialAction":[{"@type":"ReadAction","target":["https:\/\/dosingpump.shop\/product\/emec-prius-d-mf-doseerpomp\/"]}]},{"@type":"ImageObject","inLanguage":"fi","@id":"https:\/\/dosingpump.shop\/product\/emec-prius-d-mf-doseerpomp\/#primaryimage","url":"https:\/\/dosingpump.shop\/wp-content\/uploads\/2024\/12\/Emec-Prius-D-MF-Motor-Gedreven-Doseerpomp.webp","contentUrl":"https:\/\/dosingpump.shop\/wp-content\/uploads\/2024\/12\/Emec-Prius-D-MF-Motor-Gedreven-Doseerpomp.webp","width":600,"height":600},{"@type":"BreadcrumbList","@id":"https:\/\/dosingpump.shop\/product\/emec-prius-d-mf-doseerpomp\/#breadcrumb","itemListElement":[{"@type":"ListItem","position":1,"name":"Home","item":"https:\/\/dosingpump.shop\/"},{"@type":"ListItem","position":2,"name":"Shop","item":"https:\/\/dosingpump.shop\/de\/shop\/"},{"@type":"ListItem","position":3,"name":"Emec Prius D MF Doseerpomp"}]},{"@type":"WebSite","@id":"https:\/\/dosingpump.shop\/de\/#website","url":"https:\/\/dosingpump.shop\/de\/","name":"Dosing Pump Shop B.V.","description":"","publisher":{"@id":"https:\/\/dosingpump.shop\/de\/#organization"},"potentialAction":[{"@type":"SearchAction","target":{"@type":"EntryPoint","urlTemplate":"https:\/\/dosingpump.shop\/de\/?s={search_term_string}"},"query-input":{"@type":"PropertyValueSpecification","valueRequired":true,"valueName":"search_term_string"}}],"inLanguage":"fi"},{"@type":"Organization","@id":"https:\/\/dosingpump.shop\/de\/#organization","name":"Dosing Pump Shop B.V.","url":"https:\/\/dosingpump.shop\/de\/","logo":{"@type":"ImageObject","inLanguage":"fi","@id":"https:\/\/dosingpump.shop\/de\/#\/schema\/logo\/image\/","url":"https:\/\/dosingpump.shop\/wp-content\/uploads\/2024\/10\/Dosing-Pump-Shop-logo.png","contentUrl":"https:\/\/dosingpump.shop\/wp-content\/uploads\/2024\/10\/Dosing-Pump-Shop-logo.png","width":350,"height":45,"caption":"Dosing Pump Shop B.V."},"image":{"@id":"https:\/\/dosingpump.shop\/de\/#\/schema\/logo\/image\/"},"sameAs":["https:\/\/linkedin.com\/company\/dosing-pump-shop"]}]},"product_price_amount":"2374.00","product_price_currency":"EUR","og_availability":"instock","product_availability":"instock","product_condition":"new"},"_links":{"self":[{"href":"https:\/\/dosingpump.shop\/fi\/wp-json\/wp\/v2\/product\/4222","targetHints":{"allow":["GET"]}}],"collection":[{"href":"https:\/\/dosingpump.shop\/fi\/wp-json\/wp\/v2\/product"}],"about":[{"href":"https:\/\/dosingpump.shop\/fi\/wp-json\/wp\/v2\/types\/product"}],"wp:featuredmedia":[{"embeddable":true,"href":"https:\/\/dosingpump.shop\/fi\/wp-json\/wp\/v2\/media\/8787"}],"wp:attachment":[{"href":"https:\/\/dosingpump.shop\/fi\/wp-json\/wp\/v2\/media?parent=4222"}],"wp:term":[{"taxonomy":"product_brand","embeddable":true,"href":"https:\/\/dosingpump.shop\/fi\/wp-json\/wp\/v2\/product_brand?post=4222"},{"taxonomy":"product_cat","embeddable":true,"href":"https:\/\/dosingpump.shop\/fi\/wp-json\/wp\/v2\/product_cat?post=4222"},{"taxonomy":"product_tag","embeddable":true,"href":"https:\/\/dosingpump.shop\/fi\/wp-json\/wp\/v2\/product_tag?post=4222"}],"curies":[{"name":"wp","href":"https:\/\/api.w.org\/{rel}","templated":true}]}}