{"id":4333,"date":"2024-12-05T12:22:39","date_gmt":"2024-12-05T12:22:39","guid":{"rendered":"https:\/\/dosingpump.shop\/product\/cos-pd500-lekbak-naturel\/"},"modified":"2026-02-27T14:49:26","modified_gmt":"2026-02-27T12:49:26","slug":"cos-pd500-tippa-alusta-luonnollinen","status":"publish","type":"product","link":"https:\/\/dosingpump.shop\/fi\/product\/cos-pd500-lekbak-naturel\/","title":{"rendered":"COS PD500 tippalevy Luonnollinen"},"content":{"rendered":"<p>Suunniteltu CNT-sarjan s\u00e4ili\u00f6iden turva- tai eristysnipuiksi.Valmistettu polyeteenist\u00e4, jossa on sis\u00e4\u00e4nrakennettu vahvistusreuna yl\u00e4reunassa.<\/p>","protected":false},"excerpt":{"rendered":"<p>Suunniteltu CNT-sarjan s\u00e4ili\u00f6iden turva- tai eristysnipuiksi.Valmistettu polyeteenist\u00e4, jossa on sis\u00e4\u00e4nrakennettu vahvistusreuna yl\u00e4reunassa.<\/p>","protected":false},"featured_media":0,"template":"","meta":[],"product_brand":[],"product_cat":[34,39],"product_tag":[],"class_list":{"0":"post-4333","1":"product","2":"type-product","3":"status-publish","5":"product_cat-accessoires","6":"product_cat-lekbak","8":"first","9":"instock","10":"taxable","11":"shipping-taxable","12":"purchasable","13":"product-type-simple"},"yoast_head":"<!-- This site is optimized with the Yoast SEO plugin v27.2 - https:\/\/yoast.com\/product\/yoast-seo-wordpress\/ -->\n<title>COS PD500 Lekbak Naturel | Dosing Pump Shop B.V.<\/title>\n<meta name=\"description\" content=\"COS PD500 Lekbak Naturel opslagtank: veilige en duurzame opslag voor chemicali\u00ebn. Flexibel uitbreidbaar met doseerpompen, roerwerk en lekbak.\" \/>\n<meta name=\"robots\" content=\"index, follow, max-snippet:-1, max-image-preview:large, max-video-preview:-1\" \/>\n<link rel=\"canonical\" href=\"https:\/\/dosingpump.shop\/fi\/tuote\/cos-pd500-tippa-alusta-luonnollinen\/\" \/>\n<meta property=\"og:locale\" content=\"fi_FI\" \/>\n<meta property=\"og:type\" content=\"article\" \/>\n<meta property=\"og:title\" content=\"COS PD500 Lekbak Naturel | Dosing Pump Shop B.V.\" \/>\n<meta property=\"og:description\" content=\"COS PD500 Lekbak Naturel opslagtank: veilige en duurzame opslag voor chemicali\u00ebn. Flexibel uitbreidbaar met doseerpompen, roerwerk en lekbak.\" \/>\n<meta property=\"og:url\" content=\"https:\/\/dosingpump.shop\/fi\/tuote\/cos-pd500-tippa-alusta-luonnollinen\/\" \/>\n<meta property=\"og:site_name\" content=\"Dosing Pump Shop B.V.\" \/>\n<meta property=\"article:modified_time\" content=\"2026-02-27T12:49:26+00:00\" \/>\n<meta name=\"twitter:card\" content=\"summary_large_image\" \/>\n<meta name=\"twitter:label1\" content=\"Hinta\" \/>\n\t<meta name=\"twitter:data1\" content=\"&euro;643,00\" \/>\n\t<meta name=\"twitter:label2\" content=\"Saatavuus\" \/>\n\t<meta name=\"twitter:data2\" content=\"Varastossa\" \/>\n<script type=\"application\/ld+json\" class=\"yoast-schema-graph\">{\"@context\":\"https:\/\/schema.org\",\"@graph\":[{\"@type\":\"WebPage\",\"@id\":\"https:\/\/dosingpump.shop\/en\/product\/cos-pd500-drip-tray-natural\/\",\"url\":\"https:\/\/dosingpump.shop\/en\/product\/cos-pd500-drip-tray-natural\/\",\"name\":\"COS PD500 Lekbak Naturel | Dosing Pump Shop B.V.\",\"isPartOf\":{\"@id\":\"https:\/\/dosingpump.shop\/de\/#website\"},\"datePublished\":\"2024-12-05T12:22:39+00:00\",\"dateModified\":\"2026-02-27T12:49:26+00:00\",\"description\":\"COS PD500 Lekbak Naturel opslagtank: veilige en duurzame opslag voor chemicali\u00ebn. Flexibel uitbreidbaar met doseerpompen, roerwerk en lekbak.\",\"breadcrumb\":{\"@id\":\"https:\/\/dosingpump.shop\/en\/product\/cos-pd500-drip-tray-natural\/#breadcrumb\"},\"inLanguage\":\"fi\",\"potentialAction\":[{\"@type\":\"ReadAction\",\"target\":[\"https:\/\/dosingpump.shop\/en\/product\/cos-pd500-drip-tray-natural\/\"]}]},{\"@type\":\"BreadcrumbList\",\"@id\":\"https:\/\/dosingpump.shop\/en\/product\/cos-pd500-drip-tray-natural\/#breadcrumb\",\"itemListElement\":[{\"@type\":\"ListItem\",\"position\":1,\"name\":\"Home\",\"item\":\"https:\/\/dosingpump.shop\/\"},{\"@type\":\"ListItem\",\"position\":2,\"name\":\"Shop\",\"item\":\"https:\/\/dosingpump.shop\/de\/shop\/\"},{\"@type\":\"ListItem\",\"position\":3,\"name\":\"COS PD500 Lekbak Naturel\"}]},{\"@type\":\"WebSite\",\"@id\":\"https:\/\/dosingpump.shop\/de\/#website\",\"url\":\"https:\/\/dosingpump.shop\/de\/\",\"name\":\"Dosing Pump Shop B.V.\",\"description\":\"\",\"publisher\":{\"@id\":\"https:\/\/dosingpump.shop\/de\/#organization\"},\"potentialAction\":[{\"@type\":\"SearchAction\",\"target\":{\"@type\":\"EntryPoint\",\"urlTemplate\":\"https:\/\/dosingpump.shop\/de\/?s={search_term_string}\"},\"query-input\":{\"@type\":\"PropertyValueSpecification\",\"valueRequired\":true,\"valueName\":\"search_term_string\"}}],\"inLanguage\":\"fi\"},{\"@type\":\"Organization\",\"@id\":\"https:\/\/dosingpump.shop\/de\/#organization\",\"name\":\"Dosing Pump Shop B.V.\",\"url\":\"https:\/\/dosingpump.shop\/de\/\",\"logo\":{\"@type\":\"ImageObject\",\"inLanguage\":\"fi\",\"@id\":\"https:\/\/dosingpump.shop\/de\/#\/schema\/logo\/image\/\",\"url\":\"https:\/\/dosingpump.shop\/wp-content\/uploads\/2024\/10\/Dosing-Pump-Shop-logo.png\",\"contentUrl\":\"https:\/\/dosingpump.shop\/wp-content\/uploads\/2024\/10\/Dosing-Pump-Shop-logo.png\",\"width\":350,\"height\":45,\"caption\":\"Dosing Pump Shop B.V.\"},\"image\":{\"@id\":\"https:\/\/dosingpump.shop\/de\/#\/schema\/logo\/image\/\"},\"sameAs\":[\"https:\/\/linkedin.com\/company\/dosing-pump-shop\"]}]}<\/script>\n<meta property=\"product:price:amount\" content=\"643.00\" \/>\n<meta property=\"product:price:currency\" content=\"EUR\" \/>\n<meta property=\"og:availability\" content=\"instock\" \/>\n<meta property=\"product:availability\" content=\"instock\" \/>\n<meta property=\"product:retailer_item_id\" content=\"108.0046.1\" \/>\n<meta property=\"product:condition\" content=\"new\" \/>\n<!-- \/ Yoast SEO plugin. -->","yoast_head_json":{"title":"COS PD500 Tippa-alusta Luonnollinen | Dosing Pump Shop B.V.","description":"COS PD500 Tippalevy Luonnollinen varastos\u00e4ili\u00f6: turvallinen ja kest\u00e4v\u00e4 kemikaalien varastointi. Laajennettavissa joustavasti annostelupumpuilla, sekoittajalla ja tippalautasella.","robots":{"index":"index","follow":"follow","max-snippet":"max-snippet:-1","max-image-preview":"max-image-preview:large","max-video-preview":"max-video-preview:-1"},"canonical":"https:\/\/dosingpump.shop\/fi\/tuote\/cos-pd500-tippa-alusta-luonnollinen\/","og_locale":"fi_FI","og_type":"article","og_title":"COS PD500 Lekbak Naturel | Dosing Pump Shop B.V.","og_description":"COS PD500 Lekbak Naturel opslagtank: veilige en duurzame opslag voor chemicali\u00ebn. Flexibel uitbreidbaar met doseerpompen, roerwerk en lekbak.","og_url":"https:\/\/dosingpump.shop\/fi\/tuote\/cos-pd500-tippa-alusta-luonnollinen\/","og_site_name":"Dosing Pump Shop B.V.","article_modified_time":"2026-02-27T12:49:26+00:00","twitter_card":"summary_large_image","twitter_misc":{"Hinta":"&euro;643,00","Saatavuus":"Varastossa"},"schema":{"@context":"https:\/\/schema.org","@graph":[{"@type":"WebPage","@id":"https:\/\/dosingpump.shop\/en\/product\/cos-pd500-drip-tray-natural\/","url":"https:\/\/dosingpump.shop\/en\/product\/cos-pd500-drip-tray-natural\/","name":"COS PD500 Tippa-alusta Luonnollinen | Dosing Pump Shop B.V.","isPartOf":{"@id":"https:\/\/dosingpump.shop\/de\/#website"},"datePublished":"2024-12-05T12:22:39+00:00","dateModified":"2026-02-27T12:49:26+00:00","description":"COS PD500 Tippalevy Luonnollinen varastos\u00e4ili\u00f6: turvallinen ja kest\u00e4v\u00e4 kemikaalien varastointi. Laajennettavissa joustavasti annostelupumpuilla, sekoittajalla ja tippalautasella.","breadcrumb":{"@id":"https:\/\/dosingpump.shop\/en\/product\/cos-pd500-drip-tray-natural\/#breadcrumb"},"inLanguage":"fi","potentialAction":[{"@type":"ReadAction","target":["https:\/\/dosingpump.shop\/en\/product\/cos-pd500-drip-tray-natural\/"]}]},{"@type":"BreadcrumbList","@id":"https:\/\/dosingpump.shop\/en\/product\/cos-pd500-drip-tray-natural\/#breadcrumb","itemListElement":[{"@type":"ListItem","position":1,"name":"Home","item":"https:\/\/dosingpump.shop\/"},{"@type":"ListItem","position":2,"name":"Shop","item":"https:\/\/dosingpump.shop\/de\/shop\/"},{"@type":"ListItem","position":3,"name":"COS PD500 Lekbak Naturel"}]},{"@type":"WebSite","@id":"https:\/\/dosingpump.shop\/de\/#website","url":"https:\/\/dosingpump.shop\/de\/","name":"Dosing Pump Shop B.V.","description":"","publisher":{"@id":"https:\/\/dosingpump.shop\/de\/#organization"},"potentialAction":[{"@type":"SearchAction","target":{"@type":"EntryPoint","urlTemplate":"https:\/\/dosingpump.shop\/de\/?s={search_term_string}"},"query-input":{"@type":"PropertyValueSpecification","valueRequired":true,"valueName":"search_term_string"}}],"inLanguage":"fi"},{"@type":"Organization","@id":"https:\/\/dosingpump.shop\/de\/#organization","name":"Dosing Pump Shop B.V.","url":"https:\/\/dosingpump.shop\/de\/","logo":{"@type":"ImageObject","inLanguage":"fi","@id":"https:\/\/dosingpump.shop\/de\/#\/schema\/logo\/image\/","url":"https:\/\/dosingpump.shop\/wp-content\/uploads\/2024\/10\/Dosing-Pump-Shop-logo.png","contentUrl":"https:\/\/dosingpump.shop\/wp-content\/uploads\/2024\/10\/Dosing-Pump-Shop-logo.png","width":350,"height":45,"caption":"Dosing Pump Shop B.V."},"image":{"@id":"https:\/\/dosingpump.shop\/de\/#\/schema\/logo\/image\/"},"sameAs":["https:\/\/linkedin.com\/company\/dosing-pump-shop"]}]},"product_price_amount":"643.00","product_price_currency":"EUR","og_availability":"instock","product_availability":"instock","product_retailer_item_id":"108.0046.1","product_condition":"new"},"_links":{"self":[{"href":"https:\/\/dosingpump.shop\/fi\/wp-json\/wp\/v2\/product\/4333","targetHints":{"allow":["GET"]}}],"collection":[{"href":"https:\/\/dosingpump.shop\/fi\/wp-json\/wp\/v2\/product"}],"about":[{"href":"https:\/\/dosingpump.shop\/fi\/wp-json\/wp\/v2\/types\/product"}],"wp:attachment":[{"href":"https:\/\/dosingpump.shop\/fi\/wp-json\/wp\/v2\/media?parent=4333"}],"wp:term":[{"taxonomy":"product_brand","embeddable":true,"href":"https:\/\/dosingpump.shop\/fi\/wp-json\/wp\/v2\/product_brand?post=4333"},{"taxonomy":"product_cat","embeddable":true,"href":"https:\/\/dosingpump.shop\/fi\/wp-json\/wp\/v2\/product_cat?post=4333"},{"taxonomy":"product_tag","embeddable":true,"href":"https:\/\/dosingpump.shop\/fi\/wp-json\/wp\/v2\/product_tag?post=4333"}],"curies":[{"name":"wp","href":"https:\/\/api.w.org\/{rel}","templated":true}]}}