{"id":4415,"date":"2024-12-05T12:22:54","date_gmt":"2024-12-05T12:22:54","guid":{"rendered":"https:\/\/dosingpump.shop\/?post_type=product&#038;p=4415"},"modified":"2026-02-27T14:49:30","modified_gmt":"2026-02-27T12:49:30","slug":"kloorin-annostelujarjestelma","status":"publish","type":"product","link":"https:\/\/dosingpump.shop\/fi\/product\/doseersysteem-voor-chloor\/","title":{"rendered":"Kloorin annosteluj\u00e4rjestelm\u00e4"},"content":{"rendered":"<h2>Kloorin annosteluj\u00e4rjestelm\u00e4 - 50 litraa<\/h2>\n<p>T\u00e4ss\u00e4 kloorin annosteluj\u00e4rjestelm\u00e4ss\u00e4 on kaikki, mit\u00e4 tarvitset kloorin annosteluun turvallisesti ja tehokkaasti. Tietenkin olemme ajatelleet kemiallista kest\u00e4vyytt\u00e4, jotta eri osat kest\u00e4v\u00e4t hyvin pitk\u00e4\u00e4n.<\/p>\n<p>Klooris\u00e4ili\u00f6n tilavuus on vakiona 50 litraa. S\u00e4ili\u00f6 on varustettu imuputkella, joka on liitetty annostelupumppuun. Imuputkessa on tasokoskettimet, jotka sammuttavat pumpun, kun s\u00e4ili\u00f6 on tyhj\u00e4. T\u00e4m\u00e4 on k\u00e4tev\u00e4\u00e4, koska se est\u00e4\u00e4 ilman p\u00e4\u00e4syn putkistoon.<\/p>\n<p>Annostelupumppu voidaan asentaa s\u00e4ili\u00f6\u00f6n.<\/p>\n<p>T\u00e4m\u00e4n j\u00e4rjestelm\u00e4n komponentit toimitetaan irrallisina. Kokoaminen on helppoa, ja voimme tietenkin tukea sinua siin\u00e4.<\/p>\n<h2>Kloorin sis\u00e4ll\u00f6n annosteluj\u00e4rjestelm\u00e4:<\/h2>\n<ul>\n<li>50 litran klooris\u00e4ili\u00f6<\/li>\n<li>Kcl plus 08-08 (8 litraa\/tunti - 8 bar) annostelupumppu, jossa on s\u00e4\u00e4dett\u00e4v\u00e4 iskunpituus ja iskutiheys.<\/li>\n<li>Imuputki, jossa on tason s\u00e4\u00e4t\u00f6<\/li>\n<li>Ruiskutusventtiili ja annosteluletku<\/li>\n<\/ul>\n<p>T\u00e4t\u00e4 varten on saatavana valinnainen kloorin annosteluj\u00e4rjestelm\u00e4:<\/p>\n<ul>\n<li>50, 100, 200, 500 tai 1000 litran klooris\u00e4ili\u00f6.<\/li>\n<li>Klooripumppu jopa 80 l\/h (suoraan s\u00e4ili\u00f6asennukseen).<\/li>\n<li>Klooripumppu jopa 1000 l\/h (asennettavaksi sein\u00e4\u00e4 vasten s\u00e4ili\u00f6n yl\u00e4puolelle).<\/li>\n<li>4-20 mA ohjaus<\/li>\n<li>S\u00e4ili\u00f6n t\u00e4ytt\u00f6pumppu<\/li>\n<li>Sekoitin (manuaalinen tai automaattinen)<\/li>\n<li>Sopiva tippalautanen<\/li>\n<li>T\u00e4ysin koottu toimitus<\/li>\n<\/ul>","protected":false},"excerpt":{"rendered":"<p>T\u00e4ydellinen kloorin annosteluj\u00e4rjestelm\u00e4, jossa on s\u00e4ili\u00f6, imuputki ja annostelupumppu. Tilavuus 50 litraa<\/p>","protected":false},"featured_media":4431,"template":"","meta":[],"product_brand":[],"product_cat":[90],"product_tag":[],"class_list":{"0":"post-4415","1":"product","2":"type-product","3":"status-publish","4":"has-post-thumbnail","6":"product_cat-doseersysteem-chloor","8":"first","9":"instock","10":"taxable","11":"shipping-taxable","12":"purchasable","13":"product-type-simple"},"yoast_head":"<!-- This site is optimized with the Yoast SEO plugin v27.2 - https:\/\/yoast.com\/product\/yoast-seo-wordpress\/ -->\n<title>Doseersysteem voor Chloor | Dosing Pump Shop B.V.<\/title>\n<meta name=\"description\" content=\"Compleet doseersysteem voor chloor met 50L tank, aanzuiglans en doseerpomp. Veilig en effici\u00ebnt chloor doseren in diverse toepassingen. Eenvoudige montage.\" \/>\n<meta name=\"robots\" content=\"index, follow, max-snippet:-1, max-image-preview:large, max-video-preview:-1\" \/>\n<link rel=\"canonical\" href=\"https:\/\/dosingpump.shop\/fi\/tuote\/kloorin-annostelujarjestelma\/\" \/>\n<meta property=\"og:locale\" content=\"fi_FI\" \/>\n<meta property=\"og:type\" content=\"article\" \/>\n<meta property=\"og:title\" content=\"Doseersysteem voor Chloor | Dosing Pump Shop B.V.\" \/>\n<meta property=\"og:description\" content=\"Compleet doseersysteem voor chloor met 50L tank, aanzuiglans en doseerpomp. Veilig en effici\u00ebnt chloor doseren in diverse toepassingen. Eenvoudige montage.\" \/>\n<meta property=\"og:url\" content=\"https:\/\/dosingpump.shop\/fi\/tuote\/kloorin-annostelujarjestelma\/\" \/>\n<meta property=\"og:site_name\" content=\"Dosing Pump Shop B.V.\" \/>\n<meta property=\"article:modified_time\" content=\"2026-02-27T12:49:30+00:00\" \/>\n<meta property=\"og:image\" content=\"https:\/\/dosingpump.shop\/wp-content\/uploads\/2024\/12\/chloor-doseerinstallatie-2.webp\" \/>\n\t<meta property=\"og:image:width\" content=\"500\" \/>\n\t<meta property=\"og:image:height\" content=\"500\" \/>\n\t<meta property=\"og:image:type\" content=\"image\/webp\" \/>\n<meta name=\"twitter:card\" content=\"summary_large_image\" \/>\n<meta name=\"twitter:label1\" content=\"Hinta\" \/>\n\t<meta name=\"twitter:data1\" content=\"&euro;730,00\" \/>\n\t<meta name=\"twitter:label2\" content=\"Saatavuus\" \/>\n\t<meta name=\"twitter:data2\" content=\"Varastossa\" \/>\n<script type=\"application\/ld+json\" class=\"yoast-schema-graph\">{\"@context\":\"https:\/\/schema.org\",\"@graph\":[{\"@type\":\"WebPage\",\"@id\":\"https:\/\/dosingpump.shop\/es\/producto\/sistema-de-dosificacion-de-cloro\/\",\"url\":\"https:\/\/dosingpump.shop\/es\/producto\/sistema-de-dosificacion-de-cloro\/\",\"name\":\"Doseersysteem voor Chloor | Dosing Pump Shop B.V.\",\"isPartOf\":{\"@id\":\"https:\/\/dosingpump.shop\/de\/#website\"},\"primaryImageOfPage\":{\"@id\":\"https:\/\/dosingpump.shop\/es\/producto\/sistema-de-dosificacion-de-cloro\/#primaryimage\"},\"image\":{\"@id\":\"https:\/\/dosingpump.shop\/es\/producto\/sistema-de-dosificacion-de-cloro\/#primaryimage\"},\"thumbnailUrl\":\"https:\/\/dosingpump.shop\/wp-content\/uploads\/2024\/12\/chloor-doseerinstallatie-2.webp\",\"datePublished\":\"2024-12-05T12:22:54+00:00\",\"dateModified\":\"2026-02-27T12:49:30+00:00\",\"description\":\"Compleet doseersysteem voor chloor met 50L tank, aanzuiglans en doseerpomp. Veilig en effici\u00ebnt chloor doseren in diverse toepassingen. Eenvoudige montage.\",\"breadcrumb\":{\"@id\":\"https:\/\/dosingpump.shop\/es\/producto\/sistema-de-dosificacion-de-cloro\/#breadcrumb\"},\"inLanguage\":\"fi\",\"potentialAction\":[{\"@type\":\"ReadAction\",\"target\":[\"https:\/\/dosingpump.shop\/es\/producto\/sistema-de-dosificacion-de-cloro\/\"]}]},{\"@type\":\"ImageObject\",\"inLanguage\":\"fi\",\"@id\":\"https:\/\/dosingpump.shop\/es\/producto\/sistema-de-dosificacion-de-cloro\/#primaryimage\",\"url\":\"https:\/\/dosingpump.shop\/wp-content\/uploads\/2024\/12\/chloor-doseerinstallatie-2.webp\",\"contentUrl\":\"https:\/\/dosingpump.shop\/wp-content\/uploads\/2024\/12\/chloor-doseerinstallatie-2.webp\",\"width\":500,\"height\":500},{\"@type\":\"BreadcrumbList\",\"@id\":\"https:\/\/dosingpump.shop\/es\/producto\/sistema-de-dosificacion-de-cloro\/#breadcrumb\",\"itemListElement\":[{\"@type\":\"ListItem\",\"position\":1,\"name\":\"Home\",\"item\":\"https:\/\/dosingpump.shop\/\"},{\"@type\":\"ListItem\",\"position\":2,\"name\":\"Shop\",\"item\":\"https:\/\/dosingpump.shop\/de\/shop\/\"},{\"@type\":\"ListItem\",\"position\":3,\"name\":\"Doseersysteem voor chloor\"}]},{\"@type\":\"WebSite\",\"@id\":\"https:\/\/dosingpump.shop\/de\/#website\",\"url\":\"https:\/\/dosingpump.shop\/de\/\",\"name\":\"Dosing Pump Shop B.V.\",\"description\":\"\",\"publisher\":{\"@id\":\"https:\/\/dosingpump.shop\/de\/#organization\"},\"potentialAction\":[{\"@type\":\"SearchAction\",\"target\":{\"@type\":\"EntryPoint\",\"urlTemplate\":\"https:\/\/dosingpump.shop\/de\/?s={search_term_string}\"},\"query-input\":{\"@type\":\"PropertyValueSpecification\",\"valueRequired\":true,\"valueName\":\"search_term_string\"}}],\"inLanguage\":\"fi\"},{\"@type\":\"Organization\",\"@id\":\"https:\/\/dosingpump.shop\/de\/#organization\",\"name\":\"Dosing Pump Shop B.V.\",\"url\":\"https:\/\/dosingpump.shop\/de\/\",\"logo\":{\"@type\":\"ImageObject\",\"inLanguage\":\"fi\",\"@id\":\"https:\/\/dosingpump.shop\/de\/#\/schema\/logo\/image\/\",\"url\":\"https:\/\/dosingpump.shop\/wp-content\/uploads\/2024\/10\/Dosing-Pump-Shop-logo.png\",\"contentUrl\":\"https:\/\/dosingpump.shop\/wp-content\/uploads\/2024\/10\/Dosing-Pump-Shop-logo.png\",\"width\":350,\"height\":45,\"caption\":\"Dosing Pump Shop B.V.\"},\"image\":{\"@id\":\"https:\/\/dosingpump.shop\/de\/#\/schema\/logo\/image\/\"},\"sameAs\":[\"https:\/\/linkedin.com\/company\/dosing-pump-shop\"]}]}<\/script>\n<meta property=\"product:price:amount\" content=\"730.00\" \/>\n<meta property=\"product:price:currency\" content=\"EUR\" \/>\n<meta property=\"og:availability\" content=\"instock\" \/>\n<meta property=\"product:availability\" content=\"instock\" \/>\n<meta property=\"product:retailer_item_id\" content=\"Dos-set-chloor-compl-50\" \/>\n<meta property=\"product:condition\" content=\"new\" \/>\n<!-- \/ Yoast SEO plugin. -->","yoast_head_json":{"title":"Kloorin annosteluj\u00e4rjestelm\u00e4 | Dosing Pump Shop B.V.","description":"T\u00e4ydellinen kloorin annosteluj\u00e4rjestelm\u00e4, jossa on 50 litran s\u00e4ili\u00f6, imuputki ja annostelupumppu. Turvallinen ja tehokas kloorin annostelu erilaisissa sovelluksissa. Yksinkertainen kokoonpano.","robots":{"index":"index","follow":"follow","max-snippet":"max-snippet:-1","max-image-preview":"max-image-preview:large","max-video-preview":"max-video-preview:-1"},"canonical":"https:\/\/dosingpump.shop\/fi\/tuote\/kloorin-annostelujarjestelma\/","og_locale":"fi_FI","og_type":"article","og_title":"Doseersysteem voor Chloor | Dosing Pump Shop B.V.","og_description":"Compleet doseersysteem voor chloor met 50L tank, aanzuiglans en doseerpomp. Veilig en effici\u00ebnt chloor doseren in diverse toepassingen. Eenvoudige montage.","og_url":"https:\/\/dosingpump.shop\/fi\/tuote\/kloorin-annostelujarjestelma\/","og_site_name":"Dosing Pump Shop B.V.","article_modified_time":"2026-02-27T12:49:30+00:00","og_image":[{"width":500,"height":500,"url":"https:\/\/dosingpump.shop\/wp-content\/uploads\/2024\/12\/chloor-doseerinstallatie-2.webp","type":"image\/webp"}],"twitter_card":"summary_large_image","twitter_misc":{"Hinta":"&euro;730,00","Saatavuus":"Varastossa"},"schema":{"@context":"https:\/\/schema.org","@graph":[{"@type":"WebPage","@id":"https:\/\/dosingpump.shop\/es\/producto\/sistema-de-dosificacion-de-cloro\/","url":"https:\/\/dosingpump.shop\/es\/producto\/sistema-de-dosificacion-de-cloro\/","name":"Kloorin annosteluj\u00e4rjestelm\u00e4 | Dosing Pump Shop B.V.","isPartOf":{"@id":"https:\/\/dosingpump.shop\/de\/#website"},"primaryImageOfPage":{"@id":"https:\/\/dosingpump.shop\/es\/producto\/sistema-de-dosificacion-de-cloro\/#primaryimage"},"image":{"@id":"https:\/\/dosingpump.shop\/es\/producto\/sistema-de-dosificacion-de-cloro\/#primaryimage"},"thumbnailUrl":"https:\/\/dosingpump.shop\/wp-content\/uploads\/2024\/12\/chloor-doseerinstallatie-2.webp","datePublished":"2024-12-05T12:22:54+00:00","dateModified":"2026-02-27T12:49:30+00:00","description":"T\u00e4ydellinen kloorin annosteluj\u00e4rjestelm\u00e4, jossa on 50 litran s\u00e4ili\u00f6, imuputki ja annostelupumppu. Turvallinen ja tehokas kloorin annostelu erilaisissa sovelluksissa. Yksinkertainen kokoonpano.","breadcrumb":{"@id":"https:\/\/dosingpump.shop\/es\/producto\/sistema-de-dosificacion-de-cloro\/#breadcrumb"},"inLanguage":"fi","potentialAction":[{"@type":"ReadAction","target":["https:\/\/dosingpump.shop\/es\/producto\/sistema-de-dosificacion-de-cloro\/"]}]},{"@type":"ImageObject","inLanguage":"fi","@id":"https:\/\/dosingpump.shop\/es\/producto\/sistema-de-dosificacion-de-cloro\/#primaryimage","url":"https:\/\/dosingpump.shop\/wp-content\/uploads\/2024\/12\/chloor-doseerinstallatie-2.webp","contentUrl":"https:\/\/dosingpump.shop\/wp-content\/uploads\/2024\/12\/chloor-doseerinstallatie-2.webp","width":500,"height":500},{"@type":"BreadcrumbList","@id":"https:\/\/dosingpump.shop\/es\/producto\/sistema-de-dosificacion-de-cloro\/#breadcrumb","itemListElement":[{"@type":"ListItem","position":1,"name":"Home","item":"https:\/\/dosingpump.shop\/"},{"@type":"ListItem","position":2,"name":"Shop","item":"https:\/\/dosingpump.shop\/de\/shop\/"},{"@type":"ListItem","position":3,"name":"Doseersysteem voor chloor"}]},{"@type":"WebSite","@id":"https:\/\/dosingpump.shop\/de\/#website","url":"https:\/\/dosingpump.shop\/de\/","name":"Dosing Pump Shop B.V.","description":"","publisher":{"@id":"https:\/\/dosingpump.shop\/de\/#organization"},"potentialAction":[{"@type":"SearchAction","target":{"@type":"EntryPoint","urlTemplate":"https:\/\/dosingpump.shop\/de\/?s={search_term_string}"},"query-input":{"@type":"PropertyValueSpecification","valueRequired":true,"valueName":"search_term_string"}}],"inLanguage":"fi"},{"@type":"Organization","@id":"https:\/\/dosingpump.shop\/de\/#organization","name":"Dosing Pump Shop B.V.","url":"https:\/\/dosingpump.shop\/de\/","logo":{"@type":"ImageObject","inLanguage":"fi","@id":"https:\/\/dosingpump.shop\/de\/#\/schema\/logo\/image\/","url":"https:\/\/dosingpump.shop\/wp-content\/uploads\/2024\/10\/Dosing-Pump-Shop-logo.png","contentUrl":"https:\/\/dosingpump.shop\/wp-content\/uploads\/2024\/10\/Dosing-Pump-Shop-logo.png","width":350,"height":45,"caption":"Dosing Pump Shop B.V."},"image":{"@id":"https:\/\/dosingpump.shop\/de\/#\/schema\/logo\/image\/"},"sameAs":["https:\/\/linkedin.com\/company\/dosing-pump-shop"]}]},"product_price_amount":"730.00","product_price_currency":"EUR","og_availability":"instock","product_availability":"instock","product_retailer_item_id":"Dos-set-chloor-compl-50","product_condition":"new"},"_links":{"self":[{"href":"https:\/\/dosingpump.shop\/fi\/wp-json\/wp\/v2\/product\/4415","targetHints":{"allow":["GET"]}}],"collection":[{"href":"https:\/\/dosingpump.shop\/fi\/wp-json\/wp\/v2\/product"}],"about":[{"href":"https:\/\/dosingpump.shop\/fi\/wp-json\/wp\/v2\/types\/product"}],"wp:featuredmedia":[{"embeddable":true,"href":"https:\/\/dosingpump.shop\/fi\/wp-json\/wp\/v2\/media\/4431"}],"wp:attachment":[{"href":"https:\/\/dosingpump.shop\/fi\/wp-json\/wp\/v2\/media?parent=4415"}],"wp:term":[{"taxonomy":"product_brand","embeddable":true,"href":"https:\/\/dosingpump.shop\/fi\/wp-json\/wp\/v2\/product_brand?post=4415"},{"taxonomy":"product_cat","embeddable":true,"href":"https:\/\/dosingpump.shop\/fi\/wp-json\/wp\/v2\/product_cat?post=4415"},{"taxonomy":"product_tag","embeddable":true,"href":"https:\/\/dosingpump.shop\/fi\/wp-json\/wp\/v2\/product_tag?post=4415"}],"curies":[{"name":"wp","href":"https:\/\/api.w.org\/{rel}","templated":true}]}}