{"id":4421,"date":"2024-12-05T12:22:55","date_gmt":"2024-12-05T12:22:55","guid":{"rendered":"https:\/\/dosingpump.shop\/?post_type=product&#038;p=4421"},"modified":"2026-02-27T14:49:30","modified_gmt":"2026-02-27T12:49:30","slug":"vetyperoksidin-annostelujarjestelma-110l","status":"publish","type":"product","link":"https:\/\/dosingpump.shop\/fi\/product\/doseersysteem-voor-waterstofperoxide-110l\/","title":{"rendered":"Vetyperoksidin annosteluj\u00e4rjestelm\u00e4 110L"},"content":{"rendered":"<h2>Vetyperoksidin annosteluj\u00e4rjestelm\u00e4 - 110 litraa<\/h2>\n<p>Vetyperoksidin annosteluj\u00e4rjestelm\u00e4 tarjoaa t\u00e4ydellisen ratkaisun H2O2:n tarkkaan ja turvalliseen annosteluun. Komponentit on suunniteltu kest\u00e4m\u00e4\u00e4n vetyperoksidia, mik\u00e4 tekee niist\u00e4 pitk\u00e4ik\u00e4isi\u00e4.<\/p>\n<p>Vetyperoksidis\u00e4ili\u00f6n tilavuus on 110 litraa. S\u00e4ili\u00f6 on varustettu annostelupumppuun liitetyll\u00e4 imuputkella. T\u00e4ss\u00e4 imuputkessa on tasons\u00e4\u00e4t\u00f6, joka sammuttaa pumpun, kun s\u00e4ili\u00f6 on tyhj\u00e4, ja est\u00e4\u00e4 n\u00e4in ilman p\u00e4\u00e4syn putkistoon. Koska H2O2 kaasuuntuu, valitsimme annostelupumpun, jossa on automaattinen ilmanpoisto. N\u00e4in sinun ei tarvitse jatkuvasti tyhjent\u00e4\u00e4 pumppua.<\/p>\n<p>Annostelupumppu voidaan helposti asentaa s\u00e4ili\u00f6\u00f6n, jolloin saadaan aikaan kompakti ja tehokas annosteluj\u00e4rjestelm\u00e4.<\/p>\n<h2>Vetyperoksidin annosteluj\u00e4rjestelm\u00e4n sis\u00e4lt\u00f6:<\/h2>\n<ul>\n<li>110 litran s\u00e4ili\u00f6 vetyperoksidia varten<\/li>\n<li>Kcl plus 08-5.5 annostelupumppu (5,5 litraa\/tunti - 8 bar) s\u00e4\u00e4dett\u00e4v\u00e4ll\u00e4 iskunpituudella ja iskutiheydell\u00e4.<\/li>\n<li>Imuputki, jossa on tason s\u00e4\u00e4t\u00f6<\/li>\n<li>Ruiskutusventtiili ja annosteluletku<\/li>\n<\/ul>\n<p>T\u00e4h\u00e4n vetyperoksidin annosteluj\u00e4rjestelm\u00e4\u00e4n on saatavana lis\u00e4varusteena mukautuksia:<\/p>\n<ul>\n<li>Vetyperoksidis\u00e4ili\u00f6, jonka tilavuus on 50, 100, 200, 500 tai 1000 litraa.<\/li>\n<li>Vetyperoksidipumppu, jonka kapasiteetti on enint\u00e4\u00e4n 80 litraa tunnissa (suoraan s\u00e4ili\u00f6\u00f6n asennettavaksi).<\/li>\n<li>Vetyperoksidipumppu, jonka kapasiteetti on enint\u00e4\u00e4n 1000 litraa tunnissa (asennetaan s\u00e4ili\u00f6n yl\u00e4puolelle sein\u00e4\u00e4 vasten).<\/li>\n<li>4-20 mA:n ohjausvaihtoehto<\/li>\n<li>S\u00e4ili\u00f6n t\u00e4ytt\u00f6pumppu<\/li>\n<li>Sekoitin (manuaalinen tai automaattinen)<\/li>\n<li>Sopiva tippalautanen<\/li>\n<li>T\u00e4ysin koottu toimitusvaihtoehto<\/li>\n<\/ul>","protected":false},"excerpt":{"rendered":"<p>T\u00e4ydellinen vetyperoksidin annosteluj\u00e4rjestelm\u00e4, jossa on s\u00e4ili\u00f6, imuputki ja annostelupumppu. Tilavuus 110 litraa<\/p>","protected":false},"featured_media":4432,"template":"","meta":[],"product_brand":[],"product_cat":[91],"product_tag":[],"class_list":{"0":"post-4421","1":"product","2":"type-product","3":"status-publish","4":"has-post-thumbnail","6":"product_cat-doseersysteem-waterstofperoxide","8":"first","9":"instock","10":"taxable","11":"shipping-taxable","12":"purchasable","13":"product-type-simple"},"yoast_head":"<!-- This site is optimized with the Yoast SEO plugin v27.2 - https:\/\/yoast.com\/product\/yoast-seo-wordpress\/ -->\n<title>Doseersysteem voor waterstofperoxide 110L | Dosing Pump Shop B.V.<\/title>\n<meta name=\"description\" content=\"Compleet Doseersysteem voor waterstofperoxide 110L met aanzuiglans en automatische ontluchting. Nauwkeurige en veilige dosering van H\u2082O\u2082. Eenvoudige installatie.\" \/>\n<meta name=\"robots\" content=\"index, follow, max-snippet:-1, max-image-preview:large, max-video-preview:-1\" \/>\n<link rel=\"canonical\" href=\"https:\/\/dosingpump.shop\/fi\/tuote\/vetyperoksidin-annostelujarjestelma-110l\/\" \/>\n<meta property=\"og:locale\" content=\"fi_FI\" \/>\n<meta property=\"og:type\" content=\"article\" \/>\n<meta property=\"og:title\" content=\"Doseersysteem voor waterstofperoxide 110L | Dosing Pump Shop B.V.\" \/>\n<meta property=\"og:description\" content=\"Compleet Doseersysteem voor waterstofperoxide 110L met aanzuiglans en automatische ontluchting. Nauwkeurige en veilige dosering van H\u2082O\u2082. Eenvoudige installatie.\" \/>\n<meta property=\"og:url\" content=\"https:\/\/dosingpump.shop\/fi\/tuote\/vetyperoksidin-annostelujarjestelma-110l\/\" \/>\n<meta property=\"og:site_name\" content=\"Dosing Pump Shop B.V.\" \/>\n<meta property=\"article:modified_time\" content=\"2026-02-27T12:49:30+00:00\" \/>\n<meta property=\"og:image\" content=\"https:\/\/dosingpump.shop\/wp-content\/uploads\/2024\/12\/waterstofperoxide-doseerinstallatie.webp\" \/>\n\t<meta property=\"og:image:width\" content=\"500\" \/>\n\t<meta property=\"og:image:height\" content=\"500\" \/>\n\t<meta property=\"og:image:type\" content=\"image\/webp\" \/>\n<meta name=\"twitter:card\" content=\"summary_large_image\" \/>\n<meta name=\"twitter:label1\" content=\"Hinta\" \/>\n\t<meta name=\"twitter:data1\" content=\"&euro;773,00\" \/>\n\t<meta name=\"twitter:label2\" content=\"Saatavuus\" \/>\n\t<meta name=\"twitter:data2\" content=\"Varastossa\" \/>\n<script type=\"application\/ld+json\" class=\"yoast-schema-graph\">{\"@context\":\"https:\/\/schema.org\",\"@graph\":[{\"@type\":\"WebPage\",\"@id\":\"https:\/\/dosingpump.shop\/dk\/produkt\/doseringssystem-til-hydrogenperoxid-110l\/\",\"url\":\"https:\/\/dosingpump.shop\/dk\/produkt\/doseringssystem-til-hydrogenperoxid-110l\/\",\"name\":\"Doseersysteem voor waterstofperoxide 110L | Dosing Pump Shop B.V.\",\"isPartOf\":{\"@id\":\"https:\/\/dosingpump.shop\/de\/#website\"},\"primaryImageOfPage\":{\"@id\":\"https:\/\/dosingpump.shop\/dk\/produkt\/doseringssystem-til-hydrogenperoxid-110l\/#primaryimage\"},\"image\":{\"@id\":\"https:\/\/dosingpump.shop\/dk\/produkt\/doseringssystem-til-hydrogenperoxid-110l\/#primaryimage\"},\"thumbnailUrl\":\"https:\/\/dosingpump.shop\/wp-content\/uploads\/2024\/12\/waterstofperoxide-doseerinstallatie.webp\",\"datePublished\":\"2024-12-05T12:22:55+00:00\",\"dateModified\":\"2026-02-27T12:49:30+00:00\",\"description\":\"Compleet Doseersysteem voor waterstofperoxide 110L met aanzuiglans en automatische ontluchting. Nauwkeurige en veilige dosering van H\u2082O\u2082. Eenvoudige installatie.\",\"breadcrumb\":{\"@id\":\"https:\/\/dosingpump.shop\/dk\/produkt\/doseringssystem-til-hydrogenperoxid-110l\/#breadcrumb\"},\"inLanguage\":\"fi\",\"potentialAction\":[{\"@type\":\"ReadAction\",\"target\":[\"https:\/\/dosingpump.shop\/dk\/produkt\/doseringssystem-til-hydrogenperoxid-110l\/\"]}]},{\"@type\":\"ImageObject\",\"inLanguage\":\"fi\",\"@id\":\"https:\/\/dosingpump.shop\/dk\/produkt\/doseringssystem-til-hydrogenperoxid-110l\/#primaryimage\",\"url\":\"https:\/\/dosingpump.shop\/wp-content\/uploads\/2024\/12\/waterstofperoxide-doseerinstallatie.webp\",\"contentUrl\":\"https:\/\/dosingpump.shop\/wp-content\/uploads\/2024\/12\/waterstofperoxide-doseerinstallatie.webp\",\"width\":500,\"height\":500},{\"@type\":\"BreadcrumbList\",\"@id\":\"https:\/\/dosingpump.shop\/dk\/produkt\/doseringssystem-til-hydrogenperoxid-110l\/#breadcrumb\",\"itemListElement\":[{\"@type\":\"ListItem\",\"position\":1,\"name\":\"Home\",\"item\":\"https:\/\/dosingpump.shop\/\"},{\"@type\":\"ListItem\",\"position\":2,\"name\":\"Shop\",\"item\":\"https:\/\/dosingpump.shop\/de\/shop\/\"},{\"@type\":\"ListItem\",\"position\":3,\"name\":\"Doseersysteem voor waterstofperoxide 110L\"}]},{\"@type\":\"WebSite\",\"@id\":\"https:\/\/dosingpump.shop\/de\/#website\",\"url\":\"https:\/\/dosingpump.shop\/de\/\",\"name\":\"Dosing Pump Shop B.V.\",\"description\":\"\",\"publisher\":{\"@id\":\"https:\/\/dosingpump.shop\/de\/#organization\"},\"potentialAction\":[{\"@type\":\"SearchAction\",\"target\":{\"@type\":\"EntryPoint\",\"urlTemplate\":\"https:\/\/dosingpump.shop\/de\/?s={search_term_string}\"},\"query-input\":{\"@type\":\"PropertyValueSpecification\",\"valueRequired\":true,\"valueName\":\"search_term_string\"}}],\"inLanguage\":\"fi\"},{\"@type\":\"Organization\",\"@id\":\"https:\/\/dosingpump.shop\/de\/#organization\",\"name\":\"Dosing Pump Shop B.V.\",\"url\":\"https:\/\/dosingpump.shop\/de\/\",\"logo\":{\"@type\":\"ImageObject\",\"inLanguage\":\"fi\",\"@id\":\"https:\/\/dosingpump.shop\/de\/#\/schema\/logo\/image\/\",\"url\":\"https:\/\/dosingpump.shop\/wp-content\/uploads\/2024\/10\/Dosing-Pump-Shop-logo.png\",\"contentUrl\":\"https:\/\/dosingpump.shop\/wp-content\/uploads\/2024\/10\/Dosing-Pump-Shop-logo.png\",\"width\":350,\"height\":45,\"caption\":\"Dosing Pump Shop B.V.\"},\"image\":{\"@id\":\"https:\/\/dosingpump.shop\/de\/#\/schema\/logo\/image\/\"},\"sameAs\":[\"https:\/\/linkedin.com\/company\/dosing-pump-shop\"]}]}<\/script>\n<meta property=\"product:price:amount\" content=\"773.00\" \/>\n<meta property=\"product:price:currency\" content=\"EUR\" \/>\n<meta property=\"og:availability\" content=\"instock\" \/>\n<meta property=\"product:availability\" content=\"instock\" \/>\n<meta property=\"product:retailer_item_id\" content=\"Dos-set-h202-compl-110\" \/>\n<meta property=\"product:condition\" content=\"new\" \/>\n<!-- \/ Yoast SEO plugin. -->","yoast_head_json":{"title":"Vetyperoksidin annosteluj\u00e4rjestelm\u00e4 110L | Dosing Pump Shop B.V.","description":"T\u00e4ydellinen annosteluj\u00e4rjestelm\u00e4 vetyperoksidille 110L, jossa on imuputki ja automaattinen ilmanpoisto. Tarkka ja turvallinen H\u2082O\u2082:n annostelu. Yksinkertainen asennus.","robots":{"index":"index","follow":"follow","max-snippet":"max-snippet:-1","max-image-preview":"max-image-preview:large","max-video-preview":"max-video-preview:-1"},"canonical":"https:\/\/dosingpump.shop\/fi\/tuote\/vetyperoksidin-annostelujarjestelma-110l\/","og_locale":"fi_FI","og_type":"article","og_title":"Doseersysteem voor waterstofperoxide 110L | Dosing Pump Shop B.V.","og_description":"Compleet Doseersysteem voor waterstofperoxide 110L met aanzuiglans en automatische ontluchting. Nauwkeurige en veilige dosering van H\u2082O\u2082. Eenvoudige installatie.","og_url":"https:\/\/dosingpump.shop\/fi\/tuote\/vetyperoksidin-annostelujarjestelma-110l\/","og_site_name":"Dosing Pump Shop B.V.","article_modified_time":"2026-02-27T12:49:30+00:00","og_image":[{"width":500,"height":500,"url":"https:\/\/dosingpump.shop\/wp-content\/uploads\/2024\/12\/waterstofperoxide-doseerinstallatie.webp","type":"image\/webp"}],"twitter_card":"summary_large_image","twitter_misc":{"Hinta":"&euro;773,00","Saatavuus":"Varastossa"},"schema":{"@context":"https:\/\/schema.org","@graph":[{"@type":"WebPage","@id":"https:\/\/dosingpump.shop\/dk\/produkt\/doseringssystem-til-hydrogenperoxid-110l\/","url":"https:\/\/dosingpump.shop\/dk\/produkt\/doseringssystem-til-hydrogenperoxid-110l\/","name":"Vetyperoksidin annosteluj\u00e4rjestelm\u00e4 110L | Dosing Pump Shop B.V.","isPartOf":{"@id":"https:\/\/dosingpump.shop\/de\/#website"},"primaryImageOfPage":{"@id":"https:\/\/dosingpump.shop\/dk\/produkt\/doseringssystem-til-hydrogenperoxid-110l\/#primaryimage"},"image":{"@id":"https:\/\/dosingpump.shop\/dk\/produkt\/doseringssystem-til-hydrogenperoxid-110l\/#primaryimage"},"thumbnailUrl":"https:\/\/dosingpump.shop\/wp-content\/uploads\/2024\/12\/waterstofperoxide-doseerinstallatie.webp","datePublished":"2024-12-05T12:22:55+00:00","dateModified":"2026-02-27T12:49:30+00:00","description":"T\u00e4ydellinen annosteluj\u00e4rjestelm\u00e4 vetyperoksidille 110L, jossa on imuputki ja automaattinen ilmanpoisto. Tarkka ja turvallinen H\u2082O\u2082:n annostelu. Yksinkertainen asennus.","breadcrumb":{"@id":"https:\/\/dosingpump.shop\/dk\/produkt\/doseringssystem-til-hydrogenperoxid-110l\/#breadcrumb"},"inLanguage":"fi","potentialAction":[{"@type":"ReadAction","target":["https:\/\/dosingpump.shop\/dk\/produkt\/doseringssystem-til-hydrogenperoxid-110l\/"]}]},{"@type":"ImageObject","inLanguage":"fi","@id":"https:\/\/dosingpump.shop\/dk\/produkt\/doseringssystem-til-hydrogenperoxid-110l\/#primaryimage","url":"https:\/\/dosingpump.shop\/wp-content\/uploads\/2024\/12\/waterstofperoxide-doseerinstallatie.webp","contentUrl":"https:\/\/dosingpump.shop\/wp-content\/uploads\/2024\/12\/waterstofperoxide-doseerinstallatie.webp","width":500,"height":500},{"@type":"BreadcrumbList","@id":"https:\/\/dosingpump.shop\/dk\/produkt\/doseringssystem-til-hydrogenperoxid-110l\/#breadcrumb","itemListElement":[{"@type":"ListItem","position":1,"name":"Home","item":"https:\/\/dosingpump.shop\/"},{"@type":"ListItem","position":2,"name":"Shop","item":"https:\/\/dosingpump.shop\/de\/shop\/"},{"@type":"ListItem","position":3,"name":"Doseersysteem voor waterstofperoxide 110L"}]},{"@type":"WebSite","@id":"https:\/\/dosingpump.shop\/de\/#website","url":"https:\/\/dosingpump.shop\/de\/","name":"Dosing Pump Shop B.V.","description":"","publisher":{"@id":"https:\/\/dosingpump.shop\/de\/#organization"},"potentialAction":[{"@type":"SearchAction","target":{"@type":"EntryPoint","urlTemplate":"https:\/\/dosingpump.shop\/de\/?s={search_term_string}"},"query-input":{"@type":"PropertyValueSpecification","valueRequired":true,"valueName":"search_term_string"}}],"inLanguage":"fi"},{"@type":"Organization","@id":"https:\/\/dosingpump.shop\/de\/#organization","name":"Dosing Pump Shop B.V.","url":"https:\/\/dosingpump.shop\/de\/","logo":{"@type":"ImageObject","inLanguage":"fi","@id":"https:\/\/dosingpump.shop\/de\/#\/schema\/logo\/image\/","url":"https:\/\/dosingpump.shop\/wp-content\/uploads\/2024\/10\/Dosing-Pump-Shop-logo.png","contentUrl":"https:\/\/dosingpump.shop\/wp-content\/uploads\/2024\/10\/Dosing-Pump-Shop-logo.png","width":350,"height":45,"caption":"Dosing Pump Shop B.V."},"image":{"@id":"https:\/\/dosingpump.shop\/de\/#\/schema\/logo\/image\/"},"sameAs":["https:\/\/linkedin.com\/company\/dosing-pump-shop"]}]},"product_price_amount":"773.00","product_price_currency":"EUR","og_availability":"instock","product_availability":"instock","product_retailer_item_id":"Dos-set-h202-compl-110","product_condition":"new"},"_links":{"self":[{"href":"https:\/\/dosingpump.shop\/fi\/wp-json\/wp\/v2\/product\/4421","targetHints":{"allow":["GET"]}}],"collection":[{"href":"https:\/\/dosingpump.shop\/fi\/wp-json\/wp\/v2\/product"}],"about":[{"href":"https:\/\/dosingpump.shop\/fi\/wp-json\/wp\/v2\/types\/product"}],"wp:featuredmedia":[{"embeddable":true,"href":"https:\/\/dosingpump.shop\/fi\/wp-json\/wp\/v2\/media\/4432"}],"wp:attachment":[{"href":"https:\/\/dosingpump.shop\/fi\/wp-json\/wp\/v2\/media?parent=4421"}],"wp:term":[{"taxonomy":"product_brand","embeddable":true,"href":"https:\/\/dosingpump.shop\/fi\/wp-json\/wp\/v2\/product_brand?post=4421"},{"taxonomy":"product_cat","embeddable":true,"href":"https:\/\/dosingpump.shop\/fi\/wp-json\/wp\/v2\/product_cat?post=4421"},{"taxonomy":"product_tag","embeddable":true,"href":"https:\/\/dosingpump.shop\/fi\/wp-json\/wp\/v2\/product_tag?post=4421"}],"curies":[{"name":"wp","href":"https:\/\/api.w.org\/{rel}","templated":true}]}}