{"id":4445,"date":"2024-12-05T12:23:00","date_gmt":"2024-12-05T12:23:00","guid":{"rendered":"https:\/\/dosingpump.shop\/?post_type=product&#038;p=4445"},"modified":"2026-02-27T14:49:31","modified_gmt":"2026-02-27T12:49:31","slug":"lasp4-d-4x6-40cm-2-lev-10cm-bnc-2","status":"publish","type":"product","link":"https:\/\/dosingpump.shop\/fi\/product\/lasp4-d-4x6-40cm-2-lev-10cm-bnc-2\/","title":{"rendered":"LASP4\/D 4\u00d76 40CM 2 LEV. 10CM BNC"},"content":{"rendered":"<h2><strong>Emec LASP4\/D Imuputki 40 cm:n imuputki<\/strong><\/h2>\n<p>Useimmat Emec-annostelupumput toimitetaan imusuodattimella varustetulla jalkaventtiilill\u00e4. T\u00e4m\u00e4 toimii hyvin, mutta on tapauksia, joissa imuputki toimii paremmin tai turvallisemmin, kuten esimerkiksi sekoittimen ollessa mukana tai kanisterin kanssa. Imulanssi on PVC- tai PVDF-muovilanssi, jossa on suodatin ja tasokytkin. Oikean pituuden valitsemalla imuputki ulottuu tynnyrin tai IBC:n pohjaan, ja pumpun imu kytket\u00e4\u00e4n sitten yl\u00e4osaan. Kun pumppu on yhteensopiva, tasokytkin voidaan kytke\u00e4. T\u00e4m\u00e4 kytkee pumpun pois p\u00e4\u00e4lt\u00e4, kun astia on tyhj\u00e4. Etsitk\u00f6 eri versiota? Ota sitten yhteytt\u00e4 ja pyyd\u00e4 tarjous.Lis\u00e4\u00e4 teknisi\u00e4 tietoja? Katso tekniset tiedot-v\u00e4lilehti.<\/p>","protected":false},"excerpt":{"rendered":"<p>Emec Imuputki annostelupumppuun 40 cm. Materiaali PVC, O-rengas EPDM<\/p>","protected":false},"featured_media":0,"template":"","meta":[],"product_brand":[],"product_cat":[87],"product_tag":[],"class_list":{"0":"post-4445","1":"product","2":"type-product","3":"status-publish","5":"product_cat-aanzuiglans-lasp4","7":"first","8":"instock","9":"taxable","10":"shipping-taxable","11":"purchasable","12":"product-type-simple"},"yoast_head":"<!-- This site is optimized with the Yoast SEO plugin v27.2 - https:\/\/yoast.com\/product\/yoast-seo-wordpress\/ -->\n<title>LASP4\/D 4x6 40CM 2 LEV. 10CM BNC | Dosing Pump Shop B.V.<\/title>\n<meta name=\"robots\" content=\"index, follow, max-snippet:-1, max-image-preview:large, max-video-preview:-1\" \/>\n<link rel=\"canonical\" href=\"https:\/\/dosingpump.shop\/fi\/tuote\/lasp4-d-4x6-40cm-2-lev-10cm-bnc-2\/\" \/>\n<meta property=\"og:locale\" content=\"fi_FI\" \/>\n<meta property=\"og:type\" content=\"article\" \/>\n<meta property=\"og:title\" content=\"LASP4\/D 4x6 40CM 2 LEV. 10CM BNC | Dosing Pump Shop B.V.\" \/>\n<meta property=\"og:description\" content=\"Emec Aanzuiglans voor doseerpomp 40 cm. Materiaal PVC, O-ring EPDM\" \/>\n<meta property=\"og:url\" content=\"https:\/\/dosingpump.shop\/fi\/tuote\/lasp4-d-4x6-40cm-2-lev-10cm-bnc-2\/\" \/>\n<meta property=\"og:site_name\" content=\"Dosing Pump Shop B.V.\" \/>\n<meta property=\"article:modified_time\" content=\"2026-02-27T12:49:31+00:00\" \/>\n<meta name=\"twitter:card\" content=\"summary_large_image\" \/>\n<meta name=\"twitter:label1\" content=\"Hinta\" \/>\n\t<meta name=\"twitter:data1\" content=\"&euro;151,00\" \/>\n\t<meta name=\"twitter:label2\" content=\"Saatavuus\" \/>\n\t<meta name=\"twitter:data2\" content=\"Varastossa\" \/>\n<script type=\"application\/ld+json\" class=\"yoast-schema-graph\">{\"@context\":\"https:\/\/schema.org\",\"@graph\":[{\"@type\":\"WebPage\",\"@id\":\"https:\/\/dosingpump.shop\/dk\/produkt\/lasp4-d-4x6-40cm-2-lev-10cm-bnc-2\/\",\"url\":\"https:\/\/dosingpump.shop\/dk\/produkt\/lasp4-d-4x6-40cm-2-lev-10cm-bnc-2\/\",\"name\":\"LASP4\/D 4x6 40CM 2 LEV. 10CM BNC | Dosing Pump Shop B.V.\",\"isPartOf\":{\"@id\":\"https:\/\/dosingpump.shop\/de\/#website\"},\"datePublished\":\"2024-12-05T12:23:00+00:00\",\"dateModified\":\"2026-02-27T12:49:31+00:00\",\"breadcrumb\":{\"@id\":\"https:\/\/dosingpump.shop\/dk\/produkt\/lasp4-d-4x6-40cm-2-lev-10cm-bnc-2\/#breadcrumb\"},\"inLanguage\":\"fi\",\"potentialAction\":[{\"@type\":\"ReadAction\",\"target\":[\"https:\/\/dosingpump.shop\/dk\/produkt\/lasp4-d-4x6-40cm-2-lev-10cm-bnc-2\/\"]}]},{\"@type\":\"BreadcrumbList\",\"@id\":\"https:\/\/dosingpump.shop\/dk\/produkt\/lasp4-d-4x6-40cm-2-lev-10cm-bnc-2\/#breadcrumb\",\"itemListElement\":[{\"@type\":\"ListItem\",\"position\":1,\"name\":\"Home\",\"item\":\"https:\/\/dosingpump.shop\/\"},{\"@type\":\"ListItem\",\"position\":2,\"name\":\"Shop\",\"item\":\"https:\/\/dosingpump.shop\/de\/shop\/\"},{\"@type\":\"ListItem\",\"position\":3,\"name\":\"LASP4\/D 4&#215;6 40CM 2 LEV. 10CM BNC\"}]},{\"@type\":\"WebSite\",\"@id\":\"https:\/\/dosingpump.shop\/de\/#website\",\"url\":\"https:\/\/dosingpump.shop\/de\/\",\"name\":\"Dosing Pump Shop B.V.\",\"description\":\"\",\"publisher\":{\"@id\":\"https:\/\/dosingpump.shop\/de\/#organization\"},\"potentialAction\":[{\"@type\":\"SearchAction\",\"target\":{\"@type\":\"EntryPoint\",\"urlTemplate\":\"https:\/\/dosingpump.shop\/de\/?s={search_term_string}\"},\"query-input\":{\"@type\":\"PropertyValueSpecification\",\"valueRequired\":true,\"valueName\":\"search_term_string\"}}],\"inLanguage\":\"fi\"},{\"@type\":\"Organization\",\"@id\":\"https:\/\/dosingpump.shop\/de\/#organization\",\"name\":\"Dosing Pump Shop B.V.\",\"url\":\"https:\/\/dosingpump.shop\/de\/\",\"logo\":{\"@type\":\"ImageObject\",\"inLanguage\":\"fi\",\"@id\":\"https:\/\/dosingpump.shop\/de\/#\/schema\/logo\/image\/\",\"url\":\"https:\/\/dosingpump.shop\/wp-content\/uploads\/2024\/10\/Dosing-Pump-Shop-logo.png\",\"contentUrl\":\"https:\/\/dosingpump.shop\/wp-content\/uploads\/2024\/10\/Dosing-Pump-Shop-logo.png\",\"width\":350,\"height\":45,\"caption\":\"Dosing Pump Shop B.V.\"},\"image\":{\"@id\":\"https:\/\/dosingpump.shop\/de\/#\/schema\/logo\/image\/\"},\"sameAs\":[\"https:\/\/linkedin.com\/company\/dosing-pump-shop\"]}]}<\/script>\n<meta property=\"product:price:amount\" content=\"151.00\" \/>\n<meta property=\"product:price:currency\" content=\"EUR\" \/>\n<meta property=\"og:availability\" content=\"instock\" \/>\n<meta property=\"product:availability\" content=\"instock\" \/>\n<meta property=\"product:retailer_item_id\" content=\"LASP4D04031ZA35000\" \/>\n<meta property=\"product:condition\" content=\"new\" \/>\n<!-- \/ Yoast SEO plugin. -->","yoast_head_json":{"title":"LASP4\/D 4x6 40CM 2 LEV. 10CM BNC | Dosing Pump Shop B.V.","robots":{"index":"index","follow":"follow","max-snippet":"max-snippet:-1","max-image-preview":"max-image-preview:large","max-video-preview":"max-video-preview:-1"},"canonical":"https:\/\/dosingpump.shop\/fi\/tuote\/lasp4-d-4x6-40cm-2-lev-10cm-bnc-2\/","og_locale":"fi_FI","og_type":"article","og_title":"LASP4\/D 4x6 40CM 2 LEV. 10CM BNC | Dosing Pump Shop B.V.","og_description":"Emec Aanzuiglans voor doseerpomp 40 cm. Materiaal PVC, O-ring EPDM","og_url":"https:\/\/dosingpump.shop\/fi\/tuote\/lasp4-d-4x6-40cm-2-lev-10cm-bnc-2\/","og_site_name":"Dosing Pump Shop B.V.","article_modified_time":"2026-02-27T12:49:31+00:00","twitter_card":"summary_large_image","twitter_misc":{"Hinta":"&euro;151,00","Saatavuus":"Varastossa"},"schema":{"@context":"https:\/\/schema.org","@graph":[{"@type":"WebPage","@id":"https:\/\/dosingpump.shop\/dk\/produkt\/lasp4-d-4x6-40cm-2-lev-10cm-bnc-2\/","url":"https:\/\/dosingpump.shop\/dk\/produkt\/lasp4-d-4x6-40cm-2-lev-10cm-bnc-2\/","name":"LASP4\/D 4x6 40CM 2 LEV. 10CM BNC | Dosing Pump Shop B.V.","isPartOf":{"@id":"https:\/\/dosingpump.shop\/de\/#website"},"datePublished":"2024-12-05T12:23:00+00:00","dateModified":"2026-02-27T12:49:31+00:00","breadcrumb":{"@id":"https:\/\/dosingpump.shop\/dk\/produkt\/lasp4-d-4x6-40cm-2-lev-10cm-bnc-2\/#breadcrumb"},"inLanguage":"fi","potentialAction":[{"@type":"ReadAction","target":["https:\/\/dosingpump.shop\/dk\/produkt\/lasp4-d-4x6-40cm-2-lev-10cm-bnc-2\/"]}]},{"@type":"BreadcrumbList","@id":"https:\/\/dosingpump.shop\/dk\/produkt\/lasp4-d-4x6-40cm-2-lev-10cm-bnc-2\/#breadcrumb","itemListElement":[{"@type":"ListItem","position":1,"name":"Home","item":"https:\/\/dosingpump.shop\/"},{"@type":"ListItem","position":2,"name":"Shop","item":"https:\/\/dosingpump.shop\/de\/shop\/"},{"@type":"ListItem","position":3,"name":"LASP4\/D 4&#215;6 40CM 2 LEV. 10CM BNC"}]},{"@type":"WebSite","@id":"https:\/\/dosingpump.shop\/de\/#website","url":"https:\/\/dosingpump.shop\/de\/","name":"Dosing Pump Shop B.V.","description":"","publisher":{"@id":"https:\/\/dosingpump.shop\/de\/#organization"},"potentialAction":[{"@type":"SearchAction","target":{"@type":"EntryPoint","urlTemplate":"https:\/\/dosingpump.shop\/de\/?s={search_term_string}"},"query-input":{"@type":"PropertyValueSpecification","valueRequired":true,"valueName":"search_term_string"}}],"inLanguage":"fi"},{"@type":"Organization","@id":"https:\/\/dosingpump.shop\/de\/#organization","name":"Dosing Pump Shop B.V.","url":"https:\/\/dosingpump.shop\/de\/","logo":{"@type":"ImageObject","inLanguage":"fi","@id":"https:\/\/dosingpump.shop\/de\/#\/schema\/logo\/image\/","url":"https:\/\/dosingpump.shop\/wp-content\/uploads\/2024\/10\/Dosing-Pump-Shop-logo.png","contentUrl":"https:\/\/dosingpump.shop\/wp-content\/uploads\/2024\/10\/Dosing-Pump-Shop-logo.png","width":350,"height":45,"caption":"Dosing Pump Shop B.V."},"image":{"@id":"https:\/\/dosingpump.shop\/de\/#\/schema\/logo\/image\/"},"sameAs":["https:\/\/linkedin.com\/company\/dosing-pump-shop"]}]},"product_price_amount":"151.00","product_price_currency":"EUR","og_availability":"instock","product_availability":"instock","product_retailer_item_id":"LASP4D04031ZA35000","product_condition":"new"},"_links":{"self":[{"href":"https:\/\/dosingpump.shop\/fi\/wp-json\/wp\/v2\/product\/4445","targetHints":{"allow":["GET"]}}],"collection":[{"href":"https:\/\/dosingpump.shop\/fi\/wp-json\/wp\/v2\/product"}],"about":[{"href":"https:\/\/dosingpump.shop\/fi\/wp-json\/wp\/v2\/types\/product"}],"wp:attachment":[{"href":"https:\/\/dosingpump.shop\/fi\/wp-json\/wp\/v2\/media?parent=4445"}],"wp:term":[{"taxonomy":"product_brand","embeddable":true,"href":"https:\/\/dosingpump.shop\/fi\/wp-json\/wp\/v2\/product_brand?post=4445"},{"taxonomy":"product_cat","embeddable":true,"href":"https:\/\/dosingpump.shop\/fi\/wp-json\/wp\/v2\/product_cat?post=4445"},{"taxonomy":"product_tag","embeddable":true,"href":"https:\/\/dosingpump.shop\/fi\/wp-json\/wp\/v2\/product_tag?post=4445"}],"curies":[{"name":"wp","href":"https:\/\/api.w.org\/{rel}","templated":true}]}}