{"id":4867,"date":"2024-12-05T12:23:53","date_gmt":"2024-12-05T12:23:53","guid":{"rendered":"https:\/\/dosingpump.shop\/product\/doseerpomp-voor-zilvernitraat-maanbijtende-stof\/"},"modified":"2026-02-27T14:49:50","modified_gmt":"2026-02-27T12:49:50","slug":"annostelupumppu-hopeanitraattia-varten-kuun-kaustinen-kaustinen","status":"publish","type":"product","link":"https:\/\/dosingpump.shop\/fi\/product\/doseerpomp-voor-zilvernitraat-maanbijtende-stof\/","title":{"rendered":"Hopeanitraatin annostelupumppu (kuun kaustinen)"},"content":{"rendered":"<h2>Hopeanitraatin annostelupumppu (kuun kaustinen)<\/h2>\n<p>T\u00e4m\u00e4 laadukas Emec-annostelupumppu soveltuu hopeanitraatin (kuun lipe\u00e4) annosteluun. Olemme valinneet t\u00e4m\u00e4n pumpun tuotteeseen k\u00e4ytett\u00e4vien materiaalien hyv\u00e4n kest\u00e4vyyden vuoksi. T\u00e4m\u00e4 takaa <b>pitk\u00e4 k\u00e4ytt\u00f6ik\u00e4<\/b> ja turvallinen ty\u00f6ymp\u00e4rist\u00f6.<\/p>\n<p>KCL plus 08-08 annostelupumpussa on <b>s\u00e4\u00e4dett\u00e4v\u00e4 iskutilavuus ja s\u00e4\u00e4dett\u00e4v\u00e4 iskutiheys<\/b>. T\u00e4m\u00e4 kemiallinen pumppu on siis <b>eritt\u00e4in tarkka s\u00e4\u00e4t\u00f6<\/b>.<\/p>\n<p>Pumppu toimitetaan eritt\u00e4in t\u00e4ydellisen\u00e4. Mukana on siis imusuodatin ja ruiskutusventtiili.<\/p>\n<p>KCL plus 08-08 voi annostella jopa 8 litraa tunnissa 8 baarin paineella. Pumppu on manuaalisesti s\u00e4\u00e4dett\u00e4viss\u00e4 ja sit\u00e4 voidaan ohjata 230 V:n sy\u00f6tt\u00f6j\u00e4nnitteell\u00e4. Luonnollisesti my\u00f6s muita annostelupumppumalleja on saatavana.<\/p>\n<h3>Muut versiot Annostelupumppu hopeanitraattia varten (kuun lipe\u00e4)<\/h3>\n<p>T\u00e4t\u00e4 annostelupumppua on saatavana eri versioina. On esimerkiksi mahdollista toimittaa MF-versio, jota voidaan ohjata 4-20 mA:n, pulssin tai 0-10V:n kautta. My\u00f6s suurempi virtaus ei ole ongelma. On mahdollista toimittaa pumppu, joka voi ohjata jopa <b>1 000 litraa tunnissa<\/b> voi annostella. Paineen tai sy\u00f6tt\u00f6j\u00e4nnitteen suhteen on tietenkin my\u00f6s enemm\u00e4n vaihtoehtoja.<\/p>\n<h3>Mit\u00e4 materiaaleja suosittelemme hopeanitraatin (kuun sy\u00f6vytt\u00e4v\u00e4n) annosteluun?<\/h3>\n<p>Meill\u00e4 Dosing Pump Shop:ll\u00e4 on laaja valikoima annostelupumpun osia eri materiaaleista, joten voimme r\u00e4\u00e4t\u00e4l\u00f6id\u00e4 mink\u00e4 tahansa annostelupumpun oikeaan kest\u00e4vyyteen. Acesetaldehydin annosteluun suosittelemme seuraavia osia ja materiaaleja:<\/p>\n<p><b>Pumpun p\u00e4\u00e4<\/b><\/p>\n<ul>\n<li>PVDF<\/li>\n<li>PP<\/li>\n<li>Ruostumaton ter\u00e4s (SS 316)<\/li>\n<li>PMMA<\/li>\n<\/ul>\n<p><b>O-rengas<\/b><\/p>\n<ul>\n<li>FPM (Viton)<\/li>\n<li>EPDM<\/li>\n<\/ul>\n<p><b>Kalvo<\/b><\/p>\n<ul>\n<li>PFTE (teflon)<\/li>\n<\/ul>\n<p><b>Annosteluletku<\/b><\/p>\n<ul>\n<li>PE<\/li>\n<li>PVC<\/li>\n<li>PVDF<\/li>\n<\/ul>\n<p><em>Osat, jotka kest\u00e4v\u00e4t rajoitetusti acesetaldehydi\u00e4, ovat kest\u00e4vi\u00e4, mutta muista, ett\u00e4 sinun on silloin vaihdettava t\u00e4m\u00e4 osa s\u00e4\u00e4nn\u00f6llisemmin.<\/em><\/p>\n<h3>Oletko utelias mahdollisuuksista?<\/h3>\n<p>K\u00e4tevin tapa on ottaa yhteytt\u00e4. Voimme sitten k\u00e4\u00e4nt\u00e4\u00e4 vaatimuksesi ja keksi\u00e4 oikean annostelupumpun hopeanitraatille (kuun kaustinen)!<\/p>","protected":false},"excerpt":{"rendered":"<p>Hopeanitraatin (kuun sy\u00f6vytt\u00e4v\u00e4) (AgNO3) turvalliseen ja tarkkaan annosteluun.Tarkoista annostelusovelluksista (10 ml\/tunti) suuriin sovelluksiin, jopa 1000 litraan tunnissa (versiosta riippuen).<\/p>\n<p>Versio: K CL PLUS 08-08 tai vastaava.<br \/>Tarvitsetko toisen version? Pyyd\u00e4 tarjous!<\/p>","protected":false},"featured_media":4072,"template":"","meta":[],"product_brand":[],"product_cat":[94],"product_tag":[],"class_list":{"0":"post-4867","1":"product","2":"type-product","3":"status-publish","4":"has-post-thumbnail","6":"product_cat-chemical-compatibility","8":"first","9":"instock","10":"taxable","11":"shipping-taxable","12":"purchasable","13":"product-type-simple"},"yoast_head":"<!-- This site is optimized with the Yoast SEO plugin v27.2 - https:\/\/yoast.com\/product\/yoast-seo-wordpress\/ -->\n<title>Doseerpomp voor Zilvernitraat (maanbijtende stof) | Dosing Pump Shop B.V.<\/title>\n<meta name=\"description\" content=\"Nauwkeurige en betrouwbare Doseerpomp voor Zilvernitraat (maanbijtende stof) voor diverse industri\u00eble toepassingen. Eenvoudige installatie en onderhoud.\" \/>\n<meta name=\"robots\" content=\"index, follow, max-snippet:-1, max-image-preview:large, max-video-preview:-1\" \/>\n<link rel=\"canonical\" href=\"https:\/\/dosingpump.shop\/fi\/tuote\/annostelupumppu-hopeanitraattia-varten-kuun-kaustinen-kaustinen\/\" \/>\n<meta property=\"og:locale\" content=\"fi_FI\" \/>\n<meta property=\"og:type\" content=\"article\" \/>\n<meta property=\"og:title\" content=\"Doseerpomp voor Zilvernitraat (maanbijtende stof) | Dosing Pump Shop B.V.\" \/>\n<meta property=\"og:description\" content=\"Nauwkeurige en betrouwbare Doseerpomp voor Zilvernitraat (maanbijtende stof) voor diverse industri\u00eble toepassingen. Eenvoudige installatie en onderhoud.\" \/>\n<meta property=\"og:url\" content=\"https:\/\/dosingpump.shop\/fi\/tuote\/annostelupumppu-hopeanitraattia-varten-kuun-kaustinen-kaustinen\/\" \/>\n<meta property=\"og:site_name\" content=\"Dosing Pump Shop B.V.\" \/>\n<meta property=\"article:modified_time\" content=\"2026-02-27T12:49:50+00:00\" \/>\n<meta property=\"og:image\" content=\"https:\/\/dosingpump.shop\/wp-content\/uploads\/2024\/12\/EMEC-K-SERIE-ANALOG-dosing-pump.webp\" \/>\n\t<meta property=\"og:image:width\" content=\"498\" \/>\n\t<meta property=\"og:image:height\" content=\"501\" \/>\n\t<meta property=\"og:image:type\" content=\"image\/webp\" \/>\n<meta name=\"twitter:card\" content=\"summary_large_image\" \/>\n<meta name=\"twitter:label1\" content=\"Hinta\" \/>\n\t<meta name=\"twitter:data1\" content=\"&euro;459,00\" \/>\n\t<meta name=\"twitter:label2\" content=\"Saatavuus\" \/>\n\t<meta name=\"twitter:data2\" content=\"Varastossa\" \/>\n<script type=\"application\/ld+json\" class=\"yoast-schema-graph\">{\"@context\":\"https:\/\/schema.org\",\"@graph\":[{\"@type\":\"WebPage\",\"@id\":\"https:\/\/dosingpump.shop\/pl\/produkt-2\/pompa-dozujaca-do-azotanu-srebra-ksiezycowego-srodka-zracego\/\",\"url\":\"https:\/\/dosingpump.shop\/pl\/produkt-2\/pompa-dozujaca-do-azotanu-srebra-ksiezycowego-srodka-zracego\/\",\"name\":\"Doseerpomp voor Zilvernitraat (maanbijtende stof) | Dosing Pump Shop B.V.\",\"isPartOf\":{\"@id\":\"https:\/\/dosingpump.shop\/de\/#website\"},\"primaryImageOfPage\":{\"@id\":\"https:\/\/dosingpump.shop\/pl\/produkt-2\/pompa-dozujaca-do-azotanu-srebra-ksiezycowego-srodka-zracego\/#primaryimage\"},\"image\":{\"@id\":\"https:\/\/dosingpump.shop\/pl\/produkt-2\/pompa-dozujaca-do-azotanu-srebra-ksiezycowego-srodka-zracego\/#primaryimage\"},\"thumbnailUrl\":\"https:\/\/dosingpump.shop\/wp-content\/uploads\/2024\/12\/EMEC-K-SERIE-ANALOG-dosing-pump.webp\",\"datePublished\":\"2024-12-05T12:23:53+00:00\",\"dateModified\":\"2026-02-27T12:49:50+00:00\",\"description\":\"Nauwkeurige en betrouwbare Doseerpomp voor Zilvernitraat (maanbijtende stof) voor diverse industri\u00eble toepassingen. Eenvoudige installatie en onderhoud.\",\"breadcrumb\":{\"@id\":\"https:\/\/dosingpump.shop\/pl\/produkt-2\/pompa-dozujaca-do-azotanu-srebra-ksiezycowego-srodka-zracego\/#breadcrumb\"},\"inLanguage\":\"fi\",\"potentialAction\":[{\"@type\":\"ReadAction\",\"target\":[\"https:\/\/dosingpump.shop\/pl\/produkt-2\/pompa-dozujaca-do-azotanu-srebra-ksiezycowego-srodka-zracego\/\"]}]},{\"@type\":\"ImageObject\",\"inLanguage\":\"fi\",\"@id\":\"https:\/\/dosingpump.shop\/pl\/produkt-2\/pompa-dozujaca-do-azotanu-srebra-ksiezycowego-srodka-zracego\/#primaryimage\",\"url\":\"https:\/\/dosingpump.shop\/wp-content\/uploads\/2024\/12\/EMEC-K-SERIE-ANALOG-dosing-pump.webp\",\"contentUrl\":\"https:\/\/dosingpump.shop\/wp-content\/uploads\/2024\/12\/EMEC-K-SERIE-ANALOG-dosing-pump.webp\",\"width\":498,\"height\":501},{\"@type\":\"BreadcrumbList\",\"@id\":\"https:\/\/dosingpump.shop\/pl\/produkt-2\/pompa-dozujaca-do-azotanu-srebra-ksiezycowego-srodka-zracego\/#breadcrumb\",\"itemListElement\":[{\"@type\":\"ListItem\",\"position\":1,\"name\":\"Home\",\"item\":\"https:\/\/dosingpump.shop\/\"},{\"@type\":\"ListItem\",\"position\":2,\"name\":\"Shop\",\"item\":\"https:\/\/dosingpump.shop\/de\/shop\/\"},{\"@type\":\"ListItem\",\"position\":3,\"name\":\"Doseerpomp voor Zilvernitraat (maanbijtende stof)\"}]},{\"@type\":\"WebSite\",\"@id\":\"https:\/\/dosingpump.shop\/de\/#website\",\"url\":\"https:\/\/dosingpump.shop\/de\/\",\"name\":\"Dosing Pump Shop B.V.\",\"description\":\"\",\"publisher\":{\"@id\":\"https:\/\/dosingpump.shop\/de\/#organization\"},\"potentialAction\":[{\"@type\":\"SearchAction\",\"target\":{\"@type\":\"EntryPoint\",\"urlTemplate\":\"https:\/\/dosingpump.shop\/de\/?s={search_term_string}\"},\"query-input\":{\"@type\":\"PropertyValueSpecification\",\"valueRequired\":true,\"valueName\":\"search_term_string\"}}],\"inLanguage\":\"fi\"},{\"@type\":\"Organization\",\"@id\":\"https:\/\/dosingpump.shop\/de\/#organization\",\"name\":\"Dosing Pump Shop B.V.\",\"url\":\"https:\/\/dosingpump.shop\/de\/\",\"logo\":{\"@type\":\"ImageObject\",\"inLanguage\":\"fi\",\"@id\":\"https:\/\/dosingpump.shop\/de\/#\/schema\/logo\/image\/\",\"url\":\"https:\/\/dosingpump.shop\/wp-content\/uploads\/2024\/10\/Dosing-Pump-Shop-logo.png\",\"contentUrl\":\"https:\/\/dosingpump.shop\/wp-content\/uploads\/2024\/10\/Dosing-Pump-Shop-logo.png\",\"width\":350,\"height\":45,\"caption\":\"Dosing Pump Shop B.V.\"},\"image\":{\"@id\":\"https:\/\/dosingpump.shop\/de\/#\/schema\/logo\/image\/\"},\"sameAs\":[\"https:\/\/linkedin.com\/company\/dosing-pump-shop\"]}]}<\/script>\n<meta property=\"product:price:amount\" content=\"459.00\" \/>\n<meta property=\"product:price:currency\" content=\"EUR\" \/>\n<meta property=\"og:availability\" content=\"instock\" \/>\n<meta property=\"product:availability\" content=\"instock\" \/>\n<meta property=\"product:retailer_item_id\" content=\"Zilvernitraat (maanbijtende stof)\" \/>\n<meta property=\"product:condition\" content=\"new\" \/>\n<!-- \/ Yoast SEO plugin. -->","yoast_head_json":{"title":"Annostelupumppu hopeanitraattia varten (kuukaustinen kaustinen) | Dosing Pump Shop B.V.","description":"Tarkka ja luotettava annostelupumppu hopeanitraatille (moon caustic) erilaisiin teollisiin sovelluksiin. Helppo asennus ja huolto.","robots":{"index":"index","follow":"follow","max-snippet":"max-snippet:-1","max-image-preview":"max-image-preview:large","max-video-preview":"max-video-preview:-1"},"canonical":"https:\/\/dosingpump.shop\/fi\/tuote\/annostelupumppu-hopeanitraattia-varten-kuun-kaustinen-kaustinen\/","og_locale":"fi_FI","og_type":"article","og_title":"Doseerpomp voor Zilvernitraat (maanbijtende stof) | Dosing Pump Shop B.V.","og_description":"Nauwkeurige en betrouwbare Doseerpomp voor Zilvernitraat (maanbijtende stof) voor diverse industri\u00eble toepassingen. Eenvoudige installatie en onderhoud.","og_url":"https:\/\/dosingpump.shop\/fi\/tuote\/annostelupumppu-hopeanitraattia-varten-kuun-kaustinen-kaustinen\/","og_site_name":"Dosing Pump Shop B.V.","article_modified_time":"2026-02-27T12:49:50+00:00","og_image":[{"width":498,"height":501,"url":"https:\/\/dosingpump.shop\/wp-content\/uploads\/2024\/12\/EMEC-K-SERIE-ANALOG-dosing-pump.webp","type":"image\/webp"}],"twitter_card":"summary_large_image","twitter_misc":{"Hinta":"&euro;459,00","Saatavuus":"Varastossa"},"schema":{"@context":"https:\/\/schema.org","@graph":[{"@type":"WebPage","@id":"https:\/\/dosingpump.shop\/pl\/produkt-2\/pompa-dozujaca-do-azotanu-srebra-ksiezycowego-srodka-zracego\/","url":"https:\/\/dosingpump.shop\/pl\/produkt-2\/pompa-dozujaca-do-azotanu-srebra-ksiezycowego-srodka-zracego\/","name":"Annostelupumppu hopeanitraattia varten (kuukaustinen kaustinen) | Dosing Pump Shop B.V.","isPartOf":{"@id":"https:\/\/dosingpump.shop\/de\/#website"},"primaryImageOfPage":{"@id":"https:\/\/dosingpump.shop\/pl\/produkt-2\/pompa-dozujaca-do-azotanu-srebra-ksiezycowego-srodka-zracego\/#primaryimage"},"image":{"@id":"https:\/\/dosingpump.shop\/pl\/produkt-2\/pompa-dozujaca-do-azotanu-srebra-ksiezycowego-srodka-zracego\/#primaryimage"},"thumbnailUrl":"https:\/\/dosingpump.shop\/wp-content\/uploads\/2024\/12\/EMEC-K-SERIE-ANALOG-dosing-pump.webp","datePublished":"2024-12-05T12:23:53+00:00","dateModified":"2026-02-27T12:49:50+00:00","description":"Tarkka ja luotettava annostelupumppu hopeanitraatille (moon caustic) erilaisiin teollisiin sovelluksiin. Helppo asennus ja huolto.","breadcrumb":{"@id":"https:\/\/dosingpump.shop\/pl\/produkt-2\/pompa-dozujaca-do-azotanu-srebra-ksiezycowego-srodka-zracego\/#breadcrumb"},"inLanguage":"fi","potentialAction":[{"@type":"ReadAction","target":["https:\/\/dosingpump.shop\/pl\/produkt-2\/pompa-dozujaca-do-azotanu-srebra-ksiezycowego-srodka-zracego\/"]}]},{"@type":"ImageObject","inLanguage":"fi","@id":"https:\/\/dosingpump.shop\/pl\/produkt-2\/pompa-dozujaca-do-azotanu-srebra-ksiezycowego-srodka-zracego\/#primaryimage","url":"https:\/\/dosingpump.shop\/wp-content\/uploads\/2024\/12\/EMEC-K-SERIE-ANALOG-dosing-pump.webp","contentUrl":"https:\/\/dosingpump.shop\/wp-content\/uploads\/2024\/12\/EMEC-K-SERIE-ANALOG-dosing-pump.webp","width":498,"height":501},{"@type":"BreadcrumbList","@id":"https:\/\/dosingpump.shop\/pl\/produkt-2\/pompa-dozujaca-do-azotanu-srebra-ksiezycowego-srodka-zracego\/#breadcrumb","itemListElement":[{"@type":"ListItem","position":1,"name":"Home","item":"https:\/\/dosingpump.shop\/"},{"@type":"ListItem","position":2,"name":"Shop","item":"https:\/\/dosingpump.shop\/de\/shop\/"},{"@type":"ListItem","position":3,"name":"Doseerpomp voor Zilvernitraat (maanbijtende stof)"}]},{"@type":"WebSite","@id":"https:\/\/dosingpump.shop\/de\/#website","url":"https:\/\/dosingpump.shop\/de\/","name":"Dosing Pump Shop B.V.","description":"","publisher":{"@id":"https:\/\/dosingpump.shop\/de\/#organization"},"potentialAction":[{"@type":"SearchAction","target":{"@type":"EntryPoint","urlTemplate":"https:\/\/dosingpump.shop\/de\/?s={search_term_string}"},"query-input":{"@type":"PropertyValueSpecification","valueRequired":true,"valueName":"search_term_string"}}],"inLanguage":"fi"},{"@type":"Organization","@id":"https:\/\/dosingpump.shop\/de\/#organization","name":"Dosing Pump Shop B.V.","url":"https:\/\/dosingpump.shop\/de\/","logo":{"@type":"ImageObject","inLanguage":"fi","@id":"https:\/\/dosingpump.shop\/de\/#\/schema\/logo\/image\/","url":"https:\/\/dosingpump.shop\/wp-content\/uploads\/2024\/10\/Dosing-Pump-Shop-logo.png","contentUrl":"https:\/\/dosingpump.shop\/wp-content\/uploads\/2024\/10\/Dosing-Pump-Shop-logo.png","width":350,"height":45,"caption":"Dosing Pump Shop B.V."},"image":{"@id":"https:\/\/dosingpump.shop\/de\/#\/schema\/logo\/image\/"},"sameAs":["https:\/\/linkedin.com\/company\/dosing-pump-shop"]}]},"product_price_amount":"459.00","product_price_currency":"EUR","og_availability":"instock","product_availability":"instock","product_retailer_item_id":"Zilvernitraat (maanbijtende stof)","product_condition":"new"},"_links":{"self":[{"href":"https:\/\/dosingpump.shop\/fi\/wp-json\/wp\/v2\/product\/4867","targetHints":{"allow":["GET"]}}],"collection":[{"href":"https:\/\/dosingpump.shop\/fi\/wp-json\/wp\/v2\/product"}],"about":[{"href":"https:\/\/dosingpump.shop\/fi\/wp-json\/wp\/v2\/types\/product"}],"wp:featuredmedia":[{"embeddable":true,"href":"https:\/\/dosingpump.shop\/fi\/wp-json\/wp\/v2\/media\/4072"}],"wp:attachment":[{"href":"https:\/\/dosingpump.shop\/fi\/wp-json\/wp\/v2\/media?parent=4867"}],"wp:term":[{"taxonomy":"product_brand","embeddable":true,"href":"https:\/\/dosingpump.shop\/fi\/wp-json\/wp\/v2\/product_brand?post=4867"},{"taxonomy":"product_cat","embeddable":true,"href":"https:\/\/dosingpump.shop\/fi\/wp-json\/wp\/v2\/product_cat?post=4867"},{"taxonomy":"product_tag","embeddable":true,"href":"https:\/\/dosingpump.shop\/fi\/wp-json\/wp\/v2\/product_tag?post=4867"}],"curies":[{"name":"wp","href":"https:\/\/api.w.org\/{rel}","templated":true}]}}