{"id":5002,"date":"2024-12-05T12:24:27","date_gmt":"2024-12-05T12:24:27","guid":{"rendered":"https:\/\/dosingpump.shop\/product\/fluimac-helios-as-15-ix-slangenpomp\/"},"modified":"2026-02-27T14:49:55","modified_gmt":"2026-02-27T12:49:55","slug":"fluimac-helios-as-15-ix-peristalttinen-pumppu","status":"publish","type":"product","link":"https:\/\/dosingpump.shop\/fi\/product\/fluimac-helios-as-15-ix-slangenpomp\/","title":{"rendered":"Fluimac Helios AS-15-IX peristalttinen pumppu"},"content":{"rendered":"<p data-start=\"184\" data-end=\"1389\">Helios AS 15 IX on teollinen peristalttinen pumppu, joka on suunniteltu erityisesti sovelluksiin, joissa tarkkuus ja kauko-ohjaus ovat v\u00e4ltt\u00e4m\u00e4tt\u00f6mi\u00e4. T\u00e4m\u00e4 peristalttinen pumppu on varustettu sis\u00e4\u00e4nrakennetulla taajuusmuuttajalla, jota voidaan ohjata 4-20 mA-signaalin avulla, ja se tarjoaa joustavaa ja tarkkaa annostelua. Itsest\u00e4\u00e4n imev\u00e4n toiminnan ansiosta jopa 6 metrin matkalle asti ja kuivak\u00e4yntimahdollisuuden ansiosta pumppu soveltuu erityisen hyvin vaativiin teollisuusprosesseihin, joissa luotettavuus ja huollon helppous ovat avainasemassa. AS 15 IX on saatavana eri v\u00e4lityssuhteilla, joista jokainen mahdollistaa tietyn virtauskaistanleveyden. T\u00e4m\u00e4n rakenteen ansiosta pumppu voidaan r\u00e4\u00e4t\u00e4l\u00f6id\u00e4 tarkasti sovellukseen sopivaksi. Lis\u00e4ksi Helios-pumppu on saatavana erilaisilla letkumateriaaleilla, mukaan lukien elintarviketurvalliset vaihtoehdot, jotta my\u00f6s elintarvikealaa voidaan palvella. Pumpussa on vankka alumiiniseoskuori, ja siin\u00e4 on vakiona korkealaatuisia komponentteja, kuten ruostumattomasta ter\u00e4ksest\u00e4 valmistetut letkuliit\u00e4nn\u00e4t. Saatavana on ATEX-versio r\u00e4j\u00e4hdysvaarallisissa ymp\u00e4rist\u00f6iss\u00e4 k\u00e4ytett\u00e4vi\u00e4 sovelluksia varten. Helios AS 15 IX yhdist\u00e4\u00e4 eurooppalaisen laadun ja joustavuuden, ja se on nopeasti saatavilla.<\/p>","protected":false},"excerpt":{"rendered":"<ul>\n<li>Suurin virtaus: 221 l\/h<\/li>\n<li>Maksimipaine: 1,5 bar<\/li>\n<li>Manuaalisesti s\u00e4\u00e4dett\u00e4v\u00e4 virtaus<\/li>\n<\/ul>\n<p>Hinta perustuu Helios AS 15 IX -laitteeseen, jossa on EPDM-peristalttiletku ja PVC-letkuliit\u00e4nn\u00e4t.<\/p>","protected":false},"featured_media":7052,"template":"","meta":[],"product_brand":[],"product_cat":[266,26],"product_tag":[],"class_list":{"0":"post-5002","1":"product","2":"type-product","3":"status-publish","4":"has-post-thumbnail","6":"product_cat-fluimac-slangenpompen","7":"product_cat-slangenpompen","9":"first","10":"instock","11":"taxable","12":"shipping-taxable","13":"purchasable","14":"product-type-simple"},"yoast_head":"<!-- This site is optimized with the Yoast SEO plugin v27.2 - https:\/\/yoast.com\/product\/yoast-seo-wordpress\/ -->\n<title>Fluimac Helios AS-15-IX slangenpomp | Dosing Pump Shop B.V.<\/title>\n<meta name=\"robots\" content=\"index, follow, max-snippet:-1, max-image-preview:large, max-video-preview:-1\" \/>\n<link rel=\"canonical\" href=\"https:\/\/dosingpump.shop\/fi\/tuote\/fluimac-helios-as-15-ix-peristalttinen-pumppu\/\" \/>\n<meta property=\"og:locale\" content=\"fi_FI\" \/>\n<meta property=\"og:type\" content=\"article\" \/>\n<meta property=\"og:title\" content=\"Fluimac Helios AS-15-IX slangenpomp | Dosing Pump Shop B.V.\" \/>\n<meta property=\"og:description\" content=\"Maximale flow: 221 l\/h  Maximale druk: 1,5 bar  Handmatig instelbare flow  Prijs op basis van Helios AS 15 IX met EPDM peristaltische slang en PVC slangkoppelingen.\" \/>\n<meta property=\"og:url\" content=\"https:\/\/dosingpump.shop\/fi\/tuote\/fluimac-helios-as-15-ix-peristalttinen-pumppu\/\" \/>\n<meta property=\"og:site_name\" content=\"Dosing Pump Shop B.V.\" \/>\n<meta property=\"article:modified_time\" content=\"2026-02-27T12:49:55+00:00\" \/>\n<meta property=\"og:image\" content=\"https:\/\/dosingpump.shop\/wp-content\/uploads\/2024\/12\/Fluimac-Helios-AS-10-IX-slangenpomp.png\" \/>\n\t<meta property=\"og:image:width\" content=\"500\" \/>\n\t<meta property=\"og:image:height\" content=\"500\" \/>\n\t<meta property=\"og:image:type\" content=\"image\/png\" \/>\n<meta name=\"twitter:card\" content=\"summary_large_image\" \/>\n<meta name=\"twitter:label1\" content=\"Hinta\" \/>\n\t<meta name=\"twitter:data1\" content=\"&euro;4.207,00\" \/>\n\t<meta name=\"twitter:label2\" content=\"Saatavuus\" \/>\n\t<meta name=\"twitter:data2\" content=\"Varastossa\" \/>\n<script type=\"application\/ld+json\" class=\"yoast-schema-graph\">{\"@context\":\"https:\/\/schema.org\",\"@graph\":[{\"@type\":\"WebPage\",\"@id\":\"https:\/\/dosingpump.shop\/ro\/produs-2\/pompa-peristaltica-fluimac-helios-as-15-ix\/\",\"url\":\"https:\/\/dosingpump.shop\/ro\/produs-2\/pompa-peristaltica-fluimac-helios-as-15-ix\/\",\"name\":\"Fluimac Helios AS-15-IX slangenpomp | Dosing Pump Shop B.V.\",\"isPartOf\":{\"@id\":\"https:\/\/dosingpump.shop\/de\/#website\"},\"primaryImageOfPage\":{\"@id\":\"https:\/\/dosingpump.shop\/ro\/produs-2\/pompa-peristaltica-fluimac-helios-as-15-ix\/#primaryimage\"},\"image\":{\"@id\":\"https:\/\/dosingpump.shop\/ro\/produs-2\/pompa-peristaltica-fluimac-helios-as-15-ix\/#primaryimage\"},\"thumbnailUrl\":\"https:\/\/dosingpump.shop\/wp-content\/uploads\/2024\/12\/Fluimac-Helios-AS-10-IX-slangenpomp.png\",\"datePublished\":\"2024-12-05T12:24:27+00:00\",\"dateModified\":\"2026-02-27T12:49:55+00:00\",\"breadcrumb\":{\"@id\":\"https:\/\/dosingpump.shop\/ro\/produs-2\/pompa-peristaltica-fluimac-helios-as-15-ix\/#breadcrumb\"},\"inLanguage\":\"fi\",\"potentialAction\":[{\"@type\":\"ReadAction\",\"target\":[\"https:\/\/dosingpump.shop\/ro\/produs-2\/pompa-peristaltica-fluimac-helios-as-15-ix\/\"]}]},{\"@type\":\"ImageObject\",\"inLanguage\":\"fi\",\"@id\":\"https:\/\/dosingpump.shop\/ro\/produs-2\/pompa-peristaltica-fluimac-helios-as-15-ix\/#primaryimage\",\"url\":\"https:\/\/dosingpump.shop\/wp-content\/uploads\/2024\/12\/Fluimac-Helios-AS-10-IX-slangenpomp.png\",\"contentUrl\":\"https:\/\/dosingpump.shop\/wp-content\/uploads\/2024\/12\/Fluimac-Helios-AS-10-IX-slangenpomp.png\",\"width\":500,\"height\":500},{\"@type\":\"BreadcrumbList\",\"@id\":\"https:\/\/dosingpump.shop\/ro\/produs-2\/pompa-peristaltica-fluimac-helios-as-15-ix\/#breadcrumb\",\"itemListElement\":[{\"@type\":\"ListItem\",\"position\":1,\"name\":\"Home\",\"item\":\"https:\/\/dosingpump.shop\/\"},{\"@type\":\"ListItem\",\"position\":2,\"name\":\"Shop\",\"item\":\"https:\/\/dosingpump.shop\/de\/shop\/\"},{\"@type\":\"ListItem\",\"position\":3,\"name\":\"Fluimac Helios AS-15-IX slangenpomp\"}]},{\"@type\":\"WebSite\",\"@id\":\"https:\/\/dosingpump.shop\/de\/#website\",\"url\":\"https:\/\/dosingpump.shop\/de\/\",\"name\":\"Dosing Pump Shop B.V.\",\"description\":\"\",\"publisher\":{\"@id\":\"https:\/\/dosingpump.shop\/de\/#organization\"},\"potentialAction\":[{\"@type\":\"SearchAction\",\"target\":{\"@type\":\"EntryPoint\",\"urlTemplate\":\"https:\/\/dosingpump.shop\/de\/?s={search_term_string}\"},\"query-input\":{\"@type\":\"PropertyValueSpecification\",\"valueRequired\":true,\"valueName\":\"search_term_string\"}}],\"inLanguage\":\"fi\"},{\"@type\":\"Organization\",\"@id\":\"https:\/\/dosingpump.shop\/de\/#organization\",\"name\":\"Dosing Pump Shop B.V.\",\"url\":\"https:\/\/dosingpump.shop\/de\/\",\"logo\":{\"@type\":\"ImageObject\",\"inLanguage\":\"fi\",\"@id\":\"https:\/\/dosingpump.shop\/de\/#\/schema\/logo\/image\/\",\"url\":\"https:\/\/dosingpump.shop\/wp-content\/uploads\/2024\/10\/Dosing-Pump-Shop-logo.png\",\"contentUrl\":\"https:\/\/dosingpump.shop\/wp-content\/uploads\/2024\/10\/Dosing-Pump-Shop-logo.png\",\"width\":350,\"height\":45,\"caption\":\"Dosing Pump Shop B.V.\"},\"image\":{\"@id\":\"https:\/\/dosingpump.shop\/de\/#\/schema\/logo\/image\/\"},\"sameAs\":[\"https:\/\/linkedin.com\/company\/dosing-pump-shop\"]}]}<\/script>\n<meta property=\"product:price:amount\" content=\"4207.00\" \/>\n<meta property=\"product:price:currency\" content=\"EUR\" \/>\n<meta property=\"og:availability\" content=\"instock\" \/>\n<meta property=\"product:availability\" content=\"instock\" \/>\n<meta property=\"product:retailer_item_id\" content=\"AS-15-IX\" \/>\n<meta property=\"product:condition\" content=\"new\" \/>\n<!-- \/ Yoast SEO plugin. -->","yoast_head_json":{"title":"Fluimac Helios AS-15-IX -peristalttinen pumppu | Dosing Pump Shop B.V.","robots":{"index":"index","follow":"follow","max-snippet":"max-snippet:-1","max-image-preview":"max-image-preview:large","max-video-preview":"max-video-preview:-1"},"canonical":"https:\/\/dosingpump.shop\/fi\/tuote\/fluimac-helios-as-15-ix-peristalttinen-pumppu\/","og_locale":"fi_FI","og_type":"article","og_title":"Fluimac Helios AS-15-IX slangenpomp | Dosing Pump Shop B.V.","og_description":"Maximale flow: 221 l\/h  Maximale druk: 1,5 bar  Handmatig instelbare flow  Prijs op basis van Helios AS 15 IX met EPDM peristaltische slang en PVC slangkoppelingen.","og_url":"https:\/\/dosingpump.shop\/fi\/tuote\/fluimac-helios-as-15-ix-peristalttinen-pumppu\/","og_site_name":"Dosing Pump Shop B.V.","article_modified_time":"2026-02-27T12:49:55+00:00","og_image":[{"width":500,"height":500,"url":"https:\/\/dosingpump.shop\/wp-content\/uploads\/2024\/12\/Fluimac-Helios-AS-10-IX-slangenpomp.png","type":"image\/png"}],"twitter_card":"summary_large_image","twitter_misc":{"Hinta":"&euro;4.207,00","Saatavuus":"Varastossa"},"schema":{"@context":"https:\/\/schema.org","@graph":[{"@type":"WebPage","@id":"https:\/\/dosingpump.shop\/ro\/produs-2\/pompa-peristaltica-fluimac-helios-as-15-ix\/","url":"https:\/\/dosingpump.shop\/ro\/produs-2\/pompa-peristaltica-fluimac-helios-as-15-ix\/","name":"Fluimac Helios AS-15-IX -peristalttinen pumppu | Dosing Pump Shop B.V.","isPartOf":{"@id":"https:\/\/dosingpump.shop\/de\/#website"},"primaryImageOfPage":{"@id":"https:\/\/dosingpump.shop\/ro\/produs-2\/pompa-peristaltica-fluimac-helios-as-15-ix\/#primaryimage"},"image":{"@id":"https:\/\/dosingpump.shop\/ro\/produs-2\/pompa-peristaltica-fluimac-helios-as-15-ix\/#primaryimage"},"thumbnailUrl":"https:\/\/dosingpump.shop\/wp-content\/uploads\/2024\/12\/Fluimac-Helios-AS-10-IX-slangenpomp.png","datePublished":"2024-12-05T12:24:27+00:00","dateModified":"2026-02-27T12:49:55+00:00","breadcrumb":{"@id":"https:\/\/dosingpump.shop\/ro\/produs-2\/pompa-peristaltica-fluimac-helios-as-15-ix\/#breadcrumb"},"inLanguage":"fi","potentialAction":[{"@type":"ReadAction","target":["https:\/\/dosingpump.shop\/ro\/produs-2\/pompa-peristaltica-fluimac-helios-as-15-ix\/"]}]},{"@type":"ImageObject","inLanguage":"fi","@id":"https:\/\/dosingpump.shop\/ro\/produs-2\/pompa-peristaltica-fluimac-helios-as-15-ix\/#primaryimage","url":"https:\/\/dosingpump.shop\/wp-content\/uploads\/2024\/12\/Fluimac-Helios-AS-10-IX-slangenpomp.png","contentUrl":"https:\/\/dosingpump.shop\/wp-content\/uploads\/2024\/12\/Fluimac-Helios-AS-10-IX-slangenpomp.png","width":500,"height":500},{"@type":"BreadcrumbList","@id":"https:\/\/dosingpump.shop\/ro\/produs-2\/pompa-peristaltica-fluimac-helios-as-15-ix\/#breadcrumb","itemListElement":[{"@type":"ListItem","position":1,"name":"Home","item":"https:\/\/dosingpump.shop\/"},{"@type":"ListItem","position":2,"name":"Shop","item":"https:\/\/dosingpump.shop\/de\/shop\/"},{"@type":"ListItem","position":3,"name":"Fluimac Helios AS-15-IX slangenpomp"}]},{"@type":"WebSite","@id":"https:\/\/dosingpump.shop\/de\/#website","url":"https:\/\/dosingpump.shop\/de\/","name":"Dosing Pump Shop B.V.","description":"","publisher":{"@id":"https:\/\/dosingpump.shop\/de\/#organization"},"potentialAction":[{"@type":"SearchAction","target":{"@type":"EntryPoint","urlTemplate":"https:\/\/dosingpump.shop\/de\/?s={search_term_string}"},"query-input":{"@type":"PropertyValueSpecification","valueRequired":true,"valueName":"search_term_string"}}],"inLanguage":"fi"},{"@type":"Organization","@id":"https:\/\/dosingpump.shop\/de\/#organization","name":"Dosing Pump Shop B.V.","url":"https:\/\/dosingpump.shop\/de\/","logo":{"@type":"ImageObject","inLanguage":"fi","@id":"https:\/\/dosingpump.shop\/de\/#\/schema\/logo\/image\/","url":"https:\/\/dosingpump.shop\/wp-content\/uploads\/2024\/10\/Dosing-Pump-Shop-logo.png","contentUrl":"https:\/\/dosingpump.shop\/wp-content\/uploads\/2024\/10\/Dosing-Pump-Shop-logo.png","width":350,"height":45,"caption":"Dosing Pump Shop B.V."},"image":{"@id":"https:\/\/dosingpump.shop\/de\/#\/schema\/logo\/image\/"},"sameAs":["https:\/\/linkedin.com\/company\/dosing-pump-shop"]}]},"product_price_amount":"4207.00","product_price_currency":"EUR","og_availability":"instock","product_availability":"instock","product_retailer_item_id":"AS-15-IX","product_condition":"new"},"_links":{"self":[{"href":"https:\/\/dosingpump.shop\/fi\/wp-json\/wp\/v2\/product\/5002","targetHints":{"allow":["GET"]}}],"collection":[{"href":"https:\/\/dosingpump.shop\/fi\/wp-json\/wp\/v2\/product"}],"about":[{"href":"https:\/\/dosingpump.shop\/fi\/wp-json\/wp\/v2\/types\/product"}],"wp:featuredmedia":[{"embeddable":true,"href":"https:\/\/dosingpump.shop\/fi\/wp-json\/wp\/v2\/media\/7052"}],"wp:attachment":[{"href":"https:\/\/dosingpump.shop\/fi\/wp-json\/wp\/v2\/media?parent=5002"}],"wp:term":[{"taxonomy":"product_brand","embeddable":true,"href":"https:\/\/dosingpump.shop\/fi\/wp-json\/wp\/v2\/product_brand?post=5002"},{"taxonomy":"product_cat","embeddable":true,"href":"https:\/\/dosingpump.shop\/fi\/wp-json\/wp\/v2\/product_cat?post=5002"},{"taxonomy":"product_tag","embeddable":true,"href":"https:\/\/dosingpump.shop\/fi\/wp-json\/wp\/v2\/product_tag?post=5002"}],"curies":[{"name":"wp","href":"https:\/\/api.w.org\/{rel}","templated":true}]}}