{"id":5297,"date":"2024-12-17T12:21:59","date_gmt":"2024-12-17T12:21:59","guid":{"rendered":"https:\/\/dosingpump.shop\/?post_type=product&#038;p=5297"},"modified":"2026-03-10T23:17:37","modified_gmt":"2026-03-10T22:17:37","slug":"emec-ams-cl-plus-annostelupumppu","status":"publish","type":"product","link":"https:\/\/dosingpump.shop\/fi\/product\/emec-ams-cl-plus-doseerpomp\/","title":{"rendered":"Emec AMS CL PLUS - Annostelupumppu"},"content":{"rendered":"<p>AMS CL PLUS on edistyksellinen j\u00e4rjestelm\u00e4, joka on suunniteltu toimimaan vakiotilassa ja tuottamaan haluttua suorituskyky\u00e4 tarkalla tasons\u00e4\u00e4d\u00f6ll\u00e4. T\u00e4m\u00e4n vuoksi se on ihanteellinen sovelluksiin, joissa vaaditaan tasaista ja luotettavaa toimintaa. Tasons\u00e4\u00e4t\u00f6 varmistaa, ett\u00e4 j\u00e4rjestelm\u00e4 toimii jatkuvasti oikealla tasolla olosuhteista tai kuormituksen vaihteluista riippumatta.<\/p>\n<p>Pumppu voidaan asettaa eri tiloihin erityistarpeiden mukaan. K\u00e4ytett\u00e4viss\u00e4 olevat tilat ovat:<\/p>\n<ul>\n<li><strong>Jatkuva:<\/strong> T\u00e4ss\u00e4 tilassa pumppu k\u00e4y aina samalla nopeudella riippumatta kysynn\u00e4st\u00e4 tai kuormituksesta. T\u00e4m\u00e4 takaa vakaan ja ennustettavan toiminnan, mik\u00e4 on t\u00e4rke\u00e4\u00e4 prosesseissa, jotka edellytt\u00e4v\u00e4t jatkuvaa virtausta tai painetta.<\/li>\n<li><strong>Vakio 1-10-nopeuss\u00e4\u00e4timell\u00e4:<\/strong> T\u00e4m\u00e4 tila tarjoaa lis\u00e4joustavuutta, koska siin\u00e4 on nopeudens\u00e4\u00e4din 1-10. T\u00e4m\u00e4 tarkoittaa, ett\u00e4 pumppu voidaan s\u00e4\u00e4t\u00e4\u00e4 toimimaan eri nopeuksilla t\u00e4ll\u00e4 alueella sovelluksen erityistarpeiden mukaan. N\u00e4in k\u00e4ytt\u00e4j\u00e4t voivat optimoida pumpun suorituskyvyn s\u00e4ilytt\u00e4en samalla energiatehokkuuden.<\/li>\n<\/ul>\n<p>Mahdollisuus k\u00e4ytt\u00e4\u00e4 pumppua sek\u00e4 vakio- ett\u00e4 muuttuvalla nopeudella tekee AMS CL PLUS -j\u00e4rjestelm\u00e4st\u00e4 monipuolisen ja tehokkaan j\u00e4rjestelm\u00e4n, joka soveltuu monenlaisiin teollisiin sovelluksiin.<\/p>","protected":false},"excerpt":{"rendered":"<p>AMS CL PLUS on edistyksellinen j\u00e4rjestelm\u00e4, joka on suunniteltu toimimaan vakiotilassa ja tuottamaan halutun suorituskyvyn tarkalla tasons\u00e4\u00e4d\u00f6ll\u00e4.<\/p>\n<ul>\n<li>Jatkuva annostelu<\/li>\n<li>Toimitetaan t\u00e4ydellisen\u00e4<\/li>\n<li>T\u00e4ysi PTFE-kalvo<\/li>\n<\/ul>","protected":false},"featured_media":5190,"template":"","meta":[],"product_brand":[],"product_cat":[85],"product_tag":[],"class_list":{"0":"post-5297","1":"product","2":"type-product","3":"status-publish","4":"has-post-thumbnail","6":"product_cat-assortiment","8":"first","9":"onbackorder","10":"taxable","11":"shipping-taxable","12":"product-type-simple"},"yoast_head":"<!-- This site is optimized with the Yoast SEO plugin v27.2 - https:\/\/yoast.com\/product\/yoast-seo-wordpress\/ -->\n<title>Emec AMS CL PLUS - Doseerpomp | Dosing Pump Shop B.V.<\/title>\n<meta name=\"description\" content=\"Emec AMS CL PLUS - Doseerpomp: Betrouwbare en nauwkeurige dosering voor diverse toepassingen. Eenvoudige installatie en onderhoud. Ideaal voor chemische processen.\" \/>\n<meta name=\"robots\" content=\"index, follow, max-snippet:-1, max-image-preview:large, max-video-preview:-1\" \/>\n<link rel=\"canonical\" href=\"https:\/\/dosingpump.shop\/fi\/tuote\/emec-ams-cl-plus-annostelupumppu\/\" \/>\n<meta property=\"og:locale\" content=\"fi_FI\" \/>\n<meta property=\"og:type\" content=\"article\" \/>\n<meta property=\"og:title\" content=\"Emec AMS CL PLUS - Doseerpomp | Dosing Pump Shop B.V.\" \/>\n<meta property=\"og:description\" content=\"Emec AMS CL PLUS - Doseerpomp: Betrouwbare en nauwkeurige dosering voor diverse toepassingen. Eenvoudige installatie en onderhoud. Ideaal voor chemische processen.\" \/>\n<meta property=\"og:url\" content=\"https:\/\/dosingpump.shop\/fi\/tuote\/emec-ams-cl-plus-annostelupumppu\/\" \/>\n<meta property=\"og:site_name\" content=\"Dosing Pump Shop B.V.\" \/>\n<meta property=\"article:modified_time\" content=\"2026-03-10T22:17:37+00:00\" \/>\n<meta property=\"og:image\" content=\"https:\/\/dosingpump.shop\/wp-content\/uploads\/2024\/12\/Emec-AMS-Series.webp\" \/>\n\t<meta property=\"og:image:width\" content=\"600\" \/>\n\t<meta property=\"og:image:height\" content=\"600\" \/>\n\t<meta property=\"og:image:type\" content=\"image\/webp\" \/>\n<meta name=\"twitter:card\" content=\"summary_large_image\" \/>\n<meta name=\"twitter:label1\" content=\"Hinta\" \/>\n\t<meta name=\"twitter:data1\" content=\"\" \/>\n\t<meta name=\"twitter:label2\" content=\"Saatavuus\" \/>\n\t<meta name=\"twitter:data2\" content=\"J\u00e4lkitoimituksessa\" \/>\n<script type=\"application\/ld+json\" class=\"yoast-schema-graph\">{\"@context\":\"https:\/\/schema.org\",\"@graph\":[{\"@type\":\"WebPage\",\"@id\":\"https:\/\/dosingpump.shop\/product\/emec-ams-cl-plus-doseerpomp\/\",\"url\":\"https:\/\/dosingpump.shop\/product\/emec-ams-cl-plus-doseerpomp\/\",\"name\":\"Emec AMS CL PLUS - Doseerpomp | Dosing Pump Shop B.V.\",\"isPartOf\":{\"@id\":\"https:\/\/dosingpump.shop\/de\/#website\"},\"primaryImageOfPage\":{\"@id\":\"https:\/\/dosingpump.shop\/product\/emec-ams-cl-plus-doseerpomp\/#primaryimage\"},\"image\":{\"@id\":\"https:\/\/dosingpump.shop\/product\/emec-ams-cl-plus-doseerpomp\/#primaryimage\"},\"thumbnailUrl\":\"https:\/\/dosingpump.shop\/wp-content\/uploads\/2024\/12\/Emec-AMS-Series.webp\",\"datePublished\":\"2024-12-17T12:21:59+00:00\",\"dateModified\":\"2026-03-10T22:17:37+00:00\",\"description\":\"Emec AMS CL PLUS - Doseerpomp: Betrouwbare en nauwkeurige dosering voor diverse toepassingen. Eenvoudige installatie en onderhoud. Ideaal voor chemische processen.\",\"breadcrumb\":{\"@id\":\"https:\/\/dosingpump.shop\/product\/emec-ams-cl-plus-doseerpomp\/#breadcrumb\"},\"inLanguage\":\"fi\",\"potentialAction\":[{\"@type\":\"ReadAction\",\"target\":[\"https:\/\/dosingpump.shop\/product\/emec-ams-cl-plus-doseerpomp\/\"]}]},{\"@type\":\"ImageObject\",\"inLanguage\":\"fi\",\"@id\":\"https:\/\/dosingpump.shop\/product\/emec-ams-cl-plus-doseerpomp\/#primaryimage\",\"url\":\"https:\/\/dosingpump.shop\/wp-content\/uploads\/2024\/12\/Emec-AMS-Series.webp\",\"contentUrl\":\"https:\/\/dosingpump.shop\/wp-content\/uploads\/2024\/12\/Emec-AMS-Series.webp\",\"width\":600,\"height\":600},{\"@type\":\"BreadcrumbList\",\"@id\":\"https:\/\/dosingpump.shop\/product\/emec-ams-cl-plus-doseerpomp\/#breadcrumb\",\"itemListElement\":[{\"@type\":\"ListItem\",\"position\":1,\"name\":\"Home\",\"item\":\"https:\/\/dosingpump.shop\/\"},{\"@type\":\"ListItem\",\"position\":2,\"name\":\"Shop\",\"item\":\"https:\/\/dosingpump.shop\/de\/shop\/\"},{\"@type\":\"ListItem\",\"position\":3,\"name\":\"Emec AMS CL PLUS &#8211; Doseerpomp\"}]},{\"@type\":\"WebSite\",\"@id\":\"https:\/\/dosingpump.shop\/de\/#website\",\"url\":\"https:\/\/dosingpump.shop\/de\/\",\"name\":\"Dosing Pump Shop B.V.\",\"description\":\"\",\"publisher\":{\"@id\":\"https:\/\/dosingpump.shop\/de\/#organization\"},\"potentialAction\":[{\"@type\":\"SearchAction\",\"target\":{\"@type\":\"EntryPoint\",\"urlTemplate\":\"https:\/\/dosingpump.shop\/de\/?s={search_term_string}\"},\"query-input\":{\"@type\":\"PropertyValueSpecification\",\"valueRequired\":true,\"valueName\":\"search_term_string\"}}],\"inLanguage\":\"fi\"},{\"@type\":\"Organization\",\"@id\":\"https:\/\/dosingpump.shop\/de\/#organization\",\"name\":\"Dosing Pump Shop B.V.\",\"url\":\"https:\/\/dosingpump.shop\/de\/\",\"logo\":{\"@type\":\"ImageObject\",\"inLanguage\":\"fi\",\"@id\":\"https:\/\/dosingpump.shop\/de\/#\/schema\/logo\/image\/\",\"url\":\"https:\/\/dosingpump.shop\/wp-content\/uploads\/2024\/10\/Dosing-Pump-Shop-logo.png\",\"contentUrl\":\"https:\/\/dosingpump.shop\/wp-content\/uploads\/2024\/10\/Dosing-Pump-Shop-logo.png\",\"width\":350,\"height\":45,\"caption\":\"Dosing Pump Shop B.V.\"},\"image\":{\"@id\":\"https:\/\/dosingpump.shop\/de\/#\/schema\/logo\/image\/\"},\"sameAs\":[\"https:\/\/linkedin.com\/company\/dosing-pump-shop\"]}]}<\/script>\n<meta property=\"product:price:currency\" content=\"EUR\" \/>\n<meta property=\"og:availability\" content=\"backorder\" \/>\n<meta property=\"product:availability\" content=\"available for order\" \/>\n<meta property=\"product:condition\" content=\"new\" \/>\n<!-- \/ Yoast SEO plugin. -->","yoast_head_json":{"title":"Emec AMS CL PLUS - Annostelupumppu | Dosing Pump Shop B.V.","description":"Emec AMS CL PLUS - Annostelupumppu: Luotettava ja tarkka annostelu erilaisiin sovelluksiin. Helppo asennus ja huolto. Ihanteellinen kemiallisiin prosesseihin.","robots":{"index":"index","follow":"follow","max-snippet":"max-snippet:-1","max-image-preview":"max-image-preview:large","max-video-preview":"max-video-preview:-1"},"canonical":"https:\/\/dosingpump.shop\/fi\/tuote\/emec-ams-cl-plus-annostelupumppu\/","og_locale":"fi_FI","og_type":"article","og_title":"Emec AMS CL PLUS - Doseerpomp | Dosing Pump Shop B.V.","og_description":"Emec AMS CL PLUS - Doseerpomp: Betrouwbare en nauwkeurige dosering voor diverse toepassingen. Eenvoudige installatie en onderhoud. Ideaal voor chemische processen.","og_url":"https:\/\/dosingpump.shop\/fi\/tuote\/emec-ams-cl-plus-annostelupumppu\/","og_site_name":"Dosing Pump Shop B.V.","article_modified_time":"2026-03-10T22:17:37+00:00","og_image":[{"width":600,"height":600,"url":"https:\/\/dosingpump.shop\/wp-content\/uploads\/2024\/12\/Emec-AMS-Series.webp","type":"image\/webp"}],"twitter_card":"summary_large_image","twitter_misc":{"Hinta":"","Saatavuus":"J\u00e4lkitoimituksessa"},"schema":{"@context":"https:\/\/schema.org","@graph":[{"@type":"WebPage","@id":"https:\/\/dosingpump.shop\/product\/emec-ams-cl-plus-doseerpomp\/","url":"https:\/\/dosingpump.shop\/product\/emec-ams-cl-plus-doseerpomp\/","name":"Emec AMS CL PLUS - Annostelupumppu | Dosing Pump Shop B.V.","isPartOf":{"@id":"https:\/\/dosingpump.shop\/de\/#website"},"primaryImageOfPage":{"@id":"https:\/\/dosingpump.shop\/product\/emec-ams-cl-plus-doseerpomp\/#primaryimage"},"image":{"@id":"https:\/\/dosingpump.shop\/product\/emec-ams-cl-plus-doseerpomp\/#primaryimage"},"thumbnailUrl":"https:\/\/dosingpump.shop\/wp-content\/uploads\/2024\/12\/Emec-AMS-Series.webp","datePublished":"2024-12-17T12:21:59+00:00","dateModified":"2026-03-10T22:17:37+00:00","description":"Emec AMS CL PLUS - Annostelupumppu: Luotettava ja tarkka annostelu erilaisiin sovelluksiin. Helppo asennus ja huolto. Ihanteellinen kemiallisiin prosesseihin.","breadcrumb":{"@id":"https:\/\/dosingpump.shop\/product\/emec-ams-cl-plus-doseerpomp\/#breadcrumb"},"inLanguage":"fi","potentialAction":[{"@type":"ReadAction","target":["https:\/\/dosingpump.shop\/product\/emec-ams-cl-plus-doseerpomp\/"]}]},{"@type":"ImageObject","inLanguage":"fi","@id":"https:\/\/dosingpump.shop\/product\/emec-ams-cl-plus-doseerpomp\/#primaryimage","url":"https:\/\/dosingpump.shop\/wp-content\/uploads\/2024\/12\/Emec-AMS-Series.webp","contentUrl":"https:\/\/dosingpump.shop\/wp-content\/uploads\/2024\/12\/Emec-AMS-Series.webp","width":600,"height":600},{"@type":"BreadcrumbList","@id":"https:\/\/dosingpump.shop\/product\/emec-ams-cl-plus-doseerpomp\/#breadcrumb","itemListElement":[{"@type":"ListItem","position":1,"name":"Home","item":"https:\/\/dosingpump.shop\/"},{"@type":"ListItem","position":2,"name":"Shop","item":"https:\/\/dosingpump.shop\/de\/shop\/"},{"@type":"ListItem","position":3,"name":"Emec AMS CL PLUS &#8211; Doseerpomp"}]},{"@type":"WebSite","@id":"https:\/\/dosingpump.shop\/de\/#website","url":"https:\/\/dosingpump.shop\/de\/","name":"Dosing Pump Shop B.V.","description":"","publisher":{"@id":"https:\/\/dosingpump.shop\/de\/#organization"},"potentialAction":[{"@type":"SearchAction","target":{"@type":"EntryPoint","urlTemplate":"https:\/\/dosingpump.shop\/de\/?s={search_term_string}"},"query-input":{"@type":"PropertyValueSpecification","valueRequired":true,"valueName":"search_term_string"}}],"inLanguage":"fi"},{"@type":"Organization","@id":"https:\/\/dosingpump.shop\/de\/#organization","name":"Dosing Pump Shop B.V.","url":"https:\/\/dosingpump.shop\/de\/","logo":{"@type":"ImageObject","inLanguage":"fi","@id":"https:\/\/dosingpump.shop\/de\/#\/schema\/logo\/image\/","url":"https:\/\/dosingpump.shop\/wp-content\/uploads\/2024\/10\/Dosing-Pump-Shop-logo.png","contentUrl":"https:\/\/dosingpump.shop\/wp-content\/uploads\/2024\/10\/Dosing-Pump-Shop-logo.png","width":350,"height":45,"caption":"Dosing Pump Shop B.V."},"image":{"@id":"https:\/\/dosingpump.shop\/de\/#\/schema\/logo\/image\/"},"sameAs":["https:\/\/linkedin.com\/company\/dosing-pump-shop"]}]},"product_price_currency":"EUR","og_availability":"backorder","product_availability":"available for order","product_condition":"new"},"_links":{"self":[{"href":"https:\/\/dosingpump.shop\/fi\/wp-json\/wp\/v2\/product\/5297","targetHints":{"allow":["GET"]}}],"collection":[{"href":"https:\/\/dosingpump.shop\/fi\/wp-json\/wp\/v2\/product"}],"about":[{"href":"https:\/\/dosingpump.shop\/fi\/wp-json\/wp\/v2\/types\/product"}],"wp:featuredmedia":[{"embeddable":true,"href":"https:\/\/dosingpump.shop\/fi\/wp-json\/wp\/v2\/media\/5190"}],"wp:attachment":[{"href":"https:\/\/dosingpump.shop\/fi\/wp-json\/wp\/v2\/media?parent=5297"}],"wp:term":[{"taxonomy":"product_brand","embeddable":true,"href":"https:\/\/dosingpump.shop\/fi\/wp-json\/wp\/v2\/product_brand?post=5297"},{"taxonomy":"product_cat","embeddable":true,"href":"https:\/\/dosingpump.shop\/fi\/wp-json\/wp\/v2\/product_cat?post=5297"},{"taxonomy":"product_tag","embeddable":true,"href":"https:\/\/dosingpump.shop\/fi\/wp-json\/wp\/v2\/product_tag?post=5297"}],"curies":[{"name":"wp","href":"https:\/\/api.w.org\/{rel}","templated":true}]}}