{"id":5989,"date":"2025-01-22T10:33:42","date_gmt":"2025-01-22T10:33:42","guid":{"rendered":"https:\/\/dosingpump.shop\/product\/doseerinstallatie-voor-aluminiumsulfaat\/"},"modified":"2026-02-27T14:49:58","modified_gmt":"2026-02-27T12:49:58","slug":"alumiinisulfaatin-annosteluyksikko","status":"publish","type":"product","link":"https:\/\/dosingpump.shop\/fi\/product\/doseerinstallatie-voor-aluminiumsulfaat\/","title":{"rendered":"Alumiinisulfaatin annostelulaitos"},"content":{"rendered":"<h3>Alumiinisulfaatin annostelulaitos - 50 litraa<\/h3>\n<p>T\u00e4ss\u00e4 alumiinisulfaatin (Al2(SO4)3) annosteluj\u00e4rjestelm\u00e4ss\u00e4 on kaikki, mit\u00e4 tarvitset alumiinisulfaatin turvalliseen ja tehokkaaseen annosteluun. Olemme luonnollisesti ajatelleet kemiallista kest\u00e4vyytt\u00e4, jotta eri osat kest\u00e4v\u00e4t hyvin pitk\u00e4\u00e4n.<\/p>\n<p>S\u00e4ili\u00f6n tilavuus on vakiona 50 litraa. S\u00e4ili\u00f6 on varustettu imuputkella, joka on liitetty annostelupumppuun. Imulangassa on tasokoskettimet, jotka kytkev\u00e4t pumpun pois p\u00e4\u00e4lt\u00e4, kun s\u00e4ili\u00f6 on tyhj\u00e4. T\u00e4m\u00e4 on k\u00e4tev\u00e4\u00e4, koska se est\u00e4\u00e4 ilman p\u00e4\u00e4syn putkiin. Annostelupumppu voidaan asentaa s\u00e4ili\u00f6\u00f6n. T\u00e4m\u00e4n j\u00e4rjestelm\u00e4n komponentit toimitetaan erikseen. Asennus on helppoa, ja voimme tietenkin tukea sinua siin\u00e4.<\/p>\n<h3>Sis\u00e4lt\u00f6 Alumiinisulfaatin annostelulaitos<\/h3>\n<ul>\n<li>50 litran s\u00e4ili\u00f6, joka soveltuu alumiinisulfaatille.<\/li>\n<li>Emec K CL PLUS 08-08 (8 L\/tunti - 8 Bar) annostelupumppu, jossa on s\u00e4\u00e4dett\u00e4v\u00e4 iskunpituus ja taajuus.<\/li>\n<li>imuputki, jossa on tason s\u00e4\u00e4t\u00f6<\/li>\n<li>Ruiskutusventtiili ja annosteluletku<\/li>\n<\/ul>\n<p>T\u00e4m\u00e4n kloorin annosteluj\u00e4rjestelm\u00e4n osalta <b>valinnainen<\/b> saatavilla:<\/p>\n<ul>\n<li>Suurempi s\u00e4ili\u00f6 saatavana alkaen: 100, 200, 500 tai 1000 litraa.<\/li>\n<li>Kapasiteetti jopa 80 litraa tunnissa, kun pumppu on sijoitettu suoraan s\u00e4ili\u00f6\u00f6n.<\/li>\n<li>Kapasiteetti jopa 1 000 litraa tunnissa, kun pumppu on sijoitettu s\u00e4ili\u00f6n yl\u00e4puolella olevaa sein\u00e4\u00e4 vasten.<\/li>\n<li>4-20 mA ohjaus<\/li>\n<li>S\u00e4ili\u00f6n t\u00e4ytt\u00f6pumppu<\/li>\n<li>Sekoitin (manuaalinen tai automaattinen)<\/li>\n<li>Sopiva tippalautanen<\/li>\n<li>T\u00e4ysin koottu toimitus<\/li>\n<\/ul>","protected":false},"excerpt":{"rendered":"<p>T\u00e4ydellinen alumiinisulfaatin annosteluj\u00e4rjestelm\u00e4, johon kuuluu s\u00e4ili\u00f6, imuputki ja annostelupumppu. Tilavuus 50 litraa.<\/p>","protected":false},"featured_media":4432,"template":"","meta":[],"product_brand":[],"product_cat":[123],"product_tag":[],"class_list":{"0":"post-5989","1":"product","2":"type-product","3":"status-publish","4":"has-post-thumbnail","6":"product_cat-doseerinstallaties-voor-chemicalien","8":"first","9":"instock","10":"taxable","11":"shipping-taxable","12":"purchasable","13":"product-type-simple"},"yoast_head":"<!-- This site is optimized with the Yoast SEO plugin v27.2 - https:\/\/yoast.com\/product\/yoast-seo-wordpress\/ -->\n<title>Doseerinstallatie voor Aluminiumsulfaat | Dosing Pump Shop B.V.<\/title>\n<meta name=\"description\" content=\"Complete Doseerinstallatie voor Aluminiumsulfaat incl. tank, aanzuiglans en doseerpomp. Inhoud: 50 liter.\" \/>\n<meta name=\"robots\" content=\"index, follow, max-snippet:-1, max-image-preview:large, max-video-preview:-1\" \/>\n<link rel=\"canonical\" href=\"https:\/\/dosingpump.shop\/fi\/tuote\/alumiinisulfaatin-annosteluyksikko\/\" \/>\n<meta property=\"og:locale\" content=\"fi_FI\" \/>\n<meta property=\"og:type\" content=\"article\" \/>\n<meta property=\"og:title\" content=\"Doseerinstallatie voor Aluminiumsulfaat | Dosing Pump Shop B.V.\" \/>\n<meta property=\"og:description\" content=\"Complete Doseerinstallatie voor Aluminiumsulfaat incl. tank, aanzuiglans en doseerpomp. Inhoud: 50 liter.\" \/>\n<meta property=\"og:url\" content=\"https:\/\/dosingpump.shop\/fi\/tuote\/alumiinisulfaatin-annosteluyksikko\/\" \/>\n<meta property=\"og:site_name\" content=\"Dosing Pump Shop B.V.\" \/>\n<meta property=\"article:modified_time\" content=\"2026-02-27T12:49:58+00:00\" \/>\n<meta property=\"og:image\" content=\"https:\/\/dosingpump.shop\/wp-content\/uploads\/2024\/12\/waterstofperoxide-doseerinstallatie.webp\" \/>\n\t<meta property=\"og:image:width\" content=\"500\" \/>\n\t<meta property=\"og:image:height\" content=\"500\" \/>\n\t<meta property=\"og:image:type\" content=\"image\/webp\" \/>\n<meta name=\"twitter:card\" content=\"summary_large_image\" \/>\n<meta name=\"twitter:label1\" content=\"Hinta\" \/>\n\t<meta name=\"twitter:data1\" content=\"&euro;757,00\" \/>\n\t<meta name=\"twitter:label2\" content=\"Saatavuus\" \/>\n\t<meta name=\"twitter:data2\" content=\"Varastossa\" \/>\n<script type=\"application\/ld+json\" class=\"yoast-schema-graph\">{\"@context\":\"https:\/\/schema.org\",\"@graph\":[{\"@type\":\"WebPage\",\"@id\":\"https:\/\/dosingpump.shop\/de\/produkt\/dosiergerat-fur-aluminiumsulfat\/\",\"url\":\"https:\/\/dosingpump.shop\/de\/produkt\/dosiergerat-fur-aluminiumsulfat\/\",\"name\":\"Doseerinstallatie voor Aluminiumsulfaat | Dosing Pump Shop B.V.\",\"isPartOf\":{\"@id\":\"https:\/\/dosingpump.shop\/de\/#website\"},\"primaryImageOfPage\":{\"@id\":\"https:\/\/dosingpump.shop\/de\/produkt\/dosiergerat-fur-aluminiumsulfat\/#primaryimage\"},\"image\":{\"@id\":\"https:\/\/dosingpump.shop\/de\/produkt\/dosiergerat-fur-aluminiumsulfat\/#primaryimage\"},\"thumbnailUrl\":\"https:\/\/dosingpump.shop\/wp-content\/uploads\/2024\/12\/waterstofperoxide-doseerinstallatie.webp\",\"datePublished\":\"2025-01-22T10:33:42+00:00\",\"dateModified\":\"2026-02-27T12:49:58+00:00\",\"description\":\"Complete Doseerinstallatie voor Aluminiumsulfaat incl. tank, aanzuiglans en doseerpomp. Inhoud: 50 liter.\",\"breadcrumb\":{\"@id\":\"https:\/\/dosingpump.shop\/de\/produkt\/dosiergerat-fur-aluminiumsulfat\/#breadcrumb\"},\"inLanguage\":\"fi\",\"potentialAction\":[{\"@type\":\"ReadAction\",\"target\":[\"https:\/\/dosingpump.shop\/de\/produkt\/dosiergerat-fur-aluminiumsulfat\/\"]}]},{\"@type\":\"ImageObject\",\"inLanguage\":\"fi\",\"@id\":\"https:\/\/dosingpump.shop\/de\/produkt\/dosiergerat-fur-aluminiumsulfat\/#primaryimage\",\"url\":\"https:\/\/dosingpump.shop\/wp-content\/uploads\/2024\/12\/waterstofperoxide-doseerinstallatie.webp\",\"contentUrl\":\"https:\/\/dosingpump.shop\/wp-content\/uploads\/2024\/12\/waterstofperoxide-doseerinstallatie.webp\",\"width\":500,\"height\":500},{\"@type\":\"BreadcrumbList\",\"@id\":\"https:\/\/dosingpump.shop\/de\/produkt\/dosiergerat-fur-aluminiumsulfat\/#breadcrumb\",\"itemListElement\":[{\"@type\":\"ListItem\",\"position\":1,\"name\":\"Home\",\"item\":\"https:\/\/dosingpump.shop\/\"},{\"@type\":\"ListItem\",\"position\":2,\"name\":\"Shop\",\"item\":\"https:\/\/dosingpump.shop\/de\/shop\/\"},{\"@type\":\"ListItem\",\"position\":3,\"name\":\"Doseerinstallatie voor Aluminiumsulfaat\"}]},{\"@type\":\"WebSite\",\"@id\":\"https:\/\/dosingpump.shop\/de\/#website\",\"url\":\"https:\/\/dosingpump.shop\/de\/\",\"name\":\"Dosing Pump Shop B.V.\",\"description\":\"\",\"publisher\":{\"@id\":\"https:\/\/dosingpump.shop\/de\/#organization\"},\"potentialAction\":[{\"@type\":\"SearchAction\",\"target\":{\"@type\":\"EntryPoint\",\"urlTemplate\":\"https:\/\/dosingpump.shop\/de\/?s={search_term_string}\"},\"query-input\":{\"@type\":\"PropertyValueSpecification\",\"valueRequired\":true,\"valueName\":\"search_term_string\"}}],\"inLanguage\":\"fi\"},{\"@type\":\"Organization\",\"@id\":\"https:\/\/dosingpump.shop\/de\/#organization\",\"name\":\"Dosing Pump Shop B.V.\",\"url\":\"https:\/\/dosingpump.shop\/de\/\",\"logo\":{\"@type\":\"ImageObject\",\"inLanguage\":\"fi\",\"@id\":\"https:\/\/dosingpump.shop\/de\/#\/schema\/logo\/image\/\",\"url\":\"https:\/\/dosingpump.shop\/wp-content\/uploads\/2024\/10\/Dosing-Pump-Shop-logo.png\",\"contentUrl\":\"https:\/\/dosingpump.shop\/wp-content\/uploads\/2024\/10\/Dosing-Pump-Shop-logo.png\",\"width\":350,\"height\":45,\"caption\":\"Dosing Pump Shop B.V.\"},\"image\":{\"@id\":\"https:\/\/dosingpump.shop\/de\/#\/schema\/logo\/image\/\"},\"sameAs\":[\"https:\/\/linkedin.com\/company\/dosing-pump-shop\"]}]}<\/script>\n<meta property=\"product:price:amount\" content=\"757.00\" \/>\n<meta property=\"product:price:currency\" content=\"EUR\" \/>\n<meta property=\"og:availability\" content=\"instock\" \/>\n<meta property=\"product:availability\" content=\"instock\" \/>\n<meta property=\"product:retailer_item_id\" content=\"doseerinstalatie-Aluminiumsulfaat\" \/>\n<meta property=\"product:condition\" content=\"new\" \/>\n<!-- \/ Yoast SEO plugin. -->","yoast_head_json":{"title":"Alumiinisulfaatin annostelulaitteisto | Dosing Pump Shop B.V.","description":"T\u00e4ydellinen alumiinisulfaatin annostelulaitos, johon sis\u00e4ltyy s\u00e4ili\u00f6, imuputki ja annostelupumppu. Tilavuus: 50 litraa.","robots":{"index":"index","follow":"follow","max-snippet":"max-snippet:-1","max-image-preview":"max-image-preview:large","max-video-preview":"max-video-preview:-1"},"canonical":"https:\/\/dosingpump.shop\/fi\/tuote\/alumiinisulfaatin-annosteluyksikko\/","og_locale":"fi_FI","og_type":"article","og_title":"Doseerinstallatie voor Aluminiumsulfaat | Dosing Pump Shop B.V.","og_description":"Complete Doseerinstallatie voor Aluminiumsulfaat incl. tank, aanzuiglans en doseerpomp. Inhoud: 50 liter.","og_url":"https:\/\/dosingpump.shop\/fi\/tuote\/alumiinisulfaatin-annosteluyksikko\/","og_site_name":"Dosing Pump Shop B.V.","article_modified_time":"2026-02-27T12:49:58+00:00","og_image":[{"width":500,"height":500,"url":"https:\/\/dosingpump.shop\/wp-content\/uploads\/2024\/12\/waterstofperoxide-doseerinstallatie.webp","type":"image\/webp"}],"twitter_card":"summary_large_image","twitter_misc":{"Hinta":"&euro;757,00","Saatavuus":"Varastossa"},"schema":{"@context":"https:\/\/schema.org","@graph":[{"@type":"WebPage","@id":"https:\/\/dosingpump.shop\/de\/produkt\/dosiergerat-fur-aluminiumsulfat\/","url":"https:\/\/dosingpump.shop\/de\/produkt\/dosiergerat-fur-aluminiumsulfat\/","name":"Alumiinisulfaatin annostelulaitteisto | Dosing Pump Shop B.V.","isPartOf":{"@id":"https:\/\/dosingpump.shop\/de\/#website"},"primaryImageOfPage":{"@id":"https:\/\/dosingpump.shop\/de\/produkt\/dosiergerat-fur-aluminiumsulfat\/#primaryimage"},"image":{"@id":"https:\/\/dosingpump.shop\/de\/produkt\/dosiergerat-fur-aluminiumsulfat\/#primaryimage"},"thumbnailUrl":"https:\/\/dosingpump.shop\/wp-content\/uploads\/2024\/12\/waterstofperoxide-doseerinstallatie.webp","datePublished":"2025-01-22T10:33:42+00:00","dateModified":"2026-02-27T12:49:58+00:00","description":"T\u00e4ydellinen alumiinisulfaatin annostelulaitos, johon sis\u00e4ltyy s\u00e4ili\u00f6, imuputki ja annostelupumppu. Tilavuus: 50 litraa.","breadcrumb":{"@id":"https:\/\/dosingpump.shop\/de\/produkt\/dosiergerat-fur-aluminiumsulfat\/#breadcrumb"},"inLanguage":"fi","potentialAction":[{"@type":"ReadAction","target":["https:\/\/dosingpump.shop\/de\/produkt\/dosiergerat-fur-aluminiumsulfat\/"]}]},{"@type":"ImageObject","inLanguage":"fi","@id":"https:\/\/dosingpump.shop\/de\/produkt\/dosiergerat-fur-aluminiumsulfat\/#primaryimage","url":"https:\/\/dosingpump.shop\/wp-content\/uploads\/2024\/12\/waterstofperoxide-doseerinstallatie.webp","contentUrl":"https:\/\/dosingpump.shop\/wp-content\/uploads\/2024\/12\/waterstofperoxide-doseerinstallatie.webp","width":500,"height":500},{"@type":"BreadcrumbList","@id":"https:\/\/dosingpump.shop\/de\/produkt\/dosiergerat-fur-aluminiumsulfat\/#breadcrumb","itemListElement":[{"@type":"ListItem","position":1,"name":"Home","item":"https:\/\/dosingpump.shop\/"},{"@type":"ListItem","position":2,"name":"Shop","item":"https:\/\/dosingpump.shop\/de\/shop\/"},{"@type":"ListItem","position":3,"name":"Doseerinstallatie voor Aluminiumsulfaat"}]},{"@type":"WebSite","@id":"https:\/\/dosingpump.shop\/de\/#website","url":"https:\/\/dosingpump.shop\/de\/","name":"Dosing Pump Shop B.V.","description":"","publisher":{"@id":"https:\/\/dosingpump.shop\/de\/#organization"},"potentialAction":[{"@type":"SearchAction","target":{"@type":"EntryPoint","urlTemplate":"https:\/\/dosingpump.shop\/de\/?s={search_term_string}"},"query-input":{"@type":"PropertyValueSpecification","valueRequired":true,"valueName":"search_term_string"}}],"inLanguage":"fi"},{"@type":"Organization","@id":"https:\/\/dosingpump.shop\/de\/#organization","name":"Dosing Pump Shop B.V.","url":"https:\/\/dosingpump.shop\/de\/","logo":{"@type":"ImageObject","inLanguage":"fi","@id":"https:\/\/dosingpump.shop\/de\/#\/schema\/logo\/image\/","url":"https:\/\/dosingpump.shop\/wp-content\/uploads\/2024\/10\/Dosing-Pump-Shop-logo.png","contentUrl":"https:\/\/dosingpump.shop\/wp-content\/uploads\/2024\/10\/Dosing-Pump-Shop-logo.png","width":350,"height":45,"caption":"Dosing Pump Shop B.V."},"image":{"@id":"https:\/\/dosingpump.shop\/de\/#\/schema\/logo\/image\/"},"sameAs":["https:\/\/linkedin.com\/company\/dosing-pump-shop"]}]},"product_price_amount":"757.00","product_price_currency":"EUR","og_availability":"instock","product_availability":"instock","product_retailer_item_id":"doseerinstalatie-Aluminiumsulfaat","product_condition":"new"},"_links":{"self":[{"href":"https:\/\/dosingpump.shop\/fi\/wp-json\/wp\/v2\/product\/5989","targetHints":{"allow":["GET"]}}],"collection":[{"href":"https:\/\/dosingpump.shop\/fi\/wp-json\/wp\/v2\/product"}],"about":[{"href":"https:\/\/dosingpump.shop\/fi\/wp-json\/wp\/v2\/types\/product"}],"wp:featuredmedia":[{"embeddable":true,"href":"https:\/\/dosingpump.shop\/fi\/wp-json\/wp\/v2\/media\/4432"}],"wp:attachment":[{"href":"https:\/\/dosingpump.shop\/fi\/wp-json\/wp\/v2\/media?parent=5989"}],"wp:term":[{"taxonomy":"product_brand","embeddable":true,"href":"https:\/\/dosingpump.shop\/fi\/wp-json\/wp\/v2\/product_brand?post=5989"},{"taxonomy":"product_cat","embeddable":true,"href":"https:\/\/dosingpump.shop\/fi\/wp-json\/wp\/v2\/product_cat?post=5989"},{"taxonomy":"product_tag","embeddable":true,"href":"https:\/\/dosingpump.shop\/fi\/wp-json\/wp\/v2\/product_tag?post=5989"}],"curies":[{"name":"wp","href":"https:\/\/api.w.org\/{rel}","templated":true}]}}