{"id":6520,"date":"2025-01-29T13:36:38","date_gmt":"2025-01-29T13:36:38","guid":{"rendered":"https:\/\/dosingpump.shop\/?post_type=product&#038;p=6520"},"modified":"2026-02-27T14:50:19","modified_gmt":"2026-02-27T12:50:19","slug":"emec-ams-cl-plus-07-20-pmmaep","status":"publish","type":"product","link":"https:\/\/dosingpump.shop\/fi\/product\/emec-ams-cl-plus-07-20-pmmaep\/","title":{"rendered":"Emec AMS CL PLUS 07-20 PMMA+EP Emec AMS CL PLUS 07-20 PMMA + EP"},"content":{"rendered":"<p>Emec AMS CL PLUS 07-20 PMMA+EP on edistyksellinen annostelupumppu, joka tarjoaa erinomaista tarkkuutta ja luotettavuutta erilaisissa sovelluksissa. T\u00e4m\u00e4 malli toimii vakiotilassa, ja se on suunniteltu teollisuudenaloille, joilla tarkka annostelu on v\u00e4ltt\u00e4m\u00e4t\u00f6nt\u00e4, kuten vedenk\u00e4sittely, kemialliset prosessit ja maatalous. Edistyksellinen tasons\u00e4\u00e4t\u00f6 pit\u00e4\u00e4 pumpun toiminnan tasaisena kuormituksen tai ymp\u00e4rist\u00f6n vaihteluista riippumatta.<\/p>\n<p>T\u00e4m\u00e4 annostelupumppu voi annostella 20 litraa tunnissa 7 baarin paineella. Sen PMMA- (polymetyylimetakrylaatti) ja EP- (etyleeni-propeenikumi) rakenne lis\u00e4\u00e4 kemikaalien kest\u00e4vyytt\u00e4 ja kest\u00e4vyytt\u00e4. Materiaalin ansiosta pumppu soveltuu aggressiivisille nesteille ja pitk\u00e4aikaiseen k\u00e4ytt\u00f6\u00f6n ilman suorituskyvyn heikkenemist\u00e4.<\/p>\n<p>Muiden AMS CL PLUS -sarjan mallien tapaan t\u00e4m\u00e4 pumppu on varustettu t\u00e4ydellisell\u00e4 PTFE-kalvolla, joka takaa pitk\u00e4n k\u00e4ytt\u00f6i\u00e4n ja minimaaliset huoltotarpeet. Ostaessasi saat t\u00e4ydellisen paketin, joka sis\u00e4lt\u00e4\u00e4 imusuodattimen, ruiskutusventtiilin ja letkun, joten voit aloittaa heti.<\/p>\n<h4><strong>Emec AMS CL PLUS 07-20 PMMA+EP:n t\u00e4rkeimm\u00e4t ominaisuudet:<\/strong><\/h4>\n<ul>\n<li><strong>20 l\/h 7 baarin paineessa<\/strong> - Suuri kapasiteetti ja paine erilaisiin sovelluksiin<\/li>\n<li><strong>PMMA- ja EP-materiaalit<\/strong> - Erinomainen kemiallinen kest\u00e4vyys<\/li>\n<li><strong>T\u00e4ysi PTFE-kalvo<\/strong> - Kest\u00e4v\u00e4 ja v\u00e4h\u00e4n huoltoa vaativa<\/li>\n<li><strong>S\u00e4\u00e4dett\u00e4v\u00e4 iskutiheys ja iskutilavuus<\/strong> - Tarkka annostuksen s\u00e4\u00e4t\u00f6<\/li>\n<li><strong>T\u00e4ydellinen asennussarja mukana<\/strong> - V\u00e4litt\u00f6m\u00e4sti k\u00e4ytt\u00f6valmis<\/li>\n<\/ul>\n<p>Koska Emec AMS CL PLUS 07-20 PMMA+EP tarjoaa mahdollisuuden s\u00e4\u00e4t\u00e4\u00e4 sek\u00e4 iskutiheytt\u00e4 ett\u00e4 iskutilavuutta, se tarjoaa maksimaalisen joustavuuden ja hallinnan. T\u00e4m\u00e4n ansiosta pumppu sopii t\u00e4ydellisesti tarkkaan ja vakaaseen annosteluun vaativissa teollisuusprosesseissa.<\/p>\n<p>Haluatko tiet\u00e4\u00e4, sopiiko t\u00e4m\u00e4 pumppu sovellukseesi? Autamme sinua mielell\u00e4mme asiantuntevilla neuvoilla ja oikealla kokoonpanolla.<\/p>","protected":false},"excerpt":{"rendered":"<p>The\u00a0<a href=\"https:\/\/dosingpump.shop\/de\/produkt\/emec-ams-cl-plus-dosierpumpe\/\">AMS CL PLUS<\/a>\u00a0on kehittynyt j\u00e4rjestelm\u00e4, joka toimii vakiotilassa. Se tuottaa halutun suorituskyvyn tarkalla tasons\u00e4\u00e4d\u00f6ll\u00e4.<\/p>\n<ul>\n<li>Jatkuva annostelu<\/li>\n<li>Toimitetaan t\u00e4ydellisen\u00e4<\/li>\n<li>T\u00e4ysi PTFE-kalvo<\/li>\n<\/ul>","protected":false},"featured_media":5190,"template":"","meta":[],"product_brand":[],"product_cat":[85],"product_tag":[],"class_list":{"0":"post-6520","1":"product","2":"type-product","3":"status-publish","4":"has-post-thumbnail","6":"product_cat-assortiment","8":"first","9":"onbackorder","10":"taxable","11":"shipping-taxable","12":"purchasable","13":"product-type-simple"},"yoast_head":"<!-- This site is optimized with the Yoast SEO plugin v27.2 - https:\/\/yoast.com\/product\/yoast-seo-wordpress\/ -->\n<title>Emec AMS CL PLUS 07-20 PMMA+EP | Dosing Pump Shop B.V.<\/title>\n<meta name=\"robots\" content=\"index, follow, max-snippet:-1, max-image-preview:large, max-video-preview:-1\" \/>\n<link rel=\"canonical\" href=\"https:\/\/dosingpump.shop\/fi\/tuote\/emec-ams-cl-plus-07-20-pmmaep\/\" \/>\n<meta property=\"og:locale\" content=\"fi_FI\" \/>\n<meta property=\"og:type\" content=\"article\" \/>\n<meta property=\"og:title\" content=\"Emec AMS CL PLUS 07-20 PMMA+EP | Dosing Pump Shop B.V.\" \/>\n<meta property=\"og:description\" content=\"De\u00a0AMS CL PLUS\u00a0is een geavanceerd systeem dat werkt in een constante modus. Het levert gewenste prestaties met nauwkeurige niveauregeling.   Continu doseren  Compleet geleverd  Vol PTFE membraan\" \/>\n<meta property=\"og:url\" content=\"https:\/\/dosingpump.shop\/fi\/tuote\/emec-ams-cl-plus-07-20-pmmaep\/\" \/>\n<meta property=\"og:site_name\" content=\"Dosing Pump Shop B.V.\" \/>\n<meta property=\"article:modified_time\" content=\"2026-02-27T12:50:19+00:00\" \/>\n<meta property=\"og:image\" content=\"https:\/\/dosingpump.shop\/wp-content\/uploads\/2024\/12\/Emec-AMS-Series.webp\" \/>\n\t<meta property=\"og:image:width\" content=\"600\" \/>\n\t<meta property=\"og:image:height\" content=\"600\" \/>\n\t<meta property=\"og:image:type\" content=\"image\/webp\" \/>\n<meta name=\"twitter:card\" content=\"summary_large_image\" \/>\n<meta name=\"twitter:label1\" content=\"Hinta\" \/>\n\t<meta name=\"twitter:data1\" content=\"&euro;893,00\" \/>\n\t<meta name=\"twitter:label2\" content=\"Saatavuus\" \/>\n\t<meta name=\"twitter:data2\" content=\"J\u00e4lkitoimituksessa\" \/>\n<script type=\"application\/ld+json\" class=\"yoast-schema-graph\">{\"@context\":\"https:\/\/schema.org\",\"@graph\":[{\"@type\":\"WebPage\",\"@id\":\"https:\/\/dosingpump.shop\/pl\/produkt-2\/emec-ams-cl-plus-07-20-pmmaep\/\",\"url\":\"https:\/\/dosingpump.shop\/pl\/produkt-2\/emec-ams-cl-plus-07-20-pmmaep\/\",\"name\":\"Emec AMS CL PLUS 07-20 PMMA+EP | Dosing Pump Shop B.V.\",\"isPartOf\":{\"@id\":\"https:\/\/dosingpump.shop\/de\/#website\"},\"primaryImageOfPage\":{\"@id\":\"https:\/\/dosingpump.shop\/pl\/produkt-2\/emec-ams-cl-plus-07-20-pmmaep\/#primaryimage\"},\"image\":{\"@id\":\"https:\/\/dosingpump.shop\/pl\/produkt-2\/emec-ams-cl-plus-07-20-pmmaep\/#primaryimage\"},\"thumbnailUrl\":\"https:\/\/dosingpump.shop\/wp-content\/uploads\/2024\/12\/Emec-AMS-Series.webp\",\"datePublished\":\"2025-01-29T13:36:38+00:00\",\"dateModified\":\"2026-02-27T12:50:19+00:00\",\"breadcrumb\":{\"@id\":\"https:\/\/dosingpump.shop\/pl\/produkt-2\/emec-ams-cl-plus-07-20-pmmaep\/#breadcrumb\"},\"inLanguage\":\"fi\",\"potentialAction\":[{\"@type\":\"ReadAction\",\"target\":[\"https:\/\/dosingpump.shop\/pl\/produkt-2\/emec-ams-cl-plus-07-20-pmmaep\/\"]}]},{\"@type\":\"ImageObject\",\"inLanguage\":\"fi\",\"@id\":\"https:\/\/dosingpump.shop\/pl\/produkt-2\/emec-ams-cl-plus-07-20-pmmaep\/#primaryimage\",\"url\":\"https:\/\/dosingpump.shop\/wp-content\/uploads\/2024\/12\/Emec-AMS-Series.webp\",\"contentUrl\":\"https:\/\/dosingpump.shop\/wp-content\/uploads\/2024\/12\/Emec-AMS-Series.webp\",\"width\":600,\"height\":600},{\"@type\":\"BreadcrumbList\",\"@id\":\"https:\/\/dosingpump.shop\/pl\/produkt-2\/emec-ams-cl-plus-07-20-pmmaep\/#breadcrumb\",\"itemListElement\":[{\"@type\":\"ListItem\",\"position\":1,\"name\":\"Home\",\"item\":\"https:\/\/dosingpump.shop\/\"},{\"@type\":\"ListItem\",\"position\":2,\"name\":\"Shop\",\"item\":\"https:\/\/dosingpump.shop\/de\/shop\/\"},{\"@type\":\"ListItem\",\"position\":3,\"name\":\"Emec AMS CL PLUS 07-20 PMMA+EP\"}]},{\"@type\":\"WebSite\",\"@id\":\"https:\/\/dosingpump.shop\/de\/#website\",\"url\":\"https:\/\/dosingpump.shop\/de\/\",\"name\":\"Dosing Pump Shop B.V.\",\"description\":\"\",\"publisher\":{\"@id\":\"https:\/\/dosingpump.shop\/de\/#organization\"},\"potentialAction\":[{\"@type\":\"SearchAction\",\"target\":{\"@type\":\"EntryPoint\",\"urlTemplate\":\"https:\/\/dosingpump.shop\/de\/?s={search_term_string}\"},\"query-input\":{\"@type\":\"PropertyValueSpecification\",\"valueRequired\":true,\"valueName\":\"search_term_string\"}}],\"inLanguage\":\"fi\"},{\"@type\":\"Organization\",\"@id\":\"https:\/\/dosingpump.shop\/de\/#organization\",\"name\":\"Dosing Pump Shop B.V.\",\"url\":\"https:\/\/dosingpump.shop\/de\/\",\"logo\":{\"@type\":\"ImageObject\",\"inLanguage\":\"fi\",\"@id\":\"https:\/\/dosingpump.shop\/de\/#\/schema\/logo\/image\/\",\"url\":\"https:\/\/dosingpump.shop\/wp-content\/uploads\/2024\/10\/Dosing-Pump-Shop-logo.png\",\"contentUrl\":\"https:\/\/dosingpump.shop\/wp-content\/uploads\/2024\/10\/Dosing-Pump-Shop-logo.png\",\"width\":350,\"height\":45,\"caption\":\"Dosing Pump Shop B.V.\"},\"image\":{\"@id\":\"https:\/\/dosingpump.shop\/de\/#\/schema\/logo\/image\/\"},\"sameAs\":[\"https:\/\/linkedin.com\/company\/dosing-pump-shop\"]}]}<\/script>\n<meta property=\"product:price:amount\" content=\"893.00\" \/>\n<meta property=\"product:price:currency\" content=\"EUR\" \/>\n<meta property=\"og:availability\" content=\"backorder\" \/>\n<meta property=\"product:availability\" content=\"available for order\" \/>\n<meta property=\"product:retailer_item_id\" content=\"ACP07020D0000GBSA000\" \/>\n<meta property=\"product:condition\" content=\"new\" \/>\n<!-- \/ Yoast SEO plugin. -->","yoast_head_json":{"title":"Emec AMS CL PLUS 07-20 PMMA+EP | Dosing Pump Shop B.V.","robots":{"index":"index","follow":"follow","max-snippet":"max-snippet:-1","max-image-preview":"max-image-preview:large","max-video-preview":"max-video-preview:-1"},"canonical":"https:\/\/dosingpump.shop\/fi\/tuote\/emec-ams-cl-plus-07-20-pmmaep\/","og_locale":"fi_FI","og_type":"article","og_title":"Emec AMS CL PLUS 07-20 PMMA+EP | Dosing Pump Shop B.V.","og_description":"De\u00a0AMS CL PLUS\u00a0is een geavanceerd systeem dat werkt in een constante modus. Het levert gewenste prestaties met nauwkeurige niveauregeling.   Continu doseren  Compleet geleverd  Vol PTFE membraan","og_url":"https:\/\/dosingpump.shop\/fi\/tuote\/emec-ams-cl-plus-07-20-pmmaep\/","og_site_name":"Dosing Pump Shop B.V.","article_modified_time":"2026-02-27T12:50:19+00:00","og_image":[{"width":600,"height":600,"url":"https:\/\/dosingpump.shop\/wp-content\/uploads\/2024\/12\/Emec-AMS-Series.webp","type":"image\/webp"}],"twitter_card":"summary_large_image","twitter_misc":{"Hinta":"&euro;893,00","Saatavuus":"J\u00e4lkitoimituksessa"},"schema":{"@context":"https:\/\/schema.org","@graph":[{"@type":"WebPage","@id":"https:\/\/dosingpump.shop\/pl\/produkt-2\/emec-ams-cl-plus-07-20-pmmaep\/","url":"https:\/\/dosingpump.shop\/pl\/produkt-2\/emec-ams-cl-plus-07-20-pmmaep\/","name":"Emec AMS CL PLUS 07-20 PMMA+EP | Dosing Pump Shop B.V.","isPartOf":{"@id":"https:\/\/dosingpump.shop\/de\/#website"},"primaryImageOfPage":{"@id":"https:\/\/dosingpump.shop\/pl\/produkt-2\/emec-ams-cl-plus-07-20-pmmaep\/#primaryimage"},"image":{"@id":"https:\/\/dosingpump.shop\/pl\/produkt-2\/emec-ams-cl-plus-07-20-pmmaep\/#primaryimage"},"thumbnailUrl":"https:\/\/dosingpump.shop\/wp-content\/uploads\/2024\/12\/Emec-AMS-Series.webp","datePublished":"2025-01-29T13:36:38+00:00","dateModified":"2026-02-27T12:50:19+00:00","breadcrumb":{"@id":"https:\/\/dosingpump.shop\/pl\/produkt-2\/emec-ams-cl-plus-07-20-pmmaep\/#breadcrumb"},"inLanguage":"fi","potentialAction":[{"@type":"ReadAction","target":["https:\/\/dosingpump.shop\/pl\/produkt-2\/emec-ams-cl-plus-07-20-pmmaep\/"]}]},{"@type":"ImageObject","inLanguage":"fi","@id":"https:\/\/dosingpump.shop\/pl\/produkt-2\/emec-ams-cl-plus-07-20-pmmaep\/#primaryimage","url":"https:\/\/dosingpump.shop\/wp-content\/uploads\/2024\/12\/Emec-AMS-Series.webp","contentUrl":"https:\/\/dosingpump.shop\/wp-content\/uploads\/2024\/12\/Emec-AMS-Series.webp","width":600,"height":600},{"@type":"BreadcrumbList","@id":"https:\/\/dosingpump.shop\/pl\/produkt-2\/emec-ams-cl-plus-07-20-pmmaep\/#breadcrumb","itemListElement":[{"@type":"ListItem","position":1,"name":"Home","item":"https:\/\/dosingpump.shop\/"},{"@type":"ListItem","position":2,"name":"Shop","item":"https:\/\/dosingpump.shop\/de\/shop\/"},{"@type":"ListItem","position":3,"name":"Emec AMS CL PLUS 07-20 PMMA+EP"}]},{"@type":"WebSite","@id":"https:\/\/dosingpump.shop\/de\/#website","url":"https:\/\/dosingpump.shop\/de\/","name":"Dosing Pump Shop B.V.","description":"","publisher":{"@id":"https:\/\/dosingpump.shop\/de\/#organization"},"potentialAction":[{"@type":"SearchAction","target":{"@type":"EntryPoint","urlTemplate":"https:\/\/dosingpump.shop\/de\/?s={search_term_string}"},"query-input":{"@type":"PropertyValueSpecification","valueRequired":true,"valueName":"search_term_string"}}],"inLanguage":"fi"},{"@type":"Organization","@id":"https:\/\/dosingpump.shop\/de\/#organization","name":"Dosing Pump Shop B.V.","url":"https:\/\/dosingpump.shop\/de\/","logo":{"@type":"ImageObject","inLanguage":"fi","@id":"https:\/\/dosingpump.shop\/de\/#\/schema\/logo\/image\/","url":"https:\/\/dosingpump.shop\/wp-content\/uploads\/2024\/10\/Dosing-Pump-Shop-logo.png","contentUrl":"https:\/\/dosingpump.shop\/wp-content\/uploads\/2024\/10\/Dosing-Pump-Shop-logo.png","width":350,"height":45,"caption":"Dosing Pump Shop B.V."},"image":{"@id":"https:\/\/dosingpump.shop\/de\/#\/schema\/logo\/image\/"},"sameAs":["https:\/\/linkedin.com\/company\/dosing-pump-shop"]}]},"product_price_amount":"893.00","product_price_currency":"EUR","og_availability":"backorder","product_availability":"available for order","product_retailer_item_id":"ACP07020D0000GBSA000","product_condition":"new"},"_links":{"self":[{"href":"https:\/\/dosingpump.shop\/fi\/wp-json\/wp\/v2\/product\/6520","targetHints":{"allow":["GET"]}}],"collection":[{"href":"https:\/\/dosingpump.shop\/fi\/wp-json\/wp\/v2\/product"}],"about":[{"href":"https:\/\/dosingpump.shop\/fi\/wp-json\/wp\/v2\/types\/product"}],"wp:featuredmedia":[{"embeddable":true,"href":"https:\/\/dosingpump.shop\/fi\/wp-json\/wp\/v2\/media\/5190"}],"wp:attachment":[{"href":"https:\/\/dosingpump.shop\/fi\/wp-json\/wp\/v2\/media?parent=6520"}],"wp:term":[{"taxonomy":"product_brand","embeddable":true,"href":"https:\/\/dosingpump.shop\/fi\/wp-json\/wp\/v2\/product_brand?post=6520"},{"taxonomy":"product_cat","embeddable":true,"href":"https:\/\/dosingpump.shop\/fi\/wp-json\/wp\/v2\/product_cat?post=6520"},{"taxonomy":"product_tag","embeddable":true,"href":"https:\/\/dosingpump.shop\/fi\/wp-json\/wp\/v2\/product_tag?post=6520"}],"curies":[{"name":"wp","href":"https:\/\/api.w.org\/{rel}","templated":true}]}}