{"id":6846,"date":"2025-04-18T14:33:47","date_gmt":"2025-04-18T14:33:47","guid":{"rendered":"https:\/\/dosingpump.shop\/?post_type=product&#038;p=6846"},"modified":"2026-02-27T14:50:22","modified_gmt":"2026-02-27T12:50:22","slug":"vesimittari-ctfi-25-1-1i-10l","status":"publish","type":"product","link":"https:\/\/dosingpump.shop\/fi\/product\/watermeter-ctfi-25-1-1i-10l\/","title":{"rendered":"Vesimittari CTFI-25 1\" 1i\/10L"},"content":{"rendered":"<p class=\"\" data-start=\"118\" data-end=\"457\">The <strong data-start=\"121\" data-end=\"137\">Emec CTFI-25<\/strong> on vankka pulssil\u00e4hd\u00f6ll\u00e4 varustettu turbiinivesimittari, joka on suunniteltu kylm\u00e4n veden tarkkaan mittaamiseen erilaisissa teollisissa sovelluksissa. T\u00e4ss\u00e4 vesimittarissa on luotettava reed-koskettimella varustettu pulssil\u00e4ht\u00f6, jonka ansiosta se voi olla vaivatta yhteydess\u00e4 mittauspumppuihin, ohjaimiin tai muuhun prosessiautomaatioon.<\/p>\n<p class=\"\" data-start=\"459\" data-end=\"812\">Kest\u00e4v\u00e4n messinkikotelonsa ja kompaktin rakenteensa ansiosta CTFI-25 soveltuu asennettavaksi laitteisiin, joissa tilaa on v\u00e4h\u00e4n mutta luotettavuus on t\u00e4rke\u00e4\u00e4. Se mittaa virtausnopeuden suurella tarkkuudella ja muuntaa sen s\u00e4\u00e4dett\u00e4v\u00e4ksi s\u00e4hk\u00f6iseksi pulssisignaaliksi, mik\u00e4 mahdollistaa tarkan ja suhteutetun annostelun.<\/p>\n<p class=\"\" data-start=\"814\" data-end=\"1200\">CTFI-25 soveltuu erityisesti sovelluksiin, joissa kylm\u00e4\u00e4 vett\u00e4 on mitattava ja s\u00e4\u00e4dett\u00e4v\u00e4, kuten vedenk\u00e4sittelyj\u00e4rjestelmiss\u00e4, j\u00e4\u00e4hdytystorneissa ja prosessilaitoksissa. Sen yhteensopivuus monenlaisten ohjausj\u00e4rjestelmien ja mittauspumppujen kanssa tekee siit\u00e4 joustavan valinnan insin\u00f6\u00f6reille ja asentajille, jotka etsiv\u00e4t tarkkaa ja luotettavaa virtauksens\u00e4\u00e4t\u00f6ratkaisua.<\/p>","protected":false},"excerpt":{"rendered":"<ul>\n<li>Vesimittarin k\u00e4ytt\u00f6 kylm\u00e4\u00e4 vett\u00e4 varten<\/li>\n<li>Ilman kuivaa asteikkoa<\/li>\n<li>Ei teflonpinnoitetta<\/li>\n<\/ul>","protected":false},"featured_media":6829,"template":"","meta":[],"product_brand":[],"product_cat":[34,40],"product_tag":[],"class_list":{"0":"post-6846","1":"product","2":"type-product","3":"status-publish","4":"has-post-thumbnail","6":"product_cat-accessoires","7":"product_cat-watermeter-met-pulsgever","9":"first","10":"instock","11":"taxable","12":"shipping-taxable","13":"purchasable","14":"product-type-simple"},"yoast_head":"<!-- This site is optimized with the Yoast SEO plugin v27.2 - https:\/\/yoast.com\/product\/yoast-seo-wordpress\/ -->\n<title>Watermeter CTFI-25 1&#039;&#039; 1i\/10L - Dosing Pump Shop B.V.<\/title>\n<meta name=\"robots\" content=\"index, follow, max-snippet:-1, max-image-preview:large, max-video-preview:-1\" \/>\n<link rel=\"canonical\" href=\"https:\/\/dosingpump.shop\/fi\/tuote\/vesimittari-ctfi-25-1-1i-10l\/\" \/>\n<meta property=\"og:locale\" content=\"fi_FI\" \/>\n<meta property=\"og:type\" content=\"article\" \/>\n<meta property=\"og:title\" content=\"Watermeter CTFI-25 1&#039;&#039; 1i\/10L - Dosing Pump Shop B.V.\" \/>\n<meta property=\"og:description\" content=\"Watermeter gebruik voor koud water  Zonder droge wijzerplaat  Geen Teflon coating\" \/>\n<meta property=\"og:url\" content=\"https:\/\/dosingpump.shop\/fi\/tuote\/vesimittari-ctfi-25-1-1i-10l\/\" \/>\n<meta property=\"og:site_name\" content=\"Dosing Pump Shop B.V.\" \/>\n<meta property=\"article:modified_time\" content=\"2026-02-27T12:50:22+00:00\" \/>\n<meta property=\"og:image\" content=\"https:\/\/dosingpump.shop\/wp-content\/uploads\/2025\/04\/Emec-CTFI.png\" \/>\n\t<meta property=\"og:image:width\" content=\"500\" \/>\n\t<meta property=\"og:image:height\" content=\"500\" \/>\n\t<meta property=\"og:image:type\" content=\"image\/png\" \/>\n<meta name=\"twitter:card\" content=\"summary_large_image\" \/>\n<meta name=\"twitter:label1\" content=\"Hinta\" \/>\n\t<meta name=\"twitter:data1\" content=\"&euro;200,00\" \/>\n\t<meta name=\"twitter:label2\" content=\"Saatavuus\" \/>\n\t<meta name=\"twitter:data2\" content=\"Varastossa\" \/>\n<script type=\"application\/ld+json\" class=\"yoast-schema-graph\">{\"@context\":\"https:\/\/schema.org\",\"@graph\":[{\"@type\":\"WebPage\",\"@id\":\"https:\/\/dosingpump.shop\/product\/watermeter-ctfi-25-1-1i-10l\/\",\"url\":\"https:\/\/dosingpump.shop\/product\/watermeter-ctfi-25-1-1i-10l\/\",\"name\":\"Watermeter CTFI-25 1'' 1i\/10L - Dosing Pump Shop B.V.\",\"isPartOf\":{\"@id\":\"https:\/\/dosingpump.shop\/de\/#website\"},\"primaryImageOfPage\":{\"@id\":\"https:\/\/dosingpump.shop\/product\/watermeter-ctfi-25-1-1i-10l\/#primaryimage\"},\"image\":{\"@id\":\"https:\/\/dosingpump.shop\/product\/watermeter-ctfi-25-1-1i-10l\/#primaryimage\"},\"thumbnailUrl\":\"https:\/\/dosingpump.shop\/wp-content\/uploads\/2025\/04\/Emec-CTFI.png\",\"datePublished\":\"2025-04-18T14:33:47+00:00\",\"dateModified\":\"2026-02-27T12:50:22+00:00\",\"breadcrumb\":{\"@id\":\"https:\/\/dosingpump.shop\/product\/watermeter-ctfi-25-1-1i-10l\/#breadcrumb\"},\"inLanguage\":\"fi\",\"potentialAction\":[{\"@type\":\"ReadAction\",\"target\":[\"https:\/\/dosingpump.shop\/product\/watermeter-ctfi-25-1-1i-10l\/\"]}]},{\"@type\":\"ImageObject\",\"inLanguage\":\"fi\",\"@id\":\"https:\/\/dosingpump.shop\/product\/watermeter-ctfi-25-1-1i-10l\/#primaryimage\",\"url\":\"https:\/\/dosingpump.shop\/wp-content\/uploads\/2025\/04\/Emec-CTFI.png\",\"contentUrl\":\"https:\/\/dosingpump.shop\/wp-content\/uploads\/2025\/04\/Emec-CTFI.png\",\"width\":500,\"height\":500},{\"@type\":\"BreadcrumbList\",\"@id\":\"https:\/\/dosingpump.shop\/product\/watermeter-ctfi-25-1-1i-10l\/#breadcrumb\",\"itemListElement\":[{\"@type\":\"ListItem\",\"position\":1,\"name\":\"Home\",\"item\":\"https:\/\/dosingpump.shop\/\"},{\"@type\":\"ListItem\",\"position\":2,\"name\":\"Shop\",\"item\":\"https:\/\/dosingpump.shop\/de\/shop\/\"},{\"@type\":\"ListItem\",\"position\":3,\"name\":\"Watermeter CTFI-25 1&#8221; 1i\/10L\"}]},{\"@type\":\"WebSite\",\"@id\":\"https:\/\/dosingpump.shop\/de\/#website\",\"url\":\"https:\/\/dosingpump.shop\/de\/\",\"name\":\"Dosing Pump Shop B.V.\",\"description\":\"\",\"publisher\":{\"@id\":\"https:\/\/dosingpump.shop\/de\/#organization\"},\"potentialAction\":[{\"@type\":\"SearchAction\",\"target\":{\"@type\":\"EntryPoint\",\"urlTemplate\":\"https:\/\/dosingpump.shop\/de\/?s={search_term_string}\"},\"query-input\":{\"@type\":\"PropertyValueSpecification\",\"valueRequired\":true,\"valueName\":\"search_term_string\"}}],\"inLanguage\":\"fi\"},{\"@type\":\"Organization\",\"@id\":\"https:\/\/dosingpump.shop\/de\/#organization\",\"name\":\"Dosing Pump Shop B.V.\",\"url\":\"https:\/\/dosingpump.shop\/de\/\",\"logo\":{\"@type\":\"ImageObject\",\"inLanguage\":\"fi\",\"@id\":\"https:\/\/dosingpump.shop\/de\/#\/schema\/logo\/image\/\",\"url\":\"https:\/\/dosingpump.shop\/wp-content\/uploads\/2024\/10\/Dosing-Pump-Shop-logo.png\",\"contentUrl\":\"https:\/\/dosingpump.shop\/wp-content\/uploads\/2024\/10\/Dosing-Pump-Shop-logo.png\",\"width\":350,\"height\":45,\"caption\":\"Dosing Pump Shop B.V.\"},\"image\":{\"@id\":\"https:\/\/dosingpump.shop\/de\/#\/schema\/logo\/image\/\"},\"sameAs\":[\"https:\/\/linkedin.com\/company\/dosing-pump-shop\"]}]}<\/script>\n<meta property=\"product:price:amount\" content=\"200.00\" \/>\n<meta property=\"product:price:currency\" content=\"EUR\" \/>\n<meta property=\"og:availability\" content=\"instock\" \/>\n<meta property=\"product:availability\" content=\"instock\" \/>\n<meta property=\"product:retailer_item_id\" content=\"CTFI.025001D02,5000X\" \/>\n<meta property=\"product:condition\" content=\"new\" \/>\n<!-- \/ Yoast SEO plugin. -->","yoast_head_json":{"title":"Vesimittari CTFI-25 1'' 1i\/10L - Dosing Pump Shop B.V.","robots":{"index":"index","follow":"follow","max-snippet":"max-snippet:-1","max-image-preview":"max-image-preview:large","max-video-preview":"max-video-preview:-1"},"canonical":"https:\/\/dosingpump.shop\/fi\/tuote\/vesimittari-ctfi-25-1-1i-10l\/","og_locale":"fi_FI","og_type":"article","og_title":"Watermeter CTFI-25 1'' 1i\/10L - Dosing Pump Shop B.V.","og_description":"Watermeter gebruik voor koud water  Zonder droge wijzerplaat  Geen Teflon coating","og_url":"https:\/\/dosingpump.shop\/fi\/tuote\/vesimittari-ctfi-25-1-1i-10l\/","og_site_name":"Dosing Pump Shop B.V.","article_modified_time":"2026-02-27T12:50:22+00:00","og_image":[{"width":500,"height":500,"url":"https:\/\/dosingpump.shop\/wp-content\/uploads\/2025\/04\/Emec-CTFI.png","type":"image\/png"}],"twitter_card":"summary_large_image","twitter_misc":{"Hinta":"&euro;200,00","Saatavuus":"Varastossa"},"schema":{"@context":"https:\/\/schema.org","@graph":[{"@type":"WebPage","@id":"https:\/\/dosingpump.shop\/product\/watermeter-ctfi-25-1-1i-10l\/","url":"https:\/\/dosingpump.shop\/product\/watermeter-ctfi-25-1-1i-10l\/","name":"Vesimittari CTFI-25 1'' 1i\/10L - Dosing Pump Shop B.V.","isPartOf":{"@id":"https:\/\/dosingpump.shop\/de\/#website"},"primaryImageOfPage":{"@id":"https:\/\/dosingpump.shop\/product\/watermeter-ctfi-25-1-1i-10l\/#primaryimage"},"image":{"@id":"https:\/\/dosingpump.shop\/product\/watermeter-ctfi-25-1-1i-10l\/#primaryimage"},"thumbnailUrl":"https:\/\/dosingpump.shop\/wp-content\/uploads\/2025\/04\/Emec-CTFI.png","datePublished":"2025-04-18T14:33:47+00:00","dateModified":"2026-02-27T12:50:22+00:00","breadcrumb":{"@id":"https:\/\/dosingpump.shop\/product\/watermeter-ctfi-25-1-1i-10l\/#breadcrumb"},"inLanguage":"fi","potentialAction":[{"@type":"ReadAction","target":["https:\/\/dosingpump.shop\/product\/watermeter-ctfi-25-1-1i-10l\/"]}]},{"@type":"ImageObject","inLanguage":"fi","@id":"https:\/\/dosingpump.shop\/product\/watermeter-ctfi-25-1-1i-10l\/#primaryimage","url":"https:\/\/dosingpump.shop\/wp-content\/uploads\/2025\/04\/Emec-CTFI.png","contentUrl":"https:\/\/dosingpump.shop\/wp-content\/uploads\/2025\/04\/Emec-CTFI.png","width":500,"height":500},{"@type":"BreadcrumbList","@id":"https:\/\/dosingpump.shop\/product\/watermeter-ctfi-25-1-1i-10l\/#breadcrumb","itemListElement":[{"@type":"ListItem","position":1,"name":"Home","item":"https:\/\/dosingpump.shop\/"},{"@type":"ListItem","position":2,"name":"Shop","item":"https:\/\/dosingpump.shop\/de\/shop\/"},{"@type":"ListItem","position":3,"name":"Watermeter CTFI-25 1&#8221; 1i\/10L"}]},{"@type":"WebSite","@id":"https:\/\/dosingpump.shop\/de\/#website","url":"https:\/\/dosingpump.shop\/de\/","name":"Dosing Pump Shop B.V.","description":"","publisher":{"@id":"https:\/\/dosingpump.shop\/de\/#organization"},"potentialAction":[{"@type":"SearchAction","target":{"@type":"EntryPoint","urlTemplate":"https:\/\/dosingpump.shop\/de\/?s={search_term_string}"},"query-input":{"@type":"PropertyValueSpecification","valueRequired":true,"valueName":"search_term_string"}}],"inLanguage":"fi"},{"@type":"Organization","@id":"https:\/\/dosingpump.shop\/de\/#organization","name":"Dosing Pump Shop B.V.","url":"https:\/\/dosingpump.shop\/de\/","logo":{"@type":"ImageObject","inLanguage":"fi","@id":"https:\/\/dosingpump.shop\/de\/#\/schema\/logo\/image\/","url":"https:\/\/dosingpump.shop\/wp-content\/uploads\/2024\/10\/Dosing-Pump-Shop-logo.png","contentUrl":"https:\/\/dosingpump.shop\/wp-content\/uploads\/2024\/10\/Dosing-Pump-Shop-logo.png","width":350,"height":45,"caption":"Dosing Pump Shop B.V."},"image":{"@id":"https:\/\/dosingpump.shop\/de\/#\/schema\/logo\/image\/"},"sameAs":["https:\/\/linkedin.com\/company\/dosing-pump-shop"]}]},"product_price_amount":"200.00","product_price_currency":"EUR","og_availability":"instock","product_availability":"instock","product_retailer_item_id":"CTFI.025001D02,5000X","product_condition":"new"},"_links":{"self":[{"href":"https:\/\/dosingpump.shop\/fi\/wp-json\/wp\/v2\/product\/6846","targetHints":{"allow":["GET"]}}],"collection":[{"href":"https:\/\/dosingpump.shop\/fi\/wp-json\/wp\/v2\/product"}],"about":[{"href":"https:\/\/dosingpump.shop\/fi\/wp-json\/wp\/v2\/types\/product"}],"wp:featuredmedia":[{"embeddable":true,"href":"https:\/\/dosingpump.shop\/fi\/wp-json\/wp\/v2\/media\/6829"}],"wp:attachment":[{"href":"https:\/\/dosingpump.shop\/fi\/wp-json\/wp\/v2\/media?parent=6846"}],"wp:term":[{"taxonomy":"product_brand","embeddable":true,"href":"https:\/\/dosingpump.shop\/fi\/wp-json\/wp\/v2\/product_brand?post=6846"},{"taxonomy":"product_cat","embeddable":true,"href":"https:\/\/dosingpump.shop\/fi\/wp-json\/wp\/v2\/product_cat?post=6846"},{"taxonomy":"product_tag","embeddable":true,"href":"https:\/\/dosingpump.shop\/fi\/wp-json\/wp\/v2\/product_tag?post=6846"}],"curies":[{"name":"wp","href":"https:\/\/api.w.org\/{rel}","templated":true}]}}