{"id":7474,"date":"2025-06-18T09:14:45","date_gmt":"2025-06-18T07:14:45","guid":{"rendered":"https:\/\/dosingpump.shop\/?post_type=product&#038;p=7474"},"modified":"2026-02-27T14:50:32","modified_gmt":"2026-02-27T12:50:32","slug":"dps-mp2-r-6l-u-1-bar","status":"publish","type":"product","link":"https:\/\/dosingpump.shop\/fi\/product\/dps-mp2-r-6l-u-1-bar\/","title":{"rendered":"DPS2-R - 6l\/h - 1 Bar"},"content":{"rendered":"<p>DPS2-R-peristalttinen pumppu on vankka ja luotettava annostelupumppu, joka on ihanteellinen sovelluksiin, joissa nesteit\u00e4, kuten kemikaaleja, kuten klooria ja erilaisia happoja, on annosteltava tarkasti ja s\u00e4\u00e4nn\u00f6llisesti. Vankan polypropyleenikotelon ja polykarbonaattisen etupaneelin ansiosta t\u00e4m\u00e4 pumppu on tehty kest\u00e4v\u00e4ksi. Pumpun syd\u00e4n, Santopreen-peristalttiletku, takaa erinomaisen kemikaalien kest\u00e4vyyden.<\/p>\n<p>T\u00e4m\u00e4n pumpun tekee erityiseksi sen portaattomasti s\u00e4\u00e4dett\u00e4v\u00e4 virtaus, jonka avulla voit hienos\u00e4\u00e4t\u00e4\u00e4 annostelua eritt\u00e4in tarkasti. Versiosta riippuen DPS2-R voi annostella jopa 20 litraa tunnissa ja saavuttaa 3 baarin enimm\u00e4ispaineen. Yksityiskohtaiset tiedot eri versioista ja niiden teknisist\u00e4 ominaisuuksista l\u00f6ytyv\u00e4t teknisist\u00e4 tiedoista.<\/p>\n<p>Voit aloittaa DPS2-R:n k\u00e4yt\u00f6n heti, sill\u00e4 pumpun mukana toimitetaan 2 metri\u00e4 pitk\u00e4 paine- ja imuletku, imusuodatin ja ruiskunippa. Mukana on my\u00f6s tarvittava kiinnitysmateriaali. Letkuliit\u00e4nt\u00f6jen vakiokoko on 4\u00d76 mm. Lis\u00e4ksi t\u00e4m\u00e4 annostelupumppu voidaan helposti liitt\u00e4\u00e4 olemassa olevaan ohjaukseen kytkem\u00e4ll\u00e4 vakio 230 voltin sy\u00f6tt\u00f6j\u00e4nnite. Pumppu on suunniteltu monij\u00e4nnitesy\u00f6tt\u00f6j\u00e4nnitteelle 20-260 V.<\/p>\n<p>Huomaa, ett\u00e4 DPS2-R-peristalttinen pumppu ei sovellu jatkuvaan k\u00e4ytt\u00f6\u00f6n. Vaikka peristalttiletku on eritt\u00e4in kest\u00e4v\u00e4, se on tarkistettava s\u00e4\u00e4nn\u00f6llisesti ja vaihdettava tarvittaessa. Varaletkuja on helposti saatavilla verkkokaupastamme. Erityissovelluksiin on saatavana my\u00f6s silikoniletku lis\u00e4maksusta.<\/p>","protected":false},"excerpt":{"rendered":"<ul>\n<li>Pieni mutta erinomainen pumppu<\/li>\n<li>Maksimivirtaus 6 l\/h<\/li>\n<li>Maksimipaine 1 bar<\/li>\n<\/ul>\n<p>Toimitetaan ruuvien, PE- ja PVC-letkun, asennuslevyn, imusuodattimen ja ruiskutusventtiilin kanssa.<\/p>","protected":false},"featured_media":7470,"template":"","meta":[],"product_brand":[],"product_cat":[291],"product_tag":[],"class_list":{"0":"post-7474","1":"product","2":"type-product","3":"status-publish","4":"has-post-thumbnail","6":"product_cat-dps-slangenpompen","8":"first","9":"instock","10":"taxable","11":"shipping-taxable","12":"purchasable","13":"product-type-simple"},"yoast_head":"<!-- This site is optimized with the Yoast SEO plugin v27.2 - https:\/\/yoast.com\/product\/yoast-seo-wordpress\/ -->\n<title>DPS2-R - 6l\/u - 1 Bar - Dosing Pump Shop B.V.<\/title>\n<meta name=\"robots\" content=\"index, follow, max-snippet:-1, max-image-preview:large, max-video-preview:-1\" \/>\n<link rel=\"canonical\" href=\"https:\/\/dosingpump.shop\/fi\/tuote\/dps-mp2-r-6l-u-1-bar\/\" \/>\n<meta property=\"og:locale\" content=\"fi_FI\" \/>\n<meta property=\"og:type\" content=\"article\" \/>\n<meta property=\"og:title\" content=\"DPS2-R - 6l\/u - 1 Bar - Dosing Pump Shop B.V.\" \/>\n<meta property=\"og:description\" content=\"Kleine maar uitstekend werkende pomp  Maximale flow van 6 l\/u  Maximale druk van 1 bar  Wordt geleverd met schroeven, PE en PVC slang, montageplaat, aanzuigfilter en injectieventiel\" \/>\n<meta property=\"og:url\" content=\"https:\/\/dosingpump.shop\/fi\/tuote\/dps-mp2-r-6l-u-1-bar\/\" \/>\n<meta property=\"og:site_name\" content=\"Dosing Pump Shop B.V.\" \/>\n<meta property=\"article:modified_time\" content=\"2026-02-27T12:50:32+00:00\" \/>\n<meta property=\"og:image\" content=\"https:\/\/dosingpump.shop\/wp-content\/uploads\/2025\/06\/Microdos-Pomp.png\" \/>\n\t<meta property=\"og:image:width\" content=\"500\" \/>\n\t<meta property=\"og:image:height\" content=\"500\" \/>\n\t<meta property=\"og:image:type\" content=\"image\/png\" \/>\n<meta name=\"twitter:card\" content=\"summary_large_image\" \/>\n<meta name=\"twitter:label1\" content=\"Hinta\" \/>\n\t<meta name=\"twitter:data1\" content=\"&euro;169,00\" \/>\n\t<meta name=\"twitter:label2\" content=\"Saatavuus\" \/>\n\t<meta name=\"twitter:data2\" content=\"Varastossa\" \/>\n<script type=\"application\/ld+json\" class=\"yoast-schema-graph\">{\"@context\":\"https:\/\/schema.org\",\"@graph\":[{\"@type\":\"WebPage\",\"@id\":\"https:\/\/dosingpump.shop\/dk\/produkt\/dps-mp2-r-6l-u-1-bar\/\",\"url\":\"https:\/\/dosingpump.shop\/dk\/produkt\/dps-mp2-r-6l-u-1-bar\/\",\"name\":\"DPS2-R - 6l\/u - 1 Bar - Dosing Pump Shop B.V.\",\"isPartOf\":{\"@id\":\"https:\/\/dosingpump.shop\/de\/#website\"},\"primaryImageOfPage\":{\"@id\":\"https:\/\/dosingpump.shop\/dk\/produkt\/dps-mp2-r-6l-u-1-bar\/#primaryimage\"},\"image\":{\"@id\":\"https:\/\/dosingpump.shop\/dk\/produkt\/dps-mp2-r-6l-u-1-bar\/#primaryimage\"},\"thumbnailUrl\":\"https:\/\/dosingpump.shop\/wp-content\/uploads\/2025\/06\/Microdos-Pomp.png\",\"datePublished\":\"2025-06-18T07:14:45+00:00\",\"dateModified\":\"2026-02-27T12:50:32+00:00\",\"breadcrumb\":{\"@id\":\"https:\/\/dosingpump.shop\/dk\/produkt\/dps-mp2-r-6l-u-1-bar\/#breadcrumb\"},\"inLanguage\":\"fi\",\"potentialAction\":[{\"@type\":\"ReadAction\",\"target\":[\"https:\/\/dosingpump.shop\/dk\/produkt\/dps-mp2-r-6l-u-1-bar\/\"]}]},{\"@type\":\"ImageObject\",\"inLanguage\":\"fi\",\"@id\":\"https:\/\/dosingpump.shop\/dk\/produkt\/dps-mp2-r-6l-u-1-bar\/#primaryimage\",\"url\":\"https:\/\/dosingpump.shop\/wp-content\/uploads\/2025\/06\/Microdos-Pomp.png\",\"contentUrl\":\"https:\/\/dosingpump.shop\/wp-content\/uploads\/2025\/06\/Microdos-Pomp.png\",\"width\":500,\"height\":500},{\"@type\":\"BreadcrumbList\",\"@id\":\"https:\/\/dosingpump.shop\/dk\/produkt\/dps-mp2-r-6l-u-1-bar\/#breadcrumb\",\"itemListElement\":[{\"@type\":\"ListItem\",\"position\":1,\"name\":\"Home\",\"item\":\"https:\/\/dosingpump.shop\/\"},{\"@type\":\"ListItem\",\"position\":2,\"name\":\"Shop\",\"item\":\"https:\/\/dosingpump.shop\/de\/shop\/\"},{\"@type\":\"ListItem\",\"position\":3,\"name\":\"DPS2-R &#8211; 6l\/u &#8211; 1 Bar\"}]},{\"@type\":\"WebSite\",\"@id\":\"https:\/\/dosingpump.shop\/de\/#website\",\"url\":\"https:\/\/dosingpump.shop\/de\/\",\"name\":\"Dosing Pump Shop B.V.\",\"description\":\"\",\"publisher\":{\"@id\":\"https:\/\/dosingpump.shop\/de\/#organization\"},\"potentialAction\":[{\"@type\":\"SearchAction\",\"target\":{\"@type\":\"EntryPoint\",\"urlTemplate\":\"https:\/\/dosingpump.shop\/de\/?s={search_term_string}\"},\"query-input\":{\"@type\":\"PropertyValueSpecification\",\"valueRequired\":true,\"valueName\":\"search_term_string\"}}],\"inLanguage\":\"fi\"},{\"@type\":\"Organization\",\"@id\":\"https:\/\/dosingpump.shop\/de\/#organization\",\"name\":\"Dosing Pump Shop B.V.\",\"url\":\"https:\/\/dosingpump.shop\/de\/\",\"logo\":{\"@type\":\"ImageObject\",\"inLanguage\":\"fi\",\"@id\":\"https:\/\/dosingpump.shop\/de\/#\/schema\/logo\/image\/\",\"url\":\"https:\/\/dosingpump.shop\/wp-content\/uploads\/2024\/10\/Dosing-Pump-Shop-logo.png\",\"contentUrl\":\"https:\/\/dosingpump.shop\/wp-content\/uploads\/2024\/10\/Dosing-Pump-Shop-logo.png\",\"width\":350,\"height\":45,\"caption\":\"Dosing Pump Shop B.V.\"},\"image\":{\"@id\":\"https:\/\/dosingpump.shop\/de\/#\/schema\/logo\/image\/\"},\"sameAs\":[\"https:\/\/linkedin.com\/company\/dosing-pump-shop\"]}]}<\/script>\n<meta property=\"product:price:amount\" content=\"169.00\" \/>\n<meta property=\"product:price:currency\" content=\"EUR\" \/>\n<meta property=\"og:availability\" content=\"instock\" \/>\n<meta property=\"product:availability\" content=\"instock\" \/>\n<meta property=\"product:retailer_item_id\" content=\"DPS2R6LU1BAR\" \/>\n<meta property=\"product:condition\" content=\"new\" \/>\n<!-- \/ Yoast SEO plugin. -->","yoast_head_json":{"title":"DPS2-R - 6l\/h - 1 Bar - Dosing Pump Shop B.V.","robots":{"index":"index","follow":"follow","max-snippet":"max-snippet:-1","max-image-preview":"max-image-preview:large","max-video-preview":"max-video-preview:-1"},"canonical":"https:\/\/dosingpump.shop\/fi\/tuote\/dps-mp2-r-6l-u-1-bar\/","og_locale":"fi_FI","og_type":"article","og_title":"DPS2-R - 6l\/u - 1 Bar - Dosing Pump Shop B.V.","og_description":"Kleine maar uitstekend werkende pomp  Maximale flow van 6 l\/u  Maximale druk van 1 bar  Wordt geleverd met schroeven, PE en PVC slang, montageplaat, aanzuigfilter en injectieventiel","og_url":"https:\/\/dosingpump.shop\/fi\/tuote\/dps-mp2-r-6l-u-1-bar\/","og_site_name":"Dosing Pump Shop B.V.","article_modified_time":"2026-02-27T12:50:32+00:00","og_image":[{"width":500,"height":500,"url":"https:\/\/dosingpump.shop\/wp-content\/uploads\/2025\/06\/Microdos-Pomp.png","type":"image\/png"}],"twitter_card":"summary_large_image","twitter_misc":{"Hinta":"&euro;169,00","Saatavuus":"Varastossa"},"schema":{"@context":"https:\/\/schema.org","@graph":[{"@type":"WebPage","@id":"https:\/\/dosingpump.shop\/dk\/produkt\/dps-mp2-r-6l-u-1-bar\/","url":"https:\/\/dosingpump.shop\/dk\/produkt\/dps-mp2-r-6l-u-1-bar\/","name":"DPS2-R - 6l\/h - 1 Bar - Dosing Pump Shop B.V.","isPartOf":{"@id":"https:\/\/dosingpump.shop\/de\/#website"},"primaryImageOfPage":{"@id":"https:\/\/dosingpump.shop\/dk\/produkt\/dps-mp2-r-6l-u-1-bar\/#primaryimage"},"image":{"@id":"https:\/\/dosingpump.shop\/dk\/produkt\/dps-mp2-r-6l-u-1-bar\/#primaryimage"},"thumbnailUrl":"https:\/\/dosingpump.shop\/wp-content\/uploads\/2025\/06\/Microdos-Pomp.png","datePublished":"2025-06-18T07:14:45+00:00","dateModified":"2026-02-27T12:50:32+00:00","breadcrumb":{"@id":"https:\/\/dosingpump.shop\/dk\/produkt\/dps-mp2-r-6l-u-1-bar\/#breadcrumb"},"inLanguage":"fi","potentialAction":[{"@type":"ReadAction","target":["https:\/\/dosingpump.shop\/dk\/produkt\/dps-mp2-r-6l-u-1-bar\/"]}]},{"@type":"ImageObject","inLanguage":"fi","@id":"https:\/\/dosingpump.shop\/dk\/produkt\/dps-mp2-r-6l-u-1-bar\/#primaryimage","url":"https:\/\/dosingpump.shop\/wp-content\/uploads\/2025\/06\/Microdos-Pomp.png","contentUrl":"https:\/\/dosingpump.shop\/wp-content\/uploads\/2025\/06\/Microdos-Pomp.png","width":500,"height":500},{"@type":"BreadcrumbList","@id":"https:\/\/dosingpump.shop\/dk\/produkt\/dps-mp2-r-6l-u-1-bar\/#breadcrumb","itemListElement":[{"@type":"ListItem","position":1,"name":"Home","item":"https:\/\/dosingpump.shop\/"},{"@type":"ListItem","position":2,"name":"Shop","item":"https:\/\/dosingpump.shop\/de\/shop\/"},{"@type":"ListItem","position":3,"name":"DPS2-R &#8211; 6l\/u &#8211; 1 Bar"}]},{"@type":"WebSite","@id":"https:\/\/dosingpump.shop\/de\/#website","url":"https:\/\/dosingpump.shop\/de\/","name":"Dosing Pump Shop B.V.","description":"","publisher":{"@id":"https:\/\/dosingpump.shop\/de\/#organization"},"potentialAction":[{"@type":"SearchAction","target":{"@type":"EntryPoint","urlTemplate":"https:\/\/dosingpump.shop\/de\/?s={search_term_string}"},"query-input":{"@type":"PropertyValueSpecification","valueRequired":true,"valueName":"search_term_string"}}],"inLanguage":"fi"},{"@type":"Organization","@id":"https:\/\/dosingpump.shop\/de\/#organization","name":"Dosing Pump Shop B.V.","url":"https:\/\/dosingpump.shop\/de\/","logo":{"@type":"ImageObject","inLanguage":"fi","@id":"https:\/\/dosingpump.shop\/de\/#\/schema\/logo\/image\/","url":"https:\/\/dosingpump.shop\/wp-content\/uploads\/2024\/10\/Dosing-Pump-Shop-logo.png","contentUrl":"https:\/\/dosingpump.shop\/wp-content\/uploads\/2024\/10\/Dosing-Pump-Shop-logo.png","width":350,"height":45,"caption":"Dosing Pump Shop B.V."},"image":{"@id":"https:\/\/dosingpump.shop\/de\/#\/schema\/logo\/image\/"},"sameAs":["https:\/\/linkedin.com\/company\/dosing-pump-shop"]}]},"product_price_amount":"169.00","product_price_currency":"EUR","og_availability":"instock","product_availability":"instock","product_retailer_item_id":"DPS2R6LU1BAR","product_condition":"new"},"_links":{"self":[{"href":"https:\/\/dosingpump.shop\/fi\/wp-json\/wp\/v2\/product\/7474","targetHints":{"allow":["GET"]}}],"collection":[{"href":"https:\/\/dosingpump.shop\/fi\/wp-json\/wp\/v2\/product"}],"about":[{"href":"https:\/\/dosingpump.shop\/fi\/wp-json\/wp\/v2\/types\/product"}],"wp:featuredmedia":[{"embeddable":true,"href":"https:\/\/dosingpump.shop\/fi\/wp-json\/wp\/v2\/media\/7470"}],"wp:attachment":[{"href":"https:\/\/dosingpump.shop\/fi\/wp-json\/wp\/v2\/media?parent=7474"}],"wp:term":[{"taxonomy":"product_brand","embeddable":true,"href":"https:\/\/dosingpump.shop\/fi\/wp-json\/wp\/v2\/product_brand?post=7474"},{"taxonomy":"product_cat","embeddable":true,"href":"https:\/\/dosingpump.shop\/fi\/wp-json\/wp\/v2\/product_cat?post=7474"},{"taxonomy":"product_tag","embeddable":true,"href":"https:\/\/dosingpump.shop\/fi\/wp-json\/wp\/v2\/product_tag?post=7474"}],"curies":[{"name":"wp","href":"https:\/\/api.w.org\/{rel}","templated":true}]}}