{"id":8067,"date":"2025-07-11T12:51:37","date_gmt":"2025-07-11T10:51:37","guid":{"rendered":"https:\/\/dosingpump.shop\/product\/pompkop-ta-12x18-pvdffpce\/"},"modified":"2026-02-27T14:50:45","modified_gmt":"2026-02-27T12:50:45","slug":"pumpun-paa-ta-12x18-pvdffpce","status":"publish","type":"product","link":"https:\/\/dosingpump.shop\/fi\/product\/pompkop-ta-12x18-pvdffpce\/","title":{"rendered":"Pumppup\u00e4\u00e4 TA 12X18 (PVDF+FP+CE)"},"content":{"rendered":"<p>Emecin pumppup\u00e4\u00e4t ovat ratkaisevia komponentteja, jotka varmistavat nesteiden tarkan ja luotettavan annostelun monissa erilaisissa teollisissa ja kaupallisissa sovelluksissa. Ne ovat kaikkien Emec-annosteluj\u00e4rjestelmien olennainen toiminnallinen keskipiste, jonka jokainen yksityiskohta on suunniteltu varmistamaan maksimaalinen tehokkuus ja kest\u00e4vyys.<\/p>\n<p>N\u00e4m\u00e4 pumppup\u00e4\u00e4t valmistetaan korkealaatuisista materiaaleista, jotka on valittu erityisesti annosteltavan nesteen mukaan, olipa kyseess\u00e4 sitten aggressiiviset kemikaalit, viskoosit liuokset tai herk\u00e4t reagenssit. N\u00e4in varmistetaan poikkeuksellinen kemikaalien kest\u00e4vyys ja pitk\u00e4ik\u00e4isyys vaativimmissakin olosuhteissa. Harkittu sis\u00e4inen rakenne minimoi kulumisen ja optimoi nestevirtauksen, mik\u00e4 johtaa tasaiseen ja toistettavaan annosteluun.<\/p>\n<p>Pumppujen p\u00e4iden tarkkuus on elint\u00e4rke\u00e4\u00e4 prosesseissa, joissa jokainen pisara on t\u00e4rke\u00e4. Ne takaavat hallitun ja vakaan annostelun, mik\u00e4 on v\u00e4ltt\u00e4m\u00e4t\u00f6nt\u00e4 laadunvalvonnan, tehokkaan raaka-aineiden k\u00e4yt\u00f6n ja prosessiparametrien noudattamisen kannalta. Emec tarjoaa erilaisia pumppup\u00e4it\u00e4, joissa on eri virtausnopeudet ja paineet, joten ne soveltuvat monenlaisiin sovelluksiin vedenk\u00e4sittelyst\u00e4 ja kemiallisista prosesseista maatalouteen ja elintarviketeollisuuteen.<\/p>\n<p>Lyhyesti sanottuna Emecin pumppup\u00e4\u00e4t ovat v\u00e4ltt\u00e4m\u00e4t\u00f6n lenkki, joka varmistaa annosteluprosessien luotettavuuden ja tarkkuuden ja vaikuttaa merkitt\u00e4v\u00e4sti j\u00e4rjestelm\u00e4n yleiseen suorituskykyyn ja tehokkuuteen.<\/p>","protected":false},"excerpt":{"rendered":"<ul>\n<li>Valmistettu korkealaatuisista materiaaleista<\/li>\n<li>Tarkkaa ja luotettavaa annostelua varten<\/li>\n<li>Sopii emec-annostelupumpuille<\/li>\n<\/ul>\n<p>Etk\u00f6 saa sit\u00e4 selville? Ota sitten yhteytt\u00e4, olemme valmiita auttamaan sinua.<\/p>","protected":false},"featured_media":7712,"template":"","meta":[],"product_brand":[],"product_cat":[236],"product_tag":[],"class_list":{"0":"post-8067","1":"product","2":"type-product","3":"status-publish","4":"has-post-thumbnail","6":"product_cat-pompkoppen","8":"first","9":"instock","10":"taxable","11":"shipping-taxable","12":"purchasable","13":"product-type-simple"},"yoast_head":"<!-- This site is optimized with the Yoast SEO plugin v27.2 - https:\/\/yoast.com\/product\/yoast-seo-wordpress\/ -->\n<title>Pompkop TA 12X18 (PVDF+FP+CE) - Dosing Pump Shop B.V.<\/title>\n<meta name=\"robots\" content=\"index, follow, max-snippet:-1, max-image-preview:large, max-video-preview:-1\" \/>\n<link rel=\"canonical\" href=\"https:\/\/dosingpump.shop\/fi\/tuote\/pumpun-paa-ta-12x18-pvdffpce\/\" \/>\n<meta property=\"og:locale\" content=\"fi_FI\" \/>\n<meta property=\"og:type\" content=\"article\" \/>\n<meta property=\"og:title\" content=\"Pompkop TA 12X18 (PVDF+FP+CE) - Dosing Pump Shop B.V.\" \/>\n<meta property=\"og:description\" content=\"Gemaakt van hoogwaardige materialen  Voor nauwkeurige en betrouwbare dosering  Geschikt voor emec doseerpompen  Kom je er niet aan uit? Neem dan contact op wij staan klaar om u te helpen.\" \/>\n<meta property=\"og:url\" content=\"https:\/\/dosingpump.shop\/fi\/tuote\/pumpun-paa-ta-12x18-pvdffpce\/\" \/>\n<meta property=\"og:site_name\" content=\"Dosing Pump Shop B.V.\" \/>\n<meta property=\"article:modified_time\" content=\"2026-02-27T12:50:45+00:00\" \/>\n<meta property=\"og:image\" content=\"https:\/\/dosingpump.shop\/wp-content\/uploads\/2025\/07\/Emec-Pumphead-PVDF.png\" \/>\n\t<meta property=\"og:image:width\" content=\"500\" \/>\n\t<meta property=\"og:image:height\" content=\"500\" \/>\n\t<meta property=\"og:image:type\" content=\"image\/png\" \/>\n<meta name=\"twitter:card\" content=\"summary_large_image\" \/>\n<meta name=\"twitter:label1\" content=\"Hinta\" \/>\n\t<meta name=\"twitter:data1\" content=\"&euro;51,00\" \/>\n\t<meta name=\"twitter:label2\" content=\"Saatavuus\" \/>\n\t<meta name=\"twitter:data2\" content=\"Varastossa\" \/>\n<script type=\"application\/ld+json\" class=\"yoast-schema-graph\">{\"@context\":\"https:\/\/schema.org\",\"@graph\":[{\"@type\":\"WebPage\",\"@id\":\"https:\/\/dosingpump.shop\/no\/produkt\/pumpehode-ta-12x18-pvdffpce\/\",\"url\":\"https:\/\/dosingpump.shop\/no\/produkt\/pumpehode-ta-12x18-pvdffpce\/\",\"name\":\"Pompkop TA 12X18 (PVDF+FP+CE) - Dosing Pump Shop B.V.\",\"isPartOf\":{\"@id\":\"https:\/\/dosingpump.shop\/de\/#website\"},\"primaryImageOfPage\":{\"@id\":\"https:\/\/dosingpump.shop\/no\/produkt\/pumpehode-ta-12x18-pvdffpce\/#primaryimage\"},\"image\":{\"@id\":\"https:\/\/dosingpump.shop\/no\/produkt\/pumpehode-ta-12x18-pvdffpce\/#primaryimage\"},\"thumbnailUrl\":\"https:\/\/dosingpump.shop\/wp-content\/uploads\/2025\/07\/Emec-Pumphead-PVDF.png\",\"datePublished\":\"2025-07-11T10:51:37+00:00\",\"dateModified\":\"2026-02-27T12:50:45+00:00\",\"breadcrumb\":{\"@id\":\"https:\/\/dosingpump.shop\/no\/produkt\/pumpehode-ta-12x18-pvdffpce\/#breadcrumb\"},\"inLanguage\":\"fi\",\"potentialAction\":[{\"@type\":\"ReadAction\",\"target\":[\"https:\/\/dosingpump.shop\/no\/produkt\/pumpehode-ta-12x18-pvdffpce\/\"]}]},{\"@type\":\"ImageObject\",\"inLanguage\":\"fi\",\"@id\":\"https:\/\/dosingpump.shop\/no\/produkt\/pumpehode-ta-12x18-pvdffpce\/#primaryimage\",\"url\":\"https:\/\/dosingpump.shop\/wp-content\/uploads\/2025\/07\/Emec-Pumphead-PVDF.png\",\"contentUrl\":\"https:\/\/dosingpump.shop\/wp-content\/uploads\/2025\/07\/Emec-Pumphead-PVDF.png\",\"width\":500,\"height\":500},{\"@type\":\"BreadcrumbList\",\"@id\":\"https:\/\/dosingpump.shop\/no\/produkt\/pumpehode-ta-12x18-pvdffpce\/#breadcrumb\",\"itemListElement\":[{\"@type\":\"ListItem\",\"position\":1,\"name\":\"Home\",\"item\":\"https:\/\/dosingpump.shop\/\"},{\"@type\":\"ListItem\",\"position\":2,\"name\":\"Shop\",\"item\":\"https:\/\/dosingpump.shop\/de\/shop\/\"},{\"@type\":\"ListItem\",\"position\":3,\"name\":\"Pompkop TA 12X18 (PVDF+FP+CE)\"}]},{\"@type\":\"WebSite\",\"@id\":\"https:\/\/dosingpump.shop\/de\/#website\",\"url\":\"https:\/\/dosingpump.shop\/de\/\",\"name\":\"Dosing Pump Shop B.V.\",\"description\":\"\",\"publisher\":{\"@id\":\"https:\/\/dosingpump.shop\/de\/#organization\"},\"potentialAction\":[{\"@type\":\"SearchAction\",\"target\":{\"@type\":\"EntryPoint\",\"urlTemplate\":\"https:\/\/dosingpump.shop\/de\/?s={search_term_string}\"},\"query-input\":{\"@type\":\"PropertyValueSpecification\",\"valueRequired\":true,\"valueName\":\"search_term_string\"}}],\"inLanguage\":\"fi\"},{\"@type\":\"Organization\",\"@id\":\"https:\/\/dosingpump.shop\/de\/#organization\",\"name\":\"Dosing Pump Shop B.V.\",\"url\":\"https:\/\/dosingpump.shop\/de\/\",\"logo\":{\"@type\":\"ImageObject\",\"inLanguage\":\"fi\",\"@id\":\"https:\/\/dosingpump.shop\/de\/#\/schema\/logo\/image\/\",\"url\":\"https:\/\/dosingpump.shop\/wp-content\/uploads\/2024\/10\/Dosing-Pump-Shop-logo.png\",\"contentUrl\":\"https:\/\/dosingpump.shop\/wp-content\/uploads\/2024\/10\/Dosing-Pump-Shop-logo.png\",\"width\":350,\"height\":45,\"caption\":\"Dosing Pump Shop B.V.\"},\"image\":{\"@id\":\"https:\/\/dosingpump.shop\/de\/#\/schema\/logo\/image\/\"},\"sameAs\":[\"https:\/\/linkedin.com\/company\/dosing-pump-shop\"]}]}<\/script>\n<meta property=\"product:price:amount\" content=\"51.00\" \/>\n<meta property=\"product:price:currency\" content=\"EUR\" \/>\n<meta property=\"og:availability\" content=\"instock\" \/>\n<meta property=\"product:availability\" content=\"instock\" \/>\n<meta property=\"product:retailer_item_id\" content=\"02017991\" \/>\n<meta property=\"product:condition\" content=\"new\" \/>\n<!-- \/ Yoast SEO plugin. -->","yoast_head_json":{"title":"Pumppup\u00e4\u00e4 TA 12X18 (PVDF+FP+CE) - Dosing Pump Shop B.V.","robots":{"index":"index","follow":"follow","max-snippet":"max-snippet:-1","max-image-preview":"max-image-preview:large","max-video-preview":"max-video-preview:-1"},"canonical":"https:\/\/dosingpump.shop\/fi\/tuote\/pumpun-paa-ta-12x18-pvdffpce\/","og_locale":"fi_FI","og_type":"article","og_title":"Pompkop TA 12X18 (PVDF+FP+CE) - Dosing Pump Shop B.V.","og_description":"Gemaakt van hoogwaardige materialen  Voor nauwkeurige en betrouwbare dosering  Geschikt voor emec doseerpompen  Kom je er niet aan uit? Neem dan contact op wij staan klaar om u te helpen.","og_url":"https:\/\/dosingpump.shop\/fi\/tuote\/pumpun-paa-ta-12x18-pvdffpce\/","og_site_name":"Dosing Pump Shop B.V.","article_modified_time":"2026-02-27T12:50:45+00:00","og_image":[{"width":500,"height":500,"url":"https:\/\/dosingpump.shop\/wp-content\/uploads\/2025\/07\/Emec-Pumphead-PVDF.png","type":"image\/png"}],"twitter_card":"summary_large_image","twitter_misc":{"Hinta":"&euro;51,00","Saatavuus":"Varastossa"},"schema":{"@context":"https:\/\/schema.org","@graph":[{"@type":"WebPage","@id":"https:\/\/dosingpump.shop\/no\/produkt\/pumpehode-ta-12x18-pvdffpce\/","url":"https:\/\/dosingpump.shop\/no\/produkt\/pumpehode-ta-12x18-pvdffpce\/","name":"Pumppup\u00e4\u00e4 TA 12X18 (PVDF+FP+CE) - Dosing Pump Shop B.V.","isPartOf":{"@id":"https:\/\/dosingpump.shop\/de\/#website"},"primaryImageOfPage":{"@id":"https:\/\/dosingpump.shop\/no\/produkt\/pumpehode-ta-12x18-pvdffpce\/#primaryimage"},"image":{"@id":"https:\/\/dosingpump.shop\/no\/produkt\/pumpehode-ta-12x18-pvdffpce\/#primaryimage"},"thumbnailUrl":"https:\/\/dosingpump.shop\/wp-content\/uploads\/2025\/07\/Emec-Pumphead-PVDF.png","datePublished":"2025-07-11T10:51:37+00:00","dateModified":"2026-02-27T12:50:45+00:00","breadcrumb":{"@id":"https:\/\/dosingpump.shop\/no\/produkt\/pumpehode-ta-12x18-pvdffpce\/#breadcrumb"},"inLanguage":"fi","potentialAction":[{"@type":"ReadAction","target":["https:\/\/dosingpump.shop\/no\/produkt\/pumpehode-ta-12x18-pvdffpce\/"]}]},{"@type":"ImageObject","inLanguage":"fi","@id":"https:\/\/dosingpump.shop\/no\/produkt\/pumpehode-ta-12x18-pvdffpce\/#primaryimage","url":"https:\/\/dosingpump.shop\/wp-content\/uploads\/2025\/07\/Emec-Pumphead-PVDF.png","contentUrl":"https:\/\/dosingpump.shop\/wp-content\/uploads\/2025\/07\/Emec-Pumphead-PVDF.png","width":500,"height":500},{"@type":"BreadcrumbList","@id":"https:\/\/dosingpump.shop\/no\/produkt\/pumpehode-ta-12x18-pvdffpce\/#breadcrumb","itemListElement":[{"@type":"ListItem","position":1,"name":"Home","item":"https:\/\/dosingpump.shop\/"},{"@type":"ListItem","position":2,"name":"Shop","item":"https:\/\/dosingpump.shop\/de\/shop\/"},{"@type":"ListItem","position":3,"name":"Pompkop TA 12X18 (PVDF+FP+CE)"}]},{"@type":"WebSite","@id":"https:\/\/dosingpump.shop\/de\/#website","url":"https:\/\/dosingpump.shop\/de\/","name":"Dosing Pump Shop B.V.","description":"","publisher":{"@id":"https:\/\/dosingpump.shop\/de\/#organization"},"potentialAction":[{"@type":"SearchAction","target":{"@type":"EntryPoint","urlTemplate":"https:\/\/dosingpump.shop\/de\/?s={search_term_string}"},"query-input":{"@type":"PropertyValueSpecification","valueRequired":true,"valueName":"search_term_string"}}],"inLanguage":"fi"},{"@type":"Organization","@id":"https:\/\/dosingpump.shop\/de\/#organization","name":"Dosing Pump Shop B.V.","url":"https:\/\/dosingpump.shop\/de\/","logo":{"@type":"ImageObject","inLanguage":"fi","@id":"https:\/\/dosingpump.shop\/de\/#\/schema\/logo\/image\/","url":"https:\/\/dosingpump.shop\/wp-content\/uploads\/2024\/10\/Dosing-Pump-Shop-logo.png","contentUrl":"https:\/\/dosingpump.shop\/wp-content\/uploads\/2024\/10\/Dosing-Pump-Shop-logo.png","width":350,"height":45,"caption":"Dosing Pump Shop B.V."},"image":{"@id":"https:\/\/dosingpump.shop\/de\/#\/schema\/logo\/image\/"},"sameAs":["https:\/\/linkedin.com\/company\/dosing-pump-shop"]}]},"product_price_amount":"51.00","product_price_currency":"EUR","og_availability":"instock","product_availability":"instock","product_retailer_item_id":"02017991","product_condition":"new"},"_links":{"self":[{"href":"https:\/\/dosingpump.shop\/fi\/wp-json\/wp\/v2\/product\/8067","targetHints":{"allow":["GET"]}}],"collection":[{"href":"https:\/\/dosingpump.shop\/fi\/wp-json\/wp\/v2\/product"}],"about":[{"href":"https:\/\/dosingpump.shop\/fi\/wp-json\/wp\/v2\/types\/product"}],"wp:featuredmedia":[{"embeddable":true,"href":"https:\/\/dosingpump.shop\/fi\/wp-json\/wp\/v2\/media\/7712"}],"wp:attachment":[{"href":"https:\/\/dosingpump.shop\/fi\/wp-json\/wp\/v2\/media?parent=8067"}],"wp:term":[{"taxonomy":"product_brand","embeddable":true,"href":"https:\/\/dosingpump.shop\/fi\/wp-json\/wp\/v2\/product_brand?post=8067"},{"taxonomy":"product_cat","embeddable":true,"href":"https:\/\/dosingpump.shop\/fi\/wp-json\/wp\/v2\/product_cat?post=8067"},{"taxonomy":"product_tag","embeddable":true,"href":"https:\/\/dosingpump.shop\/fi\/wp-json\/wp\/v2\/product_tag?post=8067"}],"curies":[{"name":"wp","href":"https:\/\/api.w.org\/{rel}","templated":true}]}}