{"id":8195,"date":"2025-07-25T16:50:32","date_gmt":"2025-07-25T14:50:32","guid":{"rendered":"https:\/\/dosingpump.shop\/product\/emec-ams-co-plus-02-60-fp-230vac-2\/"},"modified":"2026-02-27T14:50:48","modified_gmt":"2026-02-27T12:50:48","slug":"emec-ams-co-plus-02-60-fp-230vac-2","status":"publish","type":"product","link":"https:\/\/dosingpump.shop\/fi\/product\/emec-ams-co-plus-02-60-fp-230vac-2\/","title":{"rendered":"Emec AMS-CO-PLUS 02-60 FP 230VAC 230VAC"},"content":{"rendered":"<p>Emec AMS CO Plus on teollisesti suunniteltu, vaakasuoraan asennettava magneettik\u00e4ytt\u00f6inen kalvoannostelupumppu, joka on erityisesti suunniteltu sovelluksiin, joissa tarvitaan jatkuvaa ja tarkkaa kemikaalien annostelua. T\u00e4m\u00e4 malli toimii vakiotoimintatilassa, mik\u00e4 tarkoittaa, ett\u00e4 se annostelee jatkuvasti kiinte\u00e4n asetetun m\u00e4\u00e4r\u00e4n ilman, ett\u00e4 sit\u00e4 voidaan ohjata ulkoisella tasosignaalilla.<\/p>\n<p>Teknisesti pumppua ohjaa s\u00e4hk\u00f6magneetti, joka saa PTFE-kalvon liikkeelle. T\u00e4ydellisen (kiinte\u00e4n) PTFE-kalvon k\u00e4ytt\u00f6 takaa parhaan mahdollisen kemiallisen yhteensopivuuden ja poikkeuksellisen pitk\u00e4n k\u00e4ytt\u00f6i\u00e4n my\u00f6s kaikkein aggressiivisimpia kemikaaleja pumpattaessa. Pumpun p\u00e4\u00e4 ja hydrauliset komponentit on valmistettu korkealaatuisista materiaaleista, kuten PVDF:st\u00e4 (polyvinyylideenifluoridi), jonka ansiosta pumppu kest\u00e4\u00e4 monenlaisia happoja, em\u00e4ksi\u00e4 ja liuottimia.<\/p>\n<p>Pumpun kapasiteetti on s\u00e4\u00e4dett\u00e4viss\u00e4 manuaalisesti iskutiheyden s\u00e4\u00e4timell\u00e4 0-100%, jolloin k\u00e4ytt\u00e4j\u00e4 voi hienos\u00e4\u00e4t\u00e4\u00e4 virtauksen prosessin vaatimusten mukaiseksi. Lasikuituvahvisteisesta polypropeenista valmistettu vankka kotelo tarjoaa IP65-suojausluokan, joka suojaa sis\u00e4isi\u00e4 komponentteja p\u00f6lylt\u00e4 ja vesisuihkuilta ja tekee pumpusta sopivan vaativiin teollisuusymp\u00e4rist\u00f6ihin.<\/p>\n<p>AMS CO Plus -laitteen mukana toimitetaan vakiona t\u00e4ydellinen asennussarja, joka koostuu imusuodattimesta, ruiskutusventtiilist\u00e4 sek\u00e4 tarvittavista paine- ja imuletkuista, mik\u00e4 mahdollistaa nopean ja tehokkaan k\u00e4ytt\u00f6\u00f6noton.<\/p>","protected":false},"excerpt":{"rendered":"<p>The <strong>AMS CO Plus<\/strong> on luotettava ja monipuolinen annostelupumppu, joka on suunniteltu jatkuvaan annosteluun ilman tason s\u00e4\u00e4t\u00f6\u00e4. T\u00e4m\u00e4 kest\u00e4v\u00e4 malli sopii erinomaisesti sovelluksiin, joissa tarvitaan jatkuvaa ja tarkkaa kemikaalien annostelua.<\/p>\n<ul>\n<li><strong>Jatkuva annostus<\/strong> ilman tasons\u00e4\u00e4t\u00f6\u00e4<\/li>\n<li><strong>Vankka ja monipuolinen<\/strong> k\u00e4ytt\u00f6kelpoinen<\/li>\n<li>Suoritetaan <strong>t\u00e4ysi PTFE-kalvo<\/strong> korkea kemiallinen kest\u00e4vyys<\/li>\n<\/ul>","protected":false},"featured_media":5190,"template":"","meta":[],"product_brand":[],"product_cat":[85],"product_tag":[],"class_list":{"0":"post-8195","1":"product","2":"type-product","3":"status-publish","4":"has-post-thumbnail","6":"product_cat-assortiment","8":"first","9":"onbackorder","10":"taxable","11":"shipping-taxable","12":"purchasable","13":"product-type-simple"},"yoast_head":"<!-- This site is optimized with the Yoast SEO plugin v27.2 - https:\/\/yoast.com\/product\/yoast-seo-wordpress\/ -->\n<title>Emec AMS-CO-PLUS 02-60 FP 230VAC - Dosing Pump Shop B.V.<\/title>\n<meta name=\"robots\" content=\"index, follow, max-snippet:-1, max-image-preview:large, max-video-preview:-1\" \/>\n<link rel=\"canonical\" href=\"https:\/\/dosingpump.shop\/fi\/tuote\/emec-ams-co-plus-02-60-fp-230vac-2\/\" \/>\n<meta property=\"og:locale\" content=\"fi_FI\" \/>\n<meta property=\"og:type\" content=\"article\" \/>\n<meta property=\"og:title\" content=\"Emec AMS-CO-PLUS 02-60 FP 230VAC - Dosing Pump Shop B.V.\" \/>\n<meta property=\"og:description\" content=\"De AMS CO Plus is een betrouwbare en veelzijdige doseerpomp die ontworpen is voor constante dosering zonder niveauregeling. Dit robuuste model is ideaal voor toepassingen waar een continue en nauwkeurige afgifte van chemicali\u00ebn vereist is.        Constante dosering zonder niveauregeling     Robuust en veelzijdig inzetbaar     Uitgevoerd met een volledig PTFE membraan voor hoge chemische bestendigheid\" \/>\n<meta property=\"og:url\" content=\"https:\/\/dosingpump.shop\/fi\/tuote\/emec-ams-co-plus-02-60-fp-230vac-2\/\" \/>\n<meta property=\"og:site_name\" content=\"Dosing Pump Shop B.V.\" \/>\n<meta property=\"article:modified_time\" content=\"2026-02-27T12:50:48+00:00\" \/>\n<meta property=\"og:image\" content=\"https:\/\/dosingpump.shop\/wp-content\/uploads\/2024\/12\/Emec-AMS-Series.webp\" \/>\n\t<meta property=\"og:image:width\" content=\"600\" \/>\n\t<meta property=\"og:image:height\" content=\"600\" \/>\n\t<meta property=\"og:image:type\" content=\"image\/webp\" \/>\n<meta name=\"twitter:card\" content=\"summary_large_image\" \/>\n<meta name=\"twitter:label1\" content=\"Hinta\" \/>\n\t<meta name=\"twitter:data1\" content=\"&euro;816,00\" \/>\n\t<meta name=\"twitter:label2\" content=\"Saatavuus\" \/>\n\t<meta name=\"twitter:data2\" content=\"J\u00e4lkitoimituksessa\" \/>\n<script type=\"application\/ld+json\" class=\"yoast-schema-graph\">{\"@context\":\"https:\/\/schema.org\",\"@graph\":[{\"@type\":\"WebPage\",\"@id\":\"https:\/\/dosingpump.shop\/product\/emec-ams-co-plus-02-60-fp-230vac-2\/\",\"url\":\"https:\/\/dosingpump.shop\/product\/emec-ams-co-plus-02-60-fp-230vac-2\/\",\"name\":\"Emec AMS-CO-PLUS 02-60 FP 230VAC - Dosing Pump Shop B.V.\",\"isPartOf\":{\"@id\":\"https:\/\/dosingpump.shop\/de\/#website\"},\"primaryImageOfPage\":{\"@id\":\"https:\/\/dosingpump.shop\/product\/emec-ams-co-plus-02-60-fp-230vac-2\/#primaryimage\"},\"image\":{\"@id\":\"https:\/\/dosingpump.shop\/product\/emec-ams-co-plus-02-60-fp-230vac-2\/#primaryimage\"},\"thumbnailUrl\":\"https:\/\/dosingpump.shop\/wp-content\/uploads\/2024\/12\/Emec-AMS-Series.webp\",\"datePublished\":\"2025-07-25T14:50:32+00:00\",\"dateModified\":\"2026-02-27T12:50:48+00:00\",\"breadcrumb\":{\"@id\":\"https:\/\/dosingpump.shop\/product\/emec-ams-co-plus-02-60-fp-230vac-2\/#breadcrumb\"},\"inLanguage\":\"fi\",\"potentialAction\":[{\"@type\":\"ReadAction\",\"target\":[\"https:\/\/dosingpump.shop\/product\/emec-ams-co-plus-02-60-fp-230vac-2\/\"]}]},{\"@type\":\"ImageObject\",\"inLanguage\":\"fi\",\"@id\":\"https:\/\/dosingpump.shop\/product\/emec-ams-co-plus-02-60-fp-230vac-2\/#primaryimage\",\"url\":\"https:\/\/dosingpump.shop\/wp-content\/uploads\/2024\/12\/Emec-AMS-Series.webp\",\"contentUrl\":\"https:\/\/dosingpump.shop\/wp-content\/uploads\/2024\/12\/Emec-AMS-Series.webp\",\"width\":600,\"height\":600},{\"@type\":\"BreadcrumbList\",\"@id\":\"https:\/\/dosingpump.shop\/product\/emec-ams-co-plus-02-60-fp-230vac-2\/#breadcrumb\",\"itemListElement\":[{\"@type\":\"ListItem\",\"position\":1,\"name\":\"Home\",\"item\":\"https:\/\/dosingpump.shop\/\"},{\"@type\":\"ListItem\",\"position\":2,\"name\":\"Shop\",\"item\":\"https:\/\/dosingpump.shop\/de\/shop\/\"},{\"@type\":\"ListItem\",\"position\":3,\"name\":\"Emec AMS-CO-PLUS 02-60 FP 230VAC\"}]},{\"@type\":\"WebSite\",\"@id\":\"https:\/\/dosingpump.shop\/de\/#website\",\"url\":\"https:\/\/dosingpump.shop\/de\/\",\"name\":\"Dosing Pump Shop B.V.\",\"description\":\"\",\"publisher\":{\"@id\":\"https:\/\/dosingpump.shop\/de\/#organization\"},\"potentialAction\":[{\"@type\":\"SearchAction\",\"target\":{\"@type\":\"EntryPoint\",\"urlTemplate\":\"https:\/\/dosingpump.shop\/de\/?s={search_term_string}\"},\"query-input\":{\"@type\":\"PropertyValueSpecification\",\"valueRequired\":true,\"valueName\":\"search_term_string\"}}],\"inLanguage\":\"fi\"},{\"@type\":\"Organization\",\"@id\":\"https:\/\/dosingpump.shop\/de\/#organization\",\"name\":\"Dosing Pump Shop B.V.\",\"url\":\"https:\/\/dosingpump.shop\/de\/\",\"logo\":{\"@type\":\"ImageObject\",\"inLanguage\":\"fi\",\"@id\":\"https:\/\/dosingpump.shop\/de\/#\/schema\/logo\/image\/\",\"url\":\"https:\/\/dosingpump.shop\/wp-content\/uploads\/2024\/10\/Dosing-Pump-Shop-logo.png\",\"contentUrl\":\"https:\/\/dosingpump.shop\/wp-content\/uploads\/2024\/10\/Dosing-Pump-Shop-logo.png\",\"width\":350,\"height\":45,\"caption\":\"Dosing Pump Shop B.V.\"},\"image\":{\"@id\":\"https:\/\/dosingpump.shop\/de\/#\/schema\/logo\/image\/\"},\"sameAs\":[\"https:\/\/linkedin.com\/company\/dosing-pump-shop\"]}]}<\/script>\n<meta property=\"product:price:amount\" content=\"816.00\" \/>\n<meta property=\"product:price:currency\" content=\"EUR\" \/>\n<meta property=\"og:availability\" content=\"backorder\" \/>\n<meta property=\"product:availability\" content=\"available for order\" \/>\n<meta property=\"product:retailer_item_id\" content=\"AUO02060K0000G00A000\" \/>\n<meta property=\"product:condition\" content=\"new\" \/>\n<!-- \/ Yoast SEO plugin. -->","yoast_head_json":{"title":"Emec AMS-CO-PLUS 02-60 FP 230VAC - Dosing Pump Shop B.V.","robots":{"index":"index","follow":"follow","max-snippet":"max-snippet:-1","max-image-preview":"max-image-preview:large","max-video-preview":"max-video-preview:-1"},"canonical":"https:\/\/dosingpump.shop\/fi\/tuote\/emec-ams-co-plus-02-60-fp-230vac-2\/","og_locale":"fi_FI","og_type":"article","og_title":"Emec AMS-CO-PLUS 02-60 FP 230VAC - Dosing Pump Shop B.V.","og_description":"De AMS CO Plus is een betrouwbare en veelzijdige doseerpomp die ontworpen is voor constante dosering zonder niveauregeling. Dit robuuste model is ideaal voor toepassingen waar een continue en nauwkeurige afgifte van chemicali\u00ebn vereist is.        Constante dosering zonder niveauregeling     Robuust en veelzijdig inzetbaar     Uitgevoerd met een volledig PTFE membraan voor hoge chemische bestendigheid","og_url":"https:\/\/dosingpump.shop\/fi\/tuote\/emec-ams-co-plus-02-60-fp-230vac-2\/","og_site_name":"Dosing Pump Shop B.V.","article_modified_time":"2026-02-27T12:50:48+00:00","og_image":[{"width":600,"height":600,"url":"https:\/\/dosingpump.shop\/wp-content\/uploads\/2024\/12\/Emec-AMS-Series.webp","type":"image\/webp"}],"twitter_card":"summary_large_image","twitter_misc":{"Hinta":"&euro;816,00","Saatavuus":"J\u00e4lkitoimituksessa"},"schema":{"@context":"https:\/\/schema.org","@graph":[{"@type":"WebPage","@id":"https:\/\/dosingpump.shop\/product\/emec-ams-co-plus-02-60-fp-230vac-2\/","url":"https:\/\/dosingpump.shop\/product\/emec-ams-co-plus-02-60-fp-230vac-2\/","name":"Emec AMS-CO-PLUS 02-60 FP 230VAC - Dosing Pump Shop B.V.","isPartOf":{"@id":"https:\/\/dosingpump.shop\/de\/#website"},"primaryImageOfPage":{"@id":"https:\/\/dosingpump.shop\/product\/emec-ams-co-plus-02-60-fp-230vac-2\/#primaryimage"},"image":{"@id":"https:\/\/dosingpump.shop\/product\/emec-ams-co-plus-02-60-fp-230vac-2\/#primaryimage"},"thumbnailUrl":"https:\/\/dosingpump.shop\/wp-content\/uploads\/2024\/12\/Emec-AMS-Series.webp","datePublished":"2025-07-25T14:50:32+00:00","dateModified":"2026-02-27T12:50:48+00:00","breadcrumb":{"@id":"https:\/\/dosingpump.shop\/product\/emec-ams-co-plus-02-60-fp-230vac-2\/#breadcrumb"},"inLanguage":"fi","potentialAction":[{"@type":"ReadAction","target":["https:\/\/dosingpump.shop\/product\/emec-ams-co-plus-02-60-fp-230vac-2\/"]}]},{"@type":"ImageObject","inLanguage":"fi","@id":"https:\/\/dosingpump.shop\/product\/emec-ams-co-plus-02-60-fp-230vac-2\/#primaryimage","url":"https:\/\/dosingpump.shop\/wp-content\/uploads\/2024\/12\/Emec-AMS-Series.webp","contentUrl":"https:\/\/dosingpump.shop\/wp-content\/uploads\/2024\/12\/Emec-AMS-Series.webp","width":600,"height":600},{"@type":"BreadcrumbList","@id":"https:\/\/dosingpump.shop\/product\/emec-ams-co-plus-02-60-fp-230vac-2\/#breadcrumb","itemListElement":[{"@type":"ListItem","position":1,"name":"Home","item":"https:\/\/dosingpump.shop\/"},{"@type":"ListItem","position":2,"name":"Shop","item":"https:\/\/dosingpump.shop\/de\/shop\/"},{"@type":"ListItem","position":3,"name":"Emec AMS-CO-PLUS 02-60 FP 230VAC"}]},{"@type":"WebSite","@id":"https:\/\/dosingpump.shop\/de\/#website","url":"https:\/\/dosingpump.shop\/de\/","name":"Dosing Pump Shop B.V.","description":"","publisher":{"@id":"https:\/\/dosingpump.shop\/de\/#organization"},"potentialAction":[{"@type":"SearchAction","target":{"@type":"EntryPoint","urlTemplate":"https:\/\/dosingpump.shop\/de\/?s={search_term_string}"},"query-input":{"@type":"PropertyValueSpecification","valueRequired":true,"valueName":"search_term_string"}}],"inLanguage":"fi"},{"@type":"Organization","@id":"https:\/\/dosingpump.shop\/de\/#organization","name":"Dosing Pump Shop B.V.","url":"https:\/\/dosingpump.shop\/de\/","logo":{"@type":"ImageObject","inLanguage":"fi","@id":"https:\/\/dosingpump.shop\/de\/#\/schema\/logo\/image\/","url":"https:\/\/dosingpump.shop\/wp-content\/uploads\/2024\/10\/Dosing-Pump-Shop-logo.png","contentUrl":"https:\/\/dosingpump.shop\/wp-content\/uploads\/2024\/10\/Dosing-Pump-Shop-logo.png","width":350,"height":45,"caption":"Dosing Pump Shop B.V."},"image":{"@id":"https:\/\/dosingpump.shop\/de\/#\/schema\/logo\/image\/"},"sameAs":["https:\/\/linkedin.com\/company\/dosing-pump-shop"]}]},"product_price_amount":"816.00","product_price_currency":"EUR","og_availability":"backorder","product_availability":"available for order","product_retailer_item_id":"AUO02060K0000G00A000","product_condition":"new"},"_links":{"self":[{"href":"https:\/\/dosingpump.shop\/fi\/wp-json\/wp\/v2\/product\/8195","targetHints":{"allow":["GET"]}}],"collection":[{"href":"https:\/\/dosingpump.shop\/fi\/wp-json\/wp\/v2\/product"}],"about":[{"href":"https:\/\/dosingpump.shop\/fi\/wp-json\/wp\/v2\/types\/product"}],"wp:featuredmedia":[{"embeddable":true,"href":"https:\/\/dosingpump.shop\/fi\/wp-json\/wp\/v2\/media\/5190"}],"wp:attachment":[{"href":"https:\/\/dosingpump.shop\/fi\/wp-json\/wp\/v2\/media?parent=8195"}],"wp:term":[{"taxonomy":"product_brand","embeddable":true,"href":"https:\/\/dosingpump.shop\/fi\/wp-json\/wp\/v2\/product_brand?post=8195"},{"taxonomy":"product_cat","embeddable":true,"href":"https:\/\/dosingpump.shop\/fi\/wp-json\/wp\/v2\/product_cat?post=8195"},{"taxonomy":"product_tag","embeddable":true,"href":"https:\/\/dosingpump.shop\/fi\/wp-json\/wp\/v2\/product_tag?post=8195"}],"curies":[{"name":"wp","href":"https:\/\/api.w.org\/{rel}","templated":true}]}}