{"id":3910,"date":"2024-12-05T12:21:29","date_gmt":"2024-12-05T12:21:29","guid":{"rendered":"https:\/\/dosingpump.shop\/?post_type=product&#038;p=3910"},"modified":"2026-02-27T14:49:13","modified_gmt":"2026-02-27T12:49:13","slug":"compteur-deau-catci-25-1-4i-l","status":"publish","type":"product","link":"https:\/\/dosingpump.shop\/fr\/product\/watermeter-catci-25-1-4i-l\/","title":{"rendered":"Compteur d'eau CATCI-25 1\" 4i\/L"},"content":{"rendered":"<h3>Emec CatCi | Compteur d'eau avec impulsion pour l'eau chaude<\/h3>\n<p>Les <strong>Emec CatCi<\/strong> est un compteur d'eau avec g\u00e9n\u00e9rateur d'impulsions con\u00e7u pour mesurer avec pr\u00e9cision les d\u00e9bits d'eau. Ce produit est utilis\u00e9 pour contr\u00f4ler les pompes de dosage ou les r\u00e9gulateurs. Il g\u00e9n\u00e8re un nombre d'impulsions par litre d'eau. Ces impulsions permettent \u00e0 une pompe doseuse de doser une quantit\u00e9 sp\u00e9cifique de liquide. L'Emec CatCi est donc id\u00e9al pour des applications telles que la pr\u00e9vention de la l\u00e9gionellose ou le m\u00e9lange de solutions telles que le peroxyde d'hydrog\u00e8ne ou le chlore.<\/p>\n<p>Gr\u00e2ce \u00e0 son cadran sec, ce compteur d'eau convient aux liquides contenant de petites particules de salet\u00e9. De plus, le compteur est con\u00e7u pour fonctionner \u00e0 des temp\u00e9ratures allant jusqu'\u00e0 90\u00b0C. Notez que pour une communication correcte avec la pompe doseuse, une pompe avec une configuration MF (Multifonction) est n\u00e9cessaire.<\/p>\n<h4>Quelles sont les versions et les connexions disponibles ?<\/h4>\n<p>Le tableau ci-dessous vous indique les versions disponibles et les raccordements correspondants. Vous n'\u00eates pas s\u00fbr du compteur d'eau qu'il vous faut ? N'h\u00e9sitez pas \u00e0 nous contacter.<\/p>\n<ul>\n<li><strong>CATCI 15<\/strong>Raccordement : 15 mm (1\/2 pouce)<\/li>\n<li><strong>CATCI 20<\/strong>Raccordement : 20 mm (3\/4 de pouce)<\/li>\n<li><strong>CATCI 25<\/strong>Connexion de 25 mm (1 pouce)<\/li>\n<li><strong>CATCI 30<\/strong>Raccordement : 30 mm (1,1\/4 pouce)<\/li>\n<li><strong>CATCI 40<\/strong>Raccordement : 40 mm (1,1\/2 pouce)<\/li>\n<li><strong>CATCI 50<\/strong>Connexion de 50 mm (2 pouces)<\/li>\n<\/ul>\n<p><strong>Remarque :<\/strong> le choix de la bonne configuration est crucial. Vous avez des doutes ? Prenez contact avec nous. Nous nous ferons un plaisir de vous conseiller sur le compteur d'eau adapt\u00e9 \u00e0 votre application.<\/p>","protected":false},"excerpt":{"rendered":"<p>Particuli\u00e8rement adapt\u00e9 \u00e0 l'eau chaude\/chaude, ce compteur d'impulsions \u00e0 cadran sec permet de contr\u00f4ler un dosage en ppm ou en pourcentage.<\/p>\n<ul>\n<li>Convient pour l'eau chaude, m\u00eame avec des particules de salet\u00e9<\/li>\n<li>Convient pour des temp\u00e9ratures d'eau allant jusqu'\u00e0 90\u00b0C<\/li>\n<li>Pression d'eau maximale de 16 bars<\/li>\n<li>Fourni avec un c\u00e2ble de 2,5 m\u00e8tres<\/li>\n<\/ul>","protected":false},"featured_media":5880,"template":"","meta":[],"product_brand":[],"product_cat":[34,40],"product_tag":[],"class_list":{"0":"post-3910","1":"product","2":"type-product","3":"status-publish","4":"has-post-thumbnail","6":"product_cat-accessoires","7":"product_cat-watermeter-met-pulsgever","9":"first","10":"instock","11":"taxable","12":"shipping-taxable","13":"purchasable","14":"product-type-simple"},"yoast_head":"<!-- This site is optimized with the Yoast SEO plugin v27.2 - https:\/\/yoast.com\/product\/yoast-seo-wordpress\/ -->\n<title>Watermeter CATCI-25 1&#039;&#039; 4i\/L | Dosing Pump Shop B.V.<\/title>\n<meta name=\"robots\" content=\"index, follow, max-snippet:-1, max-image-preview:large, max-video-preview:-1\" \/>\n<link rel=\"canonical\" href=\"https:\/\/dosingpump.shop\/fr\/produit\/compteur-deau-catci-25-1-4i-l\/\" \/>\n<meta property=\"og:locale\" content=\"fr_FR\" \/>\n<meta property=\"og:type\" content=\"article\" \/>\n<meta property=\"og:title\" content=\"Watermeter CATCI-25 1&#039;&#039; 4i\/L | Dosing Pump Shop B.V.\" \/>\n<meta property=\"og:description\" content=\"Speciaal voor gebruik met warm\/heet water.Pulsgever met droge wijzerplaat.Voor het regelen van een dosering op ppm of percentage.   Geschikt voor Heet water, ook met vuildeeltjes  Geschikt voor Watertempratuur tot 90\u00b0C  Maximale waterdruk van 16 bar  Geleverd met 2,5 meter kabel\" \/>\n<meta property=\"og:url\" content=\"https:\/\/dosingpump.shop\/fr\/produit\/compteur-deau-catci-25-1-4i-l\/\" \/>\n<meta property=\"og:site_name\" content=\"Dosing Pump Shop B.V.\" \/>\n<meta property=\"article:modified_time\" content=\"2026-02-27T12:49:13+00:00\" \/>\n<meta property=\"og:image\" content=\"https:\/\/dosingpump.shop\/wp-content\/uploads\/2024\/12\/Emec-CatCi.png\" \/>\n\t<meta property=\"og:image:width\" content=\"500\" \/>\n\t<meta property=\"og:image:height\" content=\"500\" \/>\n\t<meta property=\"og:image:type\" content=\"image\/png\" \/>\n<meta name=\"twitter:card\" content=\"summary_large_image\" \/>\n<meta name=\"twitter:label1\" content=\"Prix\" \/>\n\t<meta name=\"twitter:data1\" content=\"&euro;297,00\" \/>\n\t<meta name=\"twitter:label2\" content=\"Disponibilit\u00e9\" \/>\n\t<meta name=\"twitter:data2\" content=\"En stock\" \/>\n<script type=\"application\/ld+json\" class=\"yoast-schema-graph\">{\"@context\":\"https:\/\/schema.org\",\"@graph\":[{\"@type\":\"WebPage\",\"@id\":\"https:\/\/dosingpump.shop\/pt\/produto\/contador-de-agua-catci-25-1-4i-l\/\",\"url\":\"https:\/\/dosingpump.shop\/pt\/produto\/contador-de-agua-catci-25-1-4i-l\/\",\"name\":\"Watermeter CATCI-25 1'' 4i\/L | Dosing Pump Shop B.V.\",\"isPartOf\":{\"@id\":\"https:\/\/dosingpump.shop\/de\/#website\"},\"primaryImageOfPage\":{\"@id\":\"https:\/\/dosingpump.shop\/pt\/produto\/contador-de-agua-catci-25-1-4i-l\/#primaryimage\"},\"image\":{\"@id\":\"https:\/\/dosingpump.shop\/pt\/produto\/contador-de-agua-catci-25-1-4i-l\/#primaryimage\"},\"thumbnailUrl\":\"https:\/\/dosingpump.shop\/wp-content\/uploads\/2024\/12\/Emec-CatCi.png\",\"datePublished\":\"2024-12-05T12:21:29+00:00\",\"dateModified\":\"2026-02-27T12:49:13+00:00\",\"breadcrumb\":{\"@id\":\"https:\/\/dosingpump.shop\/pt\/produto\/contador-de-agua-catci-25-1-4i-l\/#breadcrumb\"},\"inLanguage\":\"fr-FR\",\"potentialAction\":[{\"@type\":\"ReadAction\",\"target\":[\"https:\/\/dosingpump.shop\/pt\/produto\/contador-de-agua-catci-25-1-4i-l\/\"]}]},{\"@type\":\"ImageObject\",\"inLanguage\":\"fr-FR\",\"@id\":\"https:\/\/dosingpump.shop\/pt\/produto\/contador-de-agua-catci-25-1-4i-l\/#primaryimage\",\"url\":\"https:\/\/dosingpump.shop\/wp-content\/uploads\/2024\/12\/Emec-CatCi.png\",\"contentUrl\":\"https:\/\/dosingpump.shop\/wp-content\/uploads\/2024\/12\/Emec-CatCi.png\",\"width\":500,\"height\":500},{\"@type\":\"BreadcrumbList\",\"@id\":\"https:\/\/dosingpump.shop\/pt\/produto\/contador-de-agua-catci-25-1-4i-l\/#breadcrumb\",\"itemListElement\":[{\"@type\":\"ListItem\",\"position\":1,\"name\":\"Home\",\"item\":\"https:\/\/dosingpump.shop\/\"},{\"@type\":\"ListItem\",\"position\":2,\"name\":\"Shop\",\"item\":\"https:\/\/dosingpump.shop\/de\/shop\/\"},{\"@type\":\"ListItem\",\"position\":3,\"name\":\"Watermeter CATCI-25 1&#8221; 4i\/L\"}]},{\"@type\":\"WebSite\",\"@id\":\"https:\/\/dosingpump.shop\/de\/#website\",\"url\":\"https:\/\/dosingpump.shop\/de\/\",\"name\":\"Dosing Pump Shop B.V.\",\"description\":\"\",\"publisher\":{\"@id\":\"https:\/\/dosingpump.shop\/de\/#organization\"},\"potentialAction\":[{\"@type\":\"SearchAction\",\"target\":{\"@type\":\"EntryPoint\",\"urlTemplate\":\"https:\/\/dosingpump.shop\/de\/?s={search_term_string}\"},\"query-input\":{\"@type\":\"PropertyValueSpecification\",\"valueRequired\":true,\"valueName\":\"search_term_string\"}}],\"inLanguage\":\"fr-FR\"},{\"@type\":\"Organization\",\"@id\":\"https:\/\/dosingpump.shop\/de\/#organization\",\"name\":\"Dosing Pump Shop B.V.\",\"url\":\"https:\/\/dosingpump.shop\/de\/\",\"logo\":{\"@type\":\"ImageObject\",\"inLanguage\":\"fr-FR\",\"@id\":\"https:\/\/dosingpump.shop\/de\/#\/schema\/logo\/image\/\",\"url\":\"https:\/\/dosingpump.shop\/wp-content\/uploads\/2024\/10\/Dosing-Pump-Shop-logo.png\",\"contentUrl\":\"https:\/\/dosingpump.shop\/wp-content\/uploads\/2024\/10\/Dosing-Pump-Shop-logo.png\",\"width\":350,\"height\":45,\"caption\":\"Dosing Pump Shop B.V.\"},\"image\":{\"@id\":\"https:\/\/dosingpump.shop\/de\/#\/schema\/logo\/image\/\"},\"sameAs\":[\"https:\/\/linkedin.com\/company\/dosing-pump-shop\"]}]}<\/script>\n<meta property=\"product:price:amount\" content=\"297.00\" \/>\n<meta property=\"product:price:currency\" content=\"EUR\" \/>\n<meta property=\"og:availability\" content=\"instock\" \/>\n<meta property=\"product:availability\" content=\"instock\" \/>\n<meta property=\"product:retailer_item_id\" content=\"CATCI025004L02,5000X\" \/>\n<meta property=\"product:condition\" content=\"new\" \/>\n<!-- \/ Yoast SEO plugin. -->","yoast_head_json":{"title":"Compteur d'eau CATCI-25 1'' 4i\/L | Dosing Pump Shop B.V.","robots":{"index":"index","follow":"follow","max-snippet":"max-snippet:-1","max-image-preview":"max-image-preview:large","max-video-preview":"max-video-preview:-1"},"canonical":"https:\/\/dosingpump.shop\/fr\/produit\/compteur-deau-catci-25-1-4i-l\/","og_locale":"fr_FR","og_type":"article","og_title":"Watermeter CATCI-25 1'' 4i\/L | Dosing Pump Shop B.V.","og_description":"Speciaal voor gebruik met warm\/heet water.Pulsgever met droge wijzerplaat.Voor het regelen van een dosering op ppm of percentage.   Geschikt voor Heet water, ook met vuildeeltjes  Geschikt voor Watertempratuur tot 90\u00b0C  Maximale waterdruk van 16 bar  Geleverd met 2,5 meter kabel","og_url":"https:\/\/dosingpump.shop\/fr\/produit\/compteur-deau-catci-25-1-4i-l\/","og_site_name":"Dosing Pump Shop B.V.","article_modified_time":"2026-02-27T12:49:13+00:00","og_image":[{"width":500,"height":500,"url":"https:\/\/dosingpump.shop\/wp-content\/uploads\/2024\/12\/Emec-CatCi.png","type":"image\/png"}],"twitter_card":"summary_large_image","twitter_misc":{"Prix":"&euro;297,00","Disponibilit\u00e9":"En stock"},"schema":{"@context":"https:\/\/schema.org","@graph":[{"@type":"WebPage","@id":"https:\/\/dosingpump.shop\/pt\/produto\/contador-de-agua-catci-25-1-4i-l\/","url":"https:\/\/dosingpump.shop\/pt\/produto\/contador-de-agua-catci-25-1-4i-l\/","name":"Compteur d'eau CATCI-25 1'' 4i\/L | Dosing Pump Shop B.V.","isPartOf":{"@id":"https:\/\/dosingpump.shop\/de\/#website"},"primaryImageOfPage":{"@id":"https:\/\/dosingpump.shop\/pt\/produto\/contador-de-agua-catci-25-1-4i-l\/#primaryimage"},"image":{"@id":"https:\/\/dosingpump.shop\/pt\/produto\/contador-de-agua-catci-25-1-4i-l\/#primaryimage"},"thumbnailUrl":"https:\/\/dosingpump.shop\/wp-content\/uploads\/2024\/12\/Emec-CatCi.png","datePublished":"2024-12-05T12:21:29+00:00","dateModified":"2026-02-27T12:49:13+00:00","breadcrumb":{"@id":"https:\/\/dosingpump.shop\/pt\/produto\/contador-de-agua-catci-25-1-4i-l\/#breadcrumb"},"inLanguage":"fr-FR","potentialAction":[{"@type":"ReadAction","target":["https:\/\/dosingpump.shop\/pt\/produto\/contador-de-agua-catci-25-1-4i-l\/"]}]},{"@type":"ImageObject","inLanguage":"fr-FR","@id":"https:\/\/dosingpump.shop\/pt\/produto\/contador-de-agua-catci-25-1-4i-l\/#primaryimage","url":"https:\/\/dosingpump.shop\/wp-content\/uploads\/2024\/12\/Emec-CatCi.png","contentUrl":"https:\/\/dosingpump.shop\/wp-content\/uploads\/2024\/12\/Emec-CatCi.png","width":500,"height":500},{"@type":"BreadcrumbList","@id":"https:\/\/dosingpump.shop\/pt\/produto\/contador-de-agua-catci-25-1-4i-l\/#breadcrumb","itemListElement":[{"@type":"ListItem","position":1,"name":"Home","item":"https:\/\/dosingpump.shop\/"},{"@type":"ListItem","position":2,"name":"Shop","item":"https:\/\/dosingpump.shop\/de\/shop\/"},{"@type":"ListItem","position":3,"name":"Watermeter CATCI-25 1&#8221; 4i\/L"}]},{"@type":"WebSite","@id":"https:\/\/dosingpump.shop\/de\/#website","url":"https:\/\/dosingpump.shop\/de\/","name":"Dosing Pump Shop B.V.","description":"","publisher":{"@id":"https:\/\/dosingpump.shop\/de\/#organization"},"potentialAction":[{"@type":"SearchAction","target":{"@type":"EntryPoint","urlTemplate":"https:\/\/dosingpump.shop\/de\/?s={search_term_string}"},"query-input":{"@type":"PropertyValueSpecification","valueRequired":true,"valueName":"search_term_string"}}],"inLanguage":"fr-FR"},{"@type":"Organization","@id":"https:\/\/dosingpump.shop\/de\/#organization","name":"Dosing Pump Shop B.V.","url":"https:\/\/dosingpump.shop\/de\/","logo":{"@type":"ImageObject","inLanguage":"fr-FR","@id":"https:\/\/dosingpump.shop\/de\/#\/schema\/logo\/image\/","url":"https:\/\/dosingpump.shop\/wp-content\/uploads\/2024\/10\/Dosing-Pump-Shop-logo.png","contentUrl":"https:\/\/dosingpump.shop\/wp-content\/uploads\/2024\/10\/Dosing-Pump-Shop-logo.png","width":350,"height":45,"caption":"Dosing Pump Shop B.V."},"image":{"@id":"https:\/\/dosingpump.shop\/de\/#\/schema\/logo\/image\/"},"sameAs":["https:\/\/linkedin.com\/company\/dosing-pump-shop"]}]},"product_price_amount":"297.00","product_price_currency":"EUR","og_availability":"instock","product_availability":"instock","product_retailer_item_id":"CATCI025004L02,5000X","product_condition":"new"},"_links":{"self":[{"href":"https:\/\/dosingpump.shop\/fr\/wp-json\/wp\/v2\/product\/3910","targetHints":{"allow":["GET"]}}],"collection":[{"href":"https:\/\/dosingpump.shop\/fr\/wp-json\/wp\/v2\/product"}],"about":[{"href":"https:\/\/dosingpump.shop\/fr\/wp-json\/wp\/v2\/types\/product"}],"wp:featuredmedia":[{"embeddable":true,"href":"https:\/\/dosingpump.shop\/fr\/wp-json\/wp\/v2\/media\/5880"}],"wp:attachment":[{"href":"https:\/\/dosingpump.shop\/fr\/wp-json\/wp\/v2\/media?parent=3910"}],"wp:term":[{"taxonomy":"product_brand","embeddable":true,"href":"https:\/\/dosingpump.shop\/fr\/wp-json\/wp\/v2\/product_brand?post=3910"},{"taxonomy":"product_cat","embeddable":true,"href":"https:\/\/dosingpump.shop\/fr\/wp-json\/wp\/v2\/product_cat?post=3910"},{"taxonomy":"product_tag","embeddable":true,"href":"https:\/\/dosingpump.shop\/fr\/wp-json\/wp\/v2\/product_tag?post=3910"}],"curies":[{"name":"wp","href":"https:\/\/api.w.org\/{rel}","templated":true}]}}