{"id":3928,"date":"2024-12-05T12:21:33","date_gmt":"2024-12-05T12:21:33","guid":{"rendered":"https:\/\/dosingpump.shop\/product\/doseerinstallatie-kacl\/"},"modified":"2026-02-27T14:49:14","modified_gmt":"2026-02-27T12:49:14","slug":"unite-de-dosage-kacl","status":"publish","type":"product","link":"https:\/\/dosingpump.shop\/fr\/product\/doseerinstallatie-kacl\/","title":{"rendered":"Unit\u00e9 de dosage KACL"},"content":{"rendered":"<h2 style=\"font-size: 1.6em; margin-bottom: 20px;\">Unit\u00e9 de dosage compl\u00e8te KACL<\/h2>\n<p>Vous \u00eates \u00e0 la recherche d'une installation de dosage cl\u00e9 en main pour le dosage en toute s\u00e9curit\u00e9 de produits chimiques ? L'installation de dosage KACL m\u00e9rite alors d'\u00eatre prise en consid\u00e9ration. Le r\u00e9servoir de 110 litres est \u00e9quip\u00e9 d'un m\u00e9langeur automatique avec moteur \u00e9lectrique, d'une lance d'aspiration, d'un \u00e9vent et d'une pompe de dosage.<\/p>\n<p>La pompe doseuse KACL est \u00e9quip\u00e9e d'une purge automatique et peut \u00eatre r\u00e9gl\u00e9e tr\u00e8s pr\u00e9cis\u00e9ment gr\u00e2ce au volume de course r\u00e9glable. Diff\u00e9rentes pressions et d\u00e9bits sont disponibles.<\/p>\n<h3 style=\"font-size: 1.2em; margin-bottom: 20px;\">En quoi consiste l'unit\u00e9 de dosage KACL ?<\/h3>\n<ul style=\"list-style-type: disc; margin-left: 2rem;\">\n<li>Un r\u00e9servoir de produits chimiques de 110 litres avec purge d'air<\/li>\n<li>A MIXVN8 Agitateur de 0,09 kW<\/li>\n<li>Une lance d'aspiration LASP4 avec flotteur, qui arr\u00eate la pompe doseuse en cas de faible niveau.<\/li>\n<li>Une pompe doseuse KACL \u00e0 volume de course r\u00e9glable<\/li>\n<\/ul>\n<h3 style=\"font-size: 1.2em; margin-bottom: 20px;\">\u00c9galement disponible pour ce nourrisseur :<\/h3>\n<ul style=\"list-style-type: disc; margin-left: 2rem;\">\n<li>Pompe doseuse KMSA MF, contr\u00f4lable par signal 4-20 mA<\/li>\n<li>Compteur d'eau avec g\u00e9n\u00e9rateur d'impulsions (i.c.w.) KMSA MF<\/li>\n<li>Plateau d'\u00e9gouttage<\/li>\n<li>R\u00e9servoir de produits chimiques jusqu'\u00e0 1000 litres<\/li>\n<\/ul>","protected":false},"excerpt":{"rendered":"<h4>Unit\u00e9 de dosage compl\u00e8te KACL<\/h4>\n<p>Unit\u00e9 de dosage pr\u00eate \u00e0 l'emploi avec pompe de dosage et agitateur automatique.<\/p>\n<p>Convient \u00e0 divers produits chimiques. Plus d'informations ? Demandez un devis !<\/p>\n<p>Pompe doseuse proportionnelle disponible.<\/p>","protected":false},"featured_media":3927,"template":"","meta":[],"product_brand":[],"product_cat":[48,17,27,80],"product_tag":[],"class_list":{"0":"post-3928","1":"product","2":"type-product","3":"status-publish","4":"has-post-thumbnail","6":"product_cat-doseerinstallaties","7":"product_cat-doseerpompen","8":"product_cat-complete-oplossingen","9":"product_cat-doseerunits","11":"first","12":"instock","13":"taxable","14":"shipping-taxable","15":"purchasable","16":"product-type-simple"},"yoast_head":"<!-- This site is optimized with the Yoast SEO plugin v27.2 - https:\/\/yoast.com\/product\/yoast-seo-wordpress\/ -->\n<title>Doseerinstallatie KACL | Dosing Pump Shop B.V.<\/title>\n<meta name=\"description\" content=\"Complete doseerinstallatie met roerwerk, vat, doseerpomp en aanzuig lans. Deze complete doseerinstallatie is uit voorraad leverbaar.\" \/>\n<meta name=\"robots\" content=\"index, follow, max-snippet:-1, max-image-preview:large, max-video-preview:-1\" \/>\n<link rel=\"canonical\" href=\"https:\/\/dosingpump.shop\/fr\/produit\/unite-de-dosage-kacl\/\" \/>\n<meta property=\"og:locale\" content=\"fr_FR\" \/>\n<meta property=\"og:type\" content=\"article\" \/>\n<meta property=\"og:title\" content=\"Doseerinstallatie KACL | Dosing Pump Shop B.V.\" \/>\n<meta property=\"og:description\" content=\"Complete doseerinstallatie met roerwerk, vat, doseerpomp en aanzuig lans. Deze complete doseerinstallatie is uit voorraad leverbaar.\" \/>\n<meta property=\"og:url\" content=\"https:\/\/dosingpump.shop\/fr\/produit\/unite-de-dosage-kacl\/\" \/>\n<meta property=\"og:site_name\" content=\"Dosing Pump Shop B.V.\" \/>\n<meta property=\"article:modified_time\" content=\"2026-02-27T12:49:14+00:00\" \/>\n<meta property=\"og:image\" content=\"https:\/\/dosingpump.shop\/wp-content\/uploads\/2024\/12\/doseerinstallatie_kmsa-removebg-preview-1.webp\" \/>\n\t<meta property=\"og:image:width\" content=\"500\" \/>\n\t<meta property=\"og:image:height\" content=\"500\" \/>\n\t<meta property=\"og:image:type\" content=\"image\/webp\" \/>\n<meta name=\"twitter:card\" content=\"summary_large_image\" \/>\n<meta name=\"twitter:label1\" content=\"Prix\" \/>\n\t<meta name=\"twitter:data1\" content=\"&euro;1.238,00\" \/>\n\t<meta name=\"twitter:label2\" content=\"Disponibilit\u00e9\" \/>\n\t<meta name=\"twitter:data2\" content=\"En stock\" \/>\n<script type=\"application\/ld+json\" class=\"yoast-schema-graph\">{\"@context\":\"https:\/\/schema.org\",\"@graph\":[{\"@type\":\"WebPage\",\"@id\":\"https:\/\/dosingpump.shop\/en\/product\/dosing-unit-kacl\/\",\"url\":\"https:\/\/dosingpump.shop\/en\/product\/dosing-unit-kacl\/\",\"name\":\"Doseerinstallatie KACL | Dosing Pump Shop B.V.\",\"isPartOf\":{\"@id\":\"https:\/\/dosingpump.shop\/de\/#website\"},\"primaryImageOfPage\":{\"@id\":\"https:\/\/dosingpump.shop\/en\/product\/dosing-unit-kacl\/#primaryimage\"},\"image\":{\"@id\":\"https:\/\/dosingpump.shop\/en\/product\/dosing-unit-kacl\/#primaryimage\"},\"thumbnailUrl\":\"https:\/\/dosingpump.shop\/wp-content\/uploads\/2024\/12\/doseerinstallatie_kmsa-removebg-preview-1.webp\",\"datePublished\":\"2024-12-05T12:21:33+00:00\",\"dateModified\":\"2026-02-27T12:49:14+00:00\",\"description\":\"Complete doseerinstallatie met roerwerk, vat, doseerpomp en aanzuig lans. Deze complete doseerinstallatie is uit voorraad leverbaar.\",\"breadcrumb\":{\"@id\":\"https:\/\/dosingpump.shop\/en\/product\/dosing-unit-kacl\/#breadcrumb\"},\"inLanguage\":\"fr-FR\",\"potentialAction\":[{\"@type\":\"ReadAction\",\"target\":[\"https:\/\/dosingpump.shop\/en\/product\/dosing-unit-kacl\/\"]}]},{\"@type\":\"ImageObject\",\"inLanguage\":\"fr-FR\",\"@id\":\"https:\/\/dosingpump.shop\/en\/product\/dosing-unit-kacl\/#primaryimage\",\"url\":\"https:\/\/dosingpump.shop\/wp-content\/uploads\/2024\/12\/doseerinstallatie_kmsa-removebg-preview-1.webp\",\"contentUrl\":\"https:\/\/dosingpump.shop\/wp-content\/uploads\/2024\/12\/doseerinstallatie_kmsa-removebg-preview-1.webp\",\"width\":500,\"height\":500},{\"@type\":\"BreadcrumbList\",\"@id\":\"https:\/\/dosingpump.shop\/en\/product\/dosing-unit-kacl\/#breadcrumb\",\"itemListElement\":[{\"@type\":\"ListItem\",\"position\":1,\"name\":\"Home\",\"item\":\"https:\/\/dosingpump.shop\/\"},{\"@type\":\"ListItem\",\"position\":2,\"name\":\"Shop\",\"item\":\"https:\/\/dosingpump.shop\/de\/shop\/\"},{\"@type\":\"ListItem\",\"position\":3,\"name\":\"Doseerinstallatie KACL\"}]},{\"@type\":\"WebSite\",\"@id\":\"https:\/\/dosingpump.shop\/de\/#website\",\"url\":\"https:\/\/dosingpump.shop\/de\/\",\"name\":\"Dosing Pump Shop B.V.\",\"description\":\"\",\"publisher\":{\"@id\":\"https:\/\/dosingpump.shop\/de\/#organization\"},\"potentialAction\":[{\"@type\":\"SearchAction\",\"target\":{\"@type\":\"EntryPoint\",\"urlTemplate\":\"https:\/\/dosingpump.shop\/de\/?s={search_term_string}\"},\"query-input\":{\"@type\":\"PropertyValueSpecification\",\"valueRequired\":true,\"valueName\":\"search_term_string\"}}],\"inLanguage\":\"fr-FR\"},{\"@type\":\"Organization\",\"@id\":\"https:\/\/dosingpump.shop\/de\/#organization\",\"name\":\"Dosing Pump Shop B.V.\",\"url\":\"https:\/\/dosingpump.shop\/de\/\",\"logo\":{\"@type\":\"ImageObject\",\"inLanguage\":\"fr-FR\",\"@id\":\"https:\/\/dosingpump.shop\/de\/#\/schema\/logo\/image\/\",\"url\":\"https:\/\/dosingpump.shop\/wp-content\/uploads\/2024\/10\/Dosing-Pump-Shop-logo.png\",\"contentUrl\":\"https:\/\/dosingpump.shop\/wp-content\/uploads\/2024\/10\/Dosing-Pump-Shop-logo.png\",\"width\":350,\"height\":45,\"caption\":\"Dosing Pump Shop B.V.\"},\"image\":{\"@id\":\"https:\/\/dosingpump.shop\/de\/#\/schema\/logo\/image\/\"},\"sameAs\":[\"https:\/\/linkedin.com\/company\/dosing-pump-shop\"]}]}<\/script>\n<meta property=\"product:price:amount\" content=\"1238.00\" \/>\n<meta property=\"product:price:currency\" content=\"EUR\" \/>\n<meta property=\"og:availability\" content=\"instock\" \/>\n<meta property=\"product:availability\" content=\"instock\" \/>\n<meta property=\"product:retailer_item_id\" content=\"Emec-DOS-KMSA\" \/>\n<meta property=\"product:condition\" content=\"new\" \/>\n<!-- \/ Yoast SEO plugin. -->","yoast_head_json":{"title":"Installation de dosage KACL | Dosing Pump Shop B.V.","description":"Unit\u00e9 de dosage compl\u00e8te avec agitateur, cuve, pompe doseuse et lance d'aspiration. Cette installation de dosage compl\u00e8te est disponible en stock.","robots":{"index":"index","follow":"follow","max-snippet":"max-snippet:-1","max-image-preview":"max-image-preview:large","max-video-preview":"max-video-preview:-1"},"canonical":"https:\/\/dosingpump.shop\/fr\/produit\/unite-de-dosage-kacl\/","og_locale":"fr_FR","og_type":"article","og_title":"Doseerinstallatie KACL | Dosing Pump Shop B.V.","og_description":"Complete doseerinstallatie met roerwerk, vat, doseerpomp en aanzuig lans. Deze complete doseerinstallatie is uit voorraad leverbaar.","og_url":"https:\/\/dosingpump.shop\/fr\/produit\/unite-de-dosage-kacl\/","og_site_name":"Dosing Pump Shop B.V.","article_modified_time":"2026-02-27T12:49:14+00:00","og_image":[{"width":500,"height":500,"url":"https:\/\/dosingpump.shop\/wp-content\/uploads\/2024\/12\/doseerinstallatie_kmsa-removebg-preview-1.webp","type":"image\/webp"}],"twitter_card":"summary_large_image","twitter_misc":{"Prix":"&euro;1.238,00","Disponibilit\u00e9":"En stock"},"schema":{"@context":"https:\/\/schema.org","@graph":[{"@type":"WebPage","@id":"https:\/\/dosingpump.shop\/en\/product\/dosing-unit-kacl\/","url":"https:\/\/dosingpump.shop\/en\/product\/dosing-unit-kacl\/","name":"Installation de dosage KACL | Dosing Pump Shop B.V.","isPartOf":{"@id":"https:\/\/dosingpump.shop\/de\/#website"},"primaryImageOfPage":{"@id":"https:\/\/dosingpump.shop\/en\/product\/dosing-unit-kacl\/#primaryimage"},"image":{"@id":"https:\/\/dosingpump.shop\/en\/product\/dosing-unit-kacl\/#primaryimage"},"thumbnailUrl":"https:\/\/dosingpump.shop\/wp-content\/uploads\/2024\/12\/doseerinstallatie_kmsa-removebg-preview-1.webp","datePublished":"2024-12-05T12:21:33+00:00","dateModified":"2026-02-27T12:49:14+00:00","description":"Unit\u00e9 de dosage compl\u00e8te avec agitateur, cuve, pompe doseuse et lance d'aspiration. Cette installation de dosage compl\u00e8te est disponible en stock.","breadcrumb":{"@id":"https:\/\/dosingpump.shop\/en\/product\/dosing-unit-kacl\/#breadcrumb"},"inLanguage":"fr-FR","potentialAction":[{"@type":"ReadAction","target":["https:\/\/dosingpump.shop\/en\/product\/dosing-unit-kacl\/"]}]},{"@type":"ImageObject","inLanguage":"fr-FR","@id":"https:\/\/dosingpump.shop\/en\/product\/dosing-unit-kacl\/#primaryimage","url":"https:\/\/dosingpump.shop\/wp-content\/uploads\/2024\/12\/doseerinstallatie_kmsa-removebg-preview-1.webp","contentUrl":"https:\/\/dosingpump.shop\/wp-content\/uploads\/2024\/12\/doseerinstallatie_kmsa-removebg-preview-1.webp","width":500,"height":500},{"@type":"BreadcrumbList","@id":"https:\/\/dosingpump.shop\/en\/product\/dosing-unit-kacl\/#breadcrumb","itemListElement":[{"@type":"ListItem","position":1,"name":"Home","item":"https:\/\/dosingpump.shop\/"},{"@type":"ListItem","position":2,"name":"Shop","item":"https:\/\/dosingpump.shop\/de\/shop\/"},{"@type":"ListItem","position":3,"name":"Doseerinstallatie KACL"}]},{"@type":"WebSite","@id":"https:\/\/dosingpump.shop\/de\/#website","url":"https:\/\/dosingpump.shop\/de\/","name":"Dosing Pump Shop B.V.","description":"","publisher":{"@id":"https:\/\/dosingpump.shop\/de\/#organization"},"potentialAction":[{"@type":"SearchAction","target":{"@type":"EntryPoint","urlTemplate":"https:\/\/dosingpump.shop\/de\/?s={search_term_string}"},"query-input":{"@type":"PropertyValueSpecification","valueRequired":true,"valueName":"search_term_string"}}],"inLanguage":"fr-FR"},{"@type":"Organization","@id":"https:\/\/dosingpump.shop\/de\/#organization","name":"Dosing Pump Shop B.V.","url":"https:\/\/dosingpump.shop\/de\/","logo":{"@type":"ImageObject","inLanguage":"fr-FR","@id":"https:\/\/dosingpump.shop\/de\/#\/schema\/logo\/image\/","url":"https:\/\/dosingpump.shop\/wp-content\/uploads\/2024\/10\/Dosing-Pump-Shop-logo.png","contentUrl":"https:\/\/dosingpump.shop\/wp-content\/uploads\/2024\/10\/Dosing-Pump-Shop-logo.png","width":350,"height":45,"caption":"Dosing Pump Shop B.V."},"image":{"@id":"https:\/\/dosingpump.shop\/de\/#\/schema\/logo\/image\/"},"sameAs":["https:\/\/linkedin.com\/company\/dosing-pump-shop"]}]},"product_price_amount":"1238.00","product_price_currency":"EUR","og_availability":"instock","product_availability":"instock","product_retailer_item_id":"Emec-DOS-KMSA","product_condition":"new"},"_links":{"self":[{"href":"https:\/\/dosingpump.shop\/fr\/wp-json\/wp\/v2\/product\/3928","targetHints":{"allow":["GET"]}}],"collection":[{"href":"https:\/\/dosingpump.shop\/fr\/wp-json\/wp\/v2\/product"}],"about":[{"href":"https:\/\/dosingpump.shop\/fr\/wp-json\/wp\/v2\/types\/product"}],"wp:featuredmedia":[{"embeddable":true,"href":"https:\/\/dosingpump.shop\/fr\/wp-json\/wp\/v2\/media\/3927"}],"wp:attachment":[{"href":"https:\/\/dosingpump.shop\/fr\/wp-json\/wp\/v2\/media?parent=3928"}],"wp:term":[{"taxonomy":"product_brand","embeddable":true,"href":"https:\/\/dosingpump.shop\/fr\/wp-json\/wp\/v2\/product_brand?post=3928"},{"taxonomy":"product_cat","embeddable":true,"href":"https:\/\/dosingpump.shop\/fr\/wp-json\/wp\/v2\/product_cat?post=3928"},{"taxonomy":"product_tag","embeddable":true,"href":"https:\/\/dosingpump.shop\/fr\/wp-json\/wp\/v2\/product_tag?post=3928"}],"curies":[{"name":"wp","href":"https:\/\/api.w.org\/{rel}","templated":true}]}}