{"id":4017,"date":"2024-12-05T12:21:44","date_gmt":"2024-12-05T12:21:44","guid":{"rendered":"https:\/\/dosingpump.shop\/product\/geleidbaarheidssensor-eicd\/"},"modified":"2026-02-27T14:49:15","modified_gmt":"2026-02-27T12:49:15","slug":"capteur-de-conductivite-eicd","status":"publish","type":"product","link":"https:\/\/dosingpump.shop\/fr\/product\/geleidbaarheidssensor-eicd\/","title":{"rendered":"Capteur de conductivit\u00e9 EICD"},"content":{"rendered":"<p><a>Description<\/a><br \/>\n<a>Versions<\/a><br \/>\nDescription<\/p>\n<h2 style=\"margin-bottom: 20px;\"><span style=\"color: #000000;\">Capteur de conductivit\u00e9 EIDC<\/span>\u00e0 utiliser avec le contr\u00f4leur (Emec)<\/h2>\n<p>Ce g<span style=\"color: #000000;\">irectivit\u00e9 ?<\/span>mesure la conductivit\u00e9 d'une solution. Ce capteur mesure la conductivit\u00e9 \u00e0 l'aide d'\u00e9lectrodes en acier inoxydable. Le bo\u00eetier est en acier inoxydable, ce qui permet de l'utiliser \u00e0 des temp\u00e9ratures et des pressions \u00e9lev\u00e9es.<\/p>\n<p>Bien entendu, nous fournissons \u00e9galement les contr\u00f4leurs qui fonctionnent avec ces capteurs.<\/p>\n<p>Vous \u00eates \u00e0 la recherche d'un syst\u00e8me de mesure et de contr\u00f4le de la conductivit\u00e9 ? Nous nous ferons un plaisir de vous aider \u00e0 choisir le bon produit. N'h\u00e9sitez pas \u00e0 nous contacter !<\/p>\n<h3 style=\"font-size: 1.2em; font-style: normal; margin-bottom: 20px;\">Caract\u00e9ristiques Capteur de conductivit\u00e9 EIDC<\/h3>\n<ul style=\"margin-left: 2rem;\">\n<li style=\"font-family: Roboto, sans-serif; font-size: 15px; font-style: normal;\">Mat\u00e9riau : acier inoxydable 316L avec \u00e9lectrodes en acier inoxydable 316L<\/li>\n<li style=\"font-family: Roboto, sans-serif; font-size: 15px; font-style: normal;\">Possibilit\u00e9 de c\u00e2ble plus long<\/li>\n<li>Gamme : ?voir ?Versions ?<\/li>\n<li style=\"font-family: Roboto, sans-serif; font-size: 15px; font-style: normal;\">Pression maximale : voir \"Versions\".<\/li>\n<li style=\"font-family: Roboto, sans-serif; font-size: 15px; font-style: normal;\">Temp\u00e9rature maximale : ?voir ?Versions ?<\/li>\n<li style=\"font-family: Roboto, sans-serif; font-size: 15px; font-style: normal;\">Conductivit\u00e9 minimale:??voir ?Versions ?<\/li>\n<\/ul>\n<p>Versions<\/p>\n<p>Dans le tableau ci-dessous, vous pouvez voir quelles sont les versions disponibles. Dans le tableau, vous pouvez s\u00e9lectionner certaines d'entre elles. Vous ne trouvez pas le capteur de conductivit\u00e9 que vous souhaitez ? N'h\u00e9sitez pas \u00e0 nous contacter.<\/p>\n<table>\n<tbody>\n<tr>\n<td><b>Mod\u00e8le<\/b><\/td>\n<td><b>\u00e9lectrode<\/b><\/td>\n<td><b>gamme<\/b><\/td>\n<td><b>?bar<\/b><\/td>\n<td><b>temp\u00e9rature (?C)<\/b><\/td>\n<td><b>capteur de temp\u00e9rature ?<\/b><\/td>\n<td><b>c\u00e2ble (m)<\/b><\/td>\n<td><b>?corps<\/b><\/td>\n<td><b>?<\/b><\/td>\n<\/tr>\n<tr>\n<td>EICDC\/1<\/td>\n<td>SS k1<\/td>\n<td>0-20 ms<\/td>\n<td>?0-15<\/td>\n<td>0-130<\/td>\n<td>NTC<\/td>\n<td>4<\/td>\n<td>AISI 316<\/td>\n<td><\/td>\n<\/tr>\n<tr>\n<td>EICDC\/001<\/td>\n<td>SS k0,01<\/td>\n<td>0-20 _S<\/td>\n<td>?0-15<\/td>\n<td>0-130<\/td>\n<td>NTC<\/td>\n<td>4<\/td>\n<td>AISI 316<\/td>\n<td><\/td>\n<\/tr>\n<tr>\n<td>EICDC\/01<\/td>\n<td>SS k0.1<\/td>\n<td>0-200 _S<\/td>\n<td>?0-15<\/td>\n<td>0-130<\/td>\n<td>NTC<\/td>\n<td>4<\/td>\n<td>AISI 316<\/td>\n<td><\/td>\n<\/tr>\n<tr>\n<td>EICDCPT\/001<\/td>\n<td>SS k0,01<\/td>\n<td>0-20 _S<\/td>\n<td>?0-15<\/td>\n<td>0-130<\/td>\n<td>PT100<\/td>\n<td>4<\/td>\n<td>AISI 316<\/td>\n<td><\/td>\n<\/tr>\n<tr>\n<td>EICDCPT\/1<\/td>\n<td>SS k1<\/td>\n<td>?0-20 mS<\/td>\n<td>?0-15<\/td>\n<td>0-130<\/td>\n<td>PT100<\/td>\n<td>4<\/td>\n<td>AISI 316<\/td>\n<td><\/td>\n<\/tr>\n<tr>\n<td>EICDCPT\/01<\/td>\n<td>SS k0.1<\/td>\n<td>?0-200 _S<\/td>\n<td>?0-15<\/td>\n<td>0-130<\/td>\n<td>PT100<\/td>\n<td>4<\/td>\n<td>AISI 316<\/td>\n<td><\/td>\n<\/tr>\n<tr>\n<td>EICDHPT\/1<\/td>\n<td>SS k1<\/td>\n<td>?0-20 mS<\/td>\n<td>?0-15<\/td>\n<td>0-200<\/td>\n<td>PT100<\/td>\n<td>?4<\/td>\n<td>AISI 316<\/td>\n<td><\/td>\n<\/tr>\n<\/tbody>\n<\/table>","protected":false},"excerpt":{"rendered":"<p><span style=\"color: #000000;\">Capteur de conductivit\u00e9 \u00e0 utiliser avec un contr\u00f4leur (Emec). Fourni en standard avec un c\u00e2ble de 4 m. ?<\/span><\/p>\n<p>\u00c9lectrodes : ACIER INOXYDABLE.<\/p>\n<p>Bo\u00eetier : acier inoxydable.<\/p>\n<p>Plage : 0-200 _S | 0-20 _S | 0-20 mS |.<\/p>\n<p>Temp\u00e9rature maximale : 200 ?C.<\/p>\n<p>Diff\u00e9rentes versions sont disponibles.<\/p>\n<p>Mod\u00e8le : EIDC\/1<\/p>","protected":false},"featured_media":4016,"template":"","meta":[],"product_brand":[],"product_cat":[85],"product_tag":[],"class_list":{"0":"post-4017","1":"product","2":"type-product","3":"status-publish","4":"has-post-thumbnail","6":"product_cat-assortiment","8":"first","9":"instock","10":"taxable","11":"shipping-taxable","12":"purchasable","13":"product-type-simple"},"yoast_head":"<!-- This site is optimized with the Yoast SEO plugin v27.2 - https:\/\/yoast.com\/product\/yoast-seo-wordpress\/ -->\n<title>Geleidbaarheidssensor EICD | Dosing Pump Shop B.V.<\/title>\n<meta name=\"description\" content=\"Hoogwaardige geleidbaarheidssensor met RVS behuizing. Deze geleidbaarheidssensor is uit voorraad leverbaar en verkrijgbaar in diverse uitvoeringen.\" \/>\n<meta name=\"robots\" content=\"index, follow, max-snippet:-1, max-image-preview:large, max-video-preview:-1\" \/>\n<link rel=\"canonical\" href=\"https:\/\/dosingpump.shop\/fr\/produit\/capteur-de-conductivite-eicd\/\" \/>\n<meta property=\"og:locale\" content=\"fr_FR\" \/>\n<meta property=\"og:type\" content=\"article\" \/>\n<meta property=\"og:title\" content=\"Geleidbaarheidssensor EICD | Dosing Pump Shop B.V.\" \/>\n<meta property=\"og:description\" content=\"Hoogwaardige geleidbaarheidssensor met RVS behuizing. Deze geleidbaarheidssensor is uit voorraad leverbaar en verkrijgbaar in diverse uitvoeringen.\" \/>\n<meta property=\"og:url\" content=\"https:\/\/dosingpump.shop\/fr\/produit\/capteur-de-conductivite-eicd\/\" \/>\n<meta property=\"og:site_name\" content=\"Dosing Pump Shop B.V.\" \/>\n<meta property=\"article:modified_time\" content=\"2026-02-27T12:49:15+00:00\" \/>\n<meta property=\"og:image\" content=\"https:\/\/dosingpump.shop\/wp-content\/uploads\/2024\/12\/Geleidbaarheidssensor-EICD.webp\" \/>\n\t<meta property=\"og:image:width\" content=\"481\" \/>\n\t<meta property=\"og:image:height\" content=\"518\" \/>\n\t<meta property=\"og:image:type\" content=\"image\/webp\" \/>\n<meta name=\"twitter:card\" content=\"summary_large_image\" \/>\n<meta name=\"twitter:label1\" content=\"Prix\" \/>\n\t<meta name=\"twitter:data1\" content=\"&euro;247,00\" \/>\n\t<meta name=\"twitter:label2\" content=\"Disponibilit\u00e9\" \/>\n\t<meta name=\"twitter:data2\" content=\"En stock\" \/>\n<script type=\"application\/ld+json\" class=\"yoast-schema-graph\">{\"@context\":\"https:\/\/schema.org\",\"@graph\":[{\"@type\":\"WebPage\",\"@id\":\"https:\/\/dosingpump.shop\/se\/produkt\/konduktivitetssensor-eicd\/\",\"url\":\"https:\/\/dosingpump.shop\/se\/produkt\/konduktivitetssensor-eicd\/\",\"name\":\"Geleidbaarheidssensor EICD | Dosing Pump Shop B.V.\",\"isPartOf\":{\"@id\":\"https:\/\/dosingpump.shop\/de\/#website\"},\"primaryImageOfPage\":{\"@id\":\"https:\/\/dosingpump.shop\/se\/produkt\/konduktivitetssensor-eicd\/#primaryimage\"},\"image\":{\"@id\":\"https:\/\/dosingpump.shop\/se\/produkt\/konduktivitetssensor-eicd\/#primaryimage\"},\"thumbnailUrl\":\"https:\/\/dosingpump.shop\/wp-content\/uploads\/2024\/12\/Geleidbaarheidssensor-EICD.webp\",\"datePublished\":\"2024-12-05T12:21:44+00:00\",\"dateModified\":\"2026-02-27T12:49:15+00:00\",\"description\":\"Hoogwaardige geleidbaarheidssensor met RVS behuizing. Deze geleidbaarheidssensor is uit voorraad leverbaar en verkrijgbaar in diverse uitvoeringen.\",\"breadcrumb\":{\"@id\":\"https:\/\/dosingpump.shop\/se\/produkt\/konduktivitetssensor-eicd\/#breadcrumb\"},\"inLanguage\":\"fr-FR\",\"potentialAction\":[{\"@type\":\"ReadAction\",\"target\":[\"https:\/\/dosingpump.shop\/se\/produkt\/konduktivitetssensor-eicd\/\"]}]},{\"@type\":\"ImageObject\",\"inLanguage\":\"fr-FR\",\"@id\":\"https:\/\/dosingpump.shop\/se\/produkt\/konduktivitetssensor-eicd\/#primaryimage\",\"url\":\"https:\/\/dosingpump.shop\/wp-content\/uploads\/2024\/12\/Geleidbaarheidssensor-EICD.webp\",\"contentUrl\":\"https:\/\/dosingpump.shop\/wp-content\/uploads\/2024\/12\/Geleidbaarheidssensor-EICD.webp\",\"width\":481,\"height\":518},{\"@type\":\"BreadcrumbList\",\"@id\":\"https:\/\/dosingpump.shop\/se\/produkt\/konduktivitetssensor-eicd\/#breadcrumb\",\"itemListElement\":[{\"@type\":\"ListItem\",\"position\":1,\"name\":\"Home\",\"item\":\"https:\/\/dosingpump.shop\/\"},{\"@type\":\"ListItem\",\"position\":2,\"name\":\"Shop\",\"item\":\"https:\/\/dosingpump.shop\/de\/shop\/\"},{\"@type\":\"ListItem\",\"position\":3,\"name\":\"Geleidbaarheidssensor EICD\"}]},{\"@type\":\"WebSite\",\"@id\":\"https:\/\/dosingpump.shop\/de\/#website\",\"url\":\"https:\/\/dosingpump.shop\/de\/\",\"name\":\"Dosing Pump Shop B.V.\",\"description\":\"\",\"publisher\":{\"@id\":\"https:\/\/dosingpump.shop\/de\/#organization\"},\"potentialAction\":[{\"@type\":\"SearchAction\",\"target\":{\"@type\":\"EntryPoint\",\"urlTemplate\":\"https:\/\/dosingpump.shop\/de\/?s={search_term_string}\"},\"query-input\":{\"@type\":\"PropertyValueSpecification\",\"valueRequired\":true,\"valueName\":\"search_term_string\"}}],\"inLanguage\":\"fr-FR\"},{\"@type\":\"Organization\",\"@id\":\"https:\/\/dosingpump.shop\/de\/#organization\",\"name\":\"Dosing Pump Shop B.V.\",\"url\":\"https:\/\/dosingpump.shop\/de\/\",\"logo\":{\"@type\":\"ImageObject\",\"inLanguage\":\"fr-FR\",\"@id\":\"https:\/\/dosingpump.shop\/de\/#\/schema\/logo\/image\/\",\"url\":\"https:\/\/dosingpump.shop\/wp-content\/uploads\/2024\/10\/Dosing-Pump-Shop-logo.png\",\"contentUrl\":\"https:\/\/dosingpump.shop\/wp-content\/uploads\/2024\/10\/Dosing-Pump-Shop-logo.png\",\"width\":350,\"height\":45,\"caption\":\"Dosing Pump Shop B.V.\"},\"image\":{\"@id\":\"https:\/\/dosingpump.shop\/de\/#\/schema\/logo\/image\/\"},\"sameAs\":[\"https:\/\/linkedin.com\/company\/dosing-pump-shop\"]}]}<\/script>\n<meta property=\"product:price:amount\" content=\"247.00\" \/>\n<meta property=\"product:price:currency\" content=\"EUR\" \/>\n<meta property=\"og:availability\" content=\"instock\" \/>\n<meta property=\"product:availability\" content=\"instock\" \/>\n<meta property=\"product:retailer_item_id\" content=\"15110303-3-1\" \/>\n<meta property=\"product:condition\" content=\"new\" \/>\n<!-- \/ Yoast SEO plugin. -->","yoast_head_json":{"title":"Capteur de conductivit\u00e9 EICD | Dosing Pump Shop B.V.","description":"Capteur de conductivit\u00e9 de haute qualit\u00e9 avec bo\u00eetier en acier inoxydable. Ce capteur de conductivit\u00e9 est disponible sur stock et dans diff\u00e9rentes versions.","robots":{"index":"index","follow":"follow","max-snippet":"max-snippet:-1","max-image-preview":"max-image-preview:large","max-video-preview":"max-video-preview:-1"},"canonical":"https:\/\/dosingpump.shop\/fr\/produit\/capteur-de-conductivite-eicd\/","og_locale":"fr_FR","og_type":"article","og_title":"Geleidbaarheidssensor EICD | Dosing Pump Shop B.V.","og_description":"Hoogwaardige geleidbaarheidssensor met RVS behuizing. Deze geleidbaarheidssensor is uit voorraad leverbaar en verkrijgbaar in diverse uitvoeringen.","og_url":"https:\/\/dosingpump.shop\/fr\/produit\/capteur-de-conductivite-eicd\/","og_site_name":"Dosing Pump Shop B.V.","article_modified_time":"2026-02-27T12:49:15+00:00","og_image":[{"width":481,"height":518,"url":"https:\/\/dosingpump.shop\/wp-content\/uploads\/2024\/12\/Geleidbaarheidssensor-EICD.webp","type":"image\/webp"}],"twitter_card":"summary_large_image","twitter_misc":{"Prix":"&euro;247,00","Disponibilit\u00e9":"En stock"},"schema":{"@context":"https:\/\/schema.org","@graph":[{"@type":"WebPage","@id":"https:\/\/dosingpump.shop\/se\/produkt\/konduktivitetssensor-eicd\/","url":"https:\/\/dosingpump.shop\/se\/produkt\/konduktivitetssensor-eicd\/","name":"Capteur de conductivit\u00e9 EICD | Dosing Pump Shop B.V.","isPartOf":{"@id":"https:\/\/dosingpump.shop\/de\/#website"},"primaryImageOfPage":{"@id":"https:\/\/dosingpump.shop\/se\/produkt\/konduktivitetssensor-eicd\/#primaryimage"},"image":{"@id":"https:\/\/dosingpump.shop\/se\/produkt\/konduktivitetssensor-eicd\/#primaryimage"},"thumbnailUrl":"https:\/\/dosingpump.shop\/wp-content\/uploads\/2024\/12\/Geleidbaarheidssensor-EICD.webp","datePublished":"2024-12-05T12:21:44+00:00","dateModified":"2026-02-27T12:49:15+00:00","description":"Capteur de conductivit\u00e9 de haute qualit\u00e9 avec bo\u00eetier en acier inoxydable. Ce capteur de conductivit\u00e9 est disponible sur stock et dans diff\u00e9rentes versions.","breadcrumb":{"@id":"https:\/\/dosingpump.shop\/se\/produkt\/konduktivitetssensor-eicd\/#breadcrumb"},"inLanguage":"fr-FR","potentialAction":[{"@type":"ReadAction","target":["https:\/\/dosingpump.shop\/se\/produkt\/konduktivitetssensor-eicd\/"]}]},{"@type":"ImageObject","inLanguage":"fr-FR","@id":"https:\/\/dosingpump.shop\/se\/produkt\/konduktivitetssensor-eicd\/#primaryimage","url":"https:\/\/dosingpump.shop\/wp-content\/uploads\/2024\/12\/Geleidbaarheidssensor-EICD.webp","contentUrl":"https:\/\/dosingpump.shop\/wp-content\/uploads\/2024\/12\/Geleidbaarheidssensor-EICD.webp","width":481,"height":518},{"@type":"BreadcrumbList","@id":"https:\/\/dosingpump.shop\/se\/produkt\/konduktivitetssensor-eicd\/#breadcrumb","itemListElement":[{"@type":"ListItem","position":1,"name":"Home","item":"https:\/\/dosingpump.shop\/"},{"@type":"ListItem","position":2,"name":"Shop","item":"https:\/\/dosingpump.shop\/de\/shop\/"},{"@type":"ListItem","position":3,"name":"Geleidbaarheidssensor EICD"}]},{"@type":"WebSite","@id":"https:\/\/dosingpump.shop\/de\/#website","url":"https:\/\/dosingpump.shop\/de\/","name":"Dosing Pump Shop B.V.","description":"","publisher":{"@id":"https:\/\/dosingpump.shop\/de\/#organization"},"potentialAction":[{"@type":"SearchAction","target":{"@type":"EntryPoint","urlTemplate":"https:\/\/dosingpump.shop\/de\/?s={search_term_string}"},"query-input":{"@type":"PropertyValueSpecification","valueRequired":true,"valueName":"search_term_string"}}],"inLanguage":"fr-FR"},{"@type":"Organization","@id":"https:\/\/dosingpump.shop\/de\/#organization","name":"Dosing Pump Shop B.V.","url":"https:\/\/dosingpump.shop\/de\/","logo":{"@type":"ImageObject","inLanguage":"fr-FR","@id":"https:\/\/dosingpump.shop\/de\/#\/schema\/logo\/image\/","url":"https:\/\/dosingpump.shop\/wp-content\/uploads\/2024\/10\/Dosing-Pump-Shop-logo.png","contentUrl":"https:\/\/dosingpump.shop\/wp-content\/uploads\/2024\/10\/Dosing-Pump-Shop-logo.png","width":350,"height":45,"caption":"Dosing Pump Shop B.V."},"image":{"@id":"https:\/\/dosingpump.shop\/de\/#\/schema\/logo\/image\/"},"sameAs":["https:\/\/linkedin.com\/company\/dosing-pump-shop"]}]},"product_price_amount":"247.00","product_price_currency":"EUR","og_availability":"instock","product_availability":"instock","product_retailer_item_id":"15110303-3-1","product_condition":"new"},"_links":{"self":[{"href":"https:\/\/dosingpump.shop\/fr\/wp-json\/wp\/v2\/product\/4017","targetHints":{"allow":["GET"]}}],"collection":[{"href":"https:\/\/dosingpump.shop\/fr\/wp-json\/wp\/v2\/product"}],"about":[{"href":"https:\/\/dosingpump.shop\/fr\/wp-json\/wp\/v2\/types\/product"}],"wp:featuredmedia":[{"embeddable":true,"href":"https:\/\/dosingpump.shop\/fr\/wp-json\/wp\/v2\/media\/4016"}],"wp:attachment":[{"href":"https:\/\/dosingpump.shop\/fr\/wp-json\/wp\/v2\/media?parent=4017"}],"wp:term":[{"taxonomy":"product_brand","embeddable":true,"href":"https:\/\/dosingpump.shop\/fr\/wp-json\/wp\/v2\/product_brand?post=4017"},{"taxonomy":"product_cat","embeddable":true,"href":"https:\/\/dosingpump.shop\/fr\/wp-json\/wp\/v2\/product_cat?post=4017"},{"taxonomy":"product_tag","embeddable":true,"href":"https:\/\/dosingpump.shop\/fr\/wp-json\/wp\/v2\/product_tag?post=4017"}],"curies":[{"name":"wp","href":"https:\/\/api.w.org\/{rel}","templated":true}]}}