{"id":4020,"date":"2024-12-05T12:21:45","date_gmt":"2024-12-05T12:21:45","guid":{"rendered":"https:\/\/dosingpump.shop\/product\/inductieve-geleidbaarheidssensor-ecdindpt\/"},"modified":"2026-02-27T14:49:15","modified_gmt":"2026-02-27T12:49:15","slug":"capteur-de-conductivite-inductif-ecdindpt","status":"publish","type":"product","link":"https:\/\/dosingpump.shop\/fr\/product\/inductieve-geleidbaarheidssensor-ecdindpt\/","title":{"rendered":"Capteur de conductivit\u00e9 inductif ECDINDPT"},"content":{"rendered":"<h2 style=\"margin-bottom: 20px;\">Capteur de conductivit\u00e9 inductif ECDINDPT \u00e0 utiliser avec le contr\u00f4leur (Emec)<\/h2>\n<p>Ce capteur de conductivit\u00e9 inductif mesure la conductivit\u00e9 d'une solution. Le contr\u00f4le de la conductivit\u00e9 inductive est plus stable que la conductivit\u00e9 conductive. En particulier lorsque des moteurs lourds sont utilis\u00e9s dans le syst\u00e8me. Pour les syst\u00e8mes d'eau de refroidissement, la mesure et le contr\u00f4le de la conductivit\u00e9 inductive sont donc souvent utilis\u00e9s.<\/p>\n<p>Le capteur en question est le capteur ECDINDPT.<\/p>\n<p>Bien entendu, nous fournissons \u00e9galement les r\u00e9gulateurs qui fonctionnent avec ces capteurs. Nous pouvons \u00e9galement vous aider \u00e0 mettre en place des contr\u00f4les complets de l'eau de refroidissement.  N'h\u00e9sitez pas \u00e0 nous contacter !<\/p>\n<h3 style=\"font-size: 1.2em; font-style: normal; margin-bottom: 20px;\">Caract\u00e9ristiques Capteur de conductivit\u00e9 ECDINDPT<\/h3>\n<ul style=\"margin-left: 2rem;\">\n<li style=\"font-family: Roboto, sans-serif; font-size: 15px; font-style: normal;\">Mat\u00e9riau : bo\u00eetier en PEEK<\/li>\n<li style=\"font-family: Roboto, sans-serif; font-size: 15px; font-style: normal;\">Possibilit\u00e9 de c\u00e2ble plus long<\/li>\n<li>Plage : voir \"Versions\"<\/li>\n<li style=\"font-family: Roboto, sans-serif; font-size: 15px; font-style: normal;\">Pression maximale : voir \"Versions\"<\/li>\n<li style=\"font-family: Roboto, sans-serif; font-size: 15px; font-style: normal;\">Temp\u00e9rature maximale : voir \"Versions\"<\/li>\n<li style=\"font-style: normal; font-size: 15px; font-family: Roboto, sans-serif;\">Conductivit\u00e9 minimale : voir \"Versions\".<\/li>\n<\/ul>\n<p>Versions<\/p>\n<p>Dans le tableau ci-dessous, vous pouvez voir quelles sont les versions disponibles. Dans le tableau, vous pouvez s\u00e9lectionner certaines d'entre elles. Vous ne trouvez pas le capteur de conductivit\u00e9 inductif que vous souhaitez ? N'h\u00e9sitez pas \u00e0 nous contacter.<\/p>\n<table>\n<tbody>\n<tr>\n<td><b>Mod\u00e8le<\/b><\/td>\n<td><b>gamme<\/b><\/td>\n<td><b>bar<\/b><\/td>\n<td><b>\u00a0<\/b><\/td>\n<td><b>\u00a0temp\u00e9rature (?C)<\/b><\/td>\n<td><b>capteur de temp\u00e9rature\u00a0<\/b><\/td>\n<td><b>\u00a0c\u00e2ble (m)<\/b><\/td>\n<td><b>\u00a0corps<\/b><\/td>\n<td><b>\u00a0<\/b><\/td>\n<\/tr>\n<tr>\n<td>ECDINDPT<\/td>\n<td>0,1-3mS;0,3-30mS;0,3-300mS<\/td>\n<td>0-8<\/td>\n<td><\/td>\n<td>0-85<\/td>\n<td>PT100<\/td>\n<td>4<\/td>\n<td>PEEK<\/td>\n<td><\/td>\n<\/tr>\n<tr>\n<td>ECDSINDPT<\/td>\n<td>0,3-10 mS<\/td>\n<td>0-8<\/td>\n<td><\/td>\n<td>0-85<\/td>\n<td>PT100<\/td>\n<td>4<\/td>\n<td>PEEK<\/td>\n<td><\/td>\n<\/tr>\n<tr>\n<td><\/td>\n<td><\/td>\n<td><\/td>\n<td><\/td>\n<td><\/td>\n<td><\/td>\n<td><\/td>\n<td><\/td>\n<td><\/td>\n<\/tr>\n<tr>\n<td><\/td>\n<td><\/td>\n<td><\/td>\n<td><\/td>\n<td><\/td>\n<td><\/td>\n<td><\/td>\n<td><\/td>\n<td><\/td>\n<\/tr>\n<\/tbody>\n<\/table>","protected":false},"excerpt":{"rendered":"<p><span style=\"color: #000000;\">Capteur de conductivit\u00e9 inductif \u00e0 utiliser avec un contr\u00f4leur (Emec). Fourni avec un c\u00e2ble de 4 m en standard.<\/span><\/p>\n<p>Bo\u00eetier : PEEK<\/p>\n<p>Range: 0,1-3mS;0,3-30mS;0,3-300mS<\/p>\n<p>Temp\u00e9rature : 0-85 C.<\/p>\n<p>Diff\u00e9rentes versions sont disponibles.<\/p>\n<p>Mod\u00e8le : ECDINDPT<\/p>","protected":false},"featured_media":4019,"template":"","meta":[],"product_brand":[],"product_cat":[85],"product_tag":[],"class_list":{"0":"post-4020","1":"product","2":"type-product","3":"status-publish","4":"has-post-thumbnail","6":"product_cat-assortiment","8":"first","9":"instock","10":"taxable","11":"shipping-taxable","12":"purchasable","13":"product-type-simple"},"yoast_head":"<!-- This site is optimized with the Yoast SEO plugin v27.2 - https:\/\/yoast.com\/product\/yoast-seo-wordpress\/ -->\n<title>Inductieve geleidbaarheidssensor ECDIND | Dosing Pump Shop B.V.<\/title>\n<meta name=\"description\" content=\"Inductieve geleidbaarheidssensor ECDINDPT voor o.a. koelwaterbehandeling. Deze inductieve geleidbaarheidssensor is verkrijgbaar in diverse uitvoeringen.\" \/>\n<meta name=\"robots\" content=\"index, follow, max-snippet:-1, max-image-preview:large, max-video-preview:-1\" \/>\n<link rel=\"canonical\" href=\"https:\/\/dosingpump.shop\/fr\/produit\/capteur-de-conductivite-inductif-ecdindpt\/\" \/>\n<meta property=\"og:locale\" content=\"fr_FR\" \/>\n<meta property=\"og:type\" content=\"article\" \/>\n<meta property=\"og:title\" content=\"Inductieve geleidbaarheidssensor ECDIND | Dosing Pump Shop B.V.\" \/>\n<meta property=\"og:description\" content=\"Inductieve geleidbaarheidssensor ECDINDPT voor o.a. koelwaterbehandeling. Deze inductieve geleidbaarheidssensor is verkrijgbaar in diverse uitvoeringen.\" \/>\n<meta property=\"og:url\" content=\"https:\/\/dosingpump.shop\/fr\/produit\/capteur-de-conductivite-inductif-ecdindpt\/\" \/>\n<meta property=\"og:site_name\" content=\"Dosing Pump Shop B.V.\" \/>\n<meta property=\"article:modified_time\" content=\"2026-02-27T12:49:15+00:00\" \/>\n<meta property=\"og:image\" content=\"https:\/\/dosingpump.shop\/wp-content\/uploads\/2024\/12\/Inductieve-geleidbaarheidssensor-ECDINDPT.webp\" \/>\n\t<meta property=\"og:image:width\" content=\"481\" \/>\n\t<meta property=\"og:image:height\" content=\"518\" \/>\n\t<meta property=\"og:image:type\" content=\"image\/webp\" \/>\n<meta name=\"twitter:card\" content=\"summary_large_image\" \/>\n<meta name=\"twitter:label1\" content=\"Prix\" \/>\n\t<meta name=\"twitter:data1\" content=\"&euro;524,00\" \/>\n\t<meta name=\"twitter:label2\" content=\"Disponibilit\u00e9\" \/>\n\t<meta name=\"twitter:data2\" content=\"En stock\" \/>\n<script type=\"application\/ld+json\" class=\"yoast-schema-graph\">{\"@context\":\"https:\/\/schema.org\",\"@graph\":[{\"@type\":\"WebPage\",\"@id\":\"https:\/\/dosingpump.shop\/product\/inductieve-geleidbaarheidssensor-ecdindpt\/\",\"url\":\"https:\/\/dosingpump.shop\/product\/inductieve-geleidbaarheidssensor-ecdindpt\/\",\"name\":\"Inductieve geleidbaarheidssensor ECDIND | Dosing Pump Shop B.V.\",\"isPartOf\":{\"@id\":\"https:\/\/dosingpump.shop\/de\/#website\"},\"primaryImageOfPage\":{\"@id\":\"https:\/\/dosingpump.shop\/product\/inductieve-geleidbaarheidssensor-ecdindpt\/#primaryimage\"},\"image\":{\"@id\":\"https:\/\/dosingpump.shop\/product\/inductieve-geleidbaarheidssensor-ecdindpt\/#primaryimage\"},\"thumbnailUrl\":\"https:\/\/dosingpump.shop\/wp-content\/uploads\/2024\/12\/Inductieve-geleidbaarheidssensor-ECDINDPT.webp\",\"datePublished\":\"2024-12-05T12:21:45+00:00\",\"dateModified\":\"2026-02-27T12:49:15+00:00\",\"description\":\"Inductieve geleidbaarheidssensor ECDINDPT voor o.a. koelwaterbehandeling. Deze inductieve geleidbaarheidssensor is verkrijgbaar in diverse uitvoeringen.\",\"breadcrumb\":{\"@id\":\"https:\/\/dosingpump.shop\/product\/inductieve-geleidbaarheidssensor-ecdindpt\/#breadcrumb\"},\"inLanguage\":\"fr-FR\",\"potentialAction\":[{\"@type\":\"ReadAction\",\"target\":[\"https:\/\/dosingpump.shop\/product\/inductieve-geleidbaarheidssensor-ecdindpt\/\"]}]},{\"@type\":\"ImageObject\",\"inLanguage\":\"fr-FR\",\"@id\":\"https:\/\/dosingpump.shop\/product\/inductieve-geleidbaarheidssensor-ecdindpt\/#primaryimage\",\"url\":\"https:\/\/dosingpump.shop\/wp-content\/uploads\/2024\/12\/Inductieve-geleidbaarheidssensor-ECDINDPT.webp\",\"contentUrl\":\"https:\/\/dosingpump.shop\/wp-content\/uploads\/2024\/12\/Inductieve-geleidbaarheidssensor-ECDINDPT.webp\",\"width\":481,\"height\":518},{\"@type\":\"BreadcrumbList\",\"@id\":\"https:\/\/dosingpump.shop\/product\/inductieve-geleidbaarheidssensor-ecdindpt\/#breadcrumb\",\"itemListElement\":[{\"@type\":\"ListItem\",\"position\":1,\"name\":\"Home\",\"item\":\"https:\/\/dosingpump.shop\/\"},{\"@type\":\"ListItem\",\"position\":2,\"name\":\"Shop\",\"item\":\"https:\/\/dosingpump.shop\/de\/shop\/\"},{\"@type\":\"ListItem\",\"position\":3,\"name\":\"Inductieve geleidbaarheidssensor ECDINDPT\"}]},{\"@type\":\"WebSite\",\"@id\":\"https:\/\/dosingpump.shop\/de\/#website\",\"url\":\"https:\/\/dosingpump.shop\/de\/\",\"name\":\"Dosing Pump Shop B.V.\",\"description\":\"\",\"publisher\":{\"@id\":\"https:\/\/dosingpump.shop\/de\/#organization\"},\"potentialAction\":[{\"@type\":\"SearchAction\",\"target\":{\"@type\":\"EntryPoint\",\"urlTemplate\":\"https:\/\/dosingpump.shop\/de\/?s={search_term_string}\"},\"query-input\":{\"@type\":\"PropertyValueSpecification\",\"valueRequired\":true,\"valueName\":\"search_term_string\"}}],\"inLanguage\":\"fr-FR\"},{\"@type\":\"Organization\",\"@id\":\"https:\/\/dosingpump.shop\/de\/#organization\",\"name\":\"Dosing Pump Shop B.V.\",\"url\":\"https:\/\/dosingpump.shop\/de\/\",\"logo\":{\"@type\":\"ImageObject\",\"inLanguage\":\"fr-FR\",\"@id\":\"https:\/\/dosingpump.shop\/de\/#\/schema\/logo\/image\/\",\"url\":\"https:\/\/dosingpump.shop\/wp-content\/uploads\/2024\/10\/Dosing-Pump-Shop-logo.png\",\"contentUrl\":\"https:\/\/dosingpump.shop\/wp-content\/uploads\/2024\/10\/Dosing-Pump-Shop-logo.png\",\"width\":350,\"height\":45,\"caption\":\"Dosing Pump Shop B.V.\"},\"image\":{\"@id\":\"https:\/\/dosingpump.shop\/de\/#\/schema\/logo\/image\/\"},\"sameAs\":[\"https:\/\/linkedin.com\/company\/dosing-pump-shop\"]}]}<\/script>\n<meta property=\"product:price:amount\" content=\"524.00\" \/>\n<meta property=\"product:price:currency\" content=\"EUR\" \/>\n<meta property=\"og:availability\" content=\"instock\" \/>\n<meta property=\"product:availability\" content=\"instock\" \/>\n<meta property=\"product:retailer_item_id\" content=\"15110303-4\" \/>\n<meta property=\"product:condition\" content=\"new\" \/>\n<!-- \/ Yoast SEO plugin. -->","yoast_head_json":{"title":"Capteur de conductivit\u00e9 inductif ECDIND | Dosing Pump Shop B.V.","description":"Capteur de conductivit\u00e9 inductif ECDINDPT pour le traitement des eaux de refroidissement, entre autres. Ce capteur de conductivit\u00e9 inductif est disponible en plusieurs versions.","robots":{"index":"index","follow":"follow","max-snippet":"max-snippet:-1","max-image-preview":"max-image-preview:large","max-video-preview":"max-video-preview:-1"},"canonical":"https:\/\/dosingpump.shop\/fr\/produit\/capteur-de-conductivite-inductif-ecdindpt\/","og_locale":"fr_FR","og_type":"article","og_title":"Inductieve geleidbaarheidssensor ECDIND | Dosing Pump Shop B.V.","og_description":"Inductieve geleidbaarheidssensor ECDINDPT voor o.a. koelwaterbehandeling. Deze inductieve geleidbaarheidssensor is verkrijgbaar in diverse uitvoeringen.","og_url":"https:\/\/dosingpump.shop\/fr\/produit\/capteur-de-conductivite-inductif-ecdindpt\/","og_site_name":"Dosing Pump Shop B.V.","article_modified_time":"2026-02-27T12:49:15+00:00","og_image":[{"width":481,"height":518,"url":"https:\/\/dosingpump.shop\/wp-content\/uploads\/2024\/12\/Inductieve-geleidbaarheidssensor-ECDINDPT.webp","type":"image\/webp"}],"twitter_card":"summary_large_image","twitter_misc":{"Prix":"&euro;524,00","Disponibilit\u00e9":"En stock"},"schema":{"@context":"https:\/\/schema.org","@graph":[{"@type":"WebPage","@id":"https:\/\/dosingpump.shop\/product\/inductieve-geleidbaarheidssensor-ecdindpt\/","url":"https:\/\/dosingpump.shop\/product\/inductieve-geleidbaarheidssensor-ecdindpt\/","name":"Capteur de conductivit\u00e9 inductif ECDIND | Dosing Pump Shop B.V.","isPartOf":{"@id":"https:\/\/dosingpump.shop\/de\/#website"},"primaryImageOfPage":{"@id":"https:\/\/dosingpump.shop\/product\/inductieve-geleidbaarheidssensor-ecdindpt\/#primaryimage"},"image":{"@id":"https:\/\/dosingpump.shop\/product\/inductieve-geleidbaarheidssensor-ecdindpt\/#primaryimage"},"thumbnailUrl":"https:\/\/dosingpump.shop\/wp-content\/uploads\/2024\/12\/Inductieve-geleidbaarheidssensor-ECDINDPT.webp","datePublished":"2024-12-05T12:21:45+00:00","dateModified":"2026-02-27T12:49:15+00:00","description":"Capteur de conductivit\u00e9 inductif ECDINDPT pour le traitement des eaux de refroidissement, entre autres. Ce capteur de conductivit\u00e9 inductif est disponible en plusieurs versions.","breadcrumb":{"@id":"https:\/\/dosingpump.shop\/product\/inductieve-geleidbaarheidssensor-ecdindpt\/#breadcrumb"},"inLanguage":"fr-FR","potentialAction":[{"@type":"ReadAction","target":["https:\/\/dosingpump.shop\/product\/inductieve-geleidbaarheidssensor-ecdindpt\/"]}]},{"@type":"ImageObject","inLanguage":"fr-FR","@id":"https:\/\/dosingpump.shop\/product\/inductieve-geleidbaarheidssensor-ecdindpt\/#primaryimage","url":"https:\/\/dosingpump.shop\/wp-content\/uploads\/2024\/12\/Inductieve-geleidbaarheidssensor-ECDINDPT.webp","contentUrl":"https:\/\/dosingpump.shop\/wp-content\/uploads\/2024\/12\/Inductieve-geleidbaarheidssensor-ECDINDPT.webp","width":481,"height":518},{"@type":"BreadcrumbList","@id":"https:\/\/dosingpump.shop\/product\/inductieve-geleidbaarheidssensor-ecdindpt\/#breadcrumb","itemListElement":[{"@type":"ListItem","position":1,"name":"Home","item":"https:\/\/dosingpump.shop\/"},{"@type":"ListItem","position":2,"name":"Shop","item":"https:\/\/dosingpump.shop\/de\/shop\/"},{"@type":"ListItem","position":3,"name":"Inductieve geleidbaarheidssensor ECDINDPT"}]},{"@type":"WebSite","@id":"https:\/\/dosingpump.shop\/de\/#website","url":"https:\/\/dosingpump.shop\/de\/","name":"Dosing Pump Shop B.V.","description":"","publisher":{"@id":"https:\/\/dosingpump.shop\/de\/#organization"},"potentialAction":[{"@type":"SearchAction","target":{"@type":"EntryPoint","urlTemplate":"https:\/\/dosingpump.shop\/de\/?s={search_term_string}"},"query-input":{"@type":"PropertyValueSpecification","valueRequired":true,"valueName":"search_term_string"}}],"inLanguage":"fr-FR"},{"@type":"Organization","@id":"https:\/\/dosingpump.shop\/de\/#organization","name":"Dosing Pump Shop B.V.","url":"https:\/\/dosingpump.shop\/de\/","logo":{"@type":"ImageObject","inLanguage":"fr-FR","@id":"https:\/\/dosingpump.shop\/de\/#\/schema\/logo\/image\/","url":"https:\/\/dosingpump.shop\/wp-content\/uploads\/2024\/10\/Dosing-Pump-Shop-logo.png","contentUrl":"https:\/\/dosingpump.shop\/wp-content\/uploads\/2024\/10\/Dosing-Pump-Shop-logo.png","width":350,"height":45,"caption":"Dosing Pump Shop B.V."},"image":{"@id":"https:\/\/dosingpump.shop\/de\/#\/schema\/logo\/image\/"},"sameAs":["https:\/\/linkedin.com\/company\/dosing-pump-shop"]}]},"product_price_amount":"524.00","product_price_currency":"EUR","og_availability":"instock","product_availability":"instock","product_retailer_item_id":"15110303-4","product_condition":"new"},"_links":{"self":[{"href":"https:\/\/dosingpump.shop\/fr\/wp-json\/wp\/v2\/product\/4020","targetHints":{"allow":["GET"]}}],"collection":[{"href":"https:\/\/dosingpump.shop\/fr\/wp-json\/wp\/v2\/product"}],"about":[{"href":"https:\/\/dosingpump.shop\/fr\/wp-json\/wp\/v2\/types\/product"}],"wp:featuredmedia":[{"embeddable":true,"href":"https:\/\/dosingpump.shop\/fr\/wp-json\/wp\/v2\/media\/4019"}],"wp:attachment":[{"href":"https:\/\/dosingpump.shop\/fr\/wp-json\/wp\/v2\/media?parent=4020"}],"wp:term":[{"taxonomy":"product_brand","embeddable":true,"href":"https:\/\/dosingpump.shop\/fr\/wp-json\/wp\/v2\/product_brand?post=4020"},{"taxonomy":"product_cat","embeddable":true,"href":"https:\/\/dosingpump.shop\/fr\/wp-json\/wp\/v2\/product_cat?post=4020"},{"taxonomy":"product_tag","embeddable":true,"href":"https:\/\/dosingpump.shop\/fr\/wp-json\/wp\/v2\/product_tag?post=4020"}],"curies":[{"name":"wp","href":"https:\/\/api.w.org\/{rel}","templated":true}]}}