{"id":4031,"date":"2024-12-05T12:21:46","date_gmt":"2024-12-05T12:21:46","guid":{"rendered":"https:\/\/dosingpump.shop\/product\/emec-vms-po-chloorpomp-met-redox-sensor-orp\/"},"modified":"2026-02-27T14:49:16","modified_gmt":"2026-02-27T12:49:16","slug":"pompe-a-chlore-emec-vms-po-avec-capteur-redox-orp","status":"publish","type":"product","link":"https:\/\/dosingpump.shop\/fr\/product\/emec-vms-po-chloorpomp-met-redox-sensor-orp\/","title":{"rendered":"Pompe \u00e0 chlore Emec VMS PO avec sonde redox (ORP)"},"content":{"rendered":"<h2>Pompe \u00e0 chlore Emec VMSA PO<\/h2>\n<p style=\"margin-bottom: 1rem; font-family: 'Open Sans', Arial, 'Helvetica Neue', Helvetica, sans-serif; font-size: 14px; font-style: normal; font-weight: 400;\">Contr\u00f4le automatique de l'ajout de chlore en fonction de l'oxydor\u00e9duction (<a href=\"https:\/\/dosingpump.shop\/fr\/centre-de-connaissances\/valeur-orp-et-redox\/\">ORP<\/a>) est une m\u00e9thode largement utilis\u00e9e pour d\u00e9sinfecter l'eau de baignade dans les piscines priv\u00e9es. Le VMSA PO d'Emec fonctionne selon ce principe. Gr\u00e2ce au signal d'une sonde ORP, la bonne quantit\u00e9 de chlore est dos\u00e9e dans l'eau. Le capteur ORP avec un c\u00e2ble de 0,8 m est inclus dans ce kit.<\/p>\n<p style=\"margin-bottom: 1rem; font-family: 'Open Sans', Arial, 'Helvetica Neue', Helvetica, sans-serif; font-size: 14px; font-style: normal; font-weight: 400;\">La configuration PVDF int\u00e9grale garantit une longue dur\u00e9e de vie, m\u00eame \u00e0 des concentrations de chlore plus \u00e9lev\u00e9es. Le VMS PO?est \u00e9quip\u00e9 d'une fonction de flotteur tr\u00e8s pratique sur le filtre d'aspiration. Cette fonction arr\u00eate la pompe lorsque le r\u00e9servoir est vide, \u00e9vitant ainsi que l'ensemble de la tuyauterie ne se vide. Vous pouvez \u00e9galement extraire ce signal d'alarme \u00e0 l'ext\u00e9rieur et y associer une alarme.<\/p>\n<p style=\"margin-bottom: 1rem; font-family: 'Open Sans', Arial, 'Helvetica Neue', Helvetica, sans-serif; font-size: 14px; font-style: normal; font-weight: 400;\">L'Emec VMSA PO dispose d'une purge automatique.<\/p>\n<p style=\"margin-bottom: 1rem; font-family: 'Open Sans', Arial, 'Helvetica Neue', Helvetica, sans-serif; font-size: 14px; font-style: normal; font-weight: 400;\">Lors du dosage automatique du chlore, il est important que le pH soit \u00e9galement r\u00e9gul\u00e9 correctement ! Nous disposons \u00e9galement d'un kit \u00e0 cet effet.<\/p>\n<p style=\"margin-bottom: 1rem; font-family: 'Open Sans', Arial, 'Helvetica Neue', Helvetica, sans-serif; font-size: 14px; font-style: normal; font-weight: 400;\">Vous avez besoin de plus d'informations ou d'un devis ? Prenez contact avec nous !<\/p>\n<h3 style=\"margin-bottom: 20px; font-weight: 400; line-height: 1.1; font-size: 1.2em; font-family: Bitter; font-style: normal;\">Caract\u00e9ristiques de la pompe \u00e0 chlore Emec VMSA PO<\/h3>\n<ul style=\"margin-bottom: 2.5rem; margin-left: 2rem; font-family: 'Open Sans', Arial, 'Helvetica Neue', Helvetica, sans-serif; font-size: 14px; font-style: normal; font-weight: 400;\">\n<li style=\"margin-bottom: 1rem;\">Conception particuli\u00e8rement adapt\u00e9e au montage mural<\/li>\n<li style=\"margin-bottom: 1rem;\">\u00c9quip\u00e9 d'un \u00e9cran LCD clair<\/li>\n<li style=\"margin-bottom: 1rem;\">Configuration compl\u00e8te en PVDF (t\u00eate de pompe, embout d'injection, filtre d'aspiration et tuyaux de refoulement et d'aspiration)<\/li>\n<li style=\"margin-bottom: 1rem;\">Fourni avec un kit complet (2 m de tuyau de pression et d'aspiration, 2 m de tuyau d'a\u00e9ration (PE), mamelon d'injection et filtre d'aspiration).<\/li>\n<li style=\"margin-bottom: 1rem;\">Version silencieuse disponible.<\/li>\n<\/ul>\n<h3>D\u00e9bit et pression disponibles<\/h3>\n<p><b>Emec VMSA PO<\/b><\/p>\n<table>\n<tbody>\n<tr>\n<th>Pression (Bar)<\/th>\n<th>D\u00e9bit (l\/h)<\/th>\n<\/tr>\n<tr>\n<td>18<\/td>\n<td>02<\/td>\n<\/tr>\n<tr>\n<td>10<\/td>\n<td>3,4<\/td>\n<\/tr>\n<tr>\n<td>07<\/td>\n<td>04<\/td>\n<\/tr>\n<tr>\n<td>01<\/td>\n<td>3,5<\/td>\n<\/tr>\n<tr>\n<td>01<\/td>\n<td>13,5<\/td>\n<\/tr>\n<tr>\n<td><\/td>\n<td><\/td>\n<\/tr>\n<\/tbody>\n<\/table>\n<p>Versions<\/p>\n<p>Diff\u00e9rentes versions sont disponibles pour cette pompe. N'h\u00e9sitez pas \u00e0 nous contacter !<\/p>","protected":false},"excerpt":{"rendered":"<p>Ensemble complet compos\u00e9 d'une pompe doseuse, d'une sonde redox et d'un support de sonde.<\/p>\n<p>R\u00e9gule automatiquement la teneur en chlore d'une piscine, par exemple.<\/p>\n<p>Il est \u00e9galement r\u00e9guli\u00e8rement utilis\u00e9 dans l'horticulture.<\/p>\n<p>Version : VMSA PO avec capteur ERH, c\u00e2ble de 0,8 m et support de capteur 1\/2\u2033.<\/p>\n<p>Besoin d'une autre version ? Demandez un devis !<\/p>","protected":false},"featured_media":4030,"template":"","meta":[],"product_brand":[],"product_cat":[85],"product_tag":[],"class_list":{"0":"post-4031","1":"product","2":"type-product","3":"status-publish","4":"has-post-thumbnail","6":"product_cat-assortiment","8":"first","9":"onbackorder","10":"taxable","11":"shipping-taxable","12":"purchasable","13":"product-type-simple"},"yoast_head":"<!-- This site is optimized with the Yoast SEO plugin v27.2 - https:\/\/yoast.com\/product\/yoast-seo-wordpress\/ -->\n<title>Chloorpomp met Redox Sensor | Dosing Pump Shop B.V.<\/title>\n<meta name=\"description\" content=\"Complete set van Emec VMSA PO chloorpomp met redox sensor voor het automatisch regelen van chloor. _ ruime voorraad _ goed advies.\" \/>\n<meta name=\"robots\" content=\"index, follow, max-snippet:-1, max-image-preview:large, max-video-preview:-1\" \/>\n<link rel=\"canonical\" href=\"https:\/\/dosingpump.shop\/fr\/produit\/pompe-a-chlore-emec-vms-po-avec-capteur-redox-orp\/\" \/>\n<meta property=\"og:locale\" content=\"fr_FR\" \/>\n<meta property=\"og:type\" content=\"article\" \/>\n<meta property=\"og:title\" content=\"Chloorpomp met Redox Sensor | Dosing Pump Shop B.V.\" \/>\n<meta property=\"og:description\" content=\"Complete set van Emec VMSA PO chloorpomp met redox sensor voor het automatisch regelen van chloor. _ ruime voorraad _ goed advies.\" \/>\n<meta property=\"og:url\" content=\"https:\/\/dosingpump.shop\/fr\/produit\/pompe-a-chlore-emec-vms-po-avec-capteur-redox-orp\/\" \/>\n<meta property=\"og:site_name\" content=\"Dosing Pump Shop B.V.\" \/>\n<meta property=\"article:modified_time\" content=\"2026-02-27T12:49:16+00:00\" \/>\n<meta property=\"og:image\" content=\"https:\/\/dosingpump.shop\/wp-content\/uploads\/2024\/12\/Emec-VSMA.webp\" \/>\n\t<meta property=\"og:image:width\" content=\"499\" \/>\n\t<meta property=\"og:image:height\" content=\"500\" \/>\n\t<meta property=\"og:image:type\" content=\"image\/webp\" \/>\n<meta name=\"twitter:card\" content=\"summary_large_image\" \/>\n<meta name=\"twitter:label1\" content=\"Prix\" \/>\n\t<meta name=\"twitter:data1\" content=\"&euro;741,00\" \/>\n\t<meta name=\"twitter:label2\" content=\"Disponibilit\u00e9\" \/>\n\t<meta name=\"twitter:data2\" content=\"En r\u00e9assort\" \/>\n<script type=\"application\/ld+json\" class=\"yoast-schema-graph\">{\"@context\":\"https:\/\/schema.org\",\"@graph\":[{\"@type\":\"WebPage\",\"@id\":\"https:\/\/dosingpump.shop\/ro\/produs-2\/emec-vms-po-pompa-de-clor-cu-senzor-redox-orp\/\",\"url\":\"https:\/\/dosingpump.shop\/ro\/produs-2\/emec-vms-po-pompa-de-clor-cu-senzor-redox-orp\/\",\"name\":\"Chloorpomp met Redox Sensor | Dosing Pump Shop B.V.\",\"isPartOf\":{\"@id\":\"https:\/\/dosingpump.shop\/de\/#website\"},\"primaryImageOfPage\":{\"@id\":\"https:\/\/dosingpump.shop\/ro\/produs-2\/emec-vms-po-pompa-de-clor-cu-senzor-redox-orp\/#primaryimage\"},\"image\":{\"@id\":\"https:\/\/dosingpump.shop\/ro\/produs-2\/emec-vms-po-pompa-de-clor-cu-senzor-redox-orp\/#primaryimage\"},\"thumbnailUrl\":\"https:\/\/dosingpump.shop\/wp-content\/uploads\/2024\/12\/Emec-VSMA.webp\",\"datePublished\":\"2024-12-05T12:21:46+00:00\",\"dateModified\":\"2026-02-27T12:49:16+00:00\",\"description\":\"Complete set van Emec VMSA PO chloorpomp met redox sensor voor het automatisch regelen van chloor. _ ruime voorraad _ goed advies.\",\"breadcrumb\":{\"@id\":\"https:\/\/dosingpump.shop\/ro\/produs-2\/emec-vms-po-pompa-de-clor-cu-senzor-redox-orp\/#breadcrumb\"},\"inLanguage\":\"fr-FR\",\"potentialAction\":[{\"@type\":\"ReadAction\",\"target\":[\"https:\/\/dosingpump.shop\/ro\/produs-2\/emec-vms-po-pompa-de-clor-cu-senzor-redox-orp\/\"]}]},{\"@type\":\"ImageObject\",\"inLanguage\":\"fr-FR\",\"@id\":\"https:\/\/dosingpump.shop\/ro\/produs-2\/emec-vms-po-pompa-de-clor-cu-senzor-redox-orp\/#primaryimage\",\"url\":\"https:\/\/dosingpump.shop\/wp-content\/uploads\/2024\/12\/Emec-VSMA.webp\",\"contentUrl\":\"https:\/\/dosingpump.shop\/wp-content\/uploads\/2024\/12\/Emec-VSMA.webp\",\"width\":499,\"height\":500},{\"@type\":\"BreadcrumbList\",\"@id\":\"https:\/\/dosingpump.shop\/ro\/produs-2\/emec-vms-po-pompa-de-clor-cu-senzor-redox-orp\/#breadcrumb\",\"itemListElement\":[{\"@type\":\"ListItem\",\"position\":1,\"name\":\"Home\",\"item\":\"https:\/\/dosingpump.shop\/\"},{\"@type\":\"ListItem\",\"position\":2,\"name\":\"Shop\",\"item\":\"https:\/\/dosingpump.shop\/de\/shop\/\"},{\"@type\":\"ListItem\",\"position\":3,\"name\":\"Emec VMS PO chloorpomp met redox sensor (ORP)\"}]},{\"@type\":\"WebSite\",\"@id\":\"https:\/\/dosingpump.shop\/de\/#website\",\"url\":\"https:\/\/dosingpump.shop\/de\/\",\"name\":\"Dosing Pump Shop B.V.\",\"description\":\"\",\"publisher\":{\"@id\":\"https:\/\/dosingpump.shop\/de\/#organization\"},\"potentialAction\":[{\"@type\":\"SearchAction\",\"target\":{\"@type\":\"EntryPoint\",\"urlTemplate\":\"https:\/\/dosingpump.shop\/de\/?s={search_term_string}\"},\"query-input\":{\"@type\":\"PropertyValueSpecification\",\"valueRequired\":true,\"valueName\":\"search_term_string\"}}],\"inLanguage\":\"fr-FR\"},{\"@type\":\"Organization\",\"@id\":\"https:\/\/dosingpump.shop\/de\/#organization\",\"name\":\"Dosing Pump Shop B.V.\",\"url\":\"https:\/\/dosingpump.shop\/de\/\",\"logo\":{\"@type\":\"ImageObject\",\"inLanguage\":\"fr-FR\",\"@id\":\"https:\/\/dosingpump.shop\/de\/#\/schema\/logo\/image\/\",\"url\":\"https:\/\/dosingpump.shop\/wp-content\/uploads\/2024\/10\/Dosing-Pump-Shop-logo.png\",\"contentUrl\":\"https:\/\/dosingpump.shop\/wp-content\/uploads\/2024\/10\/Dosing-Pump-Shop-logo.png\",\"width\":350,\"height\":45,\"caption\":\"Dosing Pump Shop B.V.\"},\"image\":{\"@id\":\"https:\/\/dosingpump.shop\/de\/#\/schema\/logo\/image\/\"},\"sameAs\":[\"https:\/\/linkedin.com\/company\/dosing-pump-shop\"]}]}<\/script>\n<meta property=\"product:price:amount\" content=\"741.00\" \/>\n<meta property=\"product:price:currency\" content=\"EUR\" \/>\n<meta property=\"og:availability\" content=\"backorder\" \/>\n<meta property=\"product:availability\" content=\"available for order\" \/>\n<meta property=\"product:condition\" content=\"new\" \/>\n<!-- \/ Yoast SEO plugin. -->","yoast_head_json":{"title":"Pompe \u00e0 chlore avec capteur Redox | Dosing Pump Shop B.V.","description":"Kit complet de pompe \u00e0 chlore Emec VMSA PO avec capteur redox pour le contr\u00f4le automatique du chlore. Grand stock, bons conseils.","robots":{"index":"index","follow":"follow","max-snippet":"max-snippet:-1","max-image-preview":"max-image-preview:large","max-video-preview":"max-video-preview:-1"},"canonical":"https:\/\/dosingpump.shop\/fr\/produit\/pompe-a-chlore-emec-vms-po-avec-capteur-redox-orp\/","og_locale":"fr_FR","og_type":"article","og_title":"Chloorpomp met Redox Sensor | Dosing Pump Shop B.V.","og_description":"Complete set van Emec VMSA PO chloorpomp met redox sensor voor het automatisch regelen van chloor. _ ruime voorraad _ goed advies.","og_url":"https:\/\/dosingpump.shop\/fr\/produit\/pompe-a-chlore-emec-vms-po-avec-capteur-redox-orp\/","og_site_name":"Dosing Pump Shop B.V.","article_modified_time":"2026-02-27T12:49:16+00:00","og_image":[{"width":499,"height":500,"url":"https:\/\/dosingpump.shop\/wp-content\/uploads\/2024\/12\/Emec-VSMA.webp","type":"image\/webp"}],"twitter_card":"summary_large_image","twitter_misc":{"Prix":"&euro;741,00","Disponibilit\u00e9":"En r\u00e9assort"},"schema":{"@context":"https:\/\/schema.org","@graph":[{"@type":"WebPage","@id":"https:\/\/dosingpump.shop\/ro\/produs-2\/emec-vms-po-pompa-de-clor-cu-senzor-redox-orp\/","url":"https:\/\/dosingpump.shop\/ro\/produs-2\/emec-vms-po-pompa-de-clor-cu-senzor-redox-orp\/","name":"Pompe \u00e0 chlore avec capteur Redox | Dosing Pump Shop B.V.","isPartOf":{"@id":"https:\/\/dosingpump.shop\/de\/#website"},"primaryImageOfPage":{"@id":"https:\/\/dosingpump.shop\/ro\/produs-2\/emec-vms-po-pompa-de-clor-cu-senzor-redox-orp\/#primaryimage"},"image":{"@id":"https:\/\/dosingpump.shop\/ro\/produs-2\/emec-vms-po-pompa-de-clor-cu-senzor-redox-orp\/#primaryimage"},"thumbnailUrl":"https:\/\/dosingpump.shop\/wp-content\/uploads\/2024\/12\/Emec-VSMA.webp","datePublished":"2024-12-05T12:21:46+00:00","dateModified":"2026-02-27T12:49:16+00:00","description":"Kit complet de pompe \u00e0 chlore Emec VMSA PO avec capteur redox pour le contr\u00f4le automatique du chlore. Grand stock, bons conseils.","breadcrumb":{"@id":"https:\/\/dosingpump.shop\/ro\/produs-2\/emec-vms-po-pompa-de-clor-cu-senzor-redox-orp\/#breadcrumb"},"inLanguage":"fr-FR","potentialAction":[{"@type":"ReadAction","target":["https:\/\/dosingpump.shop\/ro\/produs-2\/emec-vms-po-pompa-de-clor-cu-senzor-redox-orp\/"]}]},{"@type":"ImageObject","inLanguage":"fr-FR","@id":"https:\/\/dosingpump.shop\/ro\/produs-2\/emec-vms-po-pompa-de-clor-cu-senzor-redox-orp\/#primaryimage","url":"https:\/\/dosingpump.shop\/wp-content\/uploads\/2024\/12\/Emec-VSMA.webp","contentUrl":"https:\/\/dosingpump.shop\/wp-content\/uploads\/2024\/12\/Emec-VSMA.webp","width":499,"height":500},{"@type":"BreadcrumbList","@id":"https:\/\/dosingpump.shop\/ro\/produs-2\/emec-vms-po-pompa-de-clor-cu-senzor-redox-orp\/#breadcrumb","itemListElement":[{"@type":"ListItem","position":1,"name":"Home","item":"https:\/\/dosingpump.shop\/"},{"@type":"ListItem","position":2,"name":"Shop","item":"https:\/\/dosingpump.shop\/de\/shop\/"},{"@type":"ListItem","position":3,"name":"Emec VMS PO chloorpomp met redox sensor (ORP)"}]},{"@type":"WebSite","@id":"https:\/\/dosingpump.shop\/de\/#website","url":"https:\/\/dosingpump.shop\/de\/","name":"Dosing Pump Shop B.V.","description":"","publisher":{"@id":"https:\/\/dosingpump.shop\/de\/#organization"},"potentialAction":[{"@type":"SearchAction","target":{"@type":"EntryPoint","urlTemplate":"https:\/\/dosingpump.shop\/de\/?s={search_term_string}"},"query-input":{"@type":"PropertyValueSpecification","valueRequired":true,"valueName":"search_term_string"}}],"inLanguage":"fr-FR"},{"@type":"Organization","@id":"https:\/\/dosingpump.shop\/de\/#organization","name":"Dosing Pump Shop B.V.","url":"https:\/\/dosingpump.shop\/de\/","logo":{"@type":"ImageObject","inLanguage":"fr-FR","@id":"https:\/\/dosingpump.shop\/de\/#\/schema\/logo\/image\/","url":"https:\/\/dosingpump.shop\/wp-content\/uploads\/2024\/10\/Dosing-Pump-Shop-logo.png","contentUrl":"https:\/\/dosingpump.shop\/wp-content\/uploads\/2024\/10\/Dosing-Pump-Shop-logo.png","width":350,"height":45,"caption":"Dosing Pump Shop B.V."},"image":{"@id":"https:\/\/dosingpump.shop\/de\/#\/schema\/logo\/image\/"},"sameAs":["https:\/\/linkedin.com\/company\/dosing-pump-shop"]}]},"product_price_amount":"741.00","product_price_currency":"EUR","og_availability":"backorder","product_availability":"available for order","product_condition":"new"},"_links":{"self":[{"href":"https:\/\/dosingpump.shop\/fr\/wp-json\/wp\/v2\/product\/4031","targetHints":{"allow":["GET"]}}],"collection":[{"href":"https:\/\/dosingpump.shop\/fr\/wp-json\/wp\/v2\/product"}],"about":[{"href":"https:\/\/dosingpump.shop\/fr\/wp-json\/wp\/v2\/types\/product"}],"wp:featuredmedia":[{"embeddable":true,"href":"https:\/\/dosingpump.shop\/fr\/wp-json\/wp\/v2\/media\/4030"}],"wp:attachment":[{"href":"https:\/\/dosingpump.shop\/fr\/wp-json\/wp\/v2\/media?parent=4031"}],"wp:term":[{"taxonomy":"product_brand","embeddable":true,"href":"https:\/\/dosingpump.shop\/fr\/wp-json\/wp\/v2\/product_brand?post=4031"},{"taxonomy":"product_cat","embeddable":true,"href":"https:\/\/dosingpump.shop\/fr\/wp-json\/wp\/v2\/product_cat?post=4031"},{"taxonomy":"product_tag","embeddable":true,"href":"https:\/\/dosingpump.shop\/fr\/wp-json\/wp\/v2\/product_tag?post=4031"}],"curies":[{"name":"wp","href":"https:\/\/api.w.org\/{rel}","templated":true}]}}