{"id":4094,"date":"2024-12-05T12:21:54","date_gmt":"2024-12-05T12:21:54","guid":{"rendered":"https:\/\/dosingpump.shop\/?post_type=product&#038;p=4094"},"modified":"2026-02-27T14:49:18","modified_gmt":"2026-02-27T12:49:18","slug":"prisme-20-05-fp-24vdc","status":"publish","type":"product","link":"https:\/\/dosingpump.shop\/fr\/product\/prisma-20-05-fp-24vdc\/","title":{"rendered":"PRISME 20-05 FP 24VDC"},"content":{"rendered":"<h3>Emec Prisma 05-28 Pompe doseuse : la perfection dans la gestion pr\u00e9cise du dosage<\/h3>\n<p>D\u00e9couvrez les <strong>Pompe doseuse Emec Prisma<\/strong>Cette pompe est \u00e9quip\u00e9e d'un moteur pas \u00e0 pas pour une pr\u00e9cision in\u00e9gal\u00e9e dans le dosage des liquides, m\u00eame les plus visqueux. Cette pompe doseuse haute performance est configur\u00e9e en standard pour une commande par signal externe (4-20mA | 0-10V | Pulse) et RS485. La 05-28 peut d\u00e9livrer 28 litres par heure \u00e0 une contre-pression de 5 bars.<\/p>\n<h4>Caract\u00e9ristiques uniques :<\/h4>\n<ul>\n<li><strong>Connectivit\u00e9 :<\/strong> En option avec Bluetooth et contr\u00f4le \u00e0 distance via le serveur Emec Ermes, vous permettant de lire et de r\u00e9gler la pompe de n'importe o\u00f9 dans le monde via votre t\u00e9l\u00e9phone portable.<\/li>\n<li><strong>Compatibilit\u00e9 :<\/strong> Les connexions MODBUS et RS485 sont toutes deux possibles. La norme RS485 est m\u00eame standard.<\/li>\n<li><strong>Capacit\u00e9 d'adaptation :<\/strong> Le logiciel et le moteur pas \u00e0 pas permettent de personnaliser enti\u00e8rement le Emec Prisma en fonction de vos besoins en mati\u00e8re de dosage. Plusieurs programmes de dosage sont disponibles !<\/li>\n<li><strong>Contr\u00f4le maximal :<\/strong> Un taux de rotation impressionnant de 1:4800 garantit le contr\u00f4le le plus pr\u00e9cis de votre processus de dosage.<\/li>\n<li><strong>Mode lent :<\/strong> Une caract\u00e9ristique unique pour la distribution pr\u00e9cise de liquides \u00e0 haute viscosit\u00e9 en r\u00e9duisant la course de la pompe \u00e0 25, 50 ou 75% de la capacit\u00e9 normale.<\/li>\n<\/ul>\n<h4>Versions disponibles de la pompe doseuse Emec Prisma :<\/h4>\n<p>De 20 bar - 1 l\/h \u00e0 02 bar - 80 l\/h, il y a toujours une pompe doseuse Emec Prisma qui r\u00e9pond parfaitement \u00e0 vos besoins. Besoin d'aide pour choisir la bonne version ? Demandez un devis et nous sommes pr\u00eats \u00e0 vous conseiller !<\/p>","protected":false},"excerpt":{"rendered":"<p>Avec la s\u00e9rie PRISMA d'Emec, vous disposez de la meilleure pompe doseuse de la maison. Avec son moteur pas \u00e0 pas, cette pompe \u00e0 membrane est la pompe doseuse la plus innovante \u00e0 ce jour. Demandez imm\u00e9diatement cette pompe polyvalente si vous recherchez la pr\u00e9cision et la fiabilit\u00e9.<\/p>\n<ul>\n<li>WIFI<\/li>\n<li>Bluetooth<\/li>\n<li>modbus<\/li>\n<li>RS485<\/li>\n<\/ul>","protected":false},"featured_media":4249,"template":"","meta":[],"product_brand":[],"product_cat":[78],"product_tag":[],"class_list":{"0":"post-4094","1":"product","2":"type-product","3":"status-publish","4":"has-post-thumbnail","6":"product_cat-emec-prisma","8":"first","9":"instock","10":"taxable","11":"shipping-taxable","12":"purchasable","13":"product-type-simple"},"yoast_head":"<!-- This site is optimized with the Yoast SEO plugin v27.2 - https:\/\/yoast.com\/product\/yoast-seo-wordpress\/ -->\n<title>PRISMA 20-05 FP 24VDC | Dosing Pump Shop B.V.<\/title>\n<meta name=\"description\" content=\"De Emec Prisma is een ouder model stappenmotor doseerpomp. Capaciteit: 5 l\/uur. Druk: 20 bar. Laatste modellen. Aantrekkelijke korting.\" \/>\n<meta name=\"robots\" content=\"index, follow, max-snippet:-1, max-image-preview:large, max-video-preview:-1\" \/>\n<link rel=\"canonical\" href=\"https:\/\/dosingpump.shop\/fr\/produit\/prisme-20-05-fp-24vdc\/\" \/>\n<meta property=\"og:locale\" content=\"fr_FR\" \/>\n<meta property=\"og:type\" content=\"article\" \/>\n<meta property=\"og:title\" content=\"PRISMA 20-05 FP 24VDC | Dosing Pump Shop B.V.\" \/>\n<meta property=\"og:description\" content=\"De Emec Prisma is een ouder model stappenmotor doseerpomp. Capaciteit: 5 l\/uur. Druk: 20 bar. Laatste modellen. Aantrekkelijke korting.\" \/>\n<meta property=\"og:url\" content=\"https:\/\/dosingpump.shop\/fr\/produit\/prisme-20-05-fp-24vdc\/\" \/>\n<meta property=\"og:site_name\" content=\"Dosing Pump Shop B.V.\" \/>\n<meta property=\"article:modified_time\" content=\"2026-02-27T12:49:18+00:00\" \/>\n<meta property=\"og:image\" content=\"https:\/\/dosingpump.shop\/wp-content\/uploads\/2024\/12\/Emec-Prisma-Doseerpomp-24vdc.webp\" \/>\n\t<meta property=\"og:image:width\" content=\"500\" \/>\n\t<meta property=\"og:image:height\" content=\"500\" \/>\n\t<meta property=\"og:image:type\" content=\"image\/webp\" \/>\n<meta name=\"twitter:card\" content=\"summary_large_image\" \/>\n<meta name=\"twitter:label1\" content=\"Prix\" \/>\n\t<meta name=\"twitter:data1\" content=\"&euro;1.508,00\" \/>\n\t<meta name=\"twitter:label2\" content=\"Disponibilit\u00e9\" \/>\n\t<meta name=\"twitter:data2\" content=\"En stock\" \/>\n<script type=\"application\/ld+json\" class=\"yoast-schema-graph\">{\"@context\":\"https:\/\/schema.org\",\"@graph\":[{\"@type\":\"WebPage\",\"@id\":\"https:\/\/dosingpump.shop\/cz\/produkt-2\/prism-20-05-fp-24vdc\/\",\"url\":\"https:\/\/dosingpump.shop\/cz\/produkt-2\/prism-20-05-fp-24vdc\/\",\"name\":\"PRISMA 20-05 FP 24VDC | Dosing Pump Shop B.V.\",\"isPartOf\":{\"@id\":\"https:\/\/dosingpump.shop\/de\/#website\"},\"primaryImageOfPage\":{\"@id\":\"https:\/\/dosingpump.shop\/cz\/produkt-2\/prism-20-05-fp-24vdc\/#primaryimage\"},\"image\":{\"@id\":\"https:\/\/dosingpump.shop\/cz\/produkt-2\/prism-20-05-fp-24vdc\/#primaryimage\"},\"thumbnailUrl\":\"https:\/\/dosingpump.shop\/wp-content\/uploads\/2024\/12\/Emec-Prisma-Doseerpomp-24vdc.webp\",\"datePublished\":\"2024-12-05T12:21:54+00:00\",\"dateModified\":\"2026-02-27T12:49:18+00:00\",\"description\":\"De Emec Prisma is een ouder model stappenmotor doseerpomp. Capaciteit: 5 l\/uur. Druk: 20 bar. Laatste modellen. Aantrekkelijke korting.\",\"breadcrumb\":{\"@id\":\"https:\/\/dosingpump.shop\/cz\/produkt-2\/prism-20-05-fp-24vdc\/#breadcrumb\"},\"inLanguage\":\"fr-FR\",\"potentialAction\":[{\"@type\":\"ReadAction\",\"target\":[\"https:\/\/dosingpump.shop\/cz\/produkt-2\/prism-20-05-fp-24vdc\/\"]}]},{\"@type\":\"ImageObject\",\"inLanguage\":\"fr-FR\",\"@id\":\"https:\/\/dosingpump.shop\/cz\/produkt-2\/prism-20-05-fp-24vdc\/#primaryimage\",\"url\":\"https:\/\/dosingpump.shop\/wp-content\/uploads\/2024\/12\/Emec-Prisma-Doseerpomp-24vdc.webp\",\"contentUrl\":\"https:\/\/dosingpump.shop\/wp-content\/uploads\/2024\/12\/Emec-Prisma-Doseerpomp-24vdc.webp\",\"width\":500,\"height\":500},{\"@type\":\"BreadcrumbList\",\"@id\":\"https:\/\/dosingpump.shop\/cz\/produkt-2\/prism-20-05-fp-24vdc\/#breadcrumb\",\"itemListElement\":[{\"@type\":\"ListItem\",\"position\":1,\"name\":\"Home\",\"item\":\"https:\/\/dosingpump.shop\/\"},{\"@type\":\"ListItem\",\"position\":2,\"name\":\"Shop\",\"item\":\"https:\/\/dosingpump.shop\/de\/shop\/\"},{\"@type\":\"ListItem\",\"position\":3,\"name\":\"PRISMA 20-05 FP 24VDC\"}]},{\"@type\":\"WebSite\",\"@id\":\"https:\/\/dosingpump.shop\/de\/#website\",\"url\":\"https:\/\/dosingpump.shop\/de\/\",\"name\":\"Dosing Pump Shop B.V.\",\"description\":\"\",\"publisher\":{\"@id\":\"https:\/\/dosingpump.shop\/de\/#organization\"},\"potentialAction\":[{\"@type\":\"SearchAction\",\"target\":{\"@type\":\"EntryPoint\",\"urlTemplate\":\"https:\/\/dosingpump.shop\/de\/?s={search_term_string}\"},\"query-input\":{\"@type\":\"PropertyValueSpecification\",\"valueRequired\":true,\"valueName\":\"search_term_string\"}}],\"inLanguage\":\"fr-FR\"},{\"@type\":\"Organization\",\"@id\":\"https:\/\/dosingpump.shop\/de\/#organization\",\"name\":\"Dosing Pump Shop B.V.\",\"url\":\"https:\/\/dosingpump.shop\/de\/\",\"logo\":{\"@type\":\"ImageObject\",\"inLanguage\":\"fr-FR\",\"@id\":\"https:\/\/dosingpump.shop\/de\/#\/schema\/logo\/image\/\",\"url\":\"https:\/\/dosingpump.shop\/wp-content\/uploads\/2024\/10\/Dosing-Pump-Shop-logo.png\",\"contentUrl\":\"https:\/\/dosingpump.shop\/wp-content\/uploads\/2024\/10\/Dosing-Pump-Shop-logo.png\",\"width\":350,\"height\":45,\"caption\":\"Dosing Pump Shop B.V.\"},\"image\":{\"@id\":\"https:\/\/dosingpump.shop\/de\/#\/schema\/logo\/image\/\"},\"sameAs\":[\"https:\/\/linkedin.com\/company\/dosing-pump-shop\"]}]}<\/script>\n<meta property=\"product:price:amount\" content=\"1508.00\" \/>\n<meta property=\"product:price:currency\" content=\"EUR\" \/>\n<meta property=\"og:availability\" content=\"instock\" \/>\n<meta property=\"product:availability\" content=\"instock\" \/>\n<meta property=\"product:retailer_item_id\" content=\"PRI20005K0007V00A000\" \/>\n<meta property=\"product:condition\" content=\"new\" \/>\n<!-- \/ Yoast SEO plugin. -->","yoast_head_json":{"title":"PRISMA 20-05 FP 24VDC | Dosing Pump Shop B.V.","description":"La Emec Prisma est un ancien mod\u00e8le de pompe doseuse \u00e0 moteur pas \u00e0 pas. Capacit\u00e9 : 5 l\/heure. Pression : 20 bar. Derniers mod\u00e8les. Remise int\u00e9ressante.","robots":{"index":"index","follow":"follow","max-snippet":"max-snippet:-1","max-image-preview":"max-image-preview:large","max-video-preview":"max-video-preview:-1"},"canonical":"https:\/\/dosingpump.shop\/fr\/produit\/prisme-20-05-fp-24vdc\/","og_locale":"fr_FR","og_type":"article","og_title":"PRISMA 20-05 FP 24VDC | Dosing Pump Shop B.V.","og_description":"De Emec Prisma is een ouder model stappenmotor doseerpomp. Capaciteit: 5 l\/uur. Druk: 20 bar. Laatste modellen. Aantrekkelijke korting.","og_url":"https:\/\/dosingpump.shop\/fr\/produit\/prisme-20-05-fp-24vdc\/","og_site_name":"Dosing Pump Shop B.V.","article_modified_time":"2026-02-27T12:49:18+00:00","og_image":[{"width":500,"height":500,"url":"https:\/\/dosingpump.shop\/wp-content\/uploads\/2024\/12\/Emec-Prisma-Doseerpomp-24vdc.webp","type":"image\/webp"}],"twitter_card":"summary_large_image","twitter_misc":{"Prix":"&euro;1.508,00","Disponibilit\u00e9":"En stock"},"schema":{"@context":"https:\/\/schema.org","@graph":[{"@type":"WebPage","@id":"https:\/\/dosingpump.shop\/cz\/produkt-2\/prism-20-05-fp-24vdc\/","url":"https:\/\/dosingpump.shop\/cz\/produkt-2\/prism-20-05-fp-24vdc\/","name":"PRISMA 20-05 FP 24VDC | Dosing Pump Shop B.V.","isPartOf":{"@id":"https:\/\/dosingpump.shop\/de\/#website"},"primaryImageOfPage":{"@id":"https:\/\/dosingpump.shop\/cz\/produkt-2\/prism-20-05-fp-24vdc\/#primaryimage"},"image":{"@id":"https:\/\/dosingpump.shop\/cz\/produkt-2\/prism-20-05-fp-24vdc\/#primaryimage"},"thumbnailUrl":"https:\/\/dosingpump.shop\/wp-content\/uploads\/2024\/12\/Emec-Prisma-Doseerpomp-24vdc.webp","datePublished":"2024-12-05T12:21:54+00:00","dateModified":"2026-02-27T12:49:18+00:00","description":"La Emec Prisma est un ancien mod\u00e8le de pompe doseuse \u00e0 moteur pas \u00e0 pas. Capacit\u00e9 : 5 l\/heure. Pression : 20 bar. Derniers mod\u00e8les. Remise int\u00e9ressante.","breadcrumb":{"@id":"https:\/\/dosingpump.shop\/cz\/produkt-2\/prism-20-05-fp-24vdc\/#breadcrumb"},"inLanguage":"fr-FR","potentialAction":[{"@type":"ReadAction","target":["https:\/\/dosingpump.shop\/cz\/produkt-2\/prism-20-05-fp-24vdc\/"]}]},{"@type":"ImageObject","inLanguage":"fr-FR","@id":"https:\/\/dosingpump.shop\/cz\/produkt-2\/prism-20-05-fp-24vdc\/#primaryimage","url":"https:\/\/dosingpump.shop\/wp-content\/uploads\/2024\/12\/Emec-Prisma-Doseerpomp-24vdc.webp","contentUrl":"https:\/\/dosingpump.shop\/wp-content\/uploads\/2024\/12\/Emec-Prisma-Doseerpomp-24vdc.webp","width":500,"height":500},{"@type":"BreadcrumbList","@id":"https:\/\/dosingpump.shop\/cz\/produkt-2\/prism-20-05-fp-24vdc\/#breadcrumb","itemListElement":[{"@type":"ListItem","position":1,"name":"Home","item":"https:\/\/dosingpump.shop\/"},{"@type":"ListItem","position":2,"name":"Shop","item":"https:\/\/dosingpump.shop\/de\/shop\/"},{"@type":"ListItem","position":3,"name":"PRISMA 20-05 FP 24VDC"}]},{"@type":"WebSite","@id":"https:\/\/dosingpump.shop\/de\/#website","url":"https:\/\/dosingpump.shop\/de\/","name":"Dosing Pump Shop B.V.","description":"","publisher":{"@id":"https:\/\/dosingpump.shop\/de\/#organization"},"potentialAction":[{"@type":"SearchAction","target":{"@type":"EntryPoint","urlTemplate":"https:\/\/dosingpump.shop\/de\/?s={search_term_string}"},"query-input":{"@type":"PropertyValueSpecification","valueRequired":true,"valueName":"search_term_string"}}],"inLanguage":"fr-FR"},{"@type":"Organization","@id":"https:\/\/dosingpump.shop\/de\/#organization","name":"Dosing Pump Shop B.V.","url":"https:\/\/dosingpump.shop\/de\/","logo":{"@type":"ImageObject","inLanguage":"fr-FR","@id":"https:\/\/dosingpump.shop\/de\/#\/schema\/logo\/image\/","url":"https:\/\/dosingpump.shop\/wp-content\/uploads\/2024\/10\/Dosing-Pump-Shop-logo.png","contentUrl":"https:\/\/dosingpump.shop\/wp-content\/uploads\/2024\/10\/Dosing-Pump-Shop-logo.png","width":350,"height":45,"caption":"Dosing Pump Shop B.V."},"image":{"@id":"https:\/\/dosingpump.shop\/de\/#\/schema\/logo\/image\/"},"sameAs":["https:\/\/linkedin.com\/company\/dosing-pump-shop"]}]},"product_price_amount":"1508.00","product_price_currency":"EUR","og_availability":"instock","product_availability":"instock","product_retailer_item_id":"PRI20005K0007V00A000","product_condition":"new"},"_links":{"self":[{"href":"https:\/\/dosingpump.shop\/fr\/wp-json\/wp\/v2\/product\/4094","targetHints":{"allow":["GET"]}}],"collection":[{"href":"https:\/\/dosingpump.shop\/fr\/wp-json\/wp\/v2\/product"}],"about":[{"href":"https:\/\/dosingpump.shop\/fr\/wp-json\/wp\/v2\/types\/product"}],"wp:featuredmedia":[{"embeddable":true,"href":"https:\/\/dosingpump.shop\/fr\/wp-json\/wp\/v2\/media\/4249"}],"wp:attachment":[{"href":"https:\/\/dosingpump.shop\/fr\/wp-json\/wp\/v2\/media?parent=4094"}],"wp:term":[{"taxonomy":"product_brand","embeddable":true,"href":"https:\/\/dosingpump.shop\/fr\/wp-json\/wp\/v2\/product_brand?post=4094"},{"taxonomy":"product_cat","embeddable":true,"href":"https:\/\/dosingpump.shop\/fr\/wp-json\/wp\/v2\/product_cat?post=4094"},{"taxonomy":"product_tag","embeddable":true,"href":"https:\/\/dosingpump.shop\/fr\/wp-json\/wp\/v2\/product_tag?post=4094"}],"curies":[{"name":"wp","href":"https:\/\/api.w.org\/{rel}","templated":true}]}}