{"id":4115,"date":"2024-12-05T14:21:56","date_gmt":"2024-12-05T12:21:56","guid":{"rendered":"https:\/\/dosingpump.shop\/product\/emec-wdphrhs-03-10-fp-doseerpomp\/"},"modified":"2026-02-27T14:49:19","modified_gmt":"2026-02-27T12:49:19","slug":"pompe-doseuse-emec-wdphrhs-03-10-fp","status":"publish","type":"product","link":"https:\/\/dosingpump.shop\/fr\/product\/emec-wdphrhs-03-10-fp-doseerpomp\/","title":{"rendered":"Emec WDPHRHS 03-10 FP Pompe doseuse"},"content":{"rendered":"<div class=\"bot-name gds-title-s ng-tns-c2975687916-27 ng-star-inserted\"><\/div>\n<div class=\"response-content ng-tns-c2975687916-27\">\n<div id=\"model-response-message-contentr_b37d3081ee6a214a\" class=\"markdown markdown-main-panel stronger enable-updated-hr-color\" dir=\"ltr\">\n<p>La pompe doseuse Emec WDPHRHS 03-10 FP fait partie du syst\u00e8me WDPHxx, une solution avanc\u00e9e qui int\u00e8gre un contr\u00f4leur et des pompes doseuses proportionnelles. Sp\u00e9cialement con\u00e7u pour des applications sp\u00e9cifiques, telles que celles du secteur des piscines, ce syst\u00e8me offre un dosage professionnel et fiable des produits chimiques. La pompe est \u00e9quip\u00e9e d'un \u00e9cran LCD convivial et d'un bouton encodeur pour faciliter la navigation et le r\u00e9glage des param\u00e8tres.<\/p>\n<p>La construction de la pompe comprend un corps de pompe en PVDF durable et des composants hydrauliques de haute qualit\u00e9, garantissant une longue dur\u00e9e de vie et une r\u00e9sistance aux produits chimiques agressifs. Les principales fonctionnalit\u00e9s comprennent un mode veille, une entr\u00e9e de contr\u00f4le du d\u00e9bit et la possibilit\u00e9 d'un d\u00e9marrage diff\u00e9r\u00e9 du dosage. Pour un contr\u00f4le optimal, un r\u00e9glage prioritaire du dosage du pH est disponible, ainsi qu'un menu de service qui affiche la valeur instantan\u00e9e de la sonde. La pompe dispose \u00e9galement d'une surveillance compl\u00e8te de la sonde et de diverses fonctions d'alarme pour une s\u00e9curit\u00e9 et une fiabilit\u00e9 accrues.<\/p>\n<p>Sp\u00e9cifique \u00e0 la s\u00e9rie WDPHRHS, cette pompe offre un dosage proportionnel du pH et du Redox, ce qui est crucial pour maintenir une bonne qualit\u00e9 de l'eau. L'ajout d'une sortie Schuko rend l'installation et l'utilisation encore plus faciles et polyvalentes. De plus, la pompe est \u00e9quip\u00e9e d'une sortie RS485, permettant la gestion \u00e0 distance via le web avec le syst\u00e8me exclusif ERMES, qui simplifie la surveillance \u00e0 distance et l'ajustement du dosage.<\/p>\n<\/div>\n<\/div>","protected":false},"excerpt":{"rendered":"<ul>\n<li>Complet avec valve d'injection, filtre d'admission et tuyau.<\/li>\n<li>mode veille<\/li>\n<li>Priorit\u00e9 au dosage du pH disponible<\/li>\n<li>Visage pour piscines<\/li>\n<\/ul>","protected":false},"featured_media":5292,"template":"","meta":[],"product_brand":[],"product_cat":[17],"product_tag":[],"class_list":{"0":"post-4115","1":"product","2":"type-product","3":"status-publish","4":"has-post-thumbnail","6":"product_cat-doseerpompen","8":"first","9":"onbackorder","10":"taxable","11":"shipping-taxable","12":"purchasable","13":"product-type-simple"},"yoast_head":"<!-- This site is optimized with the Yoast SEO plugin v27.2 - https:\/\/yoast.com\/product\/yoast-seo-wordpress\/ -->\n<title>Emec WDPHRHS 03-10 FP Doseerpomp | Dosing Pump Shop B.V.<\/title>\n<meta name=\"description\" content=\"De Emec WDPHRHS is een ouder model uit de Emec WDPHXX serie. Capaciteit: 10 l\/uur. Druk: 3 bar. Laatste modellen. Aantrekkelijke korting.\" \/>\n<meta name=\"robots\" content=\"index, follow, max-snippet:-1, max-image-preview:large, max-video-preview:-1\" \/>\n<link rel=\"canonical\" href=\"https:\/\/dosingpump.shop\/fr\/produit\/pompe-doseuse-emec-wdphrhs-03-10-fp\/\" \/>\n<meta property=\"og:locale\" content=\"fr_FR\" \/>\n<meta property=\"og:type\" content=\"article\" \/>\n<meta property=\"og:title\" content=\"Emec WDPHRHS 03-10 FP Doseerpomp | Dosing Pump Shop B.V.\" \/>\n<meta property=\"og:description\" content=\"De Emec WDPHRHS is een ouder model uit de Emec WDPHXX serie. Capaciteit: 10 l\/uur. Druk: 3 bar. Laatste modellen. Aantrekkelijke korting.\" \/>\n<meta property=\"og:url\" content=\"https:\/\/dosingpump.shop\/fr\/produit\/pompe-doseuse-emec-wdphrhs-03-10-fp\/\" \/>\n<meta property=\"og:site_name\" content=\"Dosing Pump Shop B.V.\" \/>\n<meta property=\"article:modified_time\" content=\"2026-02-27T12:49:19+00:00\" \/>\n<meta property=\"og:image\" content=\"https:\/\/dosingpump.shop\/wp-content\/uploads\/2024\/12\/Emec-WDPHXX-Series.webp\" \/>\n\t<meta property=\"og:image:width\" content=\"500\" \/>\n\t<meta property=\"og:image:height\" content=\"500\" \/>\n\t<meta property=\"og:image:type\" content=\"image\/webp\" \/>\n<meta name=\"twitter:card\" content=\"summary_large_image\" \/>\n<meta name=\"twitter:label1\" content=\"Prix\" \/>\n\t<meta name=\"twitter:data1\" content=\"&euro;946,00\" \/>\n\t<meta name=\"twitter:label2\" content=\"Disponibilit\u00e9\" \/>\n\t<meta name=\"twitter:data2\" content=\"En r\u00e9assort\" \/>\n<script type=\"application\/ld+json\" class=\"yoast-schema-graph\">{\"@context\":\"https:\/\/schema.org\",\"@graph\":[{\"@type\":\"WebPage\",\"@id\":\"https:\/\/dosingpump.shop\/nl\/product\/emec-wdphrhs-03-10-fp-doseerpomp\/\",\"url\":\"https:\/\/dosingpump.shop\/nl\/product\/emec-wdphrhs-03-10-fp-doseerpomp\/\",\"name\":\"Emec WDPHRHS 03-10 FP Doseerpomp | Dosing Pump Shop B.V.\",\"isPartOf\":{\"@id\":\"https:\/\/dosingpump.shop\/de\/#website\"},\"primaryImageOfPage\":{\"@id\":\"https:\/\/dosingpump.shop\/nl\/product\/emec-wdphrhs-03-10-fp-doseerpomp\/#primaryimage\"},\"image\":{\"@id\":\"https:\/\/dosingpump.shop\/nl\/product\/emec-wdphrhs-03-10-fp-doseerpomp\/#primaryimage\"},\"thumbnailUrl\":\"https:\/\/dosingpump.shop\/wp-content\/uploads\/2024\/12\/Emec-WDPHXX-Series.webp\",\"datePublished\":\"2024-12-05T12:21:56+00:00\",\"dateModified\":\"2026-02-27T12:49:19+00:00\",\"description\":\"De Emec WDPHRHS is een ouder model uit de Emec WDPHXX serie. Capaciteit: 10 l\/uur. Druk: 3 bar. Laatste modellen. Aantrekkelijke korting.\",\"breadcrumb\":{\"@id\":\"https:\/\/dosingpump.shop\/nl\/product\/emec-wdphrhs-03-10-fp-doseerpomp\/#breadcrumb\"},\"inLanguage\":\"fr-FR\",\"potentialAction\":[{\"@type\":\"ReadAction\",\"target\":[\"https:\/\/dosingpump.shop\/nl\/product\/emec-wdphrhs-03-10-fp-doseerpomp\/\"]}]},{\"@type\":\"ImageObject\",\"inLanguage\":\"fr-FR\",\"@id\":\"https:\/\/dosingpump.shop\/nl\/product\/emec-wdphrhs-03-10-fp-doseerpomp\/#primaryimage\",\"url\":\"https:\/\/dosingpump.shop\/wp-content\/uploads\/2024\/12\/Emec-WDPHXX-Series.webp\",\"contentUrl\":\"https:\/\/dosingpump.shop\/wp-content\/uploads\/2024\/12\/Emec-WDPHXX-Series.webp\",\"width\":500,\"height\":500},{\"@type\":\"BreadcrumbList\",\"@id\":\"https:\/\/dosingpump.shop\/nl\/product\/emec-wdphrhs-03-10-fp-doseerpomp\/#breadcrumb\",\"itemListElement\":[{\"@type\":\"ListItem\",\"position\":1,\"name\":\"Home\",\"item\":\"https:\/\/dosingpump.shop\/\"},{\"@type\":\"ListItem\",\"position\":2,\"name\":\"Shop\",\"item\":\"https:\/\/dosingpump.shop\/de\/shop\/\"},{\"@type\":\"ListItem\",\"position\":3,\"name\":\"Emec WDPHRHS 03-10 FP Doseerpomp\"}]},{\"@type\":\"WebSite\",\"@id\":\"https:\/\/dosingpump.shop\/de\/#website\",\"url\":\"https:\/\/dosingpump.shop\/de\/\",\"name\":\"Dosing Pump Shop B.V.\",\"description\":\"\",\"publisher\":{\"@id\":\"https:\/\/dosingpump.shop\/de\/#organization\"},\"potentialAction\":[{\"@type\":\"SearchAction\",\"target\":{\"@type\":\"EntryPoint\",\"urlTemplate\":\"https:\/\/dosingpump.shop\/de\/?s={search_term_string}\"},\"query-input\":{\"@type\":\"PropertyValueSpecification\",\"valueRequired\":true,\"valueName\":\"search_term_string\"}}],\"inLanguage\":\"fr-FR\"},{\"@type\":\"Organization\",\"@id\":\"https:\/\/dosingpump.shop\/de\/#organization\",\"name\":\"Dosing Pump Shop B.V.\",\"url\":\"https:\/\/dosingpump.shop\/de\/\",\"logo\":{\"@type\":\"ImageObject\",\"inLanguage\":\"fr-FR\",\"@id\":\"https:\/\/dosingpump.shop\/de\/#\/schema\/logo\/image\/\",\"url\":\"https:\/\/dosingpump.shop\/wp-content\/uploads\/2024\/10\/Dosing-Pump-Shop-logo.png\",\"contentUrl\":\"https:\/\/dosingpump.shop\/wp-content\/uploads\/2024\/10\/Dosing-Pump-Shop-logo.png\",\"width\":350,\"height\":45,\"caption\":\"Dosing Pump Shop B.V.\"},\"image\":{\"@id\":\"https:\/\/dosingpump.shop\/de\/#\/schema\/logo\/image\/\"},\"sameAs\":[\"https:\/\/linkedin.com\/company\/dosing-pump-shop\"]}]}<\/script>\n<meta property=\"product:price:amount\" content=\"946.00\" \/>\n<meta property=\"product:price:currency\" content=\"EUR\" \/>\n<meta property=\"og:availability\" content=\"backorder\" \/>\n<meta property=\"product:availability\" content=\"available for order\" \/>\n<meta property=\"product:condition\" content=\"new\" \/>\n<!-- \/ Yoast SEO plugin. -->","yoast_head_json":{"title":"Emec WDPHRHS 03-10 FP Pompe doseuse | Dosing Pump Shop B.V.","description":"L'Emec WDPHRHS est un ancien mod\u00e8le de la s\u00e9rie Emec WDPHXX. Capacit\u00e9 : 10 l\/heure. Pression : 3 bar. Derniers mod\u00e8les. Remise attrayante.","robots":{"index":"index","follow":"follow","max-snippet":"max-snippet:-1","max-image-preview":"max-image-preview:large","max-video-preview":"max-video-preview:-1"},"canonical":"https:\/\/dosingpump.shop\/fr\/produit\/pompe-doseuse-emec-wdphrhs-03-10-fp\/","og_locale":"fr_FR","og_type":"article","og_title":"Emec WDPHRHS 03-10 FP Doseerpomp | Dosing Pump Shop B.V.","og_description":"De Emec WDPHRHS is een ouder model uit de Emec WDPHXX serie. Capaciteit: 10 l\/uur. Druk: 3 bar. Laatste modellen. Aantrekkelijke korting.","og_url":"https:\/\/dosingpump.shop\/fr\/produit\/pompe-doseuse-emec-wdphrhs-03-10-fp\/","og_site_name":"Dosing Pump Shop B.V.","article_modified_time":"2026-02-27T12:49:19+00:00","og_image":[{"width":500,"height":500,"url":"https:\/\/dosingpump.shop\/wp-content\/uploads\/2024\/12\/Emec-WDPHXX-Series.webp","type":"image\/webp"}],"twitter_card":"summary_large_image","twitter_misc":{"Prix":"&euro;946,00","Disponibilit\u00e9":"En r\u00e9assort"},"schema":{"@context":"https:\/\/schema.org","@graph":[{"@type":"WebPage","@id":"https:\/\/dosingpump.shop\/nl\/product\/emec-wdphrhs-03-10-fp-doseerpomp\/","url":"https:\/\/dosingpump.shop\/nl\/product\/emec-wdphrhs-03-10-fp-doseerpomp\/","name":"Emec WDPHRHS 03-10 FP Pompe doseuse | Dosing Pump Shop B.V.","isPartOf":{"@id":"https:\/\/dosingpump.shop\/de\/#website"},"primaryImageOfPage":{"@id":"https:\/\/dosingpump.shop\/nl\/product\/emec-wdphrhs-03-10-fp-doseerpomp\/#primaryimage"},"image":{"@id":"https:\/\/dosingpump.shop\/nl\/product\/emec-wdphrhs-03-10-fp-doseerpomp\/#primaryimage"},"thumbnailUrl":"https:\/\/dosingpump.shop\/wp-content\/uploads\/2024\/12\/Emec-WDPHXX-Series.webp","datePublished":"2024-12-05T12:21:56+00:00","dateModified":"2026-02-27T12:49:19+00:00","description":"L'Emec WDPHRHS est un ancien mod\u00e8le de la s\u00e9rie Emec WDPHXX. Capacit\u00e9 : 10 l\/heure. Pression : 3 bar. Derniers mod\u00e8les. Remise attrayante.","breadcrumb":{"@id":"https:\/\/dosingpump.shop\/nl\/product\/emec-wdphrhs-03-10-fp-doseerpomp\/#breadcrumb"},"inLanguage":"fr-FR","potentialAction":[{"@type":"ReadAction","target":["https:\/\/dosingpump.shop\/nl\/product\/emec-wdphrhs-03-10-fp-doseerpomp\/"]}]},{"@type":"ImageObject","inLanguage":"fr-FR","@id":"https:\/\/dosingpump.shop\/nl\/product\/emec-wdphrhs-03-10-fp-doseerpomp\/#primaryimage","url":"https:\/\/dosingpump.shop\/wp-content\/uploads\/2024\/12\/Emec-WDPHXX-Series.webp","contentUrl":"https:\/\/dosingpump.shop\/wp-content\/uploads\/2024\/12\/Emec-WDPHXX-Series.webp","width":500,"height":500},{"@type":"BreadcrumbList","@id":"https:\/\/dosingpump.shop\/nl\/product\/emec-wdphrhs-03-10-fp-doseerpomp\/#breadcrumb","itemListElement":[{"@type":"ListItem","position":1,"name":"Home","item":"https:\/\/dosingpump.shop\/"},{"@type":"ListItem","position":2,"name":"Shop","item":"https:\/\/dosingpump.shop\/de\/shop\/"},{"@type":"ListItem","position":3,"name":"Emec WDPHRHS 03-10 FP Doseerpomp"}]},{"@type":"WebSite","@id":"https:\/\/dosingpump.shop\/de\/#website","url":"https:\/\/dosingpump.shop\/de\/","name":"Dosing Pump Shop B.V.","description":"","publisher":{"@id":"https:\/\/dosingpump.shop\/de\/#organization"},"potentialAction":[{"@type":"SearchAction","target":{"@type":"EntryPoint","urlTemplate":"https:\/\/dosingpump.shop\/de\/?s={search_term_string}"},"query-input":{"@type":"PropertyValueSpecification","valueRequired":true,"valueName":"search_term_string"}}],"inLanguage":"fr-FR"},{"@type":"Organization","@id":"https:\/\/dosingpump.shop\/de\/#organization","name":"Dosing Pump Shop B.V.","url":"https:\/\/dosingpump.shop\/de\/","logo":{"@type":"ImageObject","inLanguage":"fr-FR","@id":"https:\/\/dosingpump.shop\/de\/#\/schema\/logo\/image\/","url":"https:\/\/dosingpump.shop\/wp-content\/uploads\/2024\/10\/Dosing-Pump-Shop-logo.png","contentUrl":"https:\/\/dosingpump.shop\/wp-content\/uploads\/2024\/10\/Dosing-Pump-Shop-logo.png","width":350,"height":45,"caption":"Dosing Pump Shop B.V."},"image":{"@id":"https:\/\/dosingpump.shop\/de\/#\/schema\/logo\/image\/"},"sameAs":["https:\/\/linkedin.com\/company\/dosing-pump-shop"]}]},"product_price_amount":"946.00","product_price_currency":"EUR","og_availability":"backorder","product_availability":"available for order","product_condition":"new"},"_links":{"self":[{"href":"https:\/\/dosingpump.shop\/fr\/wp-json\/wp\/v2\/product\/4115","targetHints":{"allow":["GET"]}}],"collection":[{"href":"https:\/\/dosingpump.shop\/fr\/wp-json\/wp\/v2\/product"}],"about":[{"href":"https:\/\/dosingpump.shop\/fr\/wp-json\/wp\/v2\/types\/product"}],"wp:featuredmedia":[{"embeddable":true,"href":"https:\/\/dosingpump.shop\/fr\/wp-json\/wp\/v2\/media\/5292"}],"wp:attachment":[{"href":"https:\/\/dosingpump.shop\/fr\/wp-json\/wp\/v2\/media?parent=4115"}],"wp:term":[{"taxonomy":"product_brand","embeddable":true,"href":"https:\/\/dosingpump.shop\/fr\/wp-json\/wp\/v2\/product_brand?post=4115"},{"taxonomy":"product_cat","embeddable":true,"href":"https:\/\/dosingpump.shop\/fr\/wp-json\/wp\/v2\/product_cat?post=4115"},{"taxonomy":"product_tag","embeddable":true,"href":"https:\/\/dosingpump.shop\/fr\/wp-json\/wp\/v2\/product_tag?post=4115"}],"curies":[{"name":"wp","href":"https:\/\/api.w.org\/{rel}","templated":true}]}}