{"id":4285,"date":"2024-12-05T12:22:30","date_gmt":"2024-12-05T12:22:30","guid":{"rendered":"https:\/\/dosingpump.shop\/?post_type=product&#038;p=4285"},"modified":"2026-02-27T14:49:24","modified_gmt":"2026-02-27T12:49:24","slug":"soupape-de-pied-1-1-2-ppep-32mm","status":"publish","type":"product","link":"https:\/\/dosingpump.shop\/fr\/product\/voetklep-1-1-2-ppep-32mm\/","title":{"rendered":"Clapet de pied 1 1\/2\u2033 PP+EP \/ 32mm"},"content":{"rendered":"<p>Un filtre d'aspiration (clapet de pied) constitue la premi\u00e8re \u00e9tape du syst\u00e8me de dosage et est suspendu directement dans le r\u00e9cipient contenant le liquide. Le filtre d'aspiration lest\u00e9 reste au fond et garantit ainsi que le r\u00e9cipient peut effectivement \u00eatre vid\u00e9. Bien entendu, il est important de choisir le filtre d'aspiration dans un mat\u00e9riau r\u00e9sistant au liquide en question. Nous vous aidons volontiers \u00e0 faire le bon choix ! Nous avons toujours plusieurs types de filtres d'aspiration en stock. Pour les GRV ou les r\u00e9servoirs avec agitateur, on utilise souvent une lance d'aspiration. Versions disponibles de 1 1\/2_ \u00e0 1\/2_ avec un diam\u00e8tre int\u00e9rieur de 4_6 mm. Diff\u00e9rents mat\u00e9riaux disponibles. Plus d'informations ? N'h\u00e9sitez pas \u00e0 nous contacter !<\/p>","protected":false},"excerpt":{"rendered":"<p>Een aanzuigfilter (voetklep) is de eerste stap in het doseersysteem en wordt direct in het vat met vloeistof gehangen. Het verzwaarde aanzuigfilter blijft op de bodem en zorgt er zo voor dat het vat ook echt leeggepompt kan worden. Het is uiteraard van belang dat u het aanzuigfilter in het materiaal kiest wat bestendig is [&hellip;]<\/p>\n","protected":false},"featured_media":4308,"template":"","meta":[],"product_brand":[],"product_cat":[30,32],"product_tag":[],"class_list":{"0":"post-4285","1":"product","2":"type-product","3":"status-publish","4":"has-post-thumbnail","6":"product_cat-spare-parts","7":"product_cat-voetklep","9":"first","10":"instock","11":"taxable","12":"shipping-taxable","13":"purchasable","14":"product-type-simple"},"yoast_head":"<!-- This site is optimized with the Yoast SEO plugin v27.2 - https:\/\/yoast.com\/product\/yoast-seo-wordpress\/ -->\n<title>Voetklep 1 1\/2&quot; PP+EP \/ 32mm | Dosing Pump Shop B.V.<\/title>\n<meta name=\"robots\" content=\"index, follow, max-snippet:-1, max-image-preview:large, max-video-preview:-1\" \/>\n<link rel=\"canonical\" href=\"https:\/\/dosingpump.shop\/fr\/produit\/soupape-de-pied-1-1-2-ppep-32mm\/\" \/>\n<meta property=\"og:locale\" content=\"fr_FR\" \/>\n<meta property=\"og:type\" content=\"article\" \/>\n<meta property=\"og:title\" content=\"Voetklep 1 1\/2&quot; PP+EP \/ 32mm | Dosing Pump Shop B.V.\" \/>\n<meta property=\"og:description\" content=\"Een aanzuigfilter (voetklep) is de eerste stap in het doseersysteem en wordt direct in het vat met vloeistof gehangen. Het verzwaarde aanzuigfilter blijft op de bodem en zorgt er zo voor dat het vat ook echt leeggepompt kan worden. Het is uiteraard van belang dat u het aanzuigfilter in het materiaal kiest wat bestendig is [&hellip;]\" \/>\n<meta property=\"og:url\" content=\"https:\/\/dosingpump.shop\/fr\/produit\/soupape-de-pied-1-1-2-ppep-32mm\/\" \/>\n<meta property=\"og:site_name\" content=\"Dosing Pump Shop B.V.\" \/>\n<meta property=\"article:modified_time\" content=\"2026-02-27T12:49:24+00:00\" \/>\n<meta property=\"og:image\" content=\"https:\/\/dosingpump.shop\/wp-content\/uploads\/2024\/12\/Emec-Suction-filter-dosing-pump-1.webp\" \/>\n\t<meta property=\"og:image:width\" content=\"1920\" \/>\n\t<meta property=\"og:image:height\" content=\"1222\" \/>\n\t<meta property=\"og:image:type\" content=\"image\/webp\" \/>\n<meta name=\"twitter:card\" content=\"summary_large_image\" \/>\n<meta name=\"twitter:label1\" content=\"Prix\" \/>\n\t<meta name=\"twitter:data1\" content=\"&euro;86,00\" \/>\n\t<meta name=\"twitter:label2\" content=\"Disponibilit\u00e9\" \/>\n\t<meta name=\"twitter:data2\" content=\"En stock\" \/>\n<script type=\"application\/ld+json\" class=\"yoast-schema-graph\">{\"@context\":\"https:\/\/schema.org\",\"@graph\":[{\"@type\":\"WebPage\",\"@id\":\"https:\/\/dosingpump.shop\/no\/produkt\/fotventil-1-1-2-ppep-32mm\/\",\"url\":\"https:\/\/dosingpump.shop\/no\/produkt\/fotventil-1-1-2-ppep-32mm\/\",\"name\":\"Voetklep 1 1\/2\\\" PP+EP \/ 32mm | Dosing Pump Shop B.V.\",\"isPartOf\":{\"@id\":\"https:\/\/dosingpump.shop\/de\/#website\"},\"primaryImageOfPage\":{\"@id\":\"https:\/\/dosingpump.shop\/no\/produkt\/fotventil-1-1-2-ppep-32mm\/#primaryimage\"},\"image\":{\"@id\":\"https:\/\/dosingpump.shop\/no\/produkt\/fotventil-1-1-2-ppep-32mm\/#primaryimage\"},\"thumbnailUrl\":\"https:\/\/dosingpump.shop\/wp-content\/uploads\/2024\/12\/Emec-Suction-filter-dosing-pump-1.webp\",\"datePublished\":\"2024-12-05T12:22:30+00:00\",\"dateModified\":\"2026-02-27T12:49:24+00:00\",\"breadcrumb\":{\"@id\":\"https:\/\/dosingpump.shop\/no\/produkt\/fotventil-1-1-2-ppep-32mm\/#breadcrumb\"},\"inLanguage\":\"fr-FR\",\"potentialAction\":[{\"@type\":\"ReadAction\",\"target\":[\"https:\/\/dosingpump.shop\/no\/produkt\/fotventil-1-1-2-ppep-32mm\/\"]}]},{\"@type\":\"ImageObject\",\"inLanguage\":\"fr-FR\",\"@id\":\"https:\/\/dosingpump.shop\/no\/produkt\/fotventil-1-1-2-ppep-32mm\/#primaryimage\",\"url\":\"https:\/\/dosingpump.shop\/wp-content\/uploads\/2024\/12\/Emec-Suction-filter-dosing-pump-1.webp\",\"contentUrl\":\"https:\/\/dosingpump.shop\/wp-content\/uploads\/2024\/12\/Emec-Suction-filter-dosing-pump-1.webp\",\"width\":1920,\"height\":1222},{\"@type\":\"BreadcrumbList\",\"@id\":\"https:\/\/dosingpump.shop\/no\/produkt\/fotventil-1-1-2-ppep-32mm\/#breadcrumb\",\"itemListElement\":[{\"@type\":\"ListItem\",\"position\":1,\"name\":\"Home\",\"item\":\"https:\/\/dosingpump.shop\/\"},{\"@type\":\"ListItem\",\"position\":2,\"name\":\"Shop\",\"item\":\"https:\/\/dosingpump.shop\/de\/shop\/\"},{\"@type\":\"ListItem\",\"position\":3,\"name\":\"Voetklep 1 1\/2&#8243; PP+EP \/ 32mm\"}]},{\"@type\":\"WebSite\",\"@id\":\"https:\/\/dosingpump.shop\/de\/#website\",\"url\":\"https:\/\/dosingpump.shop\/de\/\",\"name\":\"Dosing Pump Shop B.V.\",\"description\":\"\",\"publisher\":{\"@id\":\"https:\/\/dosingpump.shop\/de\/#organization\"},\"potentialAction\":[{\"@type\":\"SearchAction\",\"target\":{\"@type\":\"EntryPoint\",\"urlTemplate\":\"https:\/\/dosingpump.shop\/de\/?s={search_term_string}\"},\"query-input\":{\"@type\":\"PropertyValueSpecification\",\"valueRequired\":true,\"valueName\":\"search_term_string\"}}],\"inLanguage\":\"fr-FR\"},{\"@type\":\"Organization\",\"@id\":\"https:\/\/dosingpump.shop\/de\/#organization\",\"name\":\"Dosing Pump Shop B.V.\",\"url\":\"https:\/\/dosingpump.shop\/de\/\",\"logo\":{\"@type\":\"ImageObject\",\"inLanguage\":\"fr-FR\",\"@id\":\"https:\/\/dosingpump.shop\/de\/#\/schema\/logo\/image\/\",\"url\":\"https:\/\/dosingpump.shop\/wp-content\/uploads\/2024\/10\/Dosing-Pump-Shop-logo.png\",\"contentUrl\":\"https:\/\/dosingpump.shop\/wp-content\/uploads\/2024\/10\/Dosing-Pump-Shop-logo.png\",\"width\":350,\"height\":45,\"caption\":\"Dosing Pump Shop B.V.\"},\"image\":{\"@id\":\"https:\/\/dosingpump.shop\/de\/#\/schema\/logo\/image\/\"},\"sameAs\":[\"https:\/\/linkedin.com\/company\/dosing-pump-shop\"]}]}<\/script>\n<meta property=\"product:price:amount\" content=\"86.00\" \/>\n<meta property=\"product:price:currency\" content=\"EUR\" \/>\n<meta property=\"og:availability\" content=\"instock\" \/>\n<meta property=\"product:availability\" content=\"instock\" \/>\n<meta property=\"product:retailer_item_id\" content=\"074.0730.1\" \/>\n<meta property=\"product:condition\" content=\"new\" \/>\n<!-- \/ Yoast SEO plugin. -->","yoast_head_json":{"title":"Clapet de pied 1 1\/2\" PP+EP \/ 32mm | Dosing Pump Shop B.V.","robots":{"index":"index","follow":"follow","max-snippet":"max-snippet:-1","max-image-preview":"max-image-preview:large","max-video-preview":"max-video-preview:-1"},"canonical":"https:\/\/dosingpump.shop\/fr\/produit\/soupape-de-pied-1-1-2-ppep-32mm\/","og_locale":"fr_FR","og_type":"article","og_title":"Voetklep 1 1\/2\" PP+EP \/ 32mm | Dosing Pump Shop B.V.","og_description":"Een aanzuigfilter (voetklep) is de eerste stap in het doseersysteem en wordt direct in het vat met vloeistof gehangen. Het verzwaarde aanzuigfilter blijft op de bodem en zorgt er zo voor dat het vat ook echt leeggepompt kan worden. Het is uiteraard van belang dat u het aanzuigfilter in het materiaal kiest wat bestendig is [&hellip;]","og_url":"https:\/\/dosingpump.shop\/fr\/produit\/soupape-de-pied-1-1-2-ppep-32mm\/","og_site_name":"Dosing Pump Shop B.V.","article_modified_time":"2026-02-27T12:49:24+00:00","og_image":[{"width":1920,"height":1222,"url":"https:\/\/dosingpump.shop\/wp-content\/uploads\/2024\/12\/Emec-Suction-filter-dosing-pump-1.webp","type":"image\/webp"}],"twitter_card":"summary_large_image","twitter_misc":{"Prix":"&euro;86,00","Disponibilit\u00e9":"En stock"},"schema":{"@context":"https:\/\/schema.org","@graph":[{"@type":"WebPage","@id":"https:\/\/dosingpump.shop\/no\/produkt\/fotventil-1-1-2-ppep-32mm\/","url":"https:\/\/dosingpump.shop\/no\/produkt\/fotventil-1-1-2-ppep-32mm\/","name":"Clapet de pied 1 1\/2\" PP+EP \/ 32mm | Dosing Pump Shop B.V.","isPartOf":{"@id":"https:\/\/dosingpump.shop\/de\/#website"},"primaryImageOfPage":{"@id":"https:\/\/dosingpump.shop\/no\/produkt\/fotventil-1-1-2-ppep-32mm\/#primaryimage"},"image":{"@id":"https:\/\/dosingpump.shop\/no\/produkt\/fotventil-1-1-2-ppep-32mm\/#primaryimage"},"thumbnailUrl":"https:\/\/dosingpump.shop\/wp-content\/uploads\/2024\/12\/Emec-Suction-filter-dosing-pump-1.webp","datePublished":"2024-12-05T12:22:30+00:00","dateModified":"2026-02-27T12:49:24+00:00","breadcrumb":{"@id":"https:\/\/dosingpump.shop\/no\/produkt\/fotventil-1-1-2-ppep-32mm\/#breadcrumb"},"inLanguage":"fr-FR","potentialAction":[{"@type":"ReadAction","target":["https:\/\/dosingpump.shop\/no\/produkt\/fotventil-1-1-2-ppep-32mm\/"]}]},{"@type":"ImageObject","inLanguage":"fr-FR","@id":"https:\/\/dosingpump.shop\/no\/produkt\/fotventil-1-1-2-ppep-32mm\/#primaryimage","url":"https:\/\/dosingpump.shop\/wp-content\/uploads\/2024\/12\/Emec-Suction-filter-dosing-pump-1.webp","contentUrl":"https:\/\/dosingpump.shop\/wp-content\/uploads\/2024\/12\/Emec-Suction-filter-dosing-pump-1.webp","width":1920,"height":1222},{"@type":"BreadcrumbList","@id":"https:\/\/dosingpump.shop\/no\/produkt\/fotventil-1-1-2-ppep-32mm\/#breadcrumb","itemListElement":[{"@type":"ListItem","position":1,"name":"Home","item":"https:\/\/dosingpump.shop\/"},{"@type":"ListItem","position":2,"name":"Shop","item":"https:\/\/dosingpump.shop\/de\/shop\/"},{"@type":"ListItem","position":3,"name":"Voetklep 1 1\/2&#8243; PP+EP \/ 32mm"}]},{"@type":"WebSite","@id":"https:\/\/dosingpump.shop\/de\/#website","url":"https:\/\/dosingpump.shop\/de\/","name":"Dosing Pump Shop B.V.","description":"","publisher":{"@id":"https:\/\/dosingpump.shop\/de\/#organization"},"potentialAction":[{"@type":"SearchAction","target":{"@type":"EntryPoint","urlTemplate":"https:\/\/dosingpump.shop\/de\/?s={search_term_string}"},"query-input":{"@type":"PropertyValueSpecification","valueRequired":true,"valueName":"search_term_string"}}],"inLanguage":"fr-FR"},{"@type":"Organization","@id":"https:\/\/dosingpump.shop\/de\/#organization","name":"Dosing Pump Shop B.V.","url":"https:\/\/dosingpump.shop\/de\/","logo":{"@type":"ImageObject","inLanguage":"fr-FR","@id":"https:\/\/dosingpump.shop\/de\/#\/schema\/logo\/image\/","url":"https:\/\/dosingpump.shop\/wp-content\/uploads\/2024\/10\/Dosing-Pump-Shop-logo.png","contentUrl":"https:\/\/dosingpump.shop\/wp-content\/uploads\/2024\/10\/Dosing-Pump-Shop-logo.png","width":350,"height":45,"caption":"Dosing Pump Shop B.V."},"image":{"@id":"https:\/\/dosingpump.shop\/de\/#\/schema\/logo\/image\/"},"sameAs":["https:\/\/linkedin.com\/company\/dosing-pump-shop"]}]},"product_price_amount":"86.00","product_price_currency":"EUR","og_availability":"instock","product_availability":"instock","product_retailer_item_id":"074.0730.1","product_condition":"new"},"_links":{"self":[{"href":"https:\/\/dosingpump.shop\/fr\/wp-json\/wp\/v2\/product\/4285","targetHints":{"allow":["GET"]}}],"collection":[{"href":"https:\/\/dosingpump.shop\/fr\/wp-json\/wp\/v2\/product"}],"about":[{"href":"https:\/\/dosingpump.shop\/fr\/wp-json\/wp\/v2\/types\/product"}],"wp:featuredmedia":[{"embeddable":true,"href":"https:\/\/dosingpump.shop\/fr\/wp-json\/wp\/v2\/media\/4308"}],"wp:attachment":[{"href":"https:\/\/dosingpump.shop\/fr\/wp-json\/wp\/v2\/media?parent=4285"}],"wp:term":[{"taxonomy":"product_brand","embeddable":true,"href":"https:\/\/dosingpump.shop\/fr\/wp-json\/wp\/v2\/product_brand?post=4285"},{"taxonomy":"product_cat","embeddable":true,"href":"https:\/\/dosingpump.shop\/fr\/wp-json\/wp\/v2\/product_cat?post=4285"},{"taxonomy":"product_tag","embeddable":true,"href":"https:\/\/dosingpump.shop\/fr\/wp-json\/wp\/v2\/product_tag?post=4285"}],"curies":[{"name":"wp","href":"https:\/\/api.w.org\/{rel}","templated":true}]}}