{"id":4341,"date":"2024-12-05T12:22:42","date_gmt":"2024-12-05T12:22:42","guid":{"rendered":"https:\/\/dosingpump.shop\/?post_type=product&#038;p=4341"},"modified":"2026-02-27T14:49:26","modified_gmt":"2026-02-27T12:49:26","slug":"mfkts-d-support-de-valve-multifonctionnelle-pvdfepptfe","status":"publish","type":"product","link":"https:\/\/dosingpump.shop\/fr\/product\/mfkts-d-multifunctioneel-ventiel-steun-pvdfepptfe\/","title":{"rendered":"MFKTS\/D Vanne multifonctionnelle + support (PVDF+EP+PTFE)"},"content":{"rendered":"<p>La vanne polyvalente est un dispositif polyvalent qui offre quatre fonctions : elle agit comme une vanne anti-syphon, une vanne de s\u00e9curit\u00e9, une vanne de purge et une vanne de contr\u00f4le de la pression. Cette vanne est con\u00e7ue pour modifier le d\u00e9bit de la pompe doseuse connect\u00e9e, ce qui en fait un composant essentiel pour un contr\u00f4le pr\u00e9cis et s\u00fbr des fluides.<\/p>","protected":false},"excerpt":{"rendered":"<div class=\"elementor-element elementor-element-0ea5b38 li-alt elementor-widget elementor-widget-woocommerce-product-short-description\" data-id=\"0ea5b38\" data-element_type=\"widget\" data-widget_type=\"woocommerce-product-short-description.default\">\n<div class=\"elementor-widget-container\">\n<div class=\"woocommerce-product-details__short-description\">\n<p>La soupape multifonction est un dispositif polyvalent qui offre quatre fonctions : elle fonctionne comme une soupape anti-siphon, une soupape de s\u00e9curit\u00e9, une soupape d'a\u00e9ration et une soupape de contr\u00f4le de la pression.<\/p>\n<\/div>\n<\/div>\n<\/div>","protected":false},"featured_media":4345,"template":"","meta":[],"product_brand":[],"product_cat":[85],"product_tag":[],"class_list":{"0":"post-4341","1":"product","2":"type-product","3":"status-publish","4":"has-post-thumbnail","6":"product_cat-assortiment","8":"first","9":"instock","10":"taxable","11":"shipping-taxable","12":"purchasable","13":"product-type-simple"},"yoast_head":"<!-- This site is optimized with the Yoast SEO plugin v27.2 - https:\/\/yoast.com\/product\/yoast-seo-wordpress\/ -->\n<title>MFKTS\/D Multifunctioneel ventiel + steun (PVDF+EP+PTFE) | Dosing Pump Shop B.V.<\/title>\n<meta name=\"robots\" content=\"index, follow, max-snippet:-1, max-image-preview:large, max-video-preview:-1\" \/>\n<link rel=\"canonical\" href=\"https:\/\/dosingpump.shop\/fr\/produit\/mfkts-d-support-de-valve-multifonctionnelle-pvdfepptfe\/\" \/>\n<meta property=\"og:locale\" content=\"fr_FR\" \/>\n<meta property=\"og:type\" content=\"article\" \/>\n<meta property=\"og:title\" content=\"MFKTS\/D Multifunctioneel ventiel + steun (PVDF+EP+PTFE) | Dosing Pump Shop B.V.\" \/>\n<meta property=\"og:description\" content=\"De Multifunctioneel ventiel is een veelzijdig apparaat dat vier functies biedt: het werkt als een anti-syfonklep, veiligheidsventiel, ontluchtingsventiel, en drukregelventiel\" \/>\n<meta property=\"og:url\" content=\"https:\/\/dosingpump.shop\/fr\/produit\/mfkts-d-support-de-valve-multifonctionnelle-pvdfepptfe\/\" \/>\n<meta property=\"og:site_name\" content=\"Dosing Pump Shop B.V.\" \/>\n<meta property=\"article:modified_time\" content=\"2026-02-27T12:49:26+00:00\" \/>\n<meta property=\"og:image\" content=\"https:\/\/dosingpump.shop\/wp-content\/uploads\/2024\/12\/emec-multifunctioneel-ventiel-mfkt.webp\" \/>\n\t<meta property=\"og:image:width\" content=\"500\" \/>\n\t<meta property=\"og:image:height\" content=\"500\" \/>\n\t<meta property=\"og:image:type\" content=\"image\/webp\" \/>\n<meta name=\"twitter:card\" content=\"summary_large_image\" \/>\n<meta name=\"twitter:label1\" content=\"Prix\" \/>\n\t<meta name=\"twitter:data1\" content=\"&euro;118,00\" \/>\n\t<meta name=\"twitter:label2\" content=\"Disponibilit\u00e9\" \/>\n\t<meta name=\"twitter:data2\" content=\"En stock\" \/>\n<script type=\"application\/ld+json\" class=\"yoast-schema-graph\">{\"@context\":\"https:\/\/schema.org\",\"@graph\":[{\"@type\":\"WebPage\",\"@id\":\"https:\/\/dosingpump.shop\/fi\/tuote\/mfkts-d-monitoiminen-venttiilituki-pvdfepptfe\/\",\"url\":\"https:\/\/dosingpump.shop\/fi\/tuote\/mfkts-d-monitoiminen-venttiilituki-pvdfepptfe\/\",\"name\":\"MFKTS\/D Multifunctioneel ventiel + steun (PVDF+EP+PTFE) | Dosing Pump Shop B.V.\",\"isPartOf\":{\"@id\":\"https:\/\/dosingpump.shop\/de\/#website\"},\"primaryImageOfPage\":{\"@id\":\"https:\/\/dosingpump.shop\/fi\/tuote\/mfkts-d-monitoiminen-venttiilituki-pvdfepptfe\/#primaryimage\"},\"image\":{\"@id\":\"https:\/\/dosingpump.shop\/fi\/tuote\/mfkts-d-monitoiminen-venttiilituki-pvdfepptfe\/#primaryimage\"},\"thumbnailUrl\":\"https:\/\/dosingpump.shop\/wp-content\/uploads\/2024\/12\/emec-multifunctioneel-ventiel-mfkt.webp\",\"datePublished\":\"2024-12-05T12:22:42+00:00\",\"dateModified\":\"2026-02-27T12:49:26+00:00\",\"breadcrumb\":{\"@id\":\"https:\/\/dosingpump.shop\/fi\/tuote\/mfkts-d-monitoiminen-venttiilituki-pvdfepptfe\/#breadcrumb\"},\"inLanguage\":\"fr-FR\",\"potentialAction\":[{\"@type\":\"ReadAction\",\"target\":[\"https:\/\/dosingpump.shop\/fi\/tuote\/mfkts-d-monitoiminen-venttiilituki-pvdfepptfe\/\"]}]},{\"@type\":\"ImageObject\",\"inLanguage\":\"fr-FR\",\"@id\":\"https:\/\/dosingpump.shop\/fi\/tuote\/mfkts-d-monitoiminen-venttiilituki-pvdfepptfe\/#primaryimage\",\"url\":\"https:\/\/dosingpump.shop\/wp-content\/uploads\/2024\/12\/emec-multifunctioneel-ventiel-mfkt.webp\",\"contentUrl\":\"https:\/\/dosingpump.shop\/wp-content\/uploads\/2024\/12\/emec-multifunctioneel-ventiel-mfkt.webp\",\"width\":500,\"height\":500},{\"@type\":\"BreadcrumbList\",\"@id\":\"https:\/\/dosingpump.shop\/fi\/tuote\/mfkts-d-monitoiminen-venttiilituki-pvdfepptfe\/#breadcrumb\",\"itemListElement\":[{\"@type\":\"ListItem\",\"position\":1,\"name\":\"Home\",\"item\":\"https:\/\/dosingpump.shop\/\"},{\"@type\":\"ListItem\",\"position\":2,\"name\":\"Shop\",\"item\":\"https:\/\/dosingpump.shop\/de\/shop\/\"},{\"@type\":\"ListItem\",\"position\":3,\"name\":\"MFKTS\/D Multifunctioneel ventiel + steun (PVDF+EP+PTFE)\"}]},{\"@type\":\"WebSite\",\"@id\":\"https:\/\/dosingpump.shop\/de\/#website\",\"url\":\"https:\/\/dosingpump.shop\/de\/\",\"name\":\"Dosing Pump Shop B.V.\",\"description\":\"\",\"publisher\":{\"@id\":\"https:\/\/dosingpump.shop\/de\/#organization\"},\"potentialAction\":[{\"@type\":\"SearchAction\",\"target\":{\"@type\":\"EntryPoint\",\"urlTemplate\":\"https:\/\/dosingpump.shop\/de\/?s={search_term_string}\"},\"query-input\":{\"@type\":\"PropertyValueSpecification\",\"valueRequired\":true,\"valueName\":\"search_term_string\"}}],\"inLanguage\":\"fr-FR\"},{\"@type\":\"Organization\",\"@id\":\"https:\/\/dosingpump.shop\/de\/#organization\",\"name\":\"Dosing Pump Shop B.V.\",\"url\":\"https:\/\/dosingpump.shop\/de\/\",\"logo\":{\"@type\":\"ImageObject\",\"inLanguage\":\"fr-FR\",\"@id\":\"https:\/\/dosingpump.shop\/de\/#\/schema\/logo\/image\/\",\"url\":\"https:\/\/dosingpump.shop\/wp-content\/uploads\/2024\/10\/Dosing-Pump-Shop-logo.png\",\"contentUrl\":\"https:\/\/dosingpump.shop\/wp-content\/uploads\/2024\/10\/Dosing-Pump-Shop-logo.png\",\"width\":350,\"height\":45,\"caption\":\"Dosing Pump Shop B.V.\"},\"image\":{\"@id\":\"https:\/\/dosingpump.shop\/de\/#\/schema\/logo\/image\/\"},\"sameAs\":[\"https:\/\/linkedin.com\/company\/dosing-pump-shop\"]}]}<\/script>\n<meta property=\"product:price:amount\" content=\"118.00\" \/>\n<meta property=\"product:price:currency\" content=\"EUR\" \/>\n<meta property=\"og:availability\" content=\"instock\" \/>\n<meta property=\"product:availability\" content=\"instock\" \/>\n<meta property=\"product:retailer_item_id\" content=\"108.1686.1\" \/>\n<meta property=\"product:condition\" content=\"new\" \/>\n<!-- \/ Yoast SEO plugin. -->","yoast_head_json":{"title":"MFKTS\/D Vanne multifonctionnelle + support (PVDF+EP+PTFE) | Dosing Pump Shop B.V.","robots":{"index":"index","follow":"follow","max-snippet":"max-snippet:-1","max-image-preview":"max-image-preview:large","max-video-preview":"max-video-preview:-1"},"canonical":"https:\/\/dosingpump.shop\/fr\/produit\/mfkts-d-support-de-valve-multifonctionnelle-pvdfepptfe\/","og_locale":"fr_FR","og_type":"article","og_title":"MFKTS\/D Multifunctioneel ventiel + steun (PVDF+EP+PTFE) | Dosing Pump Shop B.V.","og_description":"De Multifunctioneel ventiel is een veelzijdig apparaat dat vier functies biedt: het werkt als een anti-syfonklep, veiligheidsventiel, ontluchtingsventiel, en drukregelventiel","og_url":"https:\/\/dosingpump.shop\/fr\/produit\/mfkts-d-support-de-valve-multifonctionnelle-pvdfepptfe\/","og_site_name":"Dosing Pump Shop B.V.","article_modified_time":"2026-02-27T12:49:26+00:00","og_image":[{"width":500,"height":500,"url":"https:\/\/dosingpump.shop\/wp-content\/uploads\/2024\/12\/emec-multifunctioneel-ventiel-mfkt.webp","type":"image\/webp"}],"twitter_card":"summary_large_image","twitter_misc":{"Prix":"&euro;118,00","Disponibilit\u00e9":"En stock"},"schema":{"@context":"https:\/\/schema.org","@graph":[{"@type":"WebPage","@id":"https:\/\/dosingpump.shop\/fi\/tuote\/mfkts-d-monitoiminen-venttiilituki-pvdfepptfe\/","url":"https:\/\/dosingpump.shop\/fi\/tuote\/mfkts-d-monitoiminen-venttiilituki-pvdfepptfe\/","name":"MFKTS\/D Vanne multifonctionnelle + support (PVDF+EP+PTFE) | Dosing Pump Shop B.V.","isPartOf":{"@id":"https:\/\/dosingpump.shop\/de\/#website"},"primaryImageOfPage":{"@id":"https:\/\/dosingpump.shop\/fi\/tuote\/mfkts-d-monitoiminen-venttiilituki-pvdfepptfe\/#primaryimage"},"image":{"@id":"https:\/\/dosingpump.shop\/fi\/tuote\/mfkts-d-monitoiminen-venttiilituki-pvdfepptfe\/#primaryimage"},"thumbnailUrl":"https:\/\/dosingpump.shop\/wp-content\/uploads\/2024\/12\/emec-multifunctioneel-ventiel-mfkt.webp","datePublished":"2024-12-05T12:22:42+00:00","dateModified":"2026-02-27T12:49:26+00:00","breadcrumb":{"@id":"https:\/\/dosingpump.shop\/fi\/tuote\/mfkts-d-monitoiminen-venttiilituki-pvdfepptfe\/#breadcrumb"},"inLanguage":"fr-FR","potentialAction":[{"@type":"ReadAction","target":["https:\/\/dosingpump.shop\/fi\/tuote\/mfkts-d-monitoiminen-venttiilituki-pvdfepptfe\/"]}]},{"@type":"ImageObject","inLanguage":"fr-FR","@id":"https:\/\/dosingpump.shop\/fi\/tuote\/mfkts-d-monitoiminen-venttiilituki-pvdfepptfe\/#primaryimage","url":"https:\/\/dosingpump.shop\/wp-content\/uploads\/2024\/12\/emec-multifunctioneel-ventiel-mfkt.webp","contentUrl":"https:\/\/dosingpump.shop\/wp-content\/uploads\/2024\/12\/emec-multifunctioneel-ventiel-mfkt.webp","width":500,"height":500},{"@type":"BreadcrumbList","@id":"https:\/\/dosingpump.shop\/fi\/tuote\/mfkts-d-monitoiminen-venttiilituki-pvdfepptfe\/#breadcrumb","itemListElement":[{"@type":"ListItem","position":1,"name":"Home","item":"https:\/\/dosingpump.shop\/"},{"@type":"ListItem","position":2,"name":"Shop","item":"https:\/\/dosingpump.shop\/de\/shop\/"},{"@type":"ListItem","position":3,"name":"MFKTS\/D Multifunctioneel ventiel + steun (PVDF+EP+PTFE)"}]},{"@type":"WebSite","@id":"https:\/\/dosingpump.shop\/de\/#website","url":"https:\/\/dosingpump.shop\/de\/","name":"Dosing Pump Shop B.V.","description":"","publisher":{"@id":"https:\/\/dosingpump.shop\/de\/#organization"},"potentialAction":[{"@type":"SearchAction","target":{"@type":"EntryPoint","urlTemplate":"https:\/\/dosingpump.shop\/de\/?s={search_term_string}"},"query-input":{"@type":"PropertyValueSpecification","valueRequired":true,"valueName":"search_term_string"}}],"inLanguage":"fr-FR"},{"@type":"Organization","@id":"https:\/\/dosingpump.shop\/de\/#organization","name":"Dosing Pump Shop B.V.","url":"https:\/\/dosingpump.shop\/de\/","logo":{"@type":"ImageObject","inLanguage":"fr-FR","@id":"https:\/\/dosingpump.shop\/de\/#\/schema\/logo\/image\/","url":"https:\/\/dosingpump.shop\/wp-content\/uploads\/2024\/10\/Dosing-Pump-Shop-logo.png","contentUrl":"https:\/\/dosingpump.shop\/wp-content\/uploads\/2024\/10\/Dosing-Pump-Shop-logo.png","width":350,"height":45,"caption":"Dosing Pump Shop B.V."},"image":{"@id":"https:\/\/dosingpump.shop\/de\/#\/schema\/logo\/image\/"},"sameAs":["https:\/\/linkedin.com\/company\/dosing-pump-shop"]}]},"product_price_amount":"118.00","product_price_currency":"EUR","og_availability":"instock","product_availability":"instock","product_retailer_item_id":"108.1686.1","product_condition":"new"},"_links":{"self":[{"href":"https:\/\/dosingpump.shop\/fr\/wp-json\/wp\/v2\/product\/4341","targetHints":{"allow":["GET"]}}],"collection":[{"href":"https:\/\/dosingpump.shop\/fr\/wp-json\/wp\/v2\/product"}],"about":[{"href":"https:\/\/dosingpump.shop\/fr\/wp-json\/wp\/v2\/types\/product"}],"wp:featuredmedia":[{"embeddable":true,"href":"https:\/\/dosingpump.shop\/fr\/wp-json\/wp\/v2\/media\/4345"}],"wp:attachment":[{"href":"https:\/\/dosingpump.shop\/fr\/wp-json\/wp\/v2\/media?parent=4341"}],"wp:term":[{"taxonomy":"product_brand","embeddable":true,"href":"https:\/\/dosingpump.shop\/fr\/wp-json\/wp\/v2\/product_brand?post=4341"},{"taxonomy":"product_cat","embeddable":true,"href":"https:\/\/dosingpump.shop\/fr\/wp-json\/wp\/v2\/product_cat?post=4341"},{"taxonomy":"product_tag","embeddable":true,"href":"https:\/\/dosingpump.shop\/fr\/wp-json\/wp\/v2\/product_tag?post=4341"}],"curies":[{"name":"wp","href":"https:\/\/api.w.org\/{rel}","templated":true}]}}