{"id":4349,"date":"2024-12-05T12:22:44","date_gmt":"2024-12-05T12:22:44","guid":{"rendered":"https:\/\/dosingpump.shop\/product\/lasp4-d-4x6-108cm-2-lev-10cm-1bnc-22wires\/"},"modified":"2026-02-27T14:49:27","modified_gmt":"2026-02-27T12:49:27","slug":"lasp4-d-4x6-108cm-2-lev-10cm-1bnc-22wires","status":"publish","type":"product","link":"https:\/\/dosingpump.shop\/fr\/product\/lasp4-d-4x6-108cm-2-lev-10cm-1bnc-22wires\/","title":{"rendered":"LASP4\/D 4X6 108CM 2 LEV. 10CM 1\u00b0=BNC-2\u00b0=2FILS"},"content":{"rendered":"<h2><strong>Emec LASP4\/D Lance d'aspiration 108cm<\/strong><\/h2>\n<p>La plupart des pompes doseuses Emec sont fournies avec un clapet de pied et un filtre d'aspiration. Cela fonctionne bien, mais il y a des cas o\u00f9 une lance d'aspiration fonctionne mieux ou est plus s\u00fbre, par exemple en pr\u00e9sence d'un agitateur ou avec un jerrycan. Une lance d'aspiration est une lance en plastique PVC ou PVDF dot\u00e9e d'un filtre et d'un d\u00e9tecteur de niveau. En choisissant la bonne longueur, la lance d'aspiration atteint le fond du f\u00fbt ou de l'IBC et l'aspiration de la pompe est alors connect\u00e9e au sommet. Lorsque la pompe est compatible, le d\u00e9tecteur de niveau peut \u00eatre connect\u00e9. Celui-ci arr\u00eate la pompe lorsque le r\u00e9cipient est vide. Vous cherchez une autre version ? Contactez-nous et demandez un devis.Plus d'informations techniques ? Voir l'onglet informations techniques.<\/p>","protected":false},"excerpt":{"rendered":"<p>Emec Lance d'aspiration pour pompe doseuse 108cm. Mat\u00e9riau PVC, joint torique EPDM<\/p>","protected":false},"featured_media":0,"template":"","meta":[],"product_brand":[],"product_cat":[87],"product_tag":[],"class_list":{"0":"post-4349","1":"product","2":"type-product","3":"status-publish","5":"product_cat-aanzuiglans-lasp4","7":"first","8":"instock","9":"taxable","10":"shipping-taxable","11":"purchasable","12":"product-type-simple"},"yoast_head":"<!-- This site is optimized with the Yoast SEO plugin v27.2 - https:\/\/yoast.com\/product\/yoast-seo-wordpress\/ -->\n<title>LASP4\/D 4X6 108CM 2 LEV. 10CM 1\u00b0=BNC-2\u00b0=2WIRES | Dosing Pump Shop B.V.<\/title>\n<meta name=\"robots\" content=\"index, follow, max-snippet:-1, max-image-preview:large, max-video-preview:-1\" \/>\n<link rel=\"canonical\" href=\"https:\/\/dosingpump.shop\/fr\/produit\/lasp4-d-4x6-108cm-2-lev-10cm-1bnc-22wires\/\" \/>\n<meta property=\"og:locale\" content=\"fr_FR\" \/>\n<meta property=\"og:type\" content=\"article\" \/>\n<meta property=\"og:title\" content=\"LASP4\/D 4X6 108CM 2 LEV. 10CM 1\u00b0=BNC-2\u00b0=2WIRES | Dosing Pump Shop B.V.\" \/>\n<meta property=\"og:description\" content=\"Emec Aanzuiglans voor doseerpomp 108cm. Materiaal PVC, O-ring EPDM\" \/>\n<meta property=\"og:url\" content=\"https:\/\/dosingpump.shop\/fr\/produit\/lasp4-d-4x6-108cm-2-lev-10cm-1bnc-22wires\/\" \/>\n<meta property=\"og:site_name\" content=\"Dosing Pump Shop B.V.\" \/>\n<meta property=\"article:modified_time\" content=\"2026-02-27T12:49:27+00:00\" \/>\n<meta name=\"twitter:card\" content=\"summary_large_image\" \/>\n<meta name=\"twitter:label1\" content=\"Prix\" \/>\n\t<meta name=\"twitter:data1\" content=\"&euro;167,00\" \/>\n\t<meta name=\"twitter:label2\" content=\"Disponibilit\u00e9\" \/>\n\t<meta name=\"twitter:data2\" content=\"En stock\" \/>\n<script type=\"application\/ld+json\" class=\"yoast-schema-graph\">{\"@context\":\"https:\/\/schema.org\",\"@graph\":[{\"@type\":\"WebPage\",\"@id\":\"https:\/\/dosingpump.shop\/es\/producto\/lasp4-d-4x6-108cm-2-lev-10cm-1bnc-22hilos\/\",\"url\":\"https:\/\/dosingpump.shop\/es\/producto\/lasp4-d-4x6-108cm-2-lev-10cm-1bnc-22hilos\/\",\"name\":\"LASP4\/D 4X6 108CM 2 LEV. 10CM 1\u00b0=BNC-2\u00b0=2WIRES | Dosing Pump Shop B.V.\",\"isPartOf\":{\"@id\":\"https:\/\/dosingpump.shop\/de\/#website\"},\"datePublished\":\"2024-12-05T12:22:44+00:00\",\"dateModified\":\"2026-02-27T12:49:27+00:00\",\"breadcrumb\":{\"@id\":\"https:\/\/dosingpump.shop\/es\/producto\/lasp4-d-4x6-108cm-2-lev-10cm-1bnc-22hilos\/#breadcrumb\"},\"inLanguage\":\"fr-FR\",\"potentialAction\":[{\"@type\":\"ReadAction\",\"target\":[\"https:\/\/dosingpump.shop\/es\/producto\/lasp4-d-4x6-108cm-2-lev-10cm-1bnc-22hilos\/\"]}]},{\"@type\":\"BreadcrumbList\",\"@id\":\"https:\/\/dosingpump.shop\/es\/producto\/lasp4-d-4x6-108cm-2-lev-10cm-1bnc-22hilos\/#breadcrumb\",\"itemListElement\":[{\"@type\":\"ListItem\",\"position\":1,\"name\":\"Home\",\"item\":\"https:\/\/dosingpump.shop\/\"},{\"@type\":\"ListItem\",\"position\":2,\"name\":\"Shop\",\"item\":\"https:\/\/dosingpump.shop\/de\/shop\/\"},{\"@type\":\"ListItem\",\"position\":3,\"name\":\"LASP4\/D 4X6 108CM 2 LEV. 10CM 1\u00b0=BNC-2\u00b0=2WIRES\"}]},{\"@type\":\"WebSite\",\"@id\":\"https:\/\/dosingpump.shop\/de\/#website\",\"url\":\"https:\/\/dosingpump.shop\/de\/\",\"name\":\"Dosing Pump Shop B.V.\",\"description\":\"\",\"publisher\":{\"@id\":\"https:\/\/dosingpump.shop\/de\/#organization\"},\"potentialAction\":[{\"@type\":\"SearchAction\",\"target\":{\"@type\":\"EntryPoint\",\"urlTemplate\":\"https:\/\/dosingpump.shop\/de\/?s={search_term_string}\"},\"query-input\":{\"@type\":\"PropertyValueSpecification\",\"valueRequired\":true,\"valueName\":\"search_term_string\"}}],\"inLanguage\":\"fr-FR\"},{\"@type\":\"Organization\",\"@id\":\"https:\/\/dosingpump.shop\/de\/#organization\",\"name\":\"Dosing Pump Shop B.V.\",\"url\":\"https:\/\/dosingpump.shop\/de\/\",\"logo\":{\"@type\":\"ImageObject\",\"inLanguage\":\"fr-FR\",\"@id\":\"https:\/\/dosingpump.shop\/de\/#\/schema\/logo\/image\/\",\"url\":\"https:\/\/dosingpump.shop\/wp-content\/uploads\/2024\/10\/Dosing-Pump-Shop-logo.png\",\"contentUrl\":\"https:\/\/dosingpump.shop\/wp-content\/uploads\/2024\/10\/Dosing-Pump-Shop-logo.png\",\"width\":350,\"height\":45,\"caption\":\"Dosing Pump Shop B.V.\"},\"image\":{\"@id\":\"https:\/\/dosingpump.shop\/de\/#\/schema\/logo\/image\/\"},\"sameAs\":[\"https:\/\/linkedin.com\/company\/dosing-pump-shop\"]}]}<\/script>\n<meta property=\"product:price:amount\" content=\"167.00\" \/>\n<meta property=\"product:price:currency\" content=\"EUR\" \/>\n<meta property=\"og:availability\" content=\"instock\" \/>\n<meta property=\"product:availability\" content=\"instock\" \/>\n<meta property=\"product:retailer_item_id\" content=\"LASP4D108315Y3,5000\" \/>\n<meta property=\"product:condition\" content=\"new\" \/>\n<!-- \/ Yoast SEO plugin. -->","yoast_head_json":{"title":"LASP4\/D 4X6 108CM 2 LEV. 10CM 1\u00b0=BNC-2\u00b0=2WIRES | Dosing Pump Shop B.V.","robots":{"index":"index","follow":"follow","max-snippet":"max-snippet:-1","max-image-preview":"max-image-preview:large","max-video-preview":"max-video-preview:-1"},"canonical":"https:\/\/dosingpump.shop\/fr\/produit\/lasp4-d-4x6-108cm-2-lev-10cm-1bnc-22wires\/","og_locale":"fr_FR","og_type":"article","og_title":"LASP4\/D 4X6 108CM 2 LEV. 10CM 1\u00b0=BNC-2\u00b0=2WIRES | Dosing Pump Shop B.V.","og_description":"Emec Aanzuiglans voor doseerpomp 108cm. Materiaal PVC, O-ring EPDM","og_url":"https:\/\/dosingpump.shop\/fr\/produit\/lasp4-d-4x6-108cm-2-lev-10cm-1bnc-22wires\/","og_site_name":"Dosing Pump Shop B.V.","article_modified_time":"2026-02-27T12:49:27+00:00","twitter_card":"summary_large_image","twitter_misc":{"Prix":"&euro;167,00","Disponibilit\u00e9":"En stock"},"schema":{"@context":"https:\/\/schema.org","@graph":[{"@type":"WebPage","@id":"https:\/\/dosingpump.shop\/es\/producto\/lasp4-d-4x6-108cm-2-lev-10cm-1bnc-22hilos\/","url":"https:\/\/dosingpump.shop\/es\/producto\/lasp4-d-4x6-108cm-2-lev-10cm-1bnc-22hilos\/","name":"LASP4\/D 4X6 108CM 2 LEV. 10CM 1\u00b0=BNC-2\u00b0=2WIRES | Dosing Pump Shop B.V.","isPartOf":{"@id":"https:\/\/dosingpump.shop\/de\/#website"},"datePublished":"2024-12-05T12:22:44+00:00","dateModified":"2026-02-27T12:49:27+00:00","breadcrumb":{"@id":"https:\/\/dosingpump.shop\/es\/producto\/lasp4-d-4x6-108cm-2-lev-10cm-1bnc-22hilos\/#breadcrumb"},"inLanguage":"fr-FR","potentialAction":[{"@type":"ReadAction","target":["https:\/\/dosingpump.shop\/es\/producto\/lasp4-d-4x6-108cm-2-lev-10cm-1bnc-22hilos\/"]}]},{"@type":"BreadcrumbList","@id":"https:\/\/dosingpump.shop\/es\/producto\/lasp4-d-4x6-108cm-2-lev-10cm-1bnc-22hilos\/#breadcrumb","itemListElement":[{"@type":"ListItem","position":1,"name":"Home","item":"https:\/\/dosingpump.shop\/"},{"@type":"ListItem","position":2,"name":"Shop","item":"https:\/\/dosingpump.shop\/de\/shop\/"},{"@type":"ListItem","position":3,"name":"LASP4\/D 4X6 108CM 2 LEV. 10CM 1\u00b0=BNC-2\u00b0=2WIRES"}]},{"@type":"WebSite","@id":"https:\/\/dosingpump.shop\/de\/#website","url":"https:\/\/dosingpump.shop\/de\/","name":"Dosing Pump Shop B.V.","description":"","publisher":{"@id":"https:\/\/dosingpump.shop\/de\/#organization"},"potentialAction":[{"@type":"SearchAction","target":{"@type":"EntryPoint","urlTemplate":"https:\/\/dosingpump.shop\/de\/?s={search_term_string}"},"query-input":{"@type":"PropertyValueSpecification","valueRequired":true,"valueName":"search_term_string"}}],"inLanguage":"fr-FR"},{"@type":"Organization","@id":"https:\/\/dosingpump.shop\/de\/#organization","name":"Dosing Pump Shop B.V.","url":"https:\/\/dosingpump.shop\/de\/","logo":{"@type":"ImageObject","inLanguage":"fr-FR","@id":"https:\/\/dosingpump.shop\/de\/#\/schema\/logo\/image\/","url":"https:\/\/dosingpump.shop\/wp-content\/uploads\/2024\/10\/Dosing-Pump-Shop-logo.png","contentUrl":"https:\/\/dosingpump.shop\/wp-content\/uploads\/2024\/10\/Dosing-Pump-Shop-logo.png","width":350,"height":45,"caption":"Dosing Pump Shop B.V."},"image":{"@id":"https:\/\/dosingpump.shop\/de\/#\/schema\/logo\/image\/"},"sameAs":["https:\/\/linkedin.com\/company\/dosing-pump-shop"]}]},"product_price_amount":"167.00","product_price_currency":"EUR","og_availability":"instock","product_availability":"instock","product_retailer_item_id":"LASP4D108315Y3,5000","product_condition":"new"},"_links":{"self":[{"href":"https:\/\/dosingpump.shop\/fr\/wp-json\/wp\/v2\/product\/4349","targetHints":{"allow":["GET"]}}],"collection":[{"href":"https:\/\/dosingpump.shop\/fr\/wp-json\/wp\/v2\/product"}],"about":[{"href":"https:\/\/dosingpump.shop\/fr\/wp-json\/wp\/v2\/types\/product"}],"wp:attachment":[{"href":"https:\/\/dosingpump.shop\/fr\/wp-json\/wp\/v2\/media?parent=4349"}],"wp:term":[{"taxonomy":"product_brand","embeddable":true,"href":"https:\/\/dosingpump.shop\/fr\/wp-json\/wp\/v2\/product_brand?post=4349"},{"taxonomy":"product_cat","embeddable":true,"href":"https:\/\/dosingpump.shop\/fr\/wp-json\/wp\/v2\/product_cat?post=4349"},{"taxonomy":"product_tag","embeddable":true,"href":"https:\/\/dosingpump.shop\/fr\/wp-json\/wp\/v2\/product_tag?post=4349"}],"curies":[{"name":"wp","href":"https:\/\/api.w.org\/{rel}","templated":true}]}}