{"id":4421,"date":"2024-12-05T12:22:55","date_gmt":"2024-12-05T12:22:55","guid":{"rendered":"https:\/\/dosingpump.shop\/?post_type=product&#038;p=4421"},"modified":"2026-02-27T14:49:30","modified_gmt":"2026-02-27T12:49:30","slug":"systeme-de-dosage-du-peroxyde-dhydrogene-110l","status":"publish","type":"product","link":"https:\/\/dosingpump.shop\/fr\/product\/doseersysteem-voor-waterstofperoxide-110l\/","title":{"rendered":"Syst\u00e8me de dosage de peroxyde d'hydrog\u00e8ne 110L"},"content":{"rendered":"<h2>Syst\u00e8me de dosage du peroxyde d'hydrog\u00e8ne - 110 litres<\/h2>\n<p>Le syst\u00e8me de dosage du peroxyde d'hydrog\u00e8ne offre une solution compl\u00e8te pour un dosage pr\u00e9cis et s\u00fbr du H2O2. Les composants sont con\u00e7us pour r\u00e9sister au peroxyde d'hydrog\u00e8ne, ce qui leur conf\u00e8re une longue dur\u00e9e de vie.<\/p>\n<p>La capacit\u00e9 du r\u00e9servoir de peroxyde d'hydrog\u00e8ne est de 110 litres. Le r\u00e9servoir est \u00e9quip\u00e9 d'une lance d'aspiration reli\u00e9e \u00e0 la pompe doseuse. Cette lance d'aspiration est munie d'un contr\u00f4le de niveau qui arr\u00eate la pompe lorsque le r\u00e9servoir est vide, emp\u00eachant ainsi l'air de p\u00e9n\u00e9trer dans les tuyaux. Comme le H2O2 se d\u00e9gage sous forme de gaz, nous avons opt\u00e9 pour une pompe doseuse dot\u00e9e d'un purgeur automatique. Ainsi, il n'est pas n\u00e9cessaire de purger la pompe en permanence<\/p>\n<p>La pompe doseuse peut \u00eatre facilement mont\u00e9e sur le r\u00e9servoir, cr\u00e9ant ainsi un syst\u00e8me de dosage compact et efficace.<\/p>\n<h2>Contenu du syst\u00e8me de dosage du peroxyde d'hydrog\u00e8ne :<\/h2>\n<ul>\n<li>R\u00e9servoir de 110 litres pour le peroxyde d'hydrog\u00e8ne<\/li>\n<li>Pompe doseuse Kcl plus 08-5.5 (5,5 litres\/heure - 8 bar) avec longueur et fr\u00e9quence de course r\u00e9glables<\/li>\n<li>Lance d'aspiration avec contr\u00f4le de niveau<\/li>\n<li>Soupape d'injection et tuyau de dosage<\/li>\n<\/ul>\n<p>Des adaptations optionnelles sont disponibles pour ce syst\u00e8me de dosage de peroxyde d'hydrog\u00e8ne :<\/p>\n<ul>\n<li>R\u00e9servoir de peroxyde d'hydrog\u00e8ne de 50, 100, 200, 500 ou 1000 litres<\/li>\n<li>Pompe \u00e0 peroxyde d'hydrog\u00e8ne d'une capacit\u00e9 allant jusqu'\u00e0 80 litres\/heure (pour montage direct sur le r\u00e9servoir)<\/li>\n<li>Pompe \u00e0 peroxyde d'hydrog\u00e8ne d'une capacit\u00e9 allant jusqu'\u00e0 1000 litres\/heure (\u00e0 monter au-dessus du r\u00e9servoir contre un mur)<\/li>\n<li>Option de contr\u00f4le 4-20 mA<\/li>\n<li>Pompe de remplissage du r\u00e9servoir<\/li>\n<li>Agitateur (manuel ou automatique)<\/li>\n<li>Bac de r\u00e9cup\u00e9ration appropri\u00e9<\/li>\n<li>Option de livraison enti\u00e8rement assembl\u00e9e<\/li>\n<\/ul>","protected":false},"excerpt":{"rendered":"<p>Syst\u00e8me de dosage complet pour le peroxyde d'hydrog\u00e8ne avec r\u00e9servoir, lance d'aspiration et pompe doseuse. Capacit\u00e9 de 110 litres<\/p>","protected":false},"featured_media":4432,"template":"","meta":[],"product_brand":[],"product_cat":[91],"product_tag":[],"class_list":{"0":"post-4421","1":"product","2":"type-product","3":"status-publish","4":"has-post-thumbnail","6":"product_cat-doseersysteem-waterstofperoxide","8":"first","9":"instock","10":"taxable","11":"shipping-taxable","12":"purchasable","13":"product-type-simple"},"yoast_head":"<!-- This site is optimized with the Yoast SEO plugin v27.2 - https:\/\/yoast.com\/product\/yoast-seo-wordpress\/ -->\n<title>Doseersysteem voor waterstofperoxide 110L | Dosing Pump Shop B.V.<\/title>\n<meta name=\"description\" content=\"Compleet Doseersysteem voor waterstofperoxide 110L met aanzuiglans en automatische ontluchting. Nauwkeurige en veilige dosering van H\u2082O\u2082. Eenvoudige installatie.\" \/>\n<meta name=\"robots\" content=\"index, follow, max-snippet:-1, max-image-preview:large, max-video-preview:-1\" \/>\n<link rel=\"canonical\" href=\"https:\/\/dosingpump.shop\/fr\/produit\/systeme-de-dosage-du-peroxyde-dhydrogene-110l\/\" \/>\n<meta property=\"og:locale\" content=\"fr_FR\" \/>\n<meta property=\"og:type\" content=\"article\" \/>\n<meta property=\"og:title\" content=\"Doseersysteem voor waterstofperoxide 110L | Dosing Pump Shop B.V.\" \/>\n<meta property=\"og:description\" content=\"Compleet Doseersysteem voor waterstofperoxide 110L met aanzuiglans en automatische ontluchting. Nauwkeurige en veilige dosering van H\u2082O\u2082. Eenvoudige installatie.\" \/>\n<meta property=\"og:url\" content=\"https:\/\/dosingpump.shop\/fr\/produit\/systeme-de-dosage-du-peroxyde-dhydrogene-110l\/\" \/>\n<meta property=\"og:site_name\" content=\"Dosing Pump Shop B.V.\" \/>\n<meta property=\"article:modified_time\" content=\"2026-02-27T12:49:30+00:00\" \/>\n<meta property=\"og:image\" content=\"https:\/\/dosingpump.shop\/wp-content\/uploads\/2024\/12\/waterstofperoxide-doseerinstallatie.webp\" \/>\n\t<meta property=\"og:image:width\" content=\"500\" \/>\n\t<meta property=\"og:image:height\" content=\"500\" \/>\n\t<meta property=\"og:image:type\" content=\"image\/webp\" \/>\n<meta name=\"twitter:card\" content=\"summary_large_image\" \/>\n<meta name=\"twitter:label1\" content=\"Prix\" \/>\n\t<meta name=\"twitter:data1\" content=\"&euro;773,00\" \/>\n\t<meta name=\"twitter:label2\" content=\"Disponibilit\u00e9\" \/>\n\t<meta name=\"twitter:data2\" content=\"En stock\" \/>\n<script type=\"application\/ld+json\" class=\"yoast-schema-graph\">{\"@context\":\"https:\/\/schema.org\",\"@graph\":[{\"@type\":\"WebPage\",\"@id\":\"https:\/\/dosingpump.shop\/dk\/produkt\/doseringssystem-til-hydrogenperoxid-110l\/\",\"url\":\"https:\/\/dosingpump.shop\/dk\/produkt\/doseringssystem-til-hydrogenperoxid-110l\/\",\"name\":\"Doseersysteem voor waterstofperoxide 110L | Dosing Pump Shop B.V.\",\"isPartOf\":{\"@id\":\"https:\/\/dosingpump.shop\/de\/#website\"},\"primaryImageOfPage\":{\"@id\":\"https:\/\/dosingpump.shop\/dk\/produkt\/doseringssystem-til-hydrogenperoxid-110l\/#primaryimage\"},\"image\":{\"@id\":\"https:\/\/dosingpump.shop\/dk\/produkt\/doseringssystem-til-hydrogenperoxid-110l\/#primaryimage\"},\"thumbnailUrl\":\"https:\/\/dosingpump.shop\/wp-content\/uploads\/2024\/12\/waterstofperoxide-doseerinstallatie.webp\",\"datePublished\":\"2024-12-05T12:22:55+00:00\",\"dateModified\":\"2026-02-27T12:49:30+00:00\",\"description\":\"Compleet Doseersysteem voor waterstofperoxide 110L met aanzuiglans en automatische ontluchting. Nauwkeurige en veilige dosering van H\u2082O\u2082. Eenvoudige installatie.\",\"breadcrumb\":{\"@id\":\"https:\/\/dosingpump.shop\/dk\/produkt\/doseringssystem-til-hydrogenperoxid-110l\/#breadcrumb\"},\"inLanguage\":\"fr-FR\",\"potentialAction\":[{\"@type\":\"ReadAction\",\"target\":[\"https:\/\/dosingpump.shop\/dk\/produkt\/doseringssystem-til-hydrogenperoxid-110l\/\"]}]},{\"@type\":\"ImageObject\",\"inLanguage\":\"fr-FR\",\"@id\":\"https:\/\/dosingpump.shop\/dk\/produkt\/doseringssystem-til-hydrogenperoxid-110l\/#primaryimage\",\"url\":\"https:\/\/dosingpump.shop\/wp-content\/uploads\/2024\/12\/waterstofperoxide-doseerinstallatie.webp\",\"contentUrl\":\"https:\/\/dosingpump.shop\/wp-content\/uploads\/2024\/12\/waterstofperoxide-doseerinstallatie.webp\",\"width\":500,\"height\":500},{\"@type\":\"BreadcrumbList\",\"@id\":\"https:\/\/dosingpump.shop\/dk\/produkt\/doseringssystem-til-hydrogenperoxid-110l\/#breadcrumb\",\"itemListElement\":[{\"@type\":\"ListItem\",\"position\":1,\"name\":\"Home\",\"item\":\"https:\/\/dosingpump.shop\/\"},{\"@type\":\"ListItem\",\"position\":2,\"name\":\"Shop\",\"item\":\"https:\/\/dosingpump.shop\/de\/shop\/\"},{\"@type\":\"ListItem\",\"position\":3,\"name\":\"Doseersysteem voor waterstofperoxide 110L\"}]},{\"@type\":\"WebSite\",\"@id\":\"https:\/\/dosingpump.shop\/de\/#website\",\"url\":\"https:\/\/dosingpump.shop\/de\/\",\"name\":\"Dosing Pump Shop B.V.\",\"description\":\"\",\"publisher\":{\"@id\":\"https:\/\/dosingpump.shop\/de\/#organization\"},\"potentialAction\":[{\"@type\":\"SearchAction\",\"target\":{\"@type\":\"EntryPoint\",\"urlTemplate\":\"https:\/\/dosingpump.shop\/de\/?s={search_term_string}\"},\"query-input\":{\"@type\":\"PropertyValueSpecification\",\"valueRequired\":true,\"valueName\":\"search_term_string\"}}],\"inLanguage\":\"fr-FR\"},{\"@type\":\"Organization\",\"@id\":\"https:\/\/dosingpump.shop\/de\/#organization\",\"name\":\"Dosing Pump Shop B.V.\",\"url\":\"https:\/\/dosingpump.shop\/de\/\",\"logo\":{\"@type\":\"ImageObject\",\"inLanguage\":\"fr-FR\",\"@id\":\"https:\/\/dosingpump.shop\/de\/#\/schema\/logo\/image\/\",\"url\":\"https:\/\/dosingpump.shop\/wp-content\/uploads\/2024\/10\/Dosing-Pump-Shop-logo.png\",\"contentUrl\":\"https:\/\/dosingpump.shop\/wp-content\/uploads\/2024\/10\/Dosing-Pump-Shop-logo.png\",\"width\":350,\"height\":45,\"caption\":\"Dosing Pump Shop B.V.\"},\"image\":{\"@id\":\"https:\/\/dosingpump.shop\/de\/#\/schema\/logo\/image\/\"},\"sameAs\":[\"https:\/\/linkedin.com\/company\/dosing-pump-shop\"]}]}<\/script>\n<meta property=\"product:price:amount\" content=\"773.00\" \/>\n<meta property=\"product:price:currency\" content=\"EUR\" \/>\n<meta property=\"og:availability\" content=\"instock\" \/>\n<meta property=\"product:availability\" content=\"instock\" \/>\n<meta property=\"product:retailer_item_id\" content=\"Dos-set-h202-compl-110\" \/>\n<meta property=\"product:condition\" content=\"new\" \/>\n<!-- \/ Yoast SEO plugin. -->","yoast_head_json":{"title":"Syst\u00e8me de dosage de peroxyde d'hydrog\u00e8ne 110L | Dosing Pump Shop B.V.","description":"Syst\u00e8me de dosage complet pour peroxyde d'hydrog\u00e8ne 110L avec lance d'aspiration et purge automatique. Dosage pr\u00e9cis et s\u00fbr de H\u2082O\u2082. Installation simple.","robots":{"index":"index","follow":"follow","max-snippet":"max-snippet:-1","max-image-preview":"max-image-preview:large","max-video-preview":"max-video-preview:-1"},"canonical":"https:\/\/dosingpump.shop\/fr\/produit\/systeme-de-dosage-du-peroxyde-dhydrogene-110l\/","og_locale":"fr_FR","og_type":"article","og_title":"Doseersysteem voor waterstofperoxide 110L | Dosing Pump Shop B.V.","og_description":"Compleet Doseersysteem voor waterstofperoxide 110L met aanzuiglans en automatische ontluchting. Nauwkeurige en veilige dosering van H\u2082O\u2082. Eenvoudige installatie.","og_url":"https:\/\/dosingpump.shop\/fr\/produit\/systeme-de-dosage-du-peroxyde-dhydrogene-110l\/","og_site_name":"Dosing Pump Shop B.V.","article_modified_time":"2026-02-27T12:49:30+00:00","og_image":[{"width":500,"height":500,"url":"https:\/\/dosingpump.shop\/wp-content\/uploads\/2024\/12\/waterstofperoxide-doseerinstallatie.webp","type":"image\/webp"}],"twitter_card":"summary_large_image","twitter_misc":{"Prix":"&euro;773,00","Disponibilit\u00e9":"En stock"},"schema":{"@context":"https:\/\/schema.org","@graph":[{"@type":"WebPage","@id":"https:\/\/dosingpump.shop\/dk\/produkt\/doseringssystem-til-hydrogenperoxid-110l\/","url":"https:\/\/dosingpump.shop\/dk\/produkt\/doseringssystem-til-hydrogenperoxid-110l\/","name":"Syst\u00e8me de dosage de peroxyde d'hydrog\u00e8ne 110L | Dosing Pump Shop B.V.","isPartOf":{"@id":"https:\/\/dosingpump.shop\/de\/#website"},"primaryImageOfPage":{"@id":"https:\/\/dosingpump.shop\/dk\/produkt\/doseringssystem-til-hydrogenperoxid-110l\/#primaryimage"},"image":{"@id":"https:\/\/dosingpump.shop\/dk\/produkt\/doseringssystem-til-hydrogenperoxid-110l\/#primaryimage"},"thumbnailUrl":"https:\/\/dosingpump.shop\/wp-content\/uploads\/2024\/12\/waterstofperoxide-doseerinstallatie.webp","datePublished":"2024-12-05T12:22:55+00:00","dateModified":"2026-02-27T12:49:30+00:00","description":"Syst\u00e8me de dosage complet pour peroxyde d'hydrog\u00e8ne 110L avec lance d'aspiration et purge automatique. Dosage pr\u00e9cis et s\u00fbr de H\u2082O\u2082. Installation simple.","breadcrumb":{"@id":"https:\/\/dosingpump.shop\/dk\/produkt\/doseringssystem-til-hydrogenperoxid-110l\/#breadcrumb"},"inLanguage":"fr-FR","potentialAction":[{"@type":"ReadAction","target":["https:\/\/dosingpump.shop\/dk\/produkt\/doseringssystem-til-hydrogenperoxid-110l\/"]}]},{"@type":"ImageObject","inLanguage":"fr-FR","@id":"https:\/\/dosingpump.shop\/dk\/produkt\/doseringssystem-til-hydrogenperoxid-110l\/#primaryimage","url":"https:\/\/dosingpump.shop\/wp-content\/uploads\/2024\/12\/waterstofperoxide-doseerinstallatie.webp","contentUrl":"https:\/\/dosingpump.shop\/wp-content\/uploads\/2024\/12\/waterstofperoxide-doseerinstallatie.webp","width":500,"height":500},{"@type":"BreadcrumbList","@id":"https:\/\/dosingpump.shop\/dk\/produkt\/doseringssystem-til-hydrogenperoxid-110l\/#breadcrumb","itemListElement":[{"@type":"ListItem","position":1,"name":"Home","item":"https:\/\/dosingpump.shop\/"},{"@type":"ListItem","position":2,"name":"Shop","item":"https:\/\/dosingpump.shop\/de\/shop\/"},{"@type":"ListItem","position":3,"name":"Doseersysteem voor waterstofperoxide 110L"}]},{"@type":"WebSite","@id":"https:\/\/dosingpump.shop\/de\/#website","url":"https:\/\/dosingpump.shop\/de\/","name":"Dosing Pump Shop B.V.","description":"","publisher":{"@id":"https:\/\/dosingpump.shop\/de\/#organization"},"potentialAction":[{"@type":"SearchAction","target":{"@type":"EntryPoint","urlTemplate":"https:\/\/dosingpump.shop\/de\/?s={search_term_string}"},"query-input":{"@type":"PropertyValueSpecification","valueRequired":true,"valueName":"search_term_string"}}],"inLanguage":"fr-FR"},{"@type":"Organization","@id":"https:\/\/dosingpump.shop\/de\/#organization","name":"Dosing Pump Shop B.V.","url":"https:\/\/dosingpump.shop\/de\/","logo":{"@type":"ImageObject","inLanguage":"fr-FR","@id":"https:\/\/dosingpump.shop\/de\/#\/schema\/logo\/image\/","url":"https:\/\/dosingpump.shop\/wp-content\/uploads\/2024\/10\/Dosing-Pump-Shop-logo.png","contentUrl":"https:\/\/dosingpump.shop\/wp-content\/uploads\/2024\/10\/Dosing-Pump-Shop-logo.png","width":350,"height":45,"caption":"Dosing Pump Shop B.V."},"image":{"@id":"https:\/\/dosingpump.shop\/de\/#\/schema\/logo\/image\/"},"sameAs":["https:\/\/linkedin.com\/company\/dosing-pump-shop"]}]},"product_price_amount":"773.00","product_price_currency":"EUR","og_availability":"instock","product_availability":"instock","product_retailer_item_id":"Dos-set-h202-compl-110","product_condition":"new"},"_links":{"self":[{"href":"https:\/\/dosingpump.shop\/fr\/wp-json\/wp\/v2\/product\/4421","targetHints":{"allow":["GET"]}}],"collection":[{"href":"https:\/\/dosingpump.shop\/fr\/wp-json\/wp\/v2\/product"}],"about":[{"href":"https:\/\/dosingpump.shop\/fr\/wp-json\/wp\/v2\/types\/product"}],"wp:featuredmedia":[{"embeddable":true,"href":"https:\/\/dosingpump.shop\/fr\/wp-json\/wp\/v2\/media\/4432"}],"wp:attachment":[{"href":"https:\/\/dosingpump.shop\/fr\/wp-json\/wp\/v2\/media?parent=4421"}],"wp:term":[{"taxonomy":"product_brand","embeddable":true,"href":"https:\/\/dosingpump.shop\/fr\/wp-json\/wp\/v2\/product_brand?post=4421"},{"taxonomy":"product_cat","embeddable":true,"href":"https:\/\/dosingpump.shop\/fr\/wp-json\/wp\/v2\/product_cat?post=4421"},{"taxonomy":"product_tag","embeddable":true,"href":"https:\/\/dosingpump.shop\/fr\/wp-json\/wp\/v2\/product_tag?post=4421"}],"curies":[{"name":"wp","href":"https:\/\/api.w.org\/{rel}","templated":true}]}}