{"id":4713,"date":"2024-12-05T12:23:39","date_gmt":"2024-12-05T12:23:39","guid":{"rendered":"https:\/\/dosingpump.shop\/product\/doseerpomp-voor-mierenzuur\/"},"modified":"2026-02-27T14:49:43","modified_gmt":"2026-02-27T12:49:43","slug":"pompe-doseuse-pour-lacide-formique","status":"publish","type":"product","link":"https:\/\/dosingpump.shop\/fr\/product\/doseerpomp-voor-mierenzuur\/","title":{"rendered":"Pompe doseuse pour l'acide formique"},"content":{"rendered":"<h2>Pompe doseuse pour l'acide formique<\/h2>\n<p>Cette pompe doseuse Emec de haute qualit\u00e9 est adapt\u00e9e au dosage de l'acide formique. Nous avons s\u00e9lectionn\u00e9 cette pompe pour la bonne r\u00e9sistance des mat\u00e9riaux utilis\u00e9s pour ce produit. Cela garantit une <b>longue dur\u00e9e de vie<\/b> et un environnement de travail s\u00fbr.<\/p>\n<p>La pompe doseuse KCL plus 08-08 dispose d'une <b>volume de course r\u00e9glable et fr\u00e9quence de course r\u00e9glable<\/b>. Cette pompe chimique est donc <b>r\u00e9glage tr\u00e8s pr\u00e9cis<\/b>.<\/p>\n<p>La pompe est tr\u00e8s compl\u00e8te. Ainsi, un filtre d'aspiration et une valve d'injection sont inclus.<\/p>\n<p>Le KCL plus 08-08 peut doser jusqu'\u00e0 8 litres par heure \u00e0 une pression de 8 bars. La pompe est r\u00e9glable manuellement et peut \u00eatre command\u00e9e en option par la tension d'alimentation de 230V. Bien entendu, d'autres mod\u00e8les de pompes doseuses sont \u00e9galement disponibles.<\/p>\n<h3>Autres versions Pompe doseuse d'acide formique<\/h3>\n<p>Cette pompe doseuse est disponible en plusieurs versions. Par exemple, il est possible de fournir une version MF qui peut \u00eatre command\u00e9e par 4-20 mA, impulsion ou 0-10V. Un d\u00e9bit plus \u00e9lev\u00e9 ne pose pas non plus de probl\u00e8me. Il est possible de fournir une pompe qui peut contr\u00f4ler jusqu'\u00e0 <b>1 000 litres par heure<\/b> peut doser. En termes de pression ou de tension d'alimentation, les options sont bien s\u00fbr plus nombreuses.<\/p>\n<h3>Quels sont les mat\u00e9riaux recommand\u00e9s pour le dosage de l'acide formique ?<\/h3>\n<p>Chez Dosing Pump Shop, nous disposons d'une large gamme de pi\u00e8ces de pompes doseuses dans diff\u00e9rents mat\u00e9riaux, ce qui nous permet de personnaliser n'importe quelle pompe doseuse afin d'obtenir la bonne r\u00e9sistance. Pour le dosage de l'ac\u00e9tald\u00e9hyde, nous recommandons les pi\u00e8ces et mat\u00e9riaux suivants :<\/p>\n<p><b>T\u00eate de pompe<\/b><\/p>\n<ul>\n<li>PVDF<\/li>\n<li>PP<\/li>\n<li>Acier inoxydable (SS 316), R\u00e9sistance limit\u00e9e<\/li>\n<li>PMMA<\/li>\n<\/ul>\n<p><b>Joint torique<\/b><\/p>\n<ul>\n<li>EPDM, R\u00e9sistance limit\u00e9e<\/li>\n<\/ul>\n<p><b>Membrane<\/b><\/p>\n<ul>\n<li>PFTE (T\u00e9flon)<\/li>\n<\/ul>\n<p><b>Tuyau de dosage<\/b><\/p>\n<ul>\n<li>PE<\/li>\n<li>PVC, R\u00e9sistance limit\u00e9e<\/li>\n<li>PVDF<\/li>\n<\/ul>\n<p><em>Les pi\u00e8ces ayant une r\u00e9sistance limit\u00e9e \u00e0 l'ac\u00e9tald\u00e9hyde sont r\u00e9sistantes, mais il faut savoir que vous devrez alors remplacer cette pi\u00e8ce plus r\u00e9guli\u00e8rement.<\/em><\/p>\n<h3>Curieux de conna\u00eetre les possibilit\u00e9s ?<\/h3>\n<p>Le moyen le plus pratique est de prendre contact avec nous. Nous pourrons alors traduire vos exigences afin de trouver la pompe doseuse ad\u00e9quate pour l'acide formique !<\/p>","protected":false},"excerpt":{"rendered":"<p>Pour un dosage s\u00fbr et pr\u00e9cis de l'acide formique (HCOOH), des applications de dosage pr\u00e9cises (10 ml\/heure) aux applications plus importantes, jusqu'\u00e0 1 000 litres par heure (selon la version).<\/p>\n<p>Version : K CL PLUS 08-08 ou similaire.<br \/>Besoin d'une autre version ? Demandez un devis !<\/p>","protected":false},"featured_media":4072,"template":"","meta":[],"product_brand":[],"product_cat":[94],"product_tag":[],"class_list":{"0":"post-4713","1":"product","2":"type-product","3":"status-publish","4":"has-post-thumbnail","6":"product_cat-chemical-compatibility","8":"first","9":"instock","10":"taxable","11":"shipping-taxable","12":"purchasable","13":"product-type-simple"},"yoast_head":"<!-- This site is optimized with the Yoast SEO plugin v27.2 - https:\/\/yoast.com\/product\/yoast-seo-wordpress\/ -->\n<title>Doseerpomp voor Mierenzuur | Dosing Pump Shop B.V.<\/title>\n<meta name=\"description\" content=\"Nauwkeurige en betrouwbare Doseerpomp voor Mierenzuur voor diverse industri\u00eble toepassingen. Eenvoudige installatie en onderhoud.\" \/>\n<meta name=\"robots\" content=\"index, follow, max-snippet:-1, max-image-preview:large, max-video-preview:-1\" \/>\n<link rel=\"canonical\" href=\"https:\/\/dosingpump.shop\/fr\/produit\/pompe-doseuse-pour-lacide-formique\/\" \/>\n<meta property=\"og:locale\" content=\"fr_FR\" \/>\n<meta property=\"og:type\" content=\"article\" \/>\n<meta property=\"og:title\" content=\"Doseerpomp voor Mierenzuur | Dosing Pump Shop B.V.\" \/>\n<meta property=\"og:description\" content=\"Nauwkeurige en betrouwbare Doseerpomp voor Mierenzuur voor diverse industri\u00eble toepassingen. Eenvoudige installatie en onderhoud.\" \/>\n<meta property=\"og:url\" content=\"https:\/\/dosingpump.shop\/fr\/produit\/pompe-doseuse-pour-lacide-formique\/\" \/>\n<meta property=\"og:site_name\" content=\"Dosing Pump Shop B.V.\" \/>\n<meta property=\"article:modified_time\" content=\"2026-02-27T12:49:43+00:00\" \/>\n<meta property=\"og:image\" content=\"https:\/\/dosingpump.shop\/wp-content\/uploads\/2024\/12\/EMEC-K-SERIE-ANALOG-dosing-pump.webp\" \/>\n\t<meta property=\"og:image:width\" content=\"498\" \/>\n\t<meta property=\"og:image:height\" content=\"501\" \/>\n\t<meta property=\"og:image:type\" content=\"image\/webp\" \/>\n<meta name=\"twitter:card\" content=\"summary_large_image\" \/>\n<meta name=\"twitter:label1\" content=\"Prix\" \/>\n\t<meta name=\"twitter:data1\" content=\"&euro;459,00\" \/>\n\t<meta name=\"twitter:label2\" content=\"Disponibilit\u00e9\" \/>\n\t<meta name=\"twitter:data2\" content=\"En stock\" \/>\n<script type=\"application\/ld+json\" class=\"yoast-schema-graph\">{\"@context\":\"https:\/\/schema.org\",\"@graph\":[{\"@type\":\"WebPage\",\"@id\":\"https:\/\/dosingpump.shop\/es\/producto\/bomba-dosificadora-de-acido-formico\/\",\"url\":\"https:\/\/dosingpump.shop\/es\/producto\/bomba-dosificadora-de-acido-formico\/\",\"name\":\"Doseerpomp voor Mierenzuur | Dosing Pump Shop B.V.\",\"isPartOf\":{\"@id\":\"https:\/\/dosingpump.shop\/de\/#website\"},\"primaryImageOfPage\":{\"@id\":\"https:\/\/dosingpump.shop\/es\/producto\/bomba-dosificadora-de-acido-formico\/#primaryimage\"},\"image\":{\"@id\":\"https:\/\/dosingpump.shop\/es\/producto\/bomba-dosificadora-de-acido-formico\/#primaryimage\"},\"thumbnailUrl\":\"https:\/\/dosingpump.shop\/wp-content\/uploads\/2024\/12\/EMEC-K-SERIE-ANALOG-dosing-pump.webp\",\"datePublished\":\"2024-12-05T12:23:39+00:00\",\"dateModified\":\"2026-02-27T12:49:43+00:00\",\"description\":\"Nauwkeurige en betrouwbare Doseerpomp voor Mierenzuur voor diverse industri\u00eble toepassingen. Eenvoudige installatie en onderhoud.\",\"breadcrumb\":{\"@id\":\"https:\/\/dosingpump.shop\/es\/producto\/bomba-dosificadora-de-acido-formico\/#breadcrumb\"},\"inLanguage\":\"fr-FR\",\"potentialAction\":[{\"@type\":\"ReadAction\",\"target\":[\"https:\/\/dosingpump.shop\/es\/producto\/bomba-dosificadora-de-acido-formico\/\"]}]},{\"@type\":\"ImageObject\",\"inLanguage\":\"fr-FR\",\"@id\":\"https:\/\/dosingpump.shop\/es\/producto\/bomba-dosificadora-de-acido-formico\/#primaryimage\",\"url\":\"https:\/\/dosingpump.shop\/wp-content\/uploads\/2024\/12\/EMEC-K-SERIE-ANALOG-dosing-pump.webp\",\"contentUrl\":\"https:\/\/dosingpump.shop\/wp-content\/uploads\/2024\/12\/EMEC-K-SERIE-ANALOG-dosing-pump.webp\",\"width\":498,\"height\":501},{\"@type\":\"BreadcrumbList\",\"@id\":\"https:\/\/dosingpump.shop\/es\/producto\/bomba-dosificadora-de-acido-formico\/#breadcrumb\",\"itemListElement\":[{\"@type\":\"ListItem\",\"position\":1,\"name\":\"Home\",\"item\":\"https:\/\/dosingpump.shop\/\"},{\"@type\":\"ListItem\",\"position\":2,\"name\":\"Shop\",\"item\":\"https:\/\/dosingpump.shop\/de\/shop\/\"},{\"@type\":\"ListItem\",\"position\":3,\"name\":\"Doseerpomp voor Mierenzuur\"}]},{\"@type\":\"WebSite\",\"@id\":\"https:\/\/dosingpump.shop\/de\/#website\",\"url\":\"https:\/\/dosingpump.shop\/de\/\",\"name\":\"Dosing Pump Shop B.V.\",\"description\":\"\",\"publisher\":{\"@id\":\"https:\/\/dosingpump.shop\/de\/#organization\"},\"potentialAction\":[{\"@type\":\"SearchAction\",\"target\":{\"@type\":\"EntryPoint\",\"urlTemplate\":\"https:\/\/dosingpump.shop\/de\/?s={search_term_string}\"},\"query-input\":{\"@type\":\"PropertyValueSpecification\",\"valueRequired\":true,\"valueName\":\"search_term_string\"}}],\"inLanguage\":\"fr-FR\"},{\"@type\":\"Organization\",\"@id\":\"https:\/\/dosingpump.shop\/de\/#organization\",\"name\":\"Dosing Pump Shop B.V.\",\"url\":\"https:\/\/dosingpump.shop\/de\/\",\"logo\":{\"@type\":\"ImageObject\",\"inLanguage\":\"fr-FR\",\"@id\":\"https:\/\/dosingpump.shop\/de\/#\/schema\/logo\/image\/\",\"url\":\"https:\/\/dosingpump.shop\/wp-content\/uploads\/2024\/10\/Dosing-Pump-Shop-logo.png\",\"contentUrl\":\"https:\/\/dosingpump.shop\/wp-content\/uploads\/2024\/10\/Dosing-Pump-Shop-logo.png\",\"width\":350,\"height\":45,\"caption\":\"Dosing Pump Shop B.V.\"},\"image\":{\"@id\":\"https:\/\/dosingpump.shop\/de\/#\/schema\/logo\/image\/\"},\"sameAs\":[\"https:\/\/linkedin.com\/company\/dosing-pump-shop\"]}]}<\/script>\n<meta property=\"product:price:amount\" content=\"459.00\" \/>\n<meta property=\"product:price:currency\" content=\"EUR\" \/>\n<meta property=\"og:availability\" content=\"instock\" \/>\n<meta property=\"product:availability\" content=\"instock\" \/>\n<meta property=\"product:retailer_item_id\" content=\"Mierenzuur\" \/>\n<meta property=\"product:condition\" content=\"new\" \/>\n<!-- \/ Yoast SEO plugin. -->","yoast_head_json":{"title":"Pompe doseuse pour acide formique | Dosing Pump Shop B.V.","description":"Pompe doseuse d'acide formique pr\u00e9cise et fiable pour diverses applications industrielles. Installation et maintenance ais\u00e9es.","robots":{"index":"index","follow":"follow","max-snippet":"max-snippet:-1","max-image-preview":"max-image-preview:large","max-video-preview":"max-video-preview:-1"},"canonical":"https:\/\/dosingpump.shop\/fr\/produit\/pompe-doseuse-pour-lacide-formique\/","og_locale":"fr_FR","og_type":"article","og_title":"Doseerpomp voor Mierenzuur | Dosing Pump Shop B.V.","og_description":"Nauwkeurige en betrouwbare Doseerpomp voor Mierenzuur voor diverse industri\u00eble toepassingen. Eenvoudige installatie en onderhoud.","og_url":"https:\/\/dosingpump.shop\/fr\/produit\/pompe-doseuse-pour-lacide-formique\/","og_site_name":"Dosing Pump Shop B.V.","article_modified_time":"2026-02-27T12:49:43+00:00","og_image":[{"width":498,"height":501,"url":"https:\/\/dosingpump.shop\/wp-content\/uploads\/2024\/12\/EMEC-K-SERIE-ANALOG-dosing-pump.webp","type":"image\/webp"}],"twitter_card":"summary_large_image","twitter_misc":{"Prix":"&euro;459,00","Disponibilit\u00e9":"En stock"},"schema":{"@context":"https:\/\/schema.org","@graph":[{"@type":"WebPage","@id":"https:\/\/dosingpump.shop\/es\/producto\/bomba-dosificadora-de-acido-formico\/","url":"https:\/\/dosingpump.shop\/es\/producto\/bomba-dosificadora-de-acido-formico\/","name":"Pompe doseuse pour acide formique | Dosing Pump Shop B.V.","isPartOf":{"@id":"https:\/\/dosingpump.shop\/de\/#website"},"primaryImageOfPage":{"@id":"https:\/\/dosingpump.shop\/es\/producto\/bomba-dosificadora-de-acido-formico\/#primaryimage"},"image":{"@id":"https:\/\/dosingpump.shop\/es\/producto\/bomba-dosificadora-de-acido-formico\/#primaryimage"},"thumbnailUrl":"https:\/\/dosingpump.shop\/wp-content\/uploads\/2024\/12\/EMEC-K-SERIE-ANALOG-dosing-pump.webp","datePublished":"2024-12-05T12:23:39+00:00","dateModified":"2026-02-27T12:49:43+00:00","description":"Pompe doseuse d'acide formique pr\u00e9cise et fiable pour diverses applications industrielles. Installation et maintenance ais\u00e9es.","breadcrumb":{"@id":"https:\/\/dosingpump.shop\/es\/producto\/bomba-dosificadora-de-acido-formico\/#breadcrumb"},"inLanguage":"fr-FR","potentialAction":[{"@type":"ReadAction","target":["https:\/\/dosingpump.shop\/es\/producto\/bomba-dosificadora-de-acido-formico\/"]}]},{"@type":"ImageObject","inLanguage":"fr-FR","@id":"https:\/\/dosingpump.shop\/es\/producto\/bomba-dosificadora-de-acido-formico\/#primaryimage","url":"https:\/\/dosingpump.shop\/wp-content\/uploads\/2024\/12\/EMEC-K-SERIE-ANALOG-dosing-pump.webp","contentUrl":"https:\/\/dosingpump.shop\/wp-content\/uploads\/2024\/12\/EMEC-K-SERIE-ANALOG-dosing-pump.webp","width":498,"height":501},{"@type":"BreadcrumbList","@id":"https:\/\/dosingpump.shop\/es\/producto\/bomba-dosificadora-de-acido-formico\/#breadcrumb","itemListElement":[{"@type":"ListItem","position":1,"name":"Home","item":"https:\/\/dosingpump.shop\/"},{"@type":"ListItem","position":2,"name":"Shop","item":"https:\/\/dosingpump.shop\/de\/shop\/"},{"@type":"ListItem","position":3,"name":"Doseerpomp voor Mierenzuur"}]},{"@type":"WebSite","@id":"https:\/\/dosingpump.shop\/de\/#website","url":"https:\/\/dosingpump.shop\/de\/","name":"Dosing Pump Shop B.V.","description":"","publisher":{"@id":"https:\/\/dosingpump.shop\/de\/#organization"},"potentialAction":[{"@type":"SearchAction","target":{"@type":"EntryPoint","urlTemplate":"https:\/\/dosingpump.shop\/de\/?s={search_term_string}"},"query-input":{"@type":"PropertyValueSpecification","valueRequired":true,"valueName":"search_term_string"}}],"inLanguage":"fr-FR"},{"@type":"Organization","@id":"https:\/\/dosingpump.shop\/de\/#organization","name":"Dosing Pump Shop B.V.","url":"https:\/\/dosingpump.shop\/de\/","logo":{"@type":"ImageObject","inLanguage":"fr-FR","@id":"https:\/\/dosingpump.shop\/de\/#\/schema\/logo\/image\/","url":"https:\/\/dosingpump.shop\/wp-content\/uploads\/2024\/10\/Dosing-Pump-Shop-logo.png","contentUrl":"https:\/\/dosingpump.shop\/wp-content\/uploads\/2024\/10\/Dosing-Pump-Shop-logo.png","width":350,"height":45,"caption":"Dosing Pump Shop B.V."},"image":{"@id":"https:\/\/dosingpump.shop\/de\/#\/schema\/logo\/image\/"},"sameAs":["https:\/\/linkedin.com\/company\/dosing-pump-shop"]}]},"product_price_amount":"459.00","product_price_currency":"EUR","og_availability":"instock","product_availability":"instock","product_retailer_item_id":"Mierenzuur","product_condition":"new"},"_links":{"self":[{"href":"https:\/\/dosingpump.shop\/fr\/wp-json\/wp\/v2\/product\/4713","targetHints":{"allow":["GET"]}}],"collection":[{"href":"https:\/\/dosingpump.shop\/fr\/wp-json\/wp\/v2\/product"}],"about":[{"href":"https:\/\/dosingpump.shop\/fr\/wp-json\/wp\/v2\/types\/product"}],"wp:featuredmedia":[{"embeddable":true,"href":"https:\/\/dosingpump.shop\/fr\/wp-json\/wp\/v2\/media\/4072"}],"wp:attachment":[{"href":"https:\/\/dosingpump.shop\/fr\/wp-json\/wp\/v2\/media?parent=4713"}],"wp:term":[{"taxonomy":"product_brand","embeddable":true,"href":"https:\/\/dosingpump.shop\/fr\/wp-json\/wp\/v2\/product_brand?post=4713"},{"taxonomy":"product_cat","embeddable":true,"href":"https:\/\/dosingpump.shop\/fr\/wp-json\/wp\/v2\/product_cat?post=4713"},{"taxonomy":"product_tag","embeddable":true,"href":"https:\/\/dosingpump.shop\/fr\/wp-json\/wp\/v2\/product_tag?post=4713"}],"curies":[{"name":"wp","href":"https:\/\/api.w.org\/{rel}","templated":true}]}}