{"id":4943,"date":"2024-12-05T12:24:01","date_gmt":"2024-12-05T12:24:01","guid":{"rendered":"https:\/\/dosingpump.shop\/?post_type=product&#038;p=4943"},"modified":"2026-02-27T14:49:53","modified_gmt":"2026-02-27T12:49:53","slug":"ephl-ph-electrode-15mtr","status":"publish","type":"product","link":"https:\/\/dosingpump.shop\/fr\/product\/ephl-ph-electrode-15mtr\/","title":{"rendered":"Emec EPHL Electrode pH \/ 15mtr"},"content":{"rendered":"<p>L'Emec EPHL est une \u00e9lectrode de pH durable et pr\u00e9cise qui convient parfaitement \u00e0 diverses applications. Gr\u00e2ce \u00e0 sa large plage de mesure de 0 \u00e0 14 pH, cette \u00e9lectrode est particuli\u00e8rement polyvalente. De plus, l'EPHL est con\u00e7ue avec un corps en \u00e9poxy, ce qui lui assure non seulement une longue dur\u00e9e de vie, mais aussi une grande fiabilit\u00e9 dans des conditions difficiles. Le connecteur BNC et la longueur de c\u00e2ble de 15 m\u00e8tres rendent l'installation et l'utilisation tr\u00e8s flexibles.<\/p>\n<p>En termes de performances, l'\u00e9lectrode fonctionne de mani\u00e8re optimale \u00e0 une pression maximale de 7 bars et \u00e0 des temp\u00e9ratures allant jusqu'\u00e0 70\u00b0C. Dans des situations particuli\u00e8res, l'\u00e9lectrode peut supporter des temp\u00e9ratures allant jusqu'\u00e0 80\u00b0C, mais \u00e0 une pression inf\u00e9rieure de 3,5 bars. En outre, la conception robuste offre un temps de r\u00e9ponse rapide, ce qui permet \u00e0 l'EPHL de fournir des r\u00e9sultats toujours pr\u00e9cis. L'\u00e9lectrode convient donc \u00e0 une grande vari\u00e9t\u00e9 de liquides, notamment en raison de la conductivit\u00e9 minimale requise de 100 \u00b5S.<\/p>\n<p>L'entretien de l'EPHL est \u00e9galement facile. Si l'\u00e9lectrode est contamin\u00e9e, vous pouvez la nettoyer avec de l'eau et, si n\u00e9cessaire, avec une solution d'acide chlorhydrique 10%. Pour garantir la pr\u00e9cision, il est essentiel de proc\u00e9der \u00e0 un \u00e9talonnage r\u00e9gulier avec des solutions tampons fra\u00eeches. En outre, il est important de toujours conserver l'\u00e9lectrode dans son flacon d'origine de solution de KCl pH4. Cela permet d'\u00e9viter la d\u00e9shydratation et d'\u00e9ventuels dommages.<\/p>\n<p>En r\u00e9sum\u00e9, l'Emec EPHL offre une excellente combinaison de fiabilit\u00e9, de flexibilit\u00e9 et de pr\u00e9cision. Gr\u00e2ce \u00e0 sa grande longueur de c\u00e2ble, cette \u00e9lectrode est id\u00e9ale pour les installations dans des endroits difficiles d'acc\u00e8s. Elle constitue donc un excellent choix pour le traitement de l'eau, les processus chimiques et d'autres applications o\u00f9 la pr\u00e9cision est requise.<\/p>","protected":false},"excerpt":{"rendered":"<p>L'Emec EPHL est une \u00e9lectrode de pH durable et pr\u00e9cise qui convient parfaitement \u00e0 diverses applications.<\/p>\n<ul>\n<li>Plage de mesure de 0 \u00e0 14 pH<\/li>\n<li>Pression maximale de 7 bars<\/li>\n<li>Connexion \u00e9lectrique BNC<\/li>\n<\/ul>","protected":false},"featured_media":4970,"template":"","meta":[],"product_brand":[],"product_cat":[292],"product_tag":[],"class_list":{"0":"post-4943","1":"product","2":"type-product","3":"status-publish","4":"has-post-thumbnail","6":"product_cat-ph-sensoren","8":"first","9":"instock","10":"taxable","11":"shipping-taxable","12":"purchasable","13":"product-type-simple"},"yoast_head":"<!-- This site is optimized with the Yoast SEO plugin v27.2 - https:\/\/yoast.com\/product\/yoast-seo-wordpress\/ -->\n<title>Emec EPHL pH Electrode \/ 15mtr | Dosing Pump Shop B.V.<\/title>\n<meta name=\"description\" content=\"Duurzame Emec EPHL pH-elektrode met meetbereik 0-14 pH, 15m kabel, epoxylichaam en max. 7 bar\/70\u00b0C. Ideaal voor waterbehandeling en chemie.\" \/>\n<meta name=\"robots\" content=\"index, follow, max-snippet:-1, max-image-preview:large, max-video-preview:-1\" \/>\n<link rel=\"canonical\" href=\"https:\/\/dosingpump.shop\/fr\/produit\/ephl-ph-electrode-15mtr\/\" \/>\n<meta property=\"og:locale\" content=\"fr_FR\" \/>\n<meta property=\"og:type\" content=\"article\" \/>\n<meta property=\"og:title\" content=\"Emec EPHL pH Electrode \/ 15mtr | Dosing Pump Shop B.V.\" \/>\n<meta property=\"og:description\" content=\"Duurzame Emec EPHL pH-elektrode met meetbereik 0-14 pH, 15m kabel, epoxylichaam en max. 7 bar\/70\u00b0C. Ideaal voor waterbehandeling en chemie.\" \/>\n<meta property=\"og:url\" content=\"https:\/\/dosingpump.shop\/fr\/produit\/ephl-ph-electrode-15mtr\/\" \/>\n<meta property=\"og:site_name\" content=\"Dosing Pump Shop B.V.\" \/>\n<meta property=\"article:modified_time\" content=\"2026-02-27T12:49:53+00:00\" \/>\n<meta property=\"og:image\" content=\"https:\/\/dosingpump.shop\/wp-content\/uploads\/2024\/12\/EMEC-EPHL-PH-probe.webp\" \/>\n\t<meta property=\"og:image:width\" content=\"1000\" \/>\n\t<meta property=\"og:image:height\" content=\"1000\" \/>\n\t<meta property=\"og:image:type\" content=\"image\/webp\" \/>\n<meta name=\"twitter:card\" content=\"summary_large_image\" \/>\n<meta name=\"twitter:label1\" content=\"Prix\" \/>\n\t<meta name=\"twitter:data1\" content=\"&euro;173,00\" \/>\n\t<meta name=\"twitter:label2\" content=\"Disponibilit\u00e9\" \/>\n\t<meta name=\"twitter:data2\" content=\"En stock\" \/>\n<script type=\"application\/ld+json\" class=\"yoast-schema-graph\">{\"@context\":\"https:\/\/schema.org\",\"@graph\":[{\"@type\":\"WebPage\",\"@id\":\"https:\/\/dosingpump.shop\/fr\/produit\/ephl-ph-electrode-15mtr\/\",\"url\":\"https:\/\/dosingpump.shop\/fr\/produit\/ephl-ph-electrode-15mtr\/\",\"name\":\"Emec EPHL pH Electrode \/ 15mtr | Dosing Pump Shop B.V.\",\"isPartOf\":{\"@id\":\"https:\/\/dosingpump.shop\/de\/#website\"},\"primaryImageOfPage\":{\"@id\":\"https:\/\/dosingpump.shop\/fr\/produit\/ephl-ph-electrode-15mtr\/#primaryimage\"},\"image\":{\"@id\":\"https:\/\/dosingpump.shop\/fr\/produit\/ephl-ph-electrode-15mtr\/#primaryimage\"},\"thumbnailUrl\":\"https:\/\/dosingpump.shop\/wp-content\/uploads\/2024\/12\/EMEC-EPHL-PH-probe.webp\",\"datePublished\":\"2024-12-05T12:24:01+00:00\",\"dateModified\":\"2026-02-27T12:49:53+00:00\",\"description\":\"Duurzame Emec EPHL pH-elektrode met meetbereik 0-14 pH, 15m kabel, epoxylichaam en max. 7 bar\/70\u00b0C. Ideaal voor waterbehandeling en chemie.\",\"breadcrumb\":{\"@id\":\"https:\/\/dosingpump.shop\/fr\/produit\/ephl-ph-electrode-15mtr\/#breadcrumb\"},\"inLanguage\":\"fr-FR\",\"potentialAction\":[{\"@type\":\"ReadAction\",\"target\":[\"https:\/\/dosingpump.shop\/fr\/produit\/ephl-ph-electrode-15mtr\/\"]}]},{\"@type\":\"ImageObject\",\"inLanguage\":\"fr-FR\",\"@id\":\"https:\/\/dosingpump.shop\/fr\/produit\/ephl-ph-electrode-15mtr\/#primaryimage\",\"url\":\"https:\/\/dosingpump.shop\/wp-content\/uploads\/2024\/12\/EMEC-EPHL-PH-probe.webp\",\"contentUrl\":\"https:\/\/dosingpump.shop\/wp-content\/uploads\/2024\/12\/EMEC-EPHL-PH-probe.webp\",\"width\":1000,\"height\":1000},{\"@type\":\"BreadcrumbList\",\"@id\":\"https:\/\/dosingpump.shop\/fr\/produit\/ephl-ph-electrode-15mtr\/#breadcrumb\",\"itemListElement\":[{\"@type\":\"ListItem\",\"position\":1,\"name\":\"Home\",\"item\":\"https:\/\/dosingpump.shop\/\"},{\"@type\":\"ListItem\",\"position\":2,\"name\":\"Shop\",\"item\":\"https:\/\/dosingpump.shop\/de\/shop\/\"},{\"@type\":\"ListItem\",\"position\":3,\"name\":\"Emec EPHL pH Electrode \/ 15mtr\"}]},{\"@type\":\"WebSite\",\"@id\":\"https:\/\/dosingpump.shop\/de\/#website\",\"url\":\"https:\/\/dosingpump.shop\/de\/\",\"name\":\"Dosing Pump Shop B.V.\",\"description\":\"\",\"publisher\":{\"@id\":\"https:\/\/dosingpump.shop\/de\/#organization\"},\"potentialAction\":[{\"@type\":\"SearchAction\",\"target\":{\"@type\":\"EntryPoint\",\"urlTemplate\":\"https:\/\/dosingpump.shop\/de\/?s={search_term_string}\"},\"query-input\":{\"@type\":\"PropertyValueSpecification\",\"valueRequired\":true,\"valueName\":\"search_term_string\"}}],\"inLanguage\":\"fr-FR\"},{\"@type\":\"Organization\",\"@id\":\"https:\/\/dosingpump.shop\/de\/#organization\",\"name\":\"Dosing Pump Shop B.V.\",\"url\":\"https:\/\/dosingpump.shop\/de\/\",\"logo\":{\"@type\":\"ImageObject\",\"inLanguage\":\"fr-FR\",\"@id\":\"https:\/\/dosingpump.shop\/de\/#\/schema\/logo\/image\/\",\"url\":\"https:\/\/dosingpump.shop\/wp-content\/uploads\/2024\/10\/Dosing-Pump-Shop-logo.png\",\"contentUrl\":\"https:\/\/dosingpump.shop\/wp-content\/uploads\/2024\/10\/Dosing-Pump-Shop-logo.png\",\"width\":350,\"height\":45,\"caption\":\"Dosing Pump Shop B.V.\"},\"image\":{\"@id\":\"https:\/\/dosingpump.shop\/de\/#\/schema\/logo\/image\/\"},\"sameAs\":[\"https:\/\/linkedin.com\/company\/dosing-pump-shop\"]}]}<\/script>\n<meta property=\"product:price:amount\" content=\"173.00\" \/>\n<meta property=\"product:price:currency\" content=\"EUR\" \/>\n<meta property=\"og:availability\" content=\"instock\" \/>\n<meta property=\"product:availability\" content=\"instock\" \/>\n<meta property=\"product:retailer_item_id\" content=\"108.0011.1\" \/>\n<meta property=\"product:condition\" content=\"new\" \/>\n<!-- \/ Yoast SEO plugin. -->","yoast_head_json":{"title":"Emec EPHL pH Electrode \/ 15mtr | Dosing Pump Shop B.V.","description":"\u00c9lectrode de pH durable Emec EPHL avec plage de mesure 0-14 pH, c\u00e2ble de 15 m, corps en \u00e9poxy et max 7 bar\/70\u00b0C. Id\u00e9ale pour le traitement de l'eau et la chimie.","robots":{"index":"index","follow":"follow","max-snippet":"max-snippet:-1","max-image-preview":"max-image-preview:large","max-video-preview":"max-video-preview:-1"},"canonical":"https:\/\/dosingpump.shop\/fr\/produit\/ephl-ph-electrode-15mtr\/","og_locale":"fr_FR","og_type":"article","og_title":"Emec EPHL pH Electrode \/ 15mtr | Dosing Pump Shop B.V.","og_description":"Duurzame Emec EPHL pH-elektrode met meetbereik 0-14 pH, 15m kabel, epoxylichaam en max. 7 bar\/70\u00b0C. Ideaal voor waterbehandeling en chemie.","og_url":"https:\/\/dosingpump.shop\/fr\/produit\/ephl-ph-electrode-15mtr\/","og_site_name":"Dosing Pump Shop B.V.","article_modified_time":"2026-02-27T12:49:53+00:00","og_image":[{"width":1000,"height":1000,"url":"https:\/\/dosingpump.shop\/wp-content\/uploads\/2024\/12\/EMEC-EPHL-PH-probe.webp","type":"image\/webp"}],"twitter_card":"summary_large_image","twitter_misc":{"Prix":"&euro;173,00","Disponibilit\u00e9":"En stock"},"schema":{"@context":"https:\/\/schema.org","@graph":[{"@type":"WebPage","@id":"https:\/\/dosingpump.shop\/fr\/produit\/ephl-ph-electrode-15mtr\/","url":"https:\/\/dosingpump.shop\/fr\/produit\/ephl-ph-electrode-15mtr\/","name":"Emec EPHL pH Electrode \/ 15mtr | Dosing Pump Shop B.V.","isPartOf":{"@id":"https:\/\/dosingpump.shop\/de\/#website"},"primaryImageOfPage":{"@id":"https:\/\/dosingpump.shop\/fr\/produit\/ephl-ph-electrode-15mtr\/#primaryimage"},"image":{"@id":"https:\/\/dosingpump.shop\/fr\/produit\/ephl-ph-electrode-15mtr\/#primaryimage"},"thumbnailUrl":"https:\/\/dosingpump.shop\/wp-content\/uploads\/2024\/12\/EMEC-EPHL-PH-probe.webp","datePublished":"2024-12-05T12:24:01+00:00","dateModified":"2026-02-27T12:49:53+00:00","description":"\u00c9lectrode de pH durable Emec EPHL avec plage de mesure 0-14 pH, c\u00e2ble de 15 m, corps en \u00e9poxy et max 7 bar\/70\u00b0C. Id\u00e9ale pour le traitement de l'eau et la chimie.","breadcrumb":{"@id":"https:\/\/dosingpump.shop\/fr\/produit\/ephl-ph-electrode-15mtr\/#breadcrumb"},"inLanguage":"fr-FR","potentialAction":[{"@type":"ReadAction","target":["https:\/\/dosingpump.shop\/fr\/produit\/ephl-ph-electrode-15mtr\/"]}]},{"@type":"ImageObject","inLanguage":"fr-FR","@id":"https:\/\/dosingpump.shop\/fr\/produit\/ephl-ph-electrode-15mtr\/#primaryimage","url":"https:\/\/dosingpump.shop\/wp-content\/uploads\/2024\/12\/EMEC-EPHL-PH-probe.webp","contentUrl":"https:\/\/dosingpump.shop\/wp-content\/uploads\/2024\/12\/EMEC-EPHL-PH-probe.webp","width":1000,"height":1000},{"@type":"BreadcrumbList","@id":"https:\/\/dosingpump.shop\/fr\/produit\/ephl-ph-electrode-15mtr\/#breadcrumb","itemListElement":[{"@type":"ListItem","position":1,"name":"Home","item":"https:\/\/dosingpump.shop\/"},{"@type":"ListItem","position":2,"name":"Shop","item":"https:\/\/dosingpump.shop\/de\/shop\/"},{"@type":"ListItem","position":3,"name":"Emec EPHL pH Electrode \/ 15mtr"}]},{"@type":"WebSite","@id":"https:\/\/dosingpump.shop\/de\/#website","url":"https:\/\/dosingpump.shop\/de\/","name":"Dosing Pump Shop B.V.","description":"","publisher":{"@id":"https:\/\/dosingpump.shop\/de\/#organization"},"potentialAction":[{"@type":"SearchAction","target":{"@type":"EntryPoint","urlTemplate":"https:\/\/dosingpump.shop\/de\/?s={search_term_string}"},"query-input":{"@type":"PropertyValueSpecification","valueRequired":true,"valueName":"search_term_string"}}],"inLanguage":"fr-FR"},{"@type":"Organization","@id":"https:\/\/dosingpump.shop\/de\/#organization","name":"Dosing Pump Shop B.V.","url":"https:\/\/dosingpump.shop\/de\/","logo":{"@type":"ImageObject","inLanguage":"fr-FR","@id":"https:\/\/dosingpump.shop\/de\/#\/schema\/logo\/image\/","url":"https:\/\/dosingpump.shop\/wp-content\/uploads\/2024\/10\/Dosing-Pump-Shop-logo.png","contentUrl":"https:\/\/dosingpump.shop\/wp-content\/uploads\/2024\/10\/Dosing-Pump-Shop-logo.png","width":350,"height":45,"caption":"Dosing Pump Shop B.V."},"image":{"@id":"https:\/\/dosingpump.shop\/de\/#\/schema\/logo\/image\/"},"sameAs":["https:\/\/linkedin.com\/company\/dosing-pump-shop"]}]},"product_price_amount":"173.00","product_price_currency":"EUR","og_availability":"instock","product_availability":"instock","product_retailer_item_id":"108.0011.1","product_condition":"new"},"_links":{"self":[{"href":"https:\/\/dosingpump.shop\/fr\/wp-json\/wp\/v2\/product\/4943","targetHints":{"allow":["GET"]}}],"collection":[{"href":"https:\/\/dosingpump.shop\/fr\/wp-json\/wp\/v2\/product"}],"about":[{"href":"https:\/\/dosingpump.shop\/fr\/wp-json\/wp\/v2\/types\/product"}],"wp:featuredmedia":[{"embeddable":true,"href":"https:\/\/dosingpump.shop\/fr\/wp-json\/wp\/v2\/media\/4970"}],"wp:attachment":[{"href":"https:\/\/dosingpump.shop\/fr\/wp-json\/wp\/v2\/media?parent=4943"}],"wp:term":[{"taxonomy":"product_brand","embeddable":true,"href":"https:\/\/dosingpump.shop\/fr\/wp-json\/wp\/v2\/product_brand?post=4943"},{"taxonomy":"product_cat","embeddable":true,"href":"https:\/\/dosingpump.shop\/fr\/wp-json\/wp\/v2\/product_cat?post=4943"},{"taxonomy":"product_tag","embeddable":true,"href":"https:\/\/dosingpump.shop\/fr\/wp-json\/wp\/v2\/product_tag?post=4943"}],"curies":[{"name":"wp","href":"https:\/\/api.w.org\/{rel}","templated":true}]}}