{"id":4945,"date":"2024-12-05T12:24:01","date_gmt":"2024-12-05T12:24:01","guid":{"rendered":"https:\/\/dosingpump.shop\/?post_type=product&#038;p=4945"},"modified":"2026-02-27T14:49:53","modified_gmt":"2026-02-27T12:49:53","slug":"ephm-hf-electrode-45mtr","status":"publish","type":"product","link":"https:\/\/dosingpump.shop\/fr\/product\/ephm-hf-electrode-45mtr\/","title":{"rendered":"Emec EPHM\/HF Electrode pH \/ 4.5mtr"},"content":{"rendered":"<p>L'Emec EPHM\/HF est sp\u00e9cialement con\u00e7ue pour des mesures pr\u00e9cises du pH dans des environnements chimiques agressifs. Comme cette \u00e9lectrode est r\u00e9sistante \u00e0 l'acide fluorhydrique 1%, elle convient parfaitement aux applications o\u00f9 les \u00e9lectrodes standard sont inad\u00e9quates. De plus, la plage de mesure de 0 \u00e0 14 pH offre un large \u00e9ventail d'applications. Le corps robuste en \u00e9poxy garantit non seulement une longue dur\u00e9e de vie, mais aussi des performances constantes et fiables. De plus, le connecteur BNC et la longueur de c\u00e2ble de 5 m\u00e8tres rendent l'installation simple et polyvalente.<\/p>\n<p>En termes de performances, l'\u00e9lectrode fonctionne de mani\u00e8re optimale \u00e0 une pression maximale de 7 bars et \u00e0 des temp\u00e9ratures allant jusqu'\u00e0 70\u00b0C. Dans des situations exceptionnelles, elle peut tol\u00e9rer des temp\u00e9ratures allant jusqu'\u00e0 80\u00b0C pendant de courtes p\u00e9riodes, \u00e0 condition que la pression ne d\u00e9passe pas 3,5 bars. L'EPHM\/HF reste donc un choix fiable, m\u00eame dans des conditions difficiles. En outre, l'\u00e9lectrode requiert une conductivit\u00e9 minimale de 100 \u00b5S, ce qui la rend adapt\u00e9e \u00e0 une large gamme de liquides.<\/p>\n<p>L'entretien de l'EPHM\/HF est \u00e9galement facile. Si l'\u00e9lectrode est contamin\u00e9e, vous pouvez la nettoyer avec de l'eau et, si n\u00e9cessaire, avec une solution d'acide chlorhydrique 10%. En outre, un \u00e9talonnage r\u00e9gulier avec des solutions tampons fra\u00eeches est essentiel pour maintenir la pr\u00e9cision. Enfin, conservez toujours l'\u00e9lectrode dans son flacon d'origine contenant une solution de KCl pH4. Cela permet d'\u00e9viter la d\u00e9shydratation et de prolonger consid\u00e9rablement sa dur\u00e9e de vie.<\/p>\n<p>En r\u00e9sum\u00e9, l'EPHM\/HF est le choix id\u00e9al pour le traitement de l'eau et les proc\u00e9d\u00e9s chimiques. Gr\u00e2ce \u00e0 sa r\u00e9sistance unique \u00e0 l'acide fluorhydrique, cette \u00e9lectrode constitue une solution fiable et durable. De plus, son c\u00e2ble de 5 m\u00e8tres de long offre une grande flexibilit\u00e9, m\u00eame dans les endroits difficiles d'acc\u00e8s.<\/p>","protected":false},"excerpt":{"rendered":"<p>L'Emec EPHM\/HF est sp\u00e9cialement con\u00e7u pour des mesures pr\u00e9cises du pH dans des environnements chimiques agressifs.<\/p>\n<ul>\n<li>Plage de mesure de 0 \u00e0 14 pH<\/li>\n<li>Pression maximale de 7 bars<\/li>\n<li>Connexion \u00e9lectrique BNC<\/li>\n<\/ul>","protected":false},"featured_media":4972,"template":"","meta":[],"product_brand":[],"product_cat":[292],"product_tag":[],"class_list":{"0":"post-4945","1":"product","2":"type-product","3":"status-publish","4":"has-post-thumbnail","6":"product_cat-ph-sensoren","8":"first","9":"instock","10":"taxable","11":"shipping-taxable","12":"purchasable","13":"product-type-simple"},"yoast_head":"<!-- This site is optimized with the Yoast SEO plugin v27.2 - https:\/\/yoast.com\/product\/yoast-seo-wordpress\/ -->\n<title>Emec EPHM\/HF pH Electrode \/ 4,5mtr | Dosing Pump Shop B.V.<\/title>\n<meta name=\"description\" content=\"Emec EPHM\/HF pH-elektrode, bestand tegen 1% HF. Meetbereik 0-14 pH, 5m kabel, epoxylichaam. Max. 7 bar\/70\u00b0C. Perfect voor chemische toepassingen.\" \/>\n<meta name=\"robots\" content=\"index, follow, max-snippet:-1, max-image-preview:large, max-video-preview:-1\" \/>\n<link rel=\"canonical\" href=\"https:\/\/dosingpump.shop\/fr\/produit\/ephm-hf-electrode-45mtr\/\" \/>\n<meta property=\"og:locale\" content=\"fr_FR\" \/>\n<meta property=\"og:type\" content=\"article\" \/>\n<meta property=\"og:title\" content=\"Emec EPHM\/HF pH Electrode \/ 4,5mtr | Dosing Pump Shop B.V.\" \/>\n<meta property=\"og:description\" content=\"Emec EPHM\/HF pH-elektrode, bestand tegen 1% HF. Meetbereik 0-14 pH, 5m kabel, epoxylichaam. Max. 7 bar\/70\u00b0C. Perfect voor chemische toepassingen.\" \/>\n<meta property=\"og:url\" content=\"https:\/\/dosingpump.shop\/fr\/produit\/ephm-hf-electrode-45mtr\/\" \/>\n<meta property=\"og:site_name\" content=\"Dosing Pump Shop B.V.\" \/>\n<meta property=\"article:modified_time\" content=\"2026-02-27T12:49:53+00:00\" \/>\n<meta property=\"og:image\" content=\"https:\/\/dosingpump.shop\/wp-content\/uploads\/2024\/12\/EMEC-EPHMHF-PH-probe.webp\" \/>\n\t<meta property=\"og:image:width\" content=\"1000\" \/>\n\t<meta property=\"og:image:height\" content=\"1000\" \/>\n\t<meta property=\"og:image:type\" content=\"image\/webp\" \/>\n<meta name=\"twitter:card\" content=\"summary_large_image\" \/>\n<meta name=\"twitter:label1\" content=\"Prix\" \/>\n\t<meta name=\"twitter:data1\" content=\"&euro;297,00\" \/>\n\t<meta name=\"twitter:label2\" content=\"Disponibilit\u00e9\" \/>\n\t<meta name=\"twitter:data2\" content=\"En stock\" \/>\n<script type=\"application\/ld+json\" class=\"yoast-schema-graph\">{\"@context\":\"https:\/\/schema.org\",\"@graph\":[{\"@type\":\"WebPage\",\"@id\":\"https:\/\/dosingpump.shop\/nl\/product\/ephm-hf-electrode-45mtr\/\",\"url\":\"https:\/\/dosingpump.shop\/nl\/product\/ephm-hf-electrode-45mtr\/\",\"name\":\"Emec EPHM\/HF pH Electrode \/ 4,5mtr | Dosing Pump Shop B.V.\",\"isPartOf\":{\"@id\":\"https:\/\/dosingpump.shop\/de\/#website\"},\"primaryImageOfPage\":{\"@id\":\"https:\/\/dosingpump.shop\/nl\/product\/ephm-hf-electrode-45mtr\/#primaryimage\"},\"image\":{\"@id\":\"https:\/\/dosingpump.shop\/nl\/product\/ephm-hf-electrode-45mtr\/#primaryimage\"},\"thumbnailUrl\":\"https:\/\/dosingpump.shop\/wp-content\/uploads\/2024\/12\/EMEC-EPHMHF-PH-probe.webp\",\"datePublished\":\"2024-12-05T12:24:01+00:00\",\"dateModified\":\"2026-02-27T12:49:53+00:00\",\"description\":\"Emec EPHM\/HF pH-elektrode, bestand tegen 1% HF. Meetbereik 0-14 pH, 5m kabel, epoxylichaam. Max. 7 bar\/70\u00b0C. Perfect voor chemische toepassingen.\",\"breadcrumb\":{\"@id\":\"https:\/\/dosingpump.shop\/nl\/product\/ephm-hf-electrode-45mtr\/#breadcrumb\"},\"inLanguage\":\"fr-FR\",\"potentialAction\":[{\"@type\":\"ReadAction\",\"target\":[\"https:\/\/dosingpump.shop\/nl\/product\/ephm-hf-electrode-45mtr\/\"]}]},{\"@type\":\"ImageObject\",\"inLanguage\":\"fr-FR\",\"@id\":\"https:\/\/dosingpump.shop\/nl\/product\/ephm-hf-electrode-45mtr\/#primaryimage\",\"url\":\"https:\/\/dosingpump.shop\/wp-content\/uploads\/2024\/12\/EMEC-EPHMHF-PH-probe.webp\",\"contentUrl\":\"https:\/\/dosingpump.shop\/wp-content\/uploads\/2024\/12\/EMEC-EPHMHF-PH-probe.webp\",\"width\":1000,\"height\":1000},{\"@type\":\"BreadcrumbList\",\"@id\":\"https:\/\/dosingpump.shop\/nl\/product\/ephm-hf-electrode-45mtr\/#breadcrumb\",\"itemListElement\":[{\"@type\":\"ListItem\",\"position\":1,\"name\":\"Home\",\"item\":\"https:\/\/dosingpump.shop\/\"},{\"@type\":\"ListItem\",\"position\":2,\"name\":\"Shop\",\"item\":\"https:\/\/dosingpump.shop\/de\/shop\/\"},{\"@type\":\"ListItem\",\"position\":3,\"name\":\"Emec EPHM\/HF pH Electrode \/ 4,5mtr\"}]},{\"@type\":\"WebSite\",\"@id\":\"https:\/\/dosingpump.shop\/de\/#website\",\"url\":\"https:\/\/dosingpump.shop\/de\/\",\"name\":\"Dosing Pump Shop B.V.\",\"description\":\"\",\"publisher\":{\"@id\":\"https:\/\/dosingpump.shop\/de\/#organization\"},\"potentialAction\":[{\"@type\":\"SearchAction\",\"target\":{\"@type\":\"EntryPoint\",\"urlTemplate\":\"https:\/\/dosingpump.shop\/de\/?s={search_term_string}\"},\"query-input\":{\"@type\":\"PropertyValueSpecification\",\"valueRequired\":true,\"valueName\":\"search_term_string\"}}],\"inLanguage\":\"fr-FR\"},{\"@type\":\"Organization\",\"@id\":\"https:\/\/dosingpump.shop\/de\/#organization\",\"name\":\"Dosing Pump Shop B.V.\",\"url\":\"https:\/\/dosingpump.shop\/de\/\",\"logo\":{\"@type\":\"ImageObject\",\"inLanguage\":\"fr-FR\",\"@id\":\"https:\/\/dosingpump.shop\/de\/#\/schema\/logo\/image\/\",\"url\":\"https:\/\/dosingpump.shop\/wp-content\/uploads\/2024\/10\/Dosing-Pump-Shop-logo.png\",\"contentUrl\":\"https:\/\/dosingpump.shop\/wp-content\/uploads\/2024\/10\/Dosing-Pump-Shop-logo.png\",\"width\":350,\"height\":45,\"caption\":\"Dosing Pump Shop B.V.\"},\"image\":{\"@id\":\"https:\/\/dosingpump.shop\/de\/#\/schema\/logo\/image\/\"},\"sameAs\":[\"https:\/\/linkedin.com\/company\/dosing-pump-shop\"]}]}<\/script>\n<meta property=\"product:price:amount\" content=\"297.00\" \/>\n<meta property=\"product:price:currency\" content=\"EUR\" \/>\n<meta property=\"og:availability\" content=\"instock\" \/>\n<meta property=\"product:availability\" content=\"instock\" \/>\n<meta property=\"product:retailer_item_id\" content=\"108.1046.1\" \/>\n<meta property=\"product:condition\" content=\"new\" \/>\n<!-- \/ Yoast SEO plugin. -->","yoast_head_json":{"title":"Emec EPHM\/HF pH Electrode \/ 4.5mtr | Dosing Pump Shop B.V.","description":"Electrode de pH Emec EPHM\/HF, r\u00e9sistante \u00e0 1% HF. Plage de mesure 0-14 pH, c\u00e2ble de 5m, corps en \u00e9poxy. Max. 7 bar\/70\u00b0C. Parfaite pour les applications chimiques.","robots":{"index":"index","follow":"follow","max-snippet":"max-snippet:-1","max-image-preview":"max-image-preview:large","max-video-preview":"max-video-preview:-1"},"canonical":"https:\/\/dosingpump.shop\/fr\/produit\/ephm-hf-electrode-45mtr\/","og_locale":"fr_FR","og_type":"article","og_title":"Emec EPHM\/HF pH Electrode \/ 4,5mtr | Dosing Pump Shop B.V.","og_description":"Emec EPHM\/HF pH-elektrode, bestand tegen 1% HF. Meetbereik 0-14 pH, 5m kabel, epoxylichaam. Max. 7 bar\/70\u00b0C. Perfect voor chemische toepassingen.","og_url":"https:\/\/dosingpump.shop\/fr\/produit\/ephm-hf-electrode-45mtr\/","og_site_name":"Dosing Pump Shop B.V.","article_modified_time":"2026-02-27T12:49:53+00:00","og_image":[{"width":1000,"height":1000,"url":"https:\/\/dosingpump.shop\/wp-content\/uploads\/2024\/12\/EMEC-EPHMHF-PH-probe.webp","type":"image\/webp"}],"twitter_card":"summary_large_image","twitter_misc":{"Prix":"&euro;297,00","Disponibilit\u00e9":"En stock"},"schema":{"@context":"https:\/\/schema.org","@graph":[{"@type":"WebPage","@id":"https:\/\/dosingpump.shop\/nl\/product\/ephm-hf-electrode-45mtr\/","url":"https:\/\/dosingpump.shop\/nl\/product\/ephm-hf-electrode-45mtr\/","name":"Emec EPHM\/HF pH Electrode \/ 4.5mtr | Dosing Pump Shop B.V.","isPartOf":{"@id":"https:\/\/dosingpump.shop\/de\/#website"},"primaryImageOfPage":{"@id":"https:\/\/dosingpump.shop\/nl\/product\/ephm-hf-electrode-45mtr\/#primaryimage"},"image":{"@id":"https:\/\/dosingpump.shop\/nl\/product\/ephm-hf-electrode-45mtr\/#primaryimage"},"thumbnailUrl":"https:\/\/dosingpump.shop\/wp-content\/uploads\/2024\/12\/EMEC-EPHMHF-PH-probe.webp","datePublished":"2024-12-05T12:24:01+00:00","dateModified":"2026-02-27T12:49:53+00:00","description":"Electrode de pH Emec EPHM\/HF, r\u00e9sistante \u00e0 1% HF. Plage de mesure 0-14 pH, c\u00e2ble de 5m, corps en \u00e9poxy. Max. 7 bar\/70\u00b0C. Parfaite pour les applications chimiques.","breadcrumb":{"@id":"https:\/\/dosingpump.shop\/nl\/product\/ephm-hf-electrode-45mtr\/#breadcrumb"},"inLanguage":"fr-FR","potentialAction":[{"@type":"ReadAction","target":["https:\/\/dosingpump.shop\/nl\/product\/ephm-hf-electrode-45mtr\/"]}]},{"@type":"ImageObject","inLanguage":"fr-FR","@id":"https:\/\/dosingpump.shop\/nl\/product\/ephm-hf-electrode-45mtr\/#primaryimage","url":"https:\/\/dosingpump.shop\/wp-content\/uploads\/2024\/12\/EMEC-EPHMHF-PH-probe.webp","contentUrl":"https:\/\/dosingpump.shop\/wp-content\/uploads\/2024\/12\/EMEC-EPHMHF-PH-probe.webp","width":1000,"height":1000},{"@type":"BreadcrumbList","@id":"https:\/\/dosingpump.shop\/nl\/product\/ephm-hf-electrode-45mtr\/#breadcrumb","itemListElement":[{"@type":"ListItem","position":1,"name":"Home","item":"https:\/\/dosingpump.shop\/"},{"@type":"ListItem","position":2,"name":"Shop","item":"https:\/\/dosingpump.shop\/de\/shop\/"},{"@type":"ListItem","position":3,"name":"Emec EPHM\/HF pH Electrode \/ 4,5mtr"}]},{"@type":"WebSite","@id":"https:\/\/dosingpump.shop\/de\/#website","url":"https:\/\/dosingpump.shop\/de\/","name":"Dosing Pump Shop B.V.","description":"","publisher":{"@id":"https:\/\/dosingpump.shop\/de\/#organization"},"potentialAction":[{"@type":"SearchAction","target":{"@type":"EntryPoint","urlTemplate":"https:\/\/dosingpump.shop\/de\/?s={search_term_string}"},"query-input":{"@type":"PropertyValueSpecification","valueRequired":true,"valueName":"search_term_string"}}],"inLanguage":"fr-FR"},{"@type":"Organization","@id":"https:\/\/dosingpump.shop\/de\/#organization","name":"Dosing Pump Shop B.V.","url":"https:\/\/dosingpump.shop\/de\/","logo":{"@type":"ImageObject","inLanguage":"fr-FR","@id":"https:\/\/dosingpump.shop\/de\/#\/schema\/logo\/image\/","url":"https:\/\/dosingpump.shop\/wp-content\/uploads\/2024\/10\/Dosing-Pump-Shop-logo.png","contentUrl":"https:\/\/dosingpump.shop\/wp-content\/uploads\/2024\/10\/Dosing-Pump-Shop-logo.png","width":350,"height":45,"caption":"Dosing Pump Shop B.V."},"image":{"@id":"https:\/\/dosingpump.shop\/de\/#\/schema\/logo\/image\/"},"sameAs":["https:\/\/linkedin.com\/company\/dosing-pump-shop"]}]},"product_price_amount":"297.00","product_price_currency":"EUR","og_availability":"instock","product_availability":"instock","product_retailer_item_id":"108.1046.1","product_condition":"new"},"_links":{"self":[{"href":"https:\/\/dosingpump.shop\/fr\/wp-json\/wp\/v2\/product\/4945","targetHints":{"allow":["GET"]}}],"collection":[{"href":"https:\/\/dosingpump.shop\/fr\/wp-json\/wp\/v2\/product"}],"about":[{"href":"https:\/\/dosingpump.shop\/fr\/wp-json\/wp\/v2\/types\/product"}],"wp:featuredmedia":[{"embeddable":true,"href":"https:\/\/dosingpump.shop\/fr\/wp-json\/wp\/v2\/media\/4972"}],"wp:attachment":[{"href":"https:\/\/dosingpump.shop\/fr\/wp-json\/wp\/v2\/media?parent=4945"}],"wp:term":[{"taxonomy":"product_brand","embeddable":true,"href":"https:\/\/dosingpump.shop\/fr\/wp-json\/wp\/v2\/product_brand?post=4945"},{"taxonomy":"product_cat","embeddable":true,"href":"https:\/\/dosingpump.shop\/fr\/wp-json\/wp\/v2\/product_cat?post=4945"},{"taxonomy":"product_tag","embeddable":true,"href":"https:\/\/dosingpump.shop\/fr\/wp-json\/wp\/v2\/product_tag?post=4945"}],"curies":[{"name":"wp","href":"https:\/\/api.w.org\/{rel}","templated":true}]}}