{"id":4989,"date":"2024-12-05T12:24:13","date_gmt":"2024-12-05T12:24:13","guid":{"rendered":"https:\/\/dosingpump.shop\/product\/fluimac-helios-as-15-fx-slangenpomp\/"},"modified":"2026-02-27T14:49:55","modified_gmt":"2026-02-27T12:49:55","slug":"pompe-peristaltique-fluimac-helios-as-15-fx","status":"publish","type":"product","link":"https:\/\/dosingpump.shop\/fr\/product\/fluimac-helios-as-15-fx-slangenpomp\/","title":{"rendered":"Pompe p\u00e9ristaltique Fluimac Helios AS-15-FX"},"content":{"rendered":"<p>L'Helios AS 15 FX est une puissante pompe p\u00e9ristaltique industrielle \u00e0 vitesse fixe con\u00e7ue pour le dosage fiable d'une grande vari\u00e9t\u00e9 de liquides, y compris les produits chimiques agressifs. Gr\u00e2ce \u00e0 son principe de fonctionnement p\u00e9ristaltique, la pompe est auto-amor\u00e7ante jusqu'\u00e0 6 m\u00e8tres et r\u00e9siste \u00e0 la marche \u00e0 sec, ce qui la rend parfaitement adapt\u00e9e \u00e0 une utilisation continue dans des environnements exigeants. Comme seul le tuyau est en contact avec le fluide, l'usure reste minimale et la maintenance est facile. La pompe utilise un \u00e9l\u00e9ment de tuyau interchangeable, avec diff\u00e9rents mat\u00e9riaux de tuyau disponibles, y compris des versions approuv\u00e9es par la FDA pour les applications alimentaires. L'AS 15 FX est disponible en quatre variantes de d\u00e9bit fixe, de 56 \u00e0 172 litres par heure, en fonction de la vitesse s\u00e9lectionn\u00e9e. Gr\u00e2ce \u00e0 sa construction de haute qualit\u00e9 et \u00e0 la large gamme de raccords de tuyaux et de tubes disponibles, notamment en acier inoxydable 316, PVC, PTFE et TRI-CLAMPS, la pompe Helios AS 15 FX offre une facilit\u00e9 d'utilisation maximale dans les applications chimiques, les industries de transformation et les applications alimentaires. La pompe est disponible avec un moteur monophas\u00e9 ou triphas\u00e9 et, en option, en version ATEX.<\/p>","protected":false},"excerpt":{"rendered":"<ul>\n<li>D\u00e9bit maximal : 228 l\/h<\/li>\n<li>Pression maximale : 1,5 bar<\/li>\n<li>Adapt\u00e9 \u00e0 diverses t\u00e2ches<\/li>\n<li>Produit de qualit\u00e9 europ\u00e9enne<\/li>\n<\/ul>\n<p>Prix bas\u00e9 sur Helios AS 15 FX avec un tuyau p\u00e9ristaltique en EPDM et des raccords de tuyaux en PVC.<\/p>","protected":false},"featured_media":7050,"template":"","meta":[],"product_brand":[],"product_cat":[266,26],"product_tag":[],"class_list":{"0":"post-4989","1":"product","2":"type-product","3":"status-publish","4":"has-post-thumbnail","6":"product_cat-fluimac-slangenpompen","7":"product_cat-slangenpompen","9":"first","10":"instock","11":"taxable","12":"shipping-taxable","13":"purchasable","14":"product-type-simple"},"yoast_head":"<!-- This site is optimized with the Yoast SEO plugin v27.2 - https:\/\/yoast.com\/product\/yoast-seo-wordpress\/ -->\n<title>Fluimac Helios AS-15-FX slangenpomp | Dosing Pump Shop B.V.<\/title>\n<meta name=\"robots\" content=\"index, follow, max-snippet:-1, max-image-preview:large, max-video-preview:-1\" \/>\n<link rel=\"canonical\" href=\"https:\/\/dosingpump.shop\/fr\/produit\/pompe-peristaltique-fluimac-helios-as-15-fx\/\" \/>\n<meta property=\"og:locale\" content=\"fr_FR\" \/>\n<meta property=\"og:type\" content=\"article\" \/>\n<meta property=\"og:title\" content=\"Fluimac Helios AS-15-FX slangenpomp | Dosing Pump Shop B.V.\" \/>\n<meta property=\"og:description\" content=\"Maximale flow: 228 l\/h  Maximale druk: 1,5 bar  Geschikt voor uiteenlopende taken  Europees kwaliteitsproduct  Prijs op basis van Helios AS 15 FX met EPDM peristaltische slang en PVC slangkoppelingen.\" \/>\n<meta property=\"og:url\" content=\"https:\/\/dosingpump.shop\/fr\/produit\/pompe-peristaltique-fluimac-helios-as-15-fx\/\" \/>\n<meta property=\"og:site_name\" content=\"Dosing Pump Shop B.V.\" \/>\n<meta property=\"article:modified_time\" content=\"2026-02-27T12:49:55+00:00\" \/>\n<meta property=\"og:image\" content=\"https:\/\/dosingpump.shop\/wp-content\/uploads\/2024\/12\/Fluimac-Helios-AS-10-FX-Slangenpomp.png\" \/>\n\t<meta property=\"og:image:width\" content=\"500\" \/>\n\t<meta property=\"og:image:height\" content=\"500\" \/>\n\t<meta property=\"og:image:type\" content=\"image\/png\" \/>\n<meta name=\"twitter:card\" content=\"summary_large_image\" \/>\n<meta name=\"twitter:label1\" content=\"Prix\" \/>\n\t<meta name=\"twitter:data1\" content=\"&euro;1.891,00\" \/>\n\t<meta name=\"twitter:label2\" content=\"Disponibilit\u00e9\" \/>\n\t<meta name=\"twitter:data2\" content=\"En stock\" \/>\n<script type=\"application\/ld+json\" class=\"yoast-schema-graph\">{\"@context\":\"https:\/\/schema.org\",\"@graph\":[{\"@type\":\"WebPage\",\"@id\":\"https:\/\/dosingpump.shop\/de\/produkt\/fluimac-helios-as-15-fx-peristaltische-pumpe\/\",\"url\":\"https:\/\/dosingpump.shop\/de\/produkt\/fluimac-helios-as-15-fx-peristaltische-pumpe\/\",\"name\":\"Fluimac Helios AS-15-FX slangenpomp | Dosing Pump Shop B.V.\",\"isPartOf\":{\"@id\":\"https:\/\/dosingpump.shop\/de\/#website\"},\"primaryImageOfPage\":{\"@id\":\"https:\/\/dosingpump.shop\/de\/produkt\/fluimac-helios-as-15-fx-peristaltische-pumpe\/#primaryimage\"},\"image\":{\"@id\":\"https:\/\/dosingpump.shop\/de\/produkt\/fluimac-helios-as-15-fx-peristaltische-pumpe\/#primaryimage\"},\"thumbnailUrl\":\"https:\/\/dosingpump.shop\/wp-content\/uploads\/2024\/12\/Fluimac-Helios-AS-10-FX-Slangenpomp.png\",\"datePublished\":\"2024-12-05T12:24:13+00:00\",\"dateModified\":\"2026-02-27T12:49:55+00:00\",\"breadcrumb\":{\"@id\":\"https:\/\/dosingpump.shop\/de\/produkt\/fluimac-helios-as-15-fx-peristaltische-pumpe\/#breadcrumb\"},\"inLanguage\":\"fr-FR\",\"potentialAction\":[{\"@type\":\"ReadAction\",\"target\":[\"https:\/\/dosingpump.shop\/de\/produkt\/fluimac-helios-as-15-fx-peristaltische-pumpe\/\"]}]},{\"@type\":\"ImageObject\",\"inLanguage\":\"fr-FR\",\"@id\":\"https:\/\/dosingpump.shop\/de\/produkt\/fluimac-helios-as-15-fx-peristaltische-pumpe\/#primaryimage\",\"url\":\"https:\/\/dosingpump.shop\/wp-content\/uploads\/2024\/12\/Fluimac-Helios-AS-10-FX-Slangenpomp.png\",\"contentUrl\":\"https:\/\/dosingpump.shop\/wp-content\/uploads\/2024\/12\/Fluimac-Helios-AS-10-FX-Slangenpomp.png\",\"width\":500,\"height\":500},{\"@type\":\"BreadcrumbList\",\"@id\":\"https:\/\/dosingpump.shop\/de\/produkt\/fluimac-helios-as-15-fx-peristaltische-pumpe\/#breadcrumb\",\"itemListElement\":[{\"@type\":\"ListItem\",\"position\":1,\"name\":\"Home\",\"item\":\"https:\/\/dosingpump.shop\/\"},{\"@type\":\"ListItem\",\"position\":2,\"name\":\"Shop\",\"item\":\"https:\/\/dosingpump.shop\/de\/shop\/\"},{\"@type\":\"ListItem\",\"position\":3,\"name\":\"Fluimac Helios AS-15-FX slangenpomp\"}]},{\"@type\":\"WebSite\",\"@id\":\"https:\/\/dosingpump.shop\/de\/#website\",\"url\":\"https:\/\/dosingpump.shop\/de\/\",\"name\":\"Dosing Pump Shop B.V.\",\"description\":\"\",\"publisher\":{\"@id\":\"https:\/\/dosingpump.shop\/de\/#organization\"},\"potentialAction\":[{\"@type\":\"SearchAction\",\"target\":{\"@type\":\"EntryPoint\",\"urlTemplate\":\"https:\/\/dosingpump.shop\/de\/?s={search_term_string}\"},\"query-input\":{\"@type\":\"PropertyValueSpecification\",\"valueRequired\":true,\"valueName\":\"search_term_string\"}}],\"inLanguage\":\"fr-FR\"},{\"@type\":\"Organization\",\"@id\":\"https:\/\/dosingpump.shop\/de\/#organization\",\"name\":\"Dosing Pump Shop B.V.\",\"url\":\"https:\/\/dosingpump.shop\/de\/\",\"logo\":{\"@type\":\"ImageObject\",\"inLanguage\":\"fr-FR\",\"@id\":\"https:\/\/dosingpump.shop\/de\/#\/schema\/logo\/image\/\",\"url\":\"https:\/\/dosingpump.shop\/wp-content\/uploads\/2024\/10\/Dosing-Pump-Shop-logo.png\",\"contentUrl\":\"https:\/\/dosingpump.shop\/wp-content\/uploads\/2024\/10\/Dosing-Pump-Shop-logo.png\",\"width\":350,\"height\":45,\"caption\":\"Dosing Pump Shop B.V.\"},\"image\":{\"@id\":\"https:\/\/dosingpump.shop\/de\/#\/schema\/logo\/image\/\"},\"sameAs\":[\"https:\/\/linkedin.com\/company\/dosing-pump-shop\"]}]}<\/script>\n<meta property=\"product:price:amount\" content=\"1891.00\" \/>\n<meta property=\"product:price:currency\" content=\"EUR\" \/>\n<meta property=\"og:availability\" content=\"instock\" \/>\n<meta property=\"product:availability\" content=\"instock\" \/>\n<meta property=\"product:retailer_item_id\" content=\"AS-15-FX\" \/>\n<meta property=\"product:condition\" content=\"new\" \/>\n<!-- \/ Yoast SEO plugin. -->","yoast_head_json":{"title":"Pompe p\u00e9ristaltique Fluimac Helios AS-15-FX | Dosing Pump Shop B.V.","robots":{"index":"index","follow":"follow","max-snippet":"max-snippet:-1","max-image-preview":"max-image-preview:large","max-video-preview":"max-video-preview:-1"},"canonical":"https:\/\/dosingpump.shop\/fr\/produit\/pompe-peristaltique-fluimac-helios-as-15-fx\/","og_locale":"fr_FR","og_type":"article","og_title":"Fluimac Helios AS-15-FX slangenpomp | Dosing Pump Shop B.V.","og_description":"Maximale flow: 228 l\/h  Maximale druk: 1,5 bar  Geschikt voor uiteenlopende taken  Europees kwaliteitsproduct  Prijs op basis van Helios AS 15 FX met EPDM peristaltische slang en PVC slangkoppelingen.","og_url":"https:\/\/dosingpump.shop\/fr\/produit\/pompe-peristaltique-fluimac-helios-as-15-fx\/","og_site_name":"Dosing Pump Shop B.V.","article_modified_time":"2026-02-27T12:49:55+00:00","og_image":[{"width":500,"height":500,"url":"https:\/\/dosingpump.shop\/wp-content\/uploads\/2024\/12\/Fluimac-Helios-AS-10-FX-Slangenpomp.png","type":"image\/png"}],"twitter_card":"summary_large_image","twitter_misc":{"Prix":"&euro;1.891,00","Disponibilit\u00e9":"En stock"},"schema":{"@context":"https:\/\/schema.org","@graph":[{"@type":"WebPage","@id":"https:\/\/dosingpump.shop\/de\/produkt\/fluimac-helios-as-15-fx-peristaltische-pumpe\/","url":"https:\/\/dosingpump.shop\/de\/produkt\/fluimac-helios-as-15-fx-peristaltische-pumpe\/","name":"Pompe p\u00e9ristaltique Fluimac Helios AS-15-FX | Dosing Pump Shop B.V.","isPartOf":{"@id":"https:\/\/dosingpump.shop\/de\/#website"},"primaryImageOfPage":{"@id":"https:\/\/dosingpump.shop\/de\/produkt\/fluimac-helios-as-15-fx-peristaltische-pumpe\/#primaryimage"},"image":{"@id":"https:\/\/dosingpump.shop\/de\/produkt\/fluimac-helios-as-15-fx-peristaltische-pumpe\/#primaryimage"},"thumbnailUrl":"https:\/\/dosingpump.shop\/wp-content\/uploads\/2024\/12\/Fluimac-Helios-AS-10-FX-Slangenpomp.png","datePublished":"2024-12-05T12:24:13+00:00","dateModified":"2026-02-27T12:49:55+00:00","breadcrumb":{"@id":"https:\/\/dosingpump.shop\/de\/produkt\/fluimac-helios-as-15-fx-peristaltische-pumpe\/#breadcrumb"},"inLanguage":"fr-FR","potentialAction":[{"@type":"ReadAction","target":["https:\/\/dosingpump.shop\/de\/produkt\/fluimac-helios-as-15-fx-peristaltische-pumpe\/"]}]},{"@type":"ImageObject","inLanguage":"fr-FR","@id":"https:\/\/dosingpump.shop\/de\/produkt\/fluimac-helios-as-15-fx-peristaltische-pumpe\/#primaryimage","url":"https:\/\/dosingpump.shop\/wp-content\/uploads\/2024\/12\/Fluimac-Helios-AS-10-FX-Slangenpomp.png","contentUrl":"https:\/\/dosingpump.shop\/wp-content\/uploads\/2024\/12\/Fluimac-Helios-AS-10-FX-Slangenpomp.png","width":500,"height":500},{"@type":"BreadcrumbList","@id":"https:\/\/dosingpump.shop\/de\/produkt\/fluimac-helios-as-15-fx-peristaltische-pumpe\/#breadcrumb","itemListElement":[{"@type":"ListItem","position":1,"name":"Home","item":"https:\/\/dosingpump.shop\/"},{"@type":"ListItem","position":2,"name":"Shop","item":"https:\/\/dosingpump.shop\/de\/shop\/"},{"@type":"ListItem","position":3,"name":"Fluimac Helios AS-15-FX slangenpomp"}]},{"@type":"WebSite","@id":"https:\/\/dosingpump.shop\/de\/#website","url":"https:\/\/dosingpump.shop\/de\/","name":"Dosing Pump Shop B.V.","description":"","publisher":{"@id":"https:\/\/dosingpump.shop\/de\/#organization"},"potentialAction":[{"@type":"SearchAction","target":{"@type":"EntryPoint","urlTemplate":"https:\/\/dosingpump.shop\/de\/?s={search_term_string}"},"query-input":{"@type":"PropertyValueSpecification","valueRequired":true,"valueName":"search_term_string"}}],"inLanguage":"fr-FR"},{"@type":"Organization","@id":"https:\/\/dosingpump.shop\/de\/#organization","name":"Dosing Pump Shop B.V.","url":"https:\/\/dosingpump.shop\/de\/","logo":{"@type":"ImageObject","inLanguage":"fr-FR","@id":"https:\/\/dosingpump.shop\/de\/#\/schema\/logo\/image\/","url":"https:\/\/dosingpump.shop\/wp-content\/uploads\/2024\/10\/Dosing-Pump-Shop-logo.png","contentUrl":"https:\/\/dosingpump.shop\/wp-content\/uploads\/2024\/10\/Dosing-Pump-Shop-logo.png","width":350,"height":45,"caption":"Dosing Pump Shop B.V."},"image":{"@id":"https:\/\/dosingpump.shop\/de\/#\/schema\/logo\/image\/"},"sameAs":["https:\/\/linkedin.com\/company\/dosing-pump-shop"]}]},"product_price_amount":"1891.00","product_price_currency":"EUR","og_availability":"instock","product_availability":"instock","product_retailer_item_id":"AS-15-FX","product_condition":"new"},"_links":{"self":[{"href":"https:\/\/dosingpump.shop\/fr\/wp-json\/wp\/v2\/product\/4989","targetHints":{"allow":["GET"]}}],"collection":[{"href":"https:\/\/dosingpump.shop\/fr\/wp-json\/wp\/v2\/product"}],"about":[{"href":"https:\/\/dosingpump.shop\/fr\/wp-json\/wp\/v2\/types\/product"}],"wp:featuredmedia":[{"embeddable":true,"href":"https:\/\/dosingpump.shop\/fr\/wp-json\/wp\/v2\/media\/7050"}],"wp:attachment":[{"href":"https:\/\/dosingpump.shop\/fr\/wp-json\/wp\/v2\/media?parent=4989"}],"wp:term":[{"taxonomy":"product_brand","embeddable":true,"href":"https:\/\/dosingpump.shop\/fr\/wp-json\/wp\/v2\/product_brand?post=4989"},{"taxonomy":"product_cat","embeddable":true,"href":"https:\/\/dosingpump.shop\/fr\/wp-json\/wp\/v2\/product_cat?post=4989"},{"taxonomy":"product_tag","embeddable":true,"href":"https:\/\/dosingpump.shop\/fr\/wp-json\/wp\/v2\/product_tag?post=4989"}],"curies":[{"name":"wp","href":"https:\/\/api.w.org\/{rel}","templated":true}]}}