{"id":5002,"date":"2024-12-05T12:24:27","date_gmt":"2024-12-05T12:24:27","guid":{"rendered":"https:\/\/dosingpump.shop\/product\/fluimac-helios-as-15-ix-slangenpomp\/"},"modified":"2026-02-27T14:49:55","modified_gmt":"2026-02-27T12:49:55","slug":"pompe-peristaltique-fluimac-helios-as-15-ix","status":"publish","type":"product","link":"https:\/\/dosingpump.shop\/fr\/product\/fluimac-helios-as-15-ix-slangenpomp\/","title":{"rendered":"Pompe p\u00e9ristaltique Fluimac Helios AS-15-IX"},"content":{"rendered":"<p data-start=\"184\" data-end=\"1389\">L'Helios AS 15 IX est une pompe p\u00e9ristaltique industrielle sp\u00e9cialement con\u00e7ue pour les applications o\u00f9 la pr\u00e9cision et le contr\u00f4le \u00e0 distance sont essentiels. \u00c9quip\u00e9e d'un convertisseur de fr\u00e9quence int\u00e9gr\u00e9 qui peut \u00eatre contr\u00f4l\u00e9 par un signal 4-20 mA, cette pompe p\u00e9ristaltique offre un dosage flexible et pr\u00e9cis. Avec un fonctionnement auto-amor\u00e7ant jusqu'\u00e0 6 m\u00e8tres et la possibilit\u00e9 de fonctionner \u00e0 sec, la pompe est particuli\u00e8rement adapt\u00e9e aux processus industriels exigeants o\u00f9 la fiabilit\u00e9 et la facilit\u00e9 d'entretien sont essentielles. L'AS 15 IX est disponible avec diff\u00e9rents rapports, chacun permettant une largeur de bande de d\u00e9bit sp\u00e9cifique. Cette structure permet d'adapter pr\u00e9cis\u00e9ment la pompe \u00e0 l'application. De plus, la pompe Helios est disponible avec diff\u00e9rents mat\u00e9riaux de tuyaux, y compris des options de s\u00e9curit\u00e9 alimentaire, de sorte que le secteur alimentaire peut \u00e9galement \u00eatre desservi. La pompe est dot\u00e9e d'un bo\u00eetier robuste en alliage d'aluminium et de composants de haute qualit\u00e9 en standard, notamment des raccords de tuyaux en acier inoxydable. Une version ATEX est disponible pour les applications dans des environnements explosifs. La pompe Helios AS 15 IX allie la qualit\u00e9 europ\u00e9enne \u00e0 la flexibilit\u00e9 et est rapidement disponible.<\/p>","protected":false},"excerpt":{"rendered":"<ul>\n<li>D\u00e9bit maximal : 221 l\/h<\/li>\n<li>Pression maximale : 1,5 bar<\/li>\n<li>D\u00e9bit r\u00e9glable manuellement<\/li>\n<\/ul>\n<p>Prix bas\u00e9 sur Helios AS 15 IX avec tuyau p\u00e9ristaltique en EPDM et raccords de tuyau en PVC.<\/p>","protected":false},"featured_media":7052,"template":"","meta":[],"product_brand":[],"product_cat":[266,26],"product_tag":[],"class_list":{"0":"post-5002","1":"product","2":"type-product","3":"status-publish","4":"has-post-thumbnail","6":"product_cat-fluimac-slangenpompen","7":"product_cat-slangenpompen","9":"first","10":"instock","11":"taxable","12":"shipping-taxable","13":"purchasable","14":"product-type-simple"},"yoast_head":"<!-- This site is optimized with the Yoast SEO plugin v27.2 - https:\/\/yoast.com\/product\/yoast-seo-wordpress\/ -->\n<title>Fluimac Helios AS-15-IX slangenpomp | Dosing Pump Shop B.V.<\/title>\n<meta name=\"robots\" content=\"index, follow, max-snippet:-1, max-image-preview:large, max-video-preview:-1\" \/>\n<link rel=\"canonical\" href=\"https:\/\/dosingpump.shop\/fr\/produit\/pompe-peristaltique-fluimac-helios-as-15-ix\/\" \/>\n<meta property=\"og:locale\" content=\"fr_FR\" \/>\n<meta property=\"og:type\" content=\"article\" \/>\n<meta property=\"og:title\" content=\"Fluimac Helios AS-15-IX slangenpomp | Dosing Pump Shop B.V.\" \/>\n<meta property=\"og:description\" content=\"Maximale flow: 221 l\/h  Maximale druk: 1,5 bar  Handmatig instelbare flow  Prijs op basis van Helios AS 15 IX met EPDM peristaltische slang en PVC slangkoppelingen.\" \/>\n<meta property=\"og:url\" content=\"https:\/\/dosingpump.shop\/fr\/produit\/pompe-peristaltique-fluimac-helios-as-15-ix\/\" \/>\n<meta property=\"og:site_name\" content=\"Dosing Pump Shop B.V.\" \/>\n<meta property=\"article:modified_time\" content=\"2026-02-27T12:49:55+00:00\" \/>\n<meta property=\"og:image\" content=\"https:\/\/dosingpump.shop\/wp-content\/uploads\/2024\/12\/Fluimac-Helios-AS-10-IX-slangenpomp.png\" \/>\n\t<meta property=\"og:image:width\" content=\"500\" \/>\n\t<meta property=\"og:image:height\" content=\"500\" \/>\n\t<meta property=\"og:image:type\" content=\"image\/png\" \/>\n<meta name=\"twitter:card\" content=\"summary_large_image\" \/>\n<meta name=\"twitter:label1\" content=\"Prix\" \/>\n\t<meta name=\"twitter:data1\" content=\"&euro;4.207,00\" \/>\n\t<meta name=\"twitter:label2\" content=\"Disponibilit\u00e9\" \/>\n\t<meta name=\"twitter:data2\" content=\"En stock\" \/>\n<script type=\"application\/ld+json\" class=\"yoast-schema-graph\">{\"@context\":\"https:\/\/schema.org\",\"@graph\":[{\"@type\":\"WebPage\",\"@id\":\"https:\/\/dosingpump.shop\/ro\/produs-2\/pompa-peristaltica-fluimac-helios-as-15-ix\/\",\"url\":\"https:\/\/dosingpump.shop\/ro\/produs-2\/pompa-peristaltica-fluimac-helios-as-15-ix\/\",\"name\":\"Fluimac Helios AS-15-IX slangenpomp | Dosing Pump Shop B.V.\",\"isPartOf\":{\"@id\":\"https:\/\/dosingpump.shop\/de\/#website\"},\"primaryImageOfPage\":{\"@id\":\"https:\/\/dosingpump.shop\/ro\/produs-2\/pompa-peristaltica-fluimac-helios-as-15-ix\/#primaryimage\"},\"image\":{\"@id\":\"https:\/\/dosingpump.shop\/ro\/produs-2\/pompa-peristaltica-fluimac-helios-as-15-ix\/#primaryimage\"},\"thumbnailUrl\":\"https:\/\/dosingpump.shop\/wp-content\/uploads\/2024\/12\/Fluimac-Helios-AS-10-IX-slangenpomp.png\",\"datePublished\":\"2024-12-05T12:24:27+00:00\",\"dateModified\":\"2026-02-27T12:49:55+00:00\",\"breadcrumb\":{\"@id\":\"https:\/\/dosingpump.shop\/ro\/produs-2\/pompa-peristaltica-fluimac-helios-as-15-ix\/#breadcrumb\"},\"inLanguage\":\"fr-FR\",\"potentialAction\":[{\"@type\":\"ReadAction\",\"target\":[\"https:\/\/dosingpump.shop\/ro\/produs-2\/pompa-peristaltica-fluimac-helios-as-15-ix\/\"]}]},{\"@type\":\"ImageObject\",\"inLanguage\":\"fr-FR\",\"@id\":\"https:\/\/dosingpump.shop\/ro\/produs-2\/pompa-peristaltica-fluimac-helios-as-15-ix\/#primaryimage\",\"url\":\"https:\/\/dosingpump.shop\/wp-content\/uploads\/2024\/12\/Fluimac-Helios-AS-10-IX-slangenpomp.png\",\"contentUrl\":\"https:\/\/dosingpump.shop\/wp-content\/uploads\/2024\/12\/Fluimac-Helios-AS-10-IX-slangenpomp.png\",\"width\":500,\"height\":500},{\"@type\":\"BreadcrumbList\",\"@id\":\"https:\/\/dosingpump.shop\/ro\/produs-2\/pompa-peristaltica-fluimac-helios-as-15-ix\/#breadcrumb\",\"itemListElement\":[{\"@type\":\"ListItem\",\"position\":1,\"name\":\"Home\",\"item\":\"https:\/\/dosingpump.shop\/\"},{\"@type\":\"ListItem\",\"position\":2,\"name\":\"Shop\",\"item\":\"https:\/\/dosingpump.shop\/de\/shop\/\"},{\"@type\":\"ListItem\",\"position\":3,\"name\":\"Fluimac Helios AS-15-IX slangenpomp\"}]},{\"@type\":\"WebSite\",\"@id\":\"https:\/\/dosingpump.shop\/de\/#website\",\"url\":\"https:\/\/dosingpump.shop\/de\/\",\"name\":\"Dosing Pump Shop B.V.\",\"description\":\"\",\"publisher\":{\"@id\":\"https:\/\/dosingpump.shop\/de\/#organization\"},\"potentialAction\":[{\"@type\":\"SearchAction\",\"target\":{\"@type\":\"EntryPoint\",\"urlTemplate\":\"https:\/\/dosingpump.shop\/de\/?s={search_term_string}\"},\"query-input\":{\"@type\":\"PropertyValueSpecification\",\"valueRequired\":true,\"valueName\":\"search_term_string\"}}],\"inLanguage\":\"fr-FR\"},{\"@type\":\"Organization\",\"@id\":\"https:\/\/dosingpump.shop\/de\/#organization\",\"name\":\"Dosing Pump Shop B.V.\",\"url\":\"https:\/\/dosingpump.shop\/de\/\",\"logo\":{\"@type\":\"ImageObject\",\"inLanguage\":\"fr-FR\",\"@id\":\"https:\/\/dosingpump.shop\/de\/#\/schema\/logo\/image\/\",\"url\":\"https:\/\/dosingpump.shop\/wp-content\/uploads\/2024\/10\/Dosing-Pump-Shop-logo.png\",\"contentUrl\":\"https:\/\/dosingpump.shop\/wp-content\/uploads\/2024\/10\/Dosing-Pump-Shop-logo.png\",\"width\":350,\"height\":45,\"caption\":\"Dosing Pump Shop B.V.\"},\"image\":{\"@id\":\"https:\/\/dosingpump.shop\/de\/#\/schema\/logo\/image\/\"},\"sameAs\":[\"https:\/\/linkedin.com\/company\/dosing-pump-shop\"]}]}<\/script>\n<meta property=\"product:price:amount\" content=\"4207.00\" \/>\n<meta property=\"product:price:currency\" content=\"EUR\" \/>\n<meta property=\"og:availability\" content=\"instock\" \/>\n<meta property=\"product:availability\" content=\"instock\" \/>\n<meta property=\"product:retailer_item_id\" content=\"AS-15-IX\" \/>\n<meta property=\"product:condition\" content=\"new\" \/>\n<!-- \/ Yoast SEO plugin. -->","yoast_head_json":{"title":"Pompe p\u00e9ristaltique Fluimac Helios AS-15-IX | Dosing Pump Shop B.V.","robots":{"index":"index","follow":"follow","max-snippet":"max-snippet:-1","max-image-preview":"max-image-preview:large","max-video-preview":"max-video-preview:-1"},"canonical":"https:\/\/dosingpump.shop\/fr\/produit\/pompe-peristaltique-fluimac-helios-as-15-ix\/","og_locale":"fr_FR","og_type":"article","og_title":"Fluimac Helios AS-15-IX slangenpomp | Dosing Pump Shop B.V.","og_description":"Maximale flow: 221 l\/h  Maximale druk: 1,5 bar  Handmatig instelbare flow  Prijs op basis van Helios AS 15 IX met EPDM peristaltische slang en PVC slangkoppelingen.","og_url":"https:\/\/dosingpump.shop\/fr\/produit\/pompe-peristaltique-fluimac-helios-as-15-ix\/","og_site_name":"Dosing Pump Shop B.V.","article_modified_time":"2026-02-27T12:49:55+00:00","og_image":[{"width":500,"height":500,"url":"https:\/\/dosingpump.shop\/wp-content\/uploads\/2024\/12\/Fluimac-Helios-AS-10-IX-slangenpomp.png","type":"image\/png"}],"twitter_card":"summary_large_image","twitter_misc":{"Prix":"&euro;4.207,00","Disponibilit\u00e9":"En stock"},"schema":{"@context":"https:\/\/schema.org","@graph":[{"@type":"WebPage","@id":"https:\/\/dosingpump.shop\/ro\/produs-2\/pompa-peristaltica-fluimac-helios-as-15-ix\/","url":"https:\/\/dosingpump.shop\/ro\/produs-2\/pompa-peristaltica-fluimac-helios-as-15-ix\/","name":"Pompe p\u00e9ristaltique Fluimac Helios AS-15-IX | Dosing Pump Shop B.V.","isPartOf":{"@id":"https:\/\/dosingpump.shop\/de\/#website"},"primaryImageOfPage":{"@id":"https:\/\/dosingpump.shop\/ro\/produs-2\/pompa-peristaltica-fluimac-helios-as-15-ix\/#primaryimage"},"image":{"@id":"https:\/\/dosingpump.shop\/ro\/produs-2\/pompa-peristaltica-fluimac-helios-as-15-ix\/#primaryimage"},"thumbnailUrl":"https:\/\/dosingpump.shop\/wp-content\/uploads\/2024\/12\/Fluimac-Helios-AS-10-IX-slangenpomp.png","datePublished":"2024-12-05T12:24:27+00:00","dateModified":"2026-02-27T12:49:55+00:00","breadcrumb":{"@id":"https:\/\/dosingpump.shop\/ro\/produs-2\/pompa-peristaltica-fluimac-helios-as-15-ix\/#breadcrumb"},"inLanguage":"fr-FR","potentialAction":[{"@type":"ReadAction","target":["https:\/\/dosingpump.shop\/ro\/produs-2\/pompa-peristaltica-fluimac-helios-as-15-ix\/"]}]},{"@type":"ImageObject","inLanguage":"fr-FR","@id":"https:\/\/dosingpump.shop\/ro\/produs-2\/pompa-peristaltica-fluimac-helios-as-15-ix\/#primaryimage","url":"https:\/\/dosingpump.shop\/wp-content\/uploads\/2024\/12\/Fluimac-Helios-AS-10-IX-slangenpomp.png","contentUrl":"https:\/\/dosingpump.shop\/wp-content\/uploads\/2024\/12\/Fluimac-Helios-AS-10-IX-slangenpomp.png","width":500,"height":500},{"@type":"BreadcrumbList","@id":"https:\/\/dosingpump.shop\/ro\/produs-2\/pompa-peristaltica-fluimac-helios-as-15-ix\/#breadcrumb","itemListElement":[{"@type":"ListItem","position":1,"name":"Home","item":"https:\/\/dosingpump.shop\/"},{"@type":"ListItem","position":2,"name":"Shop","item":"https:\/\/dosingpump.shop\/de\/shop\/"},{"@type":"ListItem","position":3,"name":"Fluimac Helios AS-15-IX slangenpomp"}]},{"@type":"WebSite","@id":"https:\/\/dosingpump.shop\/de\/#website","url":"https:\/\/dosingpump.shop\/de\/","name":"Dosing Pump Shop B.V.","description":"","publisher":{"@id":"https:\/\/dosingpump.shop\/de\/#organization"},"potentialAction":[{"@type":"SearchAction","target":{"@type":"EntryPoint","urlTemplate":"https:\/\/dosingpump.shop\/de\/?s={search_term_string}"},"query-input":{"@type":"PropertyValueSpecification","valueRequired":true,"valueName":"search_term_string"}}],"inLanguage":"fr-FR"},{"@type":"Organization","@id":"https:\/\/dosingpump.shop\/de\/#organization","name":"Dosing Pump Shop B.V.","url":"https:\/\/dosingpump.shop\/de\/","logo":{"@type":"ImageObject","inLanguage":"fr-FR","@id":"https:\/\/dosingpump.shop\/de\/#\/schema\/logo\/image\/","url":"https:\/\/dosingpump.shop\/wp-content\/uploads\/2024\/10\/Dosing-Pump-Shop-logo.png","contentUrl":"https:\/\/dosingpump.shop\/wp-content\/uploads\/2024\/10\/Dosing-Pump-Shop-logo.png","width":350,"height":45,"caption":"Dosing Pump Shop B.V."},"image":{"@id":"https:\/\/dosingpump.shop\/de\/#\/schema\/logo\/image\/"},"sameAs":["https:\/\/linkedin.com\/company\/dosing-pump-shop"]}]},"product_price_amount":"4207.00","product_price_currency":"EUR","og_availability":"instock","product_availability":"instock","product_retailer_item_id":"AS-15-IX","product_condition":"new"},"_links":{"self":[{"href":"https:\/\/dosingpump.shop\/fr\/wp-json\/wp\/v2\/product\/5002","targetHints":{"allow":["GET"]}}],"collection":[{"href":"https:\/\/dosingpump.shop\/fr\/wp-json\/wp\/v2\/product"}],"about":[{"href":"https:\/\/dosingpump.shop\/fr\/wp-json\/wp\/v2\/types\/product"}],"wp:featuredmedia":[{"embeddable":true,"href":"https:\/\/dosingpump.shop\/fr\/wp-json\/wp\/v2\/media\/7052"}],"wp:attachment":[{"href":"https:\/\/dosingpump.shop\/fr\/wp-json\/wp\/v2\/media?parent=5002"}],"wp:term":[{"taxonomy":"product_brand","embeddable":true,"href":"https:\/\/dosingpump.shop\/fr\/wp-json\/wp\/v2\/product_brand?post=5002"},{"taxonomy":"product_cat","embeddable":true,"href":"https:\/\/dosingpump.shop\/fr\/wp-json\/wp\/v2\/product_cat?post=5002"},{"taxonomy":"product_tag","embeddable":true,"href":"https:\/\/dosingpump.shop\/fr\/wp-json\/wp\/v2\/product_tag?post=5002"}],"curies":[{"name":"wp","href":"https:\/\/api.w.org\/{rel}","templated":true}]}}