{"id":6219,"date":"2025-01-22T10:37:17","date_gmt":"2025-01-22T10:37:17","guid":{"rendered":"https:\/\/dosingpump.shop\/product\/doseerinstallatie-voor-fosforzuur-50-orthofosforzuur\/"},"modified":"2026-02-27T14:50:09","modified_gmt":"2026-02-27T12:50:09","slug":"unite-de-dosage-pour-lacide-phosphorique-50-acide-orthophosphorique","status":"publish","type":"product","link":"https:\/\/dosingpump.shop\/fr\/product\/doseerinstallatie-voor-fosforzuur-50-orthofosforzuur\/","title":{"rendered":"Unit\u00e9 de dosage pour l'acide phosphorique, 50% (acide orthophosphorique)"},"content":{"rendered":"<h3>Doseur d'acide phosphorique, 50% (acide orthophosphorique) - 50 Litres<\/h3>\n<p>Avec ce syst\u00e8me de dosage pour l'acide phosphorique, 50% (acide orthophosphorique) (H3PO4), vous avez tout ce qu'il faut pour un dosage s\u00fbr et efficace de l'acide phosphorique, 50% (acide orthophosphorique). Bien entendu, nous avons pens\u00e9 \u00e0 la r\u00e9sistance chimique afin que les diff\u00e9rents composants durent tr\u00e8s longtemps.<\/p>\n<p>La capacit\u00e9 du r\u00e9servoir est de 50 litres en standard. Le r\u00e9servoir est \u00e9quip\u00e9 d'une lance d'aspiration qui est reli\u00e9e \u00e0 la pompe doseuse. La lance d'aspiration est \u00e9quip\u00e9e d'un contact de niveau qui arr\u00eate la pompe lorsque le r\u00e9servoir est vide. Ce syst\u00e8me est pratique car il emp\u00eache l'air de p\u00e9n\u00e9trer dans les tuyaux. La pompe doseuse peut \u00eatre mont\u00e9e sur le r\u00e9servoir. Les composants de ce syst\u00e8me sont fournis s\u00e9par\u00e9ment. Le montage est facile et nous pouvons bien s\u00fbr vous aider \u00e0 le r\u00e9aliser.<\/p>\n<h3>Contenu Unit\u00e9 de dosage pour Acide phosphorique, 50% (acide orthophosphorique)<\/h3>\n<ul>\n<li>R\u00e9servoir de 50 litres adapt\u00e9 \u00e0 l'acide phosphorique, 50% (acide orthophosphorique).<\/li>\n<li>Pompe doseuse Emec K CL PLUS 08-08 (8 L\/h - 8 Bar) avec longueur de course et fr\u00e9quence r\u00e9glables.<\/li>\n<li>lance d'aspiration avec contr\u00f4le de niveau<\/li>\n<li>Soupape d'injection et tuyau de dosage<\/li>\n<\/ul>\n<p>Pour ce syst\u00e8me de dosage de chlore <b>facultatif<\/b> disponible :<\/p>\n<ul>\n<li>R\u00e9servoir plus grand disponible \u00e0 partir de : 100, 200, 500 ou 1 000 litres<\/li>\n<li>Capacit\u00e9 jusqu'\u00e0 80 litres par heure, pour les pompes plac\u00e9es directement sur le r\u00e9servoir<\/li>\n<li>Capacit\u00e9 jusqu'\u00e0 1 000 litres par heure, pour les pompes plac\u00e9es contre un mur au-dessus du r\u00e9servoir<\/li>\n<li>Contr\u00f4le 4-20 mA<\/li>\n<li>Pompe de remplissage du r\u00e9servoir<\/li>\n<li>Agitateur (manuel ou automatique)<\/li>\n<li>Bac de r\u00e9cup\u00e9ration appropri\u00e9<\/li>\n<li>Livraison enti\u00e8rement assembl\u00e9e<\/li>\n<\/ul>","protected":false},"excerpt":{"rendered":"<p>Syst\u00e8me de dosage complet pour l'acide phosphorique, 50% (acide orthophosphorique) comprenant un r\u00e9servoir, une lance d'aspiration et une pompe doseuse. Capacit\u00e9 de 50 litres.<\/p>","protected":false},"featured_media":4432,"template":"","meta":[],"product_brand":[],"product_cat":[123],"product_tag":[],"class_list":{"0":"post-6219","1":"product","2":"type-product","3":"status-publish","4":"has-post-thumbnail","6":"product_cat-doseerinstallaties-voor-chemicalien","8":"first","9":"instock","10":"taxable","11":"shipping-taxable","12":"purchasable","13":"product-type-simple"},"yoast_head":"<!-- This site is optimized with the Yoast SEO plugin v27.2 - https:\/\/yoast.com\/product\/yoast-seo-wordpress\/ -->\n<title>Doseerinstallatie voor Fosforzuur, 50% (orthofosforzuur) - Dosing Pump Shop B.V.<\/title>\n<meta name=\"description\" content=\"Complete Doseerinstallatie voor Fosforzuur, 50% (orthofosforzuur) incl. tank, aanzuiglans en doseerpomp. Inhoud: 50 liter.\" \/>\n<meta name=\"robots\" content=\"index, follow, max-snippet:-1, max-image-preview:large, max-video-preview:-1\" \/>\n<link rel=\"canonical\" href=\"https:\/\/dosingpump.shop\/fr\/produit\/unite-de-dosage-pour-lacide-phosphorique-50-acide-orthophosphorique\/\" \/>\n<meta property=\"og:locale\" content=\"fr_FR\" \/>\n<meta property=\"og:type\" content=\"article\" \/>\n<meta property=\"og:title\" content=\"Doseerinstallatie voor Fosforzuur, 50% (orthofosforzuur) - Dosing Pump Shop B.V.\" \/>\n<meta property=\"og:description\" content=\"Complete Doseerinstallatie voor Fosforzuur, 50% (orthofosforzuur) incl. tank, aanzuiglans en doseerpomp. Inhoud: 50 liter.\" \/>\n<meta property=\"og:url\" content=\"https:\/\/dosingpump.shop\/fr\/produit\/unite-de-dosage-pour-lacide-phosphorique-50-acide-orthophosphorique\/\" \/>\n<meta property=\"og:site_name\" content=\"Dosing Pump Shop B.V.\" \/>\n<meta property=\"article:modified_time\" content=\"2026-02-27T12:50:09+00:00\" \/>\n<meta property=\"og:image\" content=\"https:\/\/dosingpump.shop\/wp-content\/uploads\/2024\/12\/waterstofperoxide-doseerinstallatie.webp\" \/>\n\t<meta property=\"og:image:width\" content=\"500\" \/>\n\t<meta property=\"og:image:height\" content=\"500\" \/>\n\t<meta property=\"og:image:type\" content=\"image\/webp\" \/>\n<meta name=\"twitter:card\" content=\"summary_large_image\" \/>\n<meta name=\"twitter:label1\" content=\"Prix\" \/>\n\t<meta name=\"twitter:data1\" content=\"&euro;757,00\" \/>\n\t<meta name=\"twitter:label2\" content=\"Disponibilit\u00e9\" \/>\n\t<meta name=\"twitter:data2\" content=\"En stock\" \/>\n<script type=\"application\/ld+json\" class=\"yoast-schema-graph\">{\"@context\":\"https:\/\/schema.org\",\"@graph\":[{\"@type\":\"WebPage\",\"@id\":\"https:\/\/dosingpump.shop\/fi\/tuote\/fosforihapon-50-ortofosforihapon-annosteluyksikko\/\",\"url\":\"https:\/\/dosingpump.shop\/fi\/tuote\/fosforihapon-50-ortofosforihapon-annosteluyksikko\/\",\"name\":\"Doseerinstallatie voor Fosforzuur, 50% (orthofosforzuur) - Dosing Pump Shop B.V.\",\"isPartOf\":{\"@id\":\"https:\/\/dosingpump.shop\/de\/#website\"},\"primaryImageOfPage\":{\"@id\":\"https:\/\/dosingpump.shop\/fi\/tuote\/fosforihapon-50-ortofosforihapon-annosteluyksikko\/#primaryimage\"},\"image\":{\"@id\":\"https:\/\/dosingpump.shop\/fi\/tuote\/fosforihapon-50-ortofosforihapon-annosteluyksikko\/#primaryimage\"},\"thumbnailUrl\":\"https:\/\/dosingpump.shop\/wp-content\/uploads\/2024\/12\/waterstofperoxide-doseerinstallatie.webp\",\"datePublished\":\"2025-01-22T10:37:17+00:00\",\"dateModified\":\"2026-02-27T12:50:09+00:00\",\"description\":\"Complete Doseerinstallatie voor Fosforzuur, 50% (orthofosforzuur) incl. tank, aanzuiglans en doseerpomp. Inhoud: 50 liter.\",\"breadcrumb\":{\"@id\":\"https:\/\/dosingpump.shop\/fi\/tuote\/fosforihapon-50-ortofosforihapon-annosteluyksikko\/#breadcrumb\"},\"inLanguage\":\"fr-FR\",\"potentialAction\":[{\"@type\":\"ReadAction\",\"target\":[\"https:\/\/dosingpump.shop\/fi\/tuote\/fosforihapon-50-ortofosforihapon-annosteluyksikko\/\"]}]},{\"@type\":\"ImageObject\",\"inLanguage\":\"fr-FR\",\"@id\":\"https:\/\/dosingpump.shop\/fi\/tuote\/fosforihapon-50-ortofosforihapon-annosteluyksikko\/#primaryimage\",\"url\":\"https:\/\/dosingpump.shop\/wp-content\/uploads\/2024\/12\/waterstofperoxide-doseerinstallatie.webp\",\"contentUrl\":\"https:\/\/dosingpump.shop\/wp-content\/uploads\/2024\/12\/waterstofperoxide-doseerinstallatie.webp\",\"width\":500,\"height\":500},{\"@type\":\"BreadcrumbList\",\"@id\":\"https:\/\/dosingpump.shop\/fi\/tuote\/fosforihapon-50-ortofosforihapon-annosteluyksikko\/#breadcrumb\",\"itemListElement\":[{\"@type\":\"ListItem\",\"position\":1,\"name\":\"Home\",\"item\":\"https:\/\/dosingpump.shop\/\"},{\"@type\":\"ListItem\",\"position\":2,\"name\":\"Shop\",\"item\":\"https:\/\/dosingpump.shop\/de\/shop\/\"},{\"@type\":\"ListItem\",\"position\":3,\"name\":\"Doseerinstallatie voor Fosforzuur, 50% (orthofosforzuur)\"}]},{\"@type\":\"WebSite\",\"@id\":\"https:\/\/dosingpump.shop\/de\/#website\",\"url\":\"https:\/\/dosingpump.shop\/de\/\",\"name\":\"Dosing Pump Shop B.V.\",\"description\":\"\",\"publisher\":{\"@id\":\"https:\/\/dosingpump.shop\/de\/#organization\"},\"potentialAction\":[{\"@type\":\"SearchAction\",\"target\":{\"@type\":\"EntryPoint\",\"urlTemplate\":\"https:\/\/dosingpump.shop\/de\/?s={search_term_string}\"},\"query-input\":{\"@type\":\"PropertyValueSpecification\",\"valueRequired\":true,\"valueName\":\"search_term_string\"}}],\"inLanguage\":\"fr-FR\"},{\"@type\":\"Organization\",\"@id\":\"https:\/\/dosingpump.shop\/de\/#organization\",\"name\":\"Dosing Pump Shop B.V.\",\"url\":\"https:\/\/dosingpump.shop\/de\/\",\"logo\":{\"@type\":\"ImageObject\",\"inLanguage\":\"fr-FR\",\"@id\":\"https:\/\/dosingpump.shop\/de\/#\/schema\/logo\/image\/\",\"url\":\"https:\/\/dosingpump.shop\/wp-content\/uploads\/2024\/10\/Dosing-Pump-Shop-logo.png\",\"contentUrl\":\"https:\/\/dosingpump.shop\/wp-content\/uploads\/2024\/10\/Dosing-Pump-Shop-logo.png\",\"width\":350,\"height\":45,\"caption\":\"Dosing Pump Shop B.V.\"},\"image\":{\"@id\":\"https:\/\/dosingpump.shop\/de\/#\/schema\/logo\/image\/\"},\"sameAs\":[\"https:\/\/linkedin.com\/company\/dosing-pump-shop\"]}]}<\/script>\n<meta property=\"product:price:amount\" content=\"757.00\" \/>\n<meta property=\"product:price:currency\" content=\"EUR\" \/>\n<meta property=\"og:availability\" content=\"instock\" \/>\n<meta property=\"product:availability\" content=\"instock\" \/>\n<meta property=\"product:retailer_item_id\" content=\"doseerinstalatie-Fosforzuur, 50% (orthofosforzuur)\" \/>\n<meta property=\"product:condition\" content=\"new\" \/>\n<!-- \/ Yoast SEO plugin. -->","yoast_head_json":{"title":"Unit\u00e9 de dosage pour Acide phosphorique, 50% (acide orthophosphorique) - Dosing Pump Shop B.V.","description":"Installation de dosage compl\u00e8te pour l'acide phosphorique, 50% (acide orthophosphorique) comprenant un r\u00e9servoir, une lance d'aspiration et une pompe doseuse. Capacit\u00e9 : 50 litres.","robots":{"index":"index","follow":"follow","max-snippet":"max-snippet:-1","max-image-preview":"max-image-preview:large","max-video-preview":"max-video-preview:-1"},"canonical":"https:\/\/dosingpump.shop\/fr\/produit\/unite-de-dosage-pour-lacide-phosphorique-50-acide-orthophosphorique\/","og_locale":"fr_FR","og_type":"article","og_title":"Doseerinstallatie voor Fosforzuur, 50% (orthofosforzuur) - Dosing Pump Shop B.V.","og_description":"Complete Doseerinstallatie voor Fosforzuur, 50% (orthofosforzuur) incl. tank, aanzuiglans en doseerpomp. Inhoud: 50 liter.","og_url":"https:\/\/dosingpump.shop\/fr\/produit\/unite-de-dosage-pour-lacide-phosphorique-50-acide-orthophosphorique\/","og_site_name":"Dosing Pump Shop B.V.","article_modified_time":"2026-02-27T12:50:09+00:00","og_image":[{"width":500,"height":500,"url":"https:\/\/dosingpump.shop\/wp-content\/uploads\/2024\/12\/waterstofperoxide-doseerinstallatie.webp","type":"image\/webp"}],"twitter_card":"summary_large_image","twitter_misc":{"Prix":"&euro;757,00","Disponibilit\u00e9":"En stock"},"schema":{"@context":"https:\/\/schema.org","@graph":[{"@type":"WebPage","@id":"https:\/\/dosingpump.shop\/fi\/tuote\/fosforihapon-50-ortofosforihapon-annosteluyksikko\/","url":"https:\/\/dosingpump.shop\/fi\/tuote\/fosforihapon-50-ortofosforihapon-annosteluyksikko\/","name":"Unit\u00e9 de dosage pour Acide phosphorique, 50% (acide orthophosphorique) - Dosing Pump Shop B.V.","isPartOf":{"@id":"https:\/\/dosingpump.shop\/de\/#website"},"primaryImageOfPage":{"@id":"https:\/\/dosingpump.shop\/fi\/tuote\/fosforihapon-50-ortofosforihapon-annosteluyksikko\/#primaryimage"},"image":{"@id":"https:\/\/dosingpump.shop\/fi\/tuote\/fosforihapon-50-ortofosforihapon-annosteluyksikko\/#primaryimage"},"thumbnailUrl":"https:\/\/dosingpump.shop\/wp-content\/uploads\/2024\/12\/waterstofperoxide-doseerinstallatie.webp","datePublished":"2025-01-22T10:37:17+00:00","dateModified":"2026-02-27T12:50:09+00:00","description":"Installation de dosage compl\u00e8te pour l'acide phosphorique, 50% (acide orthophosphorique) comprenant un r\u00e9servoir, une lance d'aspiration et une pompe doseuse. Capacit\u00e9 : 50 litres.","breadcrumb":{"@id":"https:\/\/dosingpump.shop\/fi\/tuote\/fosforihapon-50-ortofosforihapon-annosteluyksikko\/#breadcrumb"},"inLanguage":"fr-FR","potentialAction":[{"@type":"ReadAction","target":["https:\/\/dosingpump.shop\/fi\/tuote\/fosforihapon-50-ortofosforihapon-annosteluyksikko\/"]}]},{"@type":"ImageObject","inLanguage":"fr-FR","@id":"https:\/\/dosingpump.shop\/fi\/tuote\/fosforihapon-50-ortofosforihapon-annosteluyksikko\/#primaryimage","url":"https:\/\/dosingpump.shop\/wp-content\/uploads\/2024\/12\/waterstofperoxide-doseerinstallatie.webp","contentUrl":"https:\/\/dosingpump.shop\/wp-content\/uploads\/2024\/12\/waterstofperoxide-doseerinstallatie.webp","width":500,"height":500},{"@type":"BreadcrumbList","@id":"https:\/\/dosingpump.shop\/fi\/tuote\/fosforihapon-50-ortofosforihapon-annosteluyksikko\/#breadcrumb","itemListElement":[{"@type":"ListItem","position":1,"name":"Home","item":"https:\/\/dosingpump.shop\/"},{"@type":"ListItem","position":2,"name":"Shop","item":"https:\/\/dosingpump.shop\/de\/shop\/"},{"@type":"ListItem","position":3,"name":"Doseerinstallatie voor Fosforzuur, 50% (orthofosforzuur)"}]},{"@type":"WebSite","@id":"https:\/\/dosingpump.shop\/de\/#website","url":"https:\/\/dosingpump.shop\/de\/","name":"Dosing Pump Shop B.V.","description":"","publisher":{"@id":"https:\/\/dosingpump.shop\/de\/#organization"},"potentialAction":[{"@type":"SearchAction","target":{"@type":"EntryPoint","urlTemplate":"https:\/\/dosingpump.shop\/de\/?s={search_term_string}"},"query-input":{"@type":"PropertyValueSpecification","valueRequired":true,"valueName":"search_term_string"}}],"inLanguage":"fr-FR"},{"@type":"Organization","@id":"https:\/\/dosingpump.shop\/de\/#organization","name":"Dosing Pump Shop B.V.","url":"https:\/\/dosingpump.shop\/de\/","logo":{"@type":"ImageObject","inLanguage":"fr-FR","@id":"https:\/\/dosingpump.shop\/de\/#\/schema\/logo\/image\/","url":"https:\/\/dosingpump.shop\/wp-content\/uploads\/2024\/10\/Dosing-Pump-Shop-logo.png","contentUrl":"https:\/\/dosingpump.shop\/wp-content\/uploads\/2024\/10\/Dosing-Pump-Shop-logo.png","width":350,"height":45,"caption":"Dosing Pump Shop B.V."},"image":{"@id":"https:\/\/dosingpump.shop\/de\/#\/schema\/logo\/image\/"},"sameAs":["https:\/\/linkedin.com\/company\/dosing-pump-shop"]}]},"product_price_amount":"757.00","product_price_currency":"EUR","og_availability":"instock","product_availability":"instock","product_retailer_item_id":"doseerinstalatie-Fosforzuur, 50% (orthofosforzuur)","product_condition":"new"},"_links":{"self":[{"href":"https:\/\/dosingpump.shop\/fr\/wp-json\/wp\/v2\/product\/6219","targetHints":{"allow":["GET"]}}],"collection":[{"href":"https:\/\/dosingpump.shop\/fr\/wp-json\/wp\/v2\/product"}],"about":[{"href":"https:\/\/dosingpump.shop\/fr\/wp-json\/wp\/v2\/types\/product"}],"wp:featuredmedia":[{"embeddable":true,"href":"https:\/\/dosingpump.shop\/fr\/wp-json\/wp\/v2\/media\/4432"}],"wp:attachment":[{"href":"https:\/\/dosingpump.shop\/fr\/wp-json\/wp\/v2\/media?parent=6219"}],"wp:term":[{"taxonomy":"product_brand","embeddable":true,"href":"https:\/\/dosingpump.shop\/fr\/wp-json\/wp\/v2\/product_brand?post=6219"},{"taxonomy":"product_cat","embeddable":true,"href":"https:\/\/dosingpump.shop\/fr\/wp-json\/wp\/v2\/product_cat?post=6219"},{"taxonomy":"product_tag","embeddable":true,"href":"https:\/\/dosingpump.shop\/fr\/wp-json\/wp\/v2\/product_tag?post=6219"}],"curies":[{"name":"wp","href":"https:\/\/api.w.org\/{rel}","templated":true}]}}