{"id":6430,"date":"2025-01-24T10:01:57","date_gmt":"2025-01-24T10:01:57","guid":{"rendered":"https:\/\/dosingpump.shop\/?post_type=product&#038;p=6430"},"modified":"2026-02-27T14:50:19","modified_gmt":"2026-02-27T12:50:19","slug":"emec-ephmd-100-ph-electrode-15-mtr","status":"publish","type":"product","link":"https:\/\/dosingpump.shop\/fr\/product\/emec-ephmd-100-ph-electrode-15-mtr\/","title":{"rendered":"Emec EPHMD\/100\u00b0 pH Electrode \/ 15 mtr"},"content":{"rendered":"<p>L'Emec EPHMD\/100\u00b0 15mtr est une \u00e9lectrode de pH con\u00e7ue pour des mesures pr\u00e9cises, m\u00eame dans des applications exigeantes. Gr\u00e2ce \u00e0 sa technologie \u00e0 double articulation, cette \u00e9lectrode offre une excellente protection contre la contamination. Cela permet non seulement de prolonger sa dur\u00e9e de vie, mais aussi de garantir des performances optimales. La plage de mesure de 0 \u00e0 14 pH rend l'\u00e9lectrode polyvalente. De plus, le corps robuste en \u00e9poxy garantit la fiabilit\u00e9 m\u00eame dans des conditions difficiles. Avec une longueur de c\u00e2ble de 15 m\u00e8tres, l'installation est facile, m\u00eame dans les endroits difficiles d'acc\u00e8s.<\/p>\n<p>En termes de performances, l'\u00e9lectrode fonctionne de mani\u00e8re optimale \u00e0 une pression maximale de 7 bars et \u00e0 des temp\u00e9ratures allant jusqu'\u00e0 100\u00b0C. Elle est donc id\u00e9ale pour les processus industriels et chimiques o\u00f9 la pr\u00e9cision et la r\u00e9sistance \u00e0 la temp\u00e9rature sont essentielles. Elle est donc id\u00e9ale pour les processus industriels et chimiques o\u00f9 la pr\u00e9cision et la r\u00e9sistance \u00e0 la temp\u00e9rature sont essentielles. En outre, la conductivit\u00e9 minimale de 100 \u00b5S permet \u00e0 l'\u00e9lectrode de s'adapter \u00e0 une grande vari\u00e9t\u00e9 de liquides. Cela accro\u00eet ses possibilit\u00e9s d'application dans divers secteurs.<\/p>\n<p>L'entretien de l'EPHMD\/100\u00b0 est \u00e9galement facile. Si l'\u00e9lectrode est contamin\u00e9e, vous pouvez la nettoyer avec de l'eau et, si n\u00e9cessaire, avec une solution d'acide chlorhydrique 10%. En outre, un \u00e9talonnage r\u00e9gulier avec des solutions tampons fra\u00eeches est n\u00e9cessaire pour maintenir des r\u00e9sultats de mesure optimaux. Enfin, l'\u00e9lectrode doit toujours \u00eatre conserv\u00e9e dans son flacon d'origine contenant une solution de KCl pH4. Cela permet d'\u00e9viter la d\u00e9shydratation et de prolonger consid\u00e9rablement la dur\u00e9e de vie de l'\u00e9lectrode.<\/p>\n<p>En r\u00e9sum\u00e9, l'Emec EPHMD\/100\u00b0 15mtr offre un \u00e9quilibre parfait entre pr\u00e9cision, flexibilit\u00e9 et durabilit\u00e9. La combinaison de la technologie \u00e0 double connexion, de la r\u00e9sistance aux temp\u00e9ratures \u00e9lev\u00e9es et de la grande longueur de c\u00e2ble fait de cette \u00e9lectrode un outil id\u00e9al pour les processus industriels et chimiques.<\/p>","protected":false},"excerpt":{"rendered":"<p>L'Emec EPHMD\/100 est une \u00e9lectrode de pH avanc\u00e9e con\u00e7ue pour des mesures pr\u00e9cises dans des applications exigeantes.<\/p>\n<ul>\n<li>Longueur de c\u00e2ble de 15 m\u00e8tres<\/li>\n<li>Pression maximale de 7 bars<\/li>\n<li>Temp\u00e9rature maximale jusqu'\u00e0 100\u00b0.<\/li>\n<\/ul>","protected":false},"featured_media":4977,"template":"","meta":[],"product_brand":[],"product_cat":[292],"product_tag":[],"class_list":{"0":"post-6430","1":"product","2":"type-product","3":"status-publish","4":"has-post-thumbnail","6":"product_cat-ph-sensoren","8":"first","9":"instock","10":"taxable","11":"shipping-taxable","12":"purchasable","13":"product-type-simple"},"yoast_head":"<!-- This site is optimized with the Yoast SEO plugin v27.2 - https:\/\/yoast.com\/product\/yoast-seo-wordpress\/ -->\n<title>Emec EPHMD\/100\u00b0 pH Electrode \/ 15 mtr | Dosing Pump Shop B.V.<\/title>\n<meta name=\"description\" content=\"Emec EPHMD\/100\u00b0 pH-elektrode, meetbereik 0-14 pH, dubbele verbinding, 15m kabel, epoxylichaam, max. 7 bar\/100\u00b0C. Ideaal voor industrie en chemie.\" \/>\n<meta name=\"robots\" content=\"index, follow, max-snippet:-1, max-image-preview:large, max-video-preview:-1\" \/>\n<link rel=\"canonical\" href=\"https:\/\/dosingpump.shop\/fr\/produit\/emec-ephmd-100-ph-electrode-15-mtr\/\" \/>\n<meta property=\"og:locale\" content=\"fr_FR\" \/>\n<meta property=\"og:type\" content=\"article\" \/>\n<meta property=\"og:title\" content=\"Emec EPHMD\/100\u00b0 pH Electrode \/ 15 mtr | Dosing Pump Shop B.V.\" \/>\n<meta property=\"og:description\" content=\"Emec EPHMD\/100\u00b0 pH-elektrode, meetbereik 0-14 pH, dubbele verbinding, 15m kabel, epoxylichaam, max. 7 bar\/100\u00b0C. Ideaal voor industrie en chemie.\" \/>\n<meta property=\"og:url\" content=\"https:\/\/dosingpump.shop\/fr\/produit\/emec-ephmd-100-ph-electrode-15-mtr\/\" \/>\n<meta property=\"og:site_name\" content=\"Dosing Pump Shop B.V.\" \/>\n<meta property=\"article:modified_time\" content=\"2026-02-27T12:50:19+00:00\" \/>\n<meta property=\"og:image\" content=\"https:\/\/dosingpump.shop\/wp-content\/uploads\/2024\/12\/EMEC-EPHSC-PH-probe.webp\" \/>\n\t<meta property=\"og:image:width\" content=\"1000\" \/>\n\t<meta property=\"og:image:height\" content=\"1000\" \/>\n\t<meta property=\"og:image:type\" content=\"image\/webp\" \/>\n<meta name=\"twitter:card\" content=\"summary_large_image\" \/>\n<meta name=\"twitter:label1\" content=\"Prix\" \/>\n\t<meta name=\"twitter:data1\" content=\"&euro;309,00\" \/>\n\t<meta name=\"twitter:label2\" content=\"Disponibilit\u00e9\" \/>\n\t<meta name=\"twitter:data2\" content=\"En stock\" \/>\n<script type=\"application\/ld+json\" class=\"yoast-schema-graph\">{\"@context\":\"https:\/\/schema.org\",\"@graph\":[{\"@type\":\"WebPage\",\"@id\":\"https:\/\/dosingpump.shop\/es\/producto\/emec-ephmd-100-ph-electrodo-15-mtr\/\",\"url\":\"https:\/\/dosingpump.shop\/es\/producto\/emec-ephmd-100-ph-electrodo-15-mtr\/\",\"name\":\"Emec EPHMD\/100\u00b0 pH Electrode \/ 15 mtr | Dosing Pump Shop B.V.\",\"isPartOf\":{\"@id\":\"https:\/\/dosingpump.shop\/de\/#website\"},\"primaryImageOfPage\":{\"@id\":\"https:\/\/dosingpump.shop\/es\/producto\/emec-ephmd-100-ph-electrodo-15-mtr\/#primaryimage\"},\"image\":{\"@id\":\"https:\/\/dosingpump.shop\/es\/producto\/emec-ephmd-100-ph-electrodo-15-mtr\/#primaryimage\"},\"thumbnailUrl\":\"https:\/\/dosingpump.shop\/wp-content\/uploads\/2024\/12\/EMEC-EPHSC-PH-probe.webp\",\"datePublished\":\"2025-01-24T10:01:57+00:00\",\"dateModified\":\"2026-02-27T12:50:19+00:00\",\"description\":\"Emec EPHMD\/100\u00b0 pH-elektrode, meetbereik 0-14 pH, dubbele verbinding, 15m kabel, epoxylichaam, max. 7 bar\/100\u00b0C. Ideaal voor industrie en chemie.\",\"breadcrumb\":{\"@id\":\"https:\/\/dosingpump.shop\/es\/producto\/emec-ephmd-100-ph-electrodo-15-mtr\/#breadcrumb\"},\"inLanguage\":\"fr-FR\",\"potentialAction\":[{\"@type\":\"ReadAction\",\"target\":[\"https:\/\/dosingpump.shop\/es\/producto\/emec-ephmd-100-ph-electrodo-15-mtr\/\"]}]},{\"@type\":\"ImageObject\",\"inLanguage\":\"fr-FR\",\"@id\":\"https:\/\/dosingpump.shop\/es\/producto\/emec-ephmd-100-ph-electrodo-15-mtr\/#primaryimage\",\"url\":\"https:\/\/dosingpump.shop\/wp-content\/uploads\/2024\/12\/EMEC-EPHSC-PH-probe.webp\",\"contentUrl\":\"https:\/\/dosingpump.shop\/wp-content\/uploads\/2024\/12\/EMEC-EPHSC-PH-probe.webp\",\"width\":1000,\"height\":1000},{\"@type\":\"BreadcrumbList\",\"@id\":\"https:\/\/dosingpump.shop\/es\/producto\/emec-ephmd-100-ph-electrodo-15-mtr\/#breadcrumb\",\"itemListElement\":[{\"@type\":\"ListItem\",\"position\":1,\"name\":\"Home\",\"item\":\"https:\/\/dosingpump.shop\/\"},{\"@type\":\"ListItem\",\"position\":2,\"name\":\"Shop\",\"item\":\"https:\/\/dosingpump.shop\/de\/shop\/\"},{\"@type\":\"ListItem\",\"position\":3,\"name\":\"Emec EPHMD\/100\u00b0 pH Electrode \/ 15 mtr\"}]},{\"@type\":\"WebSite\",\"@id\":\"https:\/\/dosingpump.shop\/de\/#website\",\"url\":\"https:\/\/dosingpump.shop\/de\/\",\"name\":\"Dosing Pump Shop B.V.\",\"description\":\"\",\"publisher\":{\"@id\":\"https:\/\/dosingpump.shop\/de\/#organization\"},\"potentialAction\":[{\"@type\":\"SearchAction\",\"target\":{\"@type\":\"EntryPoint\",\"urlTemplate\":\"https:\/\/dosingpump.shop\/de\/?s={search_term_string}\"},\"query-input\":{\"@type\":\"PropertyValueSpecification\",\"valueRequired\":true,\"valueName\":\"search_term_string\"}}],\"inLanguage\":\"fr-FR\"},{\"@type\":\"Organization\",\"@id\":\"https:\/\/dosingpump.shop\/de\/#organization\",\"name\":\"Dosing Pump Shop B.V.\",\"url\":\"https:\/\/dosingpump.shop\/de\/\",\"logo\":{\"@type\":\"ImageObject\",\"inLanguage\":\"fr-FR\",\"@id\":\"https:\/\/dosingpump.shop\/de\/#\/schema\/logo\/image\/\",\"url\":\"https:\/\/dosingpump.shop\/wp-content\/uploads\/2024\/10\/Dosing-Pump-Shop-logo.png\",\"contentUrl\":\"https:\/\/dosingpump.shop\/wp-content\/uploads\/2024\/10\/Dosing-Pump-Shop-logo.png\",\"width\":350,\"height\":45,\"caption\":\"Dosing Pump Shop B.V.\"},\"image\":{\"@id\":\"https:\/\/dosingpump.shop\/de\/#\/schema\/logo\/image\/\"},\"sameAs\":[\"https:\/\/linkedin.com\/company\/dosing-pump-shop\"]}]}<\/script>\n<meta property=\"product:price:amount\" content=\"309.00\" \/>\n<meta property=\"product:price:currency\" content=\"EUR\" \/>\n<meta property=\"og:availability\" content=\"instock\" \/>\n<meta property=\"product:availability\" content=\"instock\" \/>\n<meta property=\"product:retailer_item_id\" content=\"108.1501.1\" \/>\n<meta property=\"product:condition\" content=\"new\" \/>\n<!-- \/ Yoast SEO plugin. -->","yoast_head_json":{"title":"Emec EPHMD\/100\u00b0 pH Electrode \/ 15 mtr | Dosing Pump Shop B.V.","description":"\u00c9lectrode de pH Emec EPHMD\/100\u00b0, plage de mesure 0-14 pH, double connexion, c\u00e2ble de 15 m, corps en \u00e9poxy, max. 7 bar\/100\u00b0C. Id\u00e9al pour l'industrie et la chimie.","robots":{"index":"index","follow":"follow","max-snippet":"max-snippet:-1","max-image-preview":"max-image-preview:large","max-video-preview":"max-video-preview:-1"},"canonical":"https:\/\/dosingpump.shop\/fr\/produit\/emec-ephmd-100-ph-electrode-15-mtr\/","og_locale":"fr_FR","og_type":"article","og_title":"Emec EPHMD\/100\u00b0 pH Electrode \/ 15 mtr | Dosing Pump Shop B.V.","og_description":"Emec EPHMD\/100\u00b0 pH-elektrode, meetbereik 0-14 pH, dubbele verbinding, 15m kabel, epoxylichaam, max. 7 bar\/100\u00b0C. Ideaal voor industrie en chemie.","og_url":"https:\/\/dosingpump.shop\/fr\/produit\/emec-ephmd-100-ph-electrode-15-mtr\/","og_site_name":"Dosing Pump Shop B.V.","article_modified_time":"2026-02-27T12:50:19+00:00","og_image":[{"width":1000,"height":1000,"url":"https:\/\/dosingpump.shop\/wp-content\/uploads\/2024\/12\/EMEC-EPHSC-PH-probe.webp","type":"image\/webp"}],"twitter_card":"summary_large_image","twitter_misc":{"Prix":"&euro;309,00","Disponibilit\u00e9":"En stock"},"schema":{"@context":"https:\/\/schema.org","@graph":[{"@type":"WebPage","@id":"https:\/\/dosingpump.shop\/es\/producto\/emec-ephmd-100-ph-electrodo-15-mtr\/","url":"https:\/\/dosingpump.shop\/es\/producto\/emec-ephmd-100-ph-electrodo-15-mtr\/","name":"Emec EPHMD\/100\u00b0 pH Electrode \/ 15 mtr | Dosing Pump Shop B.V.","isPartOf":{"@id":"https:\/\/dosingpump.shop\/de\/#website"},"primaryImageOfPage":{"@id":"https:\/\/dosingpump.shop\/es\/producto\/emec-ephmd-100-ph-electrodo-15-mtr\/#primaryimage"},"image":{"@id":"https:\/\/dosingpump.shop\/es\/producto\/emec-ephmd-100-ph-electrodo-15-mtr\/#primaryimage"},"thumbnailUrl":"https:\/\/dosingpump.shop\/wp-content\/uploads\/2024\/12\/EMEC-EPHSC-PH-probe.webp","datePublished":"2025-01-24T10:01:57+00:00","dateModified":"2026-02-27T12:50:19+00:00","description":"\u00c9lectrode de pH Emec EPHMD\/100\u00b0, plage de mesure 0-14 pH, double connexion, c\u00e2ble de 15 m, corps en \u00e9poxy, max. 7 bar\/100\u00b0C. Id\u00e9al pour l'industrie et la chimie.","breadcrumb":{"@id":"https:\/\/dosingpump.shop\/es\/producto\/emec-ephmd-100-ph-electrodo-15-mtr\/#breadcrumb"},"inLanguage":"fr-FR","potentialAction":[{"@type":"ReadAction","target":["https:\/\/dosingpump.shop\/es\/producto\/emec-ephmd-100-ph-electrodo-15-mtr\/"]}]},{"@type":"ImageObject","inLanguage":"fr-FR","@id":"https:\/\/dosingpump.shop\/es\/producto\/emec-ephmd-100-ph-electrodo-15-mtr\/#primaryimage","url":"https:\/\/dosingpump.shop\/wp-content\/uploads\/2024\/12\/EMEC-EPHSC-PH-probe.webp","contentUrl":"https:\/\/dosingpump.shop\/wp-content\/uploads\/2024\/12\/EMEC-EPHSC-PH-probe.webp","width":1000,"height":1000},{"@type":"BreadcrumbList","@id":"https:\/\/dosingpump.shop\/es\/producto\/emec-ephmd-100-ph-electrodo-15-mtr\/#breadcrumb","itemListElement":[{"@type":"ListItem","position":1,"name":"Home","item":"https:\/\/dosingpump.shop\/"},{"@type":"ListItem","position":2,"name":"Shop","item":"https:\/\/dosingpump.shop\/de\/shop\/"},{"@type":"ListItem","position":3,"name":"Emec EPHMD\/100\u00b0 pH Electrode \/ 15 mtr"}]},{"@type":"WebSite","@id":"https:\/\/dosingpump.shop\/de\/#website","url":"https:\/\/dosingpump.shop\/de\/","name":"Dosing Pump Shop B.V.","description":"","publisher":{"@id":"https:\/\/dosingpump.shop\/de\/#organization"},"potentialAction":[{"@type":"SearchAction","target":{"@type":"EntryPoint","urlTemplate":"https:\/\/dosingpump.shop\/de\/?s={search_term_string}"},"query-input":{"@type":"PropertyValueSpecification","valueRequired":true,"valueName":"search_term_string"}}],"inLanguage":"fr-FR"},{"@type":"Organization","@id":"https:\/\/dosingpump.shop\/de\/#organization","name":"Dosing Pump Shop B.V.","url":"https:\/\/dosingpump.shop\/de\/","logo":{"@type":"ImageObject","inLanguage":"fr-FR","@id":"https:\/\/dosingpump.shop\/de\/#\/schema\/logo\/image\/","url":"https:\/\/dosingpump.shop\/wp-content\/uploads\/2024\/10\/Dosing-Pump-Shop-logo.png","contentUrl":"https:\/\/dosingpump.shop\/wp-content\/uploads\/2024\/10\/Dosing-Pump-Shop-logo.png","width":350,"height":45,"caption":"Dosing Pump Shop B.V."},"image":{"@id":"https:\/\/dosingpump.shop\/de\/#\/schema\/logo\/image\/"},"sameAs":["https:\/\/linkedin.com\/company\/dosing-pump-shop"]}]},"product_price_amount":"309.00","product_price_currency":"EUR","og_availability":"instock","product_availability":"instock","product_retailer_item_id":"108.1501.1","product_condition":"new"},"_links":{"self":[{"href":"https:\/\/dosingpump.shop\/fr\/wp-json\/wp\/v2\/product\/6430","targetHints":{"allow":["GET"]}}],"collection":[{"href":"https:\/\/dosingpump.shop\/fr\/wp-json\/wp\/v2\/product"}],"about":[{"href":"https:\/\/dosingpump.shop\/fr\/wp-json\/wp\/v2\/types\/product"}],"wp:featuredmedia":[{"embeddable":true,"href":"https:\/\/dosingpump.shop\/fr\/wp-json\/wp\/v2\/media\/4977"}],"wp:attachment":[{"href":"https:\/\/dosingpump.shop\/fr\/wp-json\/wp\/v2\/media?parent=6430"}],"wp:term":[{"taxonomy":"product_brand","embeddable":true,"href":"https:\/\/dosingpump.shop\/fr\/wp-json\/wp\/v2\/product_brand?post=6430"},{"taxonomy":"product_cat","embeddable":true,"href":"https:\/\/dosingpump.shop\/fr\/wp-json\/wp\/v2\/product_cat?post=6430"},{"taxonomy":"product_tag","embeddable":true,"href":"https:\/\/dosingpump.shop\/fr\/wp-json\/wp\/v2\/product_tag?post=6430"}],"curies":[{"name":"wp","href":"https:\/\/api.w.org\/{rel}","templated":true}]}}