{"id":7446,"date":"2025-06-16T11:08:03","date_gmt":"2025-06-16T09:08:03","guid":{"rendered":"https:\/\/dosingpump.shop\/?post_type=product&#038;p=7446"},"modified":"2026-02-27T14:50:31","modified_gmt":"2026-02-27T12:50:31","slug":"valve-dinjection-1-2-6x8-pvdfwaxce03-bar","status":"publish","type":"product","link":"https:\/\/dosingpump.shop\/fr\/product\/injectieventiel-1-2-6x8-pvdfwaxce03-bar\/","title":{"rendered":"Vanne d'injection 1\/2\u2033 6X8 (PVDF+WAX+CE)0.3 BAR"},"content":{"rendered":"<p>Cette vanne d'injection est un composant indispensable pour un dosage pr\u00e9cis des liquides et est souvent utilis\u00e9e en combinaison avec une pompe doseuse. Elle permet une alimentation contr\u00f4l\u00e9e et efficace en produits chimiques et autres liquides dans diverses applications, telles que le traitement de l'eau, les processus chimiques et les syst\u00e8mes industriels.<\/p>\n<p>La valve d'injection est fabriqu\u00e9e \u00e0 partir de mat\u00e9riaux de haute qualit\u00e9 qui r\u00e9sistent \u00e0 divers produits chimiques. Elle convient donc \u00e0 une grande vari\u00e9t\u00e9 d'applications, y compris le dosage de liquides alcalins et d'autres produits chimiques. Gr\u00e2ce \u00e0 sa construction bien pens\u00e9e, elle est facile \u00e0 installer et \u00e0 combiner avec diverses pompes doseuses.<\/p>\n<p>Cette vanne contribue \u00e0 un fonctionnement stable et fiable des syst\u00e8mes de dosage et est con\u00e7ue pour offrir des performances \u00e0 long terme. Si n\u00e9cessaire, des variantes sont \u00e9galement disponibles avec des sp\u00e9cifications diff\u00e9rentes. Vous avez une taille diff\u00e9rente ou des exigences sp\u00e9cifiques ? N'h\u00e9sitez pas \u00e0 nous contacter pour obtenir des conseils ou un devis personnalis\u00e9 !<\/p>","protected":false},"excerpt":{"rendered":"<ul>\n<li>Bo\u00eetier PVDF<\/li>\n<li>Joints toriques WAX<\/li>\n<li>Filetage 1\/2<\/li>\n<li>D\u00e9bit 4\u00d76<\/li>\n<\/ul>","protected":false},"featured_media":7462,"template":"","meta":[],"product_brand":[],"product_cat":[85,31],"product_tag":[],"class_list":{"0":"post-7446","1":"product","2":"type-product","3":"status-publish","4":"has-post-thumbnail","6":"product_cat-assortiment","7":"product_cat-injectieventiel","9":"first","10":"instock","11":"taxable","12":"shipping-taxable","13":"purchasable","14":"product-type-simple"},"yoast_head":"<!-- This site is optimized with the Yoast SEO plugin v27.2 - https:\/\/yoast.com\/product\/yoast-seo-wordpress\/ -->\n<title>Injectieventiel 1\/2&quot; 6X8 (PVDF+WAX+CE)0,3 BAR - Dosing Pump Shop B.V.<\/title>\n<meta name=\"robots\" content=\"index, follow, max-snippet:-1, max-image-preview:large, max-video-preview:-1\" \/>\n<link rel=\"canonical\" href=\"https:\/\/dosingpump.shop\/fr\/produit\/valve-dinjection-1-2-6x8-pvdfwaxce03-bar\/\" \/>\n<meta property=\"og:locale\" content=\"fr_FR\" \/>\n<meta property=\"og:type\" content=\"article\" \/>\n<meta property=\"og:title\" content=\"Injectieventiel 1\/2&quot; 6X8 (PVDF+WAX+CE)0,3 BAR - Dosing Pump Shop B.V.\" \/>\n<meta property=\"og:description\" content=\"Behuizing PVDF  O-Ringen WAX  Schroefdraad 1\/2  Doorvoer 4x6\" \/>\n<meta property=\"og:url\" content=\"https:\/\/dosingpump.shop\/fr\/produit\/valve-dinjection-1-2-6x8-pvdfwaxce03-bar\/\" \/>\n<meta property=\"og:site_name\" content=\"Dosing Pump Shop B.V.\" \/>\n<meta property=\"article:modified_time\" content=\"2026-02-27T12:50:31+00:00\" \/>\n<meta property=\"og:image\" content=\"https:\/\/dosingpump.shop\/wp-content\/uploads\/2025\/06\/Injectieventiel-WAX.png\" \/>\n\t<meta property=\"og:image:width\" content=\"500\" \/>\n\t<meta property=\"og:image:height\" content=\"500\" \/>\n\t<meta property=\"og:image:type\" content=\"image\/png\" \/>\n<meta name=\"twitter:card\" content=\"summary_large_image\" \/>\n<meta name=\"twitter:label1\" content=\"Prix\" \/>\n\t<meta name=\"twitter:data1\" content=\"&euro;27,00\" \/>\n\t<meta name=\"twitter:label2\" content=\"Disponibilit\u00e9\" \/>\n\t<meta name=\"twitter:data2\" content=\"En stock\" \/>\n<script type=\"application\/ld+json\" class=\"yoast-schema-graph\">{\"@context\":\"https:\/\/schema.org\",\"@graph\":[{\"@type\":\"WebPage\",\"@id\":\"https:\/\/dosingpump.shop\/de\/produkt\/einspritzventil-1-2-6x8-pvdfwaxce03-bar\/\",\"url\":\"https:\/\/dosingpump.shop\/de\/produkt\/einspritzventil-1-2-6x8-pvdfwaxce03-bar\/\",\"name\":\"Injectieventiel 1\/2\\\" 6X8 (PVDF+WAX+CE)0,3 BAR - Dosing Pump Shop B.V.\",\"isPartOf\":{\"@id\":\"https:\/\/dosingpump.shop\/de\/#website\"},\"primaryImageOfPage\":{\"@id\":\"https:\/\/dosingpump.shop\/de\/produkt\/einspritzventil-1-2-6x8-pvdfwaxce03-bar\/#primaryimage\"},\"image\":{\"@id\":\"https:\/\/dosingpump.shop\/de\/produkt\/einspritzventil-1-2-6x8-pvdfwaxce03-bar\/#primaryimage\"},\"thumbnailUrl\":\"https:\/\/dosingpump.shop\/wp-content\/uploads\/2025\/06\/Injectieventiel-WAX.png\",\"datePublished\":\"2025-06-16T09:08:03+00:00\",\"dateModified\":\"2026-02-27T12:50:31+00:00\",\"breadcrumb\":{\"@id\":\"https:\/\/dosingpump.shop\/de\/produkt\/einspritzventil-1-2-6x8-pvdfwaxce03-bar\/#breadcrumb\"},\"inLanguage\":\"fr-FR\",\"potentialAction\":[{\"@type\":\"ReadAction\",\"target\":[\"https:\/\/dosingpump.shop\/de\/produkt\/einspritzventil-1-2-6x8-pvdfwaxce03-bar\/\"]}]},{\"@type\":\"ImageObject\",\"inLanguage\":\"fr-FR\",\"@id\":\"https:\/\/dosingpump.shop\/de\/produkt\/einspritzventil-1-2-6x8-pvdfwaxce03-bar\/#primaryimage\",\"url\":\"https:\/\/dosingpump.shop\/wp-content\/uploads\/2025\/06\/Injectieventiel-WAX.png\",\"contentUrl\":\"https:\/\/dosingpump.shop\/wp-content\/uploads\/2025\/06\/Injectieventiel-WAX.png\",\"width\":500,\"height\":500},{\"@type\":\"BreadcrumbList\",\"@id\":\"https:\/\/dosingpump.shop\/de\/produkt\/einspritzventil-1-2-6x8-pvdfwaxce03-bar\/#breadcrumb\",\"itemListElement\":[{\"@type\":\"ListItem\",\"position\":1,\"name\":\"Home\",\"item\":\"https:\/\/dosingpump.shop\/\"},{\"@type\":\"ListItem\",\"position\":2,\"name\":\"Shop\",\"item\":\"https:\/\/dosingpump.shop\/de\/shop\/\"},{\"@type\":\"ListItem\",\"position\":3,\"name\":\"Injectieventiel 1\/2&#8243; 6X8 (PVDF+WAX+CE)0,3 BAR\"}]},{\"@type\":\"WebSite\",\"@id\":\"https:\/\/dosingpump.shop\/de\/#website\",\"url\":\"https:\/\/dosingpump.shop\/de\/\",\"name\":\"Dosing Pump Shop B.V.\",\"description\":\"\",\"publisher\":{\"@id\":\"https:\/\/dosingpump.shop\/de\/#organization\"},\"potentialAction\":[{\"@type\":\"SearchAction\",\"target\":{\"@type\":\"EntryPoint\",\"urlTemplate\":\"https:\/\/dosingpump.shop\/de\/?s={search_term_string}\"},\"query-input\":{\"@type\":\"PropertyValueSpecification\",\"valueRequired\":true,\"valueName\":\"search_term_string\"}}],\"inLanguage\":\"fr-FR\"},{\"@type\":\"Organization\",\"@id\":\"https:\/\/dosingpump.shop\/de\/#organization\",\"name\":\"Dosing Pump Shop B.V.\",\"url\":\"https:\/\/dosingpump.shop\/de\/\",\"logo\":{\"@type\":\"ImageObject\",\"inLanguage\":\"fr-FR\",\"@id\":\"https:\/\/dosingpump.shop\/de\/#\/schema\/logo\/image\/\",\"url\":\"https:\/\/dosingpump.shop\/wp-content\/uploads\/2024\/10\/Dosing-Pump-Shop-logo.png\",\"contentUrl\":\"https:\/\/dosingpump.shop\/wp-content\/uploads\/2024\/10\/Dosing-Pump-Shop-logo.png\",\"width\":350,\"height\":45,\"caption\":\"Dosing Pump Shop B.V.\"},\"image\":{\"@id\":\"https:\/\/dosingpump.shop\/de\/#\/schema\/logo\/image\/\"},\"sameAs\":[\"https:\/\/linkedin.com\/company\/dosing-pump-shop\"]}]}<\/script>\n<meta property=\"product:price:amount\" content=\"27.00\" \/>\n<meta property=\"product:price:currency\" content=\"EUR\" \/>\n<meta property=\"og:availability\" content=\"instock\" \/>\n<meta property=\"product:availability\" content=\"instock\" \/>\n<meta property=\"product:retailer_item_id\" content=\"073.1189.1\u00a0\" \/>\n<meta property=\"product:condition\" content=\"new\" \/>\n<!-- \/ Yoast SEO plugin. -->","yoast_head_json":{"title":"Vanne d'injection 1\/2\" 6X8 (PVDF+WAX+CE)0,3 BAR - Dosing Pump Shop B.V.","robots":{"index":"index","follow":"follow","max-snippet":"max-snippet:-1","max-image-preview":"max-image-preview:large","max-video-preview":"max-video-preview:-1"},"canonical":"https:\/\/dosingpump.shop\/fr\/produit\/valve-dinjection-1-2-6x8-pvdfwaxce03-bar\/","og_locale":"fr_FR","og_type":"article","og_title":"Injectieventiel 1\/2\" 6X8 (PVDF+WAX+CE)0,3 BAR - Dosing Pump Shop B.V.","og_description":"Behuizing PVDF  O-Ringen WAX  Schroefdraad 1\/2  Doorvoer 4x6","og_url":"https:\/\/dosingpump.shop\/fr\/produit\/valve-dinjection-1-2-6x8-pvdfwaxce03-bar\/","og_site_name":"Dosing Pump Shop B.V.","article_modified_time":"2026-02-27T12:50:31+00:00","og_image":[{"width":500,"height":500,"url":"https:\/\/dosingpump.shop\/wp-content\/uploads\/2025\/06\/Injectieventiel-WAX.png","type":"image\/png"}],"twitter_card":"summary_large_image","twitter_misc":{"Prix":"&euro;27,00","Disponibilit\u00e9":"En stock"},"schema":{"@context":"https:\/\/schema.org","@graph":[{"@type":"WebPage","@id":"https:\/\/dosingpump.shop\/de\/produkt\/einspritzventil-1-2-6x8-pvdfwaxce03-bar\/","url":"https:\/\/dosingpump.shop\/de\/produkt\/einspritzventil-1-2-6x8-pvdfwaxce03-bar\/","name":"Vanne d'injection 1\/2\" 6X8 (PVDF+WAX+CE)0,3 BAR - Dosing Pump Shop B.V.","isPartOf":{"@id":"https:\/\/dosingpump.shop\/de\/#website"},"primaryImageOfPage":{"@id":"https:\/\/dosingpump.shop\/de\/produkt\/einspritzventil-1-2-6x8-pvdfwaxce03-bar\/#primaryimage"},"image":{"@id":"https:\/\/dosingpump.shop\/de\/produkt\/einspritzventil-1-2-6x8-pvdfwaxce03-bar\/#primaryimage"},"thumbnailUrl":"https:\/\/dosingpump.shop\/wp-content\/uploads\/2025\/06\/Injectieventiel-WAX.png","datePublished":"2025-06-16T09:08:03+00:00","dateModified":"2026-02-27T12:50:31+00:00","breadcrumb":{"@id":"https:\/\/dosingpump.shop\/de\/produkt\/einspritzventil-1-2-6x8-pvdfwaxce03-bar\/#breadcrumb"},"inLanguage":"fr-FR","potentialAction":[{"@type":"ReadAction","target":["https:\/\/dosingpump.shop\/de\/produkt\/einspritzventil-1-2-6x8-pvdfwaxce03-bar\/"]}]},{"@type":"ImageObject","inLanguage":"fr-FR","@id":"https:\/\/dosingpump.shop\/de\/produkt\/einspritzventil-1-2-6x8-pvdfwaxce03-bar\/#primaryimage","url":"https:\/\/dosingpump.shop\/wp-content\/uploads\/2025\/06\/Injectieventiel-WAX.png","contentUrl":"https:\/\/dosingpump.shop\/wp-content\/uploads\/2025\/06\/Injectieventiel-WAX.png","width":500,"height":500},{"@type":"BreadcrumbList","@id":"https:\/\/dosingpump.shop\/de\/produkt\/einspritzventil-1-2-6x8-pvdfwaxce03-bar\/#breadcrumb","itemListElement":[{"@type":"ListItem","position":1,"name":"Home","item":"https:\/\/dosingpump.shop\/"},{"@type":"ListItem","position":2,"name":"Shop","item":"https:\/\/dosingpump.shop\/de\/shop\/"},{"@type":"ListItem","position":3,"name":"Injectieventiel 1\/2&#8243; 6X8 (PVDF+WAX+CE)0,3 BAR"}]},{"@type":"WebSite","@id":"https:\/\/dosingpump.shop\/de\/#website","url":"https:\/\/dosingpump.shop\/de\/","name":"Dosing Pump Shop B.V.","description":"","publisher":{"@id":"https:\/\/dosingpump.shop\/de\/#organization"},"potentialAction":[{"@type":"SearchAction","target":{"@type":"EntryPoint","urlTemplate":"https:\/\/dosingpump.shop\/de\/?s={search_term_string}"},"query-input":{"@type":"PropertyValueSpecification","valueRequired":true,"valueName":"search_term_string"}}],"inLanguage":"fr-FR"},{"@type":"Organization","@id":"https:\/\/dosingpump.shop\/de\/#organization","name":"Dosing Pump Shop B.V.","url":"https:\/\/dosingpump.shop\/de\/","logo":{"@type":"ImageObject","inLanguage":"fr-FR","@id":"https:\/\/dosingpump.shop\/de\/#\/schema\/logo\/image\/","url":"https:\/\/dosingpump.shop\/wp-content\/uploads\/2024\/10\/Dosing-Pump-Shop-logo.png","contentUrl":"https:\/\/dosingpump.shop\/wp-content\/uploads\/2024\/10\/Dosing-Pump-Shop-logo.png","width":350,"height":45,"caption":"Dosing Pump Shop B.V."},"image":{"@id":"https:\/\/dosingpump.shop\/de\/#\/schema\/logo\/image\/"},"sameAs":["https:\/\/linkedin.com\/company\/dosing-pump-shop"]}]},"product_price_amount":"27.00","product_price_currency":"EUR","og_availability":"instock","product_availability":"instock","product_retailer_item_id":"073.1189.1\u00a0","product_condition":"new"},"_links":{"self":[{"href":"https:\/\/dosingpump.shop\/fr\/wp-json\/wp\/v2\/product\/7446","targetHints":{"allow":["GET"]}}],"collection":[{"href":"https:\/\/dosingpump.shop\/fr\/wp-json\/wp\/v2\/product"}],"about":[{"href":"https:\/\/dosingpump.shop\/fr\/wp-json\/wp\/v2\/types\/product"}],"wp:featuredmedia":[{"embeddable":true,"href":"https:\/\/dosingpump.shop\/fr\/wp-json\/wp\/v2\/media\/7462"}],"wp:attachment":[{"href":"https:\/\/dosingpump.shop\/fr\/wp-json\/wp\/v2\/media?parent=7446"}],"wp:term":[{"taxonomy":"product_brand","embeddable":true,"href":"https:\/\/dosingpump.shop\/fr\/wp-json\/wp\/v2\/product_brand?post=7446"},{"taxonomy":"product_cat","embeddable":true,"href":"https:\/\/dosingpump.shop\/fr\/wp-json\/wp\/v2\/product_cat?post=7446"},{"taxonomy":"product_tag","embeddable":true,"href":"https:\/\/dosingpump.shop\/fr\/wp-json\/wp\/v2\/product_tag?post=7446"}],"curies":[{"name":"wp","href":"https:\/\/api.w.org\/{rel}","templated":true}]}}