{"id":8731,"date":"2026-03-14T21:14:46","date_gmt":"2026-03-14T20:14:46","guid":{"rendered":"https:\/\/dosingpump.shop\/?post_type=product&#038;p=8731"},"modified":"2026-03-14T21:45:37","modified_gmt":"2026-03-14T20:45:37","slug":"support-de-bidon-avec-bac-de-recuperation-pour-pompe-doseuse-25l-acier-revetu","status":"publish","type":"product","link":"https:\/\/dosingpump.shop\/fr\/product\/jerrycan-houder-met-lekbak-voor-doseerpomp-25l-gecoat-staal\/","title":{"rendered":"Support de jerrycan avec bac de r\u00e9cup\u00e9ration pour pompe doseuse - 25L | acier rev\u00eatu"},"content":{"rendered":"<h2 data-section-id=\"r8g57z\" data-start=\"1324\" data-end=\"1371\">Porte-jerrycans avec bac de r\u00e9cup\u00e9ration pour les pompes doseuses<\/h2>\n<p data-start=\"1373\" data-end=\"1658\">Ce professionnel <strong data-start=\"1392\" data-end=\"1422\">porte-bidon avec bac de r\u00e9cup\u00e9ration<\/strong> est con\u00e7u pour placer en toute s\u00e9curit\u00e9 des r\u00e9cipients de produits chimiques en combinaison avec une pompe doseuse. Le support offre un espace pour un <strong data-start=\"1554\" data-end=\"1579\">jerrycan jusqu'\u00e0 25 litres<\/strong> et permet de monter une pompe doseuse directement au-dessus du conteneur.<\/p>\n<p data-start=\"1660\" data-end=\"1810\">La plaque de montage int\u00e9gr\u00e9e permet de cr\u00e9er un dispositif de dosage compact et pratique o\u00f9 la pompe, le jerrycan et le bac de r\u00e9cup\u00e9ration sont soigneusement dispos\u00e9s ensemble.<\/p>\n<p data-start=\"1812\" data-end=\"2002\">Le support est fabriqu\u00e9 en <strong data-start=\"1841\" data-end=\"1887\">acier de haute qualit\u00e9 avec rev\u00eatement durable<\/strong>, Il convient donc aux environnements industriels et techniques o\u00f9 des produits chimiques sont utilis\u00e9s.<\/p>\n<h3 data-section-id=\"1xaqgd4\" data-start=\"2004\" data-end=\"2028\">Bac d'\u00e9gouttage int\u00e9gr\u00e9<\/h3>\n<p data-start=\"2030\" data-end=\"2252\">Le support est dot\u00e9 d'un <strong data-start=\"2060\" data-end=\"2094\">bac de r\u00e9cup\u00e9ration avec grille amovible<\/strong>. Toute fuite ou d\u00e9versement est ainsi imm\u00e9diatement d\u00e9tect\u00e9, ce qui permet de maintenir l'installation propre et de r\u00e9duire les risques de contamination ou d'endommagement.<\/p>\n<h3 data-section-id=\"1w6voil\" data-start=\"2254\" data-end=\"2292\">Construction stable et pratique<\/h3>\n<p data-start=\"2294\" data-end=\"2446\">Le porte-bidon est \u00e9quip\u00e9 de <strong data-start=\"2330\" data-end=\"2360\">quatre pieds r\u00e9glables<\/strong>, L'unit\u00e9 peut ainsi \u00eatre facilement mise \u00e0 niveau, m\u00eame sur des surfaces irr\u00e9guli\u00e8res.<\/p>\n<p data-start=\"2448\" data-end=\"2574\">En outre, le <strong data-start=\"2468\" data-end=\"2499\">poign\u00e9es des deux c\u00f4t\u00e9s<\/strong> de mani\u00e8re \u00e0 ce que le support puisse \u00eatre facilement d\u00e9plac\u00e9 en cas de besoin.<\/p>\n<h3 data-section-id=\"7gxsde\" data-start=\"2576\" data-end=\"2592\">Applications<\/h3>\n<p data-start=\"2594\" data-end=\"2647\">Ce support est largement utilis\u00e9 dans les installations pour :<\/p>\n<p data-start=\"2649\" data-end=\"2755\">- traitement de l'eau<br data-start=\"2667\" data-end=\"2670\" \/>- piscines<br data-start=\"2681\" data-end=\"2684\" \/>- les proc\u00e9d\u00e9s industriels<br data-start=\"2707\" data-end=\"2710\" \/>- syst\u00e8mes de nettoyage<br data-start=\"2730\" data-end=\"2733\" \/>- dosage chimique<\/p>\n<p data-start=\"2757\" data-end=\"2873\">La plaque de montage convient \u00e0 la plupart des <strong data-start=\"2800\" data-end=\"2825\">pompes doseuses \u00e0 membrane<\/strong>, y compris plusieurs mod\u00e8les de <strong data-start=\"2864\" data-end=\"2872\">EMEC<\/strong>.<\/p>\n<h1 data-section-id=\"1rpbep8\" data-start=\"2880\" data-end=\"2906\">Sp\u00e9cifications techniques<\/h1>\n<div class=\"TyagGW_tableContainer\">\n<div class=\"group TyagGW_tableWrapper flex flex-col-reverse w-fit\" tabindex=\"-1\">\n<table class=\"w-fit min-w-(--thread-content-width)\" data-start=\"2908\" data-end=\"3353\">\n<thead data-start=\"2908\" data-end=\"2937\">\n<tr data-start=\"2908\" data-end=\"2937\">\n<th class=\"\" data-start=\"2908\" data-end=\"2921\" data-col-size=\"sm\">Fonctionnalit\u00e9<\/th>\n<th class=\"\" data-start=\"2921\" data-end=\"2937\" data-col-size=\"sm\">Sp\u00e9cifications<\/th>\n<\/tr>\n<\/thead>\n<tbody data-start=\"2948\" data-end=\"3353\">\n<tr data-start=\"2948\" data-end=\"2988\">\n<td data-start=\"2948\" data-end=\"2958\" data-col-size=\"sm\">Produit<\/td>\n<td data-start=\"2958\" data-end=\"2988\" data-col-size=\"sm\">Porte-jerrycans avec plateau d'\u00e9gouttage<\/td>\n<\/tr>\n<tr data-start=\"2989\" data-end=\"3010\">\n<td data-start=\"2989\" data-end=\"3001\" data-col-size=\"sm\">Mat\u00e9riau<\/td>\n<td data-start=\"3001\" data-end=\"3010\" data-col-size=\"sm\">Acier<\/td>\n<\/tr>\n<tr data-start=\"3011\" data-end=\"3054\">\n<td data-start=\"3011\" data-end=\"3023\" data-col-size=\"sm\">Finition<\/td>\n<td data-start=\"3023\" data-end=\"3054\" data-col-size=\"sm\">Rev\u00eatement r\u00e9sistant aux produits chimiques<\/td>\n<\/tr>\n<tr data-start=\"3055\" data-end=\"3093\">\n<td data-start=\"3055\" data-end=\"3077\" data-col-size=\"sm\">Capacit\u00e9 du jerrycan<\/td>\n<td data-start=\"3077\" data-end=\"3093\" data-col-size=\"sm\">Jusqu'\u00e0 25 litres<\/td>\n<\/tr>\n<tr data-start=\"3094\" data-end=\"3123\">\n<td data-start=\"3094\" data-end=\"3103\" data-col-size=\"sm\">Plateau d'\u00e9gouttage<\/td>\n<td data-start=\"3103\" data-end=\"3123\" data-col-size=\"sm\">Oui, int\u00e9gr\u00e9<\/td>\n<\/tr>\n<tr data-start=\"3124\" data-end=\"3149\">\n<td data-start=\"3124\" data-end=\"3134\" data-col-size=\"sm\">Grille<\/td>\n<td data-start=\"3134\" data-end=\"3149\" data-col-size=\"sm\">Amovible<\/td>\n<\/tr>\n<tr data-start=\"3150\" data-end=\"3181\">\n<td data-start=\"3150\" data-end=\"3175\" data-col-size=\"sm\">Plaque de montage pour la pompe<\/td>\n<td data-start=\"3175\" data-end=\"3181\" data-col-size=\"sm\">Oui<\/td>\n<\/tr>\n<tr data-start=\"3182\" data-end=\"3221\">\n<td data-start=\"3182\" data-end=\"3194\" data-col-size=\"sm\">Pieds<\/td>\n<td data-start=\"3194\" data-end=\"3221\" data-col-size=\"sm\">4 pieds r\u00e9glables<\/td>\n<\/tr>\n<tr data-start=\"3222\" data-end=\"3259\">\n<td data-start=\"3222\" data-end=\"3235\" data-col-size=\"sm\">Poign\u00e9es<\/td>\n<td data-start=\"3235\" data-end=\"3259\" data-col-size=\"sm\">Oui, des deux c\u00f4t\u00e9s<\/td>\n<\/tr>\n<tr data-start=\"3260\" data-end=\"3310\">\n<td data-start=\"3260\" data-end=\"3273\" data-col-size=\"sm\">Application<\/td>\n<td data-start=\"3273\" data-end=\"3310\" data-col-size=\"sm\">Pompes doseuses \/ dosage de produits chimiques<\/td>\n<\/tr>\n<tr data-start=\"3311\" data-end=\"3353\">\n<td data-start=\"3311\" data-end=\"3327\" data-col-size=\"sm\">Convient pour<\/td>\n<td data-start=\"3327\" data-end=\"3353\" data-col-size=\"sm\">Pompes doseuses EMEC, entre autres<\/td>\n<\/tr>\n<\/tbody>\n<\/table>\n<\/div>\n<\/div>","protected":false},"excerpt":{"rendered":"<p data-start=\"557\" data-end=\"820\">Le pr\u00e9sent <strong data-start=\"562\" data-end=\"606\">porte-bidons avec bac de r\u00e9cup\u00e9ration int\u00e9gr\u00e9<\/strong> est con\u00e7u pour une installation s\u00fbre et pratique des pompes doseuses. Le support offre un espace pour <strong data-start=\"714\" data-end=\"740\">jerrycans jusqu'\u00e0 25 litres<\/strong> et dispose d'une plaque de montage robuste pour l'installation d'une pompe de dosage.<\/p>\n<p data-start=\"822\" data-end=\"1031\">Le support est fabriqu\u00e9 en <strong data-start=\"851\" data-end=\"867\">acier rev\u00eatu<\/strong> et \u00e9quip\u00e9 de <strong data-start=\"884\" data-end=\"911\">4 pieds r\u00e9glables<\/strong> pour un placement stable. Gr\u00e2ce \u00e0 la <strong data-start=\"948\" data-end=\"988\">poign\u00e9es lat\u00e9rales pratiques<\/strong> le support peut \u00eatre d\u00e9plac\u00e9 facilement.<\/p>\n<p data-start=\"1033\" data-end=\"1143\">Le bac d'\u00e9gouttage int\u00e9gr\u00e9 avec grille permet de contenir en toute s\u00e9curit\u00e9 les \u00e9ventuels d\u00e9bordements ou fuites.<\/p>","protected":false},"featured_media":8749,"template":"","meta":[],"product_brand":[],"product_cat":[48,27,80],"product_tag":[],"class_list":{"0":"post-8731","1":"product","2":"type-product","3":"status-publish","4":"has-post-thumbnail","6":"product_cat-doseerinstallaties","7":"product_cat-complete-oplossingen","8":"product_cat-doseerunits","10":"first","11":"instock","12":"taxable","13":"shipping-taxable","14":"purchasable","15":"product-type-simple"},"yoast_head":"<!-- This site is optimized with the Yoast SEO plugin v27.2 - https:\/\/yoast.com\/product\/yoast-seo-wordpress\/ -->\n<title>Jerrycan houder met lekbak voor doseerpomp \u2013 25L | Gecoat staal - Dosing Pump Shop B.V.<\/title>\n<meta name=\"robots\" content=\"index, follow, max-snippet:-1, max-image-preview:large, max-video-preview:-1\" \/>\n<link rel=\"canonical\" href=\"https:\/\/dosingpump.shop\/fr\/produit\/support-de-bidon-avec-bac-de-recuperation-pour-pompe-doseuse-25l-acier-revetu\/\" \/>\n<meta property=\"og:locale\" content=\"fr_FR\" \/>\n<meta property=\"og:type\" content=\"article\" \/>\n<meta property=\"og:title\" content=\"Jerrycan houder met lekbak voor doseerpomp \u2013 25L | Gecoat staal - Dosing Pump Shop B.V.\" \/>\n<meta property=\"og:description\" content=\"Deze jerrycan houder met ge\u00efntegreerde lekbak is ontworpen voor een veilige en overzichtelijke installatie van doseerpompen. De houder biedt ruimte voor jerrycans tot 25 liter en beschikt over een stevige montageplaat voor het monteren van een doseerpomp. De houder is vervaardigd uit gecoat staal en voorzien van 4 verstelbare stelpoten voor stabiele plaatsing. Dankzij de praktische handgrepen aan de zijkant kan de houder eenvoudig worden verplaatst. De ge\u00efntegreerde lekbak met rooster zorgt ervoor dat eventuele morsingen of lekkages veilig worden opgevangen.\" \/>\n<meta property=\"og:url\" content=\"https:\/\/dosingpump.shop\/fr\/produit\/support-de-bidon-avec-bac-de-recuperation-pour-pompe-doseuse-25l-acier-revetu\/\" \/>\n<meta property=\"og:site_name\" content=\"Dosing Pump Shop B.V.\" \/>\n<meta property=\"article:modified_time\" content=\"2026-03-14T20:45:37+00:00\" \/>\n<meta property=\"og:image\" content=\"https:\/\/dosingpump.shop\/wp-content\/uploads\/2026\/03\/Dosing-pump-Jerrcan-with-driptray.png\" \/>\n\t<meta property=\"og:image:width\" content=\"1200\" \/>\n\t<meta property=\"og:image:height\" content=\"1200\" \/>\n\t<meta property=\"og:image:type\" content=\"image\/png\" \/>\n<meta name=\"twitter:card\" content=\"summary_large_image\" \/>\n<meta name=\"twitter:label1\" content=\"Prix\" \/>\n\t<meta name=\"twitter:data1\" content=\"&euro;495,00\" \/>\n\t<meta name=\"twitter:label2\" content=\"Disponibilit\u00e9\" \/>\n\t<meta name=\"twitter:data2\" content=\"En stock\" \/>\n<script type=\"application\/ld+json\" class=\"yoast-schema-graph\">{\"@context\":\"https:\/\/schema.org\",\"@graph\":[{\"@type\":\"WebPage\",\"@id\":\"https:\/\/dosingpump.shop\/product\/jerrycan-houder-met-lekbak-voor-doseerpomp-25l-gecoat-staal\/\",\"url\":\"https:\/\/dosingpump.shop\/product\/jerrycan-houder-met-lekbak-voor-doseerpomp-25l-gecoat-staal\/\",\"name\":\"Jerrycan houder met lekbak voor doseerpomp \u2013 25L | Gecoat staal - Dosing Pump Shop B.V.\",\"isPartOf\":{\"@id\":\"https:\/\/dosingpump.shop\/de\/#website\"},\"primaryImageOfPage\":{\"@id\":\"https:\/\/dosingpump.shop\/product\/jerrycan-houder-met-lekbak-voor-doseerpomp-25l-gecoat-staal\/#primaryimage\"},\"image\":{\"@id\":\"https:\/\/dosingpump.shop\/product\/jerrycan-houder-met-lekbak-voor-doseerpomp-25l-gecoat-staal\/#primaryimage\"},\"thumbnailUrl\":\"https:\/\/dosingpump.shop\/wp-content\/uploads\/2026\/03\/Dosing-pump-Jerrcan-with-driptray.png\",\"datePublished\":\"2026-03-14T20:14:46+00:00\",\"dateModified\":\"2026-03-14T20:45:37+00:00\",\"breadcrumb\":{\"@id\":\"https:\/\/dosingpump.shop\/product\/jerrycan-houder-met-lekbak-voor-doseerpomp-25l-gecoat-staal\/#breadcrumb\"},\"inLanguage\":\"fr-FR\",\"potentialAction\":[{\"@type\":\"ReadAction\",\"target\":[\"https:\/\/dosingpump.shop\/product\/jerrycan-houder-met-lekbak-voor-doseerpomp-25l-gecoat-staal\/\"]}]},{\"@type\":\"ImageObject\",\"inLanguage\":\"fr-FR\",\"@id\":\"https:\/\/dosingpump.shop\/product\/jerrycan-houder-met-lekbak-voor-doseerpomp-25l-gecoat-staal\/#primaryimage\",\"url\":\"https:\/\/dosingpump.shop\/wp-content\/uploads\/2026\/03\/Dosing-pump-Jerrcan-with-driptray.png\",\"contentUrl\":\"https:\/\/dosingpump.shop\/wp-content\/uploads\/2026\/03\/Dosing-pump-Jerrcan-with-driptray.png\",\"width\":1200,\"height\":1200},{\"@type\":\"BreadcrumbList\",\"@id\":\"https:\/\/dosingpump.shop\/product\/jerrycan-houder-met-lekbak-voor-doseerpomp-25l-gecoat-staal\/#breadcrumb\",\"itemListElement\":[{\"@type\":\"ListItem\",\"position\":1,\"name\":\"Home\",\"item\":\"https:\/\/dosingpump.shop\/\"},{\"@type\":\"ListItem\",\"position\":2,\"name\":\"Shop\",\"item\":\"https:\/\/dosingpump.shop\/de\/shop\/\"},{\"@type\":\"ListItem\",\"position\":3,\"name\":\"Jerrycan houder met lekbak voor doseerpomp \u2013 25L | Gecoat staal\"}]},{\"@type\":\"WebSite\",\"@id\":\"https:\/\/dosingpump.shop\/de\/#website\",\"url\":\"https:\/\/dosingpump.shop\/de\/\",\"name\":\"Dosing Pump Shop B.V.\",\"description\":\"\",\"publisher\":{\"@id\":\"https:\/\/dosingpump.shop\/de\/#organization\"},\"potentialAction\":[{\"@type\":\"SearchAction\",\"target\":{\"@type\":\"EntryPoint\",\"urlTemplate\":\"https:\/\/dosingpump.shop\/de\/?s={search_term_string}\"},\"query-input\":{\"@type\":\"PropertyValueSpecification\",\"valueRequired\":true,\"valueName\":\"search_term_string\"}}],\"inLanguage\":\"fr-FR\"},{\"@type\":\"Organization\",\"@id\":\"https:\/\/dosingpump.shop\/de\/#organization\",\"name\":\"Dosing Pump Shop B.V.\",\"url\":\"https:\/\/dosingpump.shop\/de\/\",\"logo\":{\"@type\":\"ImageObject\",\"inLanguage\":\"fr-FR\",\"@id\":\"https:\/\/dosingpump.shop\/de\/#\/schema\/logo\/image\/\",\"url\":\"https:\/\/dosingpump.shop\/wp-content\/uploads\/2024\/10\/Dosing-Pump-Shop-logo.png\",\"contentUrl\":\"https:\/\/dosingpump.shop\/wp-content\/uploads\/2024\/10\/Dosing-Pump-Shop-logo.png\",\"width\":350,\"height\":45,\"caption\":\"Dosing Pump Shop B.V.\"},\"image\":{\"@id\":\"https:\/\/dosingpump.shop\/de\/#\/schema\/logo\/image\/\"},\"sameAs\":[\"https:\/\/linkedin.com\/company\/dosing-pump-shop\"]}]}<\/script>\n<meta property=\"product:price:amount\" content=\"495.00\" \/>\n<meta property=\"product:price:currency\" content=\"EUR\" \/>\n<meta property=\"og:availability\" content=\"instock\" \/>\n<meta property=\"product:availability\" content=\"instock\" \/>\n<meta property=\"product:condition\" content=\"new\" \/>\n<!-- \/ Yoast SEO plugin. -->","yoast_head_json":{"title":"Porte-jerrycans avec bac de r\u00e9cup\u00e9ration pour pompe doseuse - 25L | acier rev\u00eatu - Dosing Pump Shop B.V.","robots":{"index":"index","follow":"follow","max-snippet":"max-snippet:-1","max-image-preview":"max-image-preview:large","max-video-preview":"max-video-preview:-1"},"canonical":"https:\/\/dosingpump.shop\/fr\/produit\/support-de-bidon-avec-bac-de-recuperation-pour-pompe-doseuse-25l-acier-revetu\/","og_locale":"fr_FR","og_type":"article","og_title":"Jerrycan houder met lekbak voor doseerpomp \u2013 25L | Gecoat staal - Dosing Pump Shop B.V.","og_description":"Deze jerrycan houder met ge\u00efntegreerde lekbak is ontworpen voor een veilige en overzichtelijke installatie van doseerpompen. De houder biedt ruimte voor jerrycans tot 25 liter en beschikt over een stevige montageplaat voor het monteren van een doseerpomp. De houder is vervaardigd uit gecoat staal en voorzien van 4 verstelbare stelpoten voor stabiele plaatsing. Dankzij de praktische handgrepen aan de zijkant kan de houder eenvoudig worden verplaatst. De ge\u00efntegreerde lekbak met rooster zorgt ervoor dat eventuele morsingen of lekkages veilig worden opgevangen.","og_url":"https:\/\/dosingpump.shop\/fr\/produit\/support-de-bidon-avec-bac-de-recuperation-pour-pompe-doseuse-25l-acier-revetu\/","og_site_name":"Dosing Pump Shop B.V.","article_modified_time":"2026-03-14T20:45:37+00:00","og_image":[{"width":1200,"height":1200,"url":"https:\/\/dosingpump.shop\/wp-content\/uploads\/2026\/03\/Dosing-pump-Jerrcan-with-driptray.png","type":"image\/png"}],"twitter_card":"summary_large_image","twitter_misc":{"Prix":"&euro;495,00","Disponibilit\u00e9":"En stock"},"schema":{"@context":"https:\/\/schema.org","@graph":[{"@type":"WebPage","@id":"https:\/\/dosingpump.shop\/product\/jerrycan-houder-met-lekbak-voor-doseerpomp-25l-gecoat-staal\/","url":"https:\/\/dosingpump.shop\/product\/jerrycan-houder-met-lekbak-voor-doseerpomp-25l-gecoat-staal\/","name":"Porte-jerrycans avec bac de r\u00e9cup\u00e9ration pour pompe doseuse - 25L | acier rev\u00eatu - Dosing Pump Shop B.V.","isPartOf":{"@id":"https:\/\/dosingpump.shop\/de\/#website"},"primaryImageOfPage":{"@id":"https:\/\/dosingpump.shop\/product\/jerrycan-houder-met-lekbak-voor-doseerpomp-25l-gecoat-staal\/#primaryimage"},"image":{"@id":"https:\/\/dosingpump.shop\/product\/jerrycan-houder-met-lekbak-voor-doseerpomp-25l-gecoat-staal\/#primaryimage"},"thumbnailUrl":"https:\/\/dosingpump.shop\/wp-content\/uploads\/2026\/03\/Dosing-pump-Jerrcan-with-driptray.png","datePublished":"2026-03-14T20:14:46+00:00","dateModified":"2026-03-14T20:45:37+00:00","breadcrumb":{"@id":"https:\/\/dosingpump.shop\/product\/jerrycan-houder-met-lekbak-voor-doseerpomp-25l-gecoat-staal\/#breadcrumb"},"inLanguage":"fr-FR","potentialAction":[{"@type":"ReadAction","target":["https:\/\/dosingpump.shop\/product\/jerrycan-houder-met-lekbak-voor-doseerpomp-25l-gecoat-staal\/"]}]},{"@type":"ImageObject","inLanguage":"fr-FR","@id":"https:\/\/dosingpump.shop\/product\/jerrycan-houder-met-lekbak-voor-doseerpomp-25l-gecoat-staal\/#primaryimage","url":"https:\/\/dosingpump.shop\/wp-content\/uploads\/2026\/03\/Dosing-pump-Jerrcan-with-driptray.png","contentUrl":"https:\/\/dosingpump.shop\/wp-content\/uploads\/2026\/03\/Dosing-pump-Jerrcan-with-driptray.png","width":1200,"height":1200},{"@type":"BreadcrumbList","@id":"https:\/\/dosingpump.shop\/product\/jerrycan-houder-met-lekbak-voor-doseerpomp-25l-gecoat-staal\/#breadcrumb","itemListElement":[{"@type":"ListItem","position":1,"name":"Home","item":"https:\/\/dosingpump.shop\/"},{"@type":"ListItem","position":2,"name":"Shop","item":"https:\/\/dosingpump.shop\/de\/shop\/"},{"@type":"ListItem","position":3,"name":"Jerrycan houder met lekbak voor doseerpomp \u2013 25L | Gecoat staal"}]},{"@type":"WebSite","@id":"https:\/\/dosingpump.shop\/de\/#website","url":"https:\/\/dosingpump.shop\/de\/","name":"Dosing Pump Shop B.V.","description":"","publisher":{"@id":"https:\/\/dosingpump.shop\/de\/#organization"},"potentialAction":[{"@type":"SearchAction","target":{"@type":"EntryPoint","urlTemplate":"https:\/\/dosingpump.shop\/de\/?s={search_term_string}"},"query-input":{"@type":"PropertyValueSpecification","valueRequired":true,"valueName":"search_term_string"}}],"inLanguage":"fr-FR"},{"@type":"Organization","@id":"https:\/\/dosingpump.shop\/de\/#organization","name":"Dosing Pump Shop B.V.","url":"https:\/\/dosingpump.shop\/de\/","logo":{"@type":"ImageObject","inLanguage":"fr-FR","@id":"https:\/\/dosingpump.shop\/de\/#\/schema\/logo\/image\/","url":"https:\/\/dosingpump.shop\/wp-content\/uploads\/2024\/10\/Dosing-Pump-Shop-logo.png","contentUrl":"https:\/\/dosingpump.shop\/wp-content\/uploads\/2024\/10\/Dosing-Pump-Shop-logo.png","width":350,"height":45,"caption":"Dosing Pump Shop B.V."},"image":{"@id":"https:\/\/dosingpump.shop\/de\/#\/schema\/logo\/image\/"},"sameAs":["https:\/\/linkedin.com\/company\/dosing-pump-shop"]}]},"product_price_amount":"495.00","product_price_currency":"EUR","og_availability":"instock","product_availability":"instock","product_condition":"new"},"_links":{"self":[{"href":"https:\/\/dosingpump.shop\/fr\/wp-json\/wp\/v2\/product\/8731","targetHints":{"allow":["GET"]}}],"collection":[{"href":"https:\/\/dosingpump.shop\/fr\/wp-json\/wp\/v2\/product"}],"about":[{"href":"https:\/\/dosingpump.shop\/fr\/wp-json\/wp\/v2\/types\/product"}],"wp:featuredmedia":[{"embeddable":true,"href":"https:\/\/dosingpump.shop\/fr\/wp-json\/wp\/v2\/media\/8749"}],"wp:attachment":[{"href":"https:\/\/dosingpump.shop\/fr\/wp-json\/wp\/v2\/media?parent=8731"}],"wp:term":[{"taxonomy":"product_brand","embeddable":true,"href":"https:\/\/dosingpump.shop\/fr\/wp-json\/wp\/v2\/product_brand?post=8731"},{"taxonomy":"product_cat","embeddable":true,"href":"https:\/\/dosingpump.shop\/fr\/wp-json\/wp\/v2\/product_cat?post=8731"},{"taxonomy":"product_tag","embeddable":true,"href":"https:\/\/dosingpump.shop\/fr\/wp-json\/wp\/v2\/product_tag?post=8731"}],"curies":[{"name":"wp","href":"https:\/\/api.w.org\/{rel}","templated":true}]}}