{"id":4028,"date":"2024-12-05T12:21:45","date_gmt":"2024-12-05T12:21:45","guid":{"rendered":"https:\/\/dosingpump.shop\/product\/chloorpomp\/"},"modified":"2026-03-07T12:09:31","modified_gmt":"2026-03-07T11:09:31","slug":"pompa-per-cloro","status":"publish","type":"product","link":"https:\/\/dosingpump.shop\/it\/product\/chloorpomp\/","title":{"rendered":"Pompa dosatrice per cloro"},"content":{"rendered":"<h3>Alta qualit\u00e0 per un dosaggio sicuro del cloro<\/h3>\n<p>Questa pompa per cloro di alta qualit\u00e0 garantisce un dosaggio sicuro del cloro! Realizzata con materiali di alta qualit\u00e0, questa pompa \u00e8 adatta anche a concentrazioni di cloro pi\u00f9 elevate.<\/p>\n<h3>Controllo semplice<\/h3>\n<p>Il controllo di questa pompa \u00e8 semplice grazie alla possibilit\u00e0 di commutare la tensione di alimentazione tramite un computer da piscina. \u00c8 disponibile anche un modello con \"controllo proporzionale\".<\/p>\n<h3>Consigliato a concentrazioni di cloro superiori a 32,5%<\/h3>\n<p>A concentrazioni di cloro superiori a 32,5%, si raccomanda vivamente di utilizzare tubi in PVDF per ottenere prestazioni ottimali.<\/p>\n<h3>Avete bisogno di una pompa per cloro ad alta portata?<\/h3>\n<p>Se avete bisogno di una pompa per cloro ad alta portata, siete nel posto giusto. In questo caso, contattateci per maggiori informazioni!<\/p>\n<h3>Caratteristiche<\/h3>\n<ul>\n<li>Appositamente progettato per il montaggio a parete<\/li>\n<li>Frequenza di corsa regolabile<\/li>\n<li>Viene fornito con un kit completo, comprendente 2 metri di tubo di pressatura e aspirazione, 2 metri di tubo di sfiato (PE), nipplo di iniezione e filtro di aspirazione.<\/li>\n<\/ul>\n<h3>Emec VMS MF<\/h3>\n<ul>\n<li>Controllo proporzionale tramite 4-20 mA, 0-10V, ecc.<\/li>\n<li>Possibilmente in combinazione con un misuratore d'acqua per la soluzione in ppm o in percentuale.<\/li>\n<\/ul>","protected":false},"excerpt":{"rendered":"<ul>\n<li>Pompa per cloro per un dosaggio sicuro del cloro.<\/li>\n<li>1-13,5 litri all'ora e 1-18 bar, a seconda della versione.<\/li>\n<li>Modello: Emec VCO 07-06<\/li>\n<\/ul>\n<p>Avete bisogno di un'altra versione? Richiedete un preventivo!<\/p>","protected":false},"featured_media":3970,"template":"","meta":[],"product_brand":[],"product_cat":[83,17],"product_tag":[],"class_list":{"0":"post-4028","1":"product","2":"type-product","3":"status-publish","4":"has-post-thumbnail","6":"product_cat-doseerpomp-voor-specifieke-chemicalien","7":"product_cat-doseerpompen","9":"first","10":"instock","11":"taxable","12":"shipping-taxable","13":"purchasable","14":"product-type-simple"},"yoast_head":"<!-- This site is optimized with the Yoast SEO plugin v27.2 - https:\/\/yoast.com\/product\/yoast-seo-wordpress\/ -->\n<title>Chloorpomp | Nauwkeurige Chloordosering | Dosing Pump Shop B.V.<\/title>\n<meta name=\"description\" content=\"Emec Chloorpomp voor het veilig doseren van chloor. Deze chloorpomp is optioneel proportioneel aan te sturen via een zwembadcomputer. 5 jaar garantie!\" \/>\n<meta name=\"robots\" content=\"index, follow, max-snippet:-1, max-image-preview:large, max-video-preview:-1\" \/>\n<link rel=\"canonical\" href=\"https:\/\/dosingpump.shop\/it\/prodotto\/pompa-per-cloro\/\" \/>\n<meta property=\"og:locale\" content=\"it_IT\" \/>\n<meta property=\"og:type\" content=\"article\" \/>\n<meta property=\"og:title\" content=\"Chloorpomp | Nauwkeurige Chloordosering | Dosing Pump Shop B.V.\" \/>\n<meta property=\"og:description\" content=\"Emec Chloorpomp voor het veilig doseren van chloor. Deze chloorpomp is optioneel proportioneel aan te sturen via een zwembadcomputer. 5 jaar garantie!\" \/>\n<meta property=\"og:url\" content=\"https:\/\/dosingpump.shop\/it\/prodotto\/pompa-per-cloro\/\" \/>\n<meta property=\"og:site_name\" content=\"Dosing Pump Shop B.V.\" \/>\n<meta property=\"article:modified_time\" content=\"2026-03-07T11:09:31+00:00\" \/>\n<meta property=\"og:image\" content=\"https:\/\/dosingpump.shop\/wp-content\/uploads\/2024\/12\/doseerpomp-voor-waterstofperoxide.webp\" \/>\n\t<meta property=\"og:image:width\" content=\"500\" \/>\n\t<meta property=\"og:image:height\" content=\"500\" \/>\n\t<meta property=\"og:image:type\" content=\"image\/webp\" \/>\n<meta name=\"twitter:card\" content=\"summary_large_image\" \/>\n<meta name=\"twitter:label1\" content=\"Prezzo\" \/>\n\t<meta name=\"twitter:data1\" content=\"&euro;265,00\" \/>\n\t<meta name=\"twitter:label2\" content=\"Disponibilit\u00e0\" \/>\n\t<meta name=\"twitter:data2\" content=\"In stock\" \/>\n<script type=\"application\/ld+json\" class=\"yoast-schema-graph\">{\"@context\":\"https:\/\/schema.org\",\"@graph\":[{\"@type\":\"WebPage\",\"@id\":\"https:\/\/dosingpump.shop\/product\/chloorpomp\/\",\"url\":\"https:\/\/dosingpump.shop\/product\/chloorpomp\/\",\"name\":\"Chloorpomp | Nauwkeurige Chloordosering | Dosing Pump Shop B.V.\",\"isPartOf\":{\"@id\":\"https:\/\/dosingpump.shop\/de\/#website\"},\"primaryImageOfPage\":{\"@id\":\"https:\/\/dosingpump.shop\/product\/chloorpomp\/#primaryimage\"},\"image\":{\"@id\":\"https:\/\/dosingpump.shop\/product\/chloorpomp\/#primaryimage\"},\"thumbnailUrl\":\"https:\/\/dosingpump.shop\/wp-content\/uploads\/2024\/12\/doseerpomp-voor-waterstofperoxide.webp\",\"datePublished\":\"2024-12-05T12:21:45+00:00\",\"dateModified\":\"2026-03-07T11:09:31+00:00\",\"description\":\"Emec Chloorpomp voor het veilig doseren van chloor. Deze chloorpomp is optioneel proportioneel aan te sturen via een zwembadcomputer. 5 jaar garantie!\",\"breadcrumb\":{\"@id\":\"https:\/\/dosingpump.shop\/product\/chloorpomp\/#breadcrumb\"},\"inLanguage\":\"it-IT\",\"potentialAction\":[{\"@type\":\"ReadAction\",\"target\":[\"https:\/\/dosingpump.shop\/product\/chloorpomp\/\"]}]},{\"@type\":\"ImageObject\",\"inLanguage\":\"it-IT\",\"@id\":\"https:\/\/dosingpump.shop\/product\/chloorpomp\/#primaryimage\",\"url\":\"https:\/\/dosingpump.shop\/wp-content\/uploads\/2024\/12\/doseerpomp-voor-waterstofperoxide.webp\",\"contentUrl\":\"https:\/\/dosingpump.shop\/wp-content\/uploads\/2024\/12\/doseerpomp-voor-waterstofperoxide.webp\",\"width\":500,\"height\":500},{\"@type\":\"BreadcrumbList\",\"@id\":\"https:\/\/dosingpump.shop\/product\/chloorpomp\/#breadcrumb\",\"itemListElement\":[{\"@type\":\"ListItem\",\"position\":1,\"name\":\"Home\",\"item\":\"https:\/\/dosingpump.shop\/\"},{\"@type\":\"ListItem\",\"position\":2,\"name\":\"Shop\",\"item\":\"https:\/\/dosingpump.shop\/de\/shop\/\"},{\"@type\":\"ListItem\",\"position\":3,\"name\":\"Doseerpomp voor Chloor\"}]},{\"@type\":\"WebSite\",\"@id\":\"https:\/\/dosingpump.shop\/de\/#website\",\"url\":\"https:\/\/dosingpump.shop\/de\/\",\"name\":\"Dosing Pump Shop B.V.\",\"description\":\"\",\"publisher\":{\"@id\":\"https:\/\/dosingpump.shop\/de\/#organization\"},\"potentialAction\":[{\"@type\":\"SearchAction\",\"target\":{\"@type\":\"EntryPoint\",\"urlTemplate\":\"https:\/\/dosingpump.shop\/de\/?s={search_term_string}\"},\"query-input\":{\"@type\":\"PropertyValueSpecification\",\"valueRequired\":true,\"valueName\":\"search_term_string\"}}],\"inLanguage\":\"it-IT\"},{\"@type\":\"Organization\",\"@id\":\"https:\/\/dosingpump.shop\/de\/#organization\",\"name\":\"Dosing Pump Shop B.V.\",\"url\":\"https:\/\/dosingpump.shop\/de\/\",\"logo\":{\"@type\":\"ImageObject\",\"inLanguage\":\"it-IT\",\"@id\":\"https:\/\/dosingpump.shop\/de\/#\/schema\/logo\/image\/\",\"url\":\"https:\/\/dosingpump.shop\/wp-content\/uploads\/2024\/10\/Dosing-Pump-Shop-logo.png\",\"contentUrl\":\"https:\/\/dosingpump.shop\/wp-content\/uploads\/2024\/10\/Dosing-Pump-Shop-logo.png\",\"width\":350,\"height\":45,\"caption\":\"Dosing Pump Shop B.V.\"},\"image\":{\"@id\":\"https:\/\/dosingpump.shop\/de\/#\/schema\/logo\/image\/\"},\"sameAs\":[\"https:\/\/linkedin.com\/company\/dosing-pump-shop\"]}]}<\/script>\n<meta property=\"product:price:amount\" content=\"265.00\" \/>\n<meta property=\"product:price:currency\" content=\"EUR\" \/>\n<meta property=\"og:availability\" content=\"instock\" \/>\n<meta property=\"product:availability\" content=\"instock\" \/>\n<meta property=\"product:condition\" content=\"new\" \/>\n<!-- \/ Yoast SEO plugin. -->","yoast_head_json":{"title":"Pompa per cloro | Dosaggio accurato del cloro | Dosing Pump Shop B.V.","description":"Pompa per cloro Emec per un dosaggio sicuro del cloro. Questa pompa per cloro pu\u00f2 essere controllata in modo proporzionale tramite un computer da piscina. 5 anni di garanzia!","robots":{"index":"index","follow":"follow","max-snippet":"max-snippet:-1","max-image-preview":"max-image-preview:large","max-video-preview":"max-video-preview:-1"},"canonical":"https:\/\/dosingpump.shop\/it\/prodotto\/pompa-per-cloro\/","og_locale":"it_IT","og_type":"article","og_title":"Chloorpomp | Nauwkeurige Chloordosering | Dosing Pump Shop B.V.","og_description":"Emec Chloorpomp voor het veilig doseren van chloor. Deze chloorpomp is optioneel proportioneel aan te sturen via een zwembadcomputer. 5 jaar garantie!","og_url":"https:\/\/dosingpump.shop\/it\/prodotto\/pompa-per-cloro\/","og_site_name":"Dosing Pump Shop B.V.","article_modified_time":"2026-03-07T11:09:31+00:00","og_image":[{"width":500,"height":500,"url":"https:\/\/dosingpump.shop\/wp-content\/uploads\/2024\/12\/doseerpomp-voor-waterstofperoxide.webp","type":"image\/webp"}],"twitter_card":"summary_large_image","twitter_misc":{"Prezzo":"&euro;265,00","Disponibilit\u00e0":"In stock"},"schema":{"@context":"https:\/\/schema.org","@graph":[{"@type":"WebPage","@id":"https:\/\/dosingpump.shop\/product\/chloorpomp\/","url":"https:\/\/dosingpump.shop\/product\/chloorpomp\/","name":"Pompa per cloro | Dosaggio accurato del cloro | Dosing Pump Shop B.V.","isPartOf":{"@id":"https:\/\/dosingpump.shop\/de\/#website"},"primaryImageOfPage":{"@id":"https:\/\/dosingpump.shop\/product\/chloorpomp\/#primaryimage"},"image":{"@id":"https:\/\/dosingpump.shop\/product\/chloorpomp\/#primaryimage"},"thumbnailUrl":"https:\/\/dosingpump.shop\/wp-content\/uploads\/2024\/12\/doseerpomp-voor-waterstofperoxide.webp","datePublished":"2024-12-05T12:21:45+00:00","dateModified":"2026-03-07T11:09:31+00:00","description":"Pompa per cloro Emec per un dosaggio sicuro del cloro. Questa pompa per cloro pu\u00f2 essere controllata in modo proporzionale tramite un computer da piscina. 5 anni di garanzia!","breadcrumb":{"@id":"https:\/\/dosingpump.shop\/product\/chloorpomp\/#breadcrumb"},"inLanguage":"it-IT","potentialAction":[{"@type":"ReadAction","target":["https:\/\/dosingpump.shop\/product\/chloorpomp\/"]}]},{"@type":"ImageObject","inLanguage":"it-IT","@id":"https:\/\/dosingpump.shop\/product\/chloorpomp\/#primaryimage","url":"https:\/\/dosingpump.shop\/wp-content\/uploads\/2024\/12\/doseerpomp-voor-waterstofperoxide.webp","contentUrl":"https:\/\/dosingpump.shop\/wp-content\/uploads\/2024\/12\/doseerpomp-voor-waterstofperoxide.webp","width":500,"height":500},{"@type":"BreadcrumbList","@id":"https:\/\/dosingpump.shop\/product\/chloorpomp\/#breadcrumb","itemListElement":[{"@type":"ListItem","position":1,"name":"Home","item":"https:\/\/dosingpump.shop\/"},{"@type":"ListItem","position":2,"name":"Shop","item":"https:\/\/dosingpump.shop\/de\/shop\/"},{"@type":"ListItem","position":3,"name":"Doseerpomp voor Chloor"}]},{"@type":"WebSite","@id":"https:\/\/dosingpump.shop\/de\/#website","url":"https:\/\/dosingpump.shop\/de\/","name":"Dosing Pump Shop B.V.","description":"","publisher":{"@id":"https:\/\/dosingpump.shop\/de\/#organization"},"potentialAction":[{"@type":"SearchAction","target":{"@type":"EntryPoint","urlTemplate":"https:\/\/dosingpump.shop\/de\/?s={search_term_string}"},"query-input":{"@type":"PropertyValueSpecification","valueRequired":true,"valueName":"search_term_string"}}],"inLanguage":"it-IT"},{"@type":"Organization","@id":"https:\/\/dosingpump.shop\/de\/#organization","name":"Dosing Pump Shop B.V.","url":"https:\/\/dosingpump.shop\/de\/","logo":{"@type":"ImageObject","inLanguage":"it-IT","@id":"https:\/\/dosingpump.shop\/de\/#\/schema\/logo\/image\/","url":"https:\/\/dosingpump.shop\/wp-content\/uploads\/2024\/10\/Dosing-Pump-Shop-logo.png","contentUrl":"https:\/\/dosingpump.shop\/wp-content\/uploads\/2024\/10\/Dosing-Pump-Shop-logo.png","width":350,"height":45,"caption":"Dosing Pump Shop B.V."},"image":{"@id":"https:\/\/dosingpump.shop\/de\/#\/schema\/logo\/image\/"},"sameAs":["https:\/\/linkedin.com\/company\/dosing-pump-shop"]}]},"product_price_amount":"265.00","product_price_currency":"EUR","og_availability":"instock","product_availability":"instock","product_condition":"new"},"_links":{"self":[{"href":"https:\/\/dosingpump.shop\/it\/wp-json\/wp\/v2\/product\/4028","targetHints":{"allow":["GET"]}}],"collection":[{"href":"https:\/\/dosingpump.shop\/it\/wp-json\/wp\/v2\/product"}],"about":[{"href":"https:\/\/dosingpump.shop\/it\/wp-json\/wp\/v2\/types\/product"}],"wp:featuredmedia":[{"embeddable":true,"href":"https:\/\/dosingpump.shop\/it\/wp-json\/wp\/v2\/media\/3970"}],"wp:attachment":[{"href":"https:\/\/dosingpump.shop\/it\/wp-json\/wp\/v2\/media?parent=4028"}],"wp:term":[{"taxonomy":"product_brand","embeddable":true,"href":"https:\/\/dosingpump.shop\/it\/wp-json\/wp\/v2\/product_brand?post=4028"},{"taxonomy":"product_cat","embeddable":true,"href":"https:\/\/dosingpump.shop\/it\/wp-json\/wp\/v2\/product_cat?post=4028"},{"taxonomy":"product_tag","embeddable":true,"href":"https:\/\/dosingpump.shop\/it\/wp-json\/wp\/v2\/product_tag?post=4028"}],"curies":[{"name":"wp","href":"https:\/\/api.w.org\/{rel}","templated":true}]}}