{"id":4085,"date":"2024-12-05T12:21:53","date_gmt":"2024-12-05T12:21:53","guid":{"rendered":"https:\/\/dosingpump.shop\/?post_type=product&#038;p=4085"},"modified":"2026-02-27T14:49:18","modified_gmt":"2026-02-27T12:49:18","slug":"prisma-modbus-02-80-ppep-90-240vac","status":"publish","type":"product","link":"https:\/\/dosingpump.shop\/it\/product\/prisma-modbus-02-80-ppep-90-240vac\/","title":{"rendered":"PRISMA MODBUS 02-80 PP+EP 90-240VAC"},"content":{"rendered":"<h3>Pompa dosatrice Emec Prisma 05-80: la perfezione nella gestione precisa del dosaggio<\/h3>\n<p>Scoprire il <strong>Pompa dosatrice Emec Prisma<\/strong>dotata di un motore passo-passo per una precisione ineguagliabile nel dosaggio dei liquidi, anche i pi\u00f9 viscosi. Questa pompa dosatrice ad alte prestazioni \u00e8 configurata di serie per il controllo tramite segnale esterno (4-20mA | 0-10V | Impulso) e RS485. La 02-80 pu\u00f2 erogare 80 litri all'ora a una contropressione di 2 bar.<\/p>\n<h4>Caratteristiche uniche:<\/h4>\n<ul>\n<li><strong>Connettivit\u00e0:<\/strong> Opzionale con Bluetooth e controllo remoto tramite il server Emec Ermes, che consente di leggere e impostare la pompa da qualsiasi parte del mondo tramite il proprio cellulare.<\/li>\n<li><strong>Compatibilit\u00e0:<\/strong> Sono possibili sia connessioni MODBUS che RS485. L'RS485 \u00e8 addirittura standard.<\/li>\n<li><strong>Adattabilit\u00e0:<\/strong> Il software e il motore passo-passo consentono di personalizzare completamente l'Emec Prisma in base alle vostre esigenze di dosaggio. Sono disponibili pi\u00f9 programmi di dosaggio!<\/li>\n<li><strong>Massimo controllo:<\/strong> L'impressionante rapporto di turndown di 1:4800 garantisce il controllo pi\u00f9 preciso del processo di dosaggio.<\/li>\n<li><strong>Modalit\u00e0 lenta:<\/strong> Una caratteristica unica per dosare con precisione i liquidi ad alta viscosit\u00e0, riducendo la corsa della pompa a 25, 50 o 75% della capacit\u00e0 normale.<\/li>\n<\/ul>\n<h4>Versioni disponibili della pompa dosatrice Emec Prisma:<\/h4>\n<p>Da 20 bar - 1 l\/h a 02 bar - 80 l\/h, c'\u00e8 sempre una pompa dosatrice Emec Prisma che si adatta perfettamente alle vostre esigenze.Avete bisogno di aiuto per scegliere la versione giusta? Richiedete un preventivo e saremo pronti a consigliarvi!<\/p>","protected":false},"excerpt":{"rendered":"<p>Con la serie Emec PRISMA, avrete la migliore pompa di dosaggio della casa. Con il suo motore passo-passo, questa pompa a membrana \u00e8 la pompa di dosaggio pi\u00f9 innovativa finora. Richiedete subito questa pompa tuttofare se cercate precisione e affidabilit\u00e0.<\/p>\n<ul>\n<li>WIFI<\/li>\n<li>Bluetooth<\/li>\n<li>modbus<\/li>\n<li>RS485<\/li>\n<\/ul>","protected":false},"featured_media":4117,"template":"","meta":[],"product_brand":[],"product_cat":[78],"product_tag":[],"class_list":{"0":"post-4085","1":"product","2":"type-product","3":"status-publish","4":"has-post-thumbnail","6":"product_cat-emec-prisma","8":"first","9":"instock","10":"taxable","11":"shipping-taxable","12":"purchasable","13":"product-type-simple"},"yoast_head":"<!-- This site is optimized with the Yoast SEO plugin v27.2 - https:\/\/yoast.com\/product\/yoast-seo-wordpress\/ -->\n<title>PRISMA MODBUS 02-80 PP+EP 90-240VAC | Dosing Pump Shop B.V.<\/title>\n<meta name=\"robots\" content=\"index, follow, max-snippet:-1, max-image-preview:large, max-video-preview:-1\" \/>\n<link rel=\"canonical\" href=\"https:\/\/dosingpump.shop\/it\/prodotto\/prisma-modbus-02-80-ppep-90-240vac\/\" \/>\n<meta property=\"og:locale\" content=\"it_IT\" \/>\n<meta property=\"og:type\" content=\"article\" \/>\n<meta property=\"og:title\" content=\"PRISMA MODBUS 02-80 PP+EP 90-240VAC | Dosing Pump Shop B.V.\" \/>\n<meta property=\"og:description\" content=\"Met de Emec PRISMA serie haalt u de beste doseerpomp in huis. Deze membraanpomp is met zijn stappenmotor de meeste innovatieve doseerpomp tot nu toe. Vraag deze alleskunner direct aan als u gaat voor precisie en betrouwbaarheid.   WIFI  Bluetooth  modbus  RS485\" \/>\n<meta property=\"og:url\" content=\"https:\/\/dosingpump.shop\/it\/prodotto\/prisma-modbus-02-80-ppep-90-240vac\/\" \/>\n<meta property=\"og:site_name\" content=\"Dosing Pump Shop B.V.\" \/>\n<meta property=\"article:modified_time\" content=\"2026-02-27T12:49:18+00:00\" \/>\n<meta property=\"og:image\" content=\"https:\/\/dosingpump.shop\/wp-content\/uploads\/2024\/12\/Emec-Prisma-MODBUS-Doseerpomp.webp\" \/>\n\t<meta property=\"og:image:width\" content=\"500\" \/>\n\t<meta property=\"og:image:height\" content=\"500\" \/>\n\t<meta property=\"og:image:type\" content=\"image\/webp\" \/>\n<meta name=\"twitter:card\" content=\"summary_large_image\" \/>\n<meta name=\"twitter:label1\" content=\"Prezzo\" \/>\n\t<meta name=\"twitter:data1\" content=\"&euro;1.508,00\" \/>\n\t<meta name=\"twitter:label2\" content=\"Disponibilit\u00e0\" \/>\n\t<meta name=\"twitter:data2\" content=\"In stock\" \/>\n<script type=\"application\/ld+json\" class=\"yoast-schema-graph\">{\"@context\":\"https:\/\/schema.org\",\"@graph\":[{\"@type\":\"WebPage\",\"@id\":\"https:\/\/dosingpump.shop\/en\/product\/prisma-modbus-02-80-ppep-90-240vac\/\",\"url\":\"https:\/\/dosingpump.shop\/en\/product\/prisma-modbus-02-80-ppep-90-240vac\/\",\"name\":\"PRISMA MODBUS 02-80 PP+EP 90-240VAC | Dosing Pump Shop B.V.\",\"isPartOf\":{\"@id\":\"https:\/\/dosingpump.shop\/de\/#website\"},\"primaryImageOfPage\":{\"@id\":\"https:\/\/dosingpump.shop\/en\/product\/prisma-modbus-02-80-ppep-90-240vac\/#primaryimage\"},\"image\":{\"@id\":\"https:\/\/dosingpump.shop\/en\/product\/prisma-modbus-02-80-ppep-90-240vac\/#primaryimage\"},\"thumbnailUrl\":\"https:\/\/dosingpump.shop\/wp-content\/uploads\/2024\/12\/Emec-Prisma-MODBUS-Doseerpomp.webp\",\"datePublished\":\"2024-12-05T12:21:53+00:00\",\"dateModified\":\"2026-02-27T12:49:18+00:00\",\"breadcrumb\":{\"@id\":\"https:\/\/dosingpump.shop\/en\/product\/prisma-modbus-02-80-ppep-90-240vac\/#breadcrumb\"},\"inLanguage\":\"it-IT\",\"potentialAction\":[{\"@type\":\"ReadAction\",\"target\":[\"https:\/\/dosingpump.shop\/en\/product\/prisma-modbus-02-80-ppep-90-240vac\/\"]}]},{\"@type\":\"ImageObject\",\"inLanguage\":\"it-IT\",\"@id\":\"https:\/\/dosingpump.shop\/en\/product\/prisma-modbus-02-80-ppep-90-240vac\/#primaryimage\",\"url\":\"https:\/\/dosingpump.shop\/wp-content\/uploads\/2024\/12\/Emec-Prisma-MODBUS-Doseerpomp.webp\",\"contentUrl\":\"https:\/\/dosingpump.shop\/wp-content\/uploads\/2024\/12\/Emec-Prisma-MODBUS-Doseerpomp.webp\",\"width\":500,\"height\":500},{\"@type\":\"BreadcrumbList\",\"@id\":\"https:\/\/dosingpump.shop\/en\/product\/prisma-modbus-02-80-ppep-90-240vac\/#breadcrumb\",\"itemListElement\":[{\"@type\":\"ListItem\",\"position\":1,\"name\":\"Home\",\"item\":\"https:\/\/dosingpump.shop\/\"},{\"@type\":\"ListItem\",\"position\":2,\"name\":\"Shop\",\"item\":\"https:\/\/dosingpump.shop\/de\/shop\/\"},{\"@type\":\"ListItem\",\"position\":3,\"name\":\"PRISMA MODBUS 02-80 PP+EP 90-240VAC\"}]},{\"@type\":\"WebSite\",\"@id\":\"https:\/\/dosingpump.shop\/de\/#website\",\"url\":\"https:\/\/dosingpump.shop\/de\/\",\"name\":\"Dosing Pump Shop B.V.\",\"description\":\"\",\"publisher\":{\"@id\":\"https:\/\/dosingpump.shop\/de\/#organization\"},\"potentialAction\":[{\"@type\":\"SearchAction\",\"target\":{\"@type\":\"EntryPoint\",\"urlTemplate\":\"https:\/\/dosingpump.shop\/de\/?s={search_term_string}\"},\"query-input\":{\"@type\":\"PropertyValueSpecification\",\"valueRequired\":true,\"valueName\":\"search_term_string\"}}],\"inLanguage\":\"it-IT\"},{\"@type\":\"Organization\",\"@id\":\"https:\/\/dosingpump.shop\/de\/#organization\",\"name\":\"Dosing Pump Shop B.V.\",\"url\":\"https:\/\/dosingpump.shop\/de\/\",\"logo\":{\"@type\":\"ImageObject\",\"inLanguage\":\"it-IT\",\"@id\":\"https:\/\/dosingpump.shop\/de\/#\/schema\/logo\/image\/\",\"url\":\"https:\/\/dosingpump.shop\/wp-content\/uploads\/2024\/10\/Dosing-Pump-Shop-logo.png\",\"contentUrl\":\"https:\/\/dosingpump.shop\/wp-content\/uploads\/2024\/10\/Dosing-Pump-Shop-logo.png\",\"width\":350,\"height\":45,\"caption\":\"Dosing Pump Shop B.V.\"},\"image\":{\"@id\":\"https:\/\/dosingpump.shop\/de\/#\/schema\/logo\/image\/\"},\"sameAs\":[\"https:\/\/linkedin.com\/company\/dosing-pump-shop\"]}]}<\/script>\n<meta property=\"product:price:amount\" content=\"1508.00\" \/>\n<meta property=\"product:price:currency\" content=\"EUR\" \/>\n<meta property=\"og:availability\" content=\"instock\" \/>\n<meta property=\"product:availability\" content=\"instock\" \/>\n<meta property=\"product:retailer_item_id\" content=\"PRS02080D000KVBSA000\" \/>\n<meta property=\"product:condition\" content=\"new\" \/>\n<!-- \/ Yoast SEO plugin. -->","yoast_head_json":{"title":"PRISMA MODBUS 02-80 PP+EP 90-240VAC | Dosing Pump Shop B.V.","robots":{"index":"index","follow":"follow","max-snippet":"max-snippet:-1","max-image-preview":"max-image-preview:large","max-video-preview":"max-video-preview:-1"},"canonical":"https:\/\/dosingpump.shop\/it\/prodotto\/prisma-modbus-02-80-ppep-90-240vac\/","og_locale":"it_IT","og_type":"article","og_title":"PRISMA MODBUS 02-80 PP+EP 90-240VAC | Dosing Pump Shop B.V.","og_description":"Met de Emec PRISMA serie haalt u de beste doseerpomp in huis. Deze membraanpomp is met zijn stappenmotor de meeste innovatieve doseerpomp tot nu toe. Vraag deze alleskunner direct aan als u gaat voor precisie en betrouwbaarheid.   WIFI  Bluetooth  modbus  RS485","og_url":"https:\/\/dosingpump.shop\/it\/prodotto\/prisma-modbus-02-80-ppep-90-240vac\/","og_site_name":"Dosing Pump Shop B.V.","article_modified_time":"2026-02-27T12:49:18+00:00","og_image":[{"width":500,"height":500,"url":"https:\/\/dosingpump.shop\/wp-content\/uploads\/2024\/12\/Emec-Prisma-MODBUS-Doseerpomp.webp","type":"image\/webp"}],"twitter_card":"summary_large_image","twitter_misc":{"Prezzo":"&euro;1.508,00","Disponibilit\u00e0":"In stock"},"schema":{"@context":"https:\/\/schema.org","@graph":[{"@type":"WebPage","@id":"https:\/\/dosingpump.shop\/en\/product\/prisma-modbus-02-80-ppep-90-240vac\/","url":"https:\/\/dosingpump.shop\/en\/product\/prisma-modbus-02-80-ppep-90-240vac\/","name":"PRISMA MODBUS 02-80 PP+EP 90-240VAC | Dosing Pump Shop B.V.","isPartOf":{"@id":"https:\/\/dosingpump.shop\/de\/#website"},"primaryImageOfPage":{"@id":"https:\/\/dosingpump.shop\/en\/product\/prisma-modbus-02-80-ppep-90-240vac\/#primaryimage"},"image":{"@id":"https:\/\/dosingpump.shop\/en\/product\/prisma-modbus-02-80-ppep-90-240vac\/#primaryimage"},"thumbnailUrl":"https:\/\/dosingpump.shop\/wp-content\/uploads\/2024\/12\/Emec-Prisma-MODBUS-Doseerpomp.webp","datePublished":"2024-12-05T12:21:53+00:00","dateModified":"2026-02-27T12:49:18+00:00","breadcrumb":{"@id":"https:\/\/dosingpump.shop\/en\/product\/prisma-modbus-02-80-ppep-90-240vac\/#breadcrumb"},"inLanguage":"it-IT","potentialAction":[{"@type":"ReadAction","target":["https:\/\/dosingpump.shop\/en\/product\/prisma-modbus-02-80-ppep-90-240vac\/"]}]},{"@type":"ImageObject","inLanguage":"it-IT","@id":"https:\/\/dosingpump.shop\/en\/product\/prisma-modbus-02-80-ppep-90-240vac\/#primaryimage","url":"https:\/\/dosingpump.shop\/wp-content\/uploads\/2024\/12\/Emec-Prisma-MODBUS-Doseerpomp.webp","contentUrl":"https:\/\/dosingpump.shop\/wp-content\/uploads\/2024\/12\/Emec-Prisma-MODBUS-Doseerpomp.webp","width":500,"height":500},{"@type":"BreadcrumbList","@id":"https:\/\/dosingpump.shop\/en\/product\/prisma-modbus-02-80-ppep-90-240vac\/#breadcrumb","itemListElement":[{"@type":"ListItem","position":1,"name":"Home","item":"https:\/\/dosingpump.shop\/"},{"@type":"ListItem","position":2,"name":"Shop","item":"https:\/\/dosingpump.shop\/de\/shop\/"},{"@type":"ListItem","position":3,"name":"PRISMA MODBUS 02-80 PP+EP 90-240VAC"}]},{"@type":"WebSite","@id":"https:\/\/dosingpump.shop\/de\/#website","url":"https:\/\/dosingpump.shop\/de\/","name":"Dosing Pump Shop B.V.","description":"","publisher":{"@id":"https:\/\/dosingpump.shop\/de\/#organization"},"potentialAction":[{"@type":"SearchAction","target":{"@type":"EntryPoint","urlTemplate":"https:\/\/dosingpump.shop\/de\/?s={search_term_string}"},"query-input":{"@type":"PropertyValueSpecification","valueRequired":true,"valueName":"search_term_string"}}],"inLanguage":"it-IT"},{"@type":"Organization","@id":"https:\/\/dosingpump.shop\/de\/#organization","name":"Dosing Pump Shop B.V.","url":"https:\/\/dosingpump.shop\/de\/","logo":{"@type":"ImageObject","inLanguage":"it-IT","@id":"https:\/\/dosingpump.shop\/de\/#\/schema\/logo\/image\/","url":"https:\/\/dosingpump.shop\/wp-content\/uploads\/2024\/10\/Dosing-Pump-Shop-logo.png","contentUrl":"https:\/\/dosingpump.shop\/wp-content\/uploads\/2024\/10\/Dosing-Pump-Shop-logo.png","width":350,"height":45,"caption":"Dosing Pump Shop B.V."},"image":{"@id":"https:\/\/dosingpump.shop\/de\/#\/schema\/logo\/image\/"},"sameAs":["https:\/\/linkedin.com\/company\/dosing-pump-shop"]}]},"product_price_amount":"1508.00","product_price_currency":"EUR","og_availability":"instock","product_availability":"instock","product_retailer_item_id":"PRS02080D000KVBSA000","product_condition":"new"},"_links":{"self":[{"href":"https:\/\/dosingpump.shop\/it\/wp-json\/wp\/v2\/product\/4085","targetHints":{"allow":["GET"]}}],"collection":[{"href":"https:\/\/dosingpump.shop\/it\/wp-json\/wp\/v2\/product"}],"about":[{"href":"https:\/\/dosingpump.shop\/it\/wp-json\/wp\/v2\/types\/product"}],"wp:featuredmedia":[{"embeddable":true,"href":"https:\/\/dosingpump.shop\/it\/wp-json\/wp\/v2\/media\/4117"}],"wp:attachment":[{"href":"https:\/\/dosingpump.shop\/it\/wp-json\/wp\/v2\/media?parent=4085"}],"wp:term":[{"taxonomy":"product_brand","embeddable":true,"href":"https:\/\/dosingpump.shop\/it\/wp-json\/wp\/v2\/product_brand?post=4085"},{"taxonomy":"product_cat","embeddable":true,"href":"https:\/\/dosingpump.shop\/it\/wp-json\/wp\/v2\/product_cat?post=4085"},{"taxonomy":"product_tag","embeddable":true,"href":"https:\/\/dosingpump.shop\/it\/wp-json\/wp\/v2\/product_tag?post=4085"}],"curies":[{"name":"wp","href":"https:\/\/api.w.org\/{rel}","templated":true}]}}