{"id":4115,"date":"2024-12-05T14:21:56","date_gmt":"2024-12-05T12:21:56","guid":{"rendered":"https:\/\/dosingpump.shop\/product\/emec-wdphrhs-03-10-fp-doseerpomp\/"},"modified":"2026-02-27T14:49:19","modified_gmt":"2026-02-27T12:49:19","slug":"emec-wdphrhs-03-10-fp-pompa-dosatrice","status":"publish","type":"product","link":"https:\/\/dosingpump.shop\/it\/product\/emec-wdphrhs-03-10-fp-doseerpomp\/","title":{"rendered":"Emec WDPHRHS 03-10 FP Pompa di dosaggio"},"content":{"rendered":"<div class=\"bot-name gds-title-s ng-tns-c2975687916-27 ng-star-inserted\"><\/div>\n<div class=\"response-content ng-tns-c2975687916-27\">\n<div id=\"model-response-message-contentr_b37d3081ee6a214a\" class=\"markdown markdown-main-panel stronger enable-updated-hr-color\" dir=\"ltr\">\n<p>La pompa dosatrice Emec WDPHRHS 03-10 FP fa parte del sistema WDPHxx, una soluzione avanzata che integra un controller con pompe dosatrici proporzionali. Appositamente progettato per applicazioni specifiche, come quelle nel settore delle piscine, questo sistema offre un dosaggio professionale e affidabile dei prodotti chimici. La pompa \u00e8 dotata di uno schermo LCD di facile utilizzo e di una manopola encoder per facilitare la navigazione e l'impostazione dei parametri.<\/p>\n<p>La costruzione della pompa comprende un alloggiamento in PVDF di lunga durata e componenti idraulici di alta qualit\u00e0, che assicurano una lunga durata e resistenza agli agenti chimici aggressivi. Le funzionalit\u00e0 principali includono una modalit\u00e0 di standby, un ingresso di controllo del flusso e la possibilit\u00e0 di un avvio ritardato del dosaggio. Per un controllo ottimale, \u00e8 disponibile un'impostazione prioritaria per il dosaggio del pH e un menu di servizio che visualizza il valore istantaneo della sonda. La pompa dispone anche di un monitoraggio completo della sonda e di varie funzioni di allarme per una maggiore sicurezza e affidabilit\u00e0.<\/p>\n<p>Specifica per la serie WDPHRHS, questa pompa offre un dosaggio proporzionale di pH e Redox, fondamentale per mantenere una qualit\u00e0 dell'acqua adeguata. L'aggiunta di un'uscita Schuko rende l'installazione e l'utilizzo ancora pi\u00f9 semplici e versatili. Inoltre, la pompa \u00e8 dotata di un'uscita RS485 che consente la gestione remota via web con l'esclusivo sistema ERMES, che semplifica il monitoraggio a distanza e la regolazione del dosaggio.<\/p>\n<\/div>\n<\/div>","protected":false},"excerpt":{"rendered":"<ul>\n<li>Completo di valvola di iniezione, filtro di aspirazione e tubo flessibile.<\/li>\n<li>modalit\u00e0 standby<\/li>\n<li>Impostazione prioritaria per il dosaggio del pH disponibile<\/li>\n<li>Viso per piscine<\/li>\n<\/ul>","protected":false},"featured_media":5292,"template":"","meta":[],"product_brand":[],"product_cat":[17],"product_tag":[],"class_list":{"0":"post-4115","1":"product","2":"type-product","3":"status-publish","4":"has-post-thumbnail","6":"product_cat-doseerpompen","8":"first","9":"onbackorder","10":"taxable","11":"shipping-taxable","12":"purchasable","13":"product-type-simple"},"yoast_head":"<!-- This site is optimized with the Yoast SEO plugin v27.2 - https:\/\/yoast.com\/product\/yoast-seo-wordpress\/ -->\n<title>Emec WDPHRHS 03-10 FP Doseerpomp | Dosing Pump Shop B.V.<\/title>\n<meta name=\"description\" content=\"De Emec WDPHRHS is een ouder model uit de Emec WDPHXX serie. Capaciteit: 10 l\/uur. Druk: 3 bar. Laatste modellen. Aantrekkelijke korting.\" \/>\n<meta name=\"robots\" content=\"index, follow, max-snippet:-1, max-image-preview:large, max-video-preview:-1\" \/>\n<link rel=\"canonical\" href=\"https:\/\/dosingpump.shop\/it\/prodotto\/emec-wdphrhs-03-10-fp-pompa-dosatrice\/\" \/>\n<meta property=\"og:locale\" content=\"it_IT\" \/>\n<meta property=\"og:type\" content=\"article\" \/>\n<meta property=\"og:title\" content=\"Emec WDPHRHS 03-10 FP Doseerpomp | Dosing Pump Shop B.V.\" \/>\n<meta property=\"og:description\" content=\"De Emec WDPHRHS is een ouder model uit de Emec WDPHXX serie. Capaciteit: 10 l\/uur. Druk: 3 bar. Laatste modellen. Aantrekkelijke korting.\" \/>\n<meta property=\"og:url\" content=\"https:\/\/dosingpump.shop\/it\/prodotto\/emec-wdphrhs-03-10-fp-pompa-dosatrice\/\" \/>\n<meta property=\"og:site_name\" content=\"Dosing Pump Shop B.V.\" \/>\n<meta property=\"article:modified_time\" content=\"2026-02-27T12:49:19+00:00\" \/>\n<meta property=\"og:image\" content=\"https:\/\/dosingpump.shop\/wp-content\/uploads\/2024\/12\/Emec-WDPHXX-Series.webp\" \/>\n\t<meta property=\"og:image:width\" content=\"500\" \/>\n\t<meta property=\"og:image:height\" content=\"500\" \/>\n\t<meta property=\"og:image:type\" content=\"image\/webp\" \/>\n<meta name=\"twitter:card\" content=\"summary_large_image\" \/>\n<meta name=\"twitter:label1\" content=\"Prezzo\" \/>\n\t<meta name=\"twitter:data1\" content=\"&euro;946,00\" \/>\n\t<meta name=\"twitter:label2\" content=\"Disponibilit\u00e0\" \/>\n\t<meta name=\"twitter:data2\" content=\"Su ordinazione\" \/>\n<script type=\"application\/ld+json\" class=\"yoast-schema-graph\">{\"@context\":\"https:\/\/schema.org\",\"@graph\":[{\"@type\":\"WebPage\",\"@id\":\"https:\/\/dosingpump.shop\/nl\/product\/emec-wdphrhs-03-10-fp-doseerpomp\/\",\"url\":\"https:\/\/dosingpump.shop\/nl\/product\/emec-wdphrhs-03-10-fp-doseerpomp\/\",\"name\":\"Emec WDPHRHS 03-10 FP Doseerpomp | Dosing Pump Shop B.V.\",\"isPartOf\":{\"@id\":\"https:\/\/dosingpump.shop\/de\/#website\"},\"primaryImageOfPage\":{\"@id\":\"https:\/\/dosingpump.shop\/nl\/product\/emec-wdphrhs-03-10-fp-doseerpomp\/#primaryimage\"},\"image\":{\"@id\":\"https:\/\/dosingpump.shop\/nl\/product\/emec-wdphrhs-03-10-fp-doseerpomp\/#primaryimage\"},\"thumbnailUrl\":\"https:\/\/dosingpump.shop\/wp-content\/uploads\/2024\/12\/Emec-WDPHXX-Series.webp\",\"datePublished\":\"2024-12-05T12:21:56+00:00\",\"dateModified\":\"2026-02-27T12:49:19+00:00\",\"description\":\"De Emec WDPHRHS is een ouder model uit de Emec WDPHXX serie. Capaciteit: 10 l\/uur. Druk: 3 bar. Laatste modellen. Aantrekkelijke korting.\",\"breadcrumb\":{\"@id\":\"https:\/\/dosingpump.shop\/nl\/product\/emec-wdphrhs-03-10-fp-doseerpomp\/#breadcrumb\"},\"inLanguage\":\"it-IT\",\"potentialAction\":[{\"@type\":\"ReadAction\",\"target\":[\"https:\/\/dosingpump.shop\/nl\/product\/emec-wdphrhs-03-10-fp-doseerpomp\/\"]}]},{\"@type\":\"ImageObject\",\"inLanguage\":\"it-IT\",\"@id\":\"https:\/\/dosingpump.shop\/nl\/product\/emec-wdphrhs-03-10-fp-doseerpomp\/#primaryimage\",\"url\":\"https:\/\/dosingpump.shop\/wp-content\/uploads\/2024\/12\/Emec-WDPHXX-Series.webp\",\"contentUrl\":\"https:\/\/dosingpump.shop\/wp-content\/uploads\/2024\/12\/Emec-WDPHXX-Series.webp\",\"width\":500,\"height\":500},{\"@type\":\"BreadcrumbList\",\"@id\":\"https:\/\/dosingpump.shop\/nl\/product\/emec-wdphrhs-03-10-fp-doseerpomp\/#breadcrumb\",\"itemListElement\":[{\"@type\":\"ListItem\",\"position\":1,\"name\":\"Home\",\"item\":\"https:\/\/dosingpump.shop\/\"},{\"@type\":\"ListItem\",\"position\":2,\"name\":\"Shop\",\"item\":\"https:\/\/dosingpump.shop\/de\/shop\/\"},{\"@type\":\"ListItem\",\"position\":3,\"name\":\"Emec WDPHRHS 03-10 FP Doseerpomp\"}]},{\"@type\":\"WebSite\",\"@id\":\"https:\/\/dosingpump.shop\/de\/#website\",\"url\":\"https:\/\/dosingpump.shop\/de\/\",\"name\":\"Dosing Pump Shop B.V.\",\"description\":\"\",\"publisher\":{\"@id\":\"https:\/\/dosingpump.shop\/de\/#organization\"},\"potentialAction\":[{\"@type\":\"SearchAction\",\"target\":{\"@type\":\"EntryPoint\",\"urlTemplate\":\"https:\/\/dosingpump.shop\/de\/?s={search_term_string}\"},\"query-input\":{\"@type\":\"PropertyValueSpecification\",\"valueRequired\":true,\"valueName\":\"search_term_string\"}}],\"inLanguage\":\"it-IT\"},{\"@type\":\"Organization\",\"@id\":\"https:\/\/dosingpump.shop\/de\/#organization\",\"name\":\"Dosing Pump Shop B.V.\",\"url\":\"https:\/\/dosingpump.shop\/de\/\",\"logo\":{\"@type\":\"ImageObject\",\"inLanguage\":\"it-IT\",\"@id\":\"https:\/\/dosingpump.shop\/de\/#\/schema\/logo\/image\/\",\"url\":\"https:\/\/dosingpump.shop\/wp-content\/uploads\/2024\/10\/Dosing-Pump-Shop-logo.png\",\"contentUrl\":\"https:\/\/dosingpump.shop\/wp-content\/uploads\/2024\/10\/Dosing-Pump-Shop-logo.png\",\"width\":350,\"height\":45,\"caption\":\"Dosing Pump Shop B.V.\"},\"image\":{\"@id\":\"https:\/\/dosingpump.shop\/de\/#\/schema\/logo\/image\/\"},\"sameAs\":[\"https:\/\/linkedin.com\/company\/dosing-pump-shop\"]}]}<\/script>\n<meta property=\"product:price:amount\" content=\"946.00\" \/>\n<meta property=\"product:price:currency\" content=\"EUR\" \/>\n<meta property=\"og:availability\" content=\"backorder\" \/>\n<meta property=\"product:availability\" content=\"available for order\" \/>\n<meta property=\"product:condition\" content=\"new\" \/>\n<!-- \/ Yoast SEO plugin. -->","yoast_head_json":{"title":"Emec WDPHRHS 03-10 FP Pompa dosatrice | Dosing Pump Shop B.V.","description":"Emec WDPHRHS \u00e8 un modello precedente della serie Emec WDPHXX. Capacit\u00e0: 10 l\/ora. Pressione: 3 bar. Modelli pi\u00f9 recenti. Sconto interessante.","robots":{"index":"index","follow":"follow","max-snippet":"max-snippet:-1","max-image-preview":"max-image-preview:large","max-video-preview":"max-video-preview:-1"},"canonical":"https:\/\/dosingpump.shop\/it\/prodotto\/emec-wdphrhs-03-10-fp-pompa-dosatrice\/","og_locale":"it_IT","og_type":"article","og_title":"Emec WDPHRHS 03-10 FP Doseerpomp | Dosing Pump Shop B.V.","og_description":"De Emec WDPHRHS is een ouder model uit de Emec WDPHXX serie. Capaciteit: 10 l\/uur. Druk: 3 bar. Laatste modellen. Aantrekkelijke korting.","og_url":"https:\/\/dosingpump.shop\/it\/prodotto\/emec-wdphrhs-03-10-fp-pompa-dosatrice\/","og_site_name":"Dosing Pump Shop B.V.","article_modified_time":"2026-02-27T12:49:19+00:00","og_image":[{"width":500,"height":500,"url":"https:\/\/dosingpump.shop\/wp-content\/uploads\/2024\/12\/Emec-WDPHXX-Series.webp","type":"image\/webp"}],"twitter_card":"summary_large_image","twitter_misc":{"Prezzo":"&euro;946,00","Disponibilit\u00e0":"Su ordinazione"},"schema":{"@context":"https:\/\/schema.org","@graph":[{"@type":"WebPage","@id":"https:\/\/dosingpump.shop\/nl\/product\/emec-wdphrhs-03-10-fp-doseerpomp\/","url":"https:\/\/dosingpump.shop\/nl\/product\/emec-wdphrhs-03-10-fp-doseerpomp\/","name":"Emec WDPHRHS 03-10 FP Pompa dosatrice | Dosing Pump Shop B.V.","isPartOf":{"@id":"https:\/\/dosingpump.shop\/de\/#website"},"primaryImageOfPage":{"@id":"https:\/\/dosingpump.shop\/nl\/product\/emec-wdphrhs-03-10-fp-doseerpomp\/#primaryimage"},"image":{"@id":"https:\/\/dosingpump.shop\/nl\/product\/emec-wdphrhs-03-10-fp-doseerpomp\/#primaryimage"},"thumbnailUrl":"https:\/\/dosingpump.shop\/wp-content\/uploads\/2024\/12\/Emec-WDPHXX-Series.webp","datePublished":"2024-12-05T12:21:56+00:00","dateModified":"2026-02-27T12:49:19+00:00","description":"Emec WDPHRHS \u00e8 un modello precedente della serie Emec WDPHXX. Capacit\u00e0: 10 l\/ora. Pressione: 3 bar. Modelli pi\u00f9 recenti. Sconto interessante.","breadcrumb":{"@id":"https:\/\/dosingpump.shop\/nl\/product\/emec-wdphrhs-03-10-fp-doseerpomp\/#breadcrumb"},"inLanguage":"it-IT","potentialAction":[{"@type":"ReadAction","target":["https:\/\/dosingpump.shop\/nl\/product\/emec-wdphrhs-03-10-fp-doseerpomp\/"]}]},{"@type":"ImageObject","inLanguage":"it-IT","@id":"https:\/\/dosingpump.shop\/nl\/product\/emec-wdphrhs-03-10-fp-doseerpomp\/#primaryimage","url":"https:\/\/dosingpump.shop\/wp-content\/uploads\/2024\/12\/Emec-WDPHXX-Series.webp","contentUrl":"https:\/\/dosingpump.shop\/wp-content\/uploads\/2024\/12\/Emec-WDPHXX-Series.webp","width":500,"height":500},{"@type":"BreadcrumbList","@id":"https:\/\/dosingpump.shop\/nl\/product\/emec-wdphrhs-03-10-fp-doseerpomp\/#breadcrumb","itemListElement":[{"@type":"ListItem","position":1,"name":"Home","item":"https:\/\/dosingpump.shop\/"},{"@type":"ListItem","position":2,"name":"Shop","item":"https:\/\/dosingpump.shop\/de\/shop\/"},{"@type":"ListItem","position":3,"name":"Emec WDPHRHS 03-10 FP Doseerpomp"}]},{"@type":"WebSite","@id":"https:\/\/dosingpump.shop\/de\/#website","url":"https:\/\/dosingpump.shop\/de\/","name":"Dosing Pump Shop B.V.","description":"","publisher":{"@id":"https:\/\/dosingpump.shop\/de\/#organization"},"potentialAction":[{"@type":"SearchAction","target":{"@type":"EntryPoint","urlTemplate":"https:\/\/dosingpump.shop\/de\/?s={search_term_string}"},"query-input":{"@type":"PropertyValueSpecification","valueRequired":true,"valueName":"search_term_string"}}],"inLanguage":"it-IT"},{"@type":"Organization","@id":"https:\/\/dosingpump.shop\/de\/#organization","name":"Dosing Pump Shop B.V.","url":"https:\/\/dosingpump.shop\/de\/","logo":{"@type":"ImageObject","inLanguage":"it-IT","@id":"https:\/\/dosingpump.shop\/de\/#\/schema\/logo\/image\/","url":"https:\/\/dosingpump.shop\/wp-content\/uploads\/2024\/10\/Dosing-Pump-Shop-logo.png","contentUrl":"https:\/\/dosingpump.shop\/wp-content\/uploads\/2024\/10\/Dosing-Pump-Shop-logo.png","width":350,"height":45,"caption":"Dosing Pump Shop B.V."},"image":{"@id":"https:\/\/dosingpump.shop\/de\/#\/schema\/logo\/image\/"},"sameAs":["https:\/\/linkedin.com\/company\/dosing-pump-shop"]}]},"product_price_amount":"946.00","product_price_currency":"EUR","og_availability":"backorder","product_availability":"available for order","product_condition":"new"},"_links":{"self":[{"href":"https:\/\/dosingpump.shop\/it\/wp-json\/wp\/v2\/product\/4115","targetHints":{"allow":["GET"]}}],"collection":[{"href":"https:\/\/dosingpump.shop\/it\/wp-json\/wp\/v2\/product"}],"about":[{"href":"https:\/\/dosingpump.shop\/it\/wp-json\/wp\/v2\/types\/product"}],"wp:featuredmedia":[{"embeddable":true,"href":"https:\/\/dosingpump.shop\/it\/wp-json\/wp\/v2\/media\/5292"}],"wp:attachment":[{"href":"https:\/\/dosingpump.shop\/it\/wp-json\/wp\/v2\/media?parent=4115"}],"wp:term":[{"taxonomy":"product_brand","embeddable":true,"href":"https:\/\/dosingpump.shop\/it\/wp-json\/wp\/v2\/product_brand?post=4115"},{"taxonomy":"product_cat","embeddable":true,"href":"https:\/\/dosingpump.shop\/it\/wp-json\/wp\/v2\/product_cat?post=4115"},{"taxonomy":"product_tag","embeddable":true,"href":"https:\/\/dosingpump.shop\/it\/wp-json\/wp\/v2\/product_tag?post=4115"}],"curies":[{"name":"wp","href":"https:\/\/api.w.org\/{rel}","templated":true}]}}